{"id":3966,"date":"2021-06-08T14:47:43","date_gmt":"2021-06-08T12:47:43","guid":{"rendered":"https:\/\/pachia.eu\/stor-ljusslinga-10-led-lampor\/"},"modified":"2025-03-27T11:11:01","modified_gmt":"2025-03-27T10:11:01","slug":"stor-ljusslinga-10-led-lampor","status":"publish","type":"product","link":"https:\/\/pachia.eu\/sv\/stor-ljusslinga-10-led-lampor\/","title":{"rendered":"Stor ljusslinga 10 meter"},"content":{"rendered":"<p>Denna stora ljusslinga med 10 LED-lampor \u00e4r 10 meter l\u00e5ng och kan anv\u00e4ndas som den \u00e4r eller kombineras med v\u00e5ra rispapperslampor. Alla lampor i storlekarna 30-60cm \u00e4r l\u00e4mpliga f\u00f6r denna ljusslinga. Du kan \u00e4ven anv\u00e4nda ljusslingorna till de st\u00f6rre lamporna i storlekarna 76-90cm, men detta fungerar b\u00e4st om du varierar olika storlekar, d\u00e5 det annars kan se lite tungt ut.  <\/p>\n<p>Ljusslingan \u00e4r utformad s\u00e5 att den kan kopplas ihop med sig sj\u00e4lv. Det g\u00f6r att den enkelt kan f\u00f6rl\u00e4ngas och bli upp till 100 meter l\u00e5ng om du k\u00f6per flera ljusslingor. <\/p>\n<p><strong>Specifikationer:<\/strong><\/p>\n<ul>\n<li>10 LED E27 lampor<\/li>\n<li>10 meter l\u00e5ng &#8211; avst\u00e5nd mellan gl\u00f6dlampor: 1 m<\/li>\n<li>Kan anslutas till en l\u00e4ngre kedja (upp till 100 meter)<\/li>\n<\/ul>\n","protected":false},"excerpt":{"rendered":"<p>Denna stora ljusslinga med 10 LED-lampor \u00e4r 10 meter l\u00e5ng och kan anv\u00e4ndas som den \u00e4r eller kombineras med v\u00e5ra rispapperslampor. Alla lampor i storlekarna 30-60cm \u00e4r l\u00e4mpliga f\u00f6r denna ljusslinga. Du kan \u00e4ven anv\u00e4nda ljusslingorna till de st\u00f6rre lamporna i storlekarna 76-90cm, men detta fungerar b\u00e4st om du varierar olika storlekar, d\u00e5 det annars [&hellip;]<\/p>\n","protected":false},"featured_media":763,"template":"","meta":{"_lmt_disableupdate":"","_lmt_disable":""},"product_brand":[],"product_cat":[149,145,147,34],"product_tag":[],"mersalg-tag":[],"class_list":{"0":"post-3966","1":"product","2":"type-product","3":"status-publish","4":"has-post-thumbnail","6":"product_cat-festartiklar","7":"product_cat-led-ljus-ljusslingor","8":"product_cat-produkter-sv","9":"product_cat-rislampor","11":"first","12":"instock","13":"taxable","14":"shipping-taxable","15":"purchasable","16":"product-type-variable"},"yoast_head":"<!-- This site is optimized with the Yoast SEO plugin v27.3 - https:\/\/yoast.com\/product\/yoast-seo-wordpress\/ -->\n<title>Stor ljusslinga 10 meter | LED lampor | - Pachia<\/title>\n<meta name=\"robots\" content=\"index, follow, max-snippet:-1, max-image-preview:large, max-video-preview:-1\" \/>\n<link rel=\"canonical\" href=\"https:\/\/pachia.eu\/sv\/stor-ljusslinga-10-led-lampor\/\" \/>\n<meta property=\"og:locale\" content=\"sv_SE\" \/>\n<meta property=\"og:type\" content=\"article\" \/>\n<meta property=\"og:title\" content=\"Stor ljusslinga 10 meter | LED lampor | - Pachia\" \/>\n<meta property=\"og:description\" content=\"Denna stora ljusslinga med 10 LED-lampor \u00e4r 10 meter l\u00e5ng och kan anv\u00e4ndas som den \u00e4r eller kombineras med v\u00e5ra rispapperslampor. Alla lampor i storlekarna 30-60cm \u00e4r l\u00e4mpliga f\u00f6r denna ljusslinga. Du kan \u00e4ven anv\u00e4nda ljusslingorna till de st\u00f6rre lamporna i storlekarna 76-90cm, men detta fungerar b\u00e4st om du varierar olika storlekar, d\u00e5 det annars [&hellip;]\" \/>\n<meta property=\"og:url\" content=\"https:\/\/pachia.eu\/sv\/stor-ljusslinga-10-led-lampor\/\" \/>\n<meta property=\"og:site_name\" content=\"Pachia\" \/>\n<meta property=\"article:publisher\" content=\"https:\/\/www.facebook.com\/pachia.shop\" \/>\n<meta property=\"article:modified_time\" content=\"2025-03-27T10:11:01+00:00\" \/>\n<meta property=\"og:image\" content=\"https:\/\/pachia.eu\/wp-content\/uploads\/2021\/06\/stor-lyskaede-enkelt.jpg\" \/>\n\t<meta property=\"og:image:width\" content=\"847\" \/>\n\t<meta property=\"og:image:height\" content=\"903\" \/>\n\t<meta property=\"og:image:type\" content=\"image\/jpeg\" \/>\n<meta name=\"twitter:card\" content=\"summary_large_image\" \/>\n<meta name=\"twitter:label1\" content=\"Ber\u00e4knad l\u00e4stid\" \/>\n\t<meta name=\"twitter:data1\" content=\"1 minut\" \/>\n<script type=\"application\/ld+json\" class=\"yoast-schema-graph\">{\"@context\":\"https:\\\/\\\/schema.org\",\"@graph\":[{\"@type\":\"WebPage\",\"@id\":\"https:\\\/\\\/pachia.eu\\\/sv\\\/stor-ljusslinga-10-led-lampor\\\/\",\"url\":\"https:\\\/\\\/pachia.eu\\\/sv\\\/stor-ljusslinga-10-led-lampor\\\/\",\"name\":\"Stor ljusslinga 10 meter | LED lampor | - Pachia\",\"isPartOf\":{\"@id\":\"https:\\\/\\\/pachia.eu\\\/sv\\\/#website\"},\"primaryImageOfPage\":{\"@id\":\"https:\\\/\\\/pachia.eu\\\/sv\\\/stor-ljusslinga-10-led-lampor\\\/#primaryimage\"},\"image\":{\"@id\":\"https:\\\/\\\/pachia.eu\\\/sv\\\/stor-ljusslinga-10-led-lampor\\\/#primaryimage\"},\"thumbnailUrl\":\"https:\\\/\\\/pachia.eu\\\/wp-content\\\/uploads\\\/2021\\\/06\\\/stor-lyskaede-stemning-scaled.jpg\",\"datePublished\":\"2021-06-08T12:47:43+00:00\",\"dateModified\":\"2025-03-27T10:11:01+00:00\",\"breadcrumb\":{\"@id\":\"https:\\\/\\\/pachia.eu\\\/sv\\\/stor-ljusslinga-10-led-lampor\\\/#breadcrumb\"},\"inLanguage\":\"sv-SE\",\"potentialAction\":[{\"@type\":\"ReadAction\",\"target\":[\"https:\\\/\\\/pachia.eu\\\/sv\\\/stor-ljusslinga-10-led-lampor\\\/\"]}]},{\"@type\":\"ImageObject\",\"inLanguage\":\"sv-SE\",\"@id\":\"https:\\\/\\\/pachia.eu\\\/sv\\\/stor-ljusslinga-10-led-lampor\\\/#primaryimage\",\"url\":\"https:\\\/\\\/pachia.eu\\\/wp-content\\\/uploads\\\/2021\\\/06\\\/stor-lyskaede-stemning-scaled.jpg\",\"contentUrl\":\"https:\\\/\\\/pachia.eu\\\/wp-content\\\/uploads\\\/2021\\\/06\\\/stor-lyskaede-stemning-scaled.jpg\",\"width\":2386,\"height\":2560},{\"@type\":\"BreadcrumbList\",\"@id\":\"https:\\\/\\\/pachia.eu\\\/sv\\\/stor-ljusslinga-10-led-lampor\\\/#breadcrumb\",\"itemListElement\":[{\"@type\":\"ListItem\",\"position\":1,\"name\":\"Framsida\",\"item\":\"https:\\\/\\\/pachia.eu\\\/sv\\\/\"},{\"@type\":\"ListItem\",\"position\":2,\"name\":\"Butik\",\"item\":\"https:\\\/\\\/pachia.eu\\\/sv\\\/butik\\\/\"},{\"@type\":\"ListItem\",\"position\":3,\"name\":\"Stor ljusslinga 10 meter\"}]},{\"@type\":\"WebSite\",\"@id\":\"https:\\\/\\\/pachia.eu\\\/sv\\\/#website\",\"url\":\"https:\\\/\\\/pachia.eu\\\/sv\\\/\",\"name\":\"Pachia\",\"description\":\"\",\"publisher\":{\"@id\":\"https:\\\/\\\/pachia.eu\\\/sv\\\/#organization\"},\"potentialAction\":[{\"@type\":\"SearchAction\",\"target\":{\"@type\":\"EntryPoint\",\"urlTemplate\":\"https:\\\/\\\/pachia.eu\\\/sv\\\/?s={search_term_string}\"},\"query-input\":{\"@type\":\"PropertyValueSpecification\",\"valueRequired\":true,\"valueName\":\"search_term_string\"}}],\"inLanguage\":\"sv-SE\"},{\"@type\":\"Organization\",\"@id\":\"https:\\\/\\\/pachia.eu\\\/sv\\\/#organization\",\"name\":\"Pachia ApS\",\"url\":\"https:\\\/\\\/pachia.eu\\\/sv\\\/\",\"logo\":{\"@type\":\"ImageObject\",\"inLanguage\":\"sv-SE\",\"@id\":\"https:\\\/\\\/pachia.eu\\\/sv\\\/#\\\/schema\\\/logo\\\/image\\\/\",\"url\":\"https:\\\/\\\/jocaonline.dk\\\/wp-content\\\/uploads\\\/2020\\\/10\\\/decoration-logo-small.png\",\"contentUrl\":\"https:\\\/\\\/jocaonline.dk\\\/wp-content\\\/uploads\\\/2020\\\/10\\\/decoration-logo-small.png\",\"width\":301,\"height\":100,\"caption\":\"Pachia ApS\"},\"image\":{\"@id\":\"https:\\\/\\\/pachia.eu\\\/sv\\\/#\\\/schema\\\/logo\\\/image\\\/\"},\"sameAs\":[\"https:\\\/\\\/www.facebook.com\\\/pachia.shop\",\"https:\\\/\\\/www.instagram.com\\\/pachia.eu\"]}]}<\/script>\n<!-- \/ Yoast SEO plugin. -->","yoast_head_json":{"title":"Stor ljusslinga 10 meter | LED lampor | - Pachia","robots":{"index":"index","follow":"follow","max-snippet":"max-snippet:-1","max-image-preview":"max-image-preview:large","max-video-preview":"max-video-preview:-1"},"canonical":"https:\/\/pachia.eu\/sv\/stor-ljusslinga-10-led-lampor\/","og_locale":"sv_SE","og_type":"article","og_title":"Stor ljusslinga 10 meter | LED lampor | - Pachia","og_description":"Denna stora ljusslinga med 10 LED-lampor \u00e4r 10 meter l\u00e5ng och kan anv\u00e4ndas som den \u00e4r eller kombineras med v\u00e5ra rispapperslampor. Alla lampor i storlekarna 30-60cm \u00e4r l\u00e4mpliga f\u00f6r denna ljusslinga. Du kan \u00e4ven anv\u00e4nda ljusslingorna till de st\u00f6rre lamporna i storlekarna 76-90cm, men detta fungerar b\u00e4st om du varierar olika storlekar, d\u00e5 det annars [&hellip;]","og_url":"https:\/\/pachia.eu\/sv\/stor-ljusslinga-10-led-lampor\/","og_site_name":"Pachia","article_publisher":"https:\/\/www.facebook.com\/pachia.shop","article_modified_time":"2025-03-27T10:11:01+00:00","og_image":[{"width":847,"height":903,"url":"https:\/\/pachia.eu\/wp-content\/uploads\/2021\/06\/stor-lyskaede-enkelt.jpg","type":"image\/jpeg"}],"twitter_card":"summary_large_image","twitter_misc":{"Ber\u00e4knad l\u00e4stid":"1 minut"},"schema":{"@context":"https:\/\/schema.org","@graph":[{"@type":"WebPage","@id":"https:\/\/pachia.eu\/sv\/stor-ljusslinga-10-led-lampor\/","url":"https:\/\/pachia.eu\/sv\/stor-ljusslinga-10-led-lampor\/","name":"Stor ljusslinga 10 meter | LED lampor | - Pachia","isPartOf":{"@id":"https:\/\/pachia.eu\/sv\/#website"},"primaryImageOfPage":{"@id":"https:\/\/pachia.eu\/sv\/stor-ljusslinga-10-led-lampor\/#primaryimage"},"image":{"@id":"https:\/\/pachia.eu\/sv\/stor-ljusslinga-10-led-lampor\/#primaryimage"},"thumbnailUrl":"https:\/\/pachia.eu\/wp-content\/uploads\/2021\/06\/stor-lyskaede-stemning-scaled.jpg","datePublished":"2021-06-08T12:47:43+00:00","dateModified":"2025-03-27T10:11:01+00:00","breadcrumb":{"@id":"https:\/\/pachia.eu\/sv\/stor-ljusslinga-10-led-lampor\/#breadcrumb"},"inLanguage":"sv-SE","potentialAction":[{"@type":"ReadAction","target":["https:\/\/pachia.eu\/sv\/stor-ljusslinga-10-led-lampor\/"]}]},{"@type":"ImageObject","inLanguage":"sv-SE","@id":"https:\/\/pachia.eu\/sv\/stor-ljusslinga-10-led-lampor\/#primaryimage","url":"https:\/\/pachia.eu\/wp-content\/uploads\/2021\/06\/stor-lyskaede-stemning-scaled.jpg","contentUrl":"https:\/\/pachia.eu\/wp-content\/uploads\/2021\/06\/stor-lyskaede-stemning-scaled.jpg","width":2386,"height":2560},{"@type":"BreadcrumbList","@id":"https:\/\/pachia.eu\/sv\/stor-ljusslinga-10-led-lampor\/#breadcrumb","itemListElement":[{"@type":"ListItem","position":1,"name":"Framsida","item":"https:\/\/pachia.eu\/sv\/"},{"@type":"ListItem","position":2,"name":"Butik","item":"https:\/\/pachia.eu\/sv\/butik\/"},{"@type":"ListItem","position":3,"name":"Stor ljusslinga 10 meter"}]},{"@type":"WebSite","@id":"https:\/\/pachia.eu\/sv\/#website","url":"https:\/\/pachia.eu\/sv\/","name":"Pachia","description":"","publisher":{"@id":"https:\/\/pachia.eu\/sv\/#organization"},"potentialAction":[{"@type":"SearchAction","target":{"@type":"EntryPoint","urlTemplate":"https:\/\/pachia.eu\/sv\/?s={search_term_string}"},"query-input":{"@type":"PropertyValueSpecification","valueRequired":true,"valueName":"search_term_string"}}],"inLanguage":"sv-SE"},{"@type":"Organization","@id":"https:\/\/pachia.eu\/sv\/#organization","name":"Pachia ApS","url":"https:\/\/pachia.eu\/sv\/","logo":{"@type":"ImageObject","inLanguage":"sv-SE","@id":"https:\/\/pachia.eu\/sv\/#\/schema\/logo\/image\/","url":"https:\/\/jocaonline.dk\/wp-content\/uploads\/2020\/10\/decoration-logo-small.png","contentUrl":"https:\/\/jocaonline.dk\/wp-content\/uploads\/2020\/10\/decoration-logo-small.png","width":301,"height":100,"caption":"Pachia ApS"},"image":{"@id":"https:\/\/pachia.eu\/sv\/#\/schema\/logo\/image\/"},"sameAs":["https:\/\/www.facebook.com\/pachia.shop","https:\/\/www.instagram.com\/pachia.eu"]}]}},"_links":{"self":[{"href":"https:\/\/pachia.eu\/sv\/wp-json\/wp\/v2\/product\/3966","targetHints":{"allow":["GET"]}}],"collection":[{"href":"https:\/\/pachia.eu\/sv\/wp-json\/wp\/v2\/product"}],"about":[{"href":"https:\/\/pachia.eu\/sv\/wp-json\/wp\/v2\/types\/product"}],"version-history":[{"count":0,"href":"https:\/\/pachia.eu\/sv\/wp-json\/wp\/v2\/product\/3966\/revisions"}],"wp:featuredmedia":[{"embeddable":true,"href":"https:\/\/pachia.eu\/sv\/wp-json\/wp\/v2\/media\/763"}],"wp:attachment":[{"href":"https:\/\/pachia.eu\/sv\/wp-json\/wp\/v2\/media?parent=3966"}],"wp:term":[{"taxonomy":"product_brand","embeddable":true,"href":"https:\/\/pachia.eu\/sv\/wp-json\/wp\/v2\/product_brand?post=3966"},{"taxonomy":"product_cat","embeddable":true,"href":"https:\/\/pachia.eu\/sv\/wp-json\/wp\/v2\/product_cat?post=3966"},{"taxonomy":"product_tag","embeddable":true,"href":"https:\/\/pachia.eu\/sv\/wp-json\/wp\/v2\/product_tag?post=3966"},{"taxonomy":"mersalg-tag","embeddable":true,"href":"https:\/\/pachia.eu\/sv\/wp-json\/wp\/v2\/mersalg-tag?post=3966"}],"curies":[{"name":"wp","href":"https:\/\/api.w.org\/{rel}","templated":true}]}}