{"id":3956,"date":"2021-06-08T14:54:57","date_gmt":"2021-06-08T12:54:57","guid":{"rendered":"https:\/\/pachia.eu\/fjarrkontroll-led-lampa-batteridriven-3-dioder\/"},"modified":"2025-03-27T11:10:57","modified_gmt":"2025-03-27T10:10:57","slug":"fjarrkontroll-led-lampa-batteridriven-3-dioder","status":"publish","type":"product","link":"https:\/\/pachia.eu\/sv\/fjarrkontroll-led-lampa-batteridriven-3-dioder\/","title":{"rendered":"Fj\u00e4rrkontroll LED-lampa &#8211; 3 dioder"},"content":{"rendered":"<p><strong>OBS &#8211; Fj\u00e4rrkontroll ing\u00e5r ej<\/strong><\/p>\n<p>Denna smarta LED-lampa kan anv\u00e4ndas med en fj\u00e4rrkontroll, vilket g\u00f6r det superenkelt att t\u00e4nda och sl\u00e4cka lampan p\u00e5 avst\u00e5nd. LED-lampan kan till exempel anv\u00e4ndas med v\u00e5ra rislampor eller dragspelslyktor, d\u00e4r allt kan h\u00e4ngas upp i god tid innan evenemanget och sedan t\u00e4nda lamporna n\u00e4r g\u00e4sterna anl\u00e4nder. P\u00e5 s\u00e5 s\u00e4tt h\u00e5ller ljusen l\u00e4ngre och g\u00f6r det l\u00e4ttare att rensa upp i f\u00f6rv\u00e4g.  <\/p>\n<p>LED-lamporna \u00e4r vattent\u00e4ta och kan d\u00e4rf\u00f6r \u00e4ven anv\u00e4ndas till borrdekorationer eller liknande d\u00e4r du vill ha ljus i vattnet.<\/p>\n<p><strong>Specifikationer:<\/strong><\/p>\n<ul>\n<li>LED-lamporna har 3 dioder med varmt ljus som lyser i cirka 36 timmar. Lamporna blir svagare ju l\u00e4ngre de \u00e4r t\u00e4nda. <\/li>\n<li>Notera: Standbytiden \u00e4r cirka 48 timmar. Det inneb\u00e4r att lamporna drar en liten m\u00e4ngd str\u00f6m \u00e4ven om du har st\u00e4ngt av dem med fj\u00e4rrkontrollen. <\/li>\n<li>Kan anv\u00e4ndas med v\u00e5ra fj\u00e4rrkontroller<\/li>\n<li>En plastlist ing\u00e5r s\u00e5 att ljusen kan monteras i rispapperslamporna<\/li>\n<li>Fj\u00e4rrkontroll k\u00f6ps intill<\/li>\n<\/ul>\n","protected":false},"excerpt":{"rendered":"<p>OBS &#8211; Fj\u00e4rrkontroll ing\u00e5r ej Denna smarta LED-lampa kan anv\u00e4ndas med en fj\u00e4rrkontroll, vilket g\u00f6r det superenkelt att t\u00e4nda och sl\u00e4cka lampan p\u00e5 avst\u00e5nd. LED-lampan kan till exempel anv\u00e4ndas med v\u00e5ra rislampor eller dragspelslyktor, d\u00e4r allt kan h\u00e4ngas upp i god tid innan evenemanget och sedan t\u00e4nda lamporna n\u00e4r g\u00e4sterna anl\u00e4nder. P\u00e5 s\u00e5 s\u00e4tt h\u00e5ller [&hellip;]<\/p>\n","protected":false},"featured_media":788,"template":"","meta":{"_lmt_disableupdate":"","_lmt_disable":""},"product_brand":[],"product_cat":[149,145,147],"product_tag":[],"mersalg-tag":[118],"class_list":{"0":"post-3956","1":"product","2":"type-product","3":"status-publish","4":"has-post-thumbnail","6":"product_cat-festartiklar","7":"product_cat-led-ljus-ljusslingor","8":"product_cat-produkter-sv","9":"mersalg-tag-paere","11":"first","12":"instock","13":"taxable","14":"shipping-taxable","15":"purchasable","16":"product-type-simple"},"yoast_head":"<!-- This site is optimized with the Yoast SEO plugin v27.3 - https:\/\/yoast.com\/product\/yoast-seo-wordpress\/ -->\n<title>Fj\u00e4rrkontroll LED-lampa - 3 dioder | LED lampor | - Pachia<\/title>\n<meta name=\"robots\" content=\"index, follow, max-snippet:-1, max-image-preview:large, max-video-preview:-1\" \/>\n<link rel=\"canonical\" href=\"https:\/\/pachia.eu\/sv\/fjarrkontroll-led-lampa-batteridriven-3-dioder\/\" \/>\n<meta property=\"og:locale\" content=\"sv_SE\" \/>\n<meta property=\"og:type\" content=\"article\" \/>\n<meta property=\"og:title\" content=\"Fj\u00e4rrkontroll LED-lampa - 3 dioder | LED lampor | - Pachia\" \/>\n<meta property=\"og:description\" content=\"OBS &#8211; Fj\u00e4rrkontroll ing\u00e5r ej Denna smarta LED-lampa kan anv\u00e4ndas med en fj\u00e4rrkontroll, vilket g\u00f6r det superenkelt att t\u00e4nda och sl\u00e4cka lampan p\u00e5 avst\u00e5nd. LED-lampan kan till exempel anv\u00e4ndas med v\u00e5ra rislampor eller dragspelslyktor, d\u00e4r allt kan h\u00e4ngas upp i god tid innan evenemanget och sedan t\u00e4nda lamporna n\u00e4r g\u00e4sterna anl\u00e4nder. P\u00e5 s\u00e5 s\u00e4tt h\u00e5ller [&hellip;]\" \/>\n<meta property=\"og:url\" content=\"https:\/\/pachia.eu\/sv\/fjarrkontroll-led-lampa-batteridriven-3-dioder\/\" \/>\n<meta property=\"og:site_name\" content=\"Pachia\" \/>\n<meta property=\"article:publisher\" content=\"https:\/\/www.facebook.com\/pachia.shop\" \/>\n<meta property=\"article:modified_time\" content=\"2025-03-27T10:10:57+00:00\" \/>\n<meta property=\"og:image\" content=\"https:\/\/pachia.eu\/wp-content\/uploads\/2021\/06\/remote-3LED.png\" \/>\n\t<meta property=\"og:image:width\" content=\"1000\" \/>\n\t<meta property=\"og:image:height\" content=\"1000\" \/>\n\t<meta property=\"og:image:type\" content=\"image\/png\" \/>\n<meta name=\"twitter:card\" content=\"summary_large_image\" \/>\n<meta name=\"twitter:label1\" content=\"Ber\u00e4knad l\u00e4stid\" \/>\n\t<meta name=\"twitter:data1\" content=\"1 minut\" \/>\n<script type=\"application\/ld+json\" class=\"yoast-schema-graph\">{\"@context\":\"https:\\\/\\\/schema.org\",\"@graph\":[{\"@type\":\"WebPage\",\"@id\":\"https:\\\/\\\/pachia.eu\\\/sv\\\/fjarrkontroll-led-lampa-batteridriven-3-dioder\\\/\",\"url\":\"https:\\\/\\\/pachia.eu\\\/sv\\\/fjarrkontroll-led-lampa-batteridriven-3-dioder\\\/\",\"name\":\"Fj\u00e4rrkontroll LED-lampa - 3 dioder | LED lampor | - Pachia\",\"isPartOf\":{\"@id\":\"https:\\\/\\\/pachia.eu\\\/sv\\\/#website\"},\"primaryImageOfPage\":{\"@id\":\"https:\\\/\\\/pachia.eu\\\/sv\\\/fjarrkontroll-led-lampa-batteridriven-3-dioder\\\/#primaryimage\"},\"image\":{\"@id\":\"https:\\\/\\\/pachia.eu\\\/sv\\\/fjarrkontroll-led-lampa-batteridriven-3-dioder\\\/#primaryimage\"},\"thumbnailUrl\":\"https:\\\/\\\/pachia.eu\\\/wp-content\\\/uploads\\\/2021\\\/06\\\/remote-3LED.png\",\"datePublished\":\"2021-06-08T12:54:57+00:00\",\"dateModified\":\"2025-03-27T10:10:57+00:00\",\"breadcrumb\":{\"@id\":\"https:\\\/\\\/pachia.eu\\\/sv\\\/fjarrkontroll-led-lampa-batteridriven-3-dioder\\\/#breadcrumb\"},\"inLanguage\":\"sv-SE\",\"potentialAction\":[{\"@type\":\"ReadAction\",\"target\":[\"https:\\\/\\\/pachia.eu\\\/sv\\\/fjarrkontroll-led-lampa-batteridriven-3-dioder\\\/\"]}]},{\"@type\":\"ImageObject\",\"inLanguage\":\"sv-SE\",\"@id\":\"https:\\\/\\\/pachia.eu\\\/sv\\\/fjarrkontroll-led-lampa-batteridriven-3-dioder\\\/#primaryimage\",\"url\":\"https:\\\/\\\/pachia.eu\\\/wp-content\\\/uploads\\\/2021\\\/06\\\/remote-3LED.png\",\"contentUrl\":\"https:\\\/\\\/pachia.eu\\\/wp-content\\\/uploads\\\/2021\\\/06\\\/remote-3LED.png\",\"width\":1000,\"height\":1000},{\"@type\":\"BreadcrumbList\",\"@id\":\"https:\\\/\\\/pachia.eu\\\/sv\\\/fjarrkontroll-led-lampa-batteridriven-3-dioder\\\/#breadcrumb\",\"itemListElement\":[{\"@type\":\"ListItem\",\"position\":1,\"name\":\"Framsida\",\"item\":\"https:\\\/\\\/pachia.eu\\\/sv\\\/\"},{\"@type\":\"ListItem\",\"position\":2,\"name\":\"Butik\",\"item\":\"https:\\\/\\\/pachia.eu\\\/sv\\\/butik\\\/\"},{\"@type\":\"ListItem\",\"position\":3,\"name\":\"Fj\u00e4rrkontroll LED-lampa &#8211; 3 dioder\"}]},{\"@type\":\"WebSite\",\"@id\":\"https:\\\/\\\/pachia.eu\\\/sv\\\/#website\",\"url\":\"https:\\\/\\\/pachia.eu\\\/sv\\\/\",\"name\":\"Pachia\",\"description\":\"\",\"publisher\":{\"@id\":\"https:\\\/\\\/pachia.eu\\\/sv\\\/#organization\"},\"potentialAction\":[{\"@type\":\"SearchAction\",\"target\":{\"@type\":\"EntryPoint\",\"urlTemplate\":\"https:\\\/\\\/pachia.eu\\\/sv\\\/?s={search_term_string}\"},\"query-input\":{\"@type\":\"PropertyValueSpecification\",\"valueRequired\":true,\"valueName\":\"search_term_string\"}}],\"inLanguage\":\"sv-SE\"},{\"@type\":\"Organization\",\"@id\":\"https:\\\/\\\/pachia.eu\\\/sv\\\/#organization\",\"name\":\"Pachia ApS\",\"url\":\"https:\\\/\\\/pachia.eu\\\/sv\\\/\",\"logo\":{\"@type\":\"ImageObject\",\"inLanguage\":\"sv-SE\",\"@id\":\"https:\\\/\\\/pachia.eu\\\/sv\\\/#\\\/schema\\\/logo\\\/image\\\/\",\"url\":\"https:\\\/\\\/jocaonline.dk\\\/wp-content\\\/uploads\\\/2020\\\/10\\\/decoration-logo-small.png\",\"contentUrl\":\"https:\\\/\\\/jocaonline.dk\\\/wp-content\\\/uploads\\\/2020\\\/10\\\/decoration-logo-small.png\",\"width\":301,\"height\":100,\"caption\":\"Pachia ApS\"},\"image\":{\"@id\":\"https:\\\/\\\/pachia.eu\\\/sv\\\/#\\\/schema\\\/logo\\\/image\\\/\"},\"sameAs\":[\"https:\\\/\\\/www.facebook.com\\\/pachia.shop\",\"https:\\\/\\\/www.instagram.com\\\/pachia.eu\"]}]}<\/script>\n<!-- \/ Yoast SEO plugin. -->","yoast_head_json":{"title":"Fj\u00e4rrkontroll LED-lampa - 3 dioder | LED lampor | - Pachia","robots":{"index":"index","follow":"follow","max-snippet":"max-snippet:-1","max-image-preview":"max-image-preview:large","max-video-preview":"max-video-preview:-1"},"canonical":"https:\/\/pachia.eu\/sv\/fjarrkontroll-led-lampa-batteridriven-3-dioder\/","og_locale":"sv_SE","og_type":"article","og_title":"Fj\u00e4rrkontroll LED-lampa - 3 dioder | LED lampor | - Pachia","og_description":"OBS &#8211; Fj\u00e4rrkontroll ing\u00e5r ej Denna smarta LED-lampa kan anv\u00e4ndas med en fj\u00e4rrkontroll, vilket g\u00f6r det superenkelt att t\u00e4nda och sl\u00e4cka lampan p\u00e5 avst\u00e5nd. LED-lampan kan till exempel anv\u00e4ndas med v\u00e5ra rislampor eller dragspelslyktor, d\u00e4r allt kan h\u00e4ngas upp i god tid innan evenemanget och sedan t\u00e4nda lamporna n\u00e4r g\u00e4sterna anl\u00e4nder. P\u00e5 s\u00e5 s\u00e4tt h\u00e5ller [&hellip;]","og_url":"https:\/\/pachia.eu\/sv\/fjarrkontroll-led-lampa-batteridriven-3-dioder\/","og_site_name":"Pachia","article_publisher":"https:\/\/www.facebook.com\/pachia.shop","article_modified_time":"2025-03-27T10:10:57+00:00","og_image":[{"width":1000,"height":1000,"url":"https:\/\/pachia.eu\/wp-content\/uploads\/2021\/06\/remote-3LED.png","type":"image\/png"}],"twitter_card":"summary_large_image","twitter_misc":{"Ber\u00e4knad l\u00e4stid":"1 minut"},"schema":{"@context":"https:\/\/schema.org","@graph":[{"@type":"WebPage","@id":"https:\/\/pachia.eu\/sv\/fjarrkontroll-led-lampa-batteridriven-3-dioder\/","url":"https:\/\/pachia.eu\/sv\/fjarrkontroll-led-lampa-batteridriven-3-dioder\/","name":"Fj\u00e4rrkontroll LED-lampa - 3 dioder | LED lampor | - Pachia","isPartOf":{"@id":"https:\/\/pachia.eu\/sv\/#website"},"primaryImageOfPage":{"@id":"https:\/\/pachia.eu\/sv\/fjarrkontroll-led-lampa-batteridriven-3-dioder\/#primaryimage"},"image":{"@id":"https:\/\/pachia.eu\/sv\/fjarrkontroll-led-lampa-batteridriven-3-dioder\/#primaryimage"},"thumbnailUrl":"https:\/\/pachia.eu\/wp-content\/uploads\/2021\/06\/remote-3LED.png","datePublished":"2021-06-08T12:54:57+00:00","dateModified":"2025-03-27T10:10:57+00:00","breadcrumb":{"@id":"https:\/\/pachia.eu\/sv\/fjarrkontroll-led-lampa-batteridriven-3-dioder\/#breadcrumb"},"inLanguage":"sv-SE","potentialAction":[{"@type":"ReadAction","target":["https:\/\/pachia.eu\/sv\/fjarrkontroll-led-lampa-batteridriven-3-dioder\/"]}]},{"@type":"ImageObject","inLanguage":"sv-SE","@id":"https:\/\/pachia.eu\/sv\/fjarrkontroll-led-lampa-batteridriven-3-dioder\/#primaryimage","url":"https:\/\/pachia.eu\/wp-content\/uploads\/2021\/06\/remote-3LED.png","contentUrl":"https:\/\/pachia.eu\/wp-content\/uploads\/2021\/06\/remote-3LED.png","width":1000,"height":1000},{"@type":"BreadcrumbList","@id":"https:\/\/pachia.eu\/sv\/fjarrkontroll-led-lampa-batteridriven-3-dioder\/#breadcrumb","itemListElement":[{"@type":"ListItem","position":1,"name":"Framsida","item":"https:\/\/pachia.eu\/sv\/"},{"@type":"ListItem","position":2,"name":"Butik","item":"https:\/\/pachia.eu\/sv\/butik\/"},{"@type":"ListItem","position":3,"name":"Fj\u00e4rrkontroll LED-lampa &#8211; 3 dioder"}]},{"@type":"WebSite","@id":"https:\/\/pachia.eu\/sv\/#website","url":"https:\/\/pachia.eu\/sv\/","name":"Pachia","description":"","publisher":{"@id":"https:\/\/pachia.eu\/sv\/#organization"},"potentialAction":[{"@type":"SearchAction","target":{"@type":"EntryPoint","urlTemplate":"https:\/\/pachia.eu\/sv\/?s={search_term_string}"},"query-input":{"@type":"PropertyValueSpecification","valueRequired":true,"valueName":"search_term_string"}}],"inLanguage":"sv-SE"},{"@type":"Organization","@id":"https:\/\/pachia.eu\/sv\/#organization","name":"Pachia ApS","url":"https:\/\/pachia.eu\/sv\/","logo":{"@type":"ImageObject","inLanguage":"sv-SE","@id":"https:\/\/pachia.eu\/sv\/#\/schema\/logo\/image\/","url":"https:\/\/jocaonline.dk\/wp-content\/uploads\/2020\/10\/decoration-logo-small.png","contentUrl":"https:\/\/jocaonline.dk\/wp-content\/uploads\/2020\/10\/decoration-logo-small.png","width":301,"height":100,"caption":"Pachia ApS"},"image":{"@id":"https:\/\/pachia.eu\/sv\/#\/schema\/logo\/image\/"},"sameAs":["https:\/\/www.facebook.com\/pachia.shop","https:\/\/www.instagram.com\/pachia.eu"]}]}},"_links":{"self":[{"href":"https:\/\/pachia.eu\/sv\/wp-json\/wp\/v2\/product\/3956","targetHints":{"allow":["GET"]}}],"collection":[{"href":"https:\/\/pachia.eu\/sv\/wp-json\/wp\/v2\/product"}],"about":[{"href":"https:\/\/pachia.eu\/sv\/wp-json\/wp\/v2\/types\/product"}],"version-history":[{"count":0,"href":"https:\/\/pachia.eu\/sv\/wp-json\/wp\/v2\/product\/3956\/revisions"}],"wp:featuredmedia":[{"embeddable":true,"href":"https:\/\/pachia.eu\/sv\/wp-json\/wp\/v2\/media\/788"}],"wp:attachment":[{"href":"https:\/\/pachia.eu\/sv\/wp-json\/wp\/v2\/media?parent=3956"}],"wp:term":[{"taxonomy":"product_brand","embeddable":true,"href":"https:\/\/pachia.eu\/sv\/wp-json\/wp\/v2\/product_brand?post=3956"},{"taxonomy":"product_cat","embeddable":true,"href":"https:\/\/pachia.eu\/sv\/wp-json\/wp\/v2\/product_cat?post=3956"},{"taxonomy":"product_tag","embeddable":true,"href":"https:\/\/pachia.eu\/sv\/wp-json\/wp\/v2\/product_tag?post=3956"},{"taxonomy":"mersalg-tag","embeddable":true,"href":"https:\/\/pachia.eu\/sv\/wp-json\/wp\/v2\/mersalg-tag?post=3956"}],"curies":[{"name":"wp","href":"https:\/\/api.w.org\/{rel}","templated":true}]}}