{"id":3320,"date":"2021-06-07T15:43:06","date_gmt":"2021-06-07T13:43:06","guid":{"rendered":"https:\/\/pachia.eu\/turkos-lamphallare-med-sladd\/"},"modified":"2025-06-16T16:03:28","modified_gmt":"2025-06-16T14:03:28","slug":"turkos-lamphallare-med-sladd","status":"publish","type":"product","link":"https:\/\/pachia.eu\/sv\/turkos-lamphallare-med-sladd\/","title":{"rendered":"Turkos lamph\u00e5llare med sladd"},"content":{"rendered":"<p>V\u00e5r lamph\u00e5llare med sladd \u00e4r det perfekta valet n\u00e4r du vill ha en funktionell och stilren l\u00f6sning som passar b\u00e5de v\u00e5ra rispapperslampor och m\u00e5nga andra lampor. Setet inkluderar en E27-sockel med ett silikonskydd som ger dina lampor ett modernt och minimalistiskt utseende. <\/p>\n<p><strong>Paketet inneh\u00e5ller:<\/strong><\/p>\n<ul>\n<li><strong>E27-sockel med silikonh\u00e4tta<\/strong> \u2013 Passar de flesta standard E27-lampor och ger ett elegant uttryck.<\/li>\n<li><strong>Silikonbaldakin<\/strong> \u2013 Enkel att montera och skapar ett rent, stilfullt utseende i ditt hem.<\/li>\n<li><strong>Sladd i textil<\/strong> &#8211; 2 meter<\/li>\n<li><strong>Gl\u00f6dlampa ing\u00e5r ej<\/strong> \u2013 Setet levereras utan gl\u00f6dlampa s\u00e5 att du kan v\u00e4lja den som b\u00e4st passar dina behov och din stil.<\/li>\n<\/ul>\n<p>Denna lamph\u00e5llaren \u00e4r perfekt f\u00f6r b\u00e5de h\u00e4nglampor, bordslampor och taklampor och kan enkelt anpassas. Designen \u00e4r b\u00e5de funktionell och estetisk, och den flexibla sladden g\u00f6r det m\u00f6jligt att justera l\u00e4ngden beroende p\u00e5 rummet. Ge ditt hem en modern touch med v\u00e5rt lampset och skapa den perfekta belysningen f\u00f6r ditt utrymme.  <\/p>\n","protected":false},"excerpt":{"rendered":"<p>V\u00e5r lamph\u00e5llare med sladd \u00e4r det perfekta valet n\u00e4r du vill ha en funktionell och stilren l\u00f6sning som passar b\u00e5de v\u00e5ra rispapperslampor och m\u00e5nga andra lampor. Setet inkluderar en E27-sockel med ett silikonskydd som ger dina lampor ett modernt och minimalistiskt utseende. Paketet inneh\u00e5ller: E27-sockel med silikonh\u00e4tta \u2013 Passar de flesta standard E27-lampor och ger [&hellip;]<\/p>\n","protected":false},"featured_media":463,"template":"","meta":{"_lmt_disableupdate":"","_lmt_disable":""},"product_brand":[],"product_cat":[146,147],"product_tag":[],"mersalg-tag":[117],"class_list":{"0":"post-3320","1":"product","2":"type-product","3":"status-publish","4":"has-post-thumbnail","6":"product_cat-lamphallare-sladdar","7":"product_cat-produkter-sv","8":"mersalg-tag-fatning","10":"first","11":"instock","12":"taxable","13":"shipping-taxable","14":"purchasable","15":"product-type-simple"},"yoast_head":"<!-- This site is optimized with the Yoast SEO plugin v26.2 - https:\/\/yoast.com\/wordpress\/plugins\/seo\/ -->\n<title>Turkos lamph\u00e5llare med sladd | Lamph\u00e5llare &amp; sladdar | - Pachia<\/title>\n<meta name=\"robots\" content=\"index, follow, max-snippet:-1, max-image-preview:large, max-video-preview:-1\" \/>\n<link rel=\"canonical\" href=\"https:\/\/pachia.eu\/sv\/turkos-lamphallare-med-sladd\/\" \/>\n<meta property=\"og:locale\" content=\"sv_SE\" \/>\n<meta property=\"og:type\" content=\"article\" \/>\n<meta property=\"og:title\" content=\"Turkos lamph\u00e5llare med sladd | Lamph\u00e5llare &amp; sladdar | - Pachia\" \/>\n<meta property=\"og:description\" content=\"V\u00e5r lamph\u00e5llare med sladd \u00e4r det perfekta valet n\u00e4r du vill ha en funktionell och stilren l\u00f6sning som passar b\u00e5de v\u00e5ra rispapperslampor och m\u00e5nga andra lampor. Setet inkluderar en E27-sockel med ett silikonskydd som ger dina lampor ett modernt och minimalistiskt utseende. Paketet inneh\u00e5ller: E27-sockel med silikonh\u00e4tta \u2013 Passar de flesta standard E27-lampor och ger [&hellip;]\" \/>\n<meta property=\"og:url\" content=\"https:\/\/pachia.eu\/sv\/turkos-lamphallare-med-sladd\/\" \/>\n<meta property=\"og:site_name\" content=\"Pachia\" \/>\n<meta property=\"article:publisher\" content=\"https:\/\/www.facebook.com\/pachia.shop\" \/>\n<meta property=\"article:modified_time\" content=\"2025-06-16T14:03:28+00:00\" \/>\n<meta property=\"og:image\" content=\"https:\/\/pachia.eu\/wp-content\/uploads\/2021\/06\/turkis-fatning-ledning.png\" \/>\n\t<meta property=\"og:image:width\" content=\"2000\" \/>\n\t<meta property=\"og:image:height\" content=\"2000\" \/>\n\t<meta property=\"og:image:type\" content=\"image\/png\" \/>\n<meta name=\"twitter:card\" content=\"summary_large_image\" \/>\n<meta name=\"twitter:label1\" content=\"Ber\u00e4knad l\u00e4stid\" \/>\n\t<meta name=\"twitter:data1\" content=\"1 minut\" \/>\n<script type=\"application\/ld+json\" class=\"yoast-schema-graph\">{\"@context\":\"https:\/\/schema.org\",\"@graph\":[{\"@type\":\"WebPage\",\"@id\":\"https:\/\/pachia.eu\/sv\/turkos-lamphallare-med-sladd\/\",\"url\":\"https:\/\/pachia.eu\/sv\/turkos-lamphallare-med-sladd\/\",\"name\":\"Turkos lamph\u00e5llare med sladd | Lamph\u00e5llare &amp; sladdar | - Pachia\",\"isPartOf\":{\"@id\":\"https:\/\/pachia.eu\/sv\/#website\"},\"primaryImageOfPage\":{\"@id\":\"https:\/\/pachia.eu\/sv\/turkos-lamphallare-med-sladd\/#primaryimage\"},\"image\":{\"@id\":\"https:\/\/pachia.eu\/sv\/turkos-lamphallare-med-sladd\/#primaryimage\"},\"thumbnailUrl\":\"https:\/\/pachia.eu\/wp-content\/uploads\/2021\/06\/turkis-fatning-ledning.png\",\"datePublished\":\"2021-06-07T13:43:06+00:00\",\"dateModified\":\"2025-06-16T14:03:28+00:00\",\"breadcrumb\":{\"@id\":\"https:\/\/pachia.eu\/sv\/turkos-lamphallare-med-sladd\/#breadcrumb\"},\"inLanguage\":\"sv-SE\",\"potentialAction\":[{\"@type\":\"ReadAction\",\"target\":[\"https:\/\/pachia.eu\/sv\/turkos-lamphallare-med-sladd\/\"]}]},{\"@type\":\"ImageObject\",\"inLanguage\":\"sv-SE\",\"@id\":\"https:\/\/pachia.eu\/sv\/turkos-lamphallare-med-sladd\/#primaryimage\",\"url\":\"https:\/\/pachia.eu\/wp-content\/uploads\/2021\/06\/turkis-fatning-ledning.png\",\"contentUrl\":\"https:\/\/pachia.eu\/wp-content\/uploads\/2021\/06\/turkis-fatning-ledning.png\",\"width\":2000,\"height\":2000},{\"@type\":\"BreadcrumbList\",\"@id\":\"https:\/\/pachia.eu\/sv\/turkos-lamphallare-med-sladd\/#breadcrumb\",\"itemListElement\":[{\"@type\":\"ListItem\",\"position\":1,\"name\":\"Framsida\",\"item\":\"https:\/\/pachia.eu\/sv\/\"},{\"@type\":\"ListItem\",\"position\":2,\"name\":\"Butik\",\"item\":\"https:\/\/pachia.eu\/sv\/butik\/\"},{\"@type\":\"ListItem\",\"position\":3,\"name\":\"Turkos lamph\u00e5llare med sladd\"}]},{\"@type\":\"WebSite\",\"@id\":\"https:\/\/pachia.eu\/sv\/#website\",\"url\":\"https:\/\/pachia.eu\/sv\/\",\"name\":\"Pachia\",\"description\":\"\",\"publisher\":{\"@id\":\"https:\/\/pachia.eu\/sv\/#organization\"},\"potentialAction\":[{\"@type\":\"SearchAction\",\"target\":{\"@type\":\"EntryPoint\",\"urlTemplate\":\"https:\/\/pachia.eu\/sv\/?s={search_term_string}\"},\"query-input\":{\"@type\":\"PropertyValueSpecification\",\"valueRequired\":true,\"valueName\":\"search_term_string\"}}],\"inLanguage\":\"sv-SE\"},{\"@type\":\"Organization\",\"@id\":\"https:\/\/pachia.eu\/sv\/#organization\",\"name\":\"Pachia ApS\",\"url\":\"https:\/\/pachia.eu\/sv\/\",\"logo\":{\"@type\":\"ImageObject\",\"inLanguage\":\"sv-SE\",\"@id\":\"https:\/\/pachia.eu\/sv\/#\/schema\/logo\/image\/\",\"url\":\"https:\/\/jocaonline.dk\/wp-content\/uploads\/2020\/10\/decoration-logo-small.png\",\"contentUrl\":\"https:\/\/jocaonline.dk\/wp-content\/uploads\/2020\/10\/decoration-logo-small.png\",\"width\":301,\"height\":100,\"caption\":\"Pachia ApS\"},\"image\":{\"@id\":\"https:\/\/pachia.eu\/sv\/#\/schema\/logo\/image\/\"},\"sameAs\":[\"https:\/\/www.facebook.com\/pachia.shop\",\"https:\/\/www.instagram.com\/pachia.eu\"]}]}<\/script>\n<!-- \/ Yoast SEO plugin. -->","yoast_head_json":{"title":"Turkos lamph\u00e5llare med sladd | Lamph\u00e5llare &amp; sladdar | - Pachia","robots":{"index":"index","follow":"follow","max-snippet":"max-snippet:-1","max-image-preview":"max-image-preview:large","max-video-preview":"max-video-preview:-1"},"canonical":"https:\/\/pachia.eu\/sv\/turkos-lamphallare-med-sladd\/","og_locale":"sv_SE","og_type":"article","og_title":"Turkos lamph\u00e5llare med sladd | Lamph\u00e5llare &amp; sladdar | - Pachia","og_description":"V\u00e5r lamph\u00e5llare med sladd \u00e4r det perfekta valet n\u00e4r du vill ha en funktionell och stilren l\u00f6sning som passar b\u00e5de v\u00e5ra rispapperslampor och m\u00e5nga andra lampor. Setet inkluderar en E27-sockel med ett silikonskydd som ger dina lampor ett modernt och minimalistiskt utseende. Paketet inneh\u00e5ller: E27-sockel med silikonh\u00e4tta \u2013 Passar de flesta standard E27-lampor och ger [&hellip;]","og_url":"https:\/\/pachia.eu\/sv\/turkos-lamphallare-med-sladd\/","og_site_name":"Pachia","article_publisher":"https:\/\/www.facebook.com\/pachia.shop","article_modified_time":"2025-06-16T14:03:28+00:00","og_image":[{"width":2000,"height":2000,"url":"https:\/\/pachia.eu\/wp-content\/uploads\/2021\/06\/turkis-fatning-ledning.png","type":"image\/png"}],"twitter_card":"summary_large_image","twitter_misc":{"Ber\u00e4knad l\u00e4stid":"1 minut"},"schema":{"@context":"https:\/\/schema.org","@graph":[{"@type":"WebPage","@id":"https:\/\/pachia.eu\/sv\/turkos-lamphallare-med-sladd\/","url":"https:\/\/pachia.eu\/sv\/turkos-lamphallare-med-sladd\/","name":"Turkos lamph\u00e5llare med sladd | Lamph\u00e5llare &amp; sladdar | - Pachia","isPartOf":{"@id":"https:\/\/pachia.eu\/sv\/#website"},"primaryImageOfPage":{"@id":"https:\/\/pachia.eu\/sv\/turkos-lamphallare-med-sladd\/#primaryimage"},"image":{"@id":"https:\/\/pachia.eu\/sv\/turkos-lamphallare-med-sladd\/#primaryimage"},"thumbnailUrl":"https:\/\/pachia.eu\/wp-content\/uploads\/2021\/06\/turkis-fatning-ledning.png","datePublished":"2021-06-07T13:43:06+00:00","dateModified":"2025-06-16T14:03:28+00:00","breadcrumb":{"@id":"https:\/\/pachia.eu\/sv\/turkos-lamphallare-med-sladd\/#breadcrumb"},"inLanguage":"sv-SE","potentialAction":[{"@type":"ReadAction","target":["https:\/\/pachia.eu\/sv\/turkos-lamphallare-med-sladd\/"]}]},{"@type":"ImageObject","inLanguage":"sv-SE","@id":"https:\/\/pachia.eu\/sv\/turkos-lamphallare-med-sladd\/#primaryimage","url":"https:\/\/pachia.eu\/wp-content\/uploads\/2021\/06\/turkis-fatning-ledning.png","contentUrl":"https:\/\/pachia.eu\/wp-content\/uploads\/2021\/06\/turkis-fatning-ledning.png","width":2000,"height":2000},{"@type":"BreadcrumbList","@id":"https:\/\/pachia.eu\/sv\/turkos-lamphallare-med-sladd\/#breadcrumb","itemListElement":[{"@type":"ListItem","position":1,"name":"Framsida","item":"https:\/\/pachia.eu\/sv\/"},{"@type":"ListItem","position":2,"name":"Butik","item":"https:\/\/pachia.eu\/sv\/butik\/"},{"@type":"ListItem","position":3,"name":"Turkos lamph\u00e5llare med sladd"}]},{"@type":"WebSite","@id":"https:\/\/pachia.eu\/sv\/#website","url":"https:\/\/pachia.eu\/sv\/","name":"Pachia","description":"","publisher":{"@id":"https:\/\/pachia.eu\/sv\/#organization"},"potentialAction":[{"@type":"SearchAction","target":{"@type":"EntryPoint","urlTemplate":"https:\/\/pachia.eu\/sv\/?s={search_term_string}"},"query-input":{"@type":"PropertyValueSpecification","valueRequired":true,"valueName":"search_term_string"}}],"inLanguage":"sv-SE"},{"@type":"Organization","@id":"https:\/\/pachia.eu\/sv\/#organization","name":"Pachia ApS","url":"https:\/\/pachia.eu\/sv\/","logo":{"@type":"ImageObject","inLanguage":"sv-SE","@id":"https:\/\/pachia.eu\/sv\/#\/schema\/logo\/image\/","url":"https:\/\/jocaonline.dk\/wp-content\/uploads\/2020\/10\/decoration-logo-small.png","contentUrl":"https:\/\/jocaonline.dk\/wp-content\/uploads\/2020\/10\/decoration-logo-small.png","width":301,"height":100,"caption":"Pachia ApS"},"image":{"@id":"https:\/\/pachia.eu\/sv\/#\/schema\/logo\/image\/"},"sameAs":["https:\/\/www.facebook.com\/pachia.shop","https:\/\/www.instagram.com\/pachia.eu"]}]}},"_links":{"self":[{"href":"https:\/\/pachia.eu\/sv\/wp-json\/wp\/v2\/product\/3320","targetHints":{"allow":["GET"]}}],"collection":[{"href":"https:\/\/pachia.eu\/sv\/wp-json\/wp\/v2\/product"}],"about":[{"href":"https:\/\/pachia.eu\/sv\/wp-json\/wp\/v2\/types\/product"}],"version-history":[{"count":0,"href":"https:\/\/pachia.eu\/sv\/wp-json\/wp\/v2\/product\/3320\/revisions"}],"wp:featuredmedia":[{"embeddable":true,"href":"https:\/\/pachia.eu\/sv\/wp-json\/wp\/v2\/media\/463"}],"wp:attachment":[{"href":"https:\/\/pachia.eu\/sv\/wp-json\/wp\/v2\/media?parent=3320"}],"wp:term":[{"taxonomy":"product_brand","embeddable":true,"href":"https:\/\/pachia.eu\/sv\/wp-json\/wp\/v2\/product_brand?post=3320"},{"taxonomy":"product_cat","embeddable":true,"href":"https:\/\/pachia.eu\/sv\/wp-json\/wp\/v2\/product_cat?post=3320"},{"taxonomy":"product_tag","embeddable":true,"href":"https:\/\/pachia.eu\/sv\/wp-json\/wp\/v2\/product_tag?post=3320"},{"taxonomy":"mersalg-tag","embeddable":true,"href":"https:\/\/pachia.eu\/sv\/wp-json\/wp\/v2\/mersalg-tag?post=3320"}],"curies":[{"name":"wp","href":"https:\/\/api.w.org\/{rel}","templated":true}]}}