{"id":3293,"date":"2021-06-08T12:16:57","date_gmt":"2021-06-08T10:16:57","guid":{"rendered":"https:\/\/pachia.eu\/nud-aqua-koppar-upphang-m-zebra-kabel\/"},"modified":"2026-03-23T14:56:55","modified_gmt":"2026-03-23T13:56:55","slug":"nud-aqua-koppar-upphang-m-zebra-kabel","status":"publish","type":"product","link":"https:\/\/pachia.eu\/sv\/nud-aqua-koppar-upphang-m-zebra-kabel\/","title":{"rendered":"NUD Aqua Koppar Lamph\u00e5llare &#8211; Zebra sladd"},"content":{"rendered":"<p>Kopparf\u00e4rgad lamph\u00e5llare med zebram\u00f6nstrad textilkabel fr\u00e5n NUD Collection. En uttrycksfull design som kombinerar lekfullhet med skandinavisk estetik.<\/p>\n<p>Lampan \u00e4r lika vacker i sin enkelhet som den \u00e4r i kombination med flera \u2013 skapa ett personligt kluster i taket och l\u00e5t ljuset bli en del av din inredning. Perfekt f\u00f6r dig som vill addera karakt\u00e4r och en modern designk\u00e4nsla till rummet.<\/p>\n<p><strong>Specifikationer:<\/strong><\/p>\n<p>Kabell\u00e4ngd: 3 meter<br \/>\nLjusk\u00e4lla: E27-ljusk\u00e4lla (ing\u00e5r ej)<\/p>\n","protected":false},"excerpt":{"rendered":"<p>Kopparf\u00e4rgad lamph\u00e5llare med zebram\u00f6nstrad textilkabel fr\u00e5n NUD Collection. En uttrycksfull design som kombinerar lekfullhet med skandinavisk estetik. Lampan \u00e4r lika vacker i sin enkelhet som den \u00e4r i kombination med flera \u2013 skapa ett personligt kluster i taket och l\u00e5t ljuset bli en del av din inredning. Perfekt f\u00f6r dig som vill addera karakt\u00e4r och [&hellip;]<\/p>\n","protected":false},"featured_media":611,"template":"","meta":{"_lmt_disableupdate":"no","_lmt_disable":""},"product_brand":[],"product_cat":[146,147],"product_tag":[],"mersalg-tag":[117],"class_list":{"0":"post-3293","1":"product","2":"type-product","3":"status-publish","4":"has-post-thumbnail","6":"product_cat-lamphallare-sladdar","7":"product_cat-produkter-sv","8":"mersalg-tag-fatning","10":"first","11":"instock","12":"sale","13":"taxable","14":"shipping-taxable","15":"purchasable","16":"product-type-simple"},"yoast_head":"<!-- This site is optimized with the Yoast SEO plugin v26.2 - https:\/\/yoast.com\/wordpress\/plugins\/seo\/ -->\n<title>NUD Aqua Koppar Lamph\u00e5llare - Zebra sladd | Lamph\u00e5llare &amp; sladdar | - Pachia<\/title>\n<meta name=\"robots\" content=\"index, follow, max-snippet:-1, max-image-preview:large, max-video-preview:-1\" \/>\n<link rel=\"canonical\" href=\"https:\/\/pachia.eu\/sv\/nud-aqua-koppar-upphang-m-zebra-kabel\/\" \/>\n<meta property=\"og:locale\" content=\"sv_SE\" \/>\n<meta property=\"og:type\" content=\"article\" \/>\n<meta property=\"og:title\" content=\"NUD Aqua Koppar Lamph\u00e5llare - Zebra sladd | Lamph\u00e5llare &amp; sladdar | - Pachia\" \/>\n<meta property=\"og:description\" content=\"Kopparf\u00e4rgad lamph\u00e5llare med zebram\u00f6nstrad textilkabel fr\u00e5n NUD Collection. En uttrycksfull design som kombinerar lekfullhet med skandinavisk estetik. Lampan \u00e4r lika vacker i sin enkelhet som den \u00e4r i kombination med flera \u2013 skapa ett personligt kluster i taket och l\u00e5t ljuset bli en del av din inredning. Perfekt f\u00f6r dig som vill addera karakt\u00e4r och [&hellip;]\" \/>\n<meta property=\"og:url\" content=\"https:\/\/pachia.eu\/sv\/nud-aqua-koppar-upphang-m-zebra-kabel\/\" \/>\n<meta property=\"og:site_name\" content=\"Pachia\" \/>\n<meta property=\"article:publisher\" content=\"https:\/\/www.facebook.com\/pachia.shop\" \/>\n<meta property=\"article:modified_time\" content=\"2026-03-23T13:56:55+00:00\" \/>\n<meta property=\"og:image\" content=\"https:\/\/pachia.eu\/wp-content\/uploads\/2021\/06\/aqua-zebra.png\" \/>\n\t<meta property=\"og:image:width\" content=\"1600\" \/>\n\t<meta property=\"og:image:height\" content=\"1600\" \/>\n\t<meta property=\"og:image:type\" content=\"image\/png\" \/>\n<meta name=\"twitter:card\" content=\"summary_large_image\" \/>\n<meta name=\"twitter:label1\" content=\"Ber\u00e4knad l\u00e4stid\" \/>\n\t<meta name=\"twitter:data1\" content=\"1 minut\" \/>\n<script type=\"application\/ld+json\" class=\"yoast-schema-graph\">{\"@context\":\"https:\/\/schema.org\",\"@graph\":[{\"@type\":\"WebPage\",\"@id\":\"https:\/\/pachia.eu\/sv\/nud-aqua-koppar-upphang-m-zebra-kabel\/\",\"url\":\"https:\/\/pachia.eu\/sv\/nud-aqua-koppar-upphang-m-zebra-kabel\/\",\"name\":\"NUD Aqua Koppar Lamph\u00e5llare - Zebra sladd | Lamph\u00e5llare &amp; sladdar | - Pachia\",\"isPartOf\":{\"@id\":\"https:\/\/pachia.eu\/sv\/#website\"},\"primaryImageOfPage\":{\"@id\":\"https:\/\/pachia.eu\/sv\/nud-aqua-koppar-upphang-m-zebra-kabel\/#primaryimage\"},\"image\":{\"@id\":\"https:\/\/pachia.eu\/sv\/nud-aqua-koppar-upphang-m-zebra-kabel\/#primaryimage\"},\"thumbnailUrl\":\"https:\/\/pachia.eu\/wp-content\/uploads\/2021\/06\/aqua-zebra.png\",\"datePublished\":\"2021-06-08T10:16:57+00:00\",\"dateModified\":\"2026-03-23T13:56:55+00:00\",\"breadcrumb\":{\"@id\":\"https:\/\/pachia.eu\/sv\/nud-aqua-koppar-upphang-m-zebra-kabel\/#breadcrumb\"},\"inLanguage\":\"sv-SE\",\"potentialAction\":[{\"@type\":\"ReadAction\",\"target\":[\"https:\/\/pachia.eu\/sv\/nud-aqua-koppar-upphang-m-zebra-kabel\/\"]}]},{\"@type\":\"ImageObject\",\"inLanguage\":\"sv-SE\",\"@id\":\"https:\/\/pachia.eu\/sv\/nud-aqua-koppar-upphang-m-zebra-kabel\/#primaryimage\",\"url\":\"https:\/\/pachia.eu\/wp-content\/uploads\/2021\/06\/aqua-zebra.png\",\"contentUrl\":\"https:\/\/pachia.eu\/wp-content\/uploads\/2021\/06\/aqua-zebra.png\",\"width\":1600,\"height\":1600},{\"@type\":\"BreadcrumbList\",\"@id\":\"https:\/\/pachia.eu\/sv\/nud-aqua-koppar-upphang-m-zebra-kabel\/#breadcrumb\",\"itemListElement\":[{\"@type\":\"ListItem\",\"position\":1,\"name\":\"Framsida\",\"item\":\"https:\/\/pachia.eu\/sv\/\"},{\"@type\":\"ListItem\",\"position\":2,\"name\":\"Butik\",\"item\":\"https:\/\/pachia.eu\/sv\/butik\/\"},{\"@type\":\"ListItem\",\"position\":3,\"name\":\"NUD Aqua Koppar Lamph\u00e5llare &#8211; Zebra sladd\"}]},{\"@type\":\"WebSite\",\"@id\":\"https:\/\/pachia.eu\/sv\/#website\",\"url\":\"https:\/\/pachia.eu\/sv\/\",\"name\":\"Pachia\",\"description\":\"\",\"publisher\":{\"@id\":\"https:\/\/pachia.eu\/sv\/#organization\"},\"potentialAction\":[{\"@type\":\"SearchAction\",\"target\":{\"@type\":\"EntryPoint\",\"urlTemplate\":\"https:\/\/pachia.eu\/sv\/?s={search_term_string}\"},\"query-input\":{\"@type\":\"PropertyValueSpecification\",\"valueRequired\":true,\"valueName\":\"search_term_string\"}}],\"inLanguage\":\"sv-SE\"},{\"@type\":\"Organization\",\"@id\":\"https:\/\/pachia.eu\/sv\/#organization\",\"name\":\"Pachia ApS\",\"url\":\"https:\/\/pachia.eu\/sv\/\",\"logo\":{\"@type\":\"ImageObject\",\"inLanguage\":\"sv-SE\",\"@id\":\"https:\/\/pachia.eu\/sv\/#\/schema\/logo\/image\/\",\"url\":\"https:\/\/jocaonline.dk\/wp-content\/uploads\/2020\/10\/decoration-logo-small.png\",\"contentUrl\":\"https:\/\/jocaonline.dk\/wp-content\/uploads\/2020\/10\/decoration-logo-small.png\",\"width\":301,\"height\":100,\"caption\":\"Pachia ApS\"},\"image\":{\"@id\":\"https:\/\/pachia.eu\/sv\/#\/schema\/logo\/image\/\"},\"sameAs\":[\"https:\/\/www.facebook.com\/pachia.shop\",\"https:\/\/www.instagram.com\/pachia.eu\"]}]}<\/script>\n<!-- \/ Yoast SEO plugin. -->","yoast_head_json":{"title":"NUD Aqua Koppar Lamph\u00e5llare - Zebra sladd | Lamph\u00e5llare &amp; sladdar | - Pachia","robots":{"index":"index","follow":"follow","max-snippet":"max-snippet:-1","max-image-preview":"max-image-preview:large","max-video-preview":"max-video-preview:-1"},"canonical":"https:\/\/pachia.eu\/sv\/nud-aqua-koppar-upphang-m-zebra-kabel\/","og_locale":"sv_SE","og_type":"article","og_title":"NUD Aqua Koppar Lamph\u00e5llare - Zebra sladd | Lamph\u00e5llare &amp; sladdar | - Pachia","og_description":"Kopparf\u00e4rgad lamph\u00e5llare med zebram\u00f6nstrad textilkabel fr\u00e5n NUD Collection. En uttrycksfull design som kombinerar lekfullhet med skandinavisk estetik. Lampan \u00e4r lika vacker i sin enkelhet som den \u00e4r i kombination med flera \u2013 skapa ett personligt kluster i taket och l\u00e5t ljuset bli en del av din inredning. Perfekt f\u00f6r dig som vill addera karakt\u00e4r och [&hellip;]","og_url":"https:\/\/pachia.eu\/sv\/nud-aqua-koppar-upphang-m-zebra-kabel\/","og_site_name":"Pachia","article_publisher":"https:\/\/www.facebook.com\/pachia.shop","article_modified_time":"2026-03-23T13:56:55+00:00","og_image":[{"width":1600,"height":1600,"url":"https:\/\/pachia.eu\/wp-content\/uploads\/2021\/06\/aqua-zebra.png","type":"image\/png"}],"twitter_card":"summary_large_image","twitter_misc":{"Ber\u00e4knad l\u00e4stid":"1 minut"},"schema":{"@context":"https:\/\/schema.org","@graph":[{"@type":"WebPage","@id":"https:\/\/pachia.eu\/sv\/nud-aqua-koppar-upphang-m-zebra-kabel\/","url":"https:\/\/pachia.eu\/sv\/nud-aqua-koppar-upphang-m-zebra-kabel\/","name":"NUD Aqua Koppar Lamph\u00e5llare - Zebra sladd | Lamph\u00e5llare &amp; sladdar | - Pachia","isPartOf":{"@id":"https:\/\/pachia.eu\/sv\/#website"},"primaryImageOfPage":{"@id":"https:\/\/pachia.eu\/sv\/nud-aqua-koppar-upphang-m-zebra-kabel\/#primaryimage"},"image":{"@id":"https:\/\/pachia.eu\/sv\/nud-aqua-koppar-upphang-m-zebra-kabel\/#primaryimage"},"thumbnailUrl":"https:\/\/pachia.eu\/wp-content\/uploads\/2021\/06\/aqua-zebra.png","datePublished":"2021-06-08T10:16:57+00:00","dateModified":"2026-03-23T13:56:55+00:00","breadcrumb":{"@id":"https:\/\/pachia.eu\/sv\/nud-aqua-koppar-upphang-m-zebra-kabel\/#breadcrumb"},"inLanguage":"sv-SE","potentialAction":[{"@type":"ReadAction","target":["https:\/\/pachia.eu\/sv\/nud-aqua-koppar-upphang-m-zebra-kabel\/"]}]},{"@type":"ImageObject","inLanguage":"sv-SE","@id":"https:\/\/pachia.eu\/sv\/nud-aqua-koppar-upphang-m-zebra-kabel\/#primaryimage","url":"https:\/\/pachia.eu\/wp-content\/uploads\/2021\/06\/aqua-zebra.png","contentUrl":"https:\/\/pachia.eu\/wp-content\/uploads\/2021\/06\/aqua-zebra.png","width":1600,"height":1600},{"@type":"BreadcrumbList","@id":"https:\/\/pachia.eu\/sv\/nud-aqua-koppar-upphang-m-zebra-kabel\/#breadcrumb","itemListElement":[{"@type":"ListItem","position":1,"name":"Framsida","item":"https:\/\/pachia.eu\/sv\/"},{"@type":"ListItem","position":2,"name":"Butik","item":"https:\/\/pachia.eu\/sv\/butik\/"},{"@type":"ListItem","position":3,"name":"NUD Aqua Koppar Lamph\u00e5llare &#8211; Zebra sladd"}]},{"@type":"WebSite","@id":"https:\/\/pachia.eu\/sv\/#website","url":"https:\/\/pachia.eu\/sv\/","name":"Pachia","description":"","publisher":{"@id":"https:\/\/pachia.eu\/sv\/#organization"},"potentialAction":[{"@type":"SearchAction","target":{"@type":"EntryPoint","urlTemplate":"https:\/\/pachia.eu\/sv\/?s={search_term_string}"},"query-input":{"@type":"PropertyValueSpecification","valueRequired":true,"valueName":"search_term_string"}}],"inLanguage":"sv-SE"},{"@type":"Organization","@id":"https:\/\/pachia.eu\/sv\/#organization","name":"Pachia ApS","url":"https:\/\/pachia.eu\/sv\/","logo":{"@type":"ImageObject","inLanguage":"sv-SE","@id":"https:\/\/pachia.eu\/sv\/#\/schema\/logo\/image\/","url":"https:\/\/jocaonline.dk\/wp-content\/uploads\/2020\/10\/decoration-logo-small.png","contentUrl":"https:\/\/jocaonline.dk\/wp-content\/uploads\/2020\/10\/decoration-logo-small.png","width":301,"height":100,"caption":"Pachia ApS"},"image":{"@id":"https:\/\/pachia.eu\/sv\/#\/schema\/logo\/image\/"},"sameAs":["https:\/\/www.facebook.com\/pachia.shop","https:\/\/www.instagram.com\/pachia.eu"]}]}},"_links":{"self":[{"href":"https:\/\/pachia.eu\/sv\/wp-json\/wp\/v2\/product\/3293","targetHints":{"allow":["GET"]}}],"collection":[{"href":"https:\/\/pachia.eu\/sv\/wp-json\/wp\/v2\/product"}],"about":[{"href":"https:\/\/pachia.eu\/sv\/wp-json\/wp\/v2\/types\/product"}],"version-history":[{"count":0,"href":"https:\/\/pachia.eu\/sv\/wp-json\/wp\/v2\/product\/3293\/revisions"}],"wp:featuredmedia":[{"embeddable":true,"href":"https:\/\/pachia.eu\/sv\/wp-json\/wp\/v2\/media\/611"}],"wp:attachment":[{"href":"https:\/\/pachia.eu\/sv\/wp-json\/wp\/v2\/media?parent=3293"}],"wp:term":[{"taxonomy":"product_brand","embeddable":true,"href":"https:\/\/pachia.eu\/sv\/wp-json\/wp\/v2\/product_brand?post=3293"},{"taxonomy":"product_cat","embeddable":true,"href":"https:\/\/pachia.eu\/sv\/wp-json\/wp\/v2\/product_cat?post=3293"},{"taxonomy":"product_tag","embeddable":true,"href":"https:\/\/pachia.eu\/sv\/wp-json\/wp\/v2\/product_tag?post=3293"},{"taxonomy":"mersalg-tag","embeddable":true,"href":"https:\/\/pachia.eu\/sv\/wp-json\/wp\/v2\/mersalg-tag?post=3293"}],"curies":[{"name":"wp","href":"https:\/\/api.w.org\/{rel}","templated":true}]}}