{"id":3275,"date":"2021-06-08T13:28:07","date_gmt":"2021-06-08T11:28:07","guid":{"rendered":"https:\/\/pachia.eu\/vintage-lamphallare-aluminium\/"},"modified":"2026-03-23T15:23:15","modified_gmt":"2026-03-23T14:23:15","slug":"vintage-lamphallare-aluminium","status":"publish","type":"product","link":"https:\/\/pachia.eu\/sv\/vintage-lamphallare-aluminium\/","title":{"rendered":"Vintage Aluminium Lamph\u00e5llare"},"content":{"rendered":"<p>Retroinspirerad lamph\u00e5llare med aluminiumhylsa och brun textilkabel \u2013 en tidl\u00f6s design d\u00e4r industriell k\u00e4nsla m\u00f6ter varm, nordisk estetik.<\/p>\n<p>Den integrerade str\u00f6mbrytaren i sockeln ger en smidig och intuitiv anv\u00e4ndning, d\u00e4r du enkelt styr ljuset direkt fr\u00e5n lampan. Kombinationen av metallens rena linjer och den mjuka textilkabeln skapar ett balanserat uttryck med b\u00e5de karakt\u00e4r och elegans.<\/p>\n<p>Perfekt f\u00f6r hemmet, caf\u00e9et eller butiksmilj\u00f6er d\u00e4r du vill skapa en inbjudande atmosf\u00e4r med djup, v\u00e4rme och personlighet. Kombinera g\u00e4rna med dekorativa ljusk\u00e4llor \u2013 exempelvis st\u00f6rre globlampor \u2013 f\u00f6r att f\u00f6rst\u00e4rka det visuella intrycket.<\/p>\n<p><strong>Specifikationer<\/strong><\/p>\n<ul>\n<li>E27-lamph\u00e5llare<\/li>\n<li>1,5 meter textilkabel<\/li>\n<li>Integrerad str\u00f6mbrytare i sockeln<\/li>\n<li>Paketet inneh\u00e5ller: lamph\u00e5llare, kabel, takk\u00e5pa, skruvar och b\u00e4rnstensf\u00e4rgade pluggar f\u00f6r montering<\/li>\n<li>Ljusk\u00e4lla ing\u00e5r ej<\/li>\n<\/ul>\n","protected":false},"excerpt":{"rendered":"<p>Retroinspirerad lamph\u00e5llare med aluminiumhylsa och brun textilkabel \u2013 en tidl\u00f6s design d\u00e4r industriell k\u00e4nsla m\u00f6ter varm, nordisk estetik. Den integrerade str\u00f6mbrytaren i sockeln ger en smidig och intuitiv anv\u00e4ndning, d\u00e4r du enkelt styr ljuset direkt fr\u00e5n lampan. Kombinationen av metallens rena linjer och den mjuka textilkabeln skapar ett balanserat uttryck med b\u00e5de karakt\u00e4r och elegans. [&hellip;]<\/p>\n","protected":false},"featured_media":678,"template":"","meta":{"_lmt_disableupdate":"no","_lmt_disable":""},"product_brand":[],"product_cat":[146,147],"product_tag":[],"mersalg-tag":[117],"class_list":{"0":"post-3275","1":"product","2":"type-product","3":"status-publish","4":"has-post-thumbnail","6":"product_cat-lamphallare-sladdar","7":"product_cat-produkter-sv","8":"mersalg-tag-fatning","10":"first","11":"instock","12":"sale","13":"taxable","14":"shipping-taxable","15":"purchasable","16":"product-type-simple"},"yoast_head":"<!-- This site is optimized with the Yoast SEO plugin v27.3 - https:\/\/yoast.com\/product\/yoast-seo-wordpress\/ -->\n<title>Vintage Aluminium Lamph\u00e5llare | Lamph\u00e5llare &amp; sladdar | - Pachia<\/title>\n<meta name=\"robots\" content=\"index, follow, max-snippet:-1, max-image-preview:large, max-video-preview:-1\" \/>\n<link rel=\"canonical\" href=\"https:\/\/pachia.eu\/sv\/vintage-lamphallare-aluminium\/\" \/>\n<meta property=\"og:locale\" content=\"sv_SE\" \/>\n<meta property=\"og:type\" content=\"article\" \/>\n<meta property=\"og:title\" content=\"Vintage Aluminium Lamph\u00e5llare | Lamph\u00e5llare &amp; sladdar | - Pachia\" \/>\n<meta property=\"og:description\" content=\"Retroinspirerad lamph\u00e5llare med aluminiumhylsa och brun textilkabel \u2013 en tidl\u00f6s design d\u00e4r industriell k\u00e4nsla m\u00f6ter varm, nordisk estetik. Den integrerade str\u00f6mbrytaren i sockeln ger en smidig och intuitiv anv\u00e4ndning, d\u00e4r du enkelt styr ljuset direkt fr\u00e5n lampan. Kombinationen av metallens rena linjer och den mjuka textilkabeln skapar ett balanserat uttryck med b\u00e5de karakt\u00e4r och elegans. [&hellip;]\" \/>\n<meta property=\"og:url\" content=\"https:\/\/pachia.eu\/sv\/vintage-lamphallare-aluminium\/\" \/>\n<meta property=\"og:site_name\" content=\"Pachia\" \/>\n<meta property=\"article:publisher\" content=\"https:\/\/www.facebook.com\/pachia.shop\" \/>\n<meta property=\"article:modified_time\" content=\"2026-03-23T14:23:15+00:00\" \/>\n<meta property=\"og:image\" content=\"https:\/\/pachia.eu\/wp-content\/uploads\/2021\/06\/vintage-aluminium.png\" \/>\n\t<meta property=\"og:image:width\" content=\"3000\" \/>\n\t<meta property=\"og:image:height\" content=\"2999\" \/>\n\t<meta property=\"og:image:type\" content=\"image\/png\" \/>\n<meta name=\"twitter:card\" content=\"summary_large_image\" \/>\n<meta name=\"twitter:label1\" content=\"Ber\u00e4knad l\u00e4stid\" \/>\n\t<meta name=\"twitter:data1\" content=\"1 minut\" \/>\n<script type=\"application\/ld+json\" class=\"yoast-schema-graph\">{\"@context\":\"https:\\\/\\\/schema.org\",\"@graph\":[{\"@type\":\"WebPage\",\"@id\":\"https:\\\/\\\/pachia.eu\\\/sv\\\/vintage-lamphallare-aluminium\\\/\",\"url\":\"https:\\\/\\\/pachia.eu\\\/sv\\\/vintage-lamphallare-aluminium\\\/\",\"name\":\"Vintage Aluminium Lamph\u00e5llare | Lamph\u00e5llare &amp; sladdar | - Pachia\",\"isPartOf\":{\"@id\":\"https:\\\/\\\/pachia.eu\\\/sv\\\/#website\"},\"primaryImageOfPage\":{\"@id\":\"https:\\\/\\\/pachia.eu\\\/sv\\\/vintage-lamphallare-aluminium\\\/#primaryimage\"},\"image\":{\"@id\":\"https:\\\/\\\/pachia.eu\\\/sv\\\/vintage-lamphallare-aluminium\\\/#primaryimage\"},\"thumbnailUrl\":\"https:\\\/\\\/pachia.eu\\\/wp-content\\\/uploads\\\/2021\\\/06\\\/vintage-aluminium.png\",\"datePublished\":\"2021-06-08T11:28:07+00:00\",\"dateModified\":\"2026-03-23T14:23:15+00:00\",\"breadcrumb\":{\"@id\":\"https:\\\/\\\/pachia.eu\\\/sv\\\/vintage-lamphallare-aluminium\\\/#breadcrumb\"},\"inLanguage\":\"sv-SE\",\"potentialAction\":[{\"@type\":\"ReadAction\",\"target\":[\"https:\\\/\\\/pachia.eu\\\/sv\\\/vintage-lamphallare-aluminium\\\/\"]}]},{\"@type\":\"ImageObject\",\"inLanguage\":\"sv-SE\",\"@id\":\"https:\\\/\\\/pachia.eu\\\/sv\\\/vintage-lamphallare-aluminium\\\/#primaryimage\",\"url\":\"https:\\\/\\\/pachia.eu\\\/wp-content\\\/uploads\\\/2021\\\/06\\\/vintage-aluminium.png\",\"contentUrl\":\"https:\\\/\\\/pachia.eu\\\/wp-content\\\/uploads\\\/2021\\\/06\\\/vintage-aluminium.png\",\"width\":3000,\"height\":2999},{\"@type\":\"BreadcrumbList\",\"@id\":\"https:\\\/\\\/pachia.eu\\\/sv\\\/vintage-lamphallare-aluminium\\\/#breadcrumb\",\"itemListElement\":[{\"@type\":\"ListItem\",\"position\":1,\"name\":\"Framsida\",\"item\":\"https:\\\/\\\/pachia.eu\\\/sv\\\/\"},{\"@type\":\"ListItem\",\"position\":2,\"name\":\"Butik\",\"item\":\"https:\\\/\\\/pachia.eu\\\/sv\\\/butik\\\/\"},{\"@type\":\"ListItem\",\"position\":3,\"name\":\"Vintage Aluminium Lamph\u00e5llare\"}]},{\"@type\":\"WebSite\",\"@id\":\"https:\\\/\\\/pachia.eu\\\/sv\\\/#website\",\"url\":\"https:\\\/\\\/pachia.eu\\\/sv\\\/\",\"name\":\"Pachia\",\"description\":\"\",\"publisher\":{\"@id\":\"https:\\\/\\\/pachia.eu\\\/sv\\\/#organization\"},\"potentialAction\":[{\"@type\":\"SearchAction\",\"target\":{\"@type\":\"EntryPoint\",\"urlTemplate\":\"https:\\\/\\\/pachia.eu\\\/sv\\\/?s={search_term_string}\"},\"query-input\":{\"@type\":\"PropertyValueSpecification\",\"valueRequired\":true,\"valueName\":\"search_term_string\"}}],\"inLanguage\":\"sv-SE\"},{\"@type\":\"Organization\",\"@id\":\"https:\\\/\\\/pachia.eu\\\/sv\\\/#organization\",\"name\":\"Pachia ApS\",\"url\":\"https:\\\/\\\/pachia.eu\\\/sv\\\/\",\"logo\":{\"@type\":\"ImageObject\",\"inLanguage\":\"sv-SE\",\"@id\":\"https:\\\/\\\/pachia.eu\\\/sv\\\/#\\\/schema\\\/logo\\\/image\\\/\",\"url\":\"https:\\\/\\\/jocaonline.dk\\\/wp-content\\\/uploads\\\/2020\\\/10\\\/decoration-logo-small.png\",\"contentUrl\":\"https:\\\/\\\/jocaonline.dk\\\/wp-content\\\/uploads\\\/2020\\\/10\\\/decoration-logo-small.png\",\"width\":301,\"height\":100,\"caption\":\"Pachia ApS\"},\"image\":{\"@id\":\"https:\\\/\\\/pachia.eu\\\/sv\\\/#\\\/schema\\\/logo\\\/image\\\/\"},\"sameAs\":[\"https:\\\/\\\/www.facebook.com\\\/pachia.shop\",\"https:\\\/\\\/www.instagram.com\\\/pachia.eu\"]}]}<\/script>\n<!-- \/ Yoast SEO plugin. -->","yoast_head_json":{"title":"Vintage Aluminium Lamph\u00e5llare | Lamph\u00e5llare &amp; sladdar | - Pachia","robots":{"index":"index","follow":"follow","max-snippet":"max-snippet:-1","max-image-preview":"max-image-preview:large","max-video-preview":"max-video-preview:-1"},"canonical":"https:\/\/pachia.eu\/sv\/vintage-lamphallare-aluminium\/","og_locale":"sv_SE","og_type":"article","og_title":"Vintage Aluminium Lamph\u00e5llare | Lamph\u00e5llare &amp; sladdar | - Pachia","og_description":"Retroinspirerad lamph\u00e5llare med aluminiumhylsa och brun textilkabel \u2013 en tidl\u00f6s design d\u00e4r industriell k\u00e4nsla m\u00f6ter varm, nordisk estetik. Den integrerade str\u00f6mbrytaren i sockeln ger en smidig och intuitiv anv\u00e4ndning, d\u00e4r du enkelt styr ljuset direkt fr\u00e5n lampan. Kombinationen av metallens rena linjer och den mjuka textilkabeln skapar ett balanserat uttryck med b\u00e5de karakt\u00e4r och elegans. [&hellip;]","og_url":"https:\/\/pachia.eu\/sv\/vintage-lamphallare-aluminium\/","og_site_name":"Pachia","article_publisher":"https:\/\/www.facebook.com\/pachia.shop","article_modified_time":"2026-03-23T14:23:15+00:00","og_image":[{"width":3000,"height":2999,"url":"https:\/\/pachia.eu\/wp-content\/uploads\/2021\/06\/vintage-aluminium.png","type":"image\/png"}],"twitter_card":"summary_large_image","twitter_misc":{"Ber\u00e4knad l\u00e4stid":"1 minut"},"schema":{"@context":"https:\/\/schema.org","@graph":[{"@type":"WebPage","@id":"https:\/\/pachia.eu\/sv\/vintage-lamphallare-aluminium\/","url":"https:\/\/pachia.eu\/sv\/vintage-lamphallare-aluminium\/","name":"Vintage Aluminium Lamph\u00e5llare | Lamph\u00e5llare &amp; sladdar | - Pachia","isPartOf":{"@id":"https:\/\/pachia.eu\/sv\/#website"},"primaryImageOfPage":{"@id":"https:\/\/pachia.eu\/sv\/vintage-lamphallare-aluminium\/#primaryimage"},"image":{"@id":"https:\/\/pachia.eu\/sv\/vintage-lamphallare-aluminium\/#primaryimage"},"thumbnailUrl":"https:\/\/pachia.eu\/wp-content\/uploads\/2021\/06\/vintage-aluminium.png","datePublished":"2021-06-08T11:28:07+00:00","dateModified":"2026-03-23T14:23:15+00:00","breadcrumb":{"@id":"https:\/\/pachia.eu\/sv\/vintage-lamphallare-aluminium\/#breadcrumb"},"inLanguage":"sv-SE","potentialAction":[{"@type":"ReadAction","target":["https:\/\/pachia.eu\/sv\/vintage-lamphallare-aluminium\/"]}]},{"@type":"ImageObject","inLanguage":"sv-SE","@id":"https:\/\/pachia.eu\/sv\/vintage-lamphallare-aluminium\/#primaryimage","url":"https:\/\/pachia.eu\/wp-content\/uploads\/2021\/06\/vintage-aluminium.png","contentUrl":"https:\/\/pachia.eu\/wp-content\/uploads\/2021\/06\/vintage-aluminium.png","width":3000,"height":2999},{"@type":"BreadcrumbList","@id":"https:\/\/pachia.eu\/sv\/vintage-lamphallare-aluminium\/#breadcrumb","itemListElement":[{"@type":"ListItem","position":1,"name":"Framsida","item":"https:\/\/pachia.eu\/sv\/"},{"@type":"ListItem","position":2,"name":"Butik","item":"https:\/\/pachia.eu\/sv\/butik\/"},{"@type":"ListItem","position":3,"name":"Vintage Aluminium Lamph\u00e5llare"}]},{"@type":"WebSite","@id":"https:\/\/pachia.eu\/sv\/#website","url":"https:\/\/pachia.eu\/sv\/","name":"Pachia","description":"","publisher":{"@id":"https:\/\/pachia.eu\/sv\/#organization"},"potentialAction":[{"@type":"SearchAction","target":{"@type":"EntryPoint","urlTemplate":"https:\/\/pachia.eu\/sv\/?s={search_term_string}"},"query-input":{"@type":"PropertyValueSpecification","valueRequired":true,"valueName":"search_term_string"}}],"inLanguage":"sv-SE"},{"@type":"Organization","@id":"https:\/\/pachia.eu\/sv\/#organization","name":"Pachia ApS","url":"https:\/\/pachia.eu\/sv\/","logo":{"@type":"ImageObject","inLanguage":"sv-SE","@id":"https:\/\/pachia.eu\/sv\/#\/schema\/logo\/image\/","url":"https:\/\/jocaonline.dk\/wp-content\/uploads\/2020\/10\/decoration-logo-small.png","contentUrl":"https:\/\/jocaonline.dk\/wp-content\/uploads\/2020\/10\/decoration-logo-small.png","width":301,"height":100,"caption":"Pachia ApS"},"image":{"@id":"https:\/\/pachia.eu\/sv\/#\/schema\/logo\/image\/"},"sameAs":["https:\/\/www.facebook.com\/pachia.shop","https:\/\/www.instagram.com\/pachia.eu"]}]}},"_links":{"self":[{"href":"https:\/\/pachia.eu\/sv\/wp-json\/wp\/v2\/product\/3275","targetHints":{"allow":["GET"]}}],"collection":[{"href":"https:\/\/pachia.eu\/sv\/wp-json\/wp\/v2\/product"}],"about":[{"href":"https:\/\/pachia.eu\/sv\/wp-json\/wp\/v2\/types\/product"}],"version-history":[{"count":0,"href":"https:\/\/pachia.eu\/sv\/wp-json\/wp\/v2\/product\/3275\/revisions"}],"wp:featuredmedia":[{"embeddable":true,"href":"https:\/\/pachia.eu\/sv\/wp-json\/wp\/v2\/media\/678"}],"wp:attachment":[{"href":"https:\/\/pachia.eu\/sv\/wp-json\/wp\/v2\/media?parent=3275"}],"wp:term":[{"taxonomy":"product_brand","embeddable":true,"href":"https:\/\/pachia.eu\/sv\/wp-json\/wp\/v2\/product_brand?post=3275"},{"taxonomy":"product_cat","embeddable":true,"href":"https:\/\/pachia.eu\/sv\/wp-json\/wp\/v2\/product_cat?post=3275"},{"taxonomy":"product_tag","embeddable":true,"href":"https:\/\/pachia.eu\/sv\/wp-json\/wp\/v2\/product_tag?post=3275"},{"taxonomy":"mersalg-tag","embeddable":true,"href":"https:\/\/pachia.eu\/sv\/wp-json\/wp\/v2\/mersalg-tag?post=3275"}],"curies":[{"name":"wp","href":"https:\/\/api.w.org\/{rel}","templated":true}]}}