{"id":3005,"date":"2021-06-11T12:07:11","date_gmt":"2021-06-11T10:07:11","guid":{"rendered":"https:\/\/pachia.eu\/premium-60cm-oval-crep\/"},"modified":"2025-03-27T11:10:48","modified_gmt":"2025-03-27T10:10:48","slug":"premium-60cm-oval-crep","status":"publish","type":"product","link":"https:\/\/pachia.eu\/sv\/premium-60cm-oval-crep\/","title":{"rendered":"Premium 60 cm oval crep"},"content":{"rendered":"<p>Denna ovala 60cm lampa \u00e4r handgjord och gjord av specialpapper som ger en crepe-struktur till lampan. Detta ger en unik form av ljus och g\u00f6r att lampan framst\u00e5r som v\u00e4ldigt l\u00e4tt och samtidigt snygg. Den ovala formen fungerar bra \u00f6ver matbord, m\u00f6bler och liknande, d\u00e4r det kan vara bra att ha en lampa med liten h\u00f6jd och stor bredd.  <\/p>\n<p>Pappret sprider ljuset i alla riktningar och \u00e4r d\u00e4rf\u00f6r ett sj\u00e4lvklart val som prim\u00e4r ljusk\u00e4lla i hemmet. Lampsk\u00e4rmen bl\u00e4ndar ljuset p\u00e5 ett fint och enhetligt s\u00e4tt, s\u00e5 att du inte blir bl\u00e4ndad av starkt ljus. <\/p>\n<p><strong>Specifikationer:<\/strong><\/p>\n<ul>\n<li>M\u00e5tt: 60 cm i diameter, 31 cm i h\u00f6jd<\/li>\n<li>Kan anv\u00e4ndas med alla v\u00e5ra hylsor\/f\u00e4sten<\/li>\n<li>Sockel och gl\u00f6dlampa ing\u00e5r ej<\/li>\n<\/ul>\n","protected":false},"excerpt":{"rendered":"<p>Denna ovala 60cm lampa \u00e4r handgjord och gjord av specialpapper som ger en crepe-struktur till lampan. Detta ger en unik form av ljus och g\u00f6r att lampan framst\u00e5r som v\u00e4ldigt l\u00e4tt och samtidigt snygg. Den ovala formen fungerar bra \u00f6ver matbord, m\u00f6bler och liknande, d\u00e4r det kan vara bra att ha en lampa med liten [&hellip;]<\/p>\n","protected":false},"featured_media":229358,"template":"","meta":{"_lmt_disableupdate":"","_lmt_disable":""},"product_brand":[],"product_cat":[302,140,155,157,158,147],"product_tag":[],"mersalg-tag":[],"class_list":{"0":"post-3005","1":"product","2":"type-product","3":"status-publish","4":"has-post-thumbnail","6":"product_cat-maessa","7":"product_cat-ovala-lampor","8":"product_cat-papperslampor","9":"product_cat-pendlar-taklampor","10":"product_cat-premium-collection-sv","11":"product_cat-produkter-sv","13":"first","14":"instock","15":"taxable","16":"shipping-taxable","17":"purchasable","18":"product-type-simple"},"yoast_head":"<!-- This site is optimized with the Yoast SEO plugin v27.3 - https:\/\/yoast.com\/product\/yoast-seo-wordpress\/ -->\n<title>Premium 60 cm oval crep | Pendlar &amp; taklampor | - Pachia<\/title>\n<meta name=\"robots\" content=\"index, follow, max-snippet:-1, max-image-preview:large, max-video-preview:-1\" \/>\n<link rel=\"canonical\" href=\"https:\/\/pachia.eu\/sv\/premium-60cm-oval-crep\/\" \/>\n<meta property=\"og:locale\" content=\"sv_SE\" \/>\n<meta property=\"og:type\" content=\"article\" \/>\n<meta property=\"og:title\" content=\"Premium 60 cm oval crep | Pendlar &amp; taklampor | - Pachia\" \/>\n<meta property=\"og:description\" content=\"Denna ovala 60cm lampa \u00e4r handgjord och gjord av specialpapper som ger en crepe-struktur till lampan. Detta ger en unik form av ljus och g\u00f6r att lampan framst\u00e5r som v\u00e4ldigt l\u00e4tt och samtidigt snygg. Den ovala formen fungerar bra \u00f6ver matbord, m\u00f6bler och liknande, d\u00e4r det kan vara bra att ha en lampa med liten [&hellip;]\" \/>\n<meta property=\"og:url\" content=\"https:\/\/pachia.eu\/sv\/premium-60cm-oval-crep\/\" \/>\n<meta property=\"og:site_name\" content=\"Pachia\" \/>\n<meta property=\"article:publisher\" content=\"https:\/\/www.facebook.com\/pachia.shop\" \/>\n<meta property=\"article:modified_time\" content=\"2025-03-27T10:10:48+00:00\" \/>\n<meta property=\"og:image\" content=\"https:\/\/pachia.eu\/wp-content\/uploads\/2021\/06\/19105041-CB67-4572-8D4C-8F8CB907C85D.png\" \/>\n\t<meta property=\"og:image:width\" content=\"2000\" \/>\n\t<meta property=\"og:image:height\" content=\"2000\" \/>\n\t<meta property=\"og:image:type\" content=\"image\/png\" \/>\n<meta name=\"twitter:card\" content=\"summary_large_image\" \/>\n<meta name=\"twitter:label1\" content=\"Ber\u00e4knad l\u00e4stid\" \/>\n\t<meta name=\"twitter:data1\" content=\"1 minut\" \/>\n<script type=\"application\/ld+json\" class=\"yoast-schema-graph\">{\"@context\":\"https:\\\/\\\/schema.org\",\"@graph\":[{\"@type\":\"WebPage\",\"@id\":\"https:\\\/\\\/pachia.eu\\\/sv\\\/premium-60cm-oval-crep\\\/\",\"url\":\"https:\\\/\\\/pachia.eu\\\/sv\\\/premium-60cm-oval-crep\\\/\",\"name\":\"Premium 60 cm oval crep | Pendlar &amp; taklampor | - Pachia\",\"isPartOf\":{\"@id\":\"https:\\\/\\\/pachia.eu\\\/sv\\\/#website\"},\"primaryImageOfPage\":{\"@id\":\"https:\\\/\\\/pachia.eu\\\/sv\\\/premium-60cm-oval-crep\\\/#primaryimage\"},\"image\":{\"@id\":\"https:\\\/\\\/pachia.eu\\\/sv\\\/premium-60cm-oval-crep\\\/#primaryimage\"},\"thumbnailUrl\":\"https:\\\/\\\/pachia.eu\\\/wp-content\\\/uploads\\\/2021\\\/06\\\/crep-60-ned.jpg\",\"datePublished\":\"2021-06-11T10:07:11+00:00\",\"dateModified\":\"2025-03-27T10:10:48+00:00\",\"breadcrumb\":{\"@id\":\"https:\\\/\\\/pachia.eu\\\/sv\\\/premium-60cm-oval-crep\\\/#breadcrumb\"},\"inLanguage\":\"sv-SE\",\"potentialAction\":[{\"@type\":\"ReadAction\",\"target\":[\"https:\\\/\\\/pachia.eu\\\/sv\\\/premium-60cm-oval-crep\\\/\"]}]},{\"@type\":\"ImageObject\",\"inLanguage\":\"sv-SE\",\"@id\":\"https:\\\/\\\/pachia.eu\\\/sv\\\/premium-60cm-oval-crep\\\/#primaryimage\",\"url\":\"https:\\\/\\\/pachia.eu\\\/wp-content\\\/uploads\\\/2021\\\/06\\\/crep-60-ned.jpg\",\"contentUrl\":\"https:\\\/\\\/pachia.eu\\\/wp-content\\\/uploads\\\/2021\\\/06\\\/crep-60-ned.jpg\",\"width\":2500,\"height\":2500},{\"@type\":\"BreadcrumbList\",\"@id\":\"https:\\\/\\\/pachia.eu\\\/sv\\\/premium-60cm-oval-crep\\\/#breadcrumb\",\"itemListElement\":[{\"@type\":\"ListItem\",\"position\":1,\"name\":\"Framsida\",\"item\":\"https:\\\/\\\/pachia.eu\\\/sv\\\/\"},{\"@type\":\"ListItem\",\"position\":2,\"name\":\"Butik\",\"item\":\"https:\\\/\\\/pachia.eu\\\/sv\\\/butik\\\/\"},{\"@type\":\"ListItem\",\"position\":3,\"name\":\"Premium 60 cm oval crep\"}]},{\"@type\":\"WebSite\",\"@id\":\"https:\\\/\\\/pachia.eu\\\/sv\\\/#website\",\"url\":\"https:\\\/\\\/pachia.eu\\\/sv\\\/\",\"name\":\"Pachia\",\"description\":\"\",\"publisher\":{\"@id\":\"https:\\\/\\\/pachia.eu\\\/sv\\\/#organization\"},\"potentialAction\":[{\"@type\":\"SearchAction\",\"target\":{\"@type\":\"EntryPoint\",\"urlTemplate\":\"https:\\\/\\\/pachia.eu\\\/sv\\\/?s={search_term_string}\"},\"query-input\":{\"@type\":\"PropertyValueSpecification\",\"valueRequired\":true,\"valueName\":\"search_term_string\"}}],\"inLanguage\":\"sv-SE\"},{\"@type\":\"Organization\",\"@id\":\"https:\\\/\\\/pachia.eu\\\/sv\\\/#organization\",\"name\":\"Pachia ApS\",\"url\":\"https:\\\/\\\/pachia.eu\\\/sv\\\/\",\"logo\":{\"@type\":\"ImageObject\",\"inLanguage\":\"sv-SE\",\"@id\":\"https:\\\/\\\/pachia.eu\\\/sv\\\/#\\\/schema\\\/logo\\\/image\\\/\",\"url\":\"https:\\\/\\\/jocaonline.dk\\\/wp-content\\\/uploads\\\/2020\\\/10\\\/decoration-logo-small.png\",\"contentUrl\":\"https:\\\/\\\/jocaonline.dk\\\/wp-content\\\/uploads\\\/2020\\\/10\\\/decoration-logo-small.png\",\"width\":301,\"height\":100,\"caption\":\"Pachia ApS\"},\"image\":{\"@id\":\"https:\\\/\\\/pachia.eu\\\/sv\\\/#\\\/schema\\\/logo\\\/image\\\/\"},\"sameAs\":[\"https:\\\/\\\/www.facebook.com\\\/pachia.shop\",\"https:\\\/\\\/www.instagram.com\\\/pachia.eu\"]}]}<\/script>\n<!-- \/ Yoast SEO plugin. -->","yoast_head_json":{"title":"Premium 60 cm oval crep | Pendlar &amp; taklampor | - Pachia","robots":{"index":"index","follow":"follow","max-snippet":"max-snippet:-1","max-image-preview":"max-image-preview:large","max-video-preview":"max-video-preview:-1"},"canonical":"https:\/\/pachia.eu\/sv\/premium-60cm-oval-crep\/","og_locale":"sv_SE","og_type":"article","og_title":"Premium 60 cm oval crep | Pendlar &amp; taklampor | - Pachia","og_description":"Denna ovala 60cm lampa \u00e4r handgjord och gjord av specialpapper som ger en crepe-struktur till lampan. Detta ger en unik form av ljus och g\u00f6r att lampan framst\u00e5r som v\u00e4ldigt l\u00e4tt och samtidigt snygg. Den ovala formen fungerar bra \u00f6ver matbord, m\u00f6bler och liknande, d\u00e4r det kan vara bra att ha en lampa med liten [&hellip;]","og_url":"https:\/\/pachia.eu\/sv\/premium-60cm-oval-crep\/","og_site_name":"Pachia","article_publisher":"https:\/\/www.facebook.com\/pachia.shop","article_modified_time":"2025-03-27T10:10:48+00:00","og_image":[{"width":2000,"height":2000,"url":"https:\/\/pachia.eu\/wp-content\/uploads\/2021\/06\/19105041-CB67-4572-8D4C-8F8CB907C85D.png","type":"image\/png"}],"twitter_card":"summary_large_image","twitter_misc":{"Ber\u00e4knad l\u00e4stid":"1 minut"},"schema":{"@context":"https:\/\/schema.org","@graph":[{"@type":"WebPage","@id":"https:\/\/pachia.eu\/sv\/premium-60cm-oval-crep\/","url":"https:\/\/pachia.eu\/sv\/premium-60cm-oval-crep\/","name":"Premium 60 cm oval crep | Pendlar &amp; taklampor | - Pachia","isPartOf":{"@id":"https:\/\/pachia.eu\/sv\/#website"},"primaryImageOfPage":{"@id":"https:\/\/pachia.eu\/sv\/premium-60cm-oval-crep\/#primaryimage"},"image":{"@id":"https:\/\/pachia.eu\/sv\/premium-60cm-oval-crep\/#primaryimage"},"thumbnailUrl":"https:\/\/pachia.eu\/wp-content\/uploads\/2021\/06\/crep-60-ned.jpg","datePublished":"2021-06-11T10:07:11+00:00","dateModified":"2025-03-27T10:10:48+00:00","breadcrumb":{"@id":"https:\/\/pachia.eu\/sv\/premium-60cm-oval-crep\/#breadcrumb"},"inLanguage":"sv-SE","potentialAction":[{"@type":"ReadAction","target":["https:\/\/pachia.eu\/sv\/premium-60cm-oval-crep\/"]}]},{"@type":"ImageObject","inLanguage":"sv-SE","@id":"https:\/\/pachia.eu\/sv\/premium-60cm-oval-crep\/#primaryimage","url":"https:\/\/pachia.eu\/wp-content\/uploads\/2021\/06\/crep-60-ned.jpg","contentUrl":"https:\/\/pachia.eu\/wp-content\/uploads\/2021\/06\/crep-60-ned.jpg","width":2500,"height":2500},{"@type":"BreadcrumbList","@id":"https:\/\/pachia.eu\/sv\/premium-60cm-oval-crep\/#breadcrumb","itemListElement":[{"@type":"ListItem","position":1,"name":"Framsida","item":"https:\/\/pachia.eu\/sv\/"},{"@type":"ListItem","position":2,"name":"Butik","item":"https:\/\/pachia.eu\/sv\/butik\/"},{"@type":"ListItem","position":3,"name":"Premium 60 cm oval crep"}]},{"@type":"WebSite","@id":"https:\/\/pachia.eu\/sv\/#website","url":"https:\/\/pachia.eu\/sv\/","name":"Pachia","description":"","publisher":{"@id":"https:\/\/pachia.eu\/sv\/#organization"},"potentialAction":[{"@type":"SearchAction","target":{"@type":"EntryPoint","urlTemplate":"https:\/\/pachia.eu\/sv\/?s={search_term_string}"},"query-input":{"@type":"PropertyValueSpecification","valueRequired":true,"valueName":"search_term_string"}}],"inLanguage":"sv-SE"},{"@type":"Organization","@id":"https:\/\/pachia.eu\/sv\/#organization","name":"Pachia ApS","url":"https:\/\/pachia.eu\/sv\/","logo":{"@type":"ImageObject","inLanguage":"sv-SE","@id":"https:\/\/pachia.eu\/sv\/#\/schema\/logo\/image\/","url":"https:\/\/jocaonline.dk\/wp-content\/uploads\/2020\/10\/decoration-logo-small.png","contentUrl":"https:\/\/jocaonline.dk\/wp-content\/uploads\/2020\/10\/decoration-logo-small.png","width":301,"height":100,"caption":"Pachia ApS"},"image":{"@id":"https:\/\/pachia.eu\/sv\/#\/schema\/logo\/image\/"},"sameAs":["https:\/\/www.facebook.com\/pachia.shop","https:\/\/www.instagram.com\/pachia.eu"]}]}},"_links":{"self":[{"href":"https:\/\/pachia.eu\/sv\/wp-json\/wp\/v2\/product\/3005","targetHints":{"allow":["GET"]}}],"collection":[{"href":"https:\/\/pachia.eu\/sv\/wp-json\/wp\/v2\/product"}],"about":[{"href":"https:\/\/pachia.eu\/sv\/wp-json\/wp\/v2\/types\/product"}],"version-history":[{"count":0,"href":"https:\/\/pachia.eu\/sv\/wp-json\/wp\/v2\/product\/3005\/revisions"}],"wp:featuredmedia":[{"embeddable":true,"href":"https:\/\/pachia.eu\/sv\/wp-json\/wp\/v2\/media\/229358"}],"wp:attachment":[{"href":"https:\/\/pachia.eu\/sv\/wp-json\/wp\/v2\/media?parent=3005"}],"wp:term":[{"taxonomy":"product_brand","embeddable":true,"href":"https:\/\/pachia.eu\/sv\/wp-json\/wp\/v2\/product_brand?post=3005"},{"taxonomy":"product_cat","embeddable":true,"href":"https:\/\/pachia.eu\/sv\/wp-json\/wp\/v2\/product_cat?post=3005"},{"taxonomy":"product_tag","embeddable":true,"href":"https:\/\/pachia.eu\/sv\/wp-json\/wp\/v2\/product_tag?post=3005"},{"taxonomy":"mersalg-tag","embeddable":true,"href":"https:\/\/pachia.eu\/sv\/wp-json\/wp\/v2\/mersalg-tag?post=3005"}],"curies":[{"name":"wp","href":"https:\/\/api.w.org\/{rel}","templated":true}]}}