{"id":2985,"date":"2021-06-15T16:50:27","date_gmt":"2021-06-15T14:50:27","guid":{"rendered":"https:\/\/pachia.eu\/60cm-hvid-oval-ottekantet\/"},"modified":"2025-03-27T11:10:39","modified_gmt":"2025-03-27T10:10:39","slug":"60cm-hvid-oval-ottekantet","status":"publish","type":"product","link":"https:\/\/pachia.eu\/sv\/60cm-hvid-oval-ottekantet\/","title":{"rendered":"60cm Vit Oval \u00c5ttkantig"},"content":{"rendered":"<p>Vacker vit \u00e5ttkantig rispapperslampa med en oval form. Lampan \u00e4r 60cm i diameter och har en perfekt storlek \u00f6ver matbordet eller liknande. <\/p>\n<p><strong>Specifikationer:<\/strong><\/p>\n<ul>\n<li>M\u00e5tt: 60 cm i diameter, 27 cm i h\u00f6jd<\/li>\n<li>Kan anv\u00e4ndas med alla v\u00e5ra hylsor\/f\u00e4sten<\/li>\n<li>Sockel och gl\u00f6dlampa ing\u00e5r ej<\/li>\n<\/ul>\n","protected":false},"excerpt":{"rendered":"<p>Vacker vit \u00e5ttkantig rispapperslampa med en oval form. Lampan \u00e4r 60cm i diameter och har en perfekt storlek \u00f6ver matbordet eller liknande. Specifikationer: M\u00e5tt: 60 cm i diameter, 27 cm i h\u00f6jd Kan anv\u00e4ndas med alla v\u00e5ra hylsor\/f\u00e4sten Sockel och gl\u00f6dlampa ing\u00e5r ej<\/p>\n","protected":false},"featured_media":2508,"template":"","meta":{"_lmt_disableupdate":"","_lmt_disable":""},"product_brand":[],"product_cat":[140,147],"product_tag":[],"mersalg-tag":[],"class_list":{"0":"post-2985","1":"product","2":"type-product","3":"status-publish","4":"has-post-thumbnail","6":"product_cat-ovala-lampor","7":"product_cat-produkter-sv","9":"first","10":"instock","11":"taxable","12":"shipping-taxable","13":"purchasable","14":"product-type-simple"},"yoast_head":"<!-- This site is optimized with the Yoast SEO plugin v27.3 - https:\/\/yoast.com\/product\/yoast-seo-wordpress\/ -->\n<title>60cm Vit Oval \u00c5ttkantig | Ovala | - Pachia<\/title>\n<meta name=\"robots\" content=\"index, follow, max-snippet:-1, max-image-preview:large, max-video-preview:-1\" \/>\n<link rel=\"canonical\" href=\"https:\/\/pachia.eu\/sv\/60cm-hvid-oval-ottekantet\/\" \/>\n<meta property=\"og:locale\" content=\"sv_SE\" \/>\n<meta property=\"og:type\" content=\"article\" \/>\n<meta property=\"og:title\" content=\"60cm Vit Oval \u00c5ttkantig | Ovala | - Pachia\" \/>\n<meta property=\"og:description\" content=\"Vacker vit \u00e5ttkantig rispapperslampa med en oval form. Lampan \u00e4r 60cm i diameter och har en perfekt storlek \u00f6ver matbordet eller liknande. Specifikationer: M\u00e5tt: 60 cm i diameter, 27 cm i h\u00f6jd Kan anv\u00e4ndas med alla v\u00e5ra hylsor\/f\u00e4sten Sockel och gl\u00f6dlampa ing\u00e5r ej\" \/>\n<meta property=\"og:url\" content=\"https:\/\/pachia.eu\/sv\/60cm-hvid-oval-ottekantet\/\" \/>\n<meta property=\"og:site_name\" content=\"Pachia\" \/>\n<meta property=\"article:publisher\" content=\"https:\/\/www.facebook.com\/pachia.shop\" \/>\n<meta property=\"article:modified_time\" content=\"2025-03-27T10:10:39+00:00\" \/>\n<meta property=\"og:image\" content=\"https:\/\/pachia.eu\/wp-content\/uploads\/2021\/06\/ottekantet-oval-1.png\" \/>\n\t<meta property=\"og:image:width\" content=\"2000\" \/>\n\t<meta property=\"og:image:height\" content=\"2000\" \/>\n\t<meta property=\"og:image:type\" content=\"image\/png\" \/>\n<meta name=\"twitter:card\" content=\"summary_large_image\" \/>\n<script type=\"application\/ld+json\" class=\"yoast-schema-graph\">{\"@context\":\"https:\\\/\\\/schema.org\",\"@graph\":[{\"@type\":\"WebPage\",\"@id\":\"https:\\\/\\\/pachia.eu\\\/sv\\\/60cm-hvid-oval-ottekantet\\\/\",\"url\":\"https:\\\/\\\/pachia.eu\\\/sv\\\/60cm-hvid-oval-ottekantet\\\/\",\"name\":\"60cm Vit Oval \u00c5ttkantig | Ovala | - Pachia\",\"isPartOf\":{\"@id\":\"https:\\\/\\\/pachia.eu\\\/sv\\\/#website\"},\"primaryImageOfPage\":{\"@id\":\"https:\\\/\\\/pachia.eu\\\/sv\\\/60cm-hvid-oval-ottekantet\\\/#primaryimage\"},\"image\":{\"@id\":\"https:\\\/\\\/pachia.eu\\\/sv\\\/60cm-hvid-oval-ottekantet\\\/#primaryimage\"},\"thumbnailUrl\":\"https:\\\/\\\/pachia.eu\\\/wp-content\\\/uploads\\\/2021\\\/06\\\/otte-1.jpeg\",\"datePublished\":\"2021-06-15T14:50:27+00:00\",\"dateModified\":\"2025-03-27T10:10:39+00:00\",\"breadcrumb\":{\"@id\":\"https:\\\/\\\/pachia.eu\\\/sv\\\/60cm-hvid-oval-ottekantet\\\/#breadcrumb\"},\"inLanguage\":\"sv-SE\",\"potentialAction\":[{\"@type\":\"ReadAction\",\"target\":[\"https:\\\/\\\/pachia.eu\\\/sv\\\/60cm-hvid-oval-ottekantet\\\/\"]}]},{\"@type\":\"ImageObject\",\"inLanguage\":\"sv-SE\",\"@id\":\"https:\\\/\\\/pachia.eu\\\/sv\\\/60cm-hvid-oval-ottekantet\\\/#primaryimage\",\"url\":\"https:\\\/\\\/pachia.eu\\\/wp-content\\\/uploads\\\/2021\\\/06\\\/otte-1.jpeg\",\"contentUrl\":\"https:\\\/\\\/pachia.eu\\\/wp-content\\\/uploads\\\/2021\\\/06\\\/otte-1.jpeg\",\"width\":2000,\"height\":2000},{\"@type\":\"BreadcrumbList\",\"@id\":\"https:\\\/\\\/pachia.eu\\\/sv\\\/60cm-hvid-oval-ottekantet\\\/#breadcrumb\",\"itemListElement\":[{\"@type\":\"ListItem\",\"position\":1,\"name\":\"Framsida\",\"item\":\"https:\\\/\\\/pachia.eu\\\/sv\\\/\"},{\"@type\":\"ListItem\",\"position\":2,\"name\":\"Butik\",\"item\":\"https:\\\/\\\/pachia.eu\\\/sv\\\/butik\\\/\"},{\"@type\":\"ListItem\",\"position\":3,\"name\":\"60cm Vit Oval \u00c5ttkantig\"}]},{\"@type\":\"WebSite\",\"@id\":\"https:\\\/\\\/pachia.eu\\\/sv\\\/#website\",\"url\":\"https:\\\/\\\/pachia.eu\\\/sv\\\/\",\"name\":\"Pachia\",\"description\":\"\",\"publisher\":{\"@id\":\"https:\\\/\\\/pachia.eu\\\/sv\\\/#organization\"},\"potentialAction\":[{\"@type\":\"SearchAction\",\"target\":{\"@type\":\"EntryPoint\",\"urlTemplate\":\"https:\\\/\\\/pachia.eu\\\/sv\\\/?s={search_term_string}\"},\"query-input\":{\"@type\":\"PropertyValueSpecification\",\"valueRequired\":true,\"valueName\":\"search_term_string\"}}],\"inLanguage\":\"sv-SE\"},{\"@type\":\"Organization\",\"@id\":\"https:\\\/\\\/pachia.eu\\\/sv\\\/#organization\",\"name\":\"Pachia ApS\",\"url\":\"https:\\\/\\\/pachia.eu\\\/sv\\\/\",\"logo\":{\"@type\":\"ImageObject\",\"inLanguage\":\"sv-SE\",\"@id\":\"https:\\\/\\\/pachia.eu\\\/sv\\\/#\\\/schema\\\/logo\\\/image\\\/\",\"url\":\"https:\\\/\\\/jocaonline.dk\\\/wp-content\\\/uploads\\\/2020\\\/10\\\/decoration-logo-small.png\",\"contentUrl\":\"https:\\\/\\\/jocaonline.dk\\\/wp-content\\\/uploads\\\/2020\\\/10\\\/decoration-logo-small.png\",\"width\":301,\"height\":100,\"caption\":\"Pachia ApS\"},\"image\":{\"@id\":\"https:\\\/\\\/pachia.eu\\\/sv\\\/#\\\/schema\\\/logo\\\/image\\\/\"},\"sameAs\":[\"https:\\\/\\\/www.facebook.com\\\/pachia.shop\",\"https:\\\/\\\/www.instagram.com\\\/pachia.eu\"]}]}<\/script>\n<!-- \/ Yoast SEO plugin. -->","yoast_head_json":{"title":"60cm Vit Oval \u00c5ttkantig | Ovala | - Pachia","robots":{"index":"index","follow":"follow","max-snippet":"max-snippet:-1","max-image-preview":"max-image-preview:large","max-video-preview":"max-video-preview:-1"},"canonical":"https:\/\/pachia.eu\/sv\/60cm-hvid-oval-ottekantet\/","og_locale":"sv_SE","og_type":"article","og_title":"60cm Vit Oval \u00c5ttkantig | Ovala | - Pachia","og_description":"Vacker vit \u00e5ttkantig rispapperslampa med en oval form. Lampan \u00e4r 60cm i diameter och har en perfekt storlek \u00f6ver matbordet eller liknande. Specifikationer: M\u00e5tt: 60 cm i diameter, 27 cm i h\u00f6jd Kan anv\u00e4ndas med alla v\u00e5ra hylsor\/f\u00e4sten Sockel och gl\u00f6dlampa ing\u00e5r ej","og_url":"https:\/\/pachia.eu\/sv\/60cm-hvid-oval-ottekantet\/","og_site_name":"Pachia","article_publisher":"https:\/\/www.facebook.com\/pachia.shop","article_modified_time":"2025-03-27T10:10:39+00:00","og_image":[{"width":2000,"height":2000,"url":"https:\/\/pachia.eu\/wp-content\/uploads\/2021\/06\/ottekantet-oval-1.png","type":"image\/png"}],"twitter_card":"summary_large_image","schema":{"@context":"https:\/\/schema.org","@graph":[{"@type":"WebPage","@id":"https:\/\/pachia.eu\/sv\/60cm-hvid-oval-ottekantet\/","url":"https:\/\/pachia.eu\/sv\/60cm-hvid-oval-ottekantet\/","name":"60cm Vit Oval \u00c5ttkantig | Ovala | - Pachia","isPartOf":{"@id":"https:\/\/pachia.eu\/sv\/#website"},"primaryImageOfPage":{"@id":"https:\/\/pachia.eu\/sv\/60cm-hvid-oval-ottekantet\/#primaryimage"},"image":{"@id":"https:\/\/pachia.eu\/sv\/60cm-hvid-oval-ottekantet\/#primaryimage"},"thumbnailUrl":"https:\/\/pachia.eu\/wp-content\/uploads\/2021\/06\/otte-1.jpeg","datePublished":"2021-06-15T14:50:27+00:00","dateModified":"2025-03-27T10:10:39+00:00","breadcrumb":{"@id":"https:\/\/pachia.eu\/sv\/60cm-hvid-oval-ottekantet\/#breadcrumb"},"inLanguage":"sv-SE","potentialAction":[{"@type":"ReadAction","target":["https:\/\/pachia.eu\/sv\/60cm-hvid-oval-ottekantet\/"]}]},{"@type":"ImageObject","inLanguage":"sv-SE","@id":"https:\/\/pachia.eu\/sv\/60cm-hvid-oval-ottekantet\/#primaryimage","url":"https:\/\/pachia.eu\/wp-content\/uploads\/2021\/06\/otte-1.jpeg","contentUrl":"https:\/\/pachia.eu\/wp-content\/uploads\/2021\/06\/otte-1.jpeg","width":2000,"height":2000},{"@type":"BreadcrumbList","@id":"https:\/\/pachia.eu\/sv\/60cm-hvid-oval-ottekantet\/#breadcrumb","itemListElement":[{"@type":"ListItem","position":1,"name":"Framsida","item":"https:\/\/pachia.eu\/sv\/"},{"@type":"ListItem","position":2,"name":"Butik","item":"https:\/\/pachia.eu\/sv\/butik\/"},{"@type":"ListItem","position":3,"name":"60cm Vit Oval \u00c5ttkantig"}]},{"@type":"WebSite","@id":"https:\/\/pachia.eu\/sv\/#website","url":"https:\/\/pachia.eu\/sv\/","name":"Pachia","description":"","publisher":{"@id":"https:\/\/pachia.eu\/sv\/#organization"},"potentialAction":[{"@type":"SearchAction","target":{"@type":"EntryPoint","urlTemplate":"https:\/\/pachia.eu\/sv\/?s={search_term_string}"},"query-input":{"@type":"PropertyValueSpecification","valueRequired":true,"valueName":"search_term_string"}}],"inLanguage":"sv-SE"},{"@type":"Organization","@id":"https:\/\/pachia.eu\/sv\/#organization","name":"Pachia ApS","url":"https:\/\/pachia.eu\/sv\/","logo":{"@type":"ImageObject","inLanguage":"sv-SE","@id":"https:\/\/pachia.eu\/sv\/#\/schema\/logo\/image\/","url":"https:\/\/jocaonline.dk\/wp-content\/uploads\/2020\/10\/decoration-logo-small.png","contentUrl":"https:\/\/jocaonline.dk\/wp-content\/uploads\/2020\/10\/decoration-logo-small.png","width":301,"height":100,"caption":"Pachia ApS"},"image":{"@id":"https:\/\/pachia.eu\/sv\/#\/schema\/logo\/image\/"},"sameAs":["https:\/\/www.facebook.com\/pachia.shop","https:\/\/www.instagram.com\/pachia.eu"]}]}},"_links":{"self":[{"href":"https:\/\/pachia.eu\/sv\/wp-json\/wp\/v2\/product\/2985","targetHints":{"allow":["GET"]}}],"collection":[{"href":"https:\/\/pachia.eu\/sv\/wp-json\/wp\/v2\/product"}],"about":[{"href":"https:\/\/pachia.eu\/sv\/wp-json\/wp\/v2\/types\/product"}],"version-history":[{"count":0,"href":"https:\/\/pachia.eu\/sv\/wp-json\/wp\/v2\/product\/2985\/revisions"}],"wp:featuredmedia":[{"embeddable":true,"href":"https:\/\/pachia.eu\/sv\/wp-json\/wp\/v2\/media\/2508"}],"wp:attachment":[{"href":"https:\/\/pachia.eu\/sv\/wp-json\/wp\/v2\/media?parent=2985"}],"wp:term":[{"taxonomy":"product_brand","embeddable":true,"href":"https:\/\/pachia.eu\/sv\/wp-json\/wp\/v2\/product_brand?post=2985"},{"taxonomy":"product_cat","embeddable":true,"href":"https:\/\/pachia.eu\/sv\/wp-json\/wp\/v2\/product_cat?post=2985"},{"taxonomy":"product_tag","embeddable":true,"href":"https:\/\/pachia.eu\/sv\/wp-json\/wp\/v2\/product_tag?post=2985"},{"taxonomy":"mersalg-tag","embeddable":true,"href":"https:\/\/pachia.eu\/sv\/wp-json\/wp\/v2\/mersalg-tag?post=2985"}],"curies":[{"name":"wp","href":"https:\/\/api.w.org\/{rel}","templated":true}]}}