{"id":2982,"date":"2021-06-15T16:53:26","date_gmt":"2021-06-15T14:53:26","guid":{"rendered":"https:\/\/pachia.eu\/elfenben-oval-rislampa\/"},"modified":"2025-03-27T11:10:42","modified_gmt":"2025-03-27T10:10:42","slug":"elfenben-oval-rislampa","status":"publish","type":"product","link":"https:\/\/pachia.eu\/sv\/elfenben-oval-rislampa\/","title":{"rendered":"40cm Elfenben Oval Rispapper Lampa"},"content":{"rendered":"<p>Elfenbensf\u00e4rgad oval rispapperslampa som kan anv\u00e4ndas som belysning, till exempel i vardagsrummet ovanf\u00f6r middagsbordet, i sovrummet eller i barnrummet. Det \u00e4r en billig och vacker belysning som ger ett behagligt mjukt ljus. Den ovala formen ger ocks\u00e5 en rund och balanserad form till inredningen.  <\/p>\n<p>Kombinera g\u00e4rna denna ovala lampa med v\u00e5ra socklar och sladdar, som vi har i m\u00e5nga olika f\u00e4rger.<\/p>\n<p>Lampan \u00e4r 40cm i diameter och har en h\u00f6jd p\u00e5 ca 25cm.<\/p>\n","protected":false},"excerpt":{"rendered":"<p>Elfenbensf\u00e4rgad oval rispapperslampa som kan anv\u00e4ndas som belysning, till exempel i vardagsrummet ovanf\u00f6r middagsbordet, i sovrummet eller i barnrummet. Det \u00e4r en billig och vacker belysning som ger ett behagligt mjukt ljus. Den ovala formen ger ocks\u00e5 en rund och balanserad form till inredningen. Kombinera g\u00e4rna denna ovala lampa med v\u00e5ra socklar och sladdar, som [&hellip;]<\/p>\n","protected":false},"featured_media":2552,"template":"","meta":{"_lmt_disableupdate":"","_lmt_disable":""},"product_brand":[],"product_cat":[140,147],"product_tag":[],"mersalg-tag":[],"class_list":{"0":"post-2982","1":"product","2":"type-product","3":"status-publish","4":"has-post-thumbnail","6":"product_cat-ovala-lampor","7":"product_cat-produkter-sv","9":"first","10":"instock","11":"taxable","12":"shipping-taxable","13":"purchasable","14":"product-type-simple"},"yoast_head":"<!-- This site is optimized with the Yoast SEO plugin v27.3 - https:\/\/yoast.com\/product\/yoast-seo-wordpress\/ -->\n<title>40cm Elfenben Oval Rispapper Lampa | Ovala | - Pachia<\/title>\n<meta name=\"robots\" content=\"index, follow, max-snippet:-1, max-image-preview:large, max-video-preview:-1\" \/>\n<link rel=\"canonical\" href=\"https:\/\/pachia.eu\/sv\/elfenben-oval-rislampa\/\" \/>\n<meta property=\"og:locale\" content=\"sv_SE\" \/>\n<meta property=\"og:type\" content=\"article\" \/>\n<meta property=\"og:title\" content=\"40cm Elfenben Oval Rispapper Lampa | Ovala | - Pachia\" \/>\n<meta property=\"og:description\" content=\"Elfenbensf\u00e4rgad oval rispapperslampa som kan anv\u00e4ndas som belysning, till exempel i vardagsrummet ovanf\u00f6r middagsbordet, i sovrummet eller i barnrummet. Det \u00e4r en billig och vacker belysning som ger ett behagligt mjukt ljus. Den ovala formen ger ocks\u00e5 en rund och balanserad form till inredningen. Kombinera g\u00e4rna denna ovala lampa med v\u00e5ra socklar och sladdar, som [&hellip;]\" \/>\n<meta property=\"og:url\" content=\"https:\/\/pachia.eu\/sv\/elfenben-oval-rislampa\/\" \/>\n<meta property=\"og:site_name\" content=\"Pachia\" \/>\n<meta property=\"article:publisher\" content=\"https:\/\/www.facebook.com\/pachia.shop\" \/>\n<meta property=\"article:modified_time\" content=\"2025-03-27T10:10:42+00:00\" \/>\n<meta property=\"og:image\" content=\"https:\/\/pachia.eu\/wp-content\/uploads\/2021\/06\/elfenben-oval-rispapirlampe.png\" \/>\n\t<meta property=\"og:image:width\" content=\"2000\" \/>\n\t<meta property=\"og:image:height\" content=\"2000\" \/>\n\t<meta property=\"og:image:type\" content=\"image\/png\" \/>\n<meta name=\"twitter:card\" content=\"summary_large_image\" \/>\n<script type=\"application\/ld+json\" class=\"yoast-schema-graph\">{\"@context\":\"https:\\\/\\\/schema.org\",\"@graph\":[{\"@type\":\"WebPage\",\"@id\":\"https:\\\/\\\/pachia.eu\\\/sv\\\/elfenben-oval-rislampa\\\/\",\"url\":\"https:\\\/\\\/pachia.eu\\\/sv\\\/elfenben-oval-rislampa\\\/\",\"name\":\"40cm Elfenben Oval Rispapper Lampa | Ovala | - Pachia\",\"isPartOf\":{\"@id\":\"https:\\\/\\\/pachia.eu\\\/sv\\\/#website\"},\"primaryImageOfPage\":{\"@id\":\"https:\\\/\\\/pachia.eu\\\/sv\\\/elfenben-oval-rislampa\\\/#primaryimage\"},\"image\":{\"@id\":\"https:\\\/\\\/pachia.eu\\\/sv\\\/elfenben-oval-rislampa\\\/#primaryimage\"},\"thumbnailUrl\":\"https:\\\/\\\/pachia.eu\\\/wp-content\\\/uploads\\\/2021\\\/06\\\/elfenben-oval-rispapirlampe.png\",\"datePublished\":\"2021-06-15T14:53:26+00:00\",\"dateModified\":\"2025-03-27T10:10:42+00:00\",\"breadcrumb\":{\"@id\":\"https:\\\/\\\/pachia.eu\\\/sv\\\/elfenben-oval-rislampa\\\/#breadcrumb\"},\"inLanguage\":\"sv-SE\",\"potentialAction\":[{\"@type\":\"ReadAction\",\"target\":[\"https:\\\/\\\/pachia.eu\\\/sv\\\/elfenben-oval-rislampa\\\/\"]}]},{\"@type\":\"ImageObject\",\"inLanguage\":\"sv-SE\",\"@id\":\"https:\\\/\\\/pachia.eu\\\/sv\\\/elfenben-oval-rislampa\\\/#primaryimage\",\"url\":\"https:\\\/\\\/pachia.eu\\\/wp-content\\\/uploads\\\/2021\\\/06\\\/elfenben-oval-rispapirlampe.png\",\"contentUrl\":\"https:\\\/\\\/pachia.eu\\\/wp-content\\\/uploads\\\/2021\\\/06\\\/elfenben-oval-rispapirlampe.png\",\"width\":2000,\"height\":2000},{\"@type\":\"BreadcrumbList\",\"@id\":\"https:\\\/\\\/pachia.eu\\\/sv\\\/elfenben-oval-rislampa\\\/#breadcrumb\",\"itemListElement\":[{\"@type\":\"ListItem\",\"position\":1,\"name\":\"Framsida\",\"item\":\"https:\\\/\\\/pachia.eu\\\/sv\\\/\"},{\"@type\":\"ListItem\",\"position\":2,\"name\":\"Butik\",\"item\":\"https:\\\/\\\/pachia.eu\\\/sv\\\/butik\\\/\"},{\"@type\":\"ListItem\",\"position\":3,\"name\":\"40cm Elfenben Oval Rispapper Lampa\"}]},{\"@type\":\"WebSite\",\"@id\":\"https:\\\/\\\/pachia.eu\\\/sv\\\/#website\",\"url\":\"https:\\\/\\\/pachia.eu\\\/sv\\\/\",\"name\":\"Pachia\",\"description\":\"\",\"publisher\":{\"@id\":\"https:\\\/\\\/pachia.eu\\\/sv\\\/#organization\"},\"potentialAction\":[{\"@type\":\"SearchAction\",\"target\":{\"@type\":\"EntryPoint\",\"urlTemplate\":\"https:\\\/\\\/pachia.eu\\\/sv\\\/?s={search_term_string}\"},\"query-input\":{\"@type\":\"PropertyValueSpecification\",\"valueRequired\":true,\"valueName\":\"search_term_string\"}}],\"inLanguage\":\"sv-SE\"},{\"@type\":\"Organization\",\"@id\":\"https:\\\/\\\/pachia.eu\\\/sv\\\/#organization\",\"name\":\"Pachia ApS\",\"url\":\"https:\\\/\\\/pachia.eu\\\/sv\\\/\",\"logo\":{\"@type\":\"ImageObject\",\"inLanguage\":\"sv-SE\",\"@id\":\"https:\\\/\\\/pachia.eu\\\/sv\\\/#\\\/schema\\\/logo\\\/image\\\/\",\"url\":\"https:\\\/\\\/jocaonline.dk\\\/wp-content\\\/uploads\\\/2020\\\/10\\\/decoration-logo-small.png\",\"contentUrl\":\"https:\\\/\\\/jocaonline.dk\\\/wp-content\\\/uploads\\\/2020\\\/10\\\/decoration-logo-small.png\",\"width\":301,\"height\":100,\"caption\":\"Pachia ApS\"},\"image\":{\"@id\":\"https:\\\/\\\/pachia.eu\\\/sv\\\/#\\\/schema\\\/logo\\\/image\\\/\"},\"sameAs\":[\"https:\\\/\\\/www.facebook.com\\\/pachia.shop\",\"https:\\\/\\\/www.instagram.com\\\/pachia.eu\"]}]}<\/script>\n<!-- \/ Yoast SEO plugin. -->","yoast_head_json":{"title":"40cm Elfenben Oval Rispapper Lampa | Ovala | - Pachia","robots":{"index":"index","follow":"follow","max-snippet":"max-snippet:-1","max-image-preview":"max-image-preview:large","max-video-preview":"max-video-preview:-1"},"canonical":"https:\/\/pachia.eu\/sv\/elfenben-oval-rislampa\/","og_locale":"sv_SE","og_type":"article","og_title":"40cm Elfenben Oval Rispapper Lampa | Ovala | - Pachia","og_description":"Elfenbensf\u00e4rgad oval rispapperslampa som kan anv\u00e4ndas som belysning, till exempel i vardagsrummet ovanf\u00f6r middagsbordet, i sovrummet eller i barnrummet. Det \u00e4r en billig och vacker belysning som ger ett behagligt mjukt ljus. Den ovala formen ger ocks\u00e5 en rund och balanserad form till inredningen. Kombinera g\u00e4rna denna ovala lampa med v\u00e5ra socklar och sladdar, som [&hellip;]","og_url":"https:\/\/pachia.eu\/sv\/elfenben-oval-rislampa\/","og_site_name":"Pachia","article_publisher":"https:\/\/www.facebook.com\/pachia.shop","article_modified_time":"2025-03-27T10:10:42+00:00","og_image":[{"width":2000,"height":2000,"url":"https:\/\/pachia.eu\/wp-content\/uploads\/2021\/06\/elfenben-oval-rispapirlampe.png","type":"image\/png"}],"twitter_card":"summary_large_image","schema":{"@context":"https:\/\/schema.org","@graph":[{"@type":"WebPage","@id":"https:\/\/pachia.eu\/sv\/elfenben-oval-rislampa\/","url":"https:\/\/pachia.eu\/sv\/elfenben-oval-rislampa\/","name":"40cm Elfenben Oval Rispapper Lampa | Ovala | - Pachia","isPartOf":{"@id":"https:\/\/pachia.eu\/sv\/#website"},"primaryImageOfPage":{"@id":"https:\/\/pachia.eu\/sv\/elfenben-oval-rislampa\/#primaryimage"},"image":{"@id":"https:\/\/pachia.eu\/sv\/elfenben-oval-rislampa\/#primaryimage"},"thumbnailUrl":"https:\/\/pachia.eu\/wp-content\/uploads\/2021\/06\/elfenben-oval-rispapirlampe.png","datePublished":"2021-06-15T14:53:26+00:00","dateModified":"2025-03-27T10:10:42+00:00","breadcrumb":{"@id":"https:\/\/pachia.eu\/sv\/elfenben-oval-rislampa\/#breadcrumb"},"inLanguage":"sv-SE","potentialAction":[{"@type":"ReadAction","target":["https:\/\/pachia.eu\/sv\/elfenben-oval-rislampa\/"]}]},{"@type":"ImageObject","inLanguage":"sv-SE","@id":"https:\/\/pachia.eu\/sv\/elfenben-oval-rislampa\/#primaryimage","url":"https:\/\/pachia.eu\/wp-content\/uploads\/2021\/06\/elfenben-oval-rispapirlampe.png","contentUrl":"https:\/\/pachia.eu\/wp-content\/uploads\/2021\/06\/elfenben-oval-rispapirlampe.png","width":2000,"height":2000},{"@type":"BreadcrumbList","@id":"https:\/\/pachia.eu\/sv\/elfenben-oval-rislampa\/#breadcrumb","itemListElement":[{"@type":"ListItem","position":1,"name":"Framsida","item":"https:\/\/pachia.eu\/sv\/"},{"@type":"ListItem","position":2,"name":"Butik","item":"https:\/\/pachia.eu\/sv\/butik\/"},{"@type":"ListItem","position":3,"name":"40cm Elfenben Oval Rispapper Lampa"}]},{"@type":"WebSite","@id":"https:\/\/pachia.eu\/sv\/#website","url":"https:\/\/pachia.eu\/sv\/","name":"Pachia","description":"","publisher":{"@id":"https:\/\/pachia.eu\/sv\/#organization"},"potentialAction":[{"@type":"SearchAction","target":{"@type":"EntryPoint","urlTemplate":"https:\/\/pachia.eu\/sv\/?s={search_term_string}"},"query-input":{"@type":"PropertyValueSpecification","valueRequired":true,"valueName":"search_term_string"}}],"inLanguage":"sv-SE"},{"@type":"Organization","@id":"https:\/\/pachia.eu\/sv\/#organization","name":"Pachia ApS","url":"https:\/\/pachia.eu\/sv\/","logo":{"@type":"ImageObject","inLanguage":"sv-SE","@id":"https:\/\/pachia.eu\/sv\/#\/schema\/logo\/image\/","url":"https:\/\/jocaonline.dk\/wp-content\/uploads\/2020\/10\/decoration-logo-small.png","contentUrl":"https:\/\/jocaonline.dk\/wp-content\/uploads\/2020\/10\/decoration-logo-small.png","width":301,"height":100,"caption":"Pachia ApS"},"image":{"@id":"https:\/\/pachia.eu\/sv\/#\/schema\/logo\/image\/"},"sameAs":["https:\/\/www.facebook.com\/pachia.shop","https:\/\/www.instagram.com\/pachia.eu"]}]}},"_links":{"self":[{"href":"https:\/\/pachia.eu\/sv\/wp-json\/wp\/v2\/product\/2982","targetHints":{"allow":["GET"]}}],"collection":[{"href":"https:\/\/pachia.eu\/sv\/wp-json\/wp\/v2\/product"}],"about":[{"href":"https:\/\/pachia.eu\/sv\/wp-json\/wp\/v2\/types\/product"}],"version-history":[{"count":0,"href":"https:\/\/pachia.eu\/sv\/wp-json\/wp\/v2\/product\/2982\/revisions"}],"wp:featuredmedia":[{"embeddable":true,"href":"https:\/\/pachia.eu\/sv\/wp-json\/wp\/v2\/media\/2552"}],"wp:attachment":[{"href":"https:\/\/pachia.eu\/sv\/wp-json\/wp\/v2\/media?parent=2982"}],"wp:term":[{"taxonomy":"product_brand","embeddable":true,"href":"https:\/\/pachia.eu\/sv\/wp-json\/wp\/v2\/product_brand?post=2982"},{"taxonomy":"product_cat","embeddable":true,"href":"https:\/\/pachia.eu\/sv\/wp-json\/wp\/v2\/product_cat?post=2982"},{"taxonomy":"product_tag","embeddable":true,"href":"https:\/\/pachia.eu\/sv\/wp-json\/wp\/v2\/product_tag?post=2982"},{"taxonomy":"mersalg-tag","embeddable":true,"href":"https:\/\/pachia.eu\/sv\/wp-json\/wp\/v2\/mersalg-tag?post=2982"}],"curies":[{"name":"wp","href":"https:\/\/api.w.org\/{rel}","templated":true}]}}