{"id":2937,"date":"2021-06-15T17:22:35","date_gmt":"2021-06-15T15:22:35","guid":{"rendered":"https:\/\/pachia.eu\/sma-fuchsia-rispapirlamper\/"},"modified":"2025-03-27T11:10:20","modified_gmt":"2025-03-27T10:10:20","slug":"sma-fuchsia-rislampor-ljusslinga","status":"publish","type":"product","link":"https:\/\/pachia.eu\/sv\/sma-fuchsia-rislampor-ljusslinga\/","title":{"rendered":"Sm\u00e5 Fuchsia Rice Paper Lampor"},"content":{"rendered":"<p>Sm\u00e5 fina fuchsiaf\u00e4rgade rispapperslampor med en diameter p\u00e5 endast 9,5 cm. Kombinera dem med v\u00e5ra ljusslingor eller LED-lampor om du vill ha ljus i dem. <\/p>\n<p>Rispapperslamporna \u00e4r roliga att anv\u00e4nda p\u00e5 fester och br\u00f6llop och tillf\u00f6r b\u00e5de f\u00e4rg och djup till din dekoration. H\u00e4ng upp dem p\u00e5 ett sn\u00f6re tillsammans med v\u00e5ra st\u00f6rre rispapperslampor eller med v\u00e5ra pompoms om du vill ha variation i dina dekorationer. <\/p>\n<p>Den starka fuchsiaf\u00e4rgen kan blandas med v\u00e5ra rosa, vita, mintgr\u00f6na eller korallr\u00f6da rispapperslampor om du vill anv\u00e4nda flera olika f\u00e4rger.<\/p>\n","protected":false},"excerpt":{"rendered":"<p>Sm\u00e5 fina fuchsiaf\u00e4rgade rispapperslampor med en diameter p\u00e5 endast 9,5 cm. Kombinera dem med v\u00e5ra ljusslingor eller LED-lampor om du vill ha ljus i dem. Rispapperslamporna \u00e4r roliga att anv\u00e4nda p\u00e5 fester och br\u00f6llop och tillf\u00f6r b\u00e5de f\u00e4rg och djup till din dekoration. H\u00e4ng upp dem p\u00e5 ett sn\u00f6re tillsammans med v\u00e5ra st\u00f6rre rispapperslampor eller [&hellip;]<\/p>\n","protected":false},"featured_media":4316,"template":"","meta":{"_lmt_disableupdate":"","_lmt_disable":""},"product_brand":[],"product_cat":[153,147],"product_tag":[],"mersalg-tag":[],"class_list":{"0":"post-2937","1":"product","2":"type-product","3":"status-publish","4":"has-post-thumbnail","6":"product_cat-ljusslingor","7":"product_cat-produkter-sv","9":"first","10":"instock","11":"taxable","12":"shipping-taxable","13":"purchasable","14":"product-type-simple"},"yoast_head":"<!-- This site is optimized with the Yoast SEO plugin v27.3 - https:\/\/yoast.com\/product\/yoast-seo-wordpress\/ -->\n<title>Sm\u00e5 Fuchsia Rice Paper Lampor | Ljusslingor &amp; rislampor | - Pachia<\/title>\n<meta name=\"robots\" content=\"index, follow, max-snippet:-1, max-image-preview:large, max-video-preview:-1\" \/>\n<link rel=\"canonical\" href=\"https:\/\/pachia.eu\/sv\/sma-fuchsia-rislampor-ljusslinga\/\" \/>\n<meta property=\"og:locale\" content=\"sv_SE\" \/>\n<meta property=\"og:type\" content=\"article\" \/>\n<meta property=\"og:title\" content=\"Sm\u00e5 Fuchsia Rice Paper Lampor | Ljusslingor &amp; rislampor | - Pachia\" \/>\n<meta property=\"og:description\" content=\"Sm\u00e5 fina fuchsiaf\u00e4rgade rispapperslampor med en diameter p\u00e5 endast 9,5 cm. Kombinera dem med v\u00e5ra ljusslingor eller LED-lampor om du vill ha ljus i dem. Rispapperslamporna \u00e4r roliga att anv\u00e4nda p\u00e5 fester och br\u00f6llop och tillf\u00f6r b\u00e5de f\u00e4rg och djup till din dekoration. H\u00e4ng upp dem p\u00e5 ett sn\u00f6re tillsammans med v\u00e5ra st\u00f6rre rispapperslampor eller [&hellip;]\" \/>\n<meta property=\"og:url\" content=\"https:\/\/pachia.eu\/sv\/sma-fuchsia-rislampor-ljusslinga\/\" \/>\n<meta property=\"og:site_name\" content=\"Pachia\" \/>\n<meta property=\"article:publisher\" content=\"https:\/\/www.facebook.com\/pachia.shop\" \/>\n<meta property=\"article:modified_time\" content=\"2025-03-27T10:10:20+00:00\" \/>\n<meta property=\"og:image\" content=\"https:\/\/pachia.eu\/wp-content\/uploads\/2021\/06\/smaa-fuchsia-rispapirlamper.png\" \/>\n\t<meta property=\"og:image:width\" content=\"2000\" \/>\n\t<meta property=\"og:image:height\" content=\"2000\" \/>\n\t<meta property=\"og:image:type\" content=\"image\/png\" \/>\n<meta name=\"twitter:card\" content=\"summary_large_image\" \/>\n<meta name=\"twitter:label1\" content=\"Ber\u00e4knad l\u00e4stid\" \/>\n\t<meta name=\"twitter:data1\" content=\"1 minut\" \/>\n<script type=\"application\/ld+json\" class=\"yoast-schema-graph\">{\"@context\":\"https:\\\/\\\/schema.org\",\"@graph\":[{\"@type\":\"WebPage\",\"@id\":\"https:\\\/\\\/pachia.eu\\\/sv\\\/sma-fuchsia-rislampor-ljusslinga\\\/\",\"url\":\"https:\\\/\\\/pachia.eu\\\/sv\\\/sma-fuchsia-rislampor-ljusslinga\\\/\",\"name\":\"Sm\u00e5 Fuchsia Rice Paper Lampor | Ljusslingor &amp; rislampor | - Pachia\",\"isPartOf\":{\"@id\":\"https:\\\/\\\/pachia.eu\\\/sv\\\/#website\"},\"primaryImageOfPage\":{\"@id\":\"https:\\\/\\\/pachia.eu\\\/sv\\\/sma-fuchsia-rislampor-ljusslinga\\\/#primaryimage\"},\"image\":{\"@id\":\"https:\\\/\\\/pachia.eu\\\/sv\\\/sma-fuchsia-rislampor-ljusslinga\\\/#primaryimage\"},\"thumbnailUrl\":\"https:\\\/\\\/pachia.eu\\\/wp-content\\\/uploads\\\/2021\\\/06\\\/smaa-fuchsia-rispapirlamper.png\",\"datePublished\":\"2021-06-15T15:22:35+00:00\",\"dateModified\":\"2025-03-27T10:10:20+00:00\",\"breadcrumb\":{\"@id\":\"https:\\\/\\\/pachia.eu\\\/sv\\\/sma-fuchsia-rislampor-ljusslinga\\\/#breadcrumb\"},\"inLanguage\":\"sv-SE\",\"potentialAction\":[{\"@type\":\"ReadAction\",\"target\":[\"https:\\\/\\\/pachia.eu\\\/sv\\\/sma-fuchsia-rislampor-ljusslinga\\\/\"]}]},{\"@type\":\"ImageObject\",\"inLanguage\":\"sv-SE\",\"@id\":\"https:\\\/\\\/pachia.eu\\\/sv\\\/sma-fuchsia-rislampor-ljusslinga\\\/#primaryimage\",\"url\":\"https:\\\/\\\/pachia.eu\\\/wp-content\\\/uploads\\\/2021\\\/06\\\/smaa-fuchsia-rispapirlamper.png\",\"contentUrl\":\"https:\\\/\\\/pachia.eu\\\/wp-content\\\/uploads\\\/2021\\\/06\\\/smaa-fuchsia-rispapirlamper.png\",\"width\":2000,\"height\":2000},{\"@type\":\"BreadcrumbList\",\"@id\":\"https:\\\/\\\/pachia.eu\\\/sv\\\/sma-fuchsia-rislampor-ljusslinga\\\/#breadcrumb\",\"itemListElement\":[{\"@type\":\"ListItem\",\"position\":1,\"name\":\"Framsida\",\"item\":\"https:\\\/\\\/pachia.eu\\\/sv\\\/\"},{\"@type\":\"ListItem\",\"position\":2,\"name\":\"Butik\",\"item\":\"https:\\\/\\\/pachia.eu\\\/sv\\\/butik\\\/\"},{\"@type\":\"ListItem\",\"position\":3,\"name\":\"Sm\u00e5 Fuchsia Rice Paper Lampor\"}]},{\"@type\":\"WebSite\",\"@id\":\"https:\\\/\\\/pachia.eu\\\/sv\\\/#website\",\"url\":\"https:\\\/\\\/pachia.eu\\\/sv\\\/\",\"name\":\"Pachia\",\"description\":\"\",\"publisher\":{\"@id\":\"https:\\\/\\\/pachia.eu\\\/sv\\\/#organization\"},\"potentialAction\":[{\"@type\":\"SearchAction\",\"target\":{\"@type\":\"EntryPoint\",\"urlTemplate\":\"https:\\\/\\\/pachia.eu\\\/sv\\\/?s={search_term_string}\"},\"query-input\":{\"@type\":\"PropertyValueSpecification\",\"valueRequired\":true,\"valueName\":\"search_term_string\"}}],\"inLanguage\":\"sv-SE\"},{\"@type\":\"Organization\",\"@id\":\"https:\\\/\\\/pachia.eu\\\/sv\\\/#organization\",\"name\":\"Pachia ApS\",\"url\":\"https:\\\/\\\/pachia.eu\\\/sv\\\/\",\"logo\":{\"@type\":\"ImageObject\",\"inLanguage\":\"sv-SE\",\"@id\":\"https:\\\/\\\/pachia.eu\\\/sv\\\/#\\\/schema\\\/logo\\\/image\\\/\",\"url\":\"https:\\\/\\\/jocaonline.dk\\\/wp-content\\\/uploads\\\/2020\\\/10\\\/decoration-logo-small.png\",\"contentUrl\":\"https:\\\/\\\/jocaonline.dk\\\/wp-content\\\/uploads\\\/2020\\\/10\\\/decoration-logo-small.png\",\"width\":301,\"height\":100,\"caption\":\"Pachia ApS\"},\"image\":{\"@id\":\"https:\\\/\\\/pachia.eu\\\/sv\\\/#\\\/schema\\\/logo\\\/image\\\/\"},\"sameAs\":[\"https:\\\/\\\/www.facebook.com\\\/pachia.shop\",\"https:\\\/\\\/www.instagram.com\\\/pachia.eu\"]}]}<\/script>\n<!-- \/ Yoast SEO plugin. -->","yoast_head_json":{"title":"Sm\u00e5 Fuchsia Rice Paper Lampor | Ljusslingor &amp; rislampor | - Pachia","robots":{"index":"index","follow":"follow","max-snippet":"max-snippet:-1","max-image-preview":"max-image-preview:large","max-video-preview":"max-video-preview:-1"},"canonical":"https:\/\/pachia.eu\/sv\/sma-fuchsia-rislampor-ljusslinga\/","og_locale":"sv_SE","og_type":"article","og_title":"Sm\u00e5 Fuchsia Rice Paper Lampor | Ljusslingor &amp; rislampor | - Pachia","og_description":"Sm\u00e5 fina fuchsiaf\u00e4rgade rispapperslampor med en diameter p\u00e5 endast 9,5 cm. Kombinera dem med v\u00e5ra ljusslingor eller LED-lampor om du vill ha ljus i dem. Rispapperslamporna \u00e4r roliga att anv\u00e4nda p\u00e5 fester och br\u00f6llop och tillf\u00f6r b\u00e5de f\u00e4rg och djup till din dekoration. H\u00e4ng upp dem p\u00e5 ett sn\u00f6re tillsammans med v\u00e5ra st\u00f6rre rispapperslampor eller [&hellip;]","og_url":"https:\/\/pachia.eu\/sv\/sma-fuchsia-rislampor-ljusslinga\/","og_site_name":"Pachia","article_publisher":"https:\/\/www.facebook.com\/pachia.shop","article_modified_time":"2025-03-27T10:10:20+00:00","og_image":[{"width":2000,"height":2000,"url":"https:\/\/pachia.eu\/wp-content\/uploads\/2021\/06\/smaa-fuchsia-rispapirlamper.png","type":"image\/png"}],"twitter_card":"summary_large_image","twitter_misc":{"Ber\u00e4knad l\u00e4stid":"1 minut"},"schema":{"@context":"https:\/\/schema.org","@graph":[{"@type":"WebPage","@id":"https:\/\/pachia.eu\/sv\/sma-fuchsia-rislampor-ljusslinga\/","url":"https:\/\/pachia.eu\/sv\/sma-fuchsia-rislampor-ljusslinga\/","name":"Sm\u00e5 Fuchsia Rice Paper Lampor | Ljusslingor &amp; rislampor | - Pachia","isPartOf":{"@id":"https:\/\/pachia.eu\/sv\/#website"},"primaryImageOfPage":{"@id":"https:\/\/pachia.eu\/sv\/sma-fuchsia-rislampor-ljusslinga\/#primaryimage"},"image":{"@id":"https:\/\/pachia.eu\/sv\/sma-fuchsia-rislampor-ljusslinga\/#primaryimage"},"thumbnailUrl":"https:\/\/pachia.eu\/wp-content\/uploads\/2021\/06\/smaa-fuchsia-rispapirlamper.png","datePublished":"2021-06-15T15:22:35+00:00","dateModified":"2025-03-27T10:10:20+00:00","breadcrumb":{"@id":"https:\/\/pachia.eu\/sv\/sma-fuchsia-rislampor-ljusslinga\/#breadcrumb"},"inLanguage":"sv-SE","potentialAction":[{"@type":"ReadAction","target":["https:\/\/pachia.eu\/sv\/sma-fuchsia-rislampor-ljusslinga\/"]}]},{"@type":"ImageObject","inLanguage":"sv-SE","@id":"https:\/\/pachia.eu\/sv\/sma-fuchsia-rislampor-ljusslinga\/#primaryimage","url":"https:\/\/pachia.eu\/wp-content\/uploads\/2021\/06\/smaa-fuchsia-rispapirlamper.png","contentUrl":"https:\/\/pachia.eu\/wp-content\/uploads\/2021\/06\/smaa-fuchsia-rispapirlamper.png","width":2000,"height":2000},{"@type":"BreadcrumbList","@id":"https:\/\/pachia.eu\/sv\/sma-fuchsia-rislampor-ljusslinga\/#breadcrumb","itemListElement":[{"@type":"ListItem","position":1,"name":"Framsida","item":"https:\/\/pachia.eu\/sv\/"},{"@type":"ListItem","position":2,"name":"Butik","item":"https:\/\/pachia.eu\/sv\/butik\/"},{"@type":"ListItem","position":3,"name":"Sm\u00e5 Fuchsia Rice Paper Lampor"}]},{"@type":"WebSite","@id":"https:\/\/pachia.eu\/sv\/#website","url":"https:\/\/pachia.eu\/sv\/","name":"Pachia","description":"","publisher":{"@id":"https:\/\/pachia.eu\/sv\/#organization"},"potentialAction":[{"@type":"SearchAction","target":{"@type":"EntryPoint","urlTemplate":"https:\/\/pachia.eu\/sv\/?s={search_term_string}"},"query-input":{"@type":"PropertyValueSpecification","valueRequired":true,"valueName":"search_term_string"}}],"inLanguage":"sv-SE"},{"@type":"Organization","@id":"https:\/\/pachia.eu\/sv\/#organization","name":"Pachia ApS","url":"https:\/\/pachia.eu\/sv\/","logo":{"@type":"ImageObject","inLanguage":"sv-SE","@id":"https:\/\/pachia.eu\/sv\/#\/schema\/logo\/image\/","url":"https:\/\/jocaonline.dk\/wp-content\/uploads\/2020\/10\/decoration-logo-small.png","contentUrl":"https:\/\/jocaonline.dk\/wp-content\/uploads\/2020\/10\/decoration-logo-small.png","width":301,"height":100,"caption":"Pachia ApS"},"image":{"@id":"https:\/\/pachia.eu\/sv\/#\/schema\/logo\/image\/"},"sameAs":["https:\/\/www.facebook.com\/pachia.shop","https:\/\/www.instagram.com\/pachia.eu"]}]}},"_links":{"self":[{"href":"https:\/\/pachia.eu\/sv\/wp-json\/wp\/v2\/product\/2937","targetHints":{"allow":["GET"]}}],"collection":[{"href":"https:\/\/pachia.eu\/sv\/wp-json\/wp\/v2\/product"}],"about":[{"href":"https:\/\/pachia.eu\/sv\/wp-json\/wp\/v2\/types\/product"}],"version-history":[{"count":0,"href":"https:\/\/pachia.eu\/sv\/wp-json\/wp\/v2\/product\/2937\/revisions"}],"wp:featuredmedia":[{"embeddable":true,"href":"https:\/\/pachia.eu\/sv\/wp-json\/wp\/v2\/media\/4316"}],"wp:attachment":[{"href":"https:\/\/pachia.eu\/sv\/wp-json\/wp\/v2\/media?parent=2937"}],"wp:term":[{"taxonomy":"product_brand","embeddable":true,"href":"https:\/\/pachia.eu\/sv\/wp-json\/wp\/v2\/product_brand?post=2937"},{"taxonomy":"product_cat","embeddable":true,"href":"https:\/\/pachia.eu\/sv\/wp-json\/wp\/v2\/product_cat?post=2937"},{"taxonomy":"product_tag","embeddable":true,"href":"https:\/\/pachia.eu\/sv\/wp-json\/wp\/v2\/product_tag?post=2937"},{"taxonomy":"mersalg-tag","embeddable":true,"href":"https:\/\/pachia.eu\/sv\/wp-json\/wp\/v2\/mersalg-tag?post=2937"}],"curies":[{"name":"wp","href":"https:\/\/api.w.org\/{rel}","templated":true}]}}