{"id":2916,"date":"2021-06-16T16:55:18","date_gmt":"2021-06-16T14:55:18","guid":{"rendered":"https:\/\/pachia.eu\/sma-babybla-rislampor-ljusslingor\/"},"modified":"2025-03-27T11:10:06","modified_gmt":"2025-03-27T10:10:06","slug":"sma-babybla-rislampor-ljusslingor","status":"publish","type":"product","link":"https:\/\/pachia.eu\/sv\/sma-babybla-rislampor-ljusslingor\/","title":{"rendered":"Sm\u00e5 Baby Bl\u00e5 Ris Papperslampor"},"content":{"rendered":"<p>S\u00f6ta sm\u00e5 babybl\u00e5 rispapperslampor f\u00f6r barnrummet, dop eller br\u00f6llop. Den vackra f\u00e4rgen \u00e4r extremt l\u00e4mplig som dekoration f\u00f6r festliga evenemang, d\u00e4r du beh\u00f6ver dekorera med en vacker men diskret f\u00e4rg som inte tar all uppm\u00e4rksamhet. S\u00e4tt lamporna p\u00e5 en ljusslinga och blanda dem med v\u00e5ra vita, havsbl\u00e5, ljusgula eller gr\u00f6na rispapperslampor om du vill skapa mer variation i din dekoration.  <\/p>\n<ul>\n<li>Storlek: 9,5 cm i diameter<\/li>\n<li>Kan kombineras med v\u00e5ra ljuskedjor<\/li>\n<\/ul>\n","protected":false},"excerpt":{"rendered":"<p>S\u00f6ta sm\u00e5 babybl\u00e5 rispapperslampor f\u00f6r barnrummet, dop eller br\u00f6llop. Den vackra f\u00e4rgen \u00e4r extremt l\u00e4mplig som dekoration f\u00f6r festliga evenemang, d\u00e4r du beh\u00f6ver dekorera med en vacker men diskret f\u00e4rg som inte tar all uppm\u00e4rksamhet. S\u00e4tt lamporna p\u00e5 en ljusslinga och blanda dem med v\u00e5ra vita, havsbl\u00e5, ljusgula eller gr\u00f6na rispapperslampor om du vill skapa [&hellip;]<\/p>\n","protected":false},"featured_media":4372,"template":"","meta":{"_lmt_disableupdate":"","_lmt_disable":""},"product_brand":[],"product_cat":[149,153,147],"product_tag":[],"mersalg-tag":[],"class_list":{"0":"post-2916","1":"product","2":"type-product","3":"status-publish","4":"has-post-thumbnail","6":"product_cat-festartiklar","7":"product_cat-ljusslingor","8":"product_cat-produkter-sv","10":"first","11":"instock","12":"taxable","13":"shipping-taxable","14":"purchasable","15":"product-type-simple"},"yoast_head":"<!-- This site is optimized with the Yoast SEO plugin v27.3 - https:\/\/yoast.com\/product\/yoast-seo-wordpress\/ -->\n<title>Sm\u00e5 Baby Bl\u00e5 Ris Papperslampor | Ljusslingor &amp; rislampor | - Pachia<\/title>\n<meta name=\"robots\" content=\"index, follow, max-snippet:-1, max-image-preview:large, max-video-preview:-1\" \/>\n<link rel=\"canonical\" href=\"https:\/\/pachia.eu\/sv\/sma-babybla-rislampor-ljusslingor\/\" \/>\n<meta property=\"og:locale\" content=\"sv_SE\" \/>\n<meta property=\"og:type\" content=\"article\" \/>\n<meta property=\"og:title\" content=\"Sm\u00e5 Baby Bl\u00e5 Ris Papperslampor | Ljusslingor &amp; rislampor | - Pachia\" \/>\n<meta property=\"og:description\" content=\"S\u00f6ta sm\u00e5 babybl\u00e5 rispapperslampor f\u00f6r barnrummet, dop eller br\u00f6llop. Den vackra f\u00e4rgen \u00e4r extremt l\u00e4mplig som dekoration f\u00f6r festliga evenemang, d\u00e4r du beh\u00f6ver dekorera med en vacker men diskret f\u00e4rg som inte tar all uppm\u00e4rksamhet. S\u00e4tt lamporna p\u00e5 en ljusslinga och blanda dem med v\u00e5ra vita, havsbl\u00e5, ljusgula eller gr\u00f6na rispapperslampor om du vill skapa [&hellip;]\" \/>\n<meta property=\"og:url\" content=\"https:\/\/pachia.eu\/sv\/sma-babybla-rislampor-ljusslingor\/\" \/>\n<meta property=\"og:site_name\" content=\"Pachia\" \/>\n<meta property=\"article:publisher\" content=\"https:\/\/www.facebook.com\/pachia.shop\" \/>\n<meta property=\"article:modified_time\" content=\"2025-03-27T10:10:06+00:00\" \/>\n<meta property=\"og:image\" content=\"https:\/\/pachia.eu\/wp-content\/uploads\/2021\/06\/smaa-babyblaa.png\" \/>\n\t<meta property=\"og:image:width\" content=\"2000\" \/>\n\t<meta property=\"og:image:height\" content=\"2000\" \/>\n\t<meta property=\"og:image:type\" content=\"image\/png\" \/>\n<meta name=\"twitter:card\" content=\"summary_large_image\" \/>\n<script type=\"application\/ld+json\" class=\"yoast-schema-graph\">{\"@context\":\"https:\\\/\\\/schema.org\",\"@graph\":[{\"@type\":\"WebPage\",\"@id\":\"https:\\\/\\\/pachia.eu\\\/sv\\\/sma-babybla-rislampor-ljusslingor\\\/\",\"url\":\"https:\\\/\\\/pachia.eu\\\/sv\\\/sma-babybla-rislampor-ljusslingor\\\/\",\"name\":\"Sm\u00e5 Baby Bl\u00e5 Ris Papperslampor | Ljusslingor &amp; rislampor | - Pachia\",\"isPartOf\":{\"@id\":\"https:\\\/\\\/pachia.eu\\\/sv\\\/#website\"},\"primaryImageOfPage\":{\"@id\":\"https:\\\/\\\/pachia.eu\\\/sv\\\/sma-babybla-rislampor-ljusslingor\\\/#primaryimage\"},\"image\":{\"@id\":\"https:\\\/\\\/pachia.eu\\\/sv\\\/sma-babybla-rislampor-ljusslingor\\\/#primaryimage\"},\"thumbnailUrl\":\"https:\\\/\\\/pachia.eu\\\/wp-content\\\/uploads\\\/2021\\\/06\\\/smaa-babyblaa.png\",\"datePublished\":\"2021-06-16T14:55:18+00:00\",\"dateModified\":\"2025-03-27T10:10:06+00:00\",\"breadcrumb\":{\"@id\":\"https:\\\/\\\/pachia.eu\\\/sv\\\/sma-babybla-rislampor-ljusslingor\\\/#breadcrumb\"},\"inLanguage\":\"sv-SE\",\"potentialAction\":[{\"@type\":\"ReadAction\",\"target\":[\"https:\\\/\\\/pachia.eu\\\/sv\\\/sma-babybla-rislampor-ljusslingor\\\/\"]}]},{\"@type\":\"ImageObject\",\"inLanguage\":\"sv-SE\",\"@id\":\"https:\\\/\\\/pachia.eu\\\/sv\\\/sma-babybla-rislampor-ljusslingor\\\/#primaryimage\",\"url\":\"https:\\\/\\\/pachia.eu\\\/wp-content\\\/uploads\\\/2021\\\/06\\\/smaa-babyblaa.png\",\"contentUrl\":\"https:\\\/\\\/pachia.eu\\\/wp-content\\\/uploads\\\/2021\\\/06\\\/smaa-babyblaa.png\",\"width\":2000,\"height\":2000},{\"@type\":\"BreadcrumbList\",\"@id\":\"https:\\\/\\\/pachia.eu\\\/sv\\\/sma-babybla-rislampor-ljusslingor\\\/#breadcrumb\",\"itemListElement\":[{\"@type\":\"ListItem\",\"position\":1,\"name\":\"Framsida\",\"item\":\"https:\\\/\\\/pachia.eu\\\/sv\\\/\"},{\"@type\":\"ListItem\",\"position\":2,\"name\":\"Butik\",\"item\":\"https:\\\/\\\/pachia.eu\\\/sv\\\/butik\\\/\"},{\"@type\":\"ListItem\",\"position\":3,\"name\":\"Sm\u00e5 Baby Bl\u00e5 Ris Papperslampor\"}]},{\"@type\":\"WebSite\",\"@id\":\"https:\\\/\\\/pachia.eu\\\/sv\\\/#website\",\"url\":\"https:\\\/\\\/pachia.eu\\\/sv\\\/\",\"name\":\"Pachia\",\"description\":\"\",\"publisher\":{\"@id\":\"https:\\\/\\\/pachia.eu\\\/sv\\\/#organization\"},\"potentialAction\":[{\"@type\":\"SearchAction\",\"target\":{\"@type\":\"EntryPoint\",\"urlTemplate\":\"https:\\\/\\\/pachia.eu\\\/sv\\\/?s={search_term_string}\"},\"query-input\":{\"@type\":\"PropertyValueSpecification\",\"valueRequired\":true,\"valueName\":\"search_term_string\"}}],\"inLanguage\":\"sv-SE\"},{\"@type\":\"Organization\",\"@id\":\"https:\\\/\\\/pachia.eu\\\/sv\\\/#organization\",\"name\":\"Pachia ApS\",\"url\":\"https:\\\/\\\/pachia.eu\\\/sv\\\/\",\"logo\":{\"@type\":\"ImageObject\",\"inLanguage\":\"sv-SE\",\"@id\":\"https:\\\/\\\/pachia.eu\\\/sv\\\/#\\\/schema\\\/logo\\\/image\\\/\",\"url\":\"https:\\\/\\\/jocaonline.dk\\\/wp-content\\\/uploads\\\/2020\\\/10\\\/decoration-logo-small.png\",\"contentUrl\":\"https:\\\/\\\/jocaonline.dk\\\/wp-content\\\/uploads\\\/2020\\\/10\\\/decoration-logo-small.png\",\"width\":301,\"height\":100,\"caption\":\"Pachia ApS\"},\"image\":{\"@id\":\"https:\\\/\\\/pachia.eu\\\/sv\\\/#\\\/schema\\\/logo\\\/image\\\/\"},\"sameAs\":[\"https:\\\/\\\/www.facebook.com\\\/pachia.shop\",\"https:\\\/\\\/www.instagram.com\\\/pachia.eu\"]}]}<\/script>\n<!-- \/ Yoast SEO plugin. -->","yoast_head_json":{"title":"Sm\u00e5 Baby Bl\u00e5 Ris Papperslampor | Ljusslingor &amp; rislampor | - Pachia","robots":{"index":"index","follow":"follow","max-snippet":"max-snippet:-1","max-image-preview":"max-image-preview:large","max-video-preview":"max-video-preview:-1"},"canonical":"https:\/\/pachia.eu\/sv\/sma-babybla-rislampor-ljusslingor\/","og_locale":"sv_SE","og_type":"article","og_title":"Sm\u00e5 Baby Bl\u00e5 Ris Papperslampor | Ljusslingor &amp; rislampor | - Pachia","og_description":"S\u00f6ta sm\u00e5 babybl\u00e5 rispapperslampor f\u00f6r barnrummet, dop eller br\u00f6llop. Den vackra f\u00e4rgen \u00e4r extremt l\u00e4mplig som dekoration f\u00f6r festliga evenemang, d\u00e4r du beh\u00f6ver dekorera med en vacker men diskret f\u00e4rg som inte tar all uppm\u00e4rksamhet. S\u00e4tt lamporna p\u00e5 en ljusslinga och blanda dem med v\u00e5ra vita, havsbl\u00e5, ljusgula eller gr\u00f6na rispapperslampor om du vill skapa [&hellip;]","og_url":"https:\/\/pachia.eu\/sv\/sma-babybla-rislampor-ljusslingor\/","og_site_name":"Pachia","article_publisher":"https:\/\/www.facebook.com\/pachia.shop","article_modified_time":"2025-03-27T10:10:06+00:00","og_image":[{"width":2000,"height":2000,"url":"https:\/\/pachia.eu\/wp-content\/uploads\/2021\/06\/smaa-babyblaa.png","type":"image\/png"}],"twitter_card":"summary_large_image","schema":{"@context":"https:\/\/schema.org","@graph":[{"@type":"WebPage","@id":"https:\/\/pachia.eu\/sv\/sma-babybla-rislampor-ljusslingor\/","url":"https:\/\/pachia.eu\/sv\/sma-babybla-rislampor-ljusslingor\/","name":"Sm\u00e5 Baby Bl\u00e5 Ris Papperslampor | Ljusslingor &amp; rislampor | - Pachia","isPartOf":{"@id":"https:\/\/pachia.eu\/sv\/#website"},"primaryImageOfPage":{"@id":"https:\/\/pachia.eu\/sv\/sma-babybla-rislampor-ljusslingor\/#primaryimage"},"image":{"@id":"https:\/\/pachia.eu\/sv\/sma-babybla-rislampor-ljusslingor\/#primaryimage"},"thumbnailUrl":"https:\/\/pachia.eu\/wp-content\/uploads\/2021\/06\/smaa-babyblaa.png","datePublished":"2021-06-16T14:55:18+00:00","dateModified":"2025-03-27T10:10:06+00:00","breadcrumb":{"@id":"https:\/\/pachia.eu\/sv\/sma-babybla-rislampor-ljusslingor\/#breadcrumb"},"inLanguage":"sv-SE","potentialAction":[{"@type":"ReadAction","target":["https:\/\/pachia.eu\/sv\/sma-babybla-rislampor-ljusslingor\/"]}]},{"@type":"ImageObject","inLanguage":"sv-SE","@id":"https:\/\/pachia.eu\/sv\/sma-babybla-rislampor-ljusslingor\/#primaryimage","url":"https:\/\/pachia.eu\/wp-content\/uploads\/2021\/06\/smaa-babyblaa.png","contentUrl":"https:\/\/pachia.eu\/wp-content\/uploads\/2021\/06\/smaa-babyblaa.png","width":2000,"height":2000},{"@type":"BreadcrumbList","@id":"https:\/\/pachia.eu\/sv\/sma-babybla-rislampor-ljusslingor\/#breadcrumb","itemListElement":[{"@type":"ListItem","position":1,"name":"Framsida","item":"https:\/\/pachia.eu\/sv\/"},{"@type":"ListItem","position":2,"name":"Butik","item":"https:\/\/pachia.eu\/sv\/butik\/"},{"@type":"ListItem","position":3,"name":"Sm\u00e5 Baby Bl\u00e5 Ris Papperslampor"}]},{"@type":"WebSite","@id":"https:\/\/pachia.eu\/sv\/#website","url":"https:\/\/pachia.eu\/sv\/","name":"Pachia","description":"","publisher":{"@id":"https:\/\/pachia.eu\/sv\/#organization"},"potentialAction":[{"@type":"SearchAction","target":{"@type":"EntryPoint","urlTemplate":"https:\/\/pachia.eu\/sv\/?s={search_term_string}"},"query-input":{"@type":"PropertyValueSpecification","valueRequired":true,"valueName":"search_term_string"}}],"inLanguage":"sv-SE"},{"@type":"Organization","@id":"https:\/\/pachia.eu\/sv\/#organization","name":"Pachia ApS","url":"https:\/\/pachia.eu\/sv\/","logo":{"@type":"ImageObject","inLanguage":"sv-SE","@id":"https:\/\/pachia.eu\/sv\/#\/schema\/logo\/image\/","url":"https:\/\/jocaonline.dk\/wp-content\/uploads\/2020\/10\/decoration-logo-small.png","contentUrl":"https:\/\/jocaonline.dk\/wp-content\/uploads\/2020\/10\/decoration-logo-small.png","width":301,"height":100,"caption":"Pachia ApS"},"image":{"@id":"https:\/\/pachia.eu\/sv\/#\/schema\/logo\/image\/"},"sameAs":["https:\/\/www.facebook.com\/pachia.shop","https:\/\/www.instagram.com\/pachia.eu"]}]}},"_links":{"self":[{"href":"https:\/\/pachia.eu\/sv\/wp-json\/wp\/v2\/product\/2916","targetHints":{"allow":["GET"]}}],"collection":[{"href":"https:\/\/pachia.eu\/sv\/wp-json\/wp\/v2\/product"}],"about":[{"href":"https:\/\/pachia.eu\/sv\/wp-json\/wp\/v2\/types\/product"}],"version-history":[{"count":0,"href":"https:\/\/pachia.eu\/sv\/wp-json\/wp\/v2\/product\/2916\/revisions"}],"wp:featuredmedia":[{"embeddable":true,"href":"https:\/\/pachia.eu\/sv\/wp-json\/wp\/v2\/media\/4372"}],"wp:attachment":[{"href":"https:\/\/pachia.eu\/sv\/wp-json\/wp\/v2\/media?parent=2916"}],"wp:term":[{"taxonomy":"product_brand","embeddable":true,"href":"https:\/\/pachia.eu\/sv\/wp-json\/wp\/v2\/product_brand?post=2916"},{"taxonomy":"product_cat","embeddable":true,"href":"https:\/\/pachia.eu\/sv\/wp-json\/wp\/v2\/product_cat?post=2916"},{"taxonomy":"product_tag","embeddable":true,"href":"https:\/\/pachia.eu\/sv\/wp-json\/wp\/v2\/product_tag?post=2916"},{"taxonomy":"mersalg-tag","embeddable":true,"href":"https:\/\/pachia.eu\/sv\/wp-json\/wp\/v2\/mersalg-tag?post=2916"}],"curies":[{"name":"wp","href":"https:\/\/api.w.org\/{rel}","templated":true}]}}