{"id":291,"date":"2021-01-07T18:02:11","date_gmt":"2021-01-07T17:02:11","guid":{"rendered":"https:\/\/pachia.eu\/premium-oval-40cm\/"},"modified":"2026-01-05T14:46:55","modified_gmt":"2026-01-05T13:46:55","slug":"premium-oval-40cm","status":"publish","type":"product","link":"https:\/\/pachia.eu\/sv\/premium-oval-40cm\/","title":{"rendered":"Premium oval 40cm"},"content":{"rendered":"<p>Den h\u00e4r lampan \u00e4r en del av v\u00e5ran Premium Collection som \u00e4r handtillverkade lampor av h\u00f6g kvalitet. Lampan har ett stiligt design som ser bra ut b\u00e5de med och utan ljus i. Den ovala formen g\u00f6r sig bra \u00f6ver bord och m\u00f6bler d\u00e5 den \u00e4r l\u00e5g i h\u00f6jden.<\/p>\n<p>Lampan \u00e4r tillverkad av rispapper som sprider ljuset perfekt och sk\u00e4rmar av s\u00e5 man inte f\u00e5r direkt ljus i \u00f6gonen. Lampan ger ett perfekt ljus som kan lysa upp ett helt rum fr\u00e5n golv till tak.<\/p>\n<p><strong>Specifikationer:<\/strong><\/p>\n<ul>\n<li>Dimensioner: 40cm i diameter, 22cm i h\u00f6jden<\/li>\n<li>Kan anv\u00e4ndas med alla v\u00e5ra upph\u00e4ng\/lamph\u00e5llare<\/li>\n<li>Lamph\u00e5llare och LED lampa medf\u00f6ljer ej<\/li>\n<\/ul>\n","protected":false},"excerpt":{"rendered":"<p>Den h\u00e4r lampan \u00e4r en del av v\u00e5ran Premium Collection som \u00e4r handtillverkade lampor av h\u00f6g kvalitet. Lampan har ett stiligt design som ser bra ut b\u00e5de med och utan ljus i. Den ovala formen g\u00f6r sig bra \u00f6ver bord och m\u00f6bler d\u00e5 den \u00e4r l\u00e5g i h\u00f6jden. Lampan \u00e4r tillverkad av rispapper som sprider [&hellip;]<\/p>\n","protected":false},"featured_media":243,"template":"","meta":{"_lmt_disableupdate":"","_lmt_disable":""},"product_brand":[],"product_cat":[302,140,155,157,158,147],"product_tag":[],"mersalg-tag":[],"class_list":{"0":"post-291","1":"product","2":"type-product","3":"status-publish","4":"has-post-thumbnail","6":"product_cat-maessa","7":"product_cat-ovala-lampor","8":"product_cat-papperslampor","9":"product_cat-pendlar-taklampor","10":"product_cat-premium-collection-sv","11":"product_cat-produkter-sv","13":"first","14":"instock","15":"taxable","16":"shipping-taxable","17":"purchasable","18":"product-type-simple"},"yoast_head":"<!-- This site is optimized with the Yoast SEO plugin v27.3 - https:\/\/yoast.com\/product\/yoast-seo-wordpress\/ -->\n<title>Premium oval 40cm | Premium Collection | - Pachia<\/title>\n<meta name=\"robots\" content=\"index, follow, max-snippet:-1, max-image-preview:large, max-video-preview:-1\" \/>\n<link rel=\"canonical\" href=\"https:\/\/pachia.eu\/sv\/premium-oval-40cm\/\" \/>\n<meta property=\"og:locale\" content=\"sv_SE\" \/>\n<meta property=\"og:type\" content=\"article\" \/>\n<meta property=\"og:title\" content=\"Premium oval 40cm | Premium Collection | - Pachia\" \/>\n<meta property=\"og:description\" content=\"Den h\u00e4r lampan \u00e4r en del av v\u00e5ran Premium Collection som \u00e4r handtillverkade lampor av h\u00f6g kvalitet. Lampan har ett stiligt design som ser bra ut b\u00e5de med och utan ljus i. Den ovala formen g\u00f6r sig bra \u00f6ver bord och m\u00f6bler d\u00e5 den \u00e4r l\u00e5g i h\u00f6jden. Lampan \u00e4r tillverkad av rispapper som sprider [&hellip;]\" \/>\n<meta property=\"og:url\" content=\"https:\/\/pachia.eu\/sv\/premium-oval-40cm\/\" \/>\n<meta property=\"og:site_name\" content=\"Pachia\" \/>\n<meta property=\"article:publisher\" content=\"https:\/\/www.facebook.com\/pachia.shop\" \/>\n<meta property=\"article:modified_time\" content=\"2026-01-05T13:46:55+00:00\" \/>\n<meta property=\"og:image\" content=\"https:\/\/pachia.eu\/wp-content\/uploads\/2021\/01\/oval40.jpg\" \/>\n\t<meta property=\"og:image:width\" content=\"2000\" \/>\n\t<meta property=\"og:image:height\" content=\"2000\" \/>\n\t<meta property=\"og:image:type\" content=\"image\/jpeg\" \/>\n<meta name=\"twitter:card\" content=\"summary_large_image\" \/>\n<meta name=\"twitter:label1\" content=\"Ber\u00e4knad l\u00e4stid\" \/>\n\t<meta name=\"twitter:data1\" content=\"1 minut\" \/>\n<script type=\"application\/ld+json\" class=\"yoast-schema-graph\">{\"@context\":\"https:\\\/\\\/schema.org\",\"@graph\":[{\"@type\":\"WebPage\",\"@id\":\"https:\\\/\\\/pachia.eu\\\/sv\\\/premium-oval-40cm\\\/\",\"url\":\"https:\\\/\\\/pachia.eu\\\/sv\\\/premium-oval-40cm\\\/\",\"name\":\"Premium oval 40cm | Premium Collection | - Pachia\",\"isPartOf\":{\"@id\":\"https:\\\/\\\/pachia.eu\\\/sv\\\/#website\"},\"primaryImageOfPage\":{\"@id\":\"https:\\\/\\\/pachia.eu\\\/sv\\\/premium-oval-40cm\\\/#primaryimage\"},\"image\":{\"@id\":\"https:\\\/\\\/pachia.eu\\\/sv\\\/premium-oval-40cm\\\/#primaryimage\"},\"thumbnailUrl\":\"https:\\\/\\\/pachia.eu\\\/wp-content\\\/uploads\\\/2021\\\/01\\\/oval40.jpg\",\"datePublished\":\"2021-01-07T17:02:11+00:00\",\"dateModified\":\"2026-01-05T13:46:55+00:00\",\"breadcrumb\":{\"@id\":\"https:\\\/\\\/pachia.eu\\\/sv\\\/premium-oval-40cm\\\/#breadcrumb\"},\"inLanguage\":\"sv-SE\",\"potentialAction\":[{\"@type\":\"ReadAction\",\"target\":[\"https:\\\/\\\/pachia.eu\\\/sv\\\/premium-oval-40cm\\\/\"]}]},{\"@type\":\"ImageObject\",\"inLanguage\":\"sv-SE\",\"@id\":\"https:\\\/\\\/pachia.eu\\\/sv\\\/premium-oval-40cm\\\/#primaryimage\",\"url\":\"https:\\\/\\\/pachia.eu\\\/wp-content\\\/uploads\\\/2021\\\/01\\\/oval40.jpg\",\"contentUrl\":\"https:\\\/\\\/pachia.eu\\\/wp-content\\\/uploads\\\/2021\\\/01\\\/oval40.jpg\",\"width\":2000,\"height\":2000,\"caption\":\"Rispapirlampe\"},{\"@type\":\"BreadcrumbList\",\"@id\":\"https:\\\/\\\/pachia.eu\\\/sv\\\/premium-oval-40cm\\\/#breadcrumb\",\"itemListElement\":[{\"@type\":\"ListItem\",\"position\":1,\"name\":\"Framsida\",\"item\":\"https:\\\/\\\/pachia.eu\\\/sv\\\/\"},{\"@type\":\"ListItem\",\"position\":2,\"name\":\"Butik\",\"item\":\"https:\\\/\\\/pachia.eu\\\/sv\\\/butik\\\/\"},{\"@type\":\"ListItem\",\"position\":3,\"name\":\"Premium oval 40cm\"}]},{\"@type\":\"WebSite\",\"@id\":\"https:\\\/\\\/pachia.eu\\\/sv\\\/#website\",\"url\":\"https:\\\/\\\/pachia.eu\\\/sv\\\/\",\"name\":\"Pachia\",\"description\":\"\",\"publisher\":{\"@id\":\"https:\\\/\\\/pachia.eu\\\/sv\\\/#organization\"},\"potentialAction\":[{\"@type\":\"SearchAction\",\"target\":{\"@type\":\"EntryPoint\",\"urlTemplate\":\"https:\\\/\\\/pachia.eu\\\/sv\\\/?s={search_term_string}\"},\"query-input\":{\"@type\":\"PropertyValueSpecification\",\"valueRequired\":true,\"valueName\":\"search_term_string\"}}],\"inLanguage\":\"sv-SE\"},{\"@type\":\"Organization\",\"@id\":\"https:\\\/\\\/pachia.eu\\\/sv\\\/#organization\",\"name\":\"Pachia ApS\",\"url\":\"https:\\\/\\\/pachia.eu\\\/sv\\\/\",\"logo\":{\"@type\":\"ImageObject\",\"inLanguage\":\"sv-SE\",\"@id\":\"https:\\\/\\\/pachia.eu\\\/sv\\\/#\\\/schema\\\/logo\\\/image\\\/\",\"url\":\"https:\\\/\\\/jocaonline.dk\\\/wp-content\\\/uploads\\\/2020\\\/10\\\/decoration-logo-small.png\",\"contentUrl\":\"https:\\\/\\\/jocaonline.dk\\\/wp-content\\\/uploads\\\/2020\\\/10\\\/decoration-logo-small.png\",\"width\":301,\"height\":100,\"caption\":\"Pachia ApS\"},\"image\":{\"@id\":\"https:\\\/\\\/pachia.eu\\\/sv\\\/#\\\/schema\\\/logo\\\/image\\\/\"},\"sameAs\":[\"https:\\\/\\\/www.facebook.com\\\/pachia.shop\",\"https:\\\/\\\/www.instagram.com\\\/pachia.eu\"]}]}<\/script>\n<!-- \/ Yoast SEO plugin. -->","yoast_head_json":{"title":"Premium oval 40cm | Premium Collection | - Pachia","robots":{"index":"index","follow":"follow","max-snippet":"max-snippet:-1","max-image-preview":"max-image-preview:large","max-video-preview":"max-video-preview:-1"},"canonical":"https:\/\/pachia.eu\/sv\/premium-oval-40cm\/","og_locale":"sv_SE","og_type":"article","og_title":"Premium oval 40cm | Premium Collection | - Pachia","og_description":"Den h\u00e4r lampan \u00e4r en del av v\u00e5ran Premium Collection som \u00e4r handtillverkade lampor av h\u00f6g kvalitet. Lampan har ett stiligt design som ser bra ut b\u00e5de med och utan ljus i. Den ovala formen g\u00f6r sig bra \u00f6ver bord och m\u00f6bler d\u00e5 den \u00e4r l\u00e5g i h\u00f6jden. Lampan \u00e4r tillverkad av rispapper som sprider [&hellip;]","og_url":"https:\/\/pachia.eu\/sv\/premium-oval-40cm\/","og_site_name":"Pachia","article_publisher":"https:\/\/www.facebook.com\/pachia.shop","article_modified_time":"2026-01-05T13:46:55+00:00","og_image":[{"width":2000,"height":2000,"url":"https:\/\/pachia.eu\/wp-content\/uploads\/2021\/01\/oval40.jpg","type":"image\/jpeg"}],"twitter_card":"summary_large_image","twitter_misc":{"Ber\u00e4knad l\u00e4stid":"1 minut"},"schema":{"@context":"https:\/\/schema.org","@graph":[{"@type":"WebPage","@id":"https:\/\/pachia.eu\/sv\/premium-oval-40cm\/","url":"https:\/\/pachia.eu\/sv\/premium-oval-40cm\/","name":"Premium oval 40cm | Premium Collection | - Pachia","isPartOf":{"@id":"https:\/\/pachia.eu\/sv\/#website"},"primaryImageOfPage":{"@id":"https:\/\/pachia.eu\/sv\/premium-oval-40cm\/#primaryimage"},"image":{"@id":"https:\/\/pachia.eu\/sv\/premium-oval-40cm\/#primaryimage"},"thumbnailUrl":"https:\/\/pachia.eu\/wp-content\/uploads\/2021\/01\/oval40.jpg","datePublished":"2021-01-07T17:02:11+00:00","dateModified":"2026-01-05T13:46:55+00:00","breadcrumb":{"@id":"https:\/\/pachia.eu\/sv\/premium-oval-40cm\/#breadcrumb"},"inLanguage":"sv-SE","potentialAction":[{"@type":"ReadAction","target":["https:\/\/pachia.eu\/sv\/premium-oval-40cm\/"]}]},{"@type":"ImageObject","inLanguage":"sv-SE","@id":"https:\/\/pachia.eu\/sv\/premium-oval-40cm\/#primaryimage","url":"https:\/\/pachia.eu\/wp-content\/uploads\/2021\/01\/oval40.jpg","contentUrl":"https:\/\/pachia.eu\/wp-content\/uploads\/2021\/01\/oval40.jpg","width":2000,"height":2000,"caption":"Rispapirlampe"},{"@type":"BreadcrumbList","@id":"https:\/\/pachia.eu\/sv\/premium-oval-40cm\/#breadcrumb","itemListElement":[{"@type":"ListItem","position":1,"name":"Framsida","item":"https:\/\/pachia.eu\/sv\/"},{"@type":"ListItem","position":2,"name":"Butik","item":"https:\/\/pachia.eu\/sv\/butik\/"},{"@type":"ListItem","position":3,"name":"Premium oval 40cm"}]},{"@type":"WebSite","@id":"https:\/\/pachia.eu\/sv\/#website","url":"https:\/\/pachia.eu\/sv\/","name":"Pachia","description":"","publisher":{"@id":"https:\/\/pachia.eu\/sv\/#organization"},"potentialAction":[{"@type":"SearchAction","target":{"@type":"EntryPoint","urlTemplate":"https:\/\/pachia.eu\/sv\/?s={search_term_string}"},"query-input":{"@type":"PropertyValueSpecification","valueRequired":true,"valueName":"search_term_string"}}],"inLanguage":"sv-SE"},{"@type":"Organization","@id":"https:\/\/pachia.eu\/sv\/#organization","name":"Pachia ApS","url":"https:\/\/pachia.eu\/sv\/","logo":{"@type":"ImageObject","inLanguage":"sv-SE","@id":"https:\/\/pachia.eu\/sv\/#\/schema\/logo\/image\/","url":"https:\/\/jocaonline.dk\/wp-content\/uploads\/2020\/10\/decoration-logo-small.png","contentUrl":"https:\/\/jocaonline.dk\/wp-content\/uploads\/2020\/10\/decoration-logo-small.png","width":301,"height":100,"caption":"Pachia ApS"},"image":{"@id":"https:\/\/pachia.eu\/sv\/#\/schema\/logo\/image\/"},"sameAs":["https:\/\/www.facebook.com\/pachia.shop","https:\/\/www.instagram.com\/pachia.eu"]}]}},"_links":{"self":[{"href":"https:\/\/pachia.eu\/sv\/wp-json\/wp\/v2\/product\/291","targetHints":{"allow":["GET"]}}],"collection":[{"href":"https:\/\/pachia.eu\/sv\/wp-json\/wp\/v2\/product"}],"about":[{"href":"https:\/\/pachia.eu\/sv\/wp-json\/wp\/v2\/types\/product"}],"version-history":[{"count":0,"href":"https:\/\/pachia.eu\/sv\/wp-json\/wp\/v2\/product\/291\/revisions"}],"wp:featuredmedia":[{"embeddable":true,"href":"https:\/\/pachia.eu\/sv\/wp-json\/wp\/v2\/media\/243"}],"wp:attachment":[{"href":"https:\/\/pachia.eu\/sv\/wp-json\/wp\/v2\/media?parent=291"}],"wp:term":[{"taxonomy":"product_brand","embeddable":true,"href":"https:\/\/pachia.eu\/sv\/wp-json\/wp\/v2\/product_brand?post=291"},{"taxonomy":"product_cat","embeddable":true,"href":"https:\/\/pachia.eu\/sv\/wp-json\/wp\/v2\/product_cat?post=291"},{"taxonomy":"product_tag","embeddable":true,"href":"https:\/\/pachia.eu\/sv\/wp-json\/wp\/v2\/product_tag?post=291"},{"taxonomy":"mersalg-tag","embeddable":true,"href":"https:\/\/pachia.eu\/sv\/wp-json\/wp\/v2\/mersalg-tag?post=291"}],"curies":[{"name":"wp","href":"https:\/\/api.w.org\/{rel}","templated":true}]}}