{"id":2907,"date":"2021-06-16T16:57:50","date_gmt":"2021-06-16T14:57:50","guid":{"rendered":"https:\/\/pachia.eu\/sma-mintgrona-rislampor-ljusslinga-bollar\/"},"modified":"2025-03-27T11:10:05","modified_gmt":"2025-03-27T10:10:05","slug":"sma-mintgrona-rislampor-ljusslinga-bollar","status":"publish","type":"product","link":"https:\/\/pachia.eu\/sv\/sma-mintgrona-rislampor-ljusslinga-bollar\/","title":{"rendered":"Sm\u00e5 mynta gr\u00f6nt ris papper lampor"},"content":{"rendered":"<p>Denna fr\u00e4scha mintgr\u00f6na f\u00e4rg ger en modern touch till din inredning. Med sin diameter p\u00e5 endast 9,5 cm \u00e4r dessa sm\u00e5 rispapperslampor l\u00e4mpliga som dekoration b\u00e5de hemma eller p\u00e5 fest. Du kan h\u00e4nga dem p\u00e5 ett sn\u00f6re eller f\u00e4sta dem p\u00e5 en av v\u00e5ra ljusslingor.  <\/p>\n<p>Om du vill blanda olika f\u00e4rger kan du prova v\u00e5ra sm\u00e5 rosa rispapperslampor, som tillsammans med dessa mintgr\u00f6na f\u00e4rger ger ett pastellf\u00e4rgat tema.<\/p>\n","protected":false},"excerpt":{"rendered":"<p>Denna fr\u00e4scha mintgr\u00f6na f\u00e4rg ger en modern touch till din inredning. Med sin diameter p\u00e5 endast 9,5 cm \u00e4r dessa sm\u00e5 rispapperslampor l\u00e4mpliga som dekoration b\u00e5de hemma eller p\u00e5 fest. Du kan h\u00e4nga dem p\u00e5 ett sn\u00f6re eller f\u00e4sta dem p\u00e5 en av v\u00e5ra ljusslingor. Om du vill blanda olika f\u00e4rger kan du prova v\u00e5ra [&hellip;]<\/p>\n","protected":false},"featured_media":4348,"template":"","meta":{"_lmt_disableupdate":"","_lmt_disable":""},"product_brand":[],"product_cat":[149,153,147],"product_tag":[],"mersalg-tag":[],"class_list":{"0":"post-2907","1":"product","2":"type-product","3":"status-publish","4":"has-post-thumbnail","6":"product_cat-festartiklar","7":"product_cat-ljusslingor","8":"product_cat-produkter-sv","10":"first","11":"instock","12":"taxable","13":"shipping-taxable","14":"purchasable","15":"product-type-simple"},"yoast_head":"<!-- This site is optimized with the Yoast SEO plugin v27.3 - https:\/\/yoast.com\/product\/yoast-seo-wordpress\/ -->\n<title>Sm\u00e5 mynta gr\u00f6nt ris papper lampor | Ljusslingor &amp; rislampor | - Pachia<\/title>\n<meta name=\"robots\" content=\"index, follow, max-snippet:-1, max-image-preview:large, max-video-preview:-1\" \/>\n<link rel=\"canonical\" href=\"https:\/\/pachia.eu\/sv\/sma-mintgrona-rislampor-ljusslinga-bollar\/\" \/>\n<meta property=\"og:locale\" content=\"sv_SE\" \/>\n<meta property=\"og:type\" content=\"article\" \/>\n<meta property=\"og:title\" content=\"Sm\u00e5 mynta gr\u00f6nt ris papper lampor | Ljusslingor &amp; rislampor | - Pachia\" \/>\n<meta property=\"og:description\" content=\"Denna fr\u00e4scha mintgr\u00f6na f\u00e4rg ger en modern touch till din inredning. Med sin diameter p\u00e5 endast 9,5 cm \u00e4r dessa sm\u00e5 rispapperslampor l\u00e4mpliga som dekoration b\u00e5de hemma eller p\u00e5 fest. Du kan h\u00e4nga dem p\u00e5 ett sn\u00f6re eller f\u00e4sta dem p\u00e5 en av v\u00e5ra ljusslingor. Om du vill blanda olika f\u00e4rger kan du prova v\u00e5ra [&hellip;]\" \/>\n<meta property=\"og:url\" content=\"https:\/\/pachia.eu\/sv\/sma-mintgrona-rislampor-ljusslinga-bollar\/\" \/>\n<meta property=\"og:site_name\" content=\"Pachia\" \/>\n<meta property=\"article:publisher\" content=\"https:\/\/www.facebook.com\/pachia.shop\" \/>\n<meta property=\"article:modified_time\" content=\"2025-03-27T10:10:05+00:00\" \/>\n<meta property=\"og:image\" content=\"https:\/\/pachia.eu\/wp-content\/uploads\/2021\/06\/smaa-mintrgronne-rispapirlamper.png\" \/>\n\t<meta property=\"og:image:width\" content=\"2000\" \/>\n\t<meta property=\"og:image:height\" content=\"2000\" \/>\n\t<meta property=\"og:image:type\" content=\"image\/png\" \/>\n<meta name=\"twitter:card\" content=\"summary_large_image\" \/>\n<script type=\"application\/ld+json\" class=\"yoast-schema-graph\">{\"@context\":\"https:\\\/\\\/schema.org\",\"@graph\":[{\"@type\":\"WebPage\",\"@id\":\"https:\\\/\\\/pachia.eu\\\/sv\\\/sma-mintgrona-rislampor-ljusslinga-bollar\\\/\",\"url\":\"https:\\\/\\\/pachia.eu\\\/sv\\\/sma-mintgrona-rislampor-ljusslinga-bollar\\\/\",\"name\":\"Sm\u00e5 mynta gr\u00f6nt ris papper lampor | Ljusslingor &amp; rislampor | - Pachia\",\"isPartOf\":{\"@id\":\"https:\\\/\\\/pachia.eu\\\/sv\\\/#website\"},\"primaryImageOfPage\":{\"@id\":\"https:\\\/\\\/pachia.eu\\\/sv\\\/sma-mintgrona-rislampor-ljusslinga-bollar\\\/#primaryimage\"},\"image\":{\"@id\":\"https:\\\/\\\/pachia.eu\\\/sv\\\/sma-mintgrona-rislampor-ljusslinga-bollar\\\/#primaryimage\"},\"thumbnailUrl\":\"https:\\\/\\\/pachia.eu\\\/wp-content\\\/uploads\\\/2021\\\/06\\\/smaa-mintrgronne-rispapirlamper.png\",\"datePublished\":\"2021-06-16T14:57:50+00:00\",\"dateModified\":\"2025-03-27T10:10:05+00:00\",\"breadcrumb\":{\"@id\":\"https:\\\/\\\/pachia.eu\\\/sv\\\/sma-mintgrona-rislampor-ljusslinga-bollar\\\/#breadcrumb\"},\"inLanguage\":\"sv-SE\",\"potentialAction\":[{\"@type\":\"ReadAction\",\"target\":[\"https:\\\/\\\/pachia.eu\\\/sv\\\/sma-mintgrona-rislampor-ljusslinga-bollar\\\/\"]}]},{\"@type\":\"ImageObject\",\"inLanguage\":\"sv-SE\",\"@id\":\"https:\\\/\\\/pachia.eu\\\/sv\\\/sma-mintgrona-rislampor-ljusslinga-bollar\\\/#primaryimage\",\"url\":\"https:\\\/\\\/pachia.eu\\\/wp-content\\\/uploads\\\/2021\\\/06\\\/smaa-mintrgronne-rispapirlamper.png\",\"contentUrl\":\"https:\\\/\\\/pachia.eu\\\/wp-content\\\/uploads\\\/2021\\\/06\\\/smaa-mintrgronne-rispapirlamper.png\",\"width\":2000,\"height\":2000},{\"@type\":\"BreadcrumbList\",\"@id\":\"https:\\\/\\\/pachia.eu\\\/sv\\\/sma-mintgrona-rislampor-ljusslinga-bollar\\\/#breadcrumb\",\"itemListElement\":[{\"@type\":\"ListItem\",\"position\":1,\"name\":\"Framsida\",\"item\":\"https:\\\/\\\/pachia.eu\\\/sv\\\/\"},{\"@type\":\"ListItem\",\"position\":2,\"name\":\"Butik\",\"item\":\"https:\\\/\\\/pachia.eu\\\/sv\\\/butik\\\/\"},{\"@type\":\"ListItem\",\"position\":3,\"name\":\"Sm\u00e5 mynta gr\u00f6nt ris papper lampor\"}]},{\"@type\":\"WebSite\",\"@id\":\"https:\\\/\\\/pachia.eu\\\/sv\\\/#website\",\"url\":\"https:\\\/\\\/pachia.eu\\\/sv\\\/\",\"name\":\"Pachia\",\"description\":\"\",\"publisher\":{\"@id\":\"https:\\\/\\\/pachia.eu\\\/sv\\\/#organization\"},\"potentialAction\":[{\"@type\":\"SearchAction\",\"target\":{\"@type\":\"EntryPoint\",\"urlTemplate\":\"https:\\\/\\\/pachia.eu\\\/sv\\\/?s={search_term_string}\"},\"query-input\":{\"@type\":\"PropertyValueSpecification\",\"valueRequired\":true,\"valueName\":\"search_term_string\"}}],\"inLanguage\":\"sv-SE\"},{\"@type\":\"Organization\",\"@id\":\"https:\\\/\\\/pachia.eu\\\/sv\\\/#organization\",\"name\":\"Pachia ApS\",\"url\":\"https:\\\/\\\/pachia.eu\\\/sv\\\/\",\"logo\":{\"@type\":\"ImageObject\",\"inLanguage\":\"sv-SE\",\"@id\":\"https:\\\/\\\/pachia.eu\\\/sv\\\/#\\\/schema\\\/logo\\\/image\\\/\",\"url\":\"https:\\\/\\\/jocaonline.dk\\\/wp-content\\\/uploads\\\/2020\\\/10\\\/decoration-logo-small.png\",\"contentUrl\":\"https:\\\/\\\/jocaonline.dk\\\/wp-content\\\/uploads\\\/2020\\\/10\\\/decoration-logo-small.png\",\"width\":301,\"height\":100,\"caption\":\"Pachia ApS\"},\"image\":{\"@id\":\"https:\\\/\\\/pachia.eu\\\/sv\\\/#\\\/schema\\\/logo\\\/image\\\/\"},\"sameAs\":[\"https:\\\/\\\/www.facebook.com\\\/pachia.shop\",\"https:\\\/\\\/www.instagram.com\\\/pachia.eu\"]}]}<\/script>\n<!-- \/ Yoast SEO plugin. -->","yoast_head_json":{"title":"Sm\u00e5 mynta gr\u00f6nt ris papper lampor | Ljusslingor &amp; rislampor | - Pachia","robots":{"index":"index","follow":"follow","max-snippet":"max-snippet:-1","max-image-preview":"max-image-preview:large","max-video-preview":"max-video-preview:-1"},"canonical":"https:\/\/pachia.eu\/sv\/sma-mintgrona-rislampor-ljusslinga-bollar\/","og_locale":"sv_SE","og_type":"article","og_title":"Sm\u00e5 mynta gr\u00f6nt ris papper lampor | Ljusslingor &amp; rislampor | - Pachia","og_description":"Denna fr\u00e4scha mintgr\u00f6na f\u00e4rg ger en modern touch till din inredning. Med sin diameter p\u00e5 endast 9,5 cm \u00e4r dessa sm\u00e5 rispapperslampor l\u00e4mpliga som dekoration b\u00e5de hemma eller p\u00e5 fest. Du kan h\u00e4nga dem p\u00e5 ett sn\u00f6re eller f\u00e4sta dem p\u00e5 en av v\u00e5ra ljusslingor. Om du vill blanda olika f\u00e4rger kan du prova v\u00e5ra [&hellip;]","og_url":"https:\/\/pachia.eu\/sv\/sma-mintgrona-rislampor-ljusslinga-bollar\/","og_site_name":"Pachia","article_publisher":"https:\/\/www.facebook.com\/pachia.shop","article_modified_time":"2025-03-27T10:10:05+00:00","og_image":[{"width":2000,"height":2000,"url":"https:\/\/pachia.eu\/wp-content\/uploads\/2021\/06\/smaa-mintrgronne-rispapirlamper.png","type":"image\/png"}],"twitter_card":"summary_large_image","schema":{"@context":"https:\/\/schema.org","@graph":[{"@type":"WebPage","@id":"https:\/\/pachia.eu\/sv\/sma-mintgrona-rislampor-ljusslinga-bollar\/","url":"https:\/\/pachia.eu\/sv\/sma-mintgrona-rislampor-ljusslinga-bollar\/","name":"Sm\u00e5 mynta gr\u00f6nt ris papper lampor | Ljusslingor &amp; rislampor | - Pachia","isPartOf":{"@id":"https:\/\/pachia.eu\/sv\/#website"},"primaryImageOfPage":{"@id":"https:\/\/pachia.eu\/sv\/sma-mintgrona-rislampor-ljusslinga-bollar\/#primaryimage"},"image":{"@id":"https:\/\/pachia.eu\/sv\/sma-mintgrona-rislampor-ljusslinga-bollar\/#primaryimage"},"thumbnailUrl":"https:\/\/pachia.eu\/wp-content\/uploads\/2021\/06\/smaa-mintrgronne-rispapirlamper.png","datePublished":"2021-06-16T14:57:50+00:00","dateModified":"2025-03-27T10:10:05+00:00","breadcrumb":{"@id":"https:\/\/pachia.eu\/sv\/sma-mintgrona-rislampor-ljusslinga-bollar\/#breadcrumb"},"inLanguage":"sv-SE","potentialAction":[{"@type":"ReadAction","target":["https:\/\/pachia.eu\/sv\/sma-mintgrona-rislampor-ljusslinga-bollar\/"]}]},{"@type":"ImageObject","inLanguage":"sv-SE","@id":"https:\/\/pachia.eu\/sv\/sma-mintgrona-rislampor-ljusslinga-bollar\/#primaryimage","url":"https:\/\/pachia.eu\/wp-content\/uploads\/2021\/06\/smaa-mintrgronne-rispapirlamper.png","contentUrl":"https:\/\/pachia.eu\/wp-content\/uploads\/2021\/06\/smaa-mintrgronne-rispapirlamper.png","width":2000,"height":2000},{"@type":"BreadcrumbList","@id":"https:\/\/pachia.eu\/sv\/sma-mintgrona-rislampor-ljusslinga-bollar\/#breadcrumb","itemListElement":[{"@type":"ListItem","position":1,"name":"Framsida","item":"https:\/\/pachia.eu\/sv\/"},{"@type":"ListItem","position":2,"name":"Butik","item":"https:\/\/pachia.eu\/sv\/butik\/"},{"@type":"ListItem","position":3,"name":"Sm\u00e5 mynta gr\u00f6nt ris papper lampor"}]},{"@type":"WebSite","@id":"https:\/\/pachia.eu\/sv\/#website","url":"https:\/\/pachia.eu\/sv\/","name":"Pachia","description":"","publisher":{"@id":"https:\/\/pachia.eu\/sv\/#organization"},"potentialAction":[{"@type":"SearchAction","target":{"@type":"EntryPoint","urlTemplate":"https:\/\/pachia.eu\/sv\/?s={search_term_string}"},"query-input":{"@type":"PropertyValueSpecification","valueRequired":true,"valueName":"search_term_string"}}],"inLanguage":"sv-SE"},{"@type":"Organization","@id":"https:\/\/pachia.eu\/sv\/#organization","name":"Pachia ApS","url":"https:\/\/pachia.eu\/sv\/","logo":{"@type":"ImageObject","inLanguage":"sv-SE","@id":"https:\/\/pachia.eu\/sv\/#\/schema\/logo\/image\/","url":"https:\/\/jocaonline.dk\/wp-content\/uploads\/2020\/10\/decoration-logo-small.png","contentUrl":"https:\/\/jocaonline.dk\/wp-content\/uploads\/2020\/10\/decoration-logo-small.png","width":301,"height":100,"caption":"Pachia ApS"},"image":{"@id":"https:\/\/pachia.eu\/sv\/#\/schema\/logo\/image\/"},"sameAs":["https:\/\/www.facebook.com\/pachia.shop","https:\/\/www.instagram.com\/pachia.eu"]}]}},"_links":{"self":[{"href":"https:\/\/pachia.eu\/sv\/wp-json\/wp\/v2\/product\/2907","targetHints":{"allow":["GET"]}}],"collection":[{"href":"https:\/\/pachia.eu\/sv\/wp-json\/wp\/v2\/product"}],"about":[{"href":"https:\/\/pachia.eu\/sv\/wp-json\/wp\/v2\/types\/product"}],"version-history":[{"count":0,"href":"https:\/\/pachia.eu\/sv\/wp-json\/wp\/v2\/product\/2907\/revisions"}],"wp:featuredmedia":[{"embeddable":true,"href":"https:\/\/pachia.eu\/sv\/wp-json\/wp\/v2\/media\/4348"}],"wp:attachment":[{"href":"https:\/\/pachia.eu\/sv\/wp-json\/wp\/v2\/media?parent=2907"}],"wp:term":[{"taxonomy":"product_brand","embeddable":true,"href":"https:\/\/pachia.eu\/sv\/wp-json\/wp\/v2\/product_brand?post=2907"},{"taxonomy":"product_cat","embeddable":true,"href":"https:\/\/pachia.eu\/sv\/wp-json\/wp\/v2\/product_cat?post=2907"},{"taxonomy":"product_tag","embeddable":true,"href":"https:\/\/pachia.eu\/sv\/wp-json\/wp\/v2\/product_tag?post=2907"},{"taxonomy":"mersalg-tag","embeddable":true,"href":"https:\/\/pachia.eu\/sv\/wp-json\/wp\/v2\/mersalg-tag?post=2907"}],"curies":[{"name":"wp","href":"https:\/\/api.w.org\/{rel}","templated":true}]}}