{"id":2895,"date":"2021-06-16T18:45:54","date_gmt":"2021-06-16T16:45:54","guid":{"rendered":"https:\/\/pachia.eu\/sma-salvie-rispapirlamper-lyskaede\/"},"modified":"2025-03-27T11:09:59","modified_gmt":"2025-03-27T10:09:59","slug":"sma-salvie-rispapirlamper-lyskaede","status":"publish","type":"product","link":"https:\/\/pachia.eu\/sv\/sma-salvie-rispapirlamper-lyskaede\/","title":{"rendered":"Sm\u00e5 Sage Ris Papper Lampor"},"content":{"rendered":"<p>Vackra ljusslingor med sm\u00e5 salviaf\u00e4rgade rispapperslampor. Anv\u00e4nd den i hemmet, i inredningen eller som en stilren, d\u00e4mpad dekoration till festen. De sm\u00e5 rispapperslamporna \u00e4r handgjorda och \u00e4r gjorda av tunt men starkt rispapper som l\u00e4tt l\u00e5ter ljuset skina igenom med den vackra salviaf\u00e4rgen. Eftersom f\u00e4rgen \u00e4r d\u00e4mpad passar den in i de flesta skandinaviska hem och kan l\u00e4tt blandas med andra d\u00e4mpade f\u00e4rger. Dessa inkluderar vitt, elfenben, ljusgult, babybl\u00e5tt eller persika. Sl\u00e4pp loss din kreativitet och designa dina personliga ljusslingor.     <\/p>\n<p>Storlek: 9,5 cm i diameter<br \/>\nKan kombineras med v\u00e5ra ljuskedjor<\/p>\n","protected":false},"excerpt":{"rendered":"<p>Vackra ljusslingor med sm\u00e5 salviaf\u00e4rgade rispapperslampor. Anv\u00e4nd den i hemmet, i inredningen eller som en stilren, d\u00e4mpad dekoration till festen. De sm\u00e5 rispapperslamporna \u00e4r handgjorda och \u00e4r gjorda av tunt men starkt rispapper som l\u00e4tt l\u00e5ter ljuset skina igenom med den vackra salviaf\u00e4rgen. Eftersom f\u00e4rgen \u00e4r d\u00e4mpad passar den in i de flesta skandinaviska hem [&hellip;]<\/p>\n","protected":false},"featured_media":4448,"template":"","meta":{"_lmt_disableupdate":"","_lmt_disable":""},"product_brand":[],"product_cat":[149,153,147],"product_tag":[],"mersalg-tag":[],"class_list":{"0":"post-2895","1":"product","2":"type-product","3":"status-publish","4":"has-post-thumbnail","6":"product_cat-festartiklar","7":"product_cat-ljusslingor","8":"product_cat-produkter-sv","10":"first","11":"instock","12":"taxable","13":"shipping-taxable","14":"purchasable","15":"product-type-simple"},"yoast_head":"<!-- This site is optimized with the Yoast SEO plugin v27.3 - https:\/\/yoast.com\/product\/yoast-seo-wordpress\/ -->\n<title>Sm\u00e5 Sage Ris Papper Lampor | Ljusslingor &amp; rislampor | - Pachia<\/title>\n<meta name=\"robots\" content=\"index, follow, max-snippet:-1, max-image-preview:large, max-video-preview:-1\" \/>\n<link rel=\"canonical\" href=\"https:\/\/pachia.eu\/sv\/sma-salvie-rispapirlamper-lyskaede\/\" \/>\n<meta property=\"og:locale\" content=\"sv_SE\" \/>\n<meta property=\"og:type\" content=\"article\" \/>\n<meta property=\"og:title\" content=\"Sm\u00e5 Sage Ris Papper Lampor | Ljusslingor &amp; rislampor | - Pachia\" \/>\n<meta property=\"og:description\" content=\"Vackra ljusslingor med sm\u00e5 salviaf\u00e4rgade rispapperslampor. Anv\u00e4nd den i hemmet, i inredningen eller som en stilren, d\u00e4mpad dekoration till festen. De sm\u00e5 rispapperslamporna \u00e4r handgjorda och \u00e4r gjorda av tunt men starkt rispapper som l\u00e4tt l\u00e5ter ljuset skina igenom med den vackra salviaf\u00e4rgen. Eftersom f\u00e4rgen \u00e4r d\u00e4mpad passar den in i de flesta skandinaviska hem [&hellip;]\" \/>\n<meta property=\"og:url\" content=\"https:\/\/pachia.eu\/sv\/sma-salvie-rispapirlamper-lyskaede\/\" \/>\n<meta property=\"og:site_name\" content=\"Pachia\" \/>\n<meta property=\"article:publisher\" content=\"https:\/\/www.facebook.com\/pachia.shop\" \/>\n<meta property=\"article:modified_time\" content=\"2025-03-27T10:09:59+00:00\" \/>\n<meta property=\"og:image\" content=\"https:\/\/pachia.eu\/wp-content\/uploads\/2021\/06\/smaa-salvie.png\" \/>\n\t<meta property=\"og:image:width\" content=\"2000\" \/>\n\t<meta property=\"og:image:height\" content=\"2000\" \/>\n\t<meta property=\"og:image:type\" content=\"image\/png\" \/>\n<meta name=\"twitter:card\" content=\"summary_large_image\" \/>\n<meta name=\"twitter:label1\" content=\"Ber\u00e4knad l\u00e4stid\" \/>\n\t<meta name=\"twitter:data1\" content=\"1 minut\" \/>\n<script type=\"application\/ld+json\" class=\"yoast-schema-graph\">{\"@context\":\"https:\\\/\\\/schema.org\",\"@graph\":[{\"@type\":\"WebPage\",\"@id\":\"https:\\\/\\\/pachia.eu\\\/sv\\\/sma-salvie-rispapirlamper-lyskaede\\\/\",\"url\":\"https:\\\/\\\/pachia.eu\\\/sv\\\/sma-salvie-rispapirlamper-lyskaede\\\/\",\"name\":\"Sm\u00e5 Sage Ris Papper Lampor | Ljusslingor &amp; rislampor | - Pachia\",\"isPartOf\":{\"@id\":\"https:\\\/\\\/pachia.eu\\\/sv\\\/#website\"},\"primaryImageOfPage\":{\"@id\":\"https:\\\/\\\/pachia.eu\\\/sv\\\/sma-salvie-rispapirlamper-lyskaede\\\/#primaryimage\"},\"image\":{\"@id\":\"https:\\\/\\\/pachia.eu\\\/sv\\\/sma-salvie-rispapirlamper-lyskaede\\\/#primaryimage\"},\"thumbnailUrl\":\"https:\\\/\\\/pachia.eu\\\/wp-content\\\/uploads\\\/2021\\\/06\\\/smaa-salvie.png\",\"datePublished\":\"2021-06-16T16:45:54+00:00\",\"dateModified\":\"2025-03-27T10:09:59+00:00\",\"breadcrumb\":{\"@id\":\"https:\\\/\\\/pachia.eu\\\/sv\\\/sma-salvie-rispapirlamper-lyskaede\\\/#breadcrumb\"},\"inLanguage\":\"sv-SE\",\"potentialAction\":[{\"@type\":\"ReadAction\",\"target\":[\"https:\\\/\\\/pachia.eu\\\/sv\\\/sma-salvie-rispapirlamper-lyskaede\\\/\"]}]},{\"@type\":\"ImageObject\",\"inLanguage\":\"sv-SE\",\"@id\":\"https:\\\/\\\/pachia.eu\\\/sv\\\/sma-salvie-rispapirlamper-lyskaede\\\/#primaryimage\",\"url\":\"https:\\\/\\\/pachia.eu\\\/wp-content\\\/uploads\\\/2021\\\/06\\\/smaa-salvie.png\",\"contentUrl\":\"https:\\\/\\\/pachia.eu\\\/wp-content\\\/uploads\\\/2021\\\/06\\\/smaa-salvie.png\",\"width\":2000,\"height\":2000},{\"@type\":\"BreadcrumbList\",\"@id\":\"https:\\\/\\\/pachia.eu\\\/sv\\\/sma-salvie-rispapirlamper-lyskaede\\\/#breadcrumb\",\"itemListElement\":[{\"@type\":\"ListItem\",\"position\":1,\"name\":\"Framsida\",\"item\":\"https:\\\/\\\/pachia.eu\\\/sv\\\/\"},{\"@type\":\"ListItem\",\"position\":2,\"name\":\"Butik\",\"item\":\"https:\\\/\\\/pachia.eu\\\/sv\\\/butik\\\/\"},{\"@type\":\"ListItem\",\"position\":3,\"name\":\"Sm\u00e5 Sage Ris Papper Lampor\"}]},{\"@type\":\"WebSite\",\"@id\":\"https:\\\/\\\/pachia.eu\\\/sv\\\/#website\",\"url\":\"https:\\\/\\\/pachia.eu\\\/sv\\\/\",\"name\":\"Pachia\",\"description\":\"\",\"publisher\":{\"@id\":\"https:\\\/\\\/pachia.eu\\\/sv\\\/#organization\"},\"potentialAction\":[{\"@type\":\"SearchAction\",\"target\":{\"@type\":\"EntryPoint\",\"urlTemplate\":\"https:\\\/\\\/pachia.eu\\\/sv\\\/?s={search_term_string}\"},\"query-input\":{\"@type\":\"PropertyValueSpecification\",\"valueRequired\":true,\"valueName\":\"search_term_string\"}}],\"inLanguage\":\"sv-SE\"},{\"@type\":\"Organization\",\"@id\":\"https:\\\/\\\/pachia.eu\\\/sv\\\/#organization\",\"name\":\"Pachia ApS\",\"url\":\"https:\\\/\\\/pachia.eu\\\/sv\\\/\",\"logo\":{\"@type\":\"ImageObject\",\"inLanguage\":\"sv-SE\",\"@id\":\"https:\\\/\\\/pachia.eu\\\/sv\\\/#\\\/schema\\\/logo\\\/image\\\/\",\"url\":\"https:\\\/\\\/jocaonline.dk\\\/wp-content\\\/uploads\\\/2020\\\/10\\\/decoration-logo-small.png\",\"contentUrl\":\"https:\\\/\\\/jocaonline.dk\\\/wp-content\\\/uploads\\\/2020\\\/10\\\/decoration-logo-small.png\",\"width\":301,\"height\":100,\"caption\":\"Pachia ApS\"},\"image\":{\"@id\":\"https:\\\/\\\/pachia.eu\\\/sv\\\/#\\\/schema\\\/logo\\\/image\\\/\"},\"sameAs\":[\"https:\\\/\\\/www.facebook.com\\\/pachia.shop\",\"https:\\\/\\\/www.instagram.com\\\/pachia.eu\"]}]}<\/script>\n<!-- \/ Yoast SEO plugin. -->","yoast_head_json":{"title":"Sm\u00e5 Sage Ris Papper Lampor | Ljusslingor &amp; rislampor | - Pachia","robots":{"index":"index","follow":"follow","max-snippet":"max-snippet:-1","max-image-preview":"max-image-preview:large","max-video-preview":"max-video-preview:-1"},"canonical":"https:\/\/pachia.eu\/sv\/sma-salvie-rispapirlamper-lyskaede\/","og_locale":"sv_SE","og_type":"article","og_title":"Sm\u00e5 Sage Ris Papper Lampor | Ljusslingor &amp; rislampor | - Pachia","og_description":"Vackra ljusslingor med sm\u00e5 salviaf\u00e4rgade rispapperslampor. Anv\u00e4nd den i hemmet, i inredningen eller som en stilren, d\u00e4mpad dekoration till festen. De sm\u00e5 rispapperslamporna \u00e4r handgjorda och \u00e4r gjorda av tunt men starkt rispapper som l\u00e4tt l\u00e5ter ljuset skina igenom med den vackra salviaf\u00e4rgen. Eftersom f\u00e4rgen \u00e4r d\u00e4mpad passar den in i de flesta skandinaviska hem [&hellip;]","og_url":"https:\/\/pachia.eu\/sv\/sma-salvie-rispapirlamper-lyskaede\/","og_site_name":"Pachia","article_publisher":"https:\/\/www.facebook.com\/pachia.shop","article_modified_time":"2025-03-27T10:09:59+00:00","og_image":[{"width":2000,"height":2000,"url":"https:\/\/pachia.eu\/wp-content\/uploads\/2021\/06\/smaa-salvie.png","type":"image\/png"}],"twitter_card":"summary_large_image","twitter_misc":{"Ber\u00e4knad l\u00e4stid":"1 minut"},"schema":{"@context":"https:\/\/schema.org","@graph":[{"@type":"WebPage","@id":"https:\/\/pachia.eu\/sv\/sma-salvie-rispapirlamper-lyskaede\/","url":"https:\/\/pachia.eu\/sv\/sma-salvie-rispapirlamper-lyskaede\/","name":"Sm\u00e5 Sage Ris Papper Lampor | Ljusslingor &amp; rislampor | - Pachia","isPartOf":{"@id":"https:\/\/pachia.eu\/sv\/#website"},"primaryImageOfPage":{"@id":"https:\/\/pachia.eu\/sv\/sma-salvie-rispapirlamper-lyskaede\/#primaryimage"},"image":{"@id":"https:\/\/pachia.eu\/sv\/sma-salvie-rispapirlamper-lyskaede\/#primaryimage"},"thumbnailUrl":"https:\/\/pachia.eu\/wp-content\/uploads\/2021\/06\/smaa-salvie.png","datePublished":"2021-06-16T16:45:54+00:00","dateModified":"2025-03-27T10:09:59+00:00","breadcrumb":{"@id":"https:\/\/pachia.eu\/sv\/sma-salvie-rispapirlamper-lyskaede\/#breadcrumb"},"inLanguage":"sv-SE","potentialAction":[{"@type":"ReadAction","target":["https:\/\/pachia.eu\/sv\/sma-salvie-rispapirlamper-lyskaede\/"]}]},{"@type":"ImageObject","inLanguage":"sv-SE","@id":"https:\/\/pachia.eu\/sv\/sma-salvie-rispapirlamper-lyskaede\/#primaryimage","url":"https:\/\/pachia.eu\/wp-content\/uploads\/2021\/06\/smaa-salvie.png","contentUrl":"https:\/\/pachia.eu\/wp-content\/uploads\/2021\/06\/smaa-salvie.png","width":2000,"height":2000},{"@type":"BreadcrumbList","@id":"https:\/\/pachia.eu\/sv\/sma-salvie-rispapirlamper-lyskaede\/#breadcrumb","itemListElement":[{"@type":"ListItem","position":1,"name":"Framsida","item":"https:\/\/pachia.eu\/sv\/"},{"@type":"ListItem","position":2,"name":"Butik","item":"https:\/\/pachia.eu\/sv\/butik\/"},{"@type":"ListItem","position":3,"name":"Sm\u00e5 Sage Ris Papper Lampor"}]},{"@type":"WebSite","@id":"https:\/\/pachia.eu\/sv\/#website","url":"https:\/\/pachia.eu\/sv\/","name":"Pachia","description":"","publisher":{"@id":"https:\/\/pachia.eu\/sv\/#organization"},"potentialAction":[{"@type":"SearchAction","target":{"@type":"EntryPoint","urlTemplate":"https:\/\/pachia.eu\/sv\/?s={search_term_string}"},"query-input":{"@type":"PropertyValueSpecification","valueRequired":true,"valueName":"search_term_string"}}],"inLanguage":"sv-SE"},{"@type":"Organization","@id":"https:\/\/pachia.eu\/sv\/#organization","name":"Pachia ApS","url":"https:\/\/pachia.eu\/sv\/","logo":{"@type":"ImageObject","inLanguage":"sv-SE","@id":"https:\/\/pachia.eu\/sv\/#\/schema\/logo\/image\/","url":"https:\/\/jocaonline.dk\/wp-content\/uploads\/2020\/10\/decoration-logo-small.png","contentUrl":"https:\/\/jocaonline.dk\/wp-content\/uploads\/2020\/10\/decoration-logo-small.png","width":301,"height":100,"caption":"Pachia ApS"},"image":{"@id":"https:\/\/pachia.eu\/sv\/#\/schema\/logo\/image\/"},"sameAs":["https:\/\/www.facebook.com\/pachia.shop","https:\/\/www.instagram.com\/pachia.eu"]}]}},"_links":{"self":[{"href":"https:\/\/pachia.eu\/sv\/wp-json\/wp\/v2\/product\/2895","targetHints":{"allow":["GET"]}}],"collection":[{"href":"https:\/\/pachia.eu\/sv\/wp-json\/wp\/v2\/product"}],"about":[{"href":"https:\/\/pachia.eu\/sv\/wp-json\/wp\/v2\/types\/product"}],"version-history":[{"count":0,"href":"https:\/\/pachia.eu\/sv\/wp-json\/wp\/v2\/product\/2895\/revisions"}],"wp:featuredmedia":[{"embeddable":true,"href":"https:\/\/pachia.eu\/sv\/wp-json\/wp\/v2\/media\/4448"}],"wp:attachment":[{"href":"https:\/\/pachia.eu\/sv\/wp-json\/wp\/v2\/media?parent=2895"}],"wp:term":[{"taxonomy":"product_brand","embeddable":true,"href":"https:\/\/pachia.eu\/sv\/wp-json\/wp\/v2\/product_brand?post=2895"},{"taxonomy":"product_cat","embeddable":true,"href":"https:\/\/pachia.eu\/sv\/wp-json\/wp\/v2\/product_cat?post=2895"},{"taxonomy":"product_tag","embeddable":true,"href":"https:\/\/pachia.eu\/sv\/wp-json\/wp\/v2\/product_tag?post=2895"},{"taxonomy":"mersalg-tag","embeddable":true,"href":"https:\/\/pachia.eu\/sv\/wp-json\/wp\/v2\/mersalg-tag?post=2895"}],"curies":[{"name":"wp","href":"https:\/\/api.w.org\/{rel}","templated":true}]}}