{"id":2811,"date":"2021-06-18T11:46:17","date_gmt":"2021-06-18T09:46:17","guid":{"rendered":"https:\/\/pachia.eu\/stor-lampa-120cm\/"},"modified":"2025-04-23T15:47:42","modified_gmt":"2025-04-23T13:47:42","slug":"stor-lampa-120cm","status":"publish","type":"product","link":"https:\/\/pachia.eu\/sv\/stor-lampa-120cm\/","title":{"rendered":"Stor rislampa 120cm"},"content":{"rendered":"<p>Uppt\u00e4ck v\u00e5r exklusiva Tak\u00e9-kollektion, som presenterar handgjorda rispapperslampor med en konstruktion av bambustr\u00e5d. Dessa lampor f\u00f6renar det b\u00e4sta av tv\u00e5 v\u00e4rldar \u2013 den eleganta minimalismen fr\u00e5n dansk design och den tidl\u00f6sa sk\u00f6nheten fr\u00e5n japansk hantverkstradition.<\/p>\n<p>Upplev en vacker symfoni av stil och funktionalitet med v\u00e5r stora Tak\u00e9-lampa, som imponerar med sin diameter p\u00e5 120 cm. Dess t\u00e4ta konstruktion av bambustr\u00e5d tillf\u00f6r inte bara en sofistikerad designdetalj, utan s\u00e4kerst\u00e4ller ocks\u00e5 en robust och stabil struktur som h\u00e5ller i m\u00e5nga \u00e5r.<\/p>\n<p>Njut av en atmosf\u00e4r av exklusivitet och harmoni n\u00e4r du t\u00e4nder denna lampa, som avger ett subtilt sken, perfekt filtrerat av det delikata rispappret. Oavsett om den \u00e4r t\u00e4nd eller sl\u00e4ckt ger Tak\u00e9-lampan ett l\u00e4tt och luftigt uttryck till varje rum.<\/p>\n<p>L\u00e5t denna majest\u00e4tiska lampa lysa i rum med h\u00f6gt i tak, d\u00e4r den sv\u00e4var som ett elegant moln och skapar ett imponerande fokus. Ta din inredning till nya h\u00f6jder med v\u00e5r Tak\u00e9-rispapperslampa.<\/p>\n<p><strong>OBS:<\/strong> P\u00e5 grund av lampans storlek skickas den som pallgods.<\/p>\n<p><strong>Specifikationer:<\/strong><\/p>\n<ul>\n<li>Handgjord rispapperslampa tillverkad av rispapper, bambu och metall<\/li>\n<li>Detta \u00e4r den st\u00f6rsta lampan i v\u00e5rt sortiment<\/li>\n<li>Sockel och gl\u00f6dlampa ing\u00e5r ej<\/li>\n<\/ul>\n","protected":false},"excerpt":{"rendered":"<p>Uppt\u00e4ck v\u00e5r exklusiva Tak\u00e9-kollektion, som presenterar handgjorda rispapperslampor med en konstruktion av bambustr\u00e5d. Dessa lampor f\u00f6renar det b\u00e4sta av tv\u00e5 v\u00e4rldar \u2013 den eleganta minimalismen fr\u00e5n dansk design och den tidl\u00f6sa sk\u00f6nheten fr\u00e5n japansk hantverkstradition. Upplev en vacker symfoni av stil och funktionalitet med v\u00e5r stora Tak\u00e9-lampa, som imponerar med sin diameter p\u00e5 120 cm. [&hellip;]<\/p>\n","protected":false},"featured_media":221375,"template":"","meta":{"_lmt_disableupdate":"no","_lmt_disable":""},"product_brand":[],"product_cat":[302,155,157,147,333,162],"product_tag":[272],"mersalg-tag":[],"class_list":{"0":"post-2811","1":"product","2":"type-product","3":"status-publish","4":"has-post-thumbnail","6":"product_cat-maessa","7":"product_cat-papperslampor","8":"product_cat-pendlar-taklampor","9":"product_cat-produkter-sv","10":"product_cat-take-sv","11":"product_cat-till-sovrummet","12":"product_tag-presale-sv","14":"first","15":"instock","16":"taxable","17":"shipping-taxable","18":"purchasable","19":"product-type-simple"},"yoast_head":"<!-- This site is optimized with the Yoast SEO plugin v27.3 - https:\/\/yoast.com\/product\/yoast-seo-wordpress\/ -->\n<title>Stor rislampa 120cm | Papperslampor | - Pachia<\/title>\n<meta name=\"robots\" content=\"index, follow, max-snippet:-1, max-image-preview:large, max-video-preview:-1\" \/>\n<link rel=\"canonical\" href=\"https:\/\/pachia.eu\/sv\/stor-lampa-120cm\/\" \/>\n<meta property=\"og:locale\" content=\"sv_SE\" \/>\n<meta property=\"og:type\" content=\"article\" \/>\n<meta property=\"og:title\" content=\"Stor rislampa 120cm | Papperslampor | - Pachia\" \/>\n<meta property=\"og:description\" content=\"Uppt\u00e4ck v\u00e5r exklusiva Tak\u00e9-kollektion, som presenterar handgjorda rispapperslampor med en konstruktion av bambustr\u00e5d. Dessa lampor f\u00f6renar det b\u00e4sta av tv\u00e5 v\u00e4rldar \u2013 den eleganta minimalismen fr\u00e5n dansk design och den tidl\u00f6sa sk\u00f6nheten fr\u00e5n japansk hantverkstradition. Upplev en vacker symfoni av stil och funktionalitet med v\u00e5r stora Tak\u00e9-lampa, som imponerar med sin diameter p\u00e5 120 cm. [&hellip;]\" \/>\n<meta property=\"og:url\" content=\"https:\/\/pachia.eu\/sv\/stor-lampa-120cm\/\" \/>\n<meta property=\"og:site_name\" content=\"Pachia\" \/>\n<meta property=\"article:publisher\" content=\"https:\/\/www.facebook.com\/pachia.shop\" \/>\n<meta property=\"article:modified_time\" content=\"2025-04-23T13:47:42+00:00\" \/>\n<meta property=\"og:image\" content=\"https:\/\/pachia.eu\/wp-content\/uploads\/2021\/06\/stor-120-lampe-bambus-insta.jpg\" \/>\n\t<meta property=\"og:image:width\" content=\"2000\" \/>\n\t<meta property=\"og:image:height\" content=\"2000\" \/>\n\t<meta property=\"og:image:type\" content=\"image\/jpeg\" \/>\n<meta name=\"twitter:card\" content=\"summary_large_image\" \/>\n<meta name=\"twitter:label1\" content=\"Ber\u00e4knad l\u00e4stid\" \/>\n\t<meta name=\"twitter:data1\" content=\"1 minut\" \/>\n<script type=\"application\/ld+json\" class=\"yoast-schema-graph\">{\"@context\":\"https:\\\/\\\/schema.org\",\"@graph\":[{\"@type\":\"WebPage\",\"@id\":\"https:\\\/\\\/pachia.eu\\\/sv\\\/stor-lampa-120cm\\\/\",\"url\":\"https:\\\/\\\/pachia.eu\\\/sv\\\/stor-lampa-120cm\\\/\",\"name\":\"Stor rislampa 120cm | Papperslampor | - Pachia\",\"isPartOf\":{\"@id\":\"https:\\\/\\\/pachia.eu\\\/sv\\\/#website\"},\"primaryImageOfPage\":{\"@id\":\"https:\\\/\\\/pachia.eu\\\/sv\\\/stor-lampa-120cm\\\/#primaryimage\"},\"image\":{\"@id\":\"https:\\\/\\\/pachia.eu\\\/sv\\\/stor-lampa-120cm\\\/#primaryimage\"},\"thumbnailUrl\":\"https:\\\/\\\/pachia.eu\\\/wp-content\\\/uploads\\\/2021\\\/06\\\/stor-120-lampe-bambus-insta.jpg\",\"datePublished\":\"2021-06-18T09:46:17+00:00\",\"dateModified\":\"2025-04-23T13:47:42+00:00\",\"breadcrumb\":{\"@id\":\"https:\\\/\\\/pachia.eu\\\/sv\\\/stor-lampa-120cm\\\/#breadcrumb\"},\"inLanguage\":\"sv-SE\",\"potentialAction\":[{\"@type\":\"ReadAction\",\"target\":[\"https:\\\/\\\/pachia.eu\\\/sv\\\/stor-lampa-120cm\\\/\"]}]},{\"@type\":\"ImageObject\",\"inLanguage\":\"sv-SE\",\"@id\":\"https:\\\/\\\/pachia.eu\\\/sv\\\/stor-lampa-120cm\\\/#primaryimage\",\"url\":\"https:\\\/\\\/pachia.eu\\\/wp-content\\\/uploads\\\/2021\\\/06\\\/stor-120-lampe-bambus-insta.jpg\",\"contentUrl\":\"https:\\\/\\\/pachia.eu\\\/wp-content\\\/uploads\\\/2021\\\/06\\\/stor-120-lampe-bambus-insta.jpg\",\"width\":2000,\"height\":2000},{\"@type\":\"BreadcrumbList\",\"@id\":\"https:\\\/\\\/pachia.eu\\\/sv\\\/stor-lampa-120cm\\\/#breadcrumb\",\"itemListElement\":[{\"@type\":\"ListItem\",\"position\":1,\"name\":\"Framsida\",\"item\":\"https:\\\/\\\/pachia.eu\\\/sv\\\/\"},{\"@type\":\"ListItem\",\"position\":2,\"name\":\"Butik\",\"item\":\"https:\\\/\\\/pachia.eu\\\/sv\\\/butik\\\/\"},{\"@type\":\"ListItem\",\"position\":3,\"name\":\"Stor rislampa 120cm\"}]},{\"@type\":\"WebSite\",\"@id\":\"https:\\\/\\\/pachia.eu\\\/sv\\\/#website\",\"url\":\"https:\\\/\\\/pachia.eu\\\/sv\\\/\",\"name\":\"Pachia\",\"description\":\"\",\"publisher\":{\"@id\":\"https:\\\/\\\/pachia.eu\\\/sv\\\/#organization\"},\"potentialAction\":[{\"@type\":\"SearchAction\",\"target\":{\"@type\":\"EntryPoint\",\"urlTemplate\":\"https:\\\/\\\/pachia.eu\\\/sv\\\/?s={search_term_string}\"},\"query-input\":{\"@type\":\"PropertyValueSpecification\",\"valueRequired\":true,\"valueName\":\"search_term_string\"}}],\"inLanguage\":\"sv-SE\"},{\"@type\":\"Organization\",\"@id\":\"https:\\\/\\\/pachia.eu\\\/sv\\\/#organization\",\"name\":\"Pachia ApS\",\"url\":\"https:\\\/\\\/pachia.eu\\\/sv\\\/\",\"logo\":{\"@type\":\"ImageObject\",\"inLanguage\":\"sv-SE\",\"@id\":\"https:\\\/\\\/pachia.eu\\\/sv\\\/#\\\/schema\\\/logo\\\/image\\\/\",\"url\":\"https:\\\/\\\/jocaonline.dk\\\/wp-content\\\/uploads\\\/2020\\\/10\\\/decoration-logo-small.png\",\"contentUrl\":\"https:\\\/\\\/jocaonline.dk\\\/wp-content\\\/uploads\\\/2020\\\/10\\\/decoration-logo-small.png\",\"width\":301,\"height\":100,\"caption\":\"Pachia ApS\"},\"image\":{\"@id\":\"https:\\\/\\\/pachia.eu\\\/sv\\\/#\\\/schema\\\/logo\\\/image\\\/\"},\"sameAs\":[\"https:\\\/\\\/www.facebook.com\\\/pachia.shop\",\"https:\\\/\\\/www.instagram.com\\\/pachia.eu\"]}]}<\/script>\n<!-- \/ Yoast SEO plugin. -->","yoast_head_json":{"title":"Stor rislampa 120cm | Papperslampor | - Pachia","robots":{"index":"index","follow":"follow","max-snippet":"max-snippet:-1","max-image-preview":"max-image-preview:large","max-video-preview":"max-video-preview:-1"},"canonical":"https:\/\/pachia.eu\/sv\/stor-lampa-120cm\/","og_locale":"sv_SE","og_type":"article","og_title":"Stor rislampa 120cm | Papperslampor | - Pachia","og_description":"Uppt\u00e4ck v\u00e5r exklusiva Tak\u00e9-kollektion, som presenterar handgjorda rispapperslampor med en konstruktion av bambustr\u00e5d. Dessa lampor f\u00f6renar det b\u00e4sta av tv\u00e5 v\u00e4rldar \u2013 den eleganta minimalismen fr\u00e5n dansk design och den tidl\u00f6sa sk\u00f6nheten fr\u00e5n japansk hantverkstradition. Upplev en vacker symfoni av stil och funktionalitet med v\u00e5r stora Tak\u00e9-lampa, som imponerar med sin diameter p\u00e5 120 cm. [&hellip;]","og_url":"https:\/\/pachia.eu\/sv\/stor-lampa-120cm\/","og_site_name":"Pachia","article_publisher":"https:\/\/www.facebook.com\/pachia.shop","article_modified_time":"2025-04-23T13:47:42+00:00","og_image":[{"width":2000,"height":2000,"url":"https:\/\/pachia.eu\/wp-content\/uploads\/2021\/06\/stor-120-lampe-bambus-insta.jpg","type":"image\/jpeg"}],"twitter_card":"summary_large_image","twitter_misc":{"Ber\u00e4knad l\u00e4stid":"1 minut"},"schema":{"@context":"https:\/\/schema.org","@graph":[{"@type":"WebPage","@id":"https:\/\/pachia.eu\/sv\/stor-lampa-120cm\/","url":"https:\/\/pachia.eu\/sv\/stor-lampa-120cm\/","name":"Stor rislampa 120cm | Papperslampor | - Pachia","isPartOf":{"@id":"https:\/\/pachia.eu\/sv\/#website"},"primaryImageOfPage":{"@id":"https:\/\/pachia.eu\/sv\/stor-lampa-120cm\/#primaryimage"},"image":{"@id":"https:\/\/pachia.eu\/sv\/stor-lampa-120cm\/#primaryimage"},"thumbnailUrl":"https:\/\/pachia.eu\/wp-content\/uploads\/2021\/06\/stor-120-lampe-bambus-insta.jpg","datePublished":"2021-06-18T09:46:17+00:00","dateModified":"2025-04-23T13:47:42+00:00","breadcrumb":{"@id":"https:\/\/pachia.eu\/sv\/stor-lampa-120cm\/#breadcrumb"},"inLanguage":"sv-SE","potentialAction":[{"@type":"ReadAction","target":["https:\/\/pachia.eu\/sv\/stor-lampa-120cm\/"]}]},{"@type":"ImageObject","inLanguage":"sv-SE","@id":"https:\/\/pachia.eu\/sv\/stor-lampa-120cm\/#primaryimage","url":"https:\/\/pachia.eu\/wp-content\/uploads\/2021\/06\/stor-120-lampe-bambus-insta.jpg","contentUrl":"https:\/\/pachia.eu\/wp-content\/uploads\/2021\/06\/stor-120-lampe-bambus-insta.jpg","width":2000,"height":2000},{"@type":"BreadcrumbList","@id":"https:\/\/pachia.eu\/sv\/stor-lampa-120cm\/#breadcrumb","itemListElement":[{"@type":"ListItem","position":1,"name":"Framsida","item":"https:\/\/pachia.eu\/sv\/"},{"@type":"ListItem","position":2,"name":"Butik","item":"https:\/\/pachia.eu\/sv\/butik\/"},{"@type":"ListItem","position":3,"name":"Stor rislampa 120cm"}]},{"@type":"WebSite","@id":"https:\/\/pachia.eu\/sv\/#website","url":"https:\/\/pachia.eu\/sv\/","name":"Pachia","description":"","publisher":{"@id":"https:\/\/pachia.eu\/sv\/#organization"},"potentialAction":[{"@type":"SearchAction","target":{"@type":"EntryPoint","urlTemplate":"https:\/\/pachia.eu\/sv\/?s={search_term_string}"},"query-input":{"@type":"PropertyValueSpecification","valueRequired":true,"valueName":"search_term_string"}}],"inLanguage":"sv-SE"},{"@type":"Organization","@id":"https:\/\/pachia.eu\/sv\/#organization","name":"Pachia ApS","url":"https:\/\/pachia.eu\/sv\/","logo":{"@type":"ImageObject","inLanguage":"sv-SE","@id":"https:\/\/pachia.eu\/sv\/#\/schema\/logo\/image\/","url":"https:\/\/jocaonline.dk\/wp-content\/uploads\/2020\/10\/decoration-logo-small.png","contentUrl":"https:\/\/jocaonline.dk\/wp-content\/uploads\/2020\/10\/decoration-logo-small.png","width":301,"height":100,"caption":"Pachia ApS"},"image":{"@id":"https:\/\/pachia.eu\/sv\/#\/schema\/logo\/image\/"},"sameAs":["https:\/\/www.facebook.com\/pachia.shop","https:\/\/www.instagram.com\/pachia.eu"]}]}},"_links":{"self":[{"href":"https:\/\/pachia.eu\/sv\/wp-json\/wp\/v2\/product\/2811","targetHints":{"allow":["GET"]}}],"collection":[{"href":"https:\/\/pachia.eu\/sv\/wp-json\/wp\/v2\/product"}],"about":[{"href":"https:\/\/pachia.eu\/sv\/wp-json\/wp\/v2\/types\/product"}],"version-history":[{"count":0,"href":"https:\/\/pachia.eu\/sv\/wp-json\/wp\/v2\/product\/2811\/revisions"}],"wp:featuredmedia":[{"embeddable":true,"href":"https:\/\/pachia.eu\/sv\/wp-json\/wp\/v2\/media\/221375"}],"wp:attachment":[{"href":"https:\/\/pachia.eu\/sv\/wp-json\/wp\/v2\/media?parent=2811"}],"wp:term":[{"taxonomy":"product_brand","embeddable":true,"href":"https:\/\/pachia.eu\/sv\/wp-json\/wp\/v2\/product_brand?post=2811"},{"taxonomy":"product_cat","embeddable":true,"href":"https:\/\/pachia.eu\/sv\/wp-json\/wp\/v2\/product_cat?post=2811"},{"taxonomy":"product_tag","embeddable":true,"href":"https:\/\/pachia.eu\/sv\/wp-json\/wp\/v2\/product_tag?post=2811"},{"taxonomy":"mersalg-tag","embeddable":true,"href":"https:\/\/pachia.eu\/sv\/wp-json\/wp\/v2\/mersalg-tag?post=2811"}],"curies":[{"name":"wp","href":"https:\/\/api.w.org\/{rel}","templated":true}]}}