{"id":2809,"date":"2021-06-18T11:49:46","date_gmt":"2021-06-18T09:49:46","guid":{"rendered":"https:\/\/pachia.eu\/stor-ellips-lampa\/"},"modified":"2025-03-27T11:09:37","modified_gmt":"2025-03-27T10:09:37","slug":"stor-ellips-lampa","status":"publish","type":"product","link":"https:\/\/pachia.eu\/sv\/stor-ellips-lampa\/","title":{"rendered":"Stor vit ellips"},"content":{"rendered":"<p>Stor ellipslampa i vitt. Lampan \u00e4r den st\u00f6rsta modellen vi har i den elliptiska serien. Det ger en bra h\u00f6jd och \u00e4r d\u00e4rf\u00f6r bra om du har h\u00f6gt i tak eller om du har en h\u00f6rna eller liknande som beh\u00f6ver ljus och volym. Lampan kan kombineras med v\u00e5ra andra ellipslampor och skapa en s\u00e5 kallad trio. Detta ger ett fantastiskt resultat som tillf\u00f6r b\u00e5de djup och lek till inredningen. Det \u00e4r en bra l\u00f6sning om du vill ha billiga lampor som ger ett vackert utseende till hemmet.     <\/p>\n<p>Lampan kan kombineras med alla v\u00e5ra socklar och LED-lampor.<\/p>\n<p>Storlek: 30x70cm<\/p>\n","protected":false},"excerpt":{"rendered":"<p>Stor ellipslampa i vitt. Lampan \u00e4r den st\u00f6rsta modellen vi har i den elliptiska serien. Det ger en bra h\u00f6jd och \u00e4r d\u00e4rf\u00f6r bra om du har h\u00f6gt i tak eller om du har en h\u00f6rna eller liknande som beh\u00f6ver ljus och volym. Lampan kan kombineras med v\u00e5ra andra ellipslampor och skapa en s\u00e5 kallad [&hellip;]<\/p>\n","protected":false},"featured_media":1941,"template":"","meta":{"_lmt_disableupdate":"","_lmt_disable":""},"product_brand":[],"product_cat":[143,155,147],"product_tag":[],"mersalg-tag":[],"class_list":{"0":"post-2809","1":"product","2":"type-product","3":"status-publish","4":"has-post-thumbnail","6":"product_cat-avlanga-lampor","7":"product_cat-papperslampor","8":"product_cat-produkter-sv","10":"first","11":"outofstock","12":"taxable","13":"shipping-taxable","14":"purchasable","15":"product-type-simple"},"yoast_head":"<!-- This site is optimized with the Yoast SEO plugin v27.3 - https:\/\/yoast.com\/product\/yoast-seo-wordpress\/ -->\n<title>Stor vit ellips | Avl\u00e5nga | - Pachia<\/title>\n<meta name=\"robots\" content=\"index, follow, max-snippet:-1, max-image-preview:large, max-video-preview:-1\" \/>\n<link rel=\"canonical\" href=\"https:\/\/pachia.eu\/sv\/stor-ellips-lampa\/\" \/>\n<meta property=\"og:locale\" content=\"sv_SE\" \/>\n<meta property=\"og:type\" content=\"article\" \/>\n<meta property=\"og:title\" content=\"Stor vit ellips | Avl\u00e5nga | - Pachia\" \/>\n<meta property=\"og:description\" content=\"Stor ellipslampa i vitt. Lampan \u00e4r den st\u00f6rsta modellen vi har i den elliptiska serien. Det ger en bra h\u00f6jd och \u00e4r d\u00e4rf\u00f6r bra om du har h\u00f6gt i tak eller om du har en h\u00f6rna eller liknande som beh\u00f6ver ljus och volym. Lampan kan kombineras med v\u00e5ra andra ellipslampor och skapa en s\u00e5 kallad [&hellip;]\" \/>\n<meta property=\"og:url\" content=\"https:\/\/pachia.eu\/sv\/stor-ellips-lampa\/\" \/>\n<meta property=\"og:site_name\" content=\"Pachia\" \/>\n<meta property=\"article:publisher\" content=\"https:\/\/www.facebook.com\/pachia.shop\" \/>\n<meta property=\"article:modified_time\" content=\"2025-03-27T10:09:37+00:00\" \/>\n<meta property=\"og:image\" content=\"https:\/\/pachia.eu\/wp-content\/uploads\/2021\/06\/large-elipse.png\" \/>\n\t<meta property=\"og:image:width\" content=\"2000\" \/>\n\t<meta property=\"og:image:height\" content=\"2000\" \/>\n\t<meta property=\"og:image:type\" content=\"image\/png\" \/>\n<meta name=\"twitter:card\" content=\"summary_large_image\" \/>\n<meta name=\"twitter:label1\" content=\"Ber\u00e4knad l\u00e4stid\" \/>\n\t<meta name=\"twitter:data1\" content=\"1 minut\" \/>\n<script type=\"application\/ld+json\" class=\"yoast-schema-graph\">{\"@context\":\"https:\\\/\\\/schema.org\",\"@graph\":[{\"@type\":\"WebPage\",\"@id\":\"https:\\\/\\\/pachia.eu\\\/sv\\\/stor-ellips-lampa\\\/\",\"url\":\"https:\\\/\\\/pachia.eu\\\/sv\\\/stor-ellips-lampa\\\/\",\"name\":\"Stor vit ellips | Avl\u00e5nga | - Pachia\",\"isPartOf\":{\"@id\":\"https:\\\/\\\/pachia.eu\\\/sv\\\/#website\"},\"primaryImageOfPage\":{\"@id\":\"https:\\\/\\\/pachia.eu\\\/sv\\\/stor-ellips-lampa\\\/#primaryimage\"},\"image\":{\"@id\":\"https:\\\/\\\/pachia.eu\\\/sv\\\/stor-ellips-lampa\\\/#primaryimage\"},\"thumbnailUrl\":\"https:\\\/\\\/pachia.eu\\\/wp-content\\\/uploads\\\/2021\\\/06\\\/large-elipse.png\",\"datePublished\":\"2021-06-18T09:49:46+00:00\",\"dateModified\":\"2025-03-27T10:09:37+00:00\",\"breadcrumb\":{\"@id\":\"https:\\\/\\\/pachia.eu\\\/sv\\\/stor-ellips-lampa\\\/#breadcrumb\"},\"inLanguage\":\"sv-SE\",\"potentialAction\":[{\"@type\":\"ReadAction\",\"target\":[\"https:\\\/\\\/pachia.eu\\\/sv\\\/stor-ellips-lampa\\\/\"]}]},{\"@type\":\"ImageObject\",\"inLanguage\":\"sv-SE\",\"@id\":\"https:\\\/\\\/pachia.eu\\\/sv\\\/stor-ellips-lampa\\\/#primaryimage\",\"url\":\"https:\\\/\\\/pachia.eu\\\/wp-content\\\/uploads\\\/2021\\\/06\\\/large-elipse.png\",\"contentUrl\":\"https:\\\/\\\/pachia.eu\\\/wp-content\\\/uploads\\\/2021\\\/06\\\/large-elipse.png\",\"width\":2000,\"height\":2000},{\"@type\":\"BreadcrumbList\",\"@id\":\"https:\\\/\\\/pachia.eu\\\/sv\\\/stor-ellips-lampa\\\/#breadcrumb\",\"itemListElement\":[{\"@type\":\"ListItem\",\"position\":1,\"name\":\"Framsida\",\"item\":\"https:\\\/\\\/pachia.eu\\\/sv\\\/\"},{\"@type\":\"ListItem\",\"position\":2,\"name\":\"Butik\",\"item\":\"https:\\\/\\\/pachia.eu\\\/sv\\\/butik\\\/\"},{\"@type\":\"ListItem\",\"position\":3,\"name\":\"Stor vit ellips\"}]},{\"@type\":\"WebSite\",\"@id\":\"https:\\\/\\\/pachia.eu\\\/sv\\\/#website\",\"url\":\"https:\\\/\\\/pachia.eu\\\/sv\\\/\",\"name\":\"Pachia\",\"description\":\"\",\"publisher\":{\"@id\":\"https:\\\/\\\/pachia.eu\\\/sv\\\/#organization\"},\"potentialAction\":[{\"@type\":\"SearchAction\",\"target\":{\"@type\":\"EntryPoint\",\"urlTemplate\":\"https:\\\/\\\/pachia.eu\\\/sv\\\/?s={search_term_string}\"},\"query-input\":{\"@type\":\"PropertyValueSpecification\",\"valueRequired\":true,\"valueName\":\"search_term_string\"}}],\"inLanguage\":\"sv-SE\"},{\"@type\":\"Organization\",\"@id\":\"https:\\\/\\\/pachia.eu\\\/sv\\\/#organization\",\"name\":\"Pachia ApS\",\"url\":\"https:\\\/\\\/pachia.eu\\\/sv\\\/\",\"logo\":{\"@type\":\"ImageObject\",\"inLanguage\":\"sv-SE\",\"@id\":\"https:\\\/\\\/pachia.eu\\\/sv\\\/#\\\/schema\\\/logo\\\/image\\\/\",\"url\":\"https:\\\/\\\/jocaonline.dk\\\/wp-content\\\/uploads\\\/2020\\\/10\\\/decoration-logo-small.png\",\"contentUrl\":\"https:\\\/\\\/jocaonline.dk\\\/wp-content\\\/uploads\\\/2020\\\/10\\\/decoration-logo-small.png\",\"width\":301,\"height\":100,\"caption\":\"Pachia ApS\"},\"image\":{\"@id\":\"https:\\\/\\\/pachia.eu\\\/sv\\\/#\\\/schema\\\/logo\\\/image\\\/\"},\"sameAs\":[\"https:\\\/\\\/www.facebook.com\\\/pachia.shop\",\"https:\\\/\\\/www.instagram.com\\\/pachia.eu\"]}]}<\/script>\n<!-- \/ Yoast SEO plugin. -->","yoast_head_json":{"title":"Stor vit ellips | Avl\u00e5nga | - Pachia","robots":{"index":"index","follow":"follow","max-snippet":"max-snippet:-1","max-image-preview":"max-image-preview:large","max-video-preview":"max-video-preview:-1"},"canonical":"https:\/\/pachia.eu\/sv\/stor-ellips-lampa\/","og_locale":"sv_SE","og_type":"article","og_title":"Stor vit ellips | Avl\u00e5nga | - Pachia","og_description":"Stor ellipslampa i vitt. Lampan \u00e4r den st\u00f6rsta modellen vi har i den elliptiska serien. Det ger en bra h\u00f6jd och \u00e4r d\u00e4rf\u00f6r bra om du har h\u00f6gt i tak eller om du har en h\u00f6rna eller liknande som beh\u00f6ver ljus och volym. Lampan kan kombineras med v\u00e5ra andra ellipslampor och skapa en s\u00e5 kallad [&hellip;]","og_url":"https:\/\/pachia.eu\/sv\/stor-ellips-lampa\/","og_site_name":"Pachia","article_publisher":"https:\/\/www.facebook.com\/pachia.shop","article_modified_time":"2025-03-27T10:09:37+00:00","og_image":[{"width":2000,"height":2000,"url":"https:\/\/pachia.eu\/wp-content\/uploads\/2021\/06\/large-elipse.png","type":"image\/png"}],"twitter_card":"summary_large_image","twitter_misc":{"Ber\u00e4knad l\u00e4stid":"1 minut"},"schema":{"@context":"https:\/\/schema.org","@graph":[{"@type":"WebPage","@id":"https:\/\/pachia.eu\/sv\/stor-ellips-lampa\/","url":"https:\/\/pachia.eu\/sv\/stor-ellips-lampa\/","name":"Stor vit ellips | Avl\u00e5nga | - Pachia","isPartOf":{"@id":"https:\/\/pachia.eu\/sv\/#website"},"primaryImageOfPage":{"@id":"https:\/\/pachia.eu\/sv\/stor-ellips-lampa\/#primaryimage"},"image":{"@id":"https:\/\/pachia.eu\/sv\/stor-ellips-lampa\/#primaryimage"},"thumbnailUrl":"https:\/\/pachia.eu\/wp-content\/uploads\/2021\/06\/large-elipse.png","datePublished":"2021-06-18T09:49:46+00:00","dateModified":"2025-03-27T10:09:37+00:00","breadcrumb":{"@id":"https:\/\/pachia.eu\/sv\/stor-ellips-lampa\/#breadcrumb"},"inLanguage":"sv-SE","potentialAction":[{"@type":"ReadAction","target":["https:\/\/pachia.eu\/sv\/stor-ellips-lampa\/"]}]},{"@type":"ImageObject","inLanguage":"sv-SE","@id":"https:\/\/pachia.eu\/sv\/stor-ellips-lampa\/#primaryimage","url":"https:\/\/pachia.eu\/wp-content\/uploads\/2021\/06\/large-elipse.png","contentUrl":"https:\/\/pachia.eu\/wp-content\/uploads\/2021\/06\/large-elipse.png","width":2000,"height":2000},{"@type":"BreadcrumbList","@id":"https:\/\/pachia.eu\/sv\/stor-ellips-lampa\/#breadcrumb","itemListElement":[{"@type":"ListItem","position":1,"name":"Framsida","item":"https:\/\/pachia.eu\/sv\/"},{"@type":"ListItem","position":2,"name":"Butik","item":"https:\/\/pachia.eu\/sv\/butik\/"},{"@type":"ListItem","position":3,"name":"Stor vit ellips"}]},{"@type":"WebSite","@id":"https:\/\/pachia.eu\/sv\/#website","url":"https:\/\/pachia.eu\/sv\/","name":"Pachia","description":"","publisher":{"@id":"https:\/\/pachia.eu\/sv\/#organization"},"potentialAction":[{"@type":"SearchAction","target":{"@type":"EntryPoint","urlTemplate":"https:\/\/pachia.eu\/sv\/?s={search_term_string}"},"query-input":{"@type":"PropertyValueSpecification","valueRequired":true,"valueName":"search_term_string"}}],"inLanguage":"sv-SE"},{"@type":"Organization","@id":"https:\/\/pachia.eu\/sv\/#organization","name":"Pachia ApS","url":"https:\/\/pachia.eu\/sv\/","logo":{"@type":"ImageObject","inLanguage":"sv-SE","@id":"https:\/\/pachia.eu\/sv\/#\/schema\/logo\/image\/","url":"https:\/\/jocaonline.dk\/wp-content\/uploads\/2020\/10\/decoration-logo-small.png","contentUrl":"https:\/\/jocaonline.dk\/wp-content\/uploads\/2020\/10\/decoration-logo-small.png","width":301,"height":100,"caption":"Pachia ApS"},"image":{"@id":"https:\/\/pachia.eu\/sv\/#\/schema\/logo\/image\/"},"sameAs":["https:\/\/www.facebook.com\/pachia.shop","https:\/\/www.instagram.com\/pachia.eu"]}]}},"_links":{"self":[{"href":"https:\/\/pachia.eu\/sv\/wp-json\/wp\/v2\/product\/2809","targetHints":{"allow":["GET"]}}],"collection":[{"href":"https:\/\/pachia.eu\/sv\/wp-json\/wp\/v2\/product"}],"about":[{"href":"https:\/\/pachia.eu\/sv\/wp-json\/wp\/v2\/types\/product"}],"version-history":[{"count":0,"href":"https:\/\/pachia.eu\/sv\/wp-json\/wp\/v2\/product\/2809\/revisions"}],"wp:featuredmedia":[{"embeddable":true,"href":"https:\/\/pachia.eu\/sv\/wp-json\/wp\/v2\/media\/1941"}],"wp:attachment":[{"href":"https:\/\/pachia.eu\/sv\/wp-json\/wp\/v2\/media?parent=2809"}],"wp:term":[{"taxonomy":"product_brand","embeddable":true,"href":"https:\/\/pachia.eu\/sv\/wp-json\/wp\/v2\/product_brand?post=2809"},{"taxonomy":"product_cat","embeddable":true,"href":"https:\/\/pachia.eu\/sv\/wp-json\/wp\/v2\/product_cat?post=2809"},{"taxonomy":"product_tag","embeddable":true,"href":"https:\/\/pachia.eu\/sv\/wp-json\/wp\/v2\/product_tag?post=2809"},{"taxonomy":"mersalg-tag","embeddable":true,"href":"https:\/\/pachia.eu\/sv\/wp-json\/wp\/v2\/mersalg-tag?post=2809"}],"curies":[{"name":"wp","href":"https:\/\/api.w.org\/{rel}","templated":true}]}}