{"id":2797,"date":"2021-06-18T12:05:55","date_gmt":"2021-06-18T10:05:55","guid":{"rendered":"https:\/\/pachia.eu\/irreguljar-avlang-papperslampa\/"},"modified":"2024-11-18T14:55:14","modified_gmt":"2024-11-18T13:55:14","slug":"irreguljar-avlang-papperslampa","status":"publish","type":"product","link":"https:\/\/pachia.eu\/sv\/irreguljar-avlang-papperslampa\/","title":{"rendered":"Irregulj\u00e4r avl\u00e5ng papperslampa"},"content":{"rendered":"<p>&lt;p&gt;Stilig vit avl&amp;aring;ng rislampa som g&amp;ouml;r sig bra i hemmet.&amp;nbsp;&lt;\/p&gt;<br \/>\n&lt;p&gt;&lt;strong&gt;Specifikationer:&lt;\/strong&gt;&lt;\/p&gt;<br \/>\n&lt;ul&gt;<br \/>\n&lt;li&gt;M&amp;aring;tt: 25cm i diameter, 45cm \/ 60cm l&amp;aring;ng&lt;\/li&gt;<br \/>\n&lt;li&gt;LED lampa och lamph&amp;aring;llare medf&amp;ouml;ljer ej&lt;\/li&gt;<br \/>\n&lt;\/ul&gt;<\/p>\n","protected":false},"excerpt":{"rendered":"<p>&lt;p&gt;Stilig vit avl&amp;aring;ng rislampa som g&amp;ouml;r sig bra i hemmet.&amp;nbsp;&lt;\/p&gt; &lt;p&gt;&lt;strong&gt;Specifikationer:&lt;\/strong&gt;&lt;\/p&gt; &lt;ul&gt; &lt;li&gt;M&amp;aring;tt: 25cm i diameter, 45cm \/ 60cm l&amp;aring;ng&lt;\/li&gt; &lt;li&gt;LED lampa och lamph&amp;aring;llare medf&amp;ouml;ljer ej&lt;\/li&gt; &lt;\/ul&gt;<\/p>\n","protected":false},"featured_media":2065,"template":"","meta":{"_lmt_disableupdate":"","_lmt_disable":""},"product_brand":[],"product_cat":[143,155,147],"product_tag":[],"mersalg-tag":[],"class_list":{"0":"post-2797","1":"product","2":"type-product","3":"status-publish","4":"has-post-thumbnail","6":"product_cat-avlanga-lampor","7":"product_cat-papperslampor","8":"product_cat-produkter-sv","10":"first","11":"instock","12":"taxable","13":"shipping-taxable","14":"purchasable","15":"product-type-variable"},"yoast_head":"<!-- This site is optimized with the Yoast SEO plugin v27.3 - https:\/\/yoast.com\/product\/yoast-seo-wordpress\/ -->\n<title>Irregulj\u00e4r avl\u00e5ng papperslampa | Avl\u00e5nga | - Pachia<\/title>\n<meta name=\"robots\" content=\"index, follow, max-snippet:-1, max-image-preview:large, max-video-preview:-1\" \/>\n<link rel=\"canonical\" href=\"https:\/\/pachia.eu\/sv\/irreguljar-avlang-papperslampa\/\" \/>\n<meta property=\"og:locale\" content=\"sv_SE\" \/>\n<meta property=\"og:type\" content=\"article\" \/>\n<meta property=\"og:title\" content=\"Irregulj\u00e4r avl\u00e5ng papperslampa | Avl\u00e5nga | - Pachia\" \/>\n<meta property=\"og:description\" content=\"&lt;p&gt;Stilig vit avl&amp;aring;ng rislampa som g&amp;ouml;r sig bra i hemmet.&amp;nbsp;&lt;\/p&gt; &lt;p&gt;&lt;strong&gt;Specifikationer:&lt;\/strong&gt;&lt;\/p&gt; &lt;ul&gt; &lt;li&gt;M&amp;aring;tt: 25cm i diameter, 45cm \/ 60cm l&amp;aring;ng&lt;\/li&gt; &lt;li&gt;LED lampa och lamph&amp;aring;llare medf&amp;ouml;ljer ej&lt;\/li&gt; &lt;\/ul&gt;\" \/>\n<meta property=\"og:url\" content=\"https:\/\/pachia.eu\/sv\/irreguljar-avlang-papperslampa\/\" \/>\n<meta property=\"og:site_name\" content=\"Pachia\" \/>\n<meta property=\"article:publisher\" content=\"https:\/\/www.facebook.com\/pachia.shop\" \/>\n<meta property=\"article:modified_time\" content=\"2024-11-18T13:55:14+00:00\" \/>\n<meta property=\"og:image\" content=\"https:\/\/pachia.eu\/wp-content\/uploads\/2021\/06\/unevenripped-cylinder_1.png\" \/>\n\t<meta property=\"og:image:width\" content=\"2000\" \/>\n\t<meta property=\"og:image:height\" content=\"2000\" \/>\n\t<meta property=\"og:image:type\" content=\"image\/png\" \/>\n<meta name=\"twitter:card\" content=\"summary_large_image\" \/>\n<script type=\"application\/ld+json\" class=\"yoast-schema-graph\">{\"@context\":\"https:\\\/\\\/schema.org\",\"@graph\":[{\"@type\":\"WebPage\",\"@id\":\"https:\\\/\\\/pachia.eu\\\/sv\\\/irreguljar-avlang-papperslampa\\\/\",\"url\":\"https:\\\/\\\/pachia.eu\\\/sv\\\/irreguljar-avlang-papperslampa\\\/\",\"name\":\"Irregulj\u00e4r avl\u00e5ng papperslampa | Avl\u00e5nga | - Pachia\",\"isPartOf\":{\"@id\":\"https:\\\/\\\/pachia.eu\\\/sv\\\/#website\"},\"primaryImageOfPage\":{\"@id\":\"https:\\\/\\\/pachia.eu\\\/sv\\\/irreguljar-avlang-papperslampa\\\/#primaryimage\"},\"image\":{\"@id\":\"https:\\\/\\\/pachia.eu\\\/sv\\\/irreguljar-avlang-papperslampa\\\/#primaryimage\"},\"thumbnailUrl\":\"https:\\\/\\\/pachia.eu\\\/wp-content\\\/uploads\\\/2021\\\/06\\\/unevenripped-cylinder_1.png\",\"datePublished\":\"2021-06-18T10:05:55+00:00\",\"dateModified\":\"2024-11-18T13:55:14+00:00\",\"breadcrumb\":{\"@id\":\"https:\\\/\\\/pachia.eu\\\/sv\\\/irreguljar-avlang-papperslampa\\\/#breadcrumb\"},\"inLanguage\":\"sv-SE\",\"potentialAction\":[{\"@type\":\"ReadAction\",\"target\":[\"https:\\\/\\\/pachia.eu\\\/sv\\\/irreguljar-avlang-papperslampa\\\/\"]}]},{\"@type\":\"ImageObject\",\"inLanguage\":\"sv-SE\",\"@id\":\"https:\\\/\\\/pachia.eu\\\/sv\\\/irreguljar-avlang-papperslampa\\\/#primaryimage\",\"url\":\"https:\\\/\\\/pachia.eu\\\/wp-content\\\/uploads\\\/2021\\\/06\\\/unevenripped-cylinder_1.png\",\"contentUrl\":\"https:\\\/\\\/pachia.eu\\\/wp-content\\\/uploads\\\/2021\\\/06\\\/unevenripped-cylinder_1.png\",\"width\":2000,\"height\":2000},{\"@type\":\"BreadcrumbList\",\"@id\":\"https:\\\/\\\/pachia.eu\\\/sv\\\/irreguljar-avlang-papperslampa\\\/#breadcrumb\",\"itemListElement\":[{\"@type\":\"ListItem\",\"position\":1,\"name\":\"Framsida\",\"item\":\"https:\\\/\\\/pachia.eu\\\/sv\\\/\"},{\"@type\":\"ListItem\",\"position\":2,\"name\":\"Butik\",\"item\":\"https:\\\/\\\/pachia.eu\\\/sv\\\/butik\\\/\"},{\"@type\":\"ListItem\",\"position\":3,\"name\":\"Irregulj\u00e4r avl\u00e5ng papperslampa\"}]},{\"@type\":\"WebSite\",\"@id\":\"https:\\\/\\\/pachia.eu\\\/sv\\\/#website\",\"url\":\"https:\\\/\\\/pachia.eu\\\/sv\\\/\",\"name\":\"Pachia\",\"description\":\"\",\"publisher\":{\"@id\":\"https:\\\/\\\/pachia.eu\\\/sv\\\/#organization\"},\"potentialAction\":[{\"@type\":\"SearchAction\",\"target\":{\"@type\":\"EntryPoint\",\"urlTemplate\":\"https:\\\/\\\/pachia.eu\\\/sv\\\/?s={search_term_string}\"},\"query-input\":{\"@type\":\"PropertyValueSpecification\",\"valueRequired\":true,\"valueName\":\"search_term_string\"}}],\"inLanguage\":\"sv-SE\"},{\"@type\":\"Organization\",\"@id\":\"https:\\\/\\\/pachia.eu\\\/sv\\\/#organization\",\"name\":\"Pachia ApS\",\"url\":\"https:\\\/\\\/pachia.eu\\\/sv\\\/\",\"logo\":{\"@type\":\"ImageObject\",\"inLanguage\":\"sv-SE\",\"@id\":\"https:\\\/\\\/pachia.eu\\\/sv\\\/#\\\/schema\\\/logo\\\/image\\\/\",\"url\":\"https:\\\/\\\/jocaonline.dk\\\/wp-content\\\/uploads\\\/2020\\\/10\\\/decoration-logo-small.png\",\"contentUrl\":\"https:\\\/\\\/jocaonline.dk\\\/wp-content\\\/uploads\\\/2020\\\/10\\\/decoration-logo-small.png\",\"width\":301,\"height\":100,\"caption\":\"Pachia ApS\"},\"image\":{\"@id\":\"https:\\\/\\\/pachia.eu\\\/sv\\\/#\\\/schema\\\/logo\\\/image\\\/\"},\"sameAs\":[\"https:\\\/\\\/www.facebook.com\\\/pachia.shop\",\"https:\\\/\\\/www.instagram.com\\\/pachia.eu\"]}]}<\/script>\n<!-- \/ Yoast SEO plugin. -->","yoast_head_json":{"title":"Irregulj\u00e4r avl\u00e5ng papperslampa | Avl\u00e5nga | - Pachia","robots":{"index":"index","follow":"follow","max-snippet":"max-snippet:-1","max-image-preview":"max-image-preview:large","max-video-preview":"max-video-preview:-1"},"canonical":"https:\/\/pachia.eu\/sv\/irreguljar-avlang-papperslampa\/","og_locale":"sv_SE","og_type":"article","og_title":"Irregulj\u00e4r avl\u00e5ng papperslampa | Avl\u00e5nga | - Pachia","og_description":"&lt;p&gt;Stilig vit avl&amp;aring;ng rislampa som g&amp;ouml;r sig bra i hemmet.&amp;nbsp;&lt;\/p&gt; &lt;p&gt;&lt;strong&gt;Specifikationer:&lt;\/strong&gt;&lt;\/p&gt; &lt;ul&gt; &lt;li&gt;M&amp;aring;tt: 25cm i diameter, 45cm \/ 60cm l&amp;aring;ng&lt;\/li&gt; &lt;li&gt;LED lampa och lamph&amp;aring;llare medf&amp;ouml;ljer ej&lt;\/li&gt; &lt;\/ul&gt;","og_url":"https:\/\/pachia.eu\/sv\/irreguljar-avlang-papperslampa\/","og_site_name":"Pachia","article_publisher":"https:\/\/www.facebook.com\/pachia.shop","article_modified_time":"2024-11-18T13:55:14+00:00","og_image":[{"width":2000,"height":2000,"url":"https:\/\/pachia.eu\/wp-content\/uploads\/2021\/06\/unevenripped-cylinder_1.png","type":"image\/png"}],"twitter_card":"summary_large_image","schema":{"@context":"https:\/\/schema.org","@graph":[{"@type":"WebPage","@id":"https:\/\/pachia.eu\/sv\/irreguljar-avlang-papperslampa\/","url":"https:\/\/pachia.eu\/sv\/irreguljar-avlang-papperslampa\/","name":"Irregulj\u00e4r avl\u00e5ng papperslampa | Avl\u00e5nga | - Pachia","isPartOf":{"@id":"https:\/\/pachia.eu\/sv\/#website"},"primaryImageOfPage":{"@id":"https:\/\/pachia.eu\/sv\/irreguljar-avlang-papperslampa\/#primaryimage"},"image":{"@id":"https:\/\/pachia.eu\/sv\/irreguljar-avlang-papperslampa\/#primaryimage"},"thumbnailUrl":"https:\/\/pachia.eu\/wp-content\/uploads\/2021\/06\/unevenripped-cylinder_1.png","datePublished":"2021-06-18T10:05:55+00:00","dateModified":"2024-11-18T13:55:14+00:00","breadcrumb":{"@id":"https:\/\/pachia.eu\/sv\/irreguljar-avlang-papperslampa\/#breadcrumb"},"inLanguage":"sv-SE","potentialAction":[{"@type":"ReadAction","target":["https:\/\/pachia.eu\/sv\/irreguljar-avlang-papperslampa\/"]}]},{"@type":"ImageObject","inLanguage":"sv-SE","@id":"https:\/\/pachia.eu\/sv\/irreguljar-avlang-papperslampa\/#primaryimage","url":"https:\/\/pachia.eu\/wp-content\/uploads\/2021\/06\/unevenripped-cylinder_1.png","contentUrl":"https:\/\/pachia.eu\/wp-content\/uploads\/2021\/06\/unevenripped-cylinder_1.png","width":2000,"height":2000},{"@type":"BreadcrumbList","@id":"https:\/\/pachia.eu\/sv\/irreguljar-avlang-papperslampa\/#breadcrumb","itemListElement":[{"@type":"ListItem","position":1,"name":"Framsida","item":"https:\/\/pachia.eu\/sv\/"},{"@type":"ListItem","position":2,"name":"Butik","item":"https:\/\/pachia.eu\/sv\/butik\/"},{"@type":"ListItem","position":3,"name":"Irregulj\u00e4r avl\u00e5ng papperslampa"}]},{"@type":"WebSite","@id":"https:\/\/pachia.eu\/sv\/#website","url":"https:\/\/pachia.eu\/sv\/","name":"Pachia","description":"","publisher":{"@id":"https:\/\/pachia.eu\/sv\/#organization"},"potentialAction":[{"@type":"SearchAction","target":{"@type":"EntryPoint","urlTemplate":"https:\/\/pachia.eu\/sv\/?s={search_term_string}"},"query-input":{"@type":"PropertyValueSpecification","valueRequired":true,"valueName":"search_term_string"}}],"inLanguage":"sv-SE"},{"@type":"Organization","@id":"https:\/\/pachia.eu\/sv\/#organization","name":"Pachia ApS","url":"https:\/\/pachia.eu\/sv\/","logo":{"@type":"ImageObject","inLanguage":"sv-SE","@id":"https:\/\/pachia.eu\/sv\/#\/schema\/logo\/image\/","url":"https:\/\/jocaonline.dk\/wp-content\/uploads\/2020\/10\/decoration-logo-small.png","contentUrl":"https:\/\/jocaonline.dk\/wp-content\/uploads\/2020\/10\/decoration-logo-small.png","width":301,"height":100,"caption":"Pachia ApS"},"image":{"@id":"https:\/\/pachia.eu\/sv\/#\/schema\/logo\/image\/"},"sameAs":["https:\/\/www.facebook.com\/pachia.shop","https:\/\/www.instagram.com\/pachia.eu"]}]}},"_links":{"self":[{"href":"https:\/\/pachia.eu\/sv\/wp-json\/wp\/v2\/product\/2797","targetHints":{"allow":["GET"]}}],"collection":[{"href":"https:\/\/pachia.eu\/sv\/wp-json\/wp\/v2\/product"}],"about":[{"href":"https:\/\/pachia.eu\/sv\/wp-json\/wp\/v2\/types\/product"}],"version-history":[{"count":0,"href":"https:\/\/pachia.eu\/sv\/wp-json\/wp\/v2\/product\/2797\/revisions"}],"wp:featuredmedia":[{"embeddable":true,"href":"https:\/\/pachia.eu\/sv\/wp-json\/wp\/v2\/media\/2065"}],"wp:attachment":[{"href":"https:\/\/pachia.eu\/sv\/wp-json\/wp\/v2\/media?parent=2797"}],"wp:term":[{"taxonomy":"product_brand","embeddable":true,"href":"https:\/\/pachia.eu\/sv\/wp-json\/wp\/v2\/product_brand?post=2797"},{"taxonomy":"product_cat","embeddable":true,"href":"https:\/\/pachia.eu\/sv\/wp-json\/wp\/v2\/product_cat?post=2797"},{"taxonomy":"product_tag","embeddable":true,"href":"https:\/\/pachia.eu\/sv\/wp-json\/wp\/v2\/product_tag?post=2797"},{"taxonomy":"mersalg-tag","embeddable":true,"href":"https:\/\/pachia.eu\/sv\/wp-json\/wp\/v2\/mersalg-tag?post=2797"}],"curies":[{"name":"wp","href":"https:\/\/api.w.org\/{rel}","templated":true}]}}