{"id":2789,"date":"2021-06-18T12:13:03","date_gmt":"2021-06-18T10:13:03","guid":{"rendered":"https:\/\/pachia.eu\/ljus-organisk-papperslampa\/"},"modified":"2025-03-27T11:09:26","modified_gmt":"2025-03-27T10:09:26","slug":"ljus-organisk-papperslampa","status":"publish","type":"product","link":"https:\/\/pachia.eu\/sv\/ljus-organisk-papperslampa\/","title":{"rendered":"Ljus organisk papperslampa"},"content":{"rendered":"<p>Denna l\u00e4ckra papperslampa ger ett rustikt utseende till vardagsrummet, caf\u00e9et, butiken eller sovrummet. Lampan inneh\u00e5ller starka fibrer som framtr\u00e4der n\u00e4r lampan t\u00e4nds, vilket ger en extra dimension till ljuset som automatiskt dimmas av det tjocka pappret. Lampan f\u00f6redras av m\u00e5nga arkitekter och inredningsf\u00f6retag, som ofta anv\u00e4nder den f\u00f6r inredning b\u00e5de i f\u00f6retag och privata hem.  <\/p>\n<p>Lampan har en diameter p\u00e5 40cm och kan kombineras med alla v\u00e5ra uttag med sladd.<\/p>\n","protected":false},"excerpt":{"rendered":"<p>Denna l\u00e4ckra papperslampa ger ett rustikt utseende till vardagsrummet, caf\u00e9et, butiken eller sovrummet. Lampan inneh\u00e5ller starka fibrer som framtr\u00e4der n\u00e4r lampan t\u00e4nds, vilket ger en extra dimension till ljuset som automatiskt dimmas av det tjocka pappret. Lampan f\u00f6redras av m\u00e5nga arkitekter och inredningsf\u00f6retag, som ofta anv\u00e4nder den f\u00f6r inredning b\u00e5de i f\u00f6retag och privata hem. [&hellip;]<\/p>\n","protected":false},"featured_media":2105,"template":"","meta":{"_lmt_disableupdate":"","_lmt_disable":""},"product_brand":[],"product_cat":[155,147,162],"product_tag":[],"mersalg-tag":[],"class_list":{"0":"post-2789","1":"product","2":"type-product","3":"status-publish","4":"has-post-thumbnail","6":"product_cat-papperslampor","7":"product_cat-produkter-sv","8":"product_cat-till-sovrummet","10":"first","11":"instock","12":"taxable","13":"shipping-taxable","14":"purchasable","15":"product-type-simple"},"yoast_head":"<!-- This site is optimized with the Yoast SEO plugin v27.3 - https:\/\/yoast.com\/product\/yoast-seo-wordpress\/ -->\n<title>Ljus organisk papperslampa | Papperslampor | - Pachia<\/title>\n<meta name=\"robots\" content=\"index, follow, max-snippet:-1, max-image-preview:large, max-video-preview:-1\" \/>\n<link rel=\"canonical\" href=\"https:\/\/pachia.eu\/sv\/ljus-organisk-papperslampa\/\" \/>\n<meta property=\"og:locale\" content=\"sv_SE\" \/>\n<meta property=\"og:type\" content=\"article\" \/>\n<meta property=\"og:title\" content=\"Ljus organisk papperslampa | Papperslampor | - Pachia\" \/>\n<meta property=\"og:description\" content=\"Denna l\u00e4ckra papperslampa ger ett rustikt utseende till vardagsrummet, caf\u00e9et, butiken eller sovrummet. Lampan inneh\u00e5ller starka fibrer som framtr\u00e4der n\u00e4r lampan t\u00e4nds, vilket ger en extra dimension till ljuset som automatiskt dimmas av det tjocka pappret. Lampan f\u00f6redras av m\u00e5nga arkitekter och inredningsf\u00f6retag, som ofta anv\u00e4nder den f\u00f6r inredning b\u00e5de i f\u00f6retag och privata hem. [&hellip;]\" \/>\n<meta property=\"og:url\" content=\"https:\/\/pachia.eu\/sv\/ljus-organisk-papperslampa\/\" \/>\n<meta property=\"og:site_name\" content=\"Pachia\" \/>\n<meta property=\"article:publisher\" content=\"https:\/\/www.facebook.com\/pachia.shop\" \/>\n<meta property=\"article:modified_time\" content=\"2025-03-27T10:09:26+00:00\" \/>\n<meta property=\"og:image\" content=\"https:\/\/pachia.eu\/wp-content\/uploads\/2021\/06\/lys-organisk_1-1024x1024.png\" \/>\n\t<meta property=\"og:image:width\" content=\"1024\" \/>\n\t<meta property=\"og:image:height\" content=\"1024\" \/>\n\t<meta property=\"og:image:type\" content=\"image\/png\" \/>\n<meta name=\"twitter:card\" content=\"summary_large_image\" \/>\n<script type=\"application\/ld+json\" class=\"yoast-schema-graph\">{\"@context\":\"https:\\\/\\\/schema.org\",\"@graph\":[{\"@type\":\"WebPage\",\"@id\":\"https:\\\/\\\/pachia.eu\\\/sv\\\/ljus-organisk-papperslampa\\\/\",\"url\":\"https:\\\/\\\/pachia.eu\\\/sv\\\/ljus-organisk-papperslampa\\\/\",\"name\":\"Ljus organisk papperslampa | Papperslampor | - Pachia\",\"isPartOf\":{\"@id\":\"https:\\\/\\\/pachia.eu\\\/sv\\\/#website\"},\"primaryImageOfPage\":{\"@id\":\"https:\\\/\\\/pachia.eu\\\/sv\\\/ljus-organisk-papperslampa\\\/#primaryimage\"},\"image\":{\"@id\":\"https:\\\/\\\/pachia.eu\\\/sv\\\/ljus-organisk-papperslampa\\\/#primaryimage\"},\"thumbnailUrl\":\"https:\\\/\\\/pachia.eu\\\/wp-content\\\/uploads\\\/2021\\\/06\\\/lys-organisk_1.png\",\"datePublished\":\"2021-06-18T10:13:03+00:00\",\"dateModified\":\"2025-03-27T10:09:26+00:00\",\"breadcrumb\":{\"@id\":\"https:\\\/\\\/pachia.eu\\\/sv\\\/ljus-organisk-papperslampa\\\/#breadcrumb\"},\"inLanguage\":\"sv-SE\",\"potentialAction\":[{\"@type\":\"ReadAction\",\"target\":[\"https:\\\/\\\/pachia.eu\\\/sv\\\/ljus-organisk-papperslampa\\\/\"]}]},{\"@type\":\"ImageObject\",\"inLanguage\":\"sv-SE\",\"@id\":\"https:\\\/\\\/pachia.eu\\\/sv\\\/ljus-organisk-papperslampa\\\/#primaryimage\",\"url\":\"https:\\\/\\\/pachia.eu\\\/wp-content\\\/uploads\\\/2021\\\/06\\\/lys-organisk_1.png\",\"contentUrl\":\"https:\\\/\\\/pachia.eu\\\/wp-content\\\/uploads\\\/2021\\\/06\\\/lys-organisk_1.png\",\"width\":2000,\"height\":2000},{\"@type\":\"BreadcrumbList\",\"@id\":\"https:\\\/\\\/pachia.eu\\\/sv\\\/ljus-organisk-papperslampa\\\/#breadcrumb\",\"itemListElement\":[{\"@type\":\"ListItem\",\"position\":1,\"name\":\"Framsida\",\"item\":\"https:\\\/\\\/pachia.eu\\\/sv\\\/\"},{\"@type\":\"ListItem\",\"position\":2,\"name\":\"Butik\",\"item\":\"https:\\\/\\\/pachia.eu\\\/sv\\\/butik\\\/\"},{\"@type\":\"ListItem\",\"position\":3,\"name\":\"Ljus organisk papperslampa\"}]},{\"@type\":\"WebSite\",\"@id\":\"https:\\\/\\\/pachia.eu\\\/sv\\\/#website\",\"url\":\"https:\\\/\\\/pachia.eu\\\/sv\\\/\",\"name\":\"Pachia\",\"description\":\"\",\"publisher\":{\"@id\":\"https:\\\/\\\/pachia.eu\\\/sv\\\/#organization\"},\"potentialAction\":[{\"@type\":\"SearchAction\",\"target\":{\"@type\":\"EntryPoint\",\"urlTemplate\":\"https:\\\/\\\/pachia.eu\\\/sv\\\/?s={search_term_string}\"},\"query-input\":{\"@type\":\"PropertyValueSpecification\",\"valueRequired\":true,\"valueName\":\"search_term_string\"}}],\"inLanguage\":\"sv-SE\"},{\"@type\":\"Organization\",\"@id\":\"https:\\\/\\\/pachia.eu\\\/sv\\\/#organization\",\"name\":\"Pachia ApS\",\"url\":\"https:\\\/\\\/pachia.eu\\\/sv\\\/\",\"logo\":{\"@type\":\"ImageObject\",\"inLanguage\":\"sv-SE\",\"@id\":\"https:\\\/\\\/pachia.eu\\\/sv\\\/#\\\/schema\\\/logo\\\/image\\\/\",\"url\":\"https:\\\/\\\/jocaonline.dk\\\/wp-content\\\/uploads\\\/2020\\\/10\\\/decoration-logo-small.png\",\"contentUrl\":\"https:\\\/\\\/jocaonline.dk\\\/wp-content\\\/uploads\\\/2020\\\/10\\\/decoration-logo-small.png\",\"width\":301,\"height\":100,\"caption\":\"Pachia ApS\"},\"image\":{\"@id\":\"https:\\\/\\\/pachia.eu\\\/sv\\\/#\\\/schema\\\/logo\\\/image\\\/\"},\"sameAs\":[\"https:\\\/\\\/www.facebook.com\\\/pachia.shop\",\"https:\\\/\\\/www.instagram.com\\\/pachia.eu\"]}]}<\/script>\n<!-- \/ Yoast SEO plugin. -->","yoast_head_json":{"title":"Ljus organisk papperslampa | Papperslampor | - Pachia","robots":{"index":"index","follow":"follow","max-snippet":"max-snippet:-1","max-image-preview":"max-image-preview:large","max-video-preview":"max-video-preview:-1"},"canonical":"https:\/\/pachia.eu\/sv\/ljus-organisk-papperslampa\/","og_locale":"sv_SE","og_type":"article","og_title":"Ljus organisk papperslampa | Papperslampor | - Pachia","og_description":"Denna l\u00e4ckra papperslampa ger ett rustikt utseende till vardagsrummet, caf\u00e9et, butiken eller sovrummet. Lampan inneh\u00e5ller starka fibrer som framtr\u00e4der n\u00e4r lampan t\u00e4nds, vilket ger en extra dimension till ljuset som automatiskt dimmas av det tjocka pappret. Lampan f\u00f6redras av m\u00e5nga arkitekter och inredningsf\u00f6retag, som ofta anv\u00e4nder den f\u00f6r inredning b\u00e5de i f\u00f6retag och privata hem. [&hellip;]","og_url":"https:\/\/pachia.eu\/sv\/ljus-organisk-papperslampa\/","og_site_name":"Pachia","article_publisher":"https:\/\/www.facebook.com\/pachia.shop","article_modified_time":"2025-03-27T10:09:26+00:00","og_image":[{"width":1024,"height":1024,"url":"https:\/\/pachia.eu\/wp-content\/uploads\/2021\/06\/lys-organisk_1-1024x1024.png","type":"image\/png"}],"twitter_card":"summary_large_image","schema":{"@context":"https:\/\/schema.org","@graph":[{"@type":"WebPage","@id":"https:\/\/pachia.eu\/sv\/ljus-organisk-papperslampa\/","url":"https:\/\/pachia.eu\/sv\/ljus-organisk-papperslampa\/","name":"Ljus organisk papperslampa | Papperslampor | - Pachia","isPartOf":{"@id":"https:\/\/pachia.eu\/sv\/#website"},"primaryImageOfPage":{"@id":"https:\/\/pachia.eu\/sv\/ljus-organisk-papperslampa\/#primaryimage"},"image":{"@id":"https:\/\/pachia.eu\/sv\/ljus-organisk-papperslampa\/#primaryimage"},"thumbnailUrl":"https:\/\/pachia.eu\/wp-content\/uploads\/2021\/06\/lys-organisk_1.png","datePublished":"2021-06-18T10:13:03+00:00","dateModified":"2025-03-27T10:09:26+00:00","breadcrumb":{"@id":"https:\/\/pachia.eu\/sv\/ljus-organisk-papperslampa\/#breadcrumb"},"inLanguage":"sv-SE","potentialAction":[{"@type":"ReadAction","target":["https:\/\/pachia.eu\/sv\/ljus-organisk-papperslampa\/"]}]},{"@type":"ImageObject","inLanguage":"sv-SE","@id":"https:\/\/pachia.eu\/sv\/ljus-organisk-papperslampa\/#primaryimage","url":"https:\/\/pachia.eu\/wp-content\/uploads\/2021\/06\/lys-organisk_1.png","contentUrl":"https:\/\/pachia.eu\/wp-content\/uploads\/2021\/06\/lys-organisk_1.png","width":2000,"height":2000},{"@type":"BreadcrumbList","@id":"https:\/\/pachia.eu\/sv\/ljus-organisk-papperslampa\/#breadcrumb","itemListElement":[{"@type":"ListItem","position":1,"name":"Framsida","item":"https:\/\/pachia.eu\/sv\/"},{"@type":"ListItem","position":2,"name":"Butik","item":"https:\/\/pachia.eu\/sv\/butik\/"},{"@type":"ListItem","position":3,"name":"Ljus organisk papperslampa"}]},{"@type":"WebSite","@id":"https:\/\/pachia.eu\/sv\/#website","url":"https:\/\/pachia.eu\/sv\/","name":"Pachia","description":"","publisher":{"@id":"https:\/\/pachia.eu\/sv\/#organization"},"potentialAction":[{"@type":"SearchAction","target":{"@type":"EntryPoint","urlTemplate":"https:\/\/pachia.eu\/sv\/?s={search_term_string}"},"query-input":{"@type":"PropertyValueSpecification","valueRequired":true,"valueName":"search_term_string"}}],"inLanguage":"sv-SE"},{"@type":"Organization","@id":"https:\/\/pachia.eu\/sv\/#organization","name":"Pachia ApS","url":"https:\/\/pachia.eu\/sv\/","logo":{"@type":"ImageObject","inLanguage":"sv-SE","@id":"https:\/\/pachia.eu\/sv\/#\/schema\/logo\/image\/","url":"https:\/\/jocaonline.dk\/wp-content\/uploads\/2020\/10\/decoration-logo-small.png","contentUrl":"https:\/\/jocaonline.dk\/wp-content\/uploads\/2020\/10\/decoration-logo-small.png","width":301,"height":100,"caption":"Pachia ApS"},"image":{"@id":"https:\/\/pachia.eu\/sv\/#\/schema\/logo\/image\/"},"sameAs":["https:\/\/www.facebook.com\/pachia.shop","https:\/\/www.instagram.com\/pachia.eu"]}]}},"_links":{"self":[{"href":"https:\/\/pachia.eu\/sv\/wp-json\/wp\/v2\/product\/2789","targetHints":{"allow":["GET"]}}],"collection":[{"href":"https:\/\/pachia.eu\/sv\/wp-json\/wp\/v2\/product"}],"about":[{"href":"https:\/\/pachia.eu\/sv\/wp-json\/wp\/v2\/types\/product"}],"version-history":[{"count":0,"href":"https:\/\/pachia.eu\/sv\/wp-json\/wp\/v2\/product\/2789\/revisions"}],"wp:featuredmedia":[{"embeddable":true,"href":"https:\/\/pachia.eu\/sv\/wp-json\/wp\/v2\/media\/2105"}],"wp:attachment":[{"href":"https:\/\/pachia.eu\/sv\/wp-json\/wp\/v2\/media?parent=2789"}],"wp:term":[{"taxonomy":"product_brand","embeddable":true,"href":"https:\/\/pachia.eu\/sv\/wp-json\/wp\/v2\/product_brand?post=2789"},{"taxonomy":"product_cat","embeddable":true,"href":"https:\/\/pachia.eu\/sv\/wp-json\/wp\/v2\/product_cat?post=2789"},{"taxonomy":"product_tag","embeddable":true,"href":"https:\/\/pachia.eu\/sv\/wp-json\/wp\/v2\/product_tag?post=2789"},{"taxonomy":"mersalg-tag","embeddable":true,"href":"https:\/\/pachia.eu\/sv\/wp-json\/wp\/v2\/mersalg-tag?post=2789"}],"curies":[{"name":"wp","href":"https:\/\/api.w.org\/{rel}","templated":true}]}}