{"id":2751,"date":"2021-06-18T14:16:07","date_gmt":"2021-06-18T12:16:07","guid":{"rendered":"https:\/\/pachia.eu\/latte-fyrkantig-lampa\/"},"modified":"2025-03-27T11:09:23","modified_gmt":"2025-03-27T10:09:23","slug":"latte-fyrkantig-lampa","status":"publish","type":"product","link":"https:\/\/pachia.eu\/sv\/latte-fyrkantig-lampa\/","title":{"rendered":"Latte Fyrkantig Lampa"},"content":{"rendered":"<p>Vacker caffe-latte-f\u00e4rgad fyrkantig lampa tillverkad i rispapper. Lampan ger ett h\u00e4rligt varmt ljus och kan anv\u00e4ndas som dekorativ belysning eller som prim\u00e4rbelysning i hemmet. Lattenyansen \u00e4r perfekt i ett ljust hem eller i ett rum d\u00e4r det finns ljusbruna f\u00e4rger. Dessutom ger de skarpa kanterna fr\u00e5n den fyrkantiga formen ocks\u00e5 kant till hemmet och ger ett snyggt stilrent utseende.   <\/p>\n<p>Lampan kan kombineras med v\u00e5ra socklar och LED-lampor.<\/p>\n<p>Storlek: 25x25cm<\/p>\n","protected":false},"excerpt":{"rendered":"<p>Vacker caffe-latte-f\u00e4rgad fyrkantig lampa tillverkad i rispapper. Lampan ger ett h\u00e4rligt varmt ljus och kan anv\u00e4ndas som dekorativ belysning eller som prim\u00e4rbelysning i hemmet. Lattenyansen \u00e4r perfekt i ett ljust hem eller i ett rum d\u00e4r det finns ljusbruna f\u00e4rger. Dessutom ger de skarpa kanterna fr\u00e5n den fyrkantiga formen ocks\u00e5 kant till hemmet och ger [&hellip;]<\/p>\n","protected":false},"featured_media":2169,"template":"","meta":{"_lmt_disableupdate":"","_lmt_disable":""},"product_brand":[],"product_cat":[149,155,147],"product_tag":[],"mersalg-tag":[],"class_list":{"0":"post-2751","1":"product","2":"type-product","3":"status-publish","4":"has-post-thumbnail","6":"product_cat-festartiklar","7":"product_cat-papperslampor","8":"product_cat-produkter-sv","10":"first","11":"instock","12":"taxable","13":"shipping-taxable","14":"purchasable","15":"product-type-simple"},"yoast_head":"<!-- This site is optimized with the Yoast SEO plugin v27.3 - https:\/\/yoast.com\/product\/yoast-seo-wordpress\/ -->\n<title>Latte Fyrkantig Lampa | Papperslampor | - Pachia<\/title>\n<meta name=\"robots\" content=\"index, follow, max-snippet:-1, max-image-preview:large, max-video-preview:-1\" \/>\n<link rel=\"canonical\" href=\"https:\/\/pachia.eu\/sv\/latte-fyrkantig-lampa\/\" \/>\n<meta property=\"og:locale\" content=\"sv_SE\" \/>\n<meta property=\"og:type\" content=\"article\" \/>\n<meta property=\"og:title\" content=\"Latte Fyrkantig Lampa | Papperslampor | - Pachia\" \/>\n<meta property=\"og:description\" content=\"Vacker caffe-latte-f\u00e4rgad fyrkantig lampa tillverkad i rispapper. Lampan ger ett h\u00e4rligt varmt ljus och kan anv\u00e4ndas som dekorativ belysning eller som prim\u00e4rbelysning i hemmet. Lattenyansen \u00e4r perfekt i ett ljust hem eller i ett rum d\u00e4r det finns ljusbruna f\u00e4rger. Dessutom ger de skarpa kanterna fr\u00e5n den fyrkantiga formen ocks\u00e5 kant till hemmet och ger [&hellip;]\" \/>\n<meta property=\"og:url\" content=\"https:\/\/pachia.eu\/sv\/latte-fyrkantig-lampa\/\" \/>\n<meta property=\"og:site_name\" content=\"Pachia\" \/>\n<meta property=\"article:publisher\" content=\"https:\/\/www.facebook.com\/pachia.shop\" \/>\n<meta property=\"article:modified_time\" content=\"2025-03-27T10:09:23+00:00\" \/>\n<meta property=\"og:image\" content=\"https:\/\/pachia.eu\/wp-content\/uploads\/2021\/06\/latte-firkantet-1.png\" \/>\n\t<meta property=\"og:image:width\" content=\"2000\" \/>\n\t<meta property=\"og:image:height\" content=\"2000\" \/>\n\t<meta property=\"og:image:type\" content=\"image\/png\" \/>\n<meta name=\"twitter:card\" content=\"summary_large_image\" \/>\n<script type=\"application\/ld+json\" class=\"yoast-schema-graph\">{\"@context\":\"https:\\\/\\\/schema.org\",\"@graph\":[{\"@type\":\"WebPage\",\"@id\":\"https:\\\/\\\/pachia.eu\\\/sv\\\/latte-fyrkantig-lampa\\\/\",\"url\":\"https:\\\/\\\/pachia.eu\\\/sv\\\/latte-fyrkantig-lampa\\\/\",\"name\":\"Latte Fyrkantig Lampa | Papperslampor | - Pachia\",\"isPartOf\":{\"@id\":\"https:\\\/\\\/pachia.eu\\\/sv\\\/#website\"},\"primaryImageOfPage\":{\"@id\":\"https:\\\/\\\/pachia.eu\\\/sv\\\/latte-fyrkantig-lampa\\\/#primaryimage\"},\"image\":{\"@id\":\"https:\\\/\\\/pachia.eu\\\/sv\\\/latte-fyrkantig-lampa\\\/#primaryimage\"},\"thumbnailUrl\":\"https:\\\/\\\/pachia.eu\\\/wp-content\\\/uploads\\\/2021\\\/06\\\/latte-firkantet-1.png\",\"datePublished\":\"2021-06-18T12:16:07+00:00\",\"dateModified\":\"2025-03-27T10:09:23+00:00\",\"breadcrumb\":{\"@id\":\"https:\\\/\\\/pachia.eu\\\/sv\\\/latte-fyrkantig-lampa\\\/#breadcrumb\"},\"inLanguage\":\"sv-SE\",\"potentialAction\":[{\"@type\":\"ReadAction\",\"target\":[\"https:\\\/\\\/pachia.eu\\\/sv\\\/latte-fyrkantig-lampa\\\/\"]}]},{\"@type\":\"ImageObject\",\"inLanguage\":\"sv-SE\",\"@id\":\"https:\\\/\\\/pachia.eu\\\/sv\\\/latte-fyrkantig-lampa\\\/#primaryimage\",\"url\":\"https:\\\/\\\/pachia.eu\\\/wp-content\\\/uploads\\\/2021\\\/06\\\/latte-firkantet-1.png\",\"contentUrl\":\"https:\\\/\\\/pachia.eu\\\/wp-content\\\/uploads\\\/2021\\\/06\\\/latte-firkantet-1.png\",\"width\":2000,\"height\":2000},{\"@type\":\"BreadcrumbList\",\"@id\":\"https:\\\/\\\/pachia.eu\\\/sv\\\/latte-fyrkantig-lampa\\\/#breadcrumb\",\"itemListElement\":[{\"@type\":\"ListItem\",\"position\":1,\"name\":\"Framsida\",\"item\":\"https:\\\/\\\/pachia.eu\\\/sv\\\/\"},{\"@type\":\"ListItem\",\"position\":2,\"name\":\"Butik\",\"item\":\"https:\\\/\\\/pachia.eu\\\/sv\\\/butik\\\/\"},{\"@type\":\"ListItem\",\"position\":3,\"name\":\"Latte Fyrkantig Lampa\"}]},{\"@type\":\"WebSite\",\"@id\":\"https:\\\/\\\/pachia.eu\\\/sv\\\/#website\",\"url\":\"https:\\\/\\\/pachia.eu\\\/sv\\\/\",\"name\":\"Pachia\",\"description\":\"\",\"publisher\":{\"@id\":\"https:\\\/\\\/pachia.eu\\\/sv\\\/#organization\"},\"potentialAction\":[{\"@type\":\"SearchAction\",\"target\":{\"@type\":\"EntryPoint\",\"urlTemplate\":\"https:\\\/\\\/pachia.eu\\\/sv\\\/?s={search_term_string}\"},\"query-input\":{\"@type\":\"PropertyValueSpecification\",\"valueRequired\":true,\"valueName\":\"search_term_string\"}}],\"inLanguage\":\"sv-SE\"},{\"@type\":\"Organization\",\"@id\":\"https:\\\/\\\/pachia.eu\\\/sv\\\/#organization\",\"name\":\"Pachia ApS\",\"url\":\"https:\\\/\\\/pachia.eu\\\/sv\\\/\",\"logo\":{\"@type\":\"ImageObject\",\"inLanguage\":\"sv-SE\",\"@id\":\"https:\\\/\\\/pachia.eu\\\/sv\\\/#\\\/schema\\\/logo\\\/image\\\/\",\"url\":\"https:\\\/\\\/jocaonline.dk\\\/wp-content\\\/uploads\\\/2020\\\/10\\\/decoration-logo-small.png\",\"contentUrl\":\"https:\\\/\\\/jocaonline.dk\\\/wp-content\\\/uploads\\\/2020\\\/10\\\/decoration-logo-small.png\",\"width\":301,\"height\":100,\"caption\":\"Pachia ApS\"},\"image\":{\"@id\":\"https:\\\/\\\/pachia.eu\\\/sv\\\/#\\\/schema\\\/logo\\\/image\\\/\"},\"sameAs\":[\"https:\\\/\\\/www.facebook.com\\\/pachia.shop\",\"https:\\\/\\\/www.instagram.com\\\/pachia.eu\"]}]}<\/script>\n<!-- \/ Yoast SEO plugin. -->","yoast_head_json":{"title":"Latte Fyrkantig Lampa | Papperslampor | - Pachia","robots":{"index":"index","follow":"follow","max-snippet":"max-snippet:-1","max-image-preview":"max-image-preview:large","max-video-preview":"max-video-preview:-1"},"canonical":"https:\/\/pachia.eu\/sv\/latte-fyrkantig-lampa\/","og_locale":"sv_SE","og_type":"article","og_title":"Latte Fyrkantig Lampa | Papperslampor | - Pachia","og_description":"Vacker caffe-latte-f\u00e4rgad fyrkantig lampa tillverkad i rispapper. Lampan ger ett h\u00e4rligt varmt ljus och kan anv\u00e4ndas som dekorativ belysning eller som prim\u00e4rbelysning i hemmet. Lattenyansen \u00e4r perfekt i ett ljust hem eller i ett rum d\u00e4r det finns ljusbruna f\u00e4rger. Dessutom ger de skarpa kanterna fr\u00e5n den fyrkantiga formen ocks\u00e5 kant till hemmet och ger [&hellip;]","og_url":"https:\/\/pachia.eu\/sv\/latte-fyrkantig-lampa\/","og_site_name":"Pachia","article_publisher":"https:\/\/www.facebook.com\/pachia.shop","article_modified_time":"2025-03-27T10:09:23+00:00","og_image":[{"width":2000,"height":2000,"url":"https:\/\/pachia.eu\/wp-content\/uploads\/2021\/06\/latte-firkantet-1.png","type":"image\/png"}],"twitter_card":"summary_large_image","schema":{"@context":"https:\/\/schema.org","@graph":[{"@type":"WebPage","@id":"https:\/\/pachia.eu\/sv\/latte-fyrkantig-lampa\/","url":"https:\/\/pachia.eu\/sv\/latte-fyrkantig-lampa\/","name":"Latte Fyrkantig Lampa | Papperslampor | - Pachia","isPartOf":{"@id":"https:\/\/pachia.eu\/sv\/#website"},"primaryImageOfPage":{"@id":"https:\/\/pachia.eu\/sv\/latte-fyrkantig-lampa\/#primaryimage"},"image":{"@id":"https:\/\/pachia.eu\/sv\/latte-fyrkantig-lampa\/#primaryimage"},"thumbnailUrl":"https:\/\/pachia.eu\/wp-content\/uploads\/2021\/06\/latte-firkantet-1.png","datePublished":"2021-06-18T12:16:07+00:00","dateModified":"2025-03-27T10:09:23+00:00","breadcrumb":{"@id":"https:\/\/pachia.eu\/sv\/latte-fyrkantig-lampa\/#breadcrumb"},"inLanguage":"sv-SE","potentialAction":[{"@type":"ReadAction","target":["https:\/\/pachia.eu\/sv\/latte-fyrkantig-lampa\/"]}]},{"@type":"ImageObject","inLanguage":"sv-SE","@id":"https:\/\/pachia.eu\/sv\/latte-fyrkantig-lampa\/#primaryimage","url":"https:\/\/pachia.eu\/wp-content\/uploads\/2021\/06\/latte-firkantet-1.png","contentUrl":"https:\/\/pachia.eu\/wp-content\/uploads\/2021\/06\/latte-firkantet-1.png","width":2000,"height":2000},{"@type":"BreadcrumbList","@id":"https:\/\/pachia.eu\/sv\/latte-fyrkantig-lampa\/#breadcrumb","itemListElement":[{"@type":"ListItem","position":1,"name":"Framsida","item":"https:\/\/pachia.eu\/sv\/"},{"@type":"ListItem","position":2,"name":"Butik","item":"https:\/\/pachia.eu\/sv\/butik\/"},{"@type":"ListItem","position":3,"name":"Latte Fyrkantig Lampa"}]},{"@type":"WebSite","@id":"https:\/\/pachia.eu\/sv\/#website","url":"https:\/\/pachia.eu\/sv\/","name":"Pachia","description":"","publisher":{"@id":"https:\/\/pachia.eu\/sv\/#organization"},"potentialAction":[{"@type":"SearchAction","target":{"@type":"EntryPoint","urlTemplate":"https:\/\/pachia.eu\/sv\/?s={search_term_string}"},"query-input":{"@type":"PropertyValueSpecification","valueRequired":true,"valueName":"search_term_string"}}],"inLanguage":"sv-SE"},{"@type":"Organization","@id":"https:\/\/pachia.eu\/sv\/#organization","name":"Pachia ApS","url":"https:\/\/pachia.eu\/sv\/","logo":{"@type":"ImageObject","inLanguage":"sv-SE","@id":"https:\/\/pachia.eu\/sv\/#\/schema\/logo\/image\/","url":"https:\/\/jocaonline.dk\/wp-content\/uploads\/2020\/10\/decoration-logo-small.png","contentUrl":"https:\/\/jocaonline.dk\/wp-content\/uploads\/2020\/10\/decoration-logo-small.png","width":301,"height":100,"caption":"Pachia ApS"},"image":{"@id":"https:\/\/pachia.eu\/sv\/#\/schema\/logo\/image\/"},"sameAs":["https:\/\/www.facebook.com\/pachia.shop","https:\/\/www.instagram.com\/pachia.eu"]}]}},"_links":{"self":[{"href":"https:\/\/pachia.eu\/sv\/wp-json\/wp\/v2\/product\/2751","targetHints":{"allow":["GET"]}}],"collection":[{"href":"https:\/\/pachia.eu\/sv\/wp-json\/wp\/v2\/product"}],"about":[{"href":"https:\/\/pachia.eu\/sv\/wp-json\/wp\/v2\/types\/product"}],"version-history":[{"count":0,"href":"https:\/\/pachia.eu\/sv\/wp-json\/wp\/v2\/product\/2751\/revisions"}],"wp:featuredmedia":[{"embeddable":true,"href":"https:\/\/pachia.eu\/sv\/wp-json\/wp\/v2\/media\/2169"}],"wp:attachment":[{"href":"https:\/\/pachia.eu\/sv\/wp-json\/wp\/v2\/media?parent=2751"}],"wp:term":[{"taxonomy":"product_brand","embeddable":true,"href":"https:\/\/pachia.eu\/sv\/wp-json\/wp\/v2\/product_brand?post=2751"},{"taxonomy":"product_cat","embeddable":true,"href":"https:\/\/pachia.eu\/sv\/wp-json\/wp\/v2\/product_cat?post=2751"},{"taxonomy":"product_tag","embeddable":true,"href":"https:\/\/pachia.eu\/sv\/wp-json\/wp\/v2\/product_tag?post=2751"},{"taxonomy":"mersalg-tag","embeddable":true,"href":"https:\/\/pachia.eu\/sv\/wp-json\/wp\/v2\/mersalg-tag?post=2751"}],"curies":[{"name":"wp","href":"https:\/\/api.w.org\/{rel}","templated":true}]}}