{"id":2747,"date":"2021-06-18T14:17:43","date_gmt":"2021-06-18T12:17:43","guid":{"rendered":"https:\/\/pachia.eu\/graa-fyrkantig-lampa\/"},"modified":"2025-03-27T11:09:13","modified_gmt":"2025-03-27T10:09:13","slug":"graa-fyrkantig-lampa","status":"publish","type":"product","link":"https:\/\/pachia.eu\/sv\/graa-fyrkantig-lampa\/","title":{"rendered":"Gr\u00e5 fyrkantig lampa"},"content":{"rendered":"<p>Denna gr\u00e5 fyrkantiga rispapperslampa i gr\u00e5tt \u00e4r l\u00e4mplig f\u00f6r alla hem. Den gr\u00e5a f\u00e4rgen \u00e4r l\u00e4tt att dekorera med och trots att lampan \u00e4r gr\u00e5 lyser \u00e4nd\u00e5 ett varmt fint ljus genom det tunna pappret. Lampan kan anv\u00e4ndas som dekorativ belysning s\u00e5v\u00e4l som belysning ovanf\u00f6r skrivbordet, middagsbordet eller som taklampa i sovrummet. Det finns m\u00e5nga alternativ. Det \u00e4r en bra id\u00e9 att h\u00e4nga upp flera av dessa lampor p\u00e5 olika niv\u00e5er f\u00f6r att f\u00e5 lek och djup i din belysning och inredning.    <\/p>\n<p>Lampan kan kombineras med v\u00e5ra socklar och LED-lampor.<\/p>\n<p>Storlek: 25x25cm<\/p>\n","protected":false},"excerpt":{"rendered":"<p>Denna gr\u00e5 fyrkantiga rispapperslampa i gr\u00e5tt \u00e4r l\u00e4mplig f\u00f6r alla hem. Den gr\u00e5a f\u00e4rgen \u00e4r l\u00e4tt att dekorera med och trots att lampan \u00e4r gr\u00e5 lyser \u00e4nd\u00e5 ett varmt fint ljus genom det tunna pappret. Lampan kan anv\u00e4ndas som dekorativ belysning s\u00e5v\u00e4l som belysning ovanf\u00f6r skrivbordet, middagsbordet eller som taklampa i sovrummet. Det finns m\u00e5nga [&hellip;]<\/p>\n","protected":false},"featured_media":2145,"template":"","meta":{"_lmt_disableupdate":"","_lmt_disable":""},"product_brand":[],"product_cat":[155,147],"product_tag":[],"mersalg-tag":[],"class_list":{"0":"post-2747","1":"product","2":"type-product","3":"status-publish","4":"has-post-thumbnail","6":"product_cat-papperslampor","7":"product_cat-produkter-sv","9":"first","10":"instock","11":"taxable","12":"shipping-taxable","13":"purchasable","14":"product-type-simple"},"yoast_head":"<!-- This site is optimized with the Yoast SEO plugin v27.3 - https:\/\/yoast.com\/product\/yoast-seo-wordpress\/ -->\n<title>Gr\u00e5 fyrkantig lampa | Papperslampor | - Pachia<\/title>\n<meta name=\"robots\" content=\"index, follow, max-snippet:-1, max-image-preview:large, max-video-preview:-1\" \/>\n<link rel=\"canonical\" href=\"https:\/\/pachia.eu\/sv\/graa-fyrkantig-lampa\/\" \/>\n<meta property=\"og:locale\" content=\"sv_SE\" \/>\n<meta property=\"og:type\" content=\"article\" \/>\n<meta property=\"og:title\" content=\"Gr\u00e5 fyrkantig lampa | Papperslampor | - Pachia\" \/>\n<meta property=\"og:description\" content=\"Denna gr\u00e5 fyrkantiga rispapperslampa i gr\u00e5tt \u00e4r l\u00e4mplig f\u00f6r alla hem. Den gr\u00e5a f\u00e4rgen \u00e4r l\u00e4tt att dekorera med och trots att lampan \u00e4r gr\u00e5 lyser \u00e4nd\u00e5 ett varmt fint ljus genom det tunna pappret. Lampan kan anv\u00e4ndas som dekorativ belysning s\u00e5v\u00e4l som belysning ovanf\u00f6r skrivbordet, middagsbordet eller som taklampa i sovrummet. Det finns m\u00e5nga [&hellip;]\" \/>\n<meta property=\"og:url\" content=\"https:\/\/pachia.eu\/sv\/graa-fyrkantig-lampa\/\" \/>\n<meta property=\"og:site_name\" content=\"Pachia\" \/>\n<meta property=\"article:publisher\" content=\"https:\/\/www.facebook.com\/pachia.shop\" \/>\n<meta property=\"article:modified_time\" content=\"2025-03-27T10:09:13+00:00\" \/>\n<meta property=\"og:image\" content=\"https:\/\/pachia.eu\/wp-content\/uploads\/2021\/06\/graa-firkantet-2.png\" \/>\n\t<meta property=\"og:image:width\" content=\"2000\" \/>\n\t<meta property=\"og:image:height\" content=\"2000\" \/>\n\t<meta property=\"og:image:type\" content=\"image\/png\" \/>\n<meta name=\"twitter:card\" content=\"summary_large_image\" \/>\n<meta name=\"twitter:label1\" content=\"Ber\u00e4knad l\u00e4stid\" \/>\n\t<meta name=\"twitter:data1\" content=\"1 minut\" \/>\n<script type=\"application\/ld+json\" class=\"yoast-schema-graph\">{\"@context\":\"https:\\\/\\\/schema.org\",\"@graph\":[{\"@type\":\"WebPage\",\"@id\":\"https:\\\/\\\/pachia.eu\\\/sv\\\/graa-fyrkantig-lampa\\\/\",\"url\":\"https:\\\/\\\/pachia.eu\\\/sv\\\/graa-fyrkantig-lampa\\\/\",\"name\":\"Gr\u00e5 fyrkantig lampa | Papperslampor | - Pachia\",\"isPartOf\":{\"@id\":\"https:\\\/\\\/pachia.eu\\\/sv\\\/#website\"},\"primaryImageOfPage\":{\"@id\":\"https:\\\/\\\/pachia.eu\\\/sv\\\/graa-fyrkantig-lampa\\\/#primaryimage\"},\"image\":{\"@id\":\"https:\\\/\\\/pachia.eu\\\/sv\\\/graa-fyrkantig-lampa\\\/#primaryimage\"},\"thumbnailUrl\":\"https:\\\/\\\/pachia.eu\\\/wp-content\\\/uploads\\\/2021\\\/06\\\/graa-firkantet-2.png\",\"datePublished\":\"2021-06-18T12:17:43+00:00\",\"dateModified\":\"2025-03-27T10:09:13+00:00\",\"breadcrumb\":{\"@id\":\"https:\\\/\\\/pachia.eu\\\/sv\\\/graa-fyrkantig-lampa\\\/#breadcrumb\"},\"inLanguage\":\"sv-SE\",\"potentialAction\":[{\"@type\":\"ReadAction\",\"target\":[\"https:\\\/\\\/pachia.eu\\\/sv\\\/graa-fyrkantig-lampa\\\/\"]}]},{\"@type\":\"ImageObject\",\"inLanguage\":\"sv-SE\",\"@id\":\"https:\\\/\\\/pachia.eu\\\/sv\\\/graa-fyrkantig-lampa\\\/#primaryimage\",\"url\":\"https:\\\/\\\/pachia.eu\\\/wp-content\\\/uploads\\\/2021\\\/06\\\/graa-firkantet-2.png\",\"contentUrl\":\"https:\\\/\\\/pachia.eu\\\/wp-content\\\/uploads\\\/2021\\\/06\\\/graa-firkantet-2.png\",\"width\":2000,\"height\":2000},{\"@type\":\"BreadcrumbList\",\"@id\":\"https:\\\/\\\/pachia.eu\\\/sv\\\/graa-fyrkantig-lampa\\\/#breadcrumb\",\"itemListElement\":[{\"@type\":\"ListItem\",\"position\":1,\"name\":\"Framsida\",\"item\":\"https:\\\/\\\/pachia.eu\\\/sv\\\/\"},{\"@type\":\"ListItem\",\"position\":2,\"name\":\"Butik\",\"item\":\"https:\\\/\\\/pachia.eu\\\/sv\\\/butik\\\/\"},{\"@type\":\"ListItem\",\"position\":3,\"name\":\"Gr\u00e5 fyrkantig lampa\"}]},{\"@type\":\"WebSite\",\"@id\":\"https:\\\/\\\/pachia.eu\\\/sv\\\/#website\",\"url\":\"https:\\\/\\\/pachia.eu\\\/sv\\\/\",\"name\":\"Pachia\",\"description\":\"\",\"publisher\":{\"@id\":\"https:\\\/\\\/pachia.eu\\\/sv\\\/#organization\"},\"potentialAction\":[{\"@type\":\"SearchAction\",\"target\":{\"@type\":\"EntryPoint\",\"urlTemplate\":\"https:\\\/\\\/pachia.eu\\\/sv\\\/?s={search_term_string}\"},\"query-input\":{\"@type\":\"PropertyValueSpecification\",\"valueRequired\":true,\"valueName\":\"search_term_string\"}}],\"inLanguage\":\"sv-SE\"},{\"@type\":\"Organization\",\"@id\":\"https:\\\/\\\/pachia.eu\\\/sv\\\/#organization\",\"name\":\"Pachia ApS\",\"url\":\"https:\\\/\\\/pachia.eu\\\/sv\\\/\",\"logo\":{\"@type\":\"ImageObject\",\"inLanguage\":\"sv-SE\",\"@id\":\"https:\\\/\\\/pachia.eu\\\/sv\\\/#\\\/schema\\\/logo\\\/image\\\/\",\"url\":\"https:\\\/\\\/jocaonline.dk\\\/wp-content\\\/uploads\\\/2020\\\/10\\\/decoration-logo-small.png\",\"contentUrl\":\"https:\\\/\\\/jocaonline.dk\\\/wp-content\\\/uploads\\\/2020\\\/10\\\/decoration-logo-small.png\",\"width\":301,\"height\":100,\"caption\":\"Pachia ApS\"},\"image\":{\"@id\":\"https:\\\/\\\/pachia.eu\\\/sv\\\/#\\\/schema\\\/logo\\\/image\\\/\"},\"sameAs\":[\"https:\\\/\\\/www.facebook.com\\\/pachia.shop\",\"https:\\\/\\\/www.instagram.com\\\/pachia.eu\"]}]}<\/script>\n<!-- \/ Yoast SEO plugin. -->","yoast_head_json":{"title":"Gr\u00e5 fyrkantig lampa | Papperslampor | - Pachia","robots":{"index":"index","follow":"follow","max-snippet":"max-snippet:-1","max-image-preview":"max-image-preview:large","max-video-preview":"max-video-preview:-1"},"canonical":"https:\/\/pachia.eu\/sv\/graa-fyrkantig-lampa\/","og_locale":"sv_SE","og_type":"article","og_title":"Gr\u00e5 fyrkantig lampa | Papperslampor | - Pachia","og_description":"Denna gr\u00e5 fyrkantiga rispapperslampa i gr\u00e5tt \u00e4r l\u00e4mplig f\u00f6r alla hem. Den gr\u00e5a f\u00e4rgen \u00e4r l\u00e4tt att dekorera med och trots att lampan \u00e4r gr\u00e5 lyser \u00e4nd\u00e5 ett varmt fint ljus genom det tunna pappret. Lampan kan anv\u00e4ndas som dekorativ belysning s\u00e5v\u00e4l som belysning ovanf\u00f6r skrivbordet, middagsbordet eller som taklampa i sovrummet. Det finns m\u00e5nga [&hellip;]","og_url":"https:\/\/pachia.eu\/sv\/graa-fyrkantig-lampa\/","og_site_name":"Pachia","article_publisher":"https:\/\/www.facebook.com\/pachia.shop","article_modified_time":"2025-03-27T10:09:13+00:00","og_image":[{"width":2000,"height":2000,"url":"https:\/\/pachia.eu\/wp-content\/uploads\/2021\/06\/graa-firkantet-2.png","type":"image\/png"}],"twitter_card":"summary_large_image","twitter_misc":{"Ber\u00e4knad l\u00e4stid":"1 minut"},"schema":{"@context":"https:\/\/schema.org","@graph":[{"@type":"WebPage","@id":"https:\/\/pachia.eu\/sv\/graa-fyrkantig-lampa\/","url":"https:\/\/pachia.eu\/sv\/graa-fyrkantig-lampa\/","name":"Gr\u00e5 fyrkantig lampa | Papperslampor | - Pachia","isPartOf":{"@id":"https:\/\/pachia.eu\/sv\/#website"},"primaryImageOfPage":{"@id":"https:\/\/pachia.eu\/sv\/graa-fyrkantig-lampa\/#primaryimage"},"image":{"@id":"https:\/\/pachia.eu\/sv\/graa-fyrkantig-lampa\/#primaryimage"},"thumbnailUrl":"https:\/\/pachia.eu\/wp-content\/uploads\/2021\/06\/graa-firkantet-2.png","datePublished":"2021-06-18T12:17:43+00:00","dateModified":"2025-03-27T10:09:13+00:00","breadcrumb":{"@id":"https:\/\/pachia.eu\/sv\/graa-fyrkantig-lampa\/#breadcrumb"},"inLanguage":"sv-SE","potentialAction":[{"@type":"ReadAction","target":["https:\/\/pachia.eu\/sv\/graa-fyrkantig-lampa\/"]}]},{"@type":"ImageObject","inLanguage":"sv-SE","@id":"https:\/\/pachia.eu\/sv\/graa-fyrkantig-lampa\/#primaryimage","url":"https:\/\/pachia.eu\/wp-content\/uploads\/2021\/06\/graa-firkantet-2.png","contentUrl":"https:\/\/pachia.eu\/wp-content\/uploads\/2021\/06\/graa-firkantet-2.png","width":2000,"height":2000},{"@type":"BreadcrumbList","@id":"https:\/\/pachia.eu\/sv\/graa-fyrkantig-lampa\/#breadcrumb","itemListElement":[{"@type":"ListItem","position":1,"name":"Framsida","item":"https:\/\/pachia.eu\/sv\/"},{"@type":"ListItem","position":2,"name":"Butik","item":"https:\/\/pachia.eu\/sv\/butik\/"},{"@type":"ListItem","position":3,"name":"Gr\u00e5 fyrkantig lampa"}]},{"@type":"WebSite","@id":"https:\/\/pachia.eu\/sv\/#website","url":"https:\/\/pachia.eu\/sv\/","name":"Pachia","description":"","publisher":{"@id":"https:\/\/pachia.eu\/sv\/#organization"},"potentialAction":[{"@type":"SearchAction","target":{"@type":"EntryPoint","urlTemplate":"https:\/\/pachia.eu\/sv\/?s={search_term_string}"},"query-input":{"@type":"PropertyValueSpecification","valueRequired":true,"valueName":"search_term_string"}}],"inLanguage":"sv-SE"},{"@type":"Organization","@id":"https:\/\/pachia.eu\/sv\/#organization","name":"Pachia ApS","url":"https:\/\/pachia.eu\/sv\/","logo":{"@type":"ImageObject","inLanguage":"sv-SE","@id":"https:\/\/pachia.eu\/sv\/#\/schema\/logo\/image\/","url":"https:\/\/jocaonline.dk\/wp-content\/uploads\/2020\/10\/decoration-logo-small.png","contentUrl":"https:\/\/jocaonline.dk\/wp-content\/uploads\/2020\/10\/decoration-logo-small.png","width":301,"height":100,"caption":"Pachia ApS"},"image":{"@id":"https:\/\/pachia.eu\/sv\/#\/schema\/logo\/image\/"},"sameAs":["https:\/\/www.facebook.com\/pachia.shop","https:\/\/www.instagram.com\/pachia.eu"]}]}},"_links":{"self":[{"href":"https:\/\/pachia.eu\/sv\/wp-json\/wp\/v2\/product\/2747","targetHints":{"allow":["GET"]}}],"collection":[{"href":"https:\/\/pachia.eu\/sv\/wp-json\/wp\/v2\/product"}],"about":[{"href":"https:\/\/pachia.eu\/sv\/wp-json\/wp\/v2\/types\/product"}],"version-history":[{"count":0,"href":"https:\/\/pachia.eu\/sv\/wp-json\/wp\/v2\/product\/2747\/revisions"}],"wp:featuredmedia":[{"embeddable":true,"href":"https:\/\/pachia.eu\/sv\/wp-json\/wp\/v2\/media\/2145"}],"wp:attachment":[{"href":"https:\/\/pachia.eu\/sv\/wp-json\/wp\/v2\/media?parent=2747"}],"wp:term":[{"taxonomy":"product_brand","embeddable":true,"href":"https:\/\/pachia.eu\/sv\/wp-json\/wp\/v2\/product_brand?post=2747"},{"taxonomy":"product_cat","embeddable":true,"href":"https:\/\/pachia.eu\/sv\/wp-json\/wp\/v2\/product_cat?post=2747"},{"taxonomy":"product_tag","embeddable":true,"href":"https:\/\/pachia.eu\/sv\/wp-json\/wp\/v2\/product_tag?post=2747"},{"taxonomy":"mersalg-tag","embeddable":true,"href":"https:\/\/pachia.eu\/sv\/wp-json\/wp\/v2\/mersalg-tag?post=2747"}],"curies":[{"name":"wp","href":"https:\/\/api.w.org\/{rel}","templated":true}]}}