{"id":2738,"date":"2021-06-18T14:29:09","date_gmt":"2021-06-18T12:29:09","guid":{"rendered":"https:\/\/pachia.eu\/halloween-pumpa-rislampa-40cm\/"},"modified":"2025-03-27T11:09:06","modified_gmt":"2025-03-27T10:09:06","slug":"halloween-pumpa-rislampa-40cm","status":"publish","type":"product","link":"https:\/\/pachia.eu\/sv\/halloween-pumpa-rislampa-40cm\/","title":{"rendered":"halloween pumpa ris papperslampa 40cm"},"content":{"rendered":"<p>Vacker och dekorativ Halloween rispapperslampa som ger atmosf\u00e4r till Halloween-festen, skyltf\u00f6nstret eller liknande. Med denna 40cm lampa f\u00e5r du b\u00e5de en f\u00e4rgglad och pumpaliknande dekoration som kan anv\u00e4ndas med eller utan ljus i den. Lampan kan kombineras med v\u00e5ra uttag med matchande sladd eller med v\u00e5ra batteridrivna LED-ljusk\u00e4llor.  <\/p>\n<p>Som ni vet firas Halloween alltid den sista dagen i oktober &#8211; den 31:a f\u00f6r att vara exakt. Denna tradition har blivit allt mer popul\u00e4r i Danmark och \u00e4r k\u00e4nd f\u00f6r de m\u00e5nga aktiviteterna, som att sk\u00e4ra pumpor och kl\u00e4 ut sig.  <\/p>\n","protected":false},"excerpt":{"rendered":"<p>Vacker och dekorativ Halloween rispapperslampa som ger atmosf\u00e4r till Halloween-festen, skyltf\u00f6nstret eller liknande. Med denna 40cm lampa f\u00e5r du b\u00e5de en f\u00e4rgglad och pumpaliknande dekoration som kan anv\u00e4ndas med eller utan ljus i den. Lampan kan kombineras med v\u00e5ra uttag med matchande sladd eller med v\u00e5ra batteridrivna LED-ljusk\u00e4llor. Som ni vet firas Halloween alltid den [&hellip;]<\/p>\n","protected":false},"featured_media":2244,"template":"","meta":{"_lmt_disableupdate":"","_lmt_disable":""},"product_brand":[],"product_cat":[148,149,152,147],"product_tag":[],"mersalg-tag":[],"class_list":{"0":"post-2738","1":"product","2":"type-product","3":"status-publish","4":"has-post-thumbnail","6":"product_cat-barnlampor","7":"product_cat-festartiklar","8":"product_cat-lampor-motiv","9":"product_cat-produkter-sv","11":"first","12":"instock","13":"taxable","14":"shipping-taxable","15":"purchasable","16":"product-type-simple"},"yoast_head":"<!-- This site is optimized with the Yoast SEO plugin v27.3 - https:\/\/yoast.com\/product\/yoast-seo-wordpress\/ -->\n<title>halloween pumpa ris papperslampa 40cm | Barnlampor | - Pachia<\/title>\n<meta name=\"robots\" content=\"index, follow, max-snippet:-1, max-image-preview:large, max-video-preview:-1\" \/>\n<link rel=\"canonical\" href=\"https:\/\/pachia.eu\/sv\/halloween-pumpa-rislampa-40cm\/\" \/>\n<meta property=\"og:locale\" content=\"sv_SE\" \/>\n<meta property=\"og:type\" content=\"article\" \/>\n<meta property=\"og:title\" content=\"halloween pumpa ris papperslampa 40cm | Barnlampor | - Pachia\" \/>\n<meta property=\"og:description\" content=\"Vacker och dekorativ Halloween rispapperslampa som ger atmosf\u00e4r till Halloween-festen, skyltf\u00f6nstret eller liknande. Med denna 40cm lampa f\u00e5r du b\u00e5de en f\u00e4rgglad och pumpaliknande dekoration som kan anv\u00e4ndas med eller utan ljus i den. Lampan kan kombineras med v\u00e5ra uttag med matchande sladd eller med v\u00e5ra batteridrivna LED-ljusk\u00e4llor. Som ni vet firas Halloween alltid den [&hellip;]\" \/>\n<meta property=\"og:url\" content=\"https:\/\/pachia.eu\/sv\/halloween-pumpa-rislampa-40cm\/\" \/>\n<meta property=\"og:site_name\" content=\"Pachia\" \/>\n<meta property=\"article:publisher\" content=\"https:\/\/www.facebook.com\/pachia.shop\" \/>\n<meta property=\"article:modified_time\" content=\"2025-03-27T10:09:06+00:00\" \/>\n<meta property=\"og:image\" content=\"https:\/\/pachia.eu\/wp-content\/uploads\/2021\/06\/halloween-40cm-uhygge-1024x1024.png\" \/>\n\t<meta property=\"og:image:width\" content=\"1024\" \/>\n\t<meta property=\"og:image:height\" content=\"1024\" \/>\n\t<meta property=\"og:image:type\" content=\"image\/png\" \/>\n<meta name=\"twitter:card\" content=\"summary_large_image\" \/>\n<meta name=\"twitter:label1\" content=\"Ber\u00e4knad l\u00e4stid\" \/>\n\t<meta name=\"twitter:data1\" content=\"1 minut\" \/>\n<script type=\"application\/ld+json\" class=\"yoast-schema-graph\">{\"@context\":\"https:\\\/\\\/schema.org\",\"@graph\":[{\"@type\":\"WebPage\",\"@id\":\"https:\\\/\\\/pachia.eu\\\/sv\\\/halloween-pumpa-rislampa-40cm\\\/\",\"url\":\"https:\\\/\\\/pachia.eu\\\/sv\\\/halloween-pumpa-rislampa-40cm\\\/\",\"name\":\"halloween pumpa ris papperslampa 40cm | Barnlampor | - Pachia\",\"isPartOf\":{\"@id\":\"https:\\\/\\\/pachia.eu\\\/sv\\\/#website\"},\"primaryImageOfPage\":{\"@id\":\"https:\\\/\\\/pachia.eu\\\/sv\\\/halloween-pumpa-rislampa-40cm\\\/#primaryimage\"},\"image\":{\"@id\":\"https:\\\/\\\/pachia.eu\\\/sv\\\/halloween-pumpa-rislampa-40cm\\\/#primaryimage\"},\"thumbnailUrl\":\"https:\\\/\\\/pachia.eu\\\/wp-content\\\/uploads\\\/2021\\\/06\\\/halloween-40cm-uhygge.png\",\"datePublished\":\"2021-06-18T12:29:09+00:00\",\"dateModified\":\"2025-03-27T10:09:06+00:00\",\"breadcrumb\":{\"@id\":\"https:\\\/\\\/pachia.eu\\\/sv\\\/halloween-pumpa-rislampa-40cm\\\/#breadcrumb\"},\"inLanguage\":\"sv-SE\",\"potentialAction\":[{\"@type\":\"ReadAction\",\"target\":[\"https:\\\/\\\/pachia.eu\\\/sv\\\/halloween-pumpa-rislampa-40cm\\\/\"]}]},{\"@type\":\"ImageObject\",\"inLanguage\":\"sv-SE\",\"@id\":\"https:\\\/\\\/pachia.eu\\\/sv\\\/halloween-pumpa-rislampa-40cm\\\/#primaryimage\",\"url\":\"https:\\\/\\\/pachia.eu\\\/wp-content\\\/uploads\\\/2021\\\/06\\\/halloween-40cm-uhygge.png\",\"contentUrl\":\"https:\\\/\\\/pachia.eu\\\/wp-content\\\/uploads\\\/2021\\\/06\\\/halloween-40cm-uhygge.png\",\"width\":2000,\"height\":2000},{\"@type\":\"BreadcrumbList\",\"@id\":\"https:\\\/\\\/pachia.eu\\\/sv\\\/halloween-pumpa-rislampa-40cm\\\/#breadcrumb\",\"itemListElement\":[{\"@type\":\"ListItem\",\"position\":1,\"name\":\"Framsida\",\"item\":\"https:\\\/\\\/pachia.eu\\\/sv\\\/\"},{\"@type\":\"ListItem\",\"position\":2,\"name\":\"Butik\",\"item\":\"https:\\\/\\\/pachia.eu\\\/sv\\\/butik\\\/\"},{\"@type\":\"ListItem\",\"position\":3,\"name\":\"halloween pumpa ris papperslampa 40cm\"}]},{\"@type\":\"WebSite\",\"@id\":\"https:\\\/\\\/pachia.eu\\\/sv\\\/#website\",\"url\":\"https:\\\/\\\/pachia.eu\\\/sv\\\/\",\"name\":\"Pachia\",\"description\":\"\",\"publisher\":{\"@id\":\"https:\\\/\\\/pachia.eu\\\/sv\\\/#organization\"},\"potentialAction\":[{\"@type\":\"SearchAction\",\"target\":{\"@type\":\"EntryPoint\",\"urlTemplate\":\"https:\\\/\\\/pachia.eu\\\/sv\\\/?s={search_term_string}\"},\"query-input\":{\"@type\":\"PropertyValueSpecification\",\"valueRequired\":true,\"valueName\":\"search_term_string\"}}],\"inLanguage\":\"sv-SE\"},{\"@type\":\"Organization\",\"@id\":\"https:\\\/\\\/pachia.eu\\\/sv\\\/#organization\",\"name\":\"Pachia ApS\",\"url\":\"https:\\\/\\\/pachia.eu\\\/sv\\\/\",\"logo\":{\"@type\":\"ImageObject\",\"inLanguage\":\"sv-SE\",\"@id\":\"https:\\\/\\\/pachia.eu\\\/sv\\\/#\\\/schema\\\/logo\\\/image\\\/\",\"url\":\"https:\\\/\\\/jocaonline.dk\\\/wp-content\\\/uploads\\\/2020\\\/10\\\/decoration-logo-small.png\",\"contentUrl\":\"https:\\\/\\\/jocaonline.dk\\\/wp-content\\\/uploads\\\/2020\\\/10\\\/decoration-logo-small.png\",\"width\":301,\"height\":100,\"caption\":\"Pachia ApS\"},\"image\":{\"@id\":\"https:\\\/\\\/pachia.eu\\\/sv\\\/#\\\/schema\\\/logo\\\/image\\\/\"},\"sameAs\":[\"https:\\\/\\\/www.facebook.com\\\/pachia.shop\",\"https:\\\/\\\/www.instagram.com\\\/pachia.eu\"]}]}<\/script>\n<!-- \/ Yoast SEO plugin. -->","yoast_head_json":{"title":"halloween pumpa ris papperslampa 40cm | Barnlampor | - Pachia","robots":{"index":"index","follow":"follow","max-snippet":"max-snippet:-1","max-image-preview":"max-image-preview:large","max-video-preview":"max-video-preview:-1"},"canonical":"https:\/\/pachia.eu\/sv\/halloween-pumpa-rislampa-40cm\/","og_locale":"sv_SE","og_type":"article","og_title":"halloween pumpa ris papperslampa 40cm | Barnlampor | - Pachia","og_description":"Vacker och dekorativ Halloween rispapperslampa som ger atmosf\u00e4r till Halloween-festen, skyltf\u00f6nstret eller liknande. Med denna 40cm lampa f\u00e5r du b\u00e5de en f\u00e4rgglad och pumpaliknande dekoration som kan anv\u00e4ndas med eller utan ljus i den. Lampan kan kombineras med v\u00e5ra uttag med matchande sladd eller med v\u00e5ra batteridrivna LED-ljusk\u00e4llor. Som ni vet firas Halloween alltid den [&hellip;]","og_url":"https:\/\/pachia.eu\/sv\/halloween-pumpa-rislampa-40cm\/","og_site_name":"Pachia","article_publisher":"https:\/\/www.facebook.com\/pachia.shop","article_modified_time":"2025-03-27T10:09:06+00:00","og_image":[{"width":1024,"height":1024,"url":"https:\/\/pachia.eu\/wp-content\/uploads\/2021\/06\/halloween-40cm-uhygge-1024x1024.png","type":"image\/png"}],"twitter_card":"summary_large_image","twitter_misc":{"Ber\u00e4knad l\u00e4stid":"1 minut"},"schema":{"@context":"https:\/\/schema.org","@graph":[{"@type":"WebPage","@id":"https:\/\/pachia.eu\/sv\/halloween-pumpa-rislampa-40cm\/","url":"https:\/\/pachia.eu\/sv\/halloween-pumpa-rislampa-40cm\/","name":"halloween pumpa ris papperslampa 40cm | Barnlampor | - Pachia","isPartOf":{"@id":"https:\/\/pachia.eu\/sv\/#website"},"primaryImageOfPage":{"@id":"https:\/\/pachia.eu\/sv\/halloween-pumpa-rislampa-40cm\/#primaryimage"},"image":{"@id":"https:\/\/pachia.eu\/sv\/halloween-pumpa-rislampa-40cm\/#primaryimage"},"thumbnailUrl":"https:\/\/pachia.eu\/wp-content\/uploads\/2021\/06\/halloween-40cm-uhygge.png","datePublished":"2021-06-18T12:29:09+00:00","dateModified":"2025-03-27T10:09:06+00:00","breadcrumb":{"@id":"https:\/\/pachia.eu\/sv\/halloween-pumpa-rislampa-40cm\/#breadcrumb"},"inLanguage":"sv-SE","potentialAction":[{"@type":"ReadAction","target":["https:\/\/pachia.eu\/sv\/halloween-pumpa-rislampa-40cm\/"]}]},{"@type":"ImageObject","inLanguage":"sv-SE","@id":"https:\/\/pachia.eu\/sv\/halloween-pumpa-rislampa-40cm\/#primaryimage","url":"https:\/\/pachia.eu\/wp-content\/uploads\/2021\/06\/halloween-40cm-uhygge.png","contentUrl":"https:\/\/pachia.eu\/wp-content\/uploads\/2021\/06\/halloween-40cm-uhygge.png","width":2000,"height":2000},{"@type":"BreadcrumbList","@id":"https:\/\/pachia.eu\/sv\/halloween-pumpa-rislampa-40cm\/#breadcrumb","itemListElement":[{"@type":"ListItem","position":1,"name":"Framsida","item":"https:\/\/pachia.eu\/sv\/"},{"@type":"ListItem","position":2,"name":"Butik","item":"https:\/\/pachia.eu\/sv\/butik\/"},{"@type":"ListItem","position":3,"name":"halloween pumpa ris papperslampa 40cm"}]},{"@type":"WebSite","@id":"https:\/\/pachia.eu\/sv\/#website","url":"https:\/\/pachia.eu\/sv\/","name":"Pachia","description":"","publisher":{"@id":"https:\/\/pachia.eu\/sv\/#organization"},"potentialAction":[{"@type":"SearchAction","target":{"@type":"EntryPoint","urlTemplate":"https:\/\/pachia.eu\/sv\/?s={search_term_string}"},"query-input":{"@type":"PropertyValueSpecification","valueRequired":true,"valueName":"search_term_string"}}],"inLanguage":"sv-SE"},{"@type":"Organization","@id":"https:\/\/pachia.eu\/sv\/#organization","name":"Pachia ApS","url":"https:\/\/pachia.eu\/sv\/","logo":{"@type":"ImageObject","inLanguage":"sv-SE","@id":"https:\/\/pachia.eu\/sv\/#\/schema\/logo\/image\/","url":"https:\/\/jocaonline.dk\/wp-content\/uploads\/2020\/10\/decoration-logo-small.png","contentUrl":"https:\/\/jocaonline.dk\/wp-content\/uploads\/2020\/10\/decoration-logo-small.png","width":301,"height":100,"caption":"Pachia ApS"},"image":{"@id":"https:\/\/pachia.eu\/sv\/#\/schema\/logo\/image\/"},"sameAs":["https:\/\/www.facebook.com\/pachia.shop","https:\/\/www.instagram.com\/pachia.eu"]}]}},"_links":{"self":[{"href":"https:\/\/pachia.eu\/sv\/wp-json\/wp\/v2\/product\/2738","targetHints":{"allow":["GET"]}}],"collection":[{"href":"https:\/\/pachia.eu\/sv\/wp-json\/wp\/v2\/product"}],"about":[{"href":"https:\/\/pachia.eu\/sv\/wp-json\/wp\/v2\/types\/product"}],"version-history":[{"count":0,"href":"https:\/\/pachia.eu\/sv\/wp-json\/wp\/v2\/product\/2738\/revisions"}],"wp:featuredmedia":[{"embeddable":true,"href":"https:\/\/pachia.eu\/sv\/wp-json\/wp\/v2\/media\/2244"}],"wp:attachment":[{"href":"https:\/\/pachia.eu\/sv\/wp-json\/wp\/v2\/media?parent=2738"}],"wp:term":[{"taxonomy":"product_brand","embeddable":true,"href":"https:\/\/pachia.eu\/sv\/wp-json\/wp\/v2\/product_brand?post=2738"},{"taxonomy":"product_cat","embeddable":true,"href":"https:\/\/pachia.eu\/sv\/wp-json\/wp\/v2\/product_cat?post=2738"},{"taxonomy":"product_tag","embeddable":true,"href":"https:\/\/pachia.eu\/sv\/wp-json\/wp\/v2\/product_tag?post=2738"},{"taxonomy":"mersalg-tag","embeddable":true,"href":"https:\/\/pachia.eu\/sv\/wp-json\/wp\/v2\/mersalg-tag?post=2738"}],"curies":[{"name":"wp","href":"https:\/\/api.w.org\/{rel}","templated":true}]}}