{"id":2736,"date":"2021-06-18T14:30:40","date_gmt":"2021-06-18T12:30:40","guid":{"rendered":"https:\/\/pachia.eu\/halloween-pumpa-rislampa-30cm\/"},"modified":"2025-03-27T11:09:08","modified_gmt":"2025-03-27T10:09:08","slug":"halloween-pumpa-rislampa-30cm","status":"publish","type":"product","link":"https:\/\/pachia.eu\/sv\/halloween-pumpa-rislampa-30cm\/","title":{"rendered":"halloween pumpa ris papperslampa 30cm"},"content":{"rendered":"<p>Denna fina 30 cm orange Halloween rispapperslampa \u00e4r perfekt f\u00f6r den st\u00e4mningsfulla Halloween-festen eller evenemanget. Den kan anv\u00e4ndas som dekoration eller som belysning beroende p\u00e5 dina behov. Den pumpaliknande lampan \u00e4r mycket f\u00f6rknippad med Halloween och g\u00f6r festen lite l\u00e4skigare. Den kan kombineras med v\u00e5ra 40cm Halloween-lampor och med v\u00e5ra uttag eller batteridrivna LED-ljusk\u00e4llor.   <\/p>\n<p>Om du \u00e4r i f\u00e4rd med att organisera ett st\u00f6rre Halloween-evenemang, l\u00e5t fantasin fl\u00f6da och s\u00e4tt ihop flera olika av v\u00e5ra orange och vita Halloween-produkter som kan ge dina g\u00e4ster en st\u00e4mningsfull fest.<\/p>\n","protected":false},"excerpt":{"rendered":"<p>Denna fina 30 cm orange Halloween rispapperslampa \u00e4r perfekt f\u00f6r den st\u00e4mningsfulla Halloween-festen eller evenemanget. Den kan anv\u00e4ndas som dekoration eller som belysning beroende p\u00e5 dina behov. Den pumpaliknande lampan \u00e4r mycket f\u00f6rknippad med Halloween och g\u00f6r festen lite l\u00e4skigare. Den kan kombineras med v\u00e5ra 40cm Halloween-lampor och med v\u00e5ra uttag eller batteridrivna LED-ljusk\u00e4llor. Om [&hellip;]<\/p>\n","protected":false},"featured_media":2240,"template":"","meta":{"_lmt_disableupdate":"","_lmt_disable":""},"product_brand":[],"product_cat":[148,149,152,147],"product_tag":[],"mersalg-tag":[],"class_list":{"0":"post-2736","1":"product","2":"type-product","3":"status-publish","4":"has-post-thumbnail","6":"product_cat-barnlampor","7":"product_cat-festartiklar","8":"product_cat-lampor-motiv","9":"product_cat-produkter-sv","11":"first","12":"instock","13":"taxable","14":"shipping-taxable","15":"purchasable","16":"product-type-simple"},"yoast_head":"<!-- This site is optimized with the Yoast SEO plugin v27.3 - https:\/\/yoast.com\/product\/yoast-seo-wordpress\/ -->\n<title>halloween pumpa ris papperslampa 30cm | Barnlampor | - Pachia<\/title>\n<meta name=\"robots\" content=\"index, follow, max-snippet:-1, max-image-preview:large, max-video-preview:-1\" \/>\n<link rel=\"canonical\" href=\"https:\/\/pachia.eu\/sv\/halloween-pumpa-rislampa-30cm\/\" \/>\n<meta property=\"og:locale\" content=\"sv_SE\" \/>\n<meta property=\"og:type\" content=\"article\" \/>\n<meta property=\"og:title\" content=\"halloween pumpa ris papperslampa 30cm | Barnlampor | - Pachia\" \/>\n<meta property=\"og:description\" content=\"Denna fina 30 cm orange Halloween rispapperslampa \u00e4r perfekt f\u00f6r den st\u00e4mningsfulla Halloween-festen eller evenemanget. Den kan anv\u00e4ndas som dekoration eller som belysning beroende p\u00e5 dina behov. Den pumpaliknande lampan \u00e4r mycket f\u00f6rknippad med Halloween och g\u00f6r festen lite l\u00e4skigare. Den kan kombineras med v\u00e5ra 40cm Halloween-lampor och med v\u00e5ra uttag eller batteridrivna LED-ljusk\u00e4llor. Om [&hellip;]\" \/>\n<meta property=\"og:url\" content=\"https:\/\/pachia.eu\/sv\/halloween-pumpa-rislampa-30cm\/\" \/>\n<meta property=\"og:site_name\" content=\"Pachia\" \/>\n<meta property=\"article:publisher\" content=\"https:\/\/www.facebook.com\/pachia.shop\" \/>\n<meta property=\"article:modified_time\" content=\"2025-03-27T10:09:08+00:00\" \/>\n<meta property=\"og:image\" content=\"https:\/\/pachia.eu\/wp-content\/uploads\/2021\/06\/halloween-30cm-uhygge_1.png\" \/>\n\t<meta property=\"og:image:width\" content=\"2000\" \/>\n\t<meta property=\"og:image:height\" content=\"2000\" \/>\n\t<meta property=\"og:image:type\" content=\"image\/png\" \/>\n<meta name=\"twitter:card\" content=\"summary_large_image\" \/>\n<meta name=\"twitter:label1\" content=\"Ber\u00e4knad l\u00e4stid\" \/>\n\t<meta name=\"twitter:data1\" content=\"1 minut\" \/>\n<script type=\"application\/ld+json\" class=\"yoast-schema-graph\">{\"@context\":\"https:\\\/\\\/schema.org\",\"@graph\":[{\"@type\":\"WebPage\",\"@id\":\"https:\\\/\\\/pachia.eu\\\/sv\\\/halloween-pumpa-rislampa-30cm\\\/\",\"url\":\"https:\\\/\\\/pachia.eu\\\/sv\\\/halloween-pumpa-rislampa-30cm\\\/\",\"name\":\"halloween pumpa ris papperslampa 30cm | Barnlampor | - Pachia\",\"isPartOf\":{\"@id\":\"https:\\\/\\\/pachia.eu\\\/sv\\\/#website\"},\"primaryImageOfPage\":{\"@id\":\"https:\\\/\\\/pachia.eu\\\/sv\\\/halloween-pumpa-rislampa-30cm\\\/#primaryimage\"},\"image\":{\"@id\":\"https:\\\/\\\/pachia.eu\\\/sv\\\/halloween-pumpa-rislampa-30cm\\\/#primaryimage\"},\"thumbnailUrl\":\"https:\\\/\\\/pachia.eu\\\/wp-content\\\/uploads\\\/2021\\\/06\\\/halloween-30cm-uhygge_1.png\",\"datePublished\":\"2021-06-18T12:30:40+00:00\",\"dateModified\":\"2025-03-27T10:09:08+00:00\",\"breadcrumb\":{\"@id\":\"https:\\\/\\\/pachia.eu\\\/sv\\\/halloween-pumpa-rislampa-30cm\\\/#breadcrumb\"},\"inLanguage\":\"sv-SE\",\"potentialAction\":[{\"@type\":\"ReadAction\",\"target\":[\"https:\\\/\\\/pachia.eu\\\/sv\\\/halloween-pumpa-rislampa-30cm\\\/\"]}]},{\"@type\":\"ImageObject\",\"inLanguage\":\"sv-SE\",\"@id\":\"https:\\\/\\\/pachia.eu\\\/sv\\\/halloween-pumpa-rislampa-30cm\\\/#primaryimage\",\"url\":\"https:\\\/\\\/pachia.eu\\\/wp-content\\\/uploads\\\/2021\\\/06\\\/halloween-30cm-uhygge_1.png\",\"contentUrl\":\"https:\\\/\\\/pachia.eu\\\/wp-content\\\/uploads\\\/2021\\\/06\\\/halloween-30cm-uhygge_1.png\",\"width\":2000,\"height\":2000},{\"@type\":\"BreadcrumbList\",\"@id\":\"https:\\\/\\\/pachia.eu\\\/sv\\\/halloween-pumpa-rislampa-30cm\\\/#breadcrumb\",\"itemListElement\":[{\"@type\":\"ListItem\",\"position\":1,\"name\":\"Framsida\",\"item\":\"https:\\\/\\\/pachia.eu\\\/sv\\\/\"},{\"@type\":\"ListItem\",\"position\":2,\"name\":\"Butik\",\"item\":\"https:\\\/\\\/pachia.eu\\\/sv\\\/butik\\\/\"},{\"@type\":\"ListItem\",\"position\":3,\"name\":\"halloween pumpa ris papperslampa 30cm\"}]},{\"@type\":\"WebSite\",\"@id\":\"https:\\\/\\\/pachia.eu\\\/sv\\\/#website\",\"url\":\"https:\\\/\\\/pachia.eu\\\/sv\\\/\",\"name\":\"Pachia\",\"description\":\"\",\"publisher\":{\"@id\":\"https:\\\/\\\/pachia.eu\\\/sv\\\/#organization\"},\"potentialAction\":[{\"@type\":\"SearchAction\",\"target\":{\"@type\":\"EntryPoint\",\"urlTemplate\":\"https:\\\/\\\/pachia.eu\\\/sv\\\/?s={search_term_string}\"},\"query-input\":{\"@type\":\"PropertyValueSpecification\",\"valueRequired\":true,\"valueName\":\"search_term_string\"}}],\"inLanguage\":\"sv-SE\"},{\"@type\":\"Organization\",\"@id\":\"https:\\\/\\\/pachia.eu\\\/sv\\\/#organization\",\"name\":\"Pachia ApS\",\"url\":\"https:\\\/\\\/pachia.eu\\\/sv\\\/\",\"logo\":{\"@type\":\"ImageObject\",\"inLanguage\":\"sv-SE\",\"@id\":\"https:\\\/\\\/pachia.eu\\\/sv\\\/#\\\/schema\\\/logo\\\/image\\\/\",\"url\":\"https:\\\/\\\/jocaonline.dk\\\/wp-content\\\/uploads\\\/2020\\\/10\\\/decoration-logo-small.png\",\"contentUrl\":\"https:\\\/\\\/jocaonline.dk\\\/wp-content\\\/uploads\\\/2020\\\/10\\\/decoration-logo-small.png\",\"width\":301,\"height\":100,\"caption\":\"Pachia ApS\"},\"image\":{\"@id\":\"https:\\\/\\\/pachia.eu\\\/sv\\\/#\\\/schema\\\/logo\\\/image\\\/\"},\"sameAs\":[\"https:\\\/\\\/www.facebook.com\\\/pachia.shop\",\"https:\\\/\\\/www.instagram.com\\\/pachia.eu\"]}]}<\/script>\n<!-- \/ Yoast SEO plugin. -->","yoast_head_json":{"title":"halloween pumpa ris papperslampa 30cm | Barnlampor | - Pachia","robots":{"index":"index","follow":"follow","max-snippet":"max-snippet:-1","max-image-preview":"max-image-preview:large","max-video-preview":"max-video-preview:-1"},"canonical":"https:\/\/pachia.eu\/sv\/halloween-pumpa-rislampa-30cm\/","og_locale":"sv_SE","og_type":"article","og_title":"halloween pumpa ris papperslampa 30cm | Barnlampor | - Pachia","og_description":"Denna fina 30 cm orange Halloween rispapperslampa \u00e4r perfekt f\u00f6r den st\u00e4mningsfulla Halloween-festen eller evenemanget. Den kan anv\u00e4ndas som dekoration eller som belysning beroende p\u00e5 dina behov. Den pumpaliknande lampan \u00e4r mycket f\u00f6rknippad med Halloween och g\u00f6r festen lite l\u00e4skigare. Den kan kombineras med v\u00e5ra 40cm Halloween-lampor och med v\u00e5ra uttag eller batteridrivna LED-ljusk\u00e4llor. Om [&hellip;]","og_url":"https:\/\/pachia.eu\/sv\/halloween-pumpa-rislampa-30cm\/","og_site_name":"Pachia","article_publisher":"https:\/\/www.facebook.com\/pachia.shop","article_modified_time":"2025-03-27T10:09:08+00:00","og_image":[{"width":2000,"height":2000,"url":"https:\/\/pachia.eu\/wp-content\/uploads\/2021\/06\/halloween-30cm-uhygge_1.png","type":"image\/png"}],"twitter_card":"summary_large_image","twitter_misc":{"Ber\u00e4knad l\u00e4stid":"1 minut"},"schema":{"@context":"https:\/\/schema.org","@graph":[{"@type":"WebPage","@id":"https:\/\/pachia.eu\/sv\/halloween-pumpa-rislampa-30cm\/","url":"https:\/\/pachia.eu\/sv\/halloween-pumpa-rislampa-30cm\/","name":"halloween pumpa ris papperslampa 30cm | Barnlampor | - Pachia","isPartOf":{"@id":"https:\/\/pachia.eu\/sv\/#website"},"primaryImageOfPage":{"@id":"https:\/\/pachia.eu\/sv\/halloween-pumpa-rislampa-30cm\/#primaryimage"},"image":{"@id":"https:\/\/pachia.eu\/sv\/halloween-pumpa-rislampa-30cm\/#primaryimage"},"thumbnailUrl":"https:\/\/pachia.eu\/wp-content\/uploads\/2021\/06\/halloween-30cm-uhygge_1.png","datePublished":"2021-06-18T12:30:40+00:00","dateModified":"2025-03-27T10:09:08+00:00","breadcrumb":{"@id":"https:\/\/pachia.eu\/sv\/halloween-pumpa-rislampa-30cm\/#breadcrumb"},"inLanguage":"sv-SE","potentialAction":[{"@type":"ReadAction","target":["https:\/\/pachia.eu\/sv\/halloween-pumpa-rislampa-30cm\/"]}]},{"@type":"ImageObject","inLanguage":"sv-SE","@id":"https:\/\/pachia.eu\/sv\/halloween-pumpa-rislampa-30cm\/#primaryimage","url":"https:\/\/pachia.eu\/wp-content\/uploads\/2021\/06\/halloween-30cm-uhygge_1.png","contentUrl":"https:\/\/pachia.eu\/wp-content\/uploads\/2021\/06\/halloween-30cm-uhygge_1.png","width":2000,"height":2000},{"@type":"BreadcrumbList","@id":"https:\/\/pachia.eu\/sv\/halloween-pumpa-rislampa-30cm\/#breadcrumb","itemListElement":[{"@type":"ListItem","position":1,"name":"Framsida","item":"https:\/\/pachia.eu\/sv\/"},{"@type":"ListItem","position":2,"name":"Butik","item":"https:\/\/pachia.eu\/sv\/butik\/"},{"@type":"ListItem","position":3,"name":"halloween pumpa ris papperslampa 30cm"}]},{"@type":"WebSite","@id":"https:\/\/pachia.eu\/sv\/#website","url":"https:\/\/pachia.eu\/sv\/","name":"Pachia","description":"","publisher":{"@id":"https:\/\/pachia.eu\/sv\/#organization"},"potentialAction":[{"@type":"SearchAction","target":{"@type":"EntryPoint","urlTemplate":"https:\/\/pachia.eu\/sv\/?s={search_term_string}"},"query-input":{"@type":"PropertyValueSpecification","valueRequired":true,"valueName":"search_term_string"}}],"inLanguage":"sv-SE"},{"@type":"Organization","@id":"https:\/\/pachia.eu\/sv\/#organization","name":"Pachia ApS","url":"https:\/\/pachia.eu\/sv\/","logo":{"@type":"ImageObject","inLanguage":"sv-SE","@id":"https:\/\/pachia.eu\/sv\/#\/schema\/logo\/image\/","url":"https:\/\/jocaonline.dk\/wp-content\/uploads\/2020\/10\/decoration-logo-small.png","contentUrl":"https:\/\/jocaonline.dk\/wp-content\/uploads\/2020\/10\/decoration-logo-small.png","width":301,"height":100,"caption":"Pachia ApS"},"image":{"@id":"https:\/\/pachia.eu\/sv\/#\/schema\/logo\/image\/"},"sameAs":["https:\/\/www.facebook.com\/pachia.shop","https:\/\/www.instagram.com\/pachia.eu"]}]}},"_links":{"self":[{"href":"https:\/\/pachia.eu\/sv\/wp-json\/wp\/v2\/product\/2736","targetHints":{"allow":["GET"]}}],"collection":[{"href":"https:\/\/pachia.eu\/sv\/wp-json\/wp\/v2\/product"}],"about":[{"href":"https:\/\/pachia.eu\/sv\/wp-json\/wp\/v2\/types\/product"}],"version-history":[{"count":0,"href":"https:\/\/pachia.eu\/sv\/wp-json\/wp\/v2\/product\/2736\/revisions"}],"wp:featuredmedia":[{"embeddable":true,"href":"https:\/\/pachia.eu\/sv\/wp-json\/wp\/v2\/media\/2240"}],"wp:attachment":[{"href":"https:\/\/pachia.eu\/sv\/wp-json\/wp\/v2\/media?parent=2736"}],"wp:term":[{"taxonomy":"product_brand","embeddable":true,"href":"https:\/\/pachia.eu\/sv\/wp-json\/wp\/v2\/product_brand?post=2736"},{"taxonomy":"product_cat","embeddable":true,"href":"https:\/\/pachia.eu\/sv\/wp-json\/wp\/v2\/product_cat?post=2736"},{"taxonomy":"product_tag","embeddable":true,"href":"https:\/\/pachia.eu\/sv\/wp-json\/wp\/v2\/product_tag?post=2736"},{"taxonomy":"mersalg-tag","embeddable":true,"href":"https:\/\/pachia.eu\/sv\/wp-json\/wp\/v2\/mersalg-tag?post=2736"}],"curies":[{"name":"wp","href":"https:\/\/api.w.org\/{rel}","templated":true}]}}