{"id":2734,"date":"2021-06-18T14:31:46","date_gmt":"2021-06-18T12:31:46","guid":{"rendered":"https:\/\/pachia.eu\/flagremus-lampe-i-hvid-40cm\/"},"modified":"2025-03-31T13:27:19","modified_gmt":"2025-03-31T11:27:19","slug":"flagremus-lampe-i-hvid-40cm","status":"publish","type":"product","link":"https:\/\/pachia.eu\/sv\/flagremus-lampe-i-hvid-40cm\/","title":{"rendered":"Fladdermuslampa i vitt 40cm"},"content":{"rendered":"<p>Skapa en kuslig atmosf\u00e4r f\u00f6r Halloween-festen eller skr\u00e4ckfilmskv\u00e4llen med den h\u00e4r roliga rispapperslampan. Lampan kan antingen anv\u00e4ndas som dekoration p\u00e5 bordet, taket eller golvet, eller som en lampa med ljus i. Lampan kan kombineras med v\u00e5ra uttag och sladdar samt v\u00e5ra batteridrivna LED-ljusk\u00e4llor om den bara beh\u00f6vs f\u00f6r en kv\u00e4ll eller tv\u00e5.  <\/p>\n<p><strong>Specifikationer:<\/strong><\/p>\n<ul>\n<li>Diameter: 40 cm<\/li>\n<li>Tillverkad av rispapper och metall<\/li>\n<li>Gl\u00f6dlampa och sockel ing\u00e5r ej<\/li>\n<\/ul>\n","protected":false},"excerpt":{"rendered":"<p>Skapa en kuslig atmosf\u00e4r f\u00f6r Halloween-festen eller skr\u00e4ckfilmskv\u00e4llen med den h\u00e4r roliga rispapperslampan. Lampan kan antingen anv\u00e4ndas som dekoration p\u00e5 bordet, taket eller golvet, eller som en lampa med ljus i. Lampan kan kombineras med v\u00e5ra uttag och sladdar samt v\u00e5ra batteridrivna LED-ljusk\u00e4llor om den bara beh\u00f6vs f\u00f6r en kv\u00e4ll eller tv\u00e5. Specifikationer: Diameter: 40 [&hellip;]<\/p>\n","protected":false},"featured_media":2236,"template":"","meta":{"_lmt_disableupdate":"","_lmt_disable":""},"product_brand":[],"product_cat":[148,149,152,147],"product_tag":[],"mersalg-tag":[],"class_list":{"0":"post-2734","1":"product","2":"type-product","3":"status-publish","4":"has-post-thumbnail","6":"product_cat-barnlampor","7":"product_cat-festartiklar","8":"product_cat-lampor-motiv","9":"product_cat-produkter-sv","11":"first","12":"instock","13":"taxable","14":"shipping-taxable","15":"purchasable","16":"product-type-simple"},"yoast_head":"<!-- This site is optimized with the Yoast SEO plugin v27.3 - https:\/\/yoast.com\/product\/yoast-seo-wordpress\/ -->\n<title>Fladdermuslampa i vitt 40cm | Festartiklar | - Pachia<\/title>\n<meta name=\"robots\" content=\"index, follow, max-snippet:-1, max-image-preview:large, max-video-preview:-1\" \/>\n<link rel=\"canonical\" href=\"https:\/\/pachia.eu\/sv\/flagremus-lampe-i-hvid-40cm\/\" \/>\n<meta property=\"og:locale\" content=\"sv_SE\" \/>\n<meta property=\"og:type\" content=\"article\" \/>\n<meta property=\"og:title\" content=\"Fladdermuslampa i vitt 40cm | Festartiklar | - Pachia\" \/>\n<meta property=\"og:description\" content=\"Skapa en kuslig atmosf\u00e4r f\u00f6r Halloween-festen eller skr\u00e4ckfilmskv\u00e4llen med den h\u00e4r roliga rispapperslampan. Lampan kan antingen anv\u00e4ndas som dekoration p\u00e5 bordet, taket eller golvet, eller som en lampa med ljus i. Lampan kan kombineras med v\u00e5ra uttag och sladdar samt v\u00e5ra batteridrivna LED-ljusk\u00e4llor om den bara beh\u00f6vs f\u00f6r en kv\u00e4ll eller tv\u00e5. Specifikationer: Diameter: 40 [&hellip;]\" \/>\n<meta property=\"og:url\" content=\"https:\/\/pachia.eu\/sv\/flagremus-lampe-i-hvid-40cm\/\" \/>\n<meta property=\"og:site_name\" content=\"Pachia\" \/>\n<meta property=\"article:publisher\" content=\"https:\/\/www.facebook.com\/pachia.shop\" \/>\n<meta property=\"article:modified_time\" content=\"2025-03-31T11:27:19+00:00\" \/>\n<meta property=\"og:image\" content=\"https:\/\/pachia.eu\/wp-content\/uploads\/2021\/06\/halloween-40cm-flagremus-hvid.png\" \/>\n\t<meta property=\"og:image:width\" content=\"2000\" \/>\n\t<meta property=\"og:image:height\" content=\"2000\" \/>\n\t<meta property=\"og:image:type\" content=\"image\/png\" \/>\n<meta name=\"twitter:card\" content=\"summary_large_image\" \/>\n<script type=\"application\/ld+json\" class=\"yoast-schema-graph\">{\"@context\":\"https:\\\/\\\/schema.org\",\"@graph\":[{\"@type\":\"WebPage\",\"@id\":\"https:\\\/\\\/pachia.eu\\\/sv\\\/flagremus-lampe-i-hvid-40cm\\\/\",\"url\":\"https:\\\/\\\/pachia.eu\\\/sv\\\/flagremus-lampe-i-hvid-40cm\\\/\",\"name\":\"Fladdermuslampa i vitt 40cm | Festartiklar | - Pachia\",\"isPartOf\":{\"@id\":\"https:\\\/\\\/pachia.eu\\\/sv\\\/#website\"},\"primaryImageOfPage\":{\"@id\":\"https:\\\/\\\/pachia.eu\\\/sv\\\/flagremus-lampe-i-hvid-40cm\\\/#primaryimage\"},\"image\":{\"@id\":\"https:\\\/\\\/pachia.eu\\\/sv\\\/flagremus-lampe-i-hvid-40cm\\\/#primaryimage\"},\"thumbnailUrl\":\"https:\\\/\\\/pachia.eu\\\/wp-content\\\/uploads\\\/2021\\\/06\\\/halloween-40cm-flagremus-hvid.png\",\"datePublished\":\"2021-06-18T12:31:46+00:00\",\"dateModified\":\"2025-03-31T11:27:19+00:00\",\"breadcrumb\":{\"@id\":\"https:\\\/\\\/pachia.eu\\\/sv\\\/flagremus-lampe-i-hvid-40cm\\\/#breadcrumb\"},\"inLanguage\":\"sv-SE\",\"potentialAction\":[{\"@type\":\"ReadAction\",\"target\":[\"https:\\\/\\\/pachia.eu\\\/sv\\\/flagremus-lampe-i-hvid-40cm\\\/\"]}]},{\"@type\":\"ImageObject\",\"inLanguage\":\"sv-SE\",\"@id\":\"https:\\\/\\\/pachia.eu\\\/sv\\\/flagremus-lampe-i-hvid-40cm\\\/#primaryimage\",\"url\":\"https:\\\/\\\/pachia.eu\\\/wp-content\\\/uploads\\\/2021\\\/06\\\/halloween-40cm-flagremus-hvid.png\",\"contentUrl\":\"https:\\\/\\\/pachia.eu\\\/wp-content\\\/uploads\\\/2021\\\/06\\\/halloween-40cm-flagremus-hvid.png\",\"width\":2000,\"height\":2000},{\"@type\":\"BreadcrumbList\",\"@id\":\"https:\\\/\\\/pachia.eu\\\/sv\\\/flagremus-lampe-i-hvid-40cm\\\/#breadcrumb\",\"itemListElement\":[{\"@type\":\"ListItem\",\"position\":1,\"name\":\"Framsida\",\"item\":\"https:\\\/\\\/pachia.eu\\\/sv\\\/\"},{\"@type\":\"ListItem\",\"position\":2,\"name\":\"Butik\",\"item\":\"https:\\\/\\\/pachia.eu\\\/sv\\\/butik\\\/\"},{\"@type\":\"ListItem\",\"position\":3,\"name\":\"Fladdermuslampa i vitt 40cm\"}]},{\"@type\":\"WebSite\",\"@id\":\"https:\\\/\\\/pachia.eu\\\/sv\\\/#website\",\"url\":\"https:\\\/\\\/pachia.eu\\\/sv\\\/\",\"name\":\"Pachia\",\"description\":\"\",\"publisher\":{\"@id\":\"https:\\\/\\\/pachia.eu\\\/sv\\\/#organization\"},\"potentialAction\":[{\"@type\":\"SearchAction\",\"target\":{\"@type\":\"EntryPoint\",\"urlTemplate\":\"https:\\\/\\\/pachia.eu\\\/sv\\\/?s={search_term_string}\"},\"query-input\":{\"@type\":\"PropertyValueSpecification\",\"valueRequired\":true,\"valueName\":\"search_term_string\"}}],\"inLanguage\":\"sv-SE\"},{\"@type\":\"Organization\",\"@id\":\"https:\\\/\\\/pachia.eu\\\/sv\\\/#organization\",\"name\":\"Pachia ApS\",\"url\":\"https:\\\/\\\/pachia.eu\\\/sv\\\/\",\"logo\":{\"@type\":\"ImageObject\",\"inLanguage\":\"sv-SE\",\"@id\":\"https:\\\/\\\/pachia.eu\\\/sv\\\/#\\\/schema\\\/logo\\\/image\\\/\",\"url\":\"https:\\\/\\\/jocaonline.dk\\\/wp-content\\\/uploads\\\/2020\\\/10\\\/decoration-logo-small.png\",\"contentUrl\":\"https:\\\/\\\/jocaonline.dk\\\/wp-content\\\/uploads\\\/2020\\\/10\\\/decoration-logo-small.png\",\"width\":301,\"height\":100,\"caption\":\"Pachia ApS\"},\"image\":{\"@id\":\"https:\\\/\\\/pachia.eu\\\/sv\\\/#\\\/schema\\\/logo\\\/image\\\/\"},\"sameAs\":[\"https:\\\/\\\/www.facebook.com\\\/pachia.shop\",\"https:\\\/\\\/www.instagram.com\\\/pachia.eu\"]}]}<\/script>\n<!-- \/ Yoast SEO plugin. -->","yoast_head_json":{"title":"Fladdermuslampa i vitt 40cm | Festartiklar | - Pachia","robots":{"index":"index","follow":"follow","max-snippet":"max-snippet:-1","max-image-preview":"max-image-preview:large","max-video-preview":"max-video-preview:-1"},"canonical":"https:\/\/pachia.eu\/sv\/flagremus-lampe-i-hvid-40cm\/","og_locale":"sv_SE","og_type":"article","og_title":"Fladdermuslampa i vitt 40cm | Festartiklar | - Pachia","og_description":"Skapa en kuslig atmosf\u00e4r f\u00f6r Halloween-festen eller skr\u00e4ckfilmskv\u00e4llen med den h\u00e4r roliga rispapperslampan. Lampan kan antingen anv\u00e4ndas som dekoration p\u00e5 bordet, taket eller golvet, eller som en lampa med ljus i. Lampan kan kombineras med v\u00e5ra uttag och sladdar samt v\u00e5ra batteridrivna LED-ljusk\u00e4llor om den bara beh\u00f6vs f\u00f6r en kv\u00e4ll eller tv\u00e5. Specifikationer: Diameter: 40 [&hellip;]","og_url":"https:\/\/pachia.eu\/sv\/flagremus-lampe-i-hvid-40cm\/","og_site_name":"Pachia","article_publisher":"https:\/\/www.facebook.com\/pachia.shop","article_modified_time":"2025-03-31T11:27:19+00:00","og_image":[{"width":2000,"height":2000,"url":"https:\/\/pachia.eu\/wp-content\/uploads\/2021\/06\/halloween-40cm-flagremus-hvid.png","type":"image\/png"}],"twitter_card":"summary_large_image","schema":{"@context":"https:\/\/schema.org","@graph":[{"@type":"WebPage","@id":"https:\/\/pachia.eu\/sv\/flagremus-lampe-i-hvid-40cm\/","url":"https:\/\/pachia.eu\/sv\/flagremus-lampe-i-hvid-40cm\/","name":"Fladdermuslampa i vitt 40cm | Festartiklar | - Pachia","isPartOf":{"@id":"https:\/\/pachia.eu\/sv\/#website"},"primaryImageOfPage":{"@id":"https:\/\/pachia.eu\/sv\/flagremus-lampe-i-hvid-40cm\/#primaryimage"},"image":{"@id":"https:\/\/pachia.eu\/sv\/flagremus-lampe-i-hvid-40cm\/#primaryimage"},"thumbnailUrl":"https:\/\/pachia.eu\/wp-content\/uploads\/2021\/06\/halloween-40cm-flagremus-hvid.png","datePublished":"2021-06-18T12:31:46+00:00","dateModified":"2025-03-31T11:27:19+00:00","breadcrumb":{"@id":"https:\/\/pachia.eu\/sv\/flagremus-lampe-i-hvid-40cm\/#breadcrumb"},"inLanguage":"sv-SE","potentialAction":[{"@type":"ReadAction","target":["https:\/\/pachia.eu\/sv\/flagremus-lampe-i-hvid-40cm\/"]}]},{"@type":"ImageObject","inLanguage":"sv-SE","@id":"https:\/\/pachia.eu\/sv\/flagremus-lampe-i-hvid-40cm\/#primaryimage","url":"https:\/\/pachia.eu\/wp-content\/uploads\/2021\/06\/halloween-40cm-flagremus-hvid.png","contentUrl":"https:\/\/pachia.eu\/wp-content\/uploads\/2021\/06\/halloween-40cm-flagremus-hvid.png","width":2000,"height":2000},{"@type":"BreadcrumbList","@id":"https:\/\/pachia.eu\/sv\/flagremus-lampe-i-hvid-40cm\/#breadcrumb","itemListElement":[{"@type":"ListItem","position":1,"name":"Framsida","item":"https:\/\/pachia.eu\/sv\/"},{"@type":"ListItem","position":2,"name":"Butik","item":"https:\/\/pachia.eu\/sv\/butik\/"},{"@type":"ListItem","position":3,"name":"Fladdermuslampa i vitt 40cm"}]},{"@type":"WebSite","@id":"https:\/\/pachia.eu\/sv\/#website","url":"https:\/\/pachia.eu\/sv\/","name":"Pachia","description":"","publisher":{"@id":"https:\/\/pachia.eu\/sv\/#organization"},"potentialAction":[{"@type":"SearchAction","target":{"@type":"EntryPoint","urlTemplate":"https:\/\/pachia.eu\/sv\/?s={search_term_string}"},"query-input":{"@type":"PropertyValueSpecification","valueRequired":true,"valueName":"search_term_string"}}],"inLanguage":"sv-SE"},{"@type":"Organization","@id":"https:\/\/pachia.eu\/sv\/#organization","name":"Pachia ApS","url":"https:\/\/pachia.eu\/sv\/","logo":{"@type":"ImageObject","inLanguage":"sv-SE","@id":"https:\/\/pachia.eu\/sv\/#\/schema\/logo\/image\/","url":"https:\/\/jocaonline.dk\/wp-content\/uploads\/2020\/10\/decoration-logo-small.png","contentUrl":"https:\/\/jocaonline.dk\/wp-content\/uploads\/2020\/10\/decoration-logo-small.png","width":301,"height":100,"caption":"Pachia ApS"},"image":{"@id":"https:\/\/pachia.eu\/sv\/#\/schema\/logo\/image\/"},"sameAs":["https:\/\/www.facebook.com\/pachia.shop","https:\/\/www.instagram.com\/pachia.eu"]}]}},"_links":{"self":[{"href":"https:\/\/pachia.eu\/sv\/wp-json\/wp\/v2\/product\/2734","targetHints":{"allow":["GET"]}}],"collection":[{"href":"https:\/\/pachia.eu\/sv\/wp-json\/wp\/v2\/product"}],"about":[{"href":"https:\/\/pachia.eu\/sv\/wp-json\/wp\/v2\/types\/product"}],"version-history":[{"count":0,"href":"https:\/\/pachia.eu\/sv\/wp-json\/wp\/v2\/product\/2734\/revisions"}],"wp:featuredmedia":[{"embeddable":true,"href":"https:\/\/pachia.eu\/sv\/wp-json\/wp\/v2\/media\/2236"}],"wp:attachment":[{"href":"https:\/\/pachia.eu\/sv\/wp-json\/wp\/v2\/media?parent=2734"}],"wp:term":[{"taxonomy":"product_brand","embeddable":true,"href":"https:\/\/pachia.eu\/sv\/wp-json\/wp\/v2\/product_brand?post=2734"},{"taxonomy":"product_cat","embeddable":true,"href":"https:\/\/pachia.eu\/sv\/wp-json\/wp\/v2\/product_cat?post=2734"},{"taxonomy":"product_tag","embeddable":true,"href":"https:\/\/pachia.eu\/sv\/wp-json\/wp\/v2\/product_tag?post=2734"},{"taxonomy":"mersalg-tag","embeddable":true,"href":"https:\/\/pachia.eu\/sv\/wp-json\/wp\/v2\/mersalg-tag?post=2734"}],"curies":[{"name":"wp","href":"https:\/\/api.w.org\/{rel}","templated":true}]}}