{"id":2732,"date":"2021-06-18T14:46:48","date_gmt":"2021-06-18T12:46:48","guid":{"rendered":"https:\/\/pachia.eu\/5-st-papperslyktor-m-romantik\/"},"modified":"2025-03-27T11:08:59","modified_gmt":"2025-03-27T10:08:59","slug":"5-st-papperslyktor-m-romantik","status":"publish","type":"product","link":"https:\/\/pachia.eu\/sv\/5-st-papperslyktor-m-romantik\/","title":{"rendered":"5 ljusp\u00e5sar med romantik"},"content":{"rendered":"<p>Dessa vackra romantiska ljusp\u00e5sar har ett motiv med blandade hj\u00e4rtan som passar utm\u00e4rkt till br\u00f6llopsfesten, tr\u00e4dg\u00e5rdsfesten eller andra mysiga tillst\u00e4llningar d\u00e4r det finns behov av mysighet och ljus. Placera ett v\u00e4rmeljus i botten av ljusp\u00e5sen och placera den i entr\u00e9n, i tr\u00e4dg\u00e5rden, p\u00e5 balkongen eller p\u00e5 f\u00f6nsterbr\u00e4dan. Ljusp\u00e5sarna \u00e4r brands\u00e4kra och \u00e4r d\u00e4rf\u00f6r inte brandfarliga.  <\/p>\n<p>Om ljusp\u00e5sarna ska anv\u00e4ndas utomhus kan du med f\u00f6rdel h\u00e4lla lite grus eller sm\u00e5sten i botten av p\u00e5sen f\u00f6r att g\u00f6ra dem mer stabila. Detta g\u00f6r dem mindre k\u00e4nsliga f\u00f6r v\u00e4der och vind. <\/p>\n<p>Ljusp\u00e5sarna kommer i totala f\u00f6rpackningar om 5 stycken.<\/p>\n","protected":false},"excerpt":{"rendered":"<p>Dessa vackra romantiska ljusp\u00e5sar har ett motiv med blandade hj\u00e4rtan som passar utm\u00e4rkt till br\u00f6llopsfesten, tr\u00e4dg\u00e5rdsfesten eller andra mysiga tillst\u00e4llningar d\u00e4r det finns behov av mysighet och ljus. Placera ett v\u00e4rmeljus i botten av ljusp\u00e5sen och placera den i entr\u00e9n, i tr\u00e4dg\u00e5rden, p\u00e5 balkongen eller p\u00e5 f\u00f6nsterbr\u00e4dan. Ljusp\u00e5sarna \u00e4r brands\u00e4kra och \u00e4r d\u00e4rf\u00f6r inte brandfarliga. [&hellip;]<\/p>\n","protected":false},"featured_media":2270,"template":"","meta":{"_lmt_disableupdate":"","_lmt_disable":""},"product_brand":[],"product_cat":[149,147],"product_tag":[],"mersalg-tag":[],"class_list":{"0":"post-2732","1":"product","2":"type-product","3":"status-publish","4":"has-post-thumbnail","6":"product_cat-festartiklar","7":"product_cat-produkter-sv","9":"first","10":"instock","11":"sale","12":"taxable","13":"shipping-taxable","14":"purchasable","15":"product-type-simple"},"yoast_head":"<!-- This site is optimized with the Yoast SEO plugin v27.3 - https:\/\/yoast.com\/product\/yoast-seo-wordpress\/ -->\n<title>5 ljusp\u00e5sar med romantik | Festartiklar | - Pachia<\/title>\n<meta name=\"robots\" content=\"index, follow, max-snippet:-1, max-image-preview:large, max-video-preview:-1\" \/>\n<link rel=\"canonical\" href=\"https:\/\/pachia.eu\/sv\/5-st-papperslyktor-m-romantik\/\" \/>\n<meta property=\"og:locale\" content=\"sv_SE\" \/>\n<meta property=\"og:type\" content=\"article\" \/>\n<meta property=\"og:title\" content=\"5 ljusp\u00e5sar med romantik | Festartiklar | - Pachia\" \/>\n<meta property=\"og:description\" content=\"Dessa vackra romantiska ljusp\u00e5sar har ett motiv med blandade hj\u00e4rtan som passar utm\u00e4rkt till br\u00f6llopsfesten, tr\u00e4dg\u00e5rdsfesten eller andra mysiga tillst\u00e4llningar d\u00e4r det finns behov av mysighet och ljus. Placera ett v\u00e4rmeljus i botten av ljusp\u00e5sen och placera den i entr\u00e9n, i tr\u00e4dg\u00e5rden, p\u00e5 balkongen eller p\u00e5 f\u00f6nsterbr\u00e4dan. Ljusp\u00e5sarna \u00e4r brands\u00e4kra och \u00e4r d\u00e4rf\u00f6r inte brandfarliga. [&hellip;]\" \/>\n<meta property=\"og:url\" content=\"https:\/\/pachia.eu\/sv\/5-st-papperslyktor-m-romantik\/\" \/>\n<meta property=\"og:site_name\" content=\"Pachia\" \/>\n<meta property=\"article:publisher\" content=\"https:\/\/www.facebook.com\/pachia.shop\" \/>\n<meta property=\"article:modified_time\" content=\"2025-03-27T10:08:59+00:00\" \/>\n<meta property=\"og:image\" content=\"https:\/\/pachia.eu\/wp-content\/uploads\/2021\/06\/lysposer-moderne-hjerter.png\" \/>\n\t<meta property=\"og:image:width\" content=\"2000\" \/>\n\t<meta property=\"og:image:height\" content=\"2000\" \/>\n\t<meta property=\"og:image:type\" content=\"image\/png\" \/>\n<meta name=\"twitter:card\" content=\"summary_large_image\" \/>\n<meta name=\"twitter:label1\" content=\"Ber\u00e4knad l\u00e4stid\" \/>\n\t<meta name=\"twitter:data1\" content=\"1 minut\" \/>\n<script type=\"application\/ld+json\" class=\"yoast-schema-graph\">{\"@context\":\"https:\\\/\\\/schema.org\",\"@graph\":[{\"@type\":\"WebPage\",\"@id\":\"https:\\\/\\\/pachia.eu\\\/sv\\\/5-st-papperslyktor-m-romantik\\\/\",\"url\":\"https:\\\/\\\/pachia.eu\\\/sv\\\/5-st-papperslyktor-m-romantik\\\/\",\"name\":\"5 ljusp\u00e5sar med romantik | Festartiklar | - Pachia\",\"isPartOf\":{\"@id\":\"https:\\\/\\\/pachia.eu\\\/sv\\\/#website\"},\"primaryImageOfPage\":{\"@id\":\"https:\\\/\\\/pachia.eu\\\/sv\\\/5-st-papperslyktor-m-romantik\\\/#primaryimage\"},\"image\":{\"@id\":\"https:\\\/\\\/pachia.eu\\\/sv\\\/5-st-papperslyktor-m-romantik\\\/#primaryimage\"},\"thumbnailUrl\":\"https:\\\/\\\/pachia.eu\\\/wp-content\\\/uploads\\\/2021\\\/06\\\/lysposer-moderne-hjerter.png\",\"datePublished\":\"2021-06-18T12:46:48+00:00\",\"dateModified\":\"2025-03-27T10:08:59+00:00\",\"breadcrumb\":{\"@id\":\"https:\\\/\\\/pachia.eu\\\/sv\\\/5-st-papperslyktor-m-romantik\\\/#breadcrumb\"},\"inLanguage\":\"sv-SE\",\"potentialAction\":[{\"@type\":\"ReadAction\",\"target\":[\"https:\\\/\\\/pachia.eu\\\/sv\\\/5-st-papperslyktor-m-romantik\\\/\"]}]},{\"@type\":\"ImageObject\",\"inLanguage\":\"sv-SE\",\"@id\":\"https:\\\/\\\/pachia.eu\\\/sv\\\/5-st-papperslyktor-m-romantik\\\/#primaryimage\",\"url\":\"https:\\\/\\\/pachia.eu\\\/wp-content\\\/uploads\\\/2021\\\/06\\\/lysposer-moderne-hjerter.png\",\"contentUrl\":\"https:\\\/\\\/pachia.eu\\\/wp-content\\\/uploads\\\/2021\\\/06\\\/lysposer-moderne-hjerter.png\",\"width\":2000,\"height\":2000},{\"@type\":\"BreadcrumbList\",\"@id\":\"https:\\\/\\\/pachia.eu\\\/sv\\\/5-st-papperslyktor-m-romantik\\\/#breadcrumb\",\"itemListElement\":[{\"@type\":\"ListItem\",\"position\":1,\"name\":\"Framsida\",\"item\":\"https:\\\/\\\/pachia.eu\\\/sv\\\/\"},{\"@type\":\"ListItem\",\"position\":2,\"name\":\"Butik\",\"item\":\"https:\\\/\\\/pachia.eu\\\/sv\\\/butik\\\/\"},{\"@type\":\"ListItem\",\"position\":3,\"name\":\"5 ljusp\u00e5sar med romantik\"}]},{\"@type\":\"WebSite\",\"@id\":\"https:\\\/\\\/pachia.eu\\\/sv\\\/#website\",\"url\":\"https:\\\/\\\/pachia.eu\\\/sv\\\/\",\"name\":\"Pachia\",\"description\":\"\",\"publisher\":{\"@id\":\"https:\\\/\\\/pachia.eu\\\/sv\\\/#organization\"},\"potentialAction\":[{\"@type\":\"SearchAction\",\"target\":{\"@type\":\"EntryPoint\",\"urlTemplate\":\"https:\\\/\\\/pachia.eu\\\/sv\\\/?s={search_term_string}\"},\"query-input\":{\"@type\":\"PropertyValueSpecification\",\"valueRequired\":true,\"valueName\":\"search_term_string\"}}],\"inLanguage\":\"sv-SE\"},{\"@type\":\"Organization\",\"@id\":\"https:\\\/\\\/pachia.eu\\\/sv\\\/#organization\",\"name\":\"Pachia ApS\",\"url\":\"https:\\\/\\\/pachia.eu\\\/sv\\\/\",\"logo\":{\"@type\":\"ImageObject\",\"inLanguage\":\"sv-SE\",\"@id\":\"https:\\\/\\\/pachia.eu\\\/sv\\\/#\\\/schema\\\/logo\\\/image\\\/\",\"url\":\"https:\\\/\\\/jocaonline.dk\\\/wp-content\\\/uploads\\\/2020\\\/10\\\/decoration-logo-small.png\",\"contentUrl\":\"https:\\\/\\\/jocaonline.dk\\\/wp-content\\\/uploads\\\/2020\\\/10\\\/decoration-logo-small.png\",\"width\":301,\"height\":100,\"caption\":\"Pachia ApS\"},\"image\":{\"@id\":\"https:\\\/\\\/pachia.eu\\\/sv\\\/#\\\/schema\\\/logo\\\/image\\\/\"},\"sameAs\":[\"https:\\\/\\\/www.facebook.com\\\/pachia.shop\",\"https:\\\/\\\/www.instagram.com\\\/pachia.eu\"]}]}<\/script>\n<!-- \/ Yoast SEO plugin. -->","yoast_head_json":{"title":"5 ljusp\u00e5sar med romantik | Festartiklar | - Pachia","robots":{"index":"index","follow":"follow","max-snippet":"max-snippet:-1","max-image-preview":"max-image-preview:large","max-video-preview":"max-video-preview:-1"},"canonical":"https:\/\/pachia.eu\/sv\/5-st-papperslyktor-m-romantik\/","og_locale":"sv_SE","og_type":"article","og_title":"5 ljusp\u00e5sar med romantik | Festartiklar | - Pachia","og_description":"Dessa vackra romantiska ljusp\u00e5sar har ett motiv med blandade hj\u00e4rtan som passar utm\u00e4rkt till br\u00f6llopsfesten, tr\u00e4dg\u00e5rdsfesten eller andra mysiga tillst\u00e4llningar d\u00e4r det finns behov av mysighet och ljus. Placera ett v\u00e4rmeljus i botten av ljusp\u00e5sen och placera den i entr\u00e9n, i tr\u00e4dg\u00e5rden, p\u00e5 balkongen eller p\u00e5 f\u00f6nsterbr\u00e4dan. Ljusp\u00e5sarna \u00e4r brands\u00e4kra och \u00e4r d\u00e4rf\u00f6r inte brandfarliga. [&hellip;]","og_url":"https:\/\/pachia.eu\/sv\/5-st-papperslyktor-m-romantik\/","og_site_name":"Pachia","article_publisher":"https:\/\/www.facebook.com\/pachia.shop","article_modified_time":"2025-03-27T10:08:59+00:00","og_image":[{"width":2000,"height":2000,"url":"https:\/\/pachia.eu\/wp-content\/uploads\/2021\/06\/lysposer-moderne-hjerter.png","type":"image\/png"}],"twitter_card":"summary_large_image","twitter_misc":{"Ber\u00e4knad l\u00e4stid":"1 minut"},"schema":{"@context":"https:\/\/schema.org","@graph":[{"@type":"WebPage","@id":"https:\/\/pachia.eu\/sv\/5-st-papperslyktor-m-romantik\/","url":"https:\/\/pachia.eu\/sv\/5-st-papperslyktor-m-romantik\/","name":"5 ljusp\u00e5sar med romantik | Festartiklar | - Pachia","isPartOf":{"@id":"https:\/\/pachia.eu\/sv\/#website"},"primaryImageOfPage":{"@id":"https:\/\/pachia.eu\/sv\/5-st-papperslyktor-m-romantik\/#primaryimage"},"image":{"@id":"https:\/\/pachia.eu\/sv\/5-st-papperslyktor-m-romantik\/#primaryimage"},"thumbnailUrl":"https:\/\/pachia.eu\/wp-content\/uploads\/2021\/06\/lysposer-moderne-hjerter.png","datePublished":"2021-06-18T12:46:48+00:00","dateModified":"2025-03-27T10:08:59+00:00","breadcrumb":{"@id":"https:\/\/pachia.eu\/sv\/5-st-papperslyktor-m-romantik\/#breadcrumb"},"inLanguage":"sv-SE","potentialAction":[{"@type":"ReadAction","target":["https:\/\/pachia.eu\/sv\/5-st-papperslyktor-m-romantik\/"]}]},{"@type":"ImageObject","inLanguage":"sv-SE","@id":"https:\/\/pachia.eu\/sv\/5-st-papperslyktor-m-romantik\/#primaryimage","url":"https:\/\/pachia.eu\/wp-content\/uploads\/2021\/06\/lysposer-moderne-hjerter.png","contentUrl":"https:\/\/pachia.eu\/wp-content\/uploads\/2021\/06\/lysposer-moderne-hjerter.png","width":2000,"height":2000},{"@type":"BreadcrumbList","@id":"https:\/\/pachia.eu\/sv\/5-st-papperslyktor-m-romantik\/#breadcrumb","itemListElement":[{"@type":"ListItem","position":1,"name":"Framsida","item":"https:\/\/pachia.eu\/sv\/"},{"@type":"ListItem","position":2,"name":"Butik","item":"https:\/\/pachia.eu\/sv\/butik\/"},{"@type":"ListItem","position":3,"name":"5 ljusp\u00e5sar med romantik"}]},{"@type":"WebSite","@id":"https:\/\/pachia.eu\/sv\/#website","url":"https:\/\/pachia.eu\/sv\/","name":"Pachia","description":"","publisher":{"@id":"https:\/\/pachia.eu\/sv\/#organization"},"potentialAction":[{"@type":"SearchAction","target":{"@type":"EntryPoint","urlTemplate":"https:\/\/pachia.eu\/sv\/?s={search_term_string}"},"query-input":{"@type":"PropertyValueSpecification","valueRequired":true,"valueName":"search_term_string"}}],"inLanguage":"sv-SE"},{"@type":"Organization","@id":"https:\/\/pachia.eu\/sv\/#organization","name":"Pachia ApS","url":"https:\/\/pachia.eu\/sv\/","logo":{"@type":"ImageObject","inLanguage":"sv-SE","@id":"https:\/\/pachia.eu\/sv\/#\/schema\/logo\/image\/","url":"https:\/\/jocaonline.dk\/wp-content\/uploads\/2020\/10\/decoration-logo-small.png","contentUrl":"https:\/\/jocaonline.dk\/wp-content\/uploads\/2020\/10\/decoration-logo-small.png","width":301,"height":100,"caption":"Pachia ApS"},"image":{"@id":"https:\/\/pachia.eu\/sv\/#\/schema\/logo\/image\/"},"sameAs":["https:\/\/www.facebook.com\/pachia.shop","https:\/\/www.instagram.com\/pachia.eu"]}]}},"_links":{"self":[{"href":"https:\/\/pachia.eu\/sv\/wp-json\/wp\/v2\/product\/2732","targetHints":{"allow":["GET"]}}],"collection":[{"href":"https:\/\/pachia.eu\/sv\/wp-json\/wp\/v2\/product"}],"about":[{"href":"https:\/\/pachia.eu\/sv\/wp-json\/wp\/v2\/types\/product"}],"version-history":[{"count":0,"href":"https:\/\/pachia.eu\/sv\/wp-json\/wp\/v2\/product\/2732\/revisions"}],"wp:featuredmedia":[{"embeddable":true,"href":"https:\/\/pachia.eu\/sv\/wp-json\/wp\/v2\/media\/2270"}],"wp:attachment":[{"href":"https:\/\/pachia.eu\/sv\/wp-json\/wp\/v2\/media?parent=2732"}],"wp:term":[{"taxonomy":"product_brand","embeddable":true,"href":"https:\/\/pachia.eu\/sv\/wp-json\/wp\/v2\/product_brand?post=2732"},{"taxonomy":"product_cat","embeddable":true,"href":"https:\/\/pachia.eu\/sv\/wp-json\/wp\/v2\/product_cat?post=2732"},{"taxonomy":"product_tag","embeddable":true,"href":"https:\/\/pachia.eu\/sv\/wp-json\/wp\/v2\/product_tag?post=2732"},{"taxonomy":"mersalg-tag","embeddable":true,"href":"https:\/\/pachia.eu\/sv\/wp-json\/wp\/v2\/mersalg-tag?post=2732"}],"curies":[{"name":"wp","href":"https:\/\/api.w.org\/{rel}","templated":true}]}}