{"id":2646,"date":"2021-06-18T14:54:53","date_gmt":"2021-06-18T12:54:53","guid":{"rendered":"https:\/\/pachia.eu\/ljusgula-pom-poms\/"},"modified":"2025-03-27T11:09:01","modified_gmt":"2025-03-27T10:09:01","slug":"ljusgula-pom-poms","status":"publish","type":"product","link":"https:\/\/pachia.eu\/sv\/ljusgula-pom-poms\/","title":{"rendered":"Papper pompom ljusgul"},"content":{"rendered":"<p>Denna ljusgula garnboll har en fin pastellgul f\u00e4rg som kan anv\u00e4ndas p\u00e5 egen hand, eller tillsammans med n\u00e5gra av de andra pastellf\u00e4rgade pompoms samt rispapperslampor. Pompoms \u00e4r gjorda av rispapper av h\u00f6g kvalitet och kommer med matchande sidenband s\u00e5 att de enkelt kan h\u00e4ngas upp. De kan \u00e4ven placeras p\u00e5 bord och stolar, d\u00e5 de ocks\u00e5 ger en fin effekt.  <\/p>\n<p>Pompoms tillf\u00f6r b\u00e5de djup och f\u00e4rg till din \u00f6vergripande dekoration och \u00e4r d\u00e4rf\u00f6r mycket l\u00e4mpliga som dekoration f\u00f6r fester. Anv\u00e4nd dem som bordsdekorationer f\u00f6r br\u00f6llop, konfirmationer eller andra festliga evenemang. <\/p>\n<p>M\u00e5tt: 35cm utf\u00e4lld En<br \/>\nmanual och sidenband f\u00f6r upph\u00e4ngning ing\u00e5r<\/p>\n","protected":false},"excerpt":{"rendered":"<p>Denna ljusgula garnboll har en fin pastellgul f\u00e4rg som kan anv\u00e4ndas p\u00e5 egen hand, eller tillsammans med n\u00e5gra av de andra pastellf\u00e4rgade pompoms samt rispapperslampor. Pompoms \u00e4r gjorda av rispapper av h\u00f6g kvalitet och kommer med matchande sidenband s\u00e5 att de enkelt kan h\u00e4ngas upp. De kan \u00e4ven placeras p\u00e5 bord och stolar, d\u00e5 de [&hellip;]<\/p>\n","protected":false},"featured_media":2346,"template":"","meta":{"_lmt_disableupdate":"","_lmt_disable":""},"product_brand":[],"product_cat":[149,156,147],"product_tag":[],"mersalg-tag":[],"class_list":{"0":"post-2646","1":"product","2":"type-product","3":"status-publish","4":"has-post-thumbnail","6":"product_cat-festartiklar","7":"product_cat-pom-poms","8":"product_cat-produkter-sv","10":"first","11":"instock","12":"sale","13":"taxable","14":"shipping-taxable","15":"purchasable","16":"product-type-simple"},"yoast_head":"<!-- This site is optimized with the Yoast SEO plugin v27.3 - https:\/\/yoast.com\/product\/yoast-seo-wordpress\/ -->\n<title>Vackra ljusgula papperspompoms - Finns i flera f\u00e4rger - Pachia<\/title>\n<meta name=\"description\" content=\"Anv\u00e4nd dessa dekorativa pompoms i papper till fest eller som en inredningsdetalj i hemmet. Pompoms finns i flera f\u00e4rger.\" \/>\n<meta name=\"robots\" content=\"index, follow, max-snippet:-1, max-image-preview:large, max-video-preview:-1\" \/>\n<link rel=\"canonical\" href=\"https:\/\/pachia.eu\/sv\/ljusgula-pom-poms\/\" \/>\n<meta property=\"og:locale\" content=\"sv_SE\" \/>\n<meta property=\"og:type\" content=\"article\" \/>\n<meta property=\"og:title\" content=\"Vackra ljusgula papperspompoms - Finns i flera f\u00e4rger - Pachia\" \/>\n<meta property=\"og:description\" content=\"Anv\u00e4nd dessa dekorativa pompoms i papper till fest eller som en inredningsdetalj i hemmet. Pompoms finns i flera f\u00e4rger.\" \/>\n<meta property=\"og:url\" content=\"https:\/\/pachia.eu\/sv\/ljusgula-pom-poms\/\" \/>\n<meta property=\"og:site_name\" content=\"Pachia\" \/>\n<meta property=\"article:publisher\" content=\"https:\/\/www.facebook.com\/pachia.shop\" \/>\n<meta property=\"article:modified_time\" content=\"2025-03-27T10:09:01+00:00\" \/>\n<meta property=\"og:image\" content=\"https:\/\/pachia.eu\/wp-content\/uploads\/2021\/06\/lysgul-pompon.png\" \/>\n\t<meta property=\"og:image:width\" content=\"822\" \/>\n\t<meta property=\"og:image:height\" content=\"822\" \/>\n\t<meta property=\"og:image:type\" content=\"image\/png\" \/>\n<meta name=\"twitter:card\" content=\"summary_large_image\" \/>\n<meta name=\"twitter:label1\" content=\"Ber\u00e4knad l\u00e4stid\" \/>\n\t<meta name=\"twitter:data1\" content=\"1 minut\" \/>\n<script type=\"application\/ld+json\" class=\"yoast-schema-graph\">{\"@context\":\"https:\\\/\\\/schema.org\",\"@graph\":[{\"@type\":\"WebPage\",\"@id\":\"https:\\\/\\\/pachia.eu\\\/sv\\\/ljusgula-pom-poms\\\/\",\"url\":\"https:\\\/\\\/pachia.eu\\\/sv\\\/ljusgula-pom-poms\\\/\",\"name\":\"Vackra ljusgula papperspompoms - Finns i flera f\u00e4rger - Pachia\",\"isPartOf\":{\"@id\":\"https:\\\/\\\/pachia.eu\\\/sv\\\/#website\"},\"primaryImageOfPage\":{\"@id\":\"https:\\\/\\\/pachia.eu\\\/sv\\\/ljusgula-pom-poms\\\/#primaryimage\"},\"image\":{\"@id\":\"https:\\\/\\\/pachia.eu\\\/sv\\\/ljusgula-pom-poms\\\/#primaryimage\"},\"thumbnailUrl\":\"https:\\\/\\\/pachia.eu\\\/wp-content\\\/uploads\\\/2021\\\/06\\\/lysgul-pompon.png\",\"datePublished\":\"2021-06-18T12:54:53+00:00\",\"dateModified\":\"2025-03-27T10:09:01+00:00\",\"description\":\"Anv\u00e4nd dessa dekorativa pompoms i papper till fest eller som en inredningsdetalj i hemmet. Pompoms finns i flera f\u00e4rger.\",\"breadcrumb\":{\"@id\":\"https:\\\/\\\/pachia.eu\\\/sv\\\/ljusgula-pom-poms\\\/#breadcrumb\"},\"inLanguage\":\"sv-SE\",\"potentialAction\":[{\"@type\":\"ReadAction\",\"target\":[\"https:\\\/\\\/pachia.eu\\\/sv\\\/ljusgula-pom-poms\\\/\"]}]},{\"@type\":\"ImageObject\",\"inLanguage\":\"sv-SE\",\"@id\":\"https:\\\/\\\/pachia.eu\\\/sv\\\/ljusgula-pom-poms\\\/#primaryimage\",\"url\":\"https:\\\/\\\/pachia.eu\\\/wp-content\\\/uploads\\\/2021\\\/06\\\/lysgul-pompon.png\",\"contentUrl\":\"https:\\\/\\\/pachia.eu\\\/wp-content\\\/uploads\\\/2021\\\/06\\\/lysgul-pompon.png\",\"width\":822,\"height\":822},{\"@type\":\"BreadcrumbList\",\"@id\":\"https:\\\/\\\/pachia.eu\\\/sv\\\/ljusgula-pom-poms\\\/#breadcrumb\",\"itemListElement\":[{\"@type\":\"ListItem\",\"position\":1,\"name\":\"Framsida\",\"item\":\"https:\\\/\\\/pachia.eu\\\/sv\\\/\"},{\"@type\":\"ListItem\",\"position\":2,\"name\":\"Butik\",\"item\":\"https:\\\/\\\/pachia.eu\\\/sv\\\/butik\\\/\"},{\"@type\":\"ListItem\",\"position\":3,\"name\":\"Papper pompom ljusgul\"}]},{\"@type\":\"WebSite\",\"@id\":\"https:\\\/\\\/pachia.eu\\\/sv\\\/#website\",\"url\":\"https:\\\/\\\/pachia.eu\\\/sv\\\/\",\"name\":\"Pachia\",\"description\":\"\",\"publisher\":{\"@id\":\"https:\\\/\\\/pachia.eu\\\/sv\\\/#organization\"},\"potentialAction\":[{\"@type\":\"SearchAction\",\"target\":{\"@type\":\"EntryPoint\",\"urlTemplate\":\"https:\\\/\\\/pachia.eu\\\/sv\\\/?s={search_term_string}\"},\"query-input\":{\"@type\":\"PropertyValueSpecification\",\"valueRequired\":true,\"valueName\":\"search_term_string\"}}],\"inLanguage\":\"sv-SE\"},{\"@type\":\"Organization\",\"@id\":\"https:\\\/\\\/pachia.eu\\\/sv\\\/#organization\",\"name\":\"Pachia ApS\",\"url\":\"https:\\\/\\\/pachia.eu\\\/sv\\\/\",\"logo\":{\"@type\":\"ImageObject\",\"inLanguage\":\"sv-SE\",\"@id\":\"https:\\\/\\\/pachia.eu\\\/sv\\\/#\\\/schema\\\/logo\\\/image\\\/\",\"url\":\"https:\\\/\\\/jocaonline.dk\\\/wp-content\\\/uploads\\\/2020\\\/10\\\/decoration-logo-small.png\",\"contentUrl\":\"https:\\\/\\\/jocaonline.dk\\\/wp-content\\\/uploads\\\/2020\\\/10\\\/decoration-logo-small.png\",\"width\":301,\"height\":100,\"caption\":\"Pachia ApS\"},\"image\":{\"@id\":\"https:\\\/\\\/pachia.eu\\\/sv\\\/#\\\/schema\\\/logo\\\/image\\\/\"},\"sameAs\":[\"https:\\\/\\\/www.facebook.com\\\/pachia.shop\",\"https:\\\/\\\/www.instagram.com\\\/pachia.eu\"]}]}<\/script>\n<!-- \/ Yoast SEO plugin. -->","yoast_head_json":{"title":"Vackra ljusgula papperspompoms - Finns i flera f\u00e4rger - Pachia","description":"Anv\u00e4nd dessa dekorativa pompoms i papper till fest eller som en inredningsdetalj i hemmet. Pompoms finns i flera f\u00e4rger.","robots":{"index":"index","follow":"follow","max-snippet":"max-snippet:-1","max-image-preview":"max-image-preview:large","max-video-preview":"max-video-preview:-1"},"canonical":"https:\/\/pachia.eu\/sv\/ljusgula-pom-poms\/","og_locale":"sv_SE","og_type":"article","og_title":"Vackra ljusgula papperspompoms - Finns i flera f\u00e4rger - Pachia","og_description":"Anv\u00e4nd dessa dekorativa pompoms i papper till fest eller som en inredningsdetalj i hemmet. Pompoms finns i flera f\u00e4rger.","og_url":"https:\/\/pachia.eu\/sv\/ljusgula-pom-poms\/","og_site_name":"Pachia","article_publisher":"https:\/\/www.facebook.com\/pachia.shop","article_modified_time":"2025-03-27T10:09:01+00:00","og_image":[{"width":822,"height":822,"url":"https:\/\/pachia.eu\/wp-content\/uploads\/2021\/06\/lysgul-pompon.png","type":"image\/png"}],"twitter_card":"summary_large_image","twitter_misc":{"Ber\u00e4knad l\u00e4stid":"1 minut"},"schema":{"@context":"https:\/\/schema.org","@graph":[{"@type":"WebPage","@id":"https:\/\/pachia.eu\/sv\/ljusgula-pom-poms\/","url":"https:\/\/pachia.eu\/sv\/ljusgula-pom-poms\/","name":"Vackra ljusgula papperspompoms - Finns i flera f\u00e4rger - Pachia","isPartOf":{"@id":"https:\/\/pachia.eu\/sv\/#website"},"primaryImageOfPage":{"@id":"https:\/\/pachia.eu\/sv\/ljusgula-pom-poms\/#primaryimage"},"image":{"@id":"https:\/\/pachia.eu\/sv\/ljusgula-pom-poms\/#primaryimage"},"thumbnailUrl":"https:\/\/pachia.eu\/wp-content\/uploads\/2021\/06\/lysgul-pompon.png","datePublished":"2021-06-18T12:54:53+00:00","dateModified":"2025-03-27T10:09:01+00:00","description":"Anv\u00e4nd dessa dekorativa pompoms i papper till fest eller som en inredningsdetalj i hemmet. Pompoms finns i flera f\u00e4rger.","breadcrumb":{"@id":"https:\/\/pachia.eu\/sv\/ljusgula-pom-poms\/#breadcrumb"},"inLanguage":"sv-SE","potentialAction":[{"@type":"ReadAction","target":["https:\/\/pachia.eu\/sv\/ljusgula-pom-poms\/"]}]},{"@type":"ImageObject","inLanguage":"sv-SE","@id":"https:\/\/pachia.eu\/sv\/ljusgula-pom-poms\/#primaryimage","url":"https:\/\/pachia.eu\/wp-content\/uploads\/2021\/06\/lysgul-pompon.png","contentUrl":"https:\/\/pachia.eu\/wp-content\/uploads\/2021\/06\/lysgul-pompon.png","width":822,"height":822},{"@type":"BreadcrumbList","@id":"https:\/\/pachia.eu\/sv\/ljusgula-pom-poms\/#breadcrumb","itemListElement":[{"@type":"ListItem","position":1,"name":"Framsida","item":"https:\/\/pachia.eu\/sv\/"},{"@type":"ListItem","position":2,"name":"Butik","item":"https:\/\/pachia.eu\/sv\/butik\/"},{"@type":"ListItem","position":3,"name":"Papper pompom ljusgul"}]},{"@type":"WebSite","@id":"https:\/\/pachia.eu\/sv\/#website","url":"https:\/\/pachia.eu\/sv\/","name":"Pachia","description":"","publisher":{"@id":"https:\/\/pachia.eu\/sv\/#organization"},"potentialAction":[{"@type":"SearchAction","target":{"@type":"EntryPoint","urlTemplate":"https:\/\/pachia.eu\/sv\/?s={search_term_string}"},"query-input":{"@type":"PropertyValueSpecification","valueRequired":true,"valueName":"search_term_string"}}],"inLanguage":"sv-SE"},{"@type":"Organization","@id":"https:\/\/pachia.eu\/sv\/#organization","name":"Pachia ApS","url":"https:\/\/pachia.eu\/sv\/","logo":{"@type":"ImageObject","inLanguage":"sv-SE","@id":"https:\/\/pachia.eu\/sv\/#\/schema\/logo\/image\/","url":"https:\/\/jocaonline.dk\/wp-content\/uploads\/2020\/10\/decoration-logo-small.png","contentUrl":"https:\/\/jocaonline.dk\/wp-content\/uploads\/2020\/10\/decoration-logo-small.png","width":301,"height":100,"caption":"Pachia ApS"},"image":{"@id":"https:\/\/pachia.eu\/sv\/#\/schema\/logo\/image\/"},"sameAs":["https:\/\/www.facebook.com\/pachia.shop","https:\/\/www.instagram.com\/pachia.eu"]}]}},"_links":{"self":[{"href":"https:\/\/pachia.eu\/sv\/wp-json\/wp\/v2\/product\/2646","targetHints":{"allow":["GET"]}}],"collection":[{"href":"https:\/\/pachia.eu\/sv\/wp-json\/wp\/v2\/product"}],"about":[{"href":"https:\/\/pachia.eu\/sv\/wp-json\/wp\/v2\/types\/product"}],"version-history":[{"count":0,"href":"https:\/\/pachia.eu\/sv\/wp-json\/wp\/v2\/product\/2646\/revisions"}],"wp:featuredmedia":[{"embeddable":true,"href":"https:\/\/pachia.eu\/sv\/wp-json\/wp\/v2\/media\/2346"}],"wp:attachment":[{"href":"https:\/\/pachia.eu\/sv\/wp-json\/wp\/v2\/media?parent=2646"}],"wp:term":[{"taxonomy":"product_brand","embeddable":true,"href":"https:\/\/pachia.eu\/sv\/wp-json\/wp\/v2\/product_brand?post=2646"},{"taxonomy":"product_cat","embeddable":true,"href":"https:\/\/pachia.eu\/sv\/wp-json\/wp\/v2\/product_cat?post=2646"},{"taxonomy":"product_tag","embeddable":true,"href":"https:\/\/pachia.eu\/sv\/wp-json\/wp\/v2\/product_tag?post=2646"},{"taxonomy":"mersalg-tag","embeddable":true,"href":"https:\/\/pachia.eu\/sv\/wp-json\/wp\/v2\/mersalg-tag?post=2646"}],"curies":[{"name":"wp","href":"https:\/\/api.w.org\/{rel}","templated":true}]}}