{"id":2639,"date":"2021-06-18T15:02:14","date_gmt":"2021-06-18T13:02:14","guid":{"rendered":"https:\/\/pachia.eu\/lavender-pom-poms\/"},"modified":"2025-09-08T16:07:52","modified_gmt":"2025-09-08T14:07:52","slug":"lavender-pom-poms","status":"publish","type":"product","link":"https:\/\/pachia.eu\/sv\/lavender-pom-poms\/","title":{"rendered":"Lavendel Pompom"},"content":{"rendered":"<p>De lavendelf\u00e4rgade pompoms ger en ljus fin f\u00e4rg som passar bra till pastelltemat, br\u00f6llopet eller t.ex. till ett blomstertema. Blanda dem med vita pompoms eller pappersbollar f\u00f6r att skapa variation. <\/p>\n<p>M\u00e5tt: 35cm i diameter<br \/>\nManual och sidenband f\u00f6r upph\u00e4ngning ing\u00e5r<\/p>\n","protected":false},"excerpt":{"rendered":"<p>De lavendelf\u00e4rgade pompoms ger en ljus fin f\u00e4rg som passar bra till pastelltemat, br\u00f6llopet eller t.ex. till ett blomstertema. Blanda dem med vita pompoms eller pappersbollar f\u00f6r att skapa variation. M\u00e5tt: 35cm i diameter Manual och sidenband f\u00f6r upph\u00e4ngning ing\u00e5r<\/p>\n","protected":false},"featured_media":2294,"template":"","meta":{"_lmt_disableupdate":"","_lmt_disable":""},"product_brand":[],"product_cat":[149,156,147],"product_tag":[],"mersalg-tag":[],"class_list":{"0":"post-2639","1":"product","2":"type-product","3":"status-publish","4":"has-post-thumbnail","6":"product_cat-festartiklar","7":"product_cat-pom-poms","8":"product_cat-produkter-sv","10":"first","11":"instock","12":"sale","13":"taxable","14":"shipping-taxable","15":"purchasable","16":"product-type-simple"},"yoast_head":"<!-- This site is optimized with the Yoast SEO plugin v27.3 - https:\/\/yoast.com\/product\/yoast-seo-wordpress\/ -->\n<title>Lavendel Pompom | Pom poms | - Pachia<\/title>\n<meta name=\"description\" content=\"Blanda pompoms i olika f\u00e4rger och skapa ditt eget f\u00e4rgtema. Denna lavendelf\u00e4rgade pompom \u00e4r perfekt f\u00f6r br\u00f6llop.\" \/>\n<meta name=\"robots\" content=\"index, follow, max-snippet:-1, max-image-preview:large, max-video-preview:-1\" \/>\n<link rel=\"canonical\" href=\"https:\/\/pachia.eu\/sv\/lavender-pom-poms\/\" \/>\n<meta property=\"og:locale\" content=\"sv_SE\" \/>\n<meta property=\"og:type\" content=\"article\" \/>\n<meta property=\"og:title\" content=\"Lavendel Pompom | Pom poms | - Pachia\" \/>\n<meta property=\"og:description\" content=\"Blanda pompoms i olika f\u00e4rger och skapa ditt eget f\u00e4rgtema. Denna lavendelf\u00e4rgade pompom \u00e4r perfekt f\u00f6r br\u00f6llop.\" \/>\n<meta property=\"og:url\" content=\"https:\/\/pachia.eu\/sv\/lavender-pom-poms\/\" \/>\n<meta property=\"og:site_name\" content=\"Pachia\" \/>\n<meta property=\"article:publisher\" content=\"https:\/\/www.facebook.com\/pachia.shop\" \/>\n<meta property=\"article:modified_time\" content=\"2025-09-08T14:07:52+00:00\" \/>\n<meta property=\"og:image\" content=\"https:\/\/pachia.eu\/wp-content\/uploads\/2021\/06\/lavendel-pompon.png\" \/>\n\t<meta property=\"og:image:width\" content=\"822\" \/>\n\t<meta property=\"og:image:height\" content=\"822\" \/>\n\t<meta property=\"og:image:type\" content=\"image\/png\" \/>\n<meta name=\"twitter:card\" content=\"summary_large_image\" \/>\n<script type=\"application\/ld+json\" class=\"yoast-schema-graph\">{\"@context\":\"https:\\\/\\\/schema.org\",\"@graph\":[{\"@type\":\"WebPage\",\"@id\":\"https:\\\/\\\/pachia.eu\\\/sv\\\/lavender-pom-poms\\\/\",\"url\":\"https:\\\/\\\/pachia.eu\\\/sv\\\/lavender-pom-poms\\\/\",\"name\":\"Lavendel Pompom | Pom poms | - Pachia\",\"isPartOf\":{\"@id\":\"https:\\\/\\\/pachia.eu\\\/sv\\\/#website\"},\"primaryImageOfPage\":{\"@id\":\"https:\\\/\\\/pachia.eu\\\/sv\\\/lavender-pom-poms\\\/#primaryimage\"},\"image\":{\"@id\":\"https:\\\/\\\/pachia.eu\\\/sv\\\/lavender-pom-poms\\\/#primaryimage\"},\"thumbnailUrl\":\"https:\\\/\\\/pachia.eu\\\/wp-content\\\/uploads\\\/2021\\\/06\\\/lavendel-pompon.png\",\"datePublished\":\"2021-06-18T13:02:14+00:00\",\"dateModified\":\"2025-09-08T14:07:52+00:00\",\"description\":\"Blanda pompoms i olika f\u00e4rger och skapa ditt eget f\u00e4rgtema. Denna lavendelf\u00e4rgade pompom \u00e4r perfekt f\u00f6r br\u00f6llop.\",\"breadcrumb\":{\"@id\":\"https:\\\/\\\/pachia.eu\\\/sv\\\/lavender-pom-poms\\\/#breadcrumb\"},\"inLanguage\":\"sv-SE\",\"potentialAction\":[{\"@type\":\"ReadAction\",\"target\":[\"https:\\\/\\\/pachia.eu\\\/sv\\\/lavender-pom-poms\\\/\"]}]},{\"@type\":\"ImageObject\",\"inLanguage\":\"sv-SE\",\"@id\":\"https:\\\/\\\/pachia.eu\\\/sv\\\/lavender-pom-poms\\\/#primaryimage\",\"url\":\"https:\\\/\\\/pachia.eu\\\/wp-content\\\/uploads\\\/2021\\\/06\\\/lavendel-pompon.png\",\"contentUrl\":\"https:\\\/\\\/pachia.eu\\\/wp-content\\\/uploads\\\/2021\\\/06\\\/lavendel-pompon.png\",\"width\":822,\"height\":822},{\"@type\":\"BreadcrumbList\",\"@id\":\"https:\\\/\\\/pachia.eu\\\/sv\\\/lavender-pom-poms\\\/#breadcrumb\",\"itemListElement\":[{\"@type\":\"ListItem\",\"position\":1,\"name\":\"Framsida\",\"item\":\"https:\\\/\\\/pachia.eu\\\/sv\\\/\"},{\"@type\":\"ListItem\",\"position\":2,\"name\":\"Butik\",\"item\":\"https:\\\/\\\/pachia.eu\\\/sv\\\/butik\\\/\"},{\"@type\":\"ListItem\",\"position\":3,\"name\":\"Lavendel Pompom\"}]},{\"@type\":\"WebSite\",\"@id\":\"https:\\\/\\\/pachia.eu\\\/sv\\\/#website\",\"url\":\"https:\\\/\\\/pachia.eu\\\/sv\\\/\",\"name\":\"Pachia\",\"description\":\"\",\"publisher\":{\"@id\":\"https:\\\/\\\/pachia.eu\\\/sv\\\/#organization\"},\"potentialAction\":[{\"@type\":\"SearchAction\",\"target\":{\"@type\":\"EntryPoint\",\"urlTemplate\":\"https:\\\/\\\/pachia.eu\\\/sv\\\/?s={search_term_string}\"},\"query-input\":{\"@type\":\"PropertyValueSpecification\",\"valueRequired\":true,\"valueName\":\"search_term_string\"}}],\"inLanguage\":\"sv-SE\"},{\"@type\":\"Organization\",\"@id\":\"https:\\\/\\\/pachia.eu\\\/sv\\\/#organization\",\"name\":\"Pachia ApS\",\"url\":\"https:\\\/\\\/pachia.eu\\\/sv\\\/\",\"logo\":{\"@type\":\"ImageObject\",\"inLanguage\":\"sv-SE\",\"@id\":\"https:\\\/\\\/pachia.eu\\\/sv\\\/#\\\/schema\\\/logo\\\/image\\\/\",\"url\":\"https:\\\/\\\/jocaonline.dk\\\/wp-content\\\/uploads\\\/2020\\\/10\\\/decoration-logo-small.png\",\"contentUrl\":\"https:\\\/\\\/jocaonline.dk\\\/wp-content\\\/uploads\\\/2020\\\/10\\\/decoration-logo-small.png\",\"width\":301,\"height\":100,\"caption\":\"Pachia ApS\"},\"image\":{\"@id\":\"https:\\\/\\\/pachia.eu\\\/sv\\\/#\\\/schema\\\/logo\\\/image\\\/\"},\"sameAs\":[\"https:\\\/\\\/www.facebook.com\\\/pachia.shop\",\"https:\\\/\\\/www.instagram.com\\\/pachia.eu\"]}]}<\/script>\n<!-- \/ Yoast SEO plugin. -->","yoast_head_json":{"title":"Lavendel Pompom | Pom poms | - Pachia","description":"Blanda pompoms i olika f\u00e4rger och skapa ditt eget f\u00e4rgtema. Denna lavendelf\u00e4rgade pompom \u00e4r perfekt f\u00f6r br\u00f6llop.","robots":{"index":"index","follow":"follow","max-snippet":"max-snippet:-1","max-image-preview":"max-image-preview:large","max-video-preview":"max-video-preview:-1"},"canonical":"https:\/\/pachia.eu\/sv\/lavender-pom-poms\/","og_locale":"sv_SE","og_type":"article","og_title":"Lavendel Pompom | Pom poms | - Pachia","og_description":"Blanda pompoms i olika f\u00e4rger och skapa ditt eget f\u00e4rgtema. Denna lavendelf\u00e4rgade pompom \u00e4r perfekt f\u00f6r br\u00f6llop.","og_url":"https:\/\/pachia.eu\/sv\/lavender-pom-poms\/","og_site_name":"Pachia","article_publisher":"https:\/\/www.facebook.com\/pachia.shop","article_modified_time":"2025-09-08T14:07:52+00:00","og_image":[{"width":822,"height":822,"url":"https:\/\/pachia.eu\/wp-content\/uploads\/2021\/06\/lavendel-pompon.png","type":"image\/png"}],"twitter_card":"summary_large_image","schema":{"@context":"https:\/\/schema.org","@graph":[{"@type":"WebPage","@id":"https:\/\/pachia.eu\/sv\/lavender-pom-poms\/","url":"https:\/\/pachia.eu\/sv\/lavender-pom-poms\/","name":"Lavendel Pompom | Pom poms | - Pachia","isPartOf":{"@id":"https:\/\/pachia.eu\/sv\/#website"},"primaryImageOfPage":{"@id":"https:\/\/pachia.eu\/sv\/lavender-pom-poms\/#primaryimage"},"image":{"@id":"https:\/\/pachia.eu\/sv\/lavender-pom-poms\/#primaryimage"},"thumbnailUrl":"https:\/\/pachia.eu\/wp-content\/uploads\/2021\/06\/lavendel-pompon.png","datePublished":"2021-06-18T13:02:14+00:00","dateModified":"2025-09-08T14:07:52+00:00","description":"Blanda pompoms i olika f\u00e4rger och skapa ditt eget f\u00e4rgtema. Denna lavendelf\u00e4rgade pompom \u00e4r perfekt f\u00f6r br\u00f6llop.","breadcrumb":{"@id":"https:\/\/pachia.eu\/sv\/lavender-pom-poms\/#breadcrumb"},"inLanguage":"sv-SE","potentialAction":[{"@type":"ReadAction","target":["https:\/\/pachia.eu\/sv\/lavender-pom-poms\/"]}]},{"@type":"ImageObject","inLanguage":"sv-SE","@id":"https:\/\/pachia.eu\/sv\/lavender-pom-poms\/#primaryimage","url":"https:\/\/pachia.eu\/wp-content\/uploads\/2021\/06\/lavendel-pompon.png","contentUrl":"https:\/\/pachia.eu\/wp-content\/uploads\/2021\/06\/lavendel-pompon.png","width":822,"height":822},{"@type":"BreadcrumbList","@id":"https:\/\/pachia.eu\/sv\/lavender-pom-poms\/#breadcrumb","itemListElement":[{"@type":"ListItem","position":1,"name":"Framsida","item":"https:\/\/pachia.eu\/sv\/"},{"@type":"ListItem","position":2,"name":"Butik","item":"https:\/\/pachia.eu\/sv\/butik\/"},{"@type":"ListItem","position":3,"name":"Lavendel Pompom"}]},{"@type":"WebSite","@id":"https:\/\/pachia.eu\/sv\/#website","url":"https:\/\/pachia.eu\/sv\/","name":"Pachia","description":"","publisher":{"@id":"https:\/\/pachia.eu\/sv\/#organization"},"potentialAction":[{"@type":"SearchAction","target":{"@type":"EntryPoint","urlTemplate":"https:\/\/pachia.eu\/sv\/?s={search_term_string}"},"query-input":{"@type":"PropertyValueSpecification","valueRequired":true,"valueName":"search_term_string"}}],"inLanguage":"sv-SE"},{"@type":"Organization","@id":"https:\/\/pachia.eu\/sv\/#organization","name":"Pachia ApS","url":"https:\/\/pachia.eu\/sv\/","logo":{"@type":"ImageObject","inLanguage":"sv-SE","@id":"https:\/\/pachia.eu\/sv\/#\/schema\/logo\/image\/","url":"https:\/\/jocaonline.dk\/wp-content\/uploads\/2020\/10\/decoration-logo-small.png","contentUrl":"https:\/\/jocaonline.dk\/wp-content\/uploads\/2020\/10\/decoration-logo-small.png","width":301,"height":100,"caption":"Pachia ApS"},"image":{"@id":"https:\/\/pachia.eu\/sv\/#\/schema\/logo\/image\/"},"sameAs":["https:\/\/www.facebook.com\/pachia.shop","https:\/\/www.instagram.com\/pachia.eu"]}]}},"_links":{"self":[{"href":"https:\/\/pachia.eu\/sv\/wp-json\/wp\/v2\/product\/2639","targetHints":{"allow":["GET"]}}],"collection":[{"href":"https:\/\/pachia.eu\/sv\/wp-json\/wp\/v2\/product"}],"about":[{"href":"https:\/\/pachia.eu\/sv\/wp-json\/wp\/v2\/types\/product"}],"version-history":[{"count":0,"href":"https:\/\/pachia.eu\/sv\/wp-json\/wp\/v2\/product\/2639\/revisions"}],"wp:featuredmedia":[{"embeddable":true,"href":"https:\/\/pachia.eu\/sv\/wp-json\/wp\/v2\/media\/2294"}],"wp:attachment":[{"href":"https:\/\/pachia.eu\/sv\/wp-json\/wp\/v2\/media?parent=2639"}],"wp:term":[{"taxonomy":"product_brand","embeddable":true,"href":"https:\/\/pachia.eu\/sv\/wp-json\/wp\/v2\/product_brand?post=2639"},{"taxonomy":"product_cat","embeddable":true,"href":"https:\/\/pachia.eu\/sv\/wp-json\/wp\/v2\/product_cat?post=2639"},{"taxonomy":"product_tag","embeddable":true,"href":"https:\/\/pachia.eu\/sv\/wp-json\/wp\/v2\/product_tag?post=2639"},{"taxonomy":"mersalg-tag","embeddable":true,"href":"https:\/\/pachia.eu\/sv\/wp-json\/wp\/v2\/mersalg-tag?post=2639"}],"curies":[{"name":"wp","href":"https:\/\/api.w.org\/{rel}","templated":true}]}}