{"id":2636,"date":"2021-06-18T15:05:04","date_gmt":"2021-06-18T13:05:04","guid":{"rendered":"https:\/\/pachia.eu\/turkosa-pom-poms\/"},"modified":"2025-03-27T11:08:52","modified_gmt":"2025-03-27T10:08:52","slug":"turkosa-pom-poms","status":"publish","type":"product","link":"https:\/\/pachia.eu\/sv\/turkosa-pom-poms\/","title":{"rendered":"Turkos Papper Pompom"},"content":{"rendered":"<p>Denna vackra turkosa garntom s\u00e4tter f\u00e4rg p\u00e5 hemmet, festen, skyltf\u00f6nstret eller kanske br\u00f6llopet. Sl\u00e4pp loss din kreativitet och skapa ditt eget festtema med dessa vackra pompoms. De skapar b\u00e5de djup och f\u00e4rg i festlokalen. Pompoms kan placeras p\u00e5 bord och p\u00e5 andra ytor, men kan ocks\u00e5 h\u00e4ngas ovanf\u00f6r middagsbordet, p\u00e5 v\u00e4ggen eller i taket.   <\/p>\n<p>Blanda g\u00e4rna flera olika f\u00e4rger f\u00f6r att skapa lek i din inredning. Om du vill ha variationer ut\u00f6ver f\u00e4rgerna kan du g\u00e4rna kombinera pom pomer och v\u00e5ra f\u00e4rgglada rispapperslampor. P\u00e5 s\u00e5 s\u00e4tt f\u00e5r du b\u00e5de dekorationer och ljus tillsammans som dekoration. Den turkosa f\u00e4rgen kan blandas med vitt, bl\u00e5tt, gr\u00f6nt eller gult om du vill skapa ett f\u00e4rgspel i din \u00f6vergripande dekoration.   <\/p>\n<p>M\u00e5tt: 35cm utf\u00e4lld En<br \/>\nmanual och sidenband f\u00f6r upph\u00e4ngning ing\u00e5r<\/p>\n","protected":false},"excerpt":{"rendered":"<p>Denna vackra turkosa garntom s\u00e4tter f\u00e4rg p\u00e5 hemmet, festen, skyltf\u00f6nstret eller kanske br\u00f6llopet. Sl\u00e4pp loss din kreativitet och skapa ditt eget festtema med dessa vackra pompoms. De skapar b\u00e5de djup och f\u00e4rg i festlokalen. Pompoms kan placeras p\u00e5 bord och p\u00e5 andra ytor, men kan ocks\u00e5 h\u00e4ngas ovanf\u00f6r middagsbordet, p\u00e5 v\u00e4ggen eller i taket. Blanda [&hellip;]<\/p>\n","protected":false},"featured_media":2322,"template":"","meta":{"_lmt_disableupdate":"","_lmt_disable":""},"product_brand":[],"product_cat":[149,156,147],"product_tag":[],"mersalg-tag":[],"class_list":{"0":"post-2636","1":"product","2":"type-product","3":"status-publish","4":"has-post-thumbnail","6":"product_cat-festartiklar","7":"product_cat-pom-poms","8":"product_cat-produkter-sv","10":"first","11":"instock","12":"sale","13":"taxable","14":"shipping-taxable","15":"purchasable","16":"product-type-simple"},"yoast_head":"<!-- This site is optimized with the Yoast SEO plugin v27.3 - https:\/\/yoast.com\/product\/yoast-seo-wordpress\/ -->\n<title>Turkos Papper Pompom | Pom poms | - Pachia<\/title>\n<meta name=\"description\" content=\"Denna f\u00e4rgglada turkosa pom pom ger en vacker temaf\u00e4rg antingen f\u00f6r hemmet, festen, br\u00f6llopet eller bekr\u00e4ftelsen. Du kan h\u00e4nga dem \u00f6ver middagsbordet.\" \/>\n<meta name=\"robots\" content=\"index, follow, max-snippet:-1, max-image-preview:large, max-video-preview:-1\" \/>\n<link rel=\"canonical\" href=\"https:\/\/pachia.eu\/sv\/turkosa-pom-poms\/\" \/>\n<meta property=\"og:locale\" content=\"sv_SE\" \/>\n<meta property=\"og:type\" content=\"article\" \/>\n<meta property=\"og:title\" content=\"Turkos Papper Pompom | Pom poms | - Pachia\" \/>\n<meta property=\"og:description\" content=\"Denna f\u00e4rgglada turkosa pom pom ger en vacker temaf\u00e4rg antingen f\u00f6r hemmet, festen, br\u00f6llopet eller bekr\u00e4ftelsen. Du kan h\u00e4nga dem \u00f6ver middagsbordet.\" \/>\n<meta property=\"og:url\" content=\"https:\/\/pachia.eu\/sv\/turkosa-pom-poms\/\" \/>\n<meta property=\"og:site_name\" content=\"Pachia\" \/>\n<meta property=\"article:publisher\" content=\"https:\/\/www.facebook.com\/pachia.shop\" \/>\n<meta property=\"article:modified_time\" content=\"2025-03-27T10:08:52+00:00\" \/>\n<meta property=\"og:image\" content=\"https:\/\/pachia.eu\/wp-content\/uploads\/2021\/06\/turkis-pompon.png\" \/>\n\t<meta property=\"og:image:width\" content=\"822\" \/>\n\t<meta property=\"og:image:height\" content=\"822\" \/>\n\t<meta property=\"og:image:type\" content=\"image\/png\" \/>\n<meta name=\"twitter:card\" content=\"summary_large_image\" \/>\n<meta name=\"twitter:label1\" content=\"Ber\u00e4knad l\u00e4stid\" \/>\n\t<meta name=\"twitter:data1\" content=\"1 minut\" \/>\n<script type=\"application\/ld+json\" class=\"yoast-schema-graph\">{\"@context\":\"https:\\\/\\\/schema.org\",\"@graph\":[{\"@type\":\"WebPage\",\"@id\":\"https:\\\/\\\/pachia.eu\\\/sv\\\/turkosa-pom-poms\\\/\",\"url\":\"https:\\\/\\\/pachia.eu\\\/sv\\\/turkosa-pom-poms\\\/\",\"name\":\"Turkos Papper Pompom | Pom poms | - Pachia\",\"isPartOf\":{\"@id\":\"https:\\\/\\\/pachia.eu\\\/sv\\\/#website\"},\"primaryImageOfPage\":{\"@id\":\"https:\\\/\\\/pachia.eu\\\/sv\\\/turkosa-pom-poms\\\/#primaryimage\"},\"image\":{\"@id\":\"https:\\\/\\\/pachia.eu\\\/sv\\\/turkosa-pom-poms\\\/#primaryimage\"},\"thumbnailUrl\":\"https:\\\/\\\/pachia.eu\\\/wp-content\\\/uploads\\\/2021\\\/06\\\/turkis-pompon.png\",\"datePublished\":\"2021-06-18T13:05:04+00:00\",\"dateModified\":\"2025-03-27T10:08:52+00:00\",\"description\":\"Denna f\u00e4rgglada turkosa pom pom ger en vacker temaf\u00e4rg antingen f\u00f6r hemmet, festen, br\u00f6llopet eller bekr\u00e4ftelsen. Du kan h\u00e4nga dem \u00f6ver middagsbordet.\",\"breadcrumb\":{\"@id\":\"https:\\\/\\\/pachia.eu\\\/sv\\\/turkosa-pom-poms\\\/#breadcrumb\"},\"inLanguage\":\"sv-SE\",\"potentialAction\":[{\"@type\":\"ReadAction\",\"target\":[\"https:\\\/\\\/pachia.eu\\\/sv\\\/turkosa-pom-poms\\\/\"]}]},{\"@type\":\"ImageObject\",\"inLanguage\":\"sv-SE\",\"@id\":\"https:\\\/\\\/pachia.eu\\\/sv\\\/turkosa-pom-poms\\\/#primaryimage\",\"url\":\"https:\\\/\\\/pachia.eu\\\/wp-content\\\/uploads\\\/2021\\\/06\\\/turkis-pompon.png\",\"contentUrl\":\"https:\\\/\\\/pachia.eu\\\/wp-content\\\/uploads\\\/2021\\\/06\\\/turkis-pompon.png\",\"width\":822,\"height\":822},{\"@type\":\"BreadcrumbList\",\"@id\":\"https:\\\/\\\/pachia.eu\\\/sv\\\/turkosa-pom-poms\\\/#breadcrumb\",\"itemListElement\":[{\"@type\":\"ListItem\",\"position\":1,\"name\":\"Framsida\",\"item\":\"https:\\\/\\\/pachia.eu\\\/sv\\\/\"},{\"@type\":\"ListItem\",\"position\":2,\"name\":\"Butik\",\"item\":\"https:\\\/\\\/pachia.eu\\\/sv\\\/butik\\\/\"},{\"@type\":\"ListItem\",\"position\":3,\"name\":\"Turkos Papper Pompom\"}]},{\"@type\":\"WebSite\",\"@id\":\"https:\\\/\\\/pachia.eu\\\/sv\\\/#website\",\"url\":\"https:\\\/\\\/pachia.eu\\\/sv\\\/\",\"name\":\"Pachia\",\"description\":\"\",\"publisher\":{\"@id\":\"https:\\\/\\\/pachia.eu\\\/sv\\\/#organization\"},\"potentialAction\":[{\"@type\":\"SearchAction\",\"target\":{\"@type\":\"EntryPoint\",\"urlTemplate\":\"https:\\\/\\\/pachia.eu\\\/sv\\\/?s={search_term_string}\"},\"query-input\":{\"@type\":\"PropertyValueSpecification\",\"valueRequired\":true,\"valueName\":\"search_term_string\"}}],\"inLanguage\":\"sv-SE\"},{\"@type\":\"Organization\",\"@id\":\"https:\\\/\\\/pachia.eu\\\/sv\\\/#organization\",\"name\":\"Pachia ApS\",\"url\":\"https:\\\/\\\/pachia.eu\\\/sv\\\/\",\"logo\":{\"@type\":\"ImageObject\",\"inLanguage\":\"sv-SE\",\"@id\":\"https:\\\/\\\/pachia.eu\\\/sv\\\/#\\\/schema\\\/logo\\\/image\\\/\",\"url\":\"https:\\\/\\\/jocaonline.dk\\\/wp-content\\\/uploads\\\/2020\\\/10\\\/decoration-logo-small.png\",\"contentUrl\":\"https:\\\/\\\/jocaonline.dk\\\/wp-content\\\/uploads\\\/2020\\\/10\\\/decoration-logo-small.png\",\"width\":301,\"height\":100,\"caption\":\"Pachia ApS\"},\"image\":{\"@id\":\"https:\\\/\\\/pachia.eu\\\/sv\\\/#\\\/schema\\\/logo\\\/image\\\/\"},\"sameAs\":[\"https:\\\/\\\/www.facebook.com\\\/pachia.shop\",\"https:\\\/\\\/www.instagram.com\\\/pachia.eu\"]}]}<\/script>\n<!-- \/ Yoast SEO plugin. -->","yoast_head_json":{"title":"Turkos Papper Pompom | Pom poms | - Pachia","description":"Denna f\u00e4rgglada turkosa pom pom ger en vacker temaf\u00e4rg antingen f\u00f6r hemmet, festen, br\u00f6llopet eller bekr\u00e4ftelsen. Du kan h\u00e4nga dem \u00f6ver middagsbordet.","robots":{"index":"index","follow":"follow","max-snippet":"max-snippet:-1","max-image-preview":"max-image-preview:large","max-video-preview":"max-video-preview:-1"},"canonical":"https:\/\/pachia.eu\/sv\/turkosa-pom-poms\/","og_locale":"sv_SE","og_type":"article","og_title":"Turkos Papper Pompom | Pom poms | - Pachia","og_description":"Denna f\u00e4rgglada turkosa pom pom ger en vacker temaf\u00e4rg antingen f\u00f6r hemmet, festen, br\u00f6llopet eller bekr\u00e4ftelsen. Du kan h\u00e4nga dem \u00f6ver middagsbordet.","og_url":"https:\/\/pachia.eu\/sv\/turkosa-pom-poms\/","og_site_name":"Pachia","article_publisher":"https:\/\/www.facebook.com\/pachia.shop","article_modified_time":"2025-03-27T10:08:52+00:00","og_image":[{"width":822,"height":822,"url":"https:\/\/pachia.eu\/wp-content\/uploads\/2021\/06\/turkis-pompon.png","type":"image\/png"}],"twitter_card":"summary_large_image","twitter_misc":{"Ber\u00e4knad l\u00e4stid":"1 minut"},"schema":{"@context":"https:\/\/schema.org","@graph":[{"@type":"WebPage","@id":"https:\/\/pachia.eu\/sv\/turkosa-pom-poms\/","url":"https:\/\/pachia.eu\/sv\/turkosa-pom-poms\/","name":"Turkos Papper Pompom | Pom poms | - Pachia","isPartOf":{"@id":"https:\/\/pachia.eu\/sv\/#website"},"primaryImageOfPage":{"@id":"https:\/\/pachia.eu\/sv\/turkosa-pom-poms\/#primaryimage"},"image":{"@id":"https:\/\/pachia.eu\/sv\/turkosa-pom-poms\/#primaryimage"},"thumbnailUrl":"https:\/\/pachia.eu\/wp-content\/uploads\/2021\/06\/turkis-pompon.png","datePublished":"2021-06-18T13:05:04+00:00","dateModified":"2025-03-27T10:08:52+00:00","description":"Denna f\u00e4rgglada turkosa pom pom ger en vacker temaf\u00e4rg antingen f\u00f6r hemmet, festen, br\u00f6llopet eller bekr\u00e4ftelsen. Du kan h\u00e4nga dem \u00f6ver middagsbordet.","breadcrumb":{"@id":"https:\/\/pachia.eu\/sv\/turkosa-pom-poms\/#breadcrumb"},"inLanguage":"sv-SE","potentialAction":[{"@type":"ReadAction","target":["https:\/\/pachia.eu\/sv\/turkosa-pom-poms\/"]}]},{"@type":"ImageObject","inLanguage":"sv-SE","@id":"https:\/\/pachia.eu\/sv\/turkosa-pom-poms\/#primaryimage","url":"https:\/\/pachia.eu\/wp-content\/uploads\/2021\/06\/turkis-pompon.png","contentUrl":"https:\/\/pachia.eu\/wp-content\/uploads\/2021\/06\/turkis-pompon.png","width":822,"height":822},{"@type":"BreadcrumbList","@id":"https:\/\/pachia.eu\/sv\/turkosa-pom-poms\/#breadcrumb","itemListElement":[{"@type":"ListItem","position":1,"name":"Framsida","item":"https:\/\/pachia.eu\/sv\/"},{"@type":"ListItem","position":2,"name":"Butik","item":"https:\/\/pachia.eu\/sv\/butik\/"},{"@type":"ListItem","position":3,"name":"Turkos Papper Pompom"}]},{"@type":"WebSite","@id":"https:\/\/pachia.eu\/sv\/#website","url":"https:\/\/pachia.eu\/sv\/","name":"Pachia","description":"","publisher":{"@id":"https:\/\/pachia.eu\/sv\/#organization"},"potentialAction":[{"@type":"SearchAction","target":{"@type":"EntryPoint","urlTemplate":"https:\/\/pachia.eu\/sv\/?s={search_term_string}"},"query-input":{"@type":"PropertyValueSpecification","valueRequired":true,"valueName":"search_term_string"}}],"inLanguage":"sv-SE"},{"@type":"Organization","@id":"https:\/\/pachia.eu\/sv\/#organization","name":"Pachia ApS","url":"https:\/\/pachia.eu\/sv\/","logo":{"@type":"ImageObject","inLanguage":"sv-SE","@id":"https:\/\/pachia.eu\/sv\/#\/schema\/logo\/image\/","url":"https:\/\/jocaonline.dk\/wp-content\/uploads\/2020\/10\/decoration-logo-small.png","contentUrl":"https:\/\/jocaonline.dk\/wp-content\/uploads\/2020\/10\/decoration-logo-small.png","width":301,"height":100,"caption":"Pachia ApS"},"image":{"@id":"https:\/\/pachia.eu\/sv\/#\/schema\/logo\/image\/"},"sameAs":["https:\/\/www.facebook.com\/pachia.shop","https:\/\/www.instagram.com\/pachia.eu"]}]}},"_links":{"self":[{"href":"https:\/\/pachia.eu\/sv\/wp-json\/wp\/v2\/product\/2636","targetHints":{"allow":["GET"]}}],"collection":[{"href":"https:\/\/pachia.eu\/sv\/wp-json\/wp\/v2\/product"}],"about":[{"href":"https:\/\/pachia.eu\/sv\/wp-json\/wp\/v2\/types\/product"}],"version-history":[{"count":0,"href":"https:\/\/pachia.eu\/sv\/wp-json\/wp\/v2\/product\/2636\/revisions"}],"wp:featuredmedia":[{"embeddable":true,"href":"https:\/\/pachia.eu\/sv\/wp-json\/wp\/v2\/media\/2322"}],"wp:attachment":[{"href":"https:\/\/pachia.eu\/sv\/wp-json\/wp\/v2\/media?parent=2636"}],"wp:term":[{"taxonomy":"product_brand","embeddable":true,"href":"https:\/\/pachia.eu\/sv\/wp-json\/wp\/v2\/product_brand?post=2636"},{"taxonomy":"product_cat","embeddable":true,"href":"https:\/\/pachia.eu\/sv\/wp-json\/wp\/v2\/product_cat?post=2636"},{"taxonomy":"product_tag","embeddable":true,"href":"https:\/\/pachia.eu\/sv\/wp-json\/wp\/v2\/product_tag?post=2636"},{"taxonomy":"mersalg-tag","embeddable":true,"href":"https:\/\/pachia.eu\/sv\/wp-json\/wp\/v2\/mersalg-tag?post=2636"}],"curies":[{"name":"wp","href":"https:\/\/api.w.org\/{rel}","templated":true}]}}