{"id":2629,"date":"2021-06-18T15:09:28","date_gmt":"2021-06-18T13:09:28","guid":{"rendered":"https:\/\/pachia.eu\/svarta-pom-poms\/"},"modified":"2025-09-08T14:58:05","modified_gmt":"2025-09-08T12:58:05","slug":"svarta-pom-poms","status":"publish","type":"product","link":"https:\/\/pachia.eu\/sv\/svarta-pom-poms\/","title":{"rendered":"Svart pompom"},"content":{"rendered":"<p>Kolsvarta pompoms i papper som ger en kontrast till hemmet eller festen. Den distinkta f\u00e4rgen passar bra ihop med vitt och elfenben, d\u00e4r man verkligen kan se f\u00e4rgerna spela mot varandra.   <\/p>\n<p>Blanda b\u00e5de pompoms, pappersbollar och rislampor i svart om du vill skapa variation i dekorationerna. <\/p>\n<p>M\u00e5tt: 35cm i diameter<br \/>\nGuide och sidenband f\u00f6r upph\u00e4ngning ing\u00e5r<\/p>\n","protected":false},"excerpt":{"rendered":"<p>Kolsvarta pompoms i papper som ger en kontrast till hemmet eller festen. Den distinkta f\u00e4rgen passar bra ihop med vitt och elfenben, d\u00e4r man verkligen kan se f\u00e4rgerna spela mot varandra. Blanda b\u00e5de pompoms, pappersbollar och rislampor i svart om du vill skapa variation i dekorationerna. M\u00e5tt: 35cm i diameter Guide och sidenband f\u00f6r upph\u00e4ngning [&hellip;]<\/p>\n","protected":false},"featured_media":2302,"template":"","meta":{"_lmt_disableupdate":"","_lmt_disable":""},"product_brand":[],"product_cat":[149,156,147],"product_tag":[],"mersalg-tag":[],"class_list":{"0":"post-2629","1":"product","2":"type-product","3":"status-publish","4":"has-post-thumbnail","6":"product_cat-festartiklar","7":"product_cat-pom-poms","8":"product_cat-produkter-sv","10":"first","11":"instock","12":"sale","13":"taxable","14":"shipping-taxable","15":"purchasable","16":"product-type-simple"},"yoast_head":"<!-- This site is optimized with the Yoast SEO plugin v27.3 - https:\/\/yoast.com\/product\/yoast-seo-wordpress\/ -->\n<title>Svart pompom | Pom poms | - Pachia<\/title>\n<meta name=\"robots\" content=\"index, follow, max-snippet:-1, max-image-preview:large, max-video-preview:-1\" \/>\n<link rel=\"canonical\" href=\"https:\/\/pachia.eu\/sv\/svarta-pom-poms\/\" \/>\n<meta property=\"og:locale\" content=\"sv_SE\" \/>\n<meta property=\"og:type\" content=\"article\" \/>\n<meta property=\"og:title\" content=\"Svart pompom | Pom poms | - Pachia\" \/>\n<meta property=\"og:description\" content=\"Kolsvarta pompoms i papper som ger en kontrast till hemmet eller festen. Den distinkta f\u00e4rgen passar bra ihop med vitt och elfenben, d\u00e4r man verkligen kan se f\u00e4rgerna spela mot varandra. Blanda b\u00e5de pompoms, pappersbollar och rislampor i svart om du vill skapa variation i dekorationerna. M\u00e5tt: 35cm i diameter Guide och sidenband f\u00f6r upph\u00e4ngning [&hellip;]\" \/>\n<meta property=\"og:url\" content=\"https:\/\/pachia.eu\/sv\/svarta-pom-poms\/\" \/>\n<meta property=\"og:site_name\" content=\"Pachia\" \/>\n<meta property=\"article:publisher\" content=\"https:\/\/www.facebook.com\/pachia.shop\" \/>\n<meta property=\"article:modified_time\" content=\"2025-09-08T12:58:05+00:00\" \/>\n<meta property=\"og:image\" content=\"https:\/\/pachia.eu\/wp-content\/uploads\/2021\/06\/sort-pompon.png\" \/>\n\t<meta property=\"og:image:width\" content=\"822\" \/>\n\t<meta property=\"og:image:height\" content=\"822\" \/>\n\t<meta property=\"og:image:type\" content=\"image\/png\" \/>\n<meta name=\"twitter:card\" content=\"summary_large_image\" \/>\n<script type=\"application\/ld+json\" class=\"yoast-schema-graph\">{\"@context\":\"https:\\\/\\\/schema.org\",\"@graph\":[{\"@type\":\"WebPage\",\"@id\":\"https:\\\/\\\/pachia.eu\\\/sv\\\/svarta-pom-poms\\\/\",\"url\":\"https:\\\/\\\/pachia.eu\\\/sv\\\/svarta-pom-poms\\\/\",\"name\":\"Svart pompom | Pom poms | - Pachia\",\"isPartOf\":{\"@id\":\"https:\\\/\\\/pachia.eu\\\/sv\\\/#website\"},\"primaryImageOfPage\":{\"@id\":\"https:\\\/\\\/pachia.eu\\\/sv\\\/svarta-pom-poms\\\/#primaryimage\"},\"image\":{\"@id\":\"https:\\\/\\\/pachia.eu\\\/sv\\\/svarta-pom-poms\\\/#primaryimage\"},\"thumbnailUrl\":\"https:\\\/\\\/pachia.eu\\\/wp-content\\\/uploads\\\/2021\\\/06\\\/sort-pompon.png\",\"datePublished\":\"2021-06-18T13:09:28+00:00\",\"dateModified\":\"2025-09-08T12:58:05+00:00\",\"breadcrumb\":{\"@id\":\"https:\\\/\\\/pachia.eu\\\/sv\\\/svarta-pom-poms\\\/#breadcrumb\"},\"inLanguage\":\"sv-SE\",\"potentialAction\":[{\"@type\":\"ReadAction\",\"target\":[\"https:\\\/\\\/pachia.eu\\\/sv\\\/svarta-pom-poms\\\/\"]}]},{\"@type\":\"ImageObject\",\"inLanguage\":\"sv-SE\",\"@id\":\"https:\\\/\\\/pachia.eu\\\/sv\\\/svarta-pom-poms\\\/#primaryimage\",\"url\":\"https:\\\/\\\/pachia.eu\\\/wp-content\\\/uploads\\\/2021\\\/06\\\/sort-pompon.png\",\"contentUrl\":\"https:\\\/\\\/pachia.eu\\\/wp-content\\\/uploads\\\/2021\\\/06\\\/sort-pompon.png\",\"width\":822,\"height\":822},{\"@type\":\"BreadcrumbList\",\"@id\":\"https:\\\/\\\/pachia.eu\\\/sv\\\/svarta-pom-poms\\\/#breadcrumb\",\"itemListElement\":[{\"@type\":\"ListItem\",\"position\":1,\"name\":\"Framsida\",\"item\":\"https:\\\/\\\/pachia.eu\\\/sv\\\/\"},{\"@type\":\"ListItem\",\"position\":2,\"name\":\"Butik\",\"item\":\"https:\\\/\\\/pachia.eu\\\/sv\\\/butik\\\/\"},{\"@type\":\"ListItem\",\"position\":3,\"name\":\"Svart pompom\"}]},{\"@type\":\"WebSite\",\"@id\":\"https:\\\/\\\/pachia.eu\\\/sv\\\/#website\",\"url\":\"https:\\\/\\\/pachia.eu\\\/sv\\\/\",\"name\":\"Pachia\",\"description\":\"\",\"publisher\":{\"@id\":\"https:\\\/\\\/pachia.eu\\\/sv\\\/#organization\"},\"potentialAction\":[{\"@type\":\"SearchAction\",\"target\":{\"@type\":\"EntryPoint\",\"urlTemplate\":\"https:\\\/\\\/pachia.eu\\\/sv\\\/?s={search_term_string}\"},\"query-input\":{\"@type\":\"PropertyValueSpecification\",\"valueRequired\":true,\"valueName\":\"search_term_string\"}}],\"inLanguage\":\"sv-SE\"},{\"@type\":\"Organization\",\"@id\":\"https:\\\/\\\/pachia.eu\\\/sv\\\/#organization\",\"name\":\"Pachia ApS\",\"url\":\"https:\\\/\\\/pachia.eu\\\/sv\\\/\",\"logo\":{\"@type\":\"ImageObject\",\"inLanguage\":\"sv-SE\",\"@id\":\"https:\\\/\\\/pachia.eu\\\/sv\\\/#\\\/schema\\\/logo\\\/image\\\/\",\"url\":\"https:\\\/\\\/jocaonline.dk\\\/wp-content\\\/uploads\\\/2020\\\/10\\\/decoration-logo-small.png\",\"contentUrl\":\"https:\\\/\\\/jocaonline.dk\\\/wp-content\\\/uploads\\\/2020\\\/10\\\/decoration-logo-small.png\",\"width\":301,\"height\":100,\"caption\":\"Pachia ApS\"},\"image\":{\"@id\":\"https:\\\/\\\/pachia.eu\\\/sv\\\/#\\\/schema\\\/logo\\\/image\\\/\"},\"sameAs\":[\"https:\\\/\\\/www.facebook.com\\\/pachia.shop\",\"https:\\\/\\\/www.instagram.com\\\/pachia.eu\"]}]}<\/script>\n<!-- \/ Yoast SEO plugin. -->","yoast_head_json":{"title":"Svart pompom | Pom poms | - Pachia","robots":{"index":"index","follow":"follow","max-snippet":"max-snippet:-1","max-image-preview":"max-image-preview:large","max-video-preview":"max-video-preview:-1"},"canonical":"https:\/\/pachia.eu\/sv\/svarta-pom-poms\/","og_locale":"sv_SE","og_type":"article","og_title":"Svart pompom | Pom poms | - Pachia","og_description":"Kolsvarta pompoms i papper som ger en kontrast till hemmet eller festen. Den distinkta f\u00e4rgen passar bra ihop med vitt och elfenben, d\u00e4r man verkligen kan se f\u00e4rgerna spela mot varandra. Blanda b\u00e5de pompoms, pappersbollar och rislampor i svart om du vill skapa variation i dekorationerna. M\u00e5tt: 35cm i diameter Guide och sidenband f\u00f6r upph\u00e4ngning [&hellip;]","og_url":"https:\/\/pachia.eu\/sv\/svarta-pom-poms\/","og_site_name":"Pachia","article_publisher":"https:\/\/www.facebook.com\/pachia.shop","article_modified_time":"2025-09-08T12:58:05+00:00","og_image":[{"width":822,"height":822,"url":"https:\/\/pachia.eu\/wp-content\/uploads\/2021\/06\/sort-pompon.png","type":"image\/png"}],"twitter_card":"summary_large_image","schema":{"@context":"https:\/\/schema.org","@graph":[{"@type":"WebPage","@id":"https:\/\/pachia.eu\/sv\/svarta-pom-poms\/","url":"https:\/\/pachia.eu\/sv\/svarta-pom-poms\/","name":"Svart pompom | Pom poms | - Pachia","isPartOf":{"@id":"https:\/\/pachia.eu\/sv\/#website"},"primaryImageOfPage":{"@id":"https:\/\/pachia.eu\/sv\/svarta-pom-poms\/#primaryimage"},"image":{"@id":"https:\/\/pachia.eu\/sv\/svarta-pom-poms\/#primaryimage"},"thumbnailUrl":"https:\/\/pachia.eu\/wp-content\/uploads\/2021\/06\/sort-pompon.png","datePublished":"2021-06-18T13:09:28+00:00","dateModified":"2025-09-08T12:58:05+00:00","breadcrumb":{"@id":"https:\/\/pachia.eu\/sv\/svarta-pom-poms\/#breadcrumb"},"inLanguage":"sv-SE","potentialAction":[{"@type":"ReadAction","target":["https:\/\/pachia.eu\/sv\/svarta-pom-poms\/"]}]},{"@type":"ImageObject","inLanguage":"sv-SE","@id":"https:\/\/pachia.eu\/sv\/svarta-pom-poms\/#primaryimage","url":"https:\/\/pachia.eu\/wp-content\/uploads\/2021\/06\/sort-pompon.png","contentUrl":"https:\/\/pachia.eu\/wp-content\/uploads\/2021\/06\/sort-pompon.png","width":822,"height":822},{"@type":"BreadcrumbList","@id":"https:\/\/pachia.eu\/sv\/svarta-pom-poms\/#breadcrumb","itemListElement":[{"@type":"ListItem","position":1,"name":"Framsida","item":"https:\/\/pachia.eu\/sv\/"},{"@type":"ListItem","position":2,"name":"Butik","item":"https:\/\/pachia.eu\/sv\/butik\/"},{"@type":"ListItem","position":3,"name":"Svart pompom"}]},{"@type":"WebSite","@id":"https:\/\/pachia.eu\/sv\/#website","url":"https:\/\/pachia.eu\/sv\/","name":"Pachia","description":"","publisher":{"@id":"https:\/\/pachia.eu\/sv\/#organization"},"potentialAction":[{"@type":"SearchAction","target":{"@type":"EntryPoint","urlTemplate":"https:\/\/pachia.eu\/sv\/?s={search_term_string}"},"query-input":{"@type":"PropertyValueSpecification","valueRequired":true,"valueName":"search_term_string"}}],"inLanguage":"sv-SE"},{"@type":"Organization","@id":"https:\/\/pachia.eu\/sv\/#organization","name":"Pachia ApS","url":"https:\/\/pachia.eu\/sv\/","logo":{"@type":"ImageObject","inLanguage":"sv-SE","@id":"https:\/\/pachia.eu\/sv\/#\/schema\/logo\/image\/","url":"https:\/\/jocaonline.dk\/wp-content\/uploads\/2020\/10\/decoration-logo-small.png","contentUrl":"https:\/\/jocaonline.dk\/wp-content\/uploads\/2020\/10\/decoration-logo-small.png","width":301,"height":100,"caption":"Pachia ApS"},"image":{"@id":"https:\/\/pachia.eu\/sv\/#\/schema\/logo\/image\/"},"sameAs":["https:\/\/www.facebook.com\/pachia.shop","https:\/\/www.instagram.com\/pachia.eu"]}]}},"_links":{"self":[{"href":"https:\/\/pachia.eu\/sv\/wp-json\/wp\/v2\/product\/2629","targetHints":{"allow":["GET"]}}],"collection":[{"href":"https:\/\/pachia.eu\/sv\/wp-json\/wp\/v2\/product"}],"about":[{"href":"https:\/\/pachia.eu\/sv\/wp-json\/wp\/v2\/types\/product"}],"version-history":[{"count":0,"href":"https:\/\/pachia.eu\/sv\/wp-json\/wp\/v2\/product\/2629\/revisions"}],"wp:featuredmedia":[{"embeddable":true,"href":"https:\/\/pachia.eu\/sv\/wp-json\/wp\/v2\/media\/2302"}],"wp:attachment":[{"href":"https:\/\/pachia.eu\/sv\/wp-json\/wp\/v2\/media?parent=2629"}],"wp:term":[{"taxonomy":"product_brand","embeddable":true,"href":"https:\/\/pachia.eu\/sv\/wp-json\/wp\/v2\/product_brand?post=2629"},{"taxonomy":"product_cat","embeddable":true,"href":"https:\/\/pachia.eu\/sv\/wp-json\/wp\/v2\/product_cat?post=2629"},{"taxonomy":"product_tag","embeddable":true,"href":"https:\/\/pachia.eu\/sv\/wp-json\/wp\/v2\/product_tag?post=2629"},{"taxonomy":"mersalg-tag","embeddable":true,"href":"https:\/\/pachia.eu\/sv\/wp-json\/wp\/v2\/mersalg-tag?post=2629"}],"curies":[{"name":"wp","href":"https:\/\/api.w.org\/{rel}","templated":true}]}}