{"id":229111,"date":"2022-03-21T14:08:41","date_gmt":"2022-03-21T13:08:41","guid":{"rendered":"https:\/\/pachia.eu\/roek-led-lampa-flaska-37-cm\/"},"modified":"2025-03-27T11:12:30","modified_gmt":"2025-03-27T10:12:30","slug":"roek-led-lampa-flaska-37-cm","status":"publish","type":"product","link":"https:\/\/pachia.eu\/sv\/roek-led-lampa-flaska-37-cm\/","title":{"rendered":"R\u00f6k LED-lampa &#8211; Flaska 37 cm"},"content":{"rendered":"<p>Smoke LED-lampa i en unik form med en l\u00e4ngd p\u00e5 hela 36 cm och en standardsockel E27. Lampan ger ett h\u00e4rligt varmt ljus som fungerar perfekt som dekorativ mysbelysning i hemmet. <\/p>\n<p><strong>Specifikationer:<\/strong><\/p>\n<ul>\n<li>M\u00e5tt: 37 x 9 cm<\/li>\n<li>Ljustemperatur: varm (2200 K)<\/li>\n<li>Sockel: E27<\/li>\n<li>Glasf\u00e4rg: r\u00f6k<\/li>\n<li>Effekt: 4 Watt<\/li>\n<\/ul>\n","protected":false},"excerpt":{"rendered":"<p>Smoke LED-lampa i en unik form med en l\u00e4ngd p\u00e5 hela 36 cm och en standardsockel E27. Lampan ger ett h\u00e4rligt varmt ljus som fungerar perfekt som dekorativ mysbelysning i hemmet. Specifikationer: M\u00e5tt: 37 x 9 cm Ljustemperatur: varm (2200 K) Sockel: E27 Glasf\u00e4rg: r\u00f6k Effekt: 4 Watt<\/p>\n","protected":false},"featured_media":217399,"template":"","meta":{"_lmt_disableupdate":"","_lmt_disable":""},"product_brand":[],"product_cat":[145,147,161],"product_tag":[],"mersalg-tag":[],"class_list":{"0":"post-229111","1":"product","2":"type-product","3":"status-publish","4":"has-post-thumbnail","6":"product_cat-led-ljus-ljusslingor","7":"product_cat-produkter-sv","8":"product_cat-tillbehoer","10":"first","11":"instock","12":"taxable","13":"shipping-taxable","14":"purchasable","15":"product-type-simple"},"yoast_head":"<!-- This site is optimized with the Yoast SEO plugin v27.3 - https:\/\/yoast.com\/product\/yoast-seo-wordpress\/ -->\n<title>R\u00f6k LED-lampa - Flaska 37 cm | LED lampor | - Pachia<\/title>\n<meta name=\"robots\" content=\"index, follow, max-snippet:-1, max-image-preview:large, max-video-preview:-1\" \/>\n<link rel=\"canonical\" href=\"https:\/\/pachia.eu\/sv\/roek-led-lampa-flaska-37-cm\/\" \/>\n<meta property=\"og:locale\" content=\"sv_SE\" \/>\n<meta property=\"og:type\" content=\"article\" \/>\n<meta property=\"og:title\" content=\"R\u00f6k LED-lampa - Flaska 37 cm | LED lampor | - Pachia\" \/>\n<meta property=\"og:description\" content=\"Smoke LED-lampa i en unik form med en l\u00e4ngd p\u00e5 hela 36 cm och en standardsockel E27. Lampan ger ett h\u00e4rligt varmt ljus som fungerar perfekt som dekorativ mysbelysning i hemmet. Specifikationer: M\u00e5tt: 37 x 9 cm Ljustemperatur: varm (2200 K) Sockel: E27 Glasf\u00e4rg: r\u00f6k Effekt: 4 Watt\" \/>\n<meta property=\"og:url\" content=\"https:\/\/pachia.eu\/sv\/roek-led-lampa-flaska-37-cm\/\" \/>\n<meta property=\"og:site_name\" content=\"Pachia\" \/>\n<meta property=\"article:publisher\" content=\"https:\/\/www.facebook.com\/pachia.shop\" \/>\n<meta property=\"article:modified_time\" content=\"2025-03-27T10:12:30+00:00\" \/>\n<meta property=\"og:image\" content=\"https:\/\/pachia.eu\/wp-content\/uploads\/2022\/03\/bottle-paere-e27-3-1024x1024.png\" \/>\n\t<meta property=\"og:image:width\" content=\"1024\" \/>\n\t<meta property=\"og:image:height\" content=\"1024\" \/>\n\t<meta property=\"og:image:type\" content=\"image\/png\" \/>\n<meta name=\"twitter:card\" content=\"summary_large_image\" \/>\n<script type=\"application\/ld+json\" class=\"yoast-schema-graph\">{\"@context\":\"https:\\\/\\\/schema.org\",\"@graph\":[{\"@type\":\"WebPage\",\"@id\":\"https:\\\/\\\/pachia.eu\\\/sv\\\/roek-led-lampa-flaska-37-cm\\\/\",\"url\":\"https:\\\/\\\/pachia.eu\\\/sv\\\/roek-led-lampa-flaska-37-cm\\\/\",\"name\":\"R\u00f6k LED-lampa - Flaska 37 cm | LED lampor | - Pachia\",\"isPartOf\":{\"@id\":\"https:\\\/\\\/pachia.eu\\\/sv\\\/#website\"},\"primaryImageOfPage\":{\"@id\":\"https:\\\/\\\/pachia.eu\\\/sv\\\/roek-led-lampa-flaska-37-cm\\\/#primaryimage\"},\"image\":{\"@id\":\"https:\\\/\\\/pachia.eu\\\/sv\\\/roek-led-lampa-flaska-37-cm\\\/#primaryimage\"},\"thumbnailUrl\":\"https:\\\/\\\/pachia.eu\\\/wp-content\\\/uploads\\\/2022\\\/03\\\/bottle-paere-e27-3.png\",\"datePublished\":\"2022-03-21T13:08:41+00:00\",\"dateModified\":\"2025-03-27T10:12:30+00:00\",\"breadcrumb\":{\"@id\":\"https:\\\/\\\/pachia.eu\\\/sv\\\/roek-led-lampa-flaska-37-cm\\\/#breadcrumb\"},\"inLanguage\":\"sv-SE\",\"potentialAction\":[{\"@type\":\"ReadAction\",\"target\":[\"https:\\\/\\\/pachia.eu\\\/sv\\\/roek-led-lampa-flaska-37-cm\\\/\"]}]},{\"@type\":\"ImageObject\",\"inLanguage\":\"sv-SE\",\"@id\":\"https:\\\/\\\/pachia.eu\\\/sv\\\/roek-led-lampa-flaska-37-cm\\\/#primaryimage\",\"url\":\"https:\\\/\\\/pachia.eu\\\/wp-content\\\/uploads\\\/2022\\\/03\\\/bottle-paere-e27-3.png\",\"contentUrl\":\"https:\\\/\\\/pachia.eu\\\/wp-content\\\/uploads\\\/2022\\\/03\\\/bottle-paere-e27-3.png\",\"width\":2000,\"height\":2000},{\"@type\":\"BreadcrumbList\",\"@id\":\"https:\\\/\\\/pachia.eu\\\/sv\\\/roek-led-lampa-flaska-37-cm\\\/#breadcrumb\",\"itemListElement\":[{\"@type\":\"ListItem\",\"position\":1,\"name\":\"Framsida\",\"item\":\"https:\\\/\\\/pachia.eu\\\/sv\\\/\"},{\"@type\":\"ListItem\",\"position\":2,\"name\":\"Butik\",\"item\":\"https:\\\/\\\/pachia.eu\\\/sv\\\/butik\\\/\"},{\"@type\":\"ListItem\",\"position\":3,\"name\":\"R\u00f6k LED-lampa &#8211; Flaska 37 cm\"}]},{\"@type\":\"WebSite\",\"@id\":\"https:\\\/\\\/pachia.eu\\\/sv\\\/#website\",\"url\":\"https:\\\/\\\/pachia.eu\\\/sv\\\/\",\"name\":\"Pachia\",\"description\":\"\",\"publisher\":{\"@id\":\"https:\\\/\\\/pachia.eu\\\/sv\\\/#organization\"},\"potentialAction\":[{\"@type\":\"SearchAction\",\"target\":{\"@type\":\"EntryPoint\",\"urlTemplate\":\"https:\\\/\\\/pachia.eu\\\/sv\\\/?s={search_term_string}\"},\"query-input\":{\"@type\":\"PropertyValueSpecification\",\"valueRequired\":true,\"valueName\":\"search_term_string\"}}],\"inLanguage\":\"sv-SE\"},{\"@type\":\"Organization\",\"@id\":\"https:\\\/\\\/pachia.eu\\\/sv\\\/#organization\",\"name\":\"Pachia ApS\",\"url\":\"https:\\\/\\\/pachia.eu\\\/sv\\\/\",\"logo\":{\"@type\":\"ImageObject\",\"inLanguage\":\"sv-SE\",\"@id\":\"https:\\\/\\\/pachia.eu\\\/sv\\\/#\\\/schema\\\/logo\\\/image\\\/\",\"url\":\"https:\\\/\\\/jocaonline.dk\\\/wp-content\\\/uploads\\\/2020\\\/10\\\/decoration-logo-small.png\",\"contentUrl\":\"https:\\\/\\\/jocaonline.dk\\\/wp-content\\\/uploads\\\/2020\\\/10\\\/decoration-logo-small.png\",\"width\":301,\"height\":100,\"caption\":\"Pachia ApS\"},\"image\":{\"@id\":\"https:\\\/\\\/pachia.eu\\\/sv\\\/#\\\/schema\\\/logo\\\/image\\\/\"},\"sameAs\":[\"https:\\\/\\\/www.facebook.com\\\/pachia.shop\",\"https:\\\/\\\/www.instagram.com\\\/pachia.eu\"]}]}<\/script>\n<!-- \/ Yoast SEO plugin. -->","yoast_head_json":{"title":"R\u00f6k LED-lampa - Flaska 37 cm | LED lampor | - Pachia","robots":{"index":"index","follow":"follow","max-snippet":"max-snippet:-1","max-image-preview":"max-image-preview:large","max-video-preview":"max-video-preview:-1"},"canonical":"https:\/\/pachia.eu\/sv\/roek-led-lampa-flaska-37-cm\/","og_locale":"sv_SE","og_type":"article","og_title":"R\u00f6k LED-lampa - Flaska 37 cm | LED lampor | - Pachia","og_description":"Smoke LED-lampa i en unik form med en l\u00e4ngd p\u00e5 hela 36 cm och en standardsockel E27. Lampan ger ett h\u00e4rligt varmt ljus som fungerar perfekt som dekorativ mysbelysning i hemmet. Specifikationer: M\u00e5tt: 37 x 9 cm Ljustemperatur: varm (2200 K) Sockel: E27 Glasf\u00e4rg: r\u00f6k Effekt: 4 Watt","og_url":"https:\/\/pachia.eu\/sv\/roek-led-lampa-flaska-37-cm\/","og_site_name":"Pachia","article_publisher":"https:\/\/www.facebook.com\/pachia.shop","article_modified_time":"2025-03-27T10:12:30+00:00","og_image":[{"width":1024,"height":1024,"url":"https:\/\/pachia.eu\/wp-content\/uploads\/2022\/03\/bottle-paere-e27-3-1024x1024.png","type":"image\/png"}],"twitter_card":"summary_large_image","schema":{"@context":"https:\/\/schema.org","@graph":[{"@type":"WebPage","@id":"https:\/\/pachia.eu\/sv\/roek-led-lampa-flaska-37-cm\/","url":"https:\/\/pachia.eu\/sv\/roek-led-lampa-flaska-37-cm\/","name":"R\u00f6k LED-lampa - Flaska 37 cm | LED lampor | - Pachia","isPartOf":{"@id":"https:\/\/pachia.eu\/sv\/#website"},"primaryImageOfPage":{"@id":"https:\/\/pachia.eu\/sv\/roek-led-lampa-flaska-37-cm\/#primaryimage"},"image":{"@id":"https:\/\/pachia.eu\/sv\/roek-led-lampa-flaska-37-cm\/#primaryimage"},"thumbnailUrl":"https:\/\/pachia.eu\/wp-content\/uploads\/2022\/03\/bottle-paere-e27-3.png","datePublished":"2022-03-21T13:08:41+00:00","dateModified":"2025-03-27T10:12:30+00:00","breadcrumb":{"@id":"https:\/\/pachia.eu\/sv\/roek-led-lampa-flaska-37-cm\/#breadcrumb"},"inLanguage":"sv-SE","potentialAction":[{"@type":"ReadAction","target":["https:\/\/pachia.eu\/sv\/roek-led-lampa-flaska-37-cm\/"]}]},{"@type":"ImageObject","inLanguage":"sv-SE","@id":"https:\/\/pachia.eu\/sv\/roek-led-lampa-flaska-37-cm\/#primaryimage","url":"https:\/\/pachia.eu\/wp-content\/uploads\/2022\/03\/bottle-paere-e27-3.png","contentUrl":"https:\/\/pachia.eu\/wp-content\/uploads\/2022\/03\/bottle-paere-e27-3.png","width":2000,"height":2000},{"@type":"BreadcrumbList","@id":"https:\/\/pachia.eu\/sv\/roek-led-lampa-flaska-37-cm\/#breadcrumb","itemListElement":[{"@type":"ListItem","position":1,"name":"Framsida","item":"https:\/\/pachia.eu\/sv\/"},{"@type":"ListItem","position":2,"name":"Butik","item":"https:\/\/pachia.eu\/sv\/butik\/"},{"@type":"ListItem","position":3,"name":"R\u00f6k LED-lampa &#8211; Flaska 37 cm"}]},{"@type":"WebSite","@id":"https:\/\/pachia.eu\/sv\/#website","url":"https:\/\/pachia.eu\/sv\/","name":"Pachia","description":"","publisher":{"@id":"https:\/\/pachia.eu\/sv\/#organization"},"potentialAction":[{"@type":"SearchAction","target":{"@type":"EntryPoint","urlTemplate":"https:\/\/pachia.eu\/sv\/?s={search_term_string}"},"query-input":{"@type":"PropertyValueSpecification","valueRequired":true,"valueName":"search_term_string"}}],"inLanguage":"sv-SE"},{"@type":"Organization","@id":"https:\/\/pachia.eu\/sv\/#organization","name":"Pachia ApS","url":"https:\/\/pachia.eu\/sv\/","logo":{"@type":"ImageObject","inLanguage":"sv-SE","@id":"https:\/\/pachia.eu\/sv\/#\/schema\/logo\/image\/","url":"https:\/\/jocaonline.dk\/wp-content\/uploads\/2020\/10\/decoration-logo-small.png","contentUrl":"https:\/\/jocaonline.dk\/wp-content\/uploads\/2020\/10\/decoration-logo-small.png","width":301,"height":100,"caption":"Pachia ApS"},"image":{"@id":"https:\/\/pachia.eu\/sv\/#\/schema\/logo\/image\/"},"sameAs":["https:\/\/www.facebook.com\/pachia.shop","https:\/\/www.instagram.com\/pachia.eu"]}]}},"_links":{"self":[{"href":"https:\/\/pachia.eu\/sv\/wp-json\/wp\/v2\/product\/229111","targetHints":{"allow":["GET"]}}],"collection":[{"href":"https:\/\/pachia.eu\/sv\/wp-json\/wp\/v2\/product"}],"about":[{"href":"https:\/\/pachia.eu\/sv\/wp-json\/wp\/v2\/types\/product"}],"version-history":[{"count":0,"href":"https:\/\/pachia.eu\/sv\/wp-json\/wp\/v2\/product\/229111\/revisions"}],"wp:featuredmedia":[{"embeddable":true,"href":"https:\/\/pachia.eu\/sv\/wp-json\/wp\/v2\/media\/217399"}],"wp:attachment":[{"href":"https:\/\/pachia.eu\/sv\/wp-json\/wp\/v2\/media?parent=229111"}],"wp:term":[{"taxonomy":"product_brand","embeddable":true,"href":"https:\/\/pachia.eu\/sv\/wp-json\/wp\/v2\/product_brand?post=229111"},{"taxonomy":"product_cat","embeddable":true,"href":"https:\/\/pachia.eu\/sv\/wp-json\/wp\/v2\/product_cat?post=229111"},{"taxonomy":"product_tag","embeddable":true,"href":"https:\/\/pachia.eu\/sv\/wp-json\/wp\/v2\/product_tag?post=229111"},{"taxonomy":"mersalg-tag","embeddable":true,"href":"https:\/\/pachia.eu\/sv\/wp-json\/wp\/v2\/mersalg-tag?post=229111"}],"curies":[{"name":"wp","href":"https:\/\/api.w.org\/{rel}","templated":true}]}}