{"id":229067,"date":"2024-10-07T17:48:17","date_gmt":"2024-10-07T15:48:17","guid":{"rendered":"https:\/\/pachia.eu\/take-oval-90-cm\/"},"modified":"2025-09-08T14:15:28","modified_gmt":"2025-09-08T12:15:28","slug":"take-oval-90-cm","status":"publish","type":"product","link":"https:\/\/pachia.eu\/sv\/take-oval-90-cm\/","title":{"rendered":"Tak\u00e9 Oval 90 cm"},"content":{"rendered":"<p>Uppt\u00e4ck v\u00e5r exklusiva Tak\u00e9-kollektion, som presenterar handgjorda rislampor med en konstruktion av bambutr\u00e5d. Dessa lampor f\u00f6renar det b\u00e4sta av tv\u00e5 v\u00e4rldar \u2013 den eleganta minimalismen fr\u00e5n dansk design och den tidl\u00f6sa sk\u00f6nheten fr\u00e5n japansk hantverkstradition. <\/p>\n<p>V\u00e5r ovala Tak\u00e9-lampa, med en imponerande diameter p\u00e5 90 cm, erbjuder en perfekt balans mellan stil och funktionalitet. Den t\u00e4ta bambutr\u00e5dskonstruktionen ger inte bara ett raffinerat designelement utan s\u00e4kerst\u00e4ller ocks\u00e5 en robust struktur som kommer att h\u00e5lla i m\u00e5nga \u00e5r. <\/p>\n<p>Njut av en atmosf\u00e4r av exklusivitet och harmoni n\u00e4r du t\u00e4nder denna lampa, som avger ett subtilt sken, perfekt filtrerat av det delikata rispappret. Oavsett om den \u00e4r t\u00e4nd eller sl\u00e4ckt ger Tak\u00e9-lampan ett l\u00e4tt och luftigt uttryck till varje rum. <\/p>\n<p>L\u00e5t denna majest\u00e4tiska lampa lysa i rum med h\u00f6gt i tak, d\u00e4r den sv\u00e4var som ett elegant moln och skapar ett imponerande fokus. Ta din inredning till nya h\u00f6jder med v\u00e5r Tak\u00e9-rislampa.Lampan \u00e4r perfekt f\u00f6r matbord, loungeomr\u00e5den eller andra omr\u00e5den d\u00e4r lampan inte f\u00e5r ta f\u00f6r mycket plats p\u00e5 h\u00f6jden.<\/p>\n<p><strong>Specifikationer:<\/strong><\/p>\n<ul>\n<li>Handgjord rislampa av rispapper, bambu och metall<\/li>\n<li>M\u00e5tt: 90 cm i diameter, ca 45 cm i h\u00f6jd<\/li>\n<li>F\u00e4rg: vit (papperet f\u00e5r samma f\u00e4rg som den valda gl\u00f6dlampan)<\/li>\n<li>Lamph\u00e5llare och gl\u00f6dlampa ing\u00e5r ej<\/li>\n<\/ul>\n","protected":false},"excerpt":{"rendered":"<p>Uppt\u00e4ck v\u00e5r exklusiva Tak\u00e9-kollektion, som presenterar handgjorda rislampor med en konstruktion av bambutr\u00e5d. Dessa lampor f\u00f6renar det b\u00e4sta av tv\u00e5 v\u00e4rldar \u2013 den eleganta minimalismen fr\u00e5n dansk design och den tidl\u00f6sa sk\u00f6nheten fr\u00e5n japansk hantverkstradition. V\u00e5r ovala Tak\u00e9-lampa, med en imponerande diameter p\u00e5 90 cm, erbjuder en perfekt balans mellan stil och funktionalitet. Den t\u00e4ta [&hellip;]<\/p>\n","protected":false},"featured_media":226746,"template":"","meta":{"_lmt_disableupdate":"","_lmt_disable":""},"product_brand":[337],"product_cat":[302,140,157,158,147,333],"product_tag":[272,325],"mersalg-tag":[281],"class_list":{"0":"post-229067","1":"product","2":"type-product","3":"status-publish","4":"has-post-thumbnail","6":"product_brand-take","7":"product_cat-maessa","8":"product_cat-ovala-lampor","9":"product_cat-pendlar-taklampor","10":"product_cat-premium-collection-sv","11":"product_cat-produkter-sv","12":"product_cat-take-sv","13":"product_tag-presale-sv","14":"product_tag-ta-90-oval","15":"mersalg-tag-take-90-oval","17":"first","18":"instock","19":"taxable","20":"shipping-taxable","21":"purchasable","22":"product-type-simple"},"yoast_head":"<!-- This site is optimized with the Yoast SEO plugin v27.3 - https:\/\/yoast.com\/product\/yoast-seo-wordpress\/ -->\n<title>Tak\u00e9 Oval 90 cm | Pendlar &amp; taklampor | - Pachia<\/title>\n<meta name=\"robots\" content=\"index, follow, max-snippet:-1, max-image-preview:large, max-video-preview:-1\" \/>\n<link rel=\"canonical\" href=\"https:\/\/pachia.eu\/sv\/take-oval-90-cm\/\" \/>\n<meta property=\"og:locale\" content=\"sv_SE\" \/>\n<meta property=\"og:type\" content=\"article\" \/>\n<meta property=\"og:title\" content=\"Tak\u00e9 Oval 90 cm | Pendlar &amp; taklampor | - Pachia\" \/>\n<meta property=\"og:description\" content=\"Uppt\u00e4ck v\u00e5r exklusiva Tak\u00e9-kollektion, som presenterar handgjorda rislampor med en konstruktion av bambutr\u00e5d. Dessa lampor f\u00f6renar det b\u00e4sta av tv\u00e5 v\u00e4rldar \u2013 den eleganta minimalismen fr\u00e5n dansk design och den tidl\u00f6sa sk\u00f6nheten fr\u00e5n japansk hantverkstradition. V\u00e5r ovala Tak\u00e9-lampa, med en imponerande diameter p\u00e5 90 cm, erbjuder en perfekt balans mellan stil och funktionalitet. Den t\u00e4ta [&hellip;]\" \/>\n<meta property=\"og:url\" content=\"https:\/\/pachia.eu\/sv\/take-oval-90-cm\/\" \/>\n<meta property=\"og:site_name\" content=\"Pachia\" \/>\n<meta property=\"article:publisher\" content=\"https:\/\/www.facebook.com\/pachia.shop\" \/>\n<meta property=\"article:modified_time\" content=\"2025-09-08T12:15:28+00:00\" \/>\n<meta property=\"og:image\" content=\"https:\/\/pachia.eu\/wp-content\/uploads\/2024\/10\/take-90-insp7-1024x1024.png\" \/>\n\t<meta property=\"og:image:width\" content=\"1024\" \/>\n\t<meta property=\"og:image:height\" content=\"1024\" \/>\n\t<meta property=\"og:image:type\" content=\"image\/png\" \/>\n<meta name=\"twitter:card\" content=\"summary_large_image\" \/>\n<meta name=\"twitter:label1\" content=\"Ber\u00e4knad l\u00e4stid\" \/>\n\t<meta name=\"twitter:data1\" content=\"1 minut\" \/>\n<script type=\"application\/ld+json\" class=\"yoast-schema-graph\">{\"@context\":\"https:\\\/\\\/schema.org\",\"@graph\":[{\"@type\":\"WebPage\",\"@id\":\"https:\\\/\\\/pachia.eu\\\/sv\\\/take-oval-90-cm\\\/\",\"url\":\"https:\\\/\\\/pachia.eu\\\/sv\\\/take-oval-90-cm\\\/\",\"name\":\"Tak\u00e9 Oval 90 cm | Pendlar &amp; taklampor | - Pachia\",\"isPartOf\":{\"@id\":\"https:\\\/\\\/pachia.eu\\\/sv\\\/#website\"},\"primaryImageOfPage\":{\"@id\":\"https:\\\/\\\/pachia.eu\\\/sv\\\/take-oval-90-cm\\\/#primaryimage\"},\"image\":{\"@id\":\"https:\\\/\\\/pachia.eu\\\/sv\\\/take-oval-90-cm\\\/#primaryimage\"},\"thumbnailUrl\":\"https:\\\/\\\/pachia.eu\\\/wp-content\\\/uploads\\\/2024\\\/10\\\/take-90-insp7.png\",\"datePublished\":\"2024-10-07T15:48:17+00:00\",\"dateModified\":\"2025-09-08T12:15:28+00:00\",\"breadcrumb\":{\"@id\":\"https:\\\/\\\/pachia.eu\\\/sv\\\/take-oval-90-cm\\\/#breadcrumb\"},\"inLanguage\":\"sv-SE\",\"potentialAction\":[{\"@type\":\"ReadAction\",\"target\":[\"https:\\\/\\\/pachia.eu\\\/sv\\\/take-oval-90-cm\\\/\"]}]},{\"@type\":\"ImageObject\",\"inLanguage\":\"sv-SE\",\"@id\":\"https:\\\/\\\/pachia.eu\\\/sv\\\/take-oval-90-cm\\\/#primaryimage\",\"url\":\"https:\\\/\\\/pachia.eu\\\/wp-content\\\/uploads\\\/2024\\\/10\\\/take-90-insp7.png\",\"contentUrl\":\"https:\\\/\\\/pachia.eu\\\/wp-content\\\/uploads\\\/2024\\\/10\\\/take-90-insp7.png\",\"width\":1794,\"height\":1794,\"caption\":\"Take\"},{\"@type\":\"BreadcrumbList\",\"@id\":\"https:\\\/\\\/pachia.eu\\\/sv\\\/take-oval-90-cm\\\/#breadcrumb\",\"itemListElement\":[{\"@type\":\"ListItem\",\"position\":1,\"name\":\"Framsida\",\"item\":\"https:\\\/\\\/pachia.eu\\\/sv\\\/\"},{\"@type\":\"ListItem\",\"position\":2,\"name\":\"Butik\",\"item\":\"https:\\\/\\\/pachia.eu\\\/sv\\\/butik\\\/\"},{\"@type\":\"ListItem\",\"position\":3,\"name\":\"Tak\u00e9 Oval 90 cm\"}]},{\"@type\":\"WebSite\",\"@id\":\"https:\\\/\\\/pachia.eu\\\/sv\\\/#website\",\"url\":\"https:\\\/\\\/pachia.eu\\\/sv\\\/\",\"name\":\"Pachia\",\"description\":\"\",\"publisher\":{\"@id\":\"https:\\\/\\\/pachia.eu\\\/sv\\\/#organization\"},\"potentialAction\":[{\"@type\":\"SearchAction\",\"target\":{\"@type\":\"EntryPoint\",\"urlTemplate\":\"https:\\\/\\\/pachia.eu\\\/sv\\\/?s={search_term_string}\"},\"query-input\":{\"@type\":\"PropertyValueSpecification\",\"valueRequired\":true,\"valueName\":\"search_term_string\"}}],\"inLanguage\":\"sv-SE\"},{\"@type\":\"Organization\",\"@id\":\"https:\\\/\\\/pachia.eu\\\/sv\\\/#organization\",\"name\":\"Pachia ApS\",\"url\":\"https:\\\/\\\/pachia.eu\\\/sv\\\/\",\"logo\":{\"@type\":\"ImageObject\",\"inLanguage\":\"sv-SE\",\"@id\":\"https:\\\/\\\/pachia.eu\\\/sv\\\/#\\\/schema\\\/logo\\\/image\\\/\",\"url\":\"https:\\\/\\\/jocaonline.dk\\\/wp-content\\\/uploads\\\/2020\\\/10\\\/decoration-logo-small.png\",\"contentUrl\":\"https:\\\/\\\/jocaonline.dk\\\/wp-content\\\/uploads\\\/2020\\\/10\\\/decoration-logo-small.png\",\"width\":301,\"height\":100,\"caption\":\"Pachia ApS\"},\"image\":{\"@id\":\"https:\\\/\\\/pachia.eu\\\/sv\\\/#\\\/schema\\\/logo\\\/image\\\/\"},\"sameAs\":[\"https:\\\/\\\/www.facebook.com\\\/pachia.shop\",\"https:\\\/\\\/www.instagram.com\\\/pachia.eu\"]}]}<\/script>\n<!-- \/ Yoast SEO plugin. -->","yoast_head_json":{"title":"Tak\u00e9 Oval 90 cm | Pendlar &amp; taklampor | - Pachia","robots":{"index":"index","follow":"follow","max-snippet":"max-snippet:-1","max-image-preview":"max-image-preview:large","max-video-preview":"max-video-preview:-1"},"canonical":"https:\/\/pachia.eu\/sv\/take-oval-90-cm\/","og_locale":"sv_SE","og_type":"article","og_title":"Tak\u00e9 Oval 90 cm | Pendlar &amp; taklampor | - Pachia","og_description":"Uppt\u00e4ck v\u00e5r exklusiva Tak\u00e9-kollektion, som presenterar handgjorda rislampor med en konstruktion av bambutr\u00e5d. Dessa lampor f\u00f6renar det b\u00e4sta av tv\u00e5 v\u00e4rldar \u2013 den eleganta minimalismen fr\u00e5n dansk design och den tidl\u00f6sa sk\u00f6nheten fr\u00e5n japansk hantverkstradition. V\u00e5r ovala Tak\u00e9-lampa, med en imponerande diameter p\u00e5 90 cm, erbjuder en perfekt balans mellan stil och funktionalitet. Den t\u00e4ta [&hellip;]","og_url":"https:\/\/pachia.eu\/sv\/take-oval-90-cm\/","og_site_name":"Pachia","article_publisher":"https:\/\/www.facebook.com\/pachia.shop","article_modified_time":"2025-09-08T12:15:28+00:00","og_image":[{"width":1024,"height":1024,"url":"https:\/\/pachia.eu\/wp-content\/uploads\/2024\/10\/take-90-insp7-1024x1024.png","type":"image\/png"}],"twitter_card":"summary_large_image","twitter_misc":{"Ber\u00e4knad l\u00e4stid":"1 minut"},"schema":{"@context":"https:\/\/schema.org","@graph":[{"@type":"WebPage","@id":"https:\/\/pachia.eu\/sv\/take-oval-90-cm\/","url":"https:\/\/pachia.eu\/sv\/take-oval-90-cm\/","name":"Tak\u00e9 Oval 90 cm | Pendlar &amp; taklampor | - Pachia","isPartOf":{"@id":"https:\/\/pachia.eu\/sv\/#website"},"primaryImageOfPage":{"@id":"https:\/\/pachia.eu\/sv\/take-oval-90-cm\/#primaryimage"},"image":{"@id":"https:\/\/pachia.eu\/sv\/take-oval-90-cm\/#primaryimage"},"thumbnailUrl":"https:\/\/pachia.eu\/wp-content\/uploads\/2024\/10\/take-90-insp7.png","datePublished":"2024-10-07T15:48:17+00:00","dateModified":"2025-09-08T12:15:28+00:00","breadcrumb":{"@id":"https:\/\/pachia.eu\/sv\/take-oval-90-cm\/#breadcrumb"},"inLanguage":"sv-SE","potentialAction":[{"@type":"ReadAction","target":["https:\/\/pachia.eu\/sv\/take-oval-90-cm\/"]}]},{"@type":"ImageObject","inLanguage":"sv-SE","@id":"https:\/\/pachia.eu\/sv\/take-oval-90-cm\/#primaryimage","url":"https:\/\/pachia.eu\/wp-content\/uploads\/2024\/10\/take-90-insp7.png","contentUrl":"https:\/\/pachia.eu\/wp-content\/uploads\/2024\/10\/take-90-insp7.png","width":1794,"height":1794,"caption":"Take"},{"@type":"BreadcrumbList","@id":"https:\/\/pachia.eu\/sv\/take-oval-90-cm\/#breadcrumb","itemListElement":[{"@type":"ListItem","position":1,"name":"Framsida","item":"https:\/\/pachia.eu\/sv\/"},{"@type":"ListItem","position":2,"name":"Butik","item":"https:\/\/pachia.eu\/sv\/butik\/"},{"@type":"ListItem","position":3,"name":"Tak\u00e9 Oval 90 cm"}]},{"@type":"WebSite","@id":"https:\/\/pachia.eu\/sv\/#website","url":"https:\/\/pachia.eu\/sv\/","name":"Pachia","description":"","publisher":{"@id":"https:\/\/pachia.eu\/sv\/#organization"},"potentialAction":[{"@type":"SearchAction","target":{"@type":"EntryPoint","urlTemplate":"https:\/\/pachia.eu\/sv\/?s={search_term_string}"},"query-input":{"@type":"PropertyValueSpecification","valueRequired":true,"valueName":"search_term_string"}}],"inLanguage":"sv-SE"},{"@type":"Organization","@id":"https:\/\/pachia.eu\/sv\/#organization","name":"Pachia ApS","url":"https:\/\/pachia.eu\/sv\/","logo":{"@type":"ImageObject","inLanguage":"sv-SE","@id":"https:\/\/pachia.eu\/sv\/#\/schema\/logo\/image\/","url":"https:\/\/jocaonline.dk\/wp-content\/uploads\/2020\/10\/decoration-logo-small.png","contentUrl":"https:\/\/jocaonline.dk\/wp-content\/uploads\/2020\/10\/decoration-logo-small.png","width":301,"height":100,"caption":"Pachia ApS"},"image":{"@id":"https:\/\/pachia.eu\/sv\/#\/schema\/logo\/image\/"},"sameAs":["https:\/\/www.facebook.com\/pachia.shop","https:\/\/www.instagram.com\/pachia.eu"]}]}},"_links":{"self":[{"href":"https:\/\/pachia.eu\/sv\/wp-json\/wp\/v2\/product\/229067","targetHints":{"allow":["GET"]}}],"collection":[{"href":"https:\/\/pachia.eu\/sv\/wp-json\/wp\/v2\/product"}],"about":[{"href":"https:\/\/pachia.eu\/sv\/wp-json\/wp\/v2\/types\/product"}],"version-history":[{"count":0,"href":"https:\/\/pachia.eu\/sv\/wp-json\/wp\/v2\/product\/229067\/revisions"}],"wp:featuredmedia":[{"embeddable":true,"href":"https:\/\/pachia.eu\/sv\/wp-json\/wp\/v2\/media\/226746"}],"wp:attachment":[{"href":"https:\/\/pachia.eu\/sv\/wp-json\/wp\/v2\/media?parent=229067"}],"wp:term":[{"taxonomy":"product_brand","embeddable":true,"href":"https:\/\/pachia.eu\/sv\/wp-json\/wp\/v2\/product_brand?post=229067"},{"taxonomy":"product_cat","embeddable":true,"href":"https:\/\/pachia.eu\/sv\/wp-json\/wp\/v2\/product_cat?post=229067"},{"taxonomy":"product_tag","embeddable":true,"href":"https:\/\/pachia.eu\/sv\/wp-json\/wp\/v2\/product_tag?post=229067"},{"taxonomy":"mersalg-tag","embeddable":true,"href":"https:\/\/pachia.eu\/sv\/wp-json\/wp\/v2\/mersalg-tag?post=229067"}],"curies":[{"name":"wp","href":"https:\/\/api.w.org\/{rel}","templated":true}]}}