{"id":229062,"date":"2024-12-16T15:32:03","date_gmt":"2024-12-16T14:32:03","guid":{"rendered":"https:\/\/pachia.eu\/presentkort\/"},"modified":"2025-03-27T11:11:57","modified_gmt":"2025-03-27T10:11:57","slug":"presentkort","status":"publish","type":"product","link":"https:\/\/pachia.eu\/sv\/presentkort\/","title":{"rendered":"Presentkort"},"content":{"rendered":"","protected":false},"excerpt":{"rendered":"<p>K\u00f6p ett digitalt presentkort till pachia.eu. Du kommer omedelbart att f\u00e5 presentkortet via e-post. Ingen v\u00e4ntetid &#8211; k\u00f6p, skriv ut och ge bort g\u00e5van direkt!  <\/p>\n<p><b>S\u00e5 h\u00e4r fungerar det:<\/b><\/p>\n<ol>\n<li>N\u00e4r du har slutf\u00f6rt ditt k\u00f6p f\u00e5r du ett e-postmeddelande med presentkortet<\/li>\n<li>Du kan nu ladda ner presentkortet i en utskrivbar PDF-fil<\/li>\n<\/ol>\n<p><strong>Det<\/strong> kan ta upp till 15 minuter fr\u00e5n det att du best\u00e4ller presentkortet tills du f\u00e5r det via e-post. Kom ih\u00e5g att kontrollera ditt skr\u00e4ppostfilter f\u00f6r att se om presentkortet kan ha landat h\u00e4r.  <\/p>\n<p>Presentkortet kan l\u00f6sas in h\u00e4r i webbshoppen och \u00e4r giltigt i 2 \u00e5r.<\/p>\n<p>&nbsp;<\/p>\n","protected":false},"featured_media":227401,"template":"","meta":{"_lmt_disableupdate":"","_lmt_disable":""},"product_brand":[],"product_cat":[147,161],"product_tag":[],"mersalg-tag":[],"class_list":{"0":"post-229062","1":"product","2":"type-product","3":"status-publish","4":"has-post-thumbnail","6":"product_cat-produkter-sv","7":"product_cat-tillbehoer","9":"first","10":"instock","11":"taxable","12":"shipping-taxable","13":"product-type-giftcard"},"yoast_head":"<!-- This site is optimized with the Yoast SEO plugin v27.3 - https:\/\/yoast.com\/product\/yoast-seo-wordpress\/ -->\n<title>Presentkort | Produkter | - Pachia<\/title>\n<meta name=\"robots\" content=\"index, follow, max-snippet:-1, max-image-preview:large, max-video-preview:-1\" \/>\n<link rel=\"canonical\" href=\"https:\/\/pachia.eu\/sv\/presentkort\/\" \/>\n<meta property=\"og:locale\" content=\"sv_SE\" \/>\n<meta property=\"og:type\" content=\"article\" \/>\n<meta property=\"og:title\" content=\"Presentkort | Produkter | - Pachia\" \/>\n<meta property=\"og:description\" content=\"K\u00f6p ett digitalt presentkort till pachia.eu. Du kommer omedelbart att f\u00e5 presentkortet via e-post. Ingen v\u00e4ntetid - k\u00f6p, skriv ut och ge bort g\u00e5van direkt!  S\u00e5 h\u00e4r fungerar det:  N\u00e4r du har slutf\u00f6rt ditt k\u00f6p f\u00e5r du ett e-postmeddelande med presentkortet  Du kan nu ladda ner presentkortet i en utskrivbar PDF-fil Det kan ta upp till 15 minuter fr\u00e5n det att du best\u00e4ller presentkortet tills du f\u00e5r det via e-post. Kom ih\u00e5g att kontrollera ditt skr\u00e4ppostfilter f\u00f6r att se om presentkortet kan ha landat h\u00e4r.  Presentkortet kan l\u00f6sas in h\u00e4r i webbshoppen och \u00e4r giltigt i 2 \u00e5r. &nbsp;\" \/>\n<meta property=\"og:url\" content=\"https:\/\/pachia.eu\/sv\/presentkort\/\" \/>\n<meta property=\"og:site_name\" content=\"Pachia\" \/>\n<meta property=\"article:publisher\" content=\"https:\/\/www.facebook.com\/pachia.shop\" \/>\n<meta property=\"article:modified_time\" content=\"2025-03-27T10:11:57+00:00\" \/>\n<meta property=\"og:image\" content=\"https:\/\/pachia.eu\/wp-content\/uploads\/2024\/12\/1.png\" \/>\n\t<meta property=\"og:image:width\" content=\"1748\" \/>\n\t<meta property=\"og:image:height\" content=\"1240\" \/>\n\t<meta property=\"og:image:type\" content=\"image\/png\" \/>\n<meta name=\"twitter:card\" content=\"summary_large_image\" \/>\n<script type=\"application\/ld+json\" class=\"yoast-schema-graph\">{\"@context\":\"https:\\\/\\\/schema.org\",\"@graph\":[{\"@type\":\"WebPage\",\"@id\":\"https:\\\/\\\/pachia.eu\\\/sv\\\/presentkort\\\/\",\"url\":\"https:\\\/\\\/pachia.eu\\\/sv\\\/presentkort\\\/\",\"name\":\"Presentkort | Produkter | - Pachia\",\"isPartOf\":{\"@id\":\"https:\\\/\\\/pachia.eu\\\/sv\\\/#website\"},\"primaryImageOfPage\":{\"@id\":\"https:\\\/\\\/pachia.eu\\\/sv\\\/presentkort\\\/#primaryimage\"},\"image\":{\"@id\":\"https:\\\/\\\/pachia.eu\\\/sv\\\/presentkort\\\/#primaryimage\"},\"thumbnailUrl\":\"https:\\\/\\\/pachia.eu\\\/wp-content\\\/uploads\\\/2024\\\/12\\\/1.png\",\"datePublished\":\"2024-12-16T14:32:03+00:00\",\"dateModified\":\"2025-03-27T10:11:57+00:00\",\"breadcrumb\":{\"@id\":\"https:\\\/\\\/pachia.eu\\\/sv\\\/presentkort\\\/#breadcrumb\"},\"inLanguage\":\"sv-SE\",\"potentialAction\":[{\"@type\":\"ReadAction\",\"target\":[\"https:\\\/\\\/pachia.eu\\\/sv\\\/presentkort\\\/\"]}]},{\"@type\":\"ImageObject\",\"inLanguage\":\"sv-SE\",\"@id\":\"https:\\\/\\\/pachia.eu\\\/sv\\\/presentkort\\\/#primaryimage\",\"url\":\"https:\\\/\\\/pachia.eu\\\/wp-content\\\/uploads\\\/2024\\\/12\\\/1.png\",\"contentUrl\":\"https:\\\/\\\/pachia.eu\\\/wp-content\\\/uploads\\\/2024\\\/12\\\/1.png\",\"width\":1748,\"height\":1240},{\"@type\":\"BreadcrumbList\",\"@id\":\"https:\\\/\\\/pachia.eu\\\/sv\\\/presentkort\\\/#breadcrumb\",\"itemListElement\":[{\"@type\":\"ListItem\",\"position\":1,\"name\":\"Framsida\",\"item\":\"https:\\\/\\\/pachia.eu\\\/sv\\\/\"},{\"@type\":\"ListItem\",\"position\":2,\"name\":\"Butik\",\"item\":\"https:\\\/\\\/pachia.eu\\\/sv\\\/butik\\\/\"},{\"@type\":\"ListItem\",\"position\":3,\"name\":\"Presentkort\"}]},{\"@type\":\"WebSite\",\"@id\":\"https:\\\/\\\/pachia.eu\\\/sv\\\/#website\",\"url\":\"https:\\\/\\\/pachia.eu\\\/sv\\\/\",\"name\":\"Pachia\",\"description\":\"\",\"publisher\":{\"@id\":\"https:\\\/\\\/pachia.eu\\\/sv\\\/#organization\"},\"potentialAction\":[{\"@type\":\"SearchAction\",\"target\":{\"@type\":\"EntryPoint\",\"urlTemplate\":\"https:\\\/\\\/pachia.eu\\\/sv\\\/?s={search_term_string}\"},\"query-input\":{\"@type\":\"PropertyValueSpecification\",\"valueRequired\":true,\"valueName\":\"search_term_string\"}}],\"inLanguage\":\"sv-SE\"},{\"@type\":\"Organization\",\"@id\":\"https:\\\/\\\/pachia.eu\\\/sv\\\/#organization\",\"name\":\"Pachia ApS\",\"url\":\"https:\\\/\\\/pachia.eu\\\/sv\\\/\",\"logo\":{\"@type\":\"ImageObject\",\"inLanguage\":\"sv-SE\",\"@id\":\"https:\\\/\\\/pachia.eu\\\/sv\\\/#\\\/schema\\\/logo\\\/image\\\/\",\"url\":\"https:\\\/\\\/jocaonline.dk\\\/wp-content\\\/uploads\\\/2020\\\/10\\\/decoration-logo-small.png\",\"contentUrl\":\"https:\\\/\\\/jocaonline.dk\\\/wp-content\\\/uploads\\\/2020\\\/10\\\/decoration-logo-small.png\",\"width\":301,\"height\":100,\"caption\":\"Pachia ApS\"},\"image\":{\"@id\":\"https:\\\/\\\/pachia.eu\\\/sv\\\/#\\\/schema\\\/logo\\\/image\\\/\"},\"sameAs\":[\"https:\\\/\\\/www.facebook.com\\\/pachia.shop\",\"https:\\\/\\\/www.instagram.com\\\/pachia.eu\"]}]}<\/script>\n<!-- \/ Yoast SEO plugin. -->","yoast_head_json":{"title":"Presentkort | Produkter | - Pachia","robots":{"index":"index","follow":"follow","max-snippet":"max-snippet:-1","max-image-preview":"max-image-preview:large","max-video-preview":"max-video-preview:-1"},"canonical":"https:\/\/pachia.eu\/sv\/presentkort\/","og_locale":"sv_SE","og_type":"article","og_title":"Presentkort | Produkter | - Pachia","og_description":"K\u00f6p ett digitalt presentkort till pachia.eu. Du kommer omedelbart att f\u00e5 presentkortet via e-post. Ingen v\u00e4ntetid - k\u00f6p, skriv ut och ge bort g\u00e5van direkt!  S\u00e5 h\u00e4r fungerar det:  N\u00e4r du har slutf\u00f6rt ditt k\u00f6p f\u00e5r du ett e-postmeddelande med presentkortet  Du kan nu ladda ner presentkortet i en utskrivbar PDF-fil Det kan ta upp till 15 minuter fr\u00e5n det att du best\u00e4ller presentkortet tills du f\u00e5r det via e-post. Kom ih\u00e5g att kontrollera ditt skr\u00e4ppostfilter f\u00f6r att se om presentkortet kan ha landat h\u00e4r.  Presentkortet kan l\u00f6sas in h\u00e4r i webbshoppen och \u00e4r giltigt i 2 \u00e5r. &nbsp;","og_url":"https:\/\/pachia.eu\/sv\/presentkort\/","og_site_name":"Pachia","article_publisher":"https:\/\/www.facebook.com\/pachia.shop","article_modified_time":"2025-03-27T10:11:57+00:00","og_image":[{"width":1748,"height":1240,"url":"https:\/\/pachia.eu\/wp-content\/uploads\/2024\/12\/1.png","type":"image\/png"}],"twitter_card":"summary_large_image","schema":{"@context":"https:\/\/schema.org","@graph":[{"@type":"WebPage","@id":"https:\/\/pachia.eu\/sv\/presentkort\/","url":"https:\/\/pachia.eu\/sv\/presentkort\/","name":"Presentkort | Produkter | - Pachia","isPartOf":{"@id":"https:\/\/pachia.eu\/sv\/#website"},"primaryImageOfPage":{"@id":"https:\/\/pachia.eu\/sv\/presentkort\/#primaryimage"},"image":{"@id":"https:\/\/pachia.eu\/sv\/presentkort\/#primaryimage"},"thumbnailUrl":"https:\/\/pachia.eu\/wp-content\/uploads\/2024\/12\/1.png","datePublished":"2024-12-16T14:32:03+00:00","dateModified":"2025-03-27T10:11:57+00:00","breadcrumb":{"@id":"https:\/\/pachia.eu\/sv\/presentkort\/#breadcrumb"},"inLanguage":"sv-SE","potentialAction":[{"@type":"ReadAction","target":["https:\/\/pachia.eu\/sv\/presentkort\/"]}]},{"@type":"ImageObject","inLanguage":"sv-SE","@id":"https:\/\/pachia.eu\/sv\/presentkort\/#primaryimage","url":"https:\/\/pachia.eu\/wp-content\/uploads\/2024\/12\/1.png","contentUrl":"https:\/\/pachia.eu\/wp-content\/uploads\/2024\/12\/1.png","width":1748,"height":1240},{"@type":"BreadcrumbList","@id":"https:\/\/pachia.eu\/sv\/presentkort\/#breadcrumb","itemListElement":[{"@type":"ListItem","position":1,"name":"Framsida","item":"https:\/\/pachia.eu\/sv\/"},{"@type":"ListItem","position":2,"name":"Butik","item":"https:\/\/pachia.eu\/sv\/butik\/"},{"@type":"ListItem","position":3,"name":"Presentkort"}]},{"@type":"WebSite","@id":"https:\/\/pachia.eu\/sv\/#website","url":"https:\/\/pachia.eu\/sv\/","name":"Pachia","description":"","publisher":{"@id":"https:\/\/pachia.eu\/sv\/#organization"},"potentialAction":[{"@type":"SearchAction","target":{"@type":"EntryPoint","urlTemplate":"https:\/\/pachia.eu\/sv\/?s={search_term_string}"},"query-input":{"@type":"PropertyValueSpecification","valueRequired":true,"valueName":"search_term_string"}}],"inLanguage":"sv-SE"},{"@type":"Organization","@id":"https:\/\/pachia.eu\/sv\/#organization","name":"Pachia ApS","url":"https:\/\/pachia.eu\/sv\/","logo":{"@type":"ImageObject","inLanguage":"sv-SE","@id":"https:\/\/pachia.eu\/sv\/#\/schema\/logo\/image\/","url":"https:\/\/jocaonline.dk\/wp-content\/uploads\/2020\/10\/decoration-logo-small.png","contentUrl":"https:\/\/jocaonline.dk\/wp-content\/uploads\/2020\/10\/decoration-logo-small.png","width":301,"height":100,"caption":"Pachia ApS"},"image":{"@id":"https:\/\/pachia.eu\/sv\/#\/schema\/logo\/image\/"},"sameAs":["https:\/\/www.facebook.com\/pachia.shop","https:\/\/www.instagram.com\/pachia.eu"]}]}},"_links":{"self":[{"href":"https:\/\/pachia.eu\/sv\/wp-json\/wp\/v2\/product\/229062","targetHints":{"allow":["GET"]}}],"collection":[{"href":"https:\/\/pachia.eu\/sv\/wp-json\/wp\/v2\/product"}],"about":[{"href":"https:\/\/pachia.eu\/sv\/wp-json\/wp\/v2\/types\/product"}],"version-history":[{"count":0,"href":"https:\/\/pachia.eu\/sv\/wp-json\/wp\/v2\/product\/229062\/revisions"}],"wp:featuredmedia":[{"embeddable":true,"href":"https:\/\/pachia.eu\/sv\/wp-json\/wp\/v2\/media\/227401"}],"wp:attachment":[{"href":"https:\/\/pachia.eu\/sv\/wp-json\/wp\/v2\/media?parent=229062"}],"wp:term":[{"taxonomy":"product_brand","embeddable":true,"href":"https:\/\/pachia.eu\/sv\/wp-json\/wp\/v2\/product_brand?post=229062"},{"taxonomy":"product_cat","embeddable":true,"href":"https:\/\/pachia.eu\/sv\/wp-json\/wp\/v2\/product_cat?post=229062"},{"taxonomy":"product_tag","embeddable":true,"href":"https:\/\/pachia.eu\/sv\/wp-json\/wp\/v2\/product_tag?post=229062"},{"taxonomy":"mersalg-tag","embeddable":true,"href":"https:\/\/pachia.eu\/sv\/wp-json\/wp\/v2\/mersalg-tag?post=229062"}],"curies":[{"name":"wp","href":"https:\/\/api.w.org\/{rel}","templated":true}]}}