{"id":228745,"date":"2021-09-03T13:07:39","date_gmt":"2021-09-03T11:07:39","guid":{"rendered":"https:\/\/pachia.eu\/svart-kluster-haengsmycke-3-silikonuttag\/"},"modified":"2025-04-14T12:38:42","modified_gmt":"2025-04-14T10:38:42","slug":"svart-kluster-lamphaallare-3-silikonfattningar","status":"publish","type":"product","link":"https:\/\/pachia.eu\/sv\/svart-kluster-lamphaallare-3-silikonfattningar\/","title":{"rendered":"Svart Kluster Lamph\u00e5llare &#8211; 3 Silikonfattningar"},"content":{"rendered":"<p class=\"\" data-start=\"49\" data-end=\"319\">G\u00f6r belysningen till en del av din inredning med v\u00e5r eleganta svarta klusterpendel med tre flexibla silikonfattningar. Perfekt f\u00f6r att skapa en personlig och livfull lampklunga som ger karakt\u00e4r \u00e5t vilket rum som helst.<\/p>\n<p class=\"\" data-start=\"321\" data-end=\"652\">Sladdarna kan justeras och h\u00e4ngas i olika h\u00f6jder, vilket skapar ett dynamiskt och lekfullt uttryck. Den svarta finishen och de mjuka silikonmaterialen ger ett minimalistiskt men stilfullt utseende \u2013 och pendeln passar extra bra tillsammans med v\u00e5ra rislampor, f\u00f6r ett l\u00e4tt och luftigt intryck med massor av visuell djup.<\/p>\n<p class=\"\" data-start=\"654\" data-end=\"786\">H\u00e4ng dem \u00f6ver matbordet, i vardagsrummets h\u00f6rn eller som en vacker blickf\u00e5ng i sovrummet.<br data-start=\"743\" data-end=\"746\" \/>L\u00e4tt att montera \u2013 vacker att se p\u00e5.<\/p>\n<p><strong>Specifikationer:<\/strong><\/p>\n<ul>\n<li>Uttaget \u00e4r av modell E27 och har en maxeffekt p\u00e5 60W per uttag.<\/li>\n<li>Sladden p\u00e5 varje uttag \u00e4r 2,5 meter l\u00e5ng.<\/li>\n<li>Sladden \u00e4r belagd med v\u00e4vd textil<\/li>\n<li>Gl\u00f6dlampor ing\u00e5r inte<\/li>\n<\/ul>\n","protected":false},"excerpt":{"rendered":"<p>G\u00f6r belysningen till en del av din inredning med v\u00e5r eleganta svarta klusterpendel med tre flexibla silikonfattningar. Perfekt f\u00f6r att skapa en personlig och livfull lampklunga som ger karakt\u00e4r \u00e5t vilket rum som helst. Sladdarna kan justeras och h\u00e4ngas i olika h\u00f6jder, vilket skapar ett dynamiskt och lekfullt uttryck. Den svarta finishen och de mjuka [&hellip;]<\/p>\n","protected":false},"featured_media":214847,"template":"","meta":{"_lmt_disableupdate":"no","_lmt_disable":""},"product_brand":[],"product_cat":[146,147,161],"product_tag":[],"mersalg-tag":[117],"class_list":{"0":"post-228745","1":"product","2":"type-product","3":"status-publish","4":"has-post-thumbnail","6":"product_cat-lamphallare-sladdar","7":"product_cat-produkter-sv","8":"product_cat-tillbehoer","9":"mersalg-tag-fatning","11":"first","12":"instock","13":"taxable","14":"shipping-taxable","15":"purchasable","16":"product-type-simple"},"yoast_head":"<!-- This site is optimized with the Yoast SEO plugin v27.3 - https:\/\/yoast.com\/product\/yoast-seo-wordpress\/ -->\n<title>Svart Kluster Lamph\u00e5llare - 3 Silikonfattningar | Lamph\u00e5llare &amp; sladdar | - Pachia<\/title>\n<meta name=\"robots\" content=\"index, follow, max-snippet:-1, max-image-preview:large, max-video-preview:-1\" \/>\n<link rel=\"canonical\" href=\"https:\/\/pachia.eu\/sv\/svart-kluster-lamphaallare-3-silikonfattningar\/\" \/>\n<meta property=\"og:locale\" content=\"sv_SE\" \/>\n<meta property=\"og:type\" content=\"article\" \/>\n<meta property=\"og:title\" content=\"Svart Kluster Lamph\u00e5llare - 3 Silikonfattningar | Lamph\u00e5llare &amp; sladdar | - Pachia\" \/>\n<meta property=\"og:description\" content=\"G\u00f6r belysningen till en del av din inredning med v\u00e5r eleganta svarta klusterpendel med tre flexibla silikonfattningar. Perfekt f\u00f6r att skapa en personlig och livfull lampklunga som ger karakt\u00e4r \u00e5t vilket rum som helst. Sladdarna kan justeras och h\u00e4ngas i olika h\u00f6jder, vilket skapar ett dynamiskt och lekfullt uttryck. Den svarta finishen och de mjuka [&hellip;]\" \/>\n<meta property=\"og:url\" content=\"https:\/\/pachia.eu\/sv\/svart-kluster-lamphaallare-3-silikonfattningar\/\" \/>\n<meta property=\"og:site_name\" content=\"Pachia\" \/>\n<meta property=\"article:publisher\" content=\"https:\/\/www.facebook.com\/pachia.shop\" \/>\n<meta property=\"article:modified_time\" content=\"2025-04-14T10:38:42+00:00\" \/>\n<meta property=\"og:image\" content=\"https:\/\/pachia.eu\/wp-content\/uploads\/2021\/09\/klyngependel-fatningssaet.png\" \/>\n\t<meta property=\"og:image:width\" content=\"2000\" \/>\n\t<meta property=\"og:image:height\" content=\"2000\" \/>\n\t<meta property=\"og:image:type\" content=\"image\/png\" \/>\n<meta name=\"twitter:card\" content=\"summary_large_image\" \/>\n<meta name=\"twitter:label1\" content=\"Ber\u00e4knad l\u00e4stid\" \/>\n\t<meta name=\"twitter:data1\" content=\"1 minut\" \/>\n<script type=\"application\/ld+json\" class=\"yoast-schema-graph\">{\"@context\":\"https:\\\/\\\/schema.org\",\"@graph\":[{\"@type\":\"WebPage\",\"@id\":\"https:\\\/\\\/pachia.eu\\\/sv\\\/svart-kluster-lamphaallare-3-silikonfattningar\\\/\",\"url\":\"https:\\\/\\\/pachia.eu\\\/sv\\\/svart-kluster-lamphaallare-3-silikonfattningar\\\/\",\"name\":\"Svart Kluster Lamph\u00e5llare - 3 Silikonfattningar | Lamph\u00e5llare &amp; sladdar | - Pachia\",\"isPartOf\":{\"@id\":\"https:\\\/\\\/pachia.eu\\\/sv\\\/#website\"},\"primaryImageOfPage\":{\"@id\":\"https:\\\/\\\/pachia.eu\\\/sv\\\/svart-kluster-lamphaallare-3-silikonfattningar\\\/#primaryimage\"},\"image\":{\"@id\":\"https:\\\/\\\/pachia.eu\\\/sv\\\/svart-kluster-lamphaallare-3-silikonfattningar\\\/#primaryimage\"},\"thumbnailUrl\":\"https:\\\/\\\/pachia.eu\\\/wp-content\\\/uploads\\\/2021\\\/09\\\/klyngependel-fatningssaet.png\",\"datePublished\":\"2021-09-03T11:07:39+00:00\",\"dateModified\":\"2025-04-14T10:38:42+00:00\",\"breadcrumb\":{\"@id\":\"https:\\\/\\\/pachia.eu\\\/sv\\\/svart-kluster-lamphaallare-3-silikonfattningar\\\/#breadcrumb\"},\"inLanguage\":\"sv-SE\",\"potentialAction\":[{\"@type\":\"ReadAction\",\"target\":[\"https:\\\/\\\/pachia.eu\\\/sv\\\/svart-kluster-lamphaallare-3-silikonfattningar\\\/\"]}]},{\"@type\":\"ImageObject\",\"inLanguage\":\"sv-SE\",\"@id\":\"https:\\\/\\\/pachia.eu\\\/sv\\\/svart-kluster-lamphaallare-3-silikonfattningar\\\/#primaryimage\",\"url\":\"https:\\\/\\\/pachia.eu\\\/wp-content\\\/uploads\\\/2021\\\/09\\\/klyngependel-fatningssaet.png\",\"contentUrl\":\"https:\\\/\\\/pachia.eu\\\/wp-content\\\/uploads\\\/2021\\\/09\\\/klyngependel-fatningssaet.png\",\"width\":2000,\"height\":2000},{\"@type\":\"BreadcrumbList\",\"@id\":\"https:\\\/\\\/pachia.eu\\\/sv\\\/svart-kluster-lamphaallare-3-silikonfattningar\\\/#breadcrumb\",\"itemListElement\":[{\"@type\":\"ListItem\",\"position\":1,\"name\":\"Framsida\",\"item\":\"https:\\\/\\\/pachia.eu\\\/sv\\\/\"},{\"@type\":\"ListItem\",\"position\":2,\"name\":\"Butik\",\"item\":\"https:\\\/\\\/pachia.eu\\\/sv\\\/butik\\\/\"},{\"@type\":\"ListItem\",\"position\":3,\"name\":\"Svart Kluster Lamph\u00e5llare &#8211; 3 Silikonfattningar\"}]},{\"@type\":\"WebSite\",\"@id\":\"https:\\\/\\\/pachia.eu\\\/sv\\\/#website\",\"url\":\"https:\\\/\\\/pachia.eu\\\/sv\\\/\",\"name\":\"Pachia\",\"description\":\"\",\"publisher\":{\"@id\":\"https:\\\/\\\/pachia.eu\\\/sv\\\/#organization\"},\"potentialAction\":[{\"@type\":\"SearchAction\",\"target\":{\"@type\":\"EntryPoint\",\"urlTemplate\":\"https:\\\/\\\/pachia.eu\\\/sv\\\/?s={search_term_string}\"},\"query-input\":{\"@type\":\"PropertyValueSpecification\",\"valueRequired\":true,\"valueName\":\"search_term_string\"}}],\"inLanguage\":\"sv-SE\"},{\"@type\":\"Organization\",\"@id\":\"https:\\\/\\\/pachia.eu\\\/sv\\\/#organization\",\"name\":\"Pachia ApS\",\"url\":\"https:\\\/\\\/pachia.eu\\\/sv\\\/\",\"logo\":{\"@type\":\"ImageObject\",\"inLanguage\":\"sv-SE\",\"@id\":\"https:\\\/\\\/pachia.eu\\\/sv\\\/#\\\/schema\\\/logo\\\/image\\\/\",\"url\":\"https:\\\/\\\/jocaonline.dk\\\/wp-content\\\/uploads\\\/2020\\\/10\\\/decoration-logo-small.png\",\"contentUrl\":\"https:\\\/\\\/jocaonline.dk\\\/wp-content\\\/uploads\\\/2020\\\/10\\\/decoration-logo-small.png\",\"width\":301,\"height\":100,\"caption\":\"Pachia ApS\"},\"image\":{\"@id\":\"https:\\\/\\\/pachia.eu\\\/sv\\\/#\\\/schema\\\/logo\\\/image\\\/\"},\"sameAs\":[\"https:\\\/\\\/www.facebook.com\\\/pachia.shop\",\"https:\\\/\\\/www.instagram.com\\\/pachia.eu\"]}]}<\/script>\n<!-- \/ Yoast SEO plugin. -->","yoast_head_json":{"title":"Svart Kluster Lamph\u00e5llare - 3 Silikonfattningar | Lamph\u00e5llare &amp; sladdar | - Pachia","robots":{"index":"index","follow":"follow","max-snippet":"max-snippet:-1","max-image-preview":"max-image-preview:large","max-video-preview":"max-video-preview:-1"},"canonical":"https:\/\/pachia.eu\/sv\/svart-kluster-lamphaallare-3-silikonfattningar\/","og_locale":"sv_SE","og_type":"article","og_title":"Svart Kluster Lamph\u00e5llare - 3 Silikonfattningar | Lamph\u00e5llare &amp; sladdar | - Pachia","og_description":"G\u00f6r belysningen till en del av din inredning med v\u00e5r eleganta svarta klusterpendel med tre flexibla silikonfattningar. Perfekt f\u00f6r att skapa en personlig och livfull lampklunga som ger karakt\u00e4r \u00e5t vilket rum som helst. Sladdarna kan justeras och h\u00e4ngas i olika h\u00f6jder, vilket skapar ett dynamiskt och lekfullt uttryck. Den svarta finishen och de mjuka [&hellip;]","og_url":"https:\/\/pachia.eu\/sv\/svart-kluster-lamphaallare-3-silikonfattningar\/","og_site_name":"Pachia","article_publisher":"https:\/\/www.facebook.com\/pachia.shop","article_modified_time":"2025-04-14T10:38:42+00:00","og_image":[{"width":2000,"height":2000,"url":"https:\/\/pachia.eu\/wp-content\/uploads\/2021\/09\/klyngependel-fatningssaet.png","type":"image\/png"}],"twitter_card":"summary_large_image","twitter_misc":{"Ber\u00e4knad l\u00e4stid":"1 minut"},"schema":{"@context":"https:\/\/schema.org","@graph":[{"@type":"WebPage","@id":"https:\/\/pachia.eu\/sv\/svart-kluster-lamphaallare-3-silikonfattningar\/","url":"https:\/\/pachia.eu\/sv\/svart-kluster-lamphaallare-3-silikonfattningar\/","name":"Svart Kluster Lamph\u00e5llare - 3 Silikonfattningar | Lamph\u00e5llare &amp; sladdar | - Pachia","isPartOf":{"@id":"https:\/\/pachia.eu\/sv\/#website"},"primaryImageOfPage":{"@id":"https:\/\/pachia.eu\/sv\/svart-kluster-lamphaallare-3-silikonfattningar\/#primaryimage"},"image":{"@id":"https:\/\/pachia.eu\/sv\/svart-kluster-lamphaallare-3-silikonfattningar\/#primaryimage"},"thumbnailUrl":"https:\/\/pachia.eu\/wp-content\/uploads\/2021\/09\/klyngependel-fatningssaet.png","datePublished":"2021-09-03T11:07:39+00:00","dateModified":"2025-04-14T10:38:42+00:00","breadcrumb":{"@id":"https:\/\/pachia.eu\/sv\/svart-kluster-lamphaallare-3-silikonfattningar\/#breadcrumb"},"inLanguage":"sv-SE","potentialAction":[{"@type":"ReadAction","target":["https:\/\/pachia.eu\/sv\/svart-kluster-lamphaallare-3-silikonfattningar\/"]}]},{"@type":"ImageObject","inLanguage":"sv-SE","@id":"https:\/\/pachia.eu\/sv\/svart-kluster-lamphaallare-3-silikonfattningar\/#primaryimage","url":"https:\/\/pachia.eu\/wp-content\/uploads\/2021\/09\/klyngependel-fatningssaet.png","contentUrl":"https:\/\/pachia.eu\/wp-content\/uploads\/2021\/09\/klyngependel-fatningssaet.png","width":2000,"height":2000},{"@type":"BreadcrumbList","@id":"https:\/\/pachia.eu\/sv\/svart-kluster-lamphaallare-3-silikonfattningar\/#breadcrumb","itemListElement":[{"@type":"ListItem","position":1,"name":"Framsida","item":"https:\/\/pachia.eu\/sv\/"},{"@type":"ListItem","position":2,"name":"Butik","item":"https:\/\/pachia.eu\/sv\/butik\/"},{"@type":"ListItem","position":3,"name":"Svart Kluster Lamph\u00e5llare &#8211; 3 Silikonfattningar"}]},{"@type":"WebSite","@id":"https:\/\/pachia.eu\/sv\/#website","url":"https:\/\/pachia.eu\/sv\/","name":"Pachia","description":"","publisher":{"@id":"https:\/\/pachia.eu\/sv\/#organization"},"potentialAction":[{"@type":"SearchAction","target":{"@type":"EntryPoint","urlTemplate":"https:\/\/pachia.eu\/sv\/?s={search_term_string}"},"query-input":{"@type":"PropertyValueSpecification","valueRequired":true,"valueName":"search_term_string"}}],"inLanguage":"sv-SE"},{"@type":"Organization","@id":"https:\/\/pachia.eu\/sv\/#organization","name":"Pachia ApS","url":"https:\/\/pachia.eu\/sv\/","logo":{"@type":"ImageObject","inLanguage":"sv-SE","@id":"https:\/\/pachia.eu\/sv\/#\/schema\/logo\/image\/","url":"https:\/\/jocaonline.dk\/wp-content\/uploads\/2020\/10\/decoration-logo-small.png","contentUrl":"https:\/\/jocaonline.dk\/wp-content\/uploads\/2020\/10\/decoration-logo-small.png","width":301,"height":100,"caption":"Pachia ApS"},"image":{"@id":"https:\/\/pachia.eu\/sv\/#\/schema\/logo\/image\/"},"sameAs":["https:\/\/www.facebook.com\/pachia.shop","https:\/\/www.instagram.com\/pachia.eu"]}]}},"_links":{"self":[{"href":"https:\/\/pachia.eu\/sv\/wp-json\/wp\/v2\/product\/228745","targetHints":{"allow":["GET"]}}],"collection":[{"href":"https:\/\/pachia.eu\/sv\/wp-json\/wp\/v2\/product"}],"about":[{"href":"https:\/\/pachia.eu\/sv\/wp-json\/wp\/v2\/types\/product"}],"version-history":[{"count":0,"href":"https:\/\/pachia.eu\/sv\/wp-json\/wp\/v2\/product\/228745\/revisions"}],"wp:featuredmedia":[{"embeddable":true,"href":"https:\/\/pachia.eu\/sv\/wp-json\/wp\/v2\/media\/214847"}],"wp:attachment":[{"href":"https:\/\/pachia.eu\/sv\/wp-json\/wp\/v2\/media?parent=228745"}],"wp:term":[{"taxonomy":"product_brand","embeddable":true,"href":"https:\/\/pachia.eu\/sv\/wp-json\/wp\/v2\/product_brand?post=228745"},{"taxonomy":"product_cat","embeddable":true,"href":"https:\/\/pachia.eu\/sv\/wp-json\/wp\/v2\/product_cat?post=228745"},{"taxonomy":"product_tag","embeddable":true,"href":"https:\/\/pachia.eu\/sv\/wp-json\/wp\/v2\/product_tag?post=228745"},{"taxonomy":"mersalg-tag","embeddable":true,"href":"https:\/\/pachia.eu\/sv\/wp-json\/wp\/v2\/mersalg-tag?post=228745"}],"curies":[{"name":"wp","href":"https:\/\/api.w.org\/{rel}","templated":true}]}}