{"id":228742,"date":"2021-09-22T15:33:17","date_gmt":"2021-09-22T13:33:17","guid":{"rendered":"https:\/\/pachia.eu\/premium-skaal-bordslampa\/"},"modified":"2025-03-27T11:08:33","modified_gmt":"2025-03-27T10:08:33","slug":"premium-skaal-bordslampa","status":"publish","type":"product","link":"https:\/\/pachia.eu\/sv\/premium-skaal-bordslampa\/","title":{"rendered":"Premium sk\u00e5l bordslampa"},"content":{"rendered":"<p>Den h\u00e4r snygga bordslampan ser bra ut i de flesta rum i hemmet &#8211; fr\u00e5n sovrummet till vardagsrummet. Dess minimalistiska design och antireflexpapper g\u00f6r den l\u00e4mplig fr\u00e5n en bordslampa i vardagsrummet till en nattlampa vid s\u00e4ngen. Ljuset sprider sig i alla riktningar och g\u00f6r att det kan lysa upp hela omgivningen.  <\/p>\n<p><strong>Specifikationer:<\/strong><\/p>\n<ul>\n<li>M\u00e5tt: 28 cm p\u00e5 h\u00f6jden, 31 cm p\u00e5 bredden<\/li>\n<li>E14-sockel \u2013 gl\u00f6dlampa ing\u00e5r ej<\/li>\n<li>Vit tygsladd med str\u00f6mbrytare<\/li>\n<\/ul>\n","protected":false},"excerpt":{"rendered":"<p>Den h\u00e4r snygga bordslampan ser bra ut i de flesta rum i hemmet &#8211; fr\u00e5n sovrummet till vardagsrummet. Dess minimalistiska design och antireflexpapper g\u00f6r den l\u00e4mplig fr\u00e5n en bordslampa i vardagsrummet till en nattlampa vid s\u00e4ngen. Ljuset sprider sig i alla riktningar och g\u00f6r att det kan lysa upp hela omgivningen. Specifikationer: M\u00e5tt: 28 cm [&hellip;]<\/p>\n","protected":false},"featured_media":215063,"template":"","meta":{"_lmt_disableupdate":"","_lmt_disable":""},"product_brand":[],"product_cat":[302,148,150,155,158,147],"product_tag":[],"mersalg-tag":[],"class_list":{"0":"post-228742","1":"product","2":"type-product","3":"status-publish","4":"has-post-thumbnail","6":"product_cat-maessa","7":"product_cat-barnlampor","8":"product_cat-golv-bordslampor","9":"product_cat-papperslampor","10":"product_cat-premium-collection-sv","11":"product_cat-produkter-sv","13":"first","14":"instock","15":"taxable","16":"shipping-taxable","17":"purchasable","18":"product-type-simple"},"yoast_head":"<!-- This site is optimized with the Yoast SEO plugin v27.3 - https:\/\/yoast.com\/product\/yoast-seo-wordpress\/ -->\n<title>Premium sk\u00e5l bordslampa | Golv &amp; bordslampor | - Pachia<\/title>\n<meta name=\"robots\" content=\"index, follow, max-snippet:-1, max-image-preview:large, max-video-preview:-1\" \/>\n<link rel=\"canonical\" href=\"https:\/\/pachia.eu\/sv\/premium-skaal-bordslampa\/\" \/>\n<meta property=\"og:locale\" content=\"sv_SE\" \/>\n<meta property=\"og:type\" content=\"article\" \/>\n<meta property=\"og:title\" content=\"Premium sk\u00e5l bordslampa | Golv &amp; bordslampor | - Pachia\" \/>\n<meta property=\"og:description\" content=\"Den h\u00e4r snygga bordslampan ser bra ut i de flesta rum i hemmet &#8211; fr\u00e5n sovrummet till vardagsrummet. Dess minimalistiska design och antireflexpapper g\u00f6r den l\u00e4mplig fr\u00e5n en bordslampa i vardagsrummet till en nattlampa vid s\u00e4ngen. Ljuset sprider sig i alla riktningar och g\u00f6r att det kan lysa upp hela omgivningen. Specifikationer: M\u00e5tt: 28 cm [&hellip;]\" \/>\n<meta property=\"og:url\" content=\"https:\/\/pachia.eu\/sv\/premium-skaal-bordslampa\/\" \/>\n<meta property=\"og:site_name\" content=\"Pachia\" \/>\n<meta property=\"article:publisher\" content=\"https:\/\/www.facebook.com\/pachia.shop\" \/>\n<meta property=\"article:modified_time\" content=\"2025-03-27T10:08:33+00:00\" \/>\n<meta property=\"og:image\" content=\"https:\/\/pachia.eu\/wp-content\/uploads\/2021\/09\/stor-bordlampe.jpg\" \/>\n\t<meta property=\"og:image:width\" content=\"2000\" \/>\n\t<meta property=\"og:image:height\" content=\"2000\" \/>\n\t<meta property=\"og:image:type\" content=\"image\/jpeg\" \/>\n<meta name=\"twitter:card\" content=\"summary_large_image\" \/>\n<script type=\"application\/ld+json\" class=\"yoast-schema-graph\">{\"@context\":\"https:\\\/\\\/schema.org\",\"@graph\":[{\"@type\":\"WebPage\",\"@id\":\"https:\\\/\\\/pachia.eu\\\/sv\\\/premium-skaal-bordslampa\\\/\",\"url\":\"https:\\\/\\\/pachia.eu\\\/sv\\\/premium-skaal-bordslampa\\\/\",\"name\":\"Premium sk\u00e5l bordslampa | Golv &amp; bordslampor | - Pachia\",\"isPartOf\":{\"@id\":\"https:\\\/\\\/pachia.eu\\\/sv\\\/#website\"},\"primaryImageOfPage\":{\"@id\":\"https:\\\/\\\/pachia.eu\\\/sv\\\/premium-skaal-bordslampa\\\/#primaryimage\"},\"image\":{\"@id\":\"https:\\\/\\\/pachia.eu\\\/sv\\\/premium-skaal-bordslampa\\\/#primaryimage\"},\"thumbnailUrl\":\"https:\\\/\\\/pachia.eu\\\/wp-content\\\/uploads\\\/2021\\\/09\\\/stor-bordlampe.jpg\",\"datePublished\":\"2021-09-22T13:33:17+00:00\",\"dateModified\":\"2025-03-27T10:08:33+00:00\",\"breadcrumb\":{\"@id\":\"https:\\\/\\\/pachia.eu\\\/sv\\\/premium-skaal-bordslampa\\\/#breadcrumb\"},\"inLanguage\":\"sv-SE\",\"potentialAction\":[{\"@type\":\"ReadAction\",\"target\":[\"https:\\\/\\\/pachia.eu\\\/sv\\\/premium-skaal-bordslampa\\\/\"]}]},{\"@type\":\"ImageObject\",\"inLanguage\":\"sv-SE\",\"@id\":\"https:\\\/\\\/pachia.eu\\\/sv\\\/premium-skaal-bordslampa\\\/#primaryimage\",\"url\":\"https:\\\/\\\/pachia.eu\\\/wp-content\\\/uploads\\\/2021\\\/09\\\/stor-bordlampe.jpg\",\"contentUrl\":\"https:\\\/\\\/pachia.eu\\\/wp-content\\\/uploads\\\/2021\\\/09\\\/stor-bordlampe.jpg\",\"width\":2000,\"height\":2000},{\"@type\":\"BreadcrumbList\",\"@id\":\"https:\\\/\\\/pachia.eu\\\/sv\\\/premium-skaal-bordslampa\\\/#breadcrumb\",\"itemListElement\":[{\"@type\":\"ListItem\",\"position\":1,\"name\":\"Framsida\",\"item\":\"https:\\\/\\\/pachia.eu\\\/sv\\\/\"},{\"@type\":\"ListItem\",\"position\":2,\"name\":\"Butik\",\"item\":\"https:\\\/\\\/pachia.eu\\\/sv\\\/butik\\\/\"},{\"@type\":\"ListItem\",\"position\":3,\"name\":\"Premium sk\u00e5l bordslampa\"}]},{\"@type\":\"WebSite\",\"@id\":\"https:\\\/\\\/pachia.eu\\\/sv\\\/#website\",\"url\":\"https:\\\/\\\/pachia.eu\\\/sv\\\/\",\"name\":\"Pachia\",\"description\":\"\",\"publisher\":{\"@id\":\"https:\\\/\\\/pachia.eu\\\/sv\\\/#organization\"},\"potentialAction\":[{\"@type\":\"SearchAction\",\"target\":{\"@type\":\"EntryPoint\",\"urlTemplate\":\"https:\\\/\\\/pachia.eu\\\/sv\\\/?s={search_term_string}\"},\"query-input\":{\"@type\":\"PropertyValueSpecification\",\"valueRequired\":true,\"valueName\":\"search_term_string\"}}],\"inLanguage\":\"sv-SE\"},{\"@type\":\"Organization\",\"@id\":\"https:\\\/\\\/pachia.eu\\\/sv\\\/#organization\",\"name\":\"Pachia ApS\",\"url\":\"https:\\\/\\\/pachia.eu\\\/sv\\\/\",\"logo\":{\"@type\":\"ImageObject\",\"inLanguage\":\"sv-SE\",\"@id\":\"https:\\\/\\\/pachia.eu\\\/sv\\\/#\\\/schema\\\/logo\\\/image\\\/\",\"url\":\"https:\\\/\\\/jocaonline.dk\\\/wp-content\\\/uploads\\\/2020\\\/10\\\/decoration-logo-small.png\",\"contentUrl\":\"https:\\\/\\\/jocaonline.dk\\\/wp-content\\\/uploads\\\/2020\\\/10\\\/decoration-logo-small.png\",\"width\":301,\"height\":100,\"caption\":\"Pachia ApS\"},\"image\":{\"@id\":\"https:\\\/\\\/pachia.eu\\\/sv\\\/#\\\/schema\\\/logo\\\/image\\\/\"},\"sameAs\":[\"https:\\\/\\\/www.facebook.com\\\/pachia.shop\",\"https:\\\/\\\/www.instagram.com\\\/pachia.eu\"]}]}<\/script>\n<!-- \/ Yoast SEO plugin. -->","yoast_head_json":{"title":"Premium sk\u00e5l bordslampa | Golv &amp; bordslampor | - Pachia","robots":{"index":"index","follow":"follow","max-snippet":"max-snippet:-1","max-image-preview":"max-image-preview:large","max-video-preview":"max-video-preview:-1"},"canonical":"https:\/\/pachia.eu\/sv\/premium-skaal-bordslampa\/","og_locale":"sv_SE","og_type":"article","og_title":"Premium sk\u00e5l bordslampa | Golv &amp; bordslampor | - Pachia","og_description":"Den h\u00e4r snygga bordslampan ser bra ut i de flesta rum i hemmet &#8211; fr\u00e5n sovrummet till vardagsrummet. Dess minimalistiska design och antireflexpapper g\u00f6r den l\u00e4mplig fr\u00e5n en bordslampa i vardagsrummet till en nattlampa vid s\u00e4ngen. Ljuset sprider sig i alla riktningar och g\u00f6r att det kan lysa upp hela omgivningen. Specifikationer: M\u00e5tt: 28 cm [&hellip;]","og_url":"https:\/\/pachia.eu\/sv\/premium-skaal-bordslampa\/","og_site_name":"Pachia","article_publisher":"https:\/\/www.facebook.com\/pachia.shop","article_modified_time":"2025-03-27T10:08:33+00:00","og_image":[{"width":2000,"height":2000,"url":"https:\/\/pachia.eu\/wp-content\/uploads\/2021\/09\/stor-bordlampe.jpg","type":"image\/jpeg"}],"twitter_card":"summary_large_image","schema":{"@context":"https:\/\/schema.org","@graph":[{"@type":"WebPage","@id":"https:\/\/pachia.eu\/sv\/premium-skaal-bordslampa\/","url":"https:\/\/pachia.eu\/sv\/premium-skaal-bordslampa\/","name":"Premium sk\u00e5l bordslampa | Golv &amp; bordslampor | - Pachia","isPartOf":{"@id":"https:\/\/pachia.eu\/sv\/#website"},"primaryImageOfPage":{"@id":"https:\/\/pachia.eu\/sv\/premium-skaal-bordslampa\/#primaryimage"},"image":{"@id":"https:\/\/pachia.eu\/sv\/premium-skaal-bordslampa\/#primaryimage"},"thumbnailUrl":"https:\/\/pachia.eu\/wp-content\/uploads\/2021\/09\/stor-bordlampe.jpg","datePublished":"2021-09-22T13:33:17+00:00","dateModified":"2025-03-27T10:08:33+00:00","breadcrumb":{"@id":"https:\/\/pachia.eu\/sv\/premium-skaal-bordslampa\/#breadcrumb"},"inLanguage":"sv-SE","potentialAction":[{"@type":"ReadAction","target":["https:\/\/pachia.eu\/sv\/premium-skaal-bordslampa\/"]}]},{"@type":"ImageObject","inLanguage":"sv-SE","@id":"https:\/\/pachia.eu\/sv\/premium-skaal-bordslampa\/#primaryimage","url":"https:\/\/pachia.eu\/wp-content\/uploads\/2021\/09\/stor-bordlampe.jpg","contentUrl":"https:\/\/pachia.eu\/wp-content\/uploads\/2021\/09\/stor-bordlampe.jpg","width":2000,"height":2000},{"@type":"BreadcrumbList","@id":"https:\/\/pachia.eu\/sv\/premium-skaal-bordslampa\/#breadcrumb","itemListElement":[{"@type":"ListItem","position":1,"name":"Framsida","item":"https:\/\/pachia.eu\/sv\/"},{"@type":"ListItem","position":2,"name":"Butik","item":"https:\/\/pachia.eu\/sv\/butik\/"},{"@type":"ListItem","position":3,"name":"Premium sk\u00e5l bordslampa"}]},{"@type":"WebSite","@id":"https:\/\/pachia.eu\/sv\/#website","url":"https:\/\/pachia.eu\/sv\/","name":"Pachia","description":"","publisher":{"@id":"https:\/\/pachia.eu\/sv\/#organization"},"potentialAction":[{"@type":"SearchAction","target":{"@type":"EntryPoint","urlTemplate":"https:\/\/pachia.eu\/sv\/?s={search_term_string}"},"query-input":{"@type":"PropertyValueSpecification","valueRequired":true,"valueName":"search_term_string"}}],"inLanguage":"sv-SE"},{"@type":"Organization","@id":"https:\/\/pachia.eu\/sv\/#organization","name":"Pachia ApS","url":"https:\/\/pachia.eu\/sv\/","logo":{"@type":"ImageObject","inLanguage":"sv-SE","@id":"https:\/\/pachia.eu\/sv\/#\/schema\/logo\/image\/","url":"https:\/\/jocaonline.dk\/wp-content\/uploads\/2020\/10\/decoration-logo-small.png","contentUrl":"https:\/\/jocaonline.dk\/wp-content\/uploads\/2020\/10\/decoration-logo-small.png","width":301,"height":100,"caption":"Pachia ApS"},"image":{"@id":"https:\/\/pachia.eu\/sv\/#\/schema\/logo\/image\/"},"sameAs":["https:\/\/www.facebook.com\/pachia.shop","https:\/\/www.instagram.com\/pachia.eu"]}]}},"_links":{"self":[{"href":"https:\/\/pachia.eu\/sv\/wp-json\/wp\/v2\/product\/228742","targetHints":{"allow":["GET"]}}],"collection":[{"href":"https:\/\/pachia.eu\/sv\/wp-json\/wp\/v2\/product"}],"about":[{"href":"https:\/\/pachia.eu\/sv\/wp-json\/wp\/v2\/types\/product"}],"version-history":[{"count":0,"href":"https:\/\/pachia.eu\/sv\/wp-json\/wp\/v2\/product\/228742\/revisions"}],"wp:featuredmedia":[{"embeddable":true,"href":"https:\/\/pachia.eu\/sv\/wp-json\/wp\/v2\/media\/215063"}],"wp:attachment":[{"href":"https:\/\/pachia.eu\/sv\/wp-json\/wp\/v2\/media?parent=228742"}],"wp:term":[{"taxonomy":"product_brand","embeddable":true,"href":"https:\/\/pachia.eu\/sv\/wp-json\/wp\/v2\/product_brand?post=228742"},{"taxonomy":"product_cat","embeddable":true,"href":"https:\/\/pachia.eu\/sv\/wp-json\/wp\/v2\/product_cat?post=228742"},{"taxonomy":"product_tag","embeddable":true,"href":"https:\/\/pachia.eu\/sv\/wp-json\/wp\/v2\/product_tag?post=228742"},{"taxonomy":"mersalg-tag","embeddable":true,"href":"https:\/\/pachia.eu\/sv\/wp-json\/wp\/v2\/mersalg-tag?post=228742"}],"curies":[{"name":"wp","href":"https:\/\/api.w.org\/{rel}","templated":true}]}}