{"id":228736,"date":"2021-09-24T12:04:40","date_gmt":"2021-09-24T10:04:40","guid":{"rendered":"https:\/\/pachia.eu\/premium-halvmaane\/"},"modified":"2025-05-12T17:45:09","modified_gmt":"2025-05-12T15:45:09","slug":"premium-halvmaane","status":"publish","type":"product","link":"https:\/\/pachia.eu\/sv\/premium-halvmaane\/","title":{"rendered":"Premium half moon"},"content":{"rendered":"<p>Lampan \u00e4r en del av v\u00e5r Premium Collection som \u00e4r handgjorda papperslampor av h\u00f6g kvalitet, med t\u00e4t tr\u00e5d. Det inneb\u00e4r att lampan kommer att f\u00e5 en mer stram design, vilket passar bra in i den skandinaviska stilen. <\/p>\n<p><strong>Specifikationer:<\/strong><\/p>\n<ul>\n<li>Diameter: 50 cm<\/li>\n<li>H\u00f6jd: 24 cm<\/li>\n<li>Kan anv\u00e4ndas med alla v\u00e5ra lamph\u00e5llare<\/li>\n<li>Lamph\u00e5llare och gl\u00f6dlampa ing\u00e5r ej<\/li>\n<\/ul>\n","protected":false},"excerpt":{"rendered":"<p>Lampan \u00e4r en del av v\u00e5r Premium Collection som \u00e4r handgjorda papperslampor av h\u00f6g kvalitet, med t\u00e4t tr\u00e5d. Det inneb\u00e4r att lampan kommer att f\u00e5 en mer stram design, vilket passar bra in i den skandinaviska stilen. Specifikationer: Diameter: 50 cm H\u00f6jd: 24 cm Kan anv\u00e4ndas med alla v\u00e5ra lamph\u00e5llare Lamph\u00e5llare och gl\u00f6dlampa ing\u00e5r ej<\/p>\n","protected":false},"featured_media":227157,"template":"","meta":{"_lmt_disableupdate":"","_lmt_disable":""},"product_brand":[],"product_cat":[302,155,157,158,147],"product_tag":[],"mersalg-tag":[],"class_list":{"0":"post-228736","1":"product","2":"type-product","3":"status-publish","4":"has-post-thumbnail","6":"product_cat-maessa","7":"product_cat-papperslampor","8":"product_cat-pendlar-taklampor","9":"product_cat-premium-collection-sv","10":"product_cat-produkter-sv","12":"first","13":"instock","14":"sale","15":"taxable","16":"shipping-taxable","17":"purchasable","18":"product-type-simple"},"yoast_head":"<!-- This site is optimized with the Yoast SEO plugin v27.3 - https:\/\/yoast.com\/product\/yoast-seo-wordpress\/ -->\n<title>Premium half moon | Pendlar &amp; taklampor | - Pachia<\/title>\n<meta name=\"robots\" content=\"index, follow, max-snippet:-1, max-image-preview:large, max-video-preview:-1\" \/>\n<link rel=\"canonical\" href=\"https:\/\/pachia.eu\/sv\/premium-halvmaane\/\" \/>\n<meta property=\"og:locale\" content=\"sv_SE\" \/>\n<meta property=\"og:type\" content=\"article\" \/>\n<meta property=\"og:title\" content=\"Premium half moon | Pendlar &amp; taklampor | - Pachia\" \/>\n<meta property=\"og:description\" content=\"Lampan \u00e4r en del av v\u00e5r Premium Collection som \u00e4r handgjorda papperslampor av h\u00f6g kvalitet, med t\u00e4t tr\u00e5d. Det inneb\u00e4r att lampan kommer att f\u00e5 en mer stram design, vilket passar bra in i den skandinaviska stilen. Specifikationer: Diameter: 50 cm H\u00f6jd: 24 cm Kan anv\u00e4ndas med alla v\u00e5ra lamph\u00e5llare Lamph\u00e5llare och gl\u00f6dlampa ing\u00e5r ej\" \/>\n<meta property=\"og:url\" content=\"https:\/\/pachia.eu\/sv\/premium-halvmaane\/\" \/>\n<meta property=\"og:site_name\" content=\"Pachia\" \/>\n<meta property=\"article:publisher\" content=\"https:\/\/www.facebook.com\/pachia.shop\" \/>\n<meta property=\"article:modified_time\" content=\"2025-05-12T15:45:09+00:00\" \/>\n<meta property=\"og:image\" content=\"https:\/\/pachia.eu\/wp-content\/uploads\/2021\/09\/halftmoon-1024x1024.png\" \/>\n\t<meta property=\"og:image:width\" content=\"1024\" \/>\n\t<meta property=\"og:image:height\" content=\"1024\" \/>\n\t<meta property=\"og:image:type\" content=\"image\/png\" \/>\n<meta name=\"twitter:card\" content=\"summary_large_image\" \/>\n<script type=\"application\/ld+json\" class=\"yoast-schema-graph\">{\"@context\":\"https:\\\/\\\/schema.org\",\"@graph\":[{\"@type\":\"WebPage\",\"@id\":\"https:\\\/\\\/pachia.eu\\\/sv\\\/premium-halvmaane\\\/\",\"url\":\"https:\\\/\\\/pachia.eu\\\/sv\\\/premium-halvmaane\\\/\",\"name\":\"Premium half moon | Pendlar &amp; taklampor | - Pachia\",\"isPartOf\":{\"@id\":\"https:\\\/\\\/pachia.eu\\\/sv\\\/#website\"},\"primaryImageOfPage\":{\"@id\":\"https:\\\/\\\/pachia.eu\\\/sv\\\/premium-halvmaane\\\/#primaryimage\"},\"image\":{\"@id\":\"https:\\\/\\\/pachia.eu\\\/sv\\\/premium-halvmaane\\\/#primaryimage\"},\"thumbnailUrl\":\"https:\\\/\\\/pachia.eu\\\/wp-content\\\/uploads\\\/2021\\\/09\\\/halftmoon.png\",\"datePublished\":\"2021-09-24T10:04:40+00:00\",\"dateModified\":\"2025-05-12T15:45:09+00:00\",\"breadcrumb\":{\"@id\":\"https:\\\/\\\/pachia.eu\\\/sv\\\/premium-halvmaane\\\/#breadcrumb\"},\"inLanguage\":\"sv-SE\",\"potentialAction\":[{\"@type\":\"ReadAction\",\"target\":[\"https:\\\/\\\/pachia.eu\\\/sv\\\/premium-halvmaane\\\/\"]}]},{\"@type\":\"ImageObject\",\"inLanguage\":\"sv-SE\",\"@id\":\"https:\\\/\\\/pachia.eu\\\/sv\\\/premium-halvmaane\\\/#primaryimage\",\"url\":\"https:\\\/\\\/pachia.eu\\\/wp-content\\\/uploads\\\/2021\\\/09\\\/halftmoon.png\",\"contentUrl\":\"https:\\\/\\\/pachia.eu\\\/wp-content\\\/uploads\\\/2021\\\/09\\\/halftmoon.png\",\"width\":2000,\"height\":2000},{\"@type\":\"BreadcrumbList\",\"@id\":\"https:\\\/\\\/pachia.eu\\\/sv\\\/premium-halvmaane\\\/#breadcrumb\",\"itemListElement\":[{\"@type\":\"ListItem\",\"position\":1,\"name\":\"Framsida\",\"item\":\"https:\\\/\\\/pachia.eu\\\/sv\\\/\"},{\"@type\":\"ListItem\",\"position\":2,\"name\":\"Butik\",\"item\":\"https:\\\/\\\/pachia.eu\\\/sv\\\/butik\\\/\"},{\"@type\":\"ListItem\",\"position\":3,\"name\":\"Premium half moon\"}]},{\"@type\":\"WebSite\",\"@id\":\"https:\\\/\\\/pachia.eu\\\/sv\\\/#website\",\"url\":\"https:\\\/\\\/pachia.eu\\\/sv\\\/\",\"name\":\"Pachia\",\"description\":\"\",\"publisher\":{\"@id\":\"https:\\\/\\\/pachia.eu\\\/sv\\\/#organization\"},\"potentialAction\":[{\"@type\":\"SearchAction\",\"target\":{\"@type\":\"EntryPoint\",\"urlTemplate\":\"https:\\\/\\\/pachia.eu\\\/sv\\\/?s={search_term_string}\"},\"query-input\":{\"@type\":\"PropertyValueSpecification\",\"valueRequired\":true,\"valueName\":\"search_term_string\"}}],\"inLanguage\":\"sv-SE\"},{\"@type\":\"Organization\",\"@id\":\"https:\\\/\\\/pachia.eu\\\/sv\\\/#organization\",\"name\":\"Pachia ApS\",\"url\":\"https:\\\/\\\/pachia.eu\\\/sv\\\/\",\"logo\":{\"@type\":\"ImageObject\",\"inLanguage\":\"sv-SE\",\"@id\":\"https:\\\/\\\/pachia.eu\\\/sv\\\/#\\\/schema\\\/logo\\\/image\\\/\",\"url\":\"https:\\\/\\\/jocaonline.dk\\\/wp-content\\\/uploads\\\/2020\\\/10\\\/decoration-logo-small.png\",\"contentUrl\":\"https:\\\/\\\/jocaonline.dk\\\/wp-content\\\/uploads\\\/2020\\\/10\\\/decoration-logo-small.png\",\"width\":301,\"height\":100,\"caption\":\"Pachia ApS\"},\"image\":{\"@id\":\"https:\\\/\\\/pachia.eu\\\/sv\\\/#\\\/schema\\\/logo\\\/image\\\/\"},\"sameAs\":[\"https:\\\/\\\/www.facebook.com\\\/pachia.shop\",\"https:\\\/\\\/www.instagram.com\\\/pachia.eu\"]}]}<\/script>\n<!-- \/ Yoast SEO plugin. -->","yoast_head_json":{"title":"Premium half moon | Pendlar &amp; taklampor | - Pachia","robots":{"index":"index","follow":"follow","max-snippet":"max-snippet:-1","max-image-preview":"max-image-preview:large","max-video-preview":"max-video-preview:-1"},"canonical":"https:\/\/pachia.eu\/sv\/premium-halvmaane\/","og_locale":"sv_SE","og_type":"article","og_title":"Premium half moon | Pendlar &amp; taklampor | - Pachia","og_description":"Lampan \u00e4r en del av v\u00e5r Premium Collection som \u00e4r handgjorda papperslampor av h\u00f6g kvalitet, med t\u00e4t tr\u00e5d. Det inneb\u00e4r att lampan kommer att f\u00e5 en mer stram design, vilket passar bra in i den skandinaviska stilen. Specifikationer: Diameter: 50 cm H\u00f6jd: 24 cm Kan anv\u00e4ndas med alla v\u00e5ra lamph\u00e5llare Lamph\u00e5llare och gl\u00f6dlampa ing\u00e5r ej","og_url":"https:\/\/pachia.eu\/sv\/premium-halvmaane\/","og_site_name":"Pachia","article_publisher":"https:\/\/www.facebook.com\/pachia.shop","article_modified_time":"2025-05-12T15:45:09+00:00","og_image":[{"width":1024,"height":1024,"url":"https:\/\/pachia.eu\/wp-content\/uploads\/2021\/09\/halftmoon-1024x1024.png","type":"image\/png"}],"twitter_card":"summary_large_image","schema":{"@context":"https:\/\/schema.org","@graph":[{"@type":"WebPage","@id":"https:\/\/pachia.eu\/sv\/premium-halvmaane\/","url":"https:\/\/pachia.eu\/sv\/premium-halvmaane\/","name":"Premium half moon | Pendlar &amp; taklampor | - Pachia","isPartOf":{"@id":"https:\/\/pachia.eu\/sv\/#website"},"primaryImageOfPage":{"@id":"https:\/\/pachia.eu\/sv\/premium-halvmaane\/#primaryimage"},"image":{"@id":"https:\/\/pachia.eu\/sv\/premium-halvmaane\/#primaryimage"},"thumbnailUrl":"https:\/\/pachia.eu\/wp-content\/uploads\/2021\/09\/halftmoon.png","datePublished":"2021-09-24T10:04:40+00:00","dateModified":"2025-05-12T15:45:09+00:00","breadcrumb":{"@id":"https:\/\/pachia.eu\/sv\/premium-halvmaane\/#breadcrumb"},"inLanguage":"sv-SE","potentialAction":[{"@type":"ReadAction","target":["https:\/\/pachia.eu\/sv\/premium-halvmaane\/"]}]},{"@type":"ImageObject","inLanguage":"sv-SE","@id":"https:\/\/pachia.eu\/sv\/premium-halvmaane\/#primaryimage","url":"https:\/\/pachia.eu\/wp-content\/uploads\/2021\/09\/halftmoon.png","contentUrl":"https:\/\/pachia.eu\/wp-content\/uploads\/2021\/09\/halftmoon.png","width":2000,"height":2000},{"@type":"BreadcrumbList","@id":"https:\/\/pachia.eu\/sv\/premium-halvmaane\/#breadcrumb","itemListElement":[{"@type":"ListItem","position":1,"name":"Framsida","item":"https:\/\/pachia.eu\/sv\/"},{"@type":"ListItem","position":2,"name":"Butik","item":"https:\/\/pachia.eu\/sv\/butik\/"},{"@type":"ListItem","position":3,"name":"Premium half moon"}]},{"@type":"WebSite","@id":"https:\/\/pachia.eu\/sv\/#website","url":"https:\/\/pachia.eu\/sv\/","name":"Pachia","description":"","publisher":{"@id":"https:\/\/pachia.eu\/sv\/#organization"},"potentialAction":[{"@type":"SearchAction","target":{"@type":"EntryPoint","urlTemplate":"https:\/\/pachia.eu\/sv\/?s={search_term_string}"},"query-input":{"@type":"PropertyValueSpecification","valueRequired":true,"valueName":"search_term_string"}}],"inLanguage":"sv-SE"},{"@type":"Organization","@id":"https:\/\/pachia.eu\/sv\/#organization","name":"Pachia ApS","url":"https:\/\/pachia.eu\/sv\/","logo":{"@type":"ImageObject","inLanguage":"sv-SE","@id":"https:\/\/pachia.eu\/sv\/#\/schema\/logo\/image\/","url":"https:\/\/jocaonline.dk\/wp-content\/uploads\/2020\/10\/decoration-logo-small.png","contentUrl":"https:\/\/jocaonline.dk\/wp-content\/uploads\/2020\/10\/decoration-logo-small.png","width":301,"height":100,"caption":"Pachia ApS"},"image":{"@id":"https:\/\/pachia.eu\/sv\/#\/schema\/logo\/image\/"},"sameAs":["https:\/\/www.facebook.com\/pachia.shop","https:\/\/www.instagram.com\/pachia.eu"]}]}},"_links":{"self":[{"href":"https:\/\/pachia.eu\/sv\/wp-json\/wp\/v2\/product\/228736","targetHints":{"allow":["GET"]}}],"collection":[{"href":"https:\/\/pachia.eu\/sv\/wp-json\/wp\/v2\/product"}],"about":[{"href":"https:\/\/pachia.eu\/sv\/wp-json\/wp\/v2\/types\/product"}],"version-history":[{"count":0,"href":"https:\/\/pachia.eu\/sv\/wp-json\/wp\/v2\/product\/228736\/revisions"}],"wp:featuredmedia":[{"embeddable":true,"href":"https:\/\/pachia.eu\/sv\/wp-json\/wp\/v2\/media\/227157"}],"wp:attachment":[{"href":"https:\/\/pachia.eu\/sv\/wp-json\/wp\/v2\/media?parent=228736"}],"wp:term":[{"taxonomy":"product_brand","embeddable":true,"href":"https:\/\/pachia.eu\/sv\/wp-json\/wp\/v2\/product_brand?post=228736"},{"taxonomy":"product_cat","embeddable":true,"href":"https:\/\/pachia.eu\/sv\/wp-json\/wp\/v2\/product_cat?post=228736"},{"taxonomy":"product_tag","embeddable":true,"href":"https:\/\/pachia.eu\/sv\/wp-json\/wp\/v2\/product_tag?post=228736"},{"taxonomy":"mersalg-tag","embeddable":true,"href":"https:\/\/pachia.eu\/sv\/wp-json\/wp\/v2\/mersalg-tag?post=228736"}],"curies":[{"name":"wp","href":"https:\/\/api.w.org\/{rel}","templated":true}]}}