{"id":226700,"date":"2024-09-23T16:34:39","date_gmt":"2024-09-23T14:34:39","guid":{"rendered":"https:\/\/pachia.eu\/premium-tento-60x60-cm\/"},"modified":"2024-11-04T12:41:20","modified_gmt":"2024-11-04T11:41:20","slug":"premium-tento-60x60-cm","status":"publish","type":"product","link":"https:\/\/pachia.eu\/sv\/premium-tento-60x60-cm\/","title":{"rendered":"Premium Tento 60&#215;60 cm"},"content":{"rendered":"<h3>Beskrivning<\/h3>\n<p>Tento kollektionen er blandning av premium papperslampor i olika faconer och storlekar med samma mjuka avrundningar. De kan kombineras i olika storlekar om man vill ha ett mix av designs \u00f6ver till exempel middagsbordet.<\/p>\n<p><strong>Specifikationer:<\/strong><\/p>\n<ul>\n<li>M\u00e5t: 60 cm i diameter, 59 cm i h\u00f6jden<\/li>\n<li>Tillverkad av rispapper och metall<\/li>\n<li>Kan anv\u00e4ndas tillsammans med alla v\u00e5ra upph\u00e4ng\/lamph\u00e5llare<\/li>\n<li>Lamph\u00e5llare och LED lampa medf\u00f6ljer ej<\/li>\n<\/ul>\n","protected":false},"excerpt":{"rendered":"<p>Beskrivning Tento kollektionen er blandning av premium papperslampor i olika faconer och storlekar med samma mjuka avrundningar. De kan kombineras i olika storlekar om man vill ha ett mix av designs \u00f6ver till exempel middagsbordet. Specifikationer: M\u00e5t: 60 cm i diameter, 59 cm i h\u00f6jden Tillverkad av rispapper och metall Kan anv\u00e4ndas tillsammans med alla [&hellip;]<\/p>\n","protected":false},"featured_media":226105,"template":"","meta":{"_lmt_disableupdate":"","_lmt_disable":""},"product_brand":[],"product_cat":[302,155,157,158,147,162],"product_tag":[272],"mersalg-tag":[],"class_list":{"0":"post-226700","1":"product","2":"type-product","3":"status-publish","4":"has-post-thumbnail","6":"product_cat-maessa","7":"product_cat-papperslampor","8":"product_cat-pendlar-taklampor","9":"product_cat-premium-collection-sv","10":"product_cat-produkter-sv","11":"product_cat-till-sovrummet","12":"product_tag-presale-sv","14":"first","15":"instock","16":"taxable","17":"shipping-taxable","18":"purchasable","19":"product-type-simple"},"yoast_head":"<!-- This site is optimized with the Yoast SEO plugin v27.3 - https:\/\/yoast.com\/product\/yoast-seo-wordpress\/ -->\n<title>Premium Tento 60x60 cm | Pendlar &amp; taklampor | - Pachia<\/title>\n<meta name=\"robots\" content=\"index, follow, max-snippet:-1, max-image-preview:large, max-video-preview:-1\" \/>\n<link rel=\"canonical\" href=\"https:\/\/pachia.eu\/sv\/premium-tento-60x60-cm\/\" \/>\n<meta property=\"og:locale\" content=\"sv_SE\" \/>\n<meta property=\"og:type\" content=\"article\" \/>\n<meta property=\"og:title\" content=\"Premium Tento 60x60 cm | Pendlar &amp; taklampor | - Pachia\" \/>\n<meta property=\"og:description\" content=\"Beskrivning Tento kollektionen er blandning av premium papperslampor i olika faconer och storlekar med samma mjuka avrundningar. De kan kombineras i olika storlekar om man vill ha ett mix av designs \u00f6ver till exempel middagsbordet. Specifikationer: M\u00e5t: 60 cm i diameter, 59 cm i h\u00f6jden Tillverkad av rispapper och metall Kan anv\u00e4ndas tillsammans med alla [&hellip;]\" \/>\n<meta property=\"og:url\" content=\"https:\/\/pachia.eu\/sv\/premium-tento-60x60-cm\/\" \/>\n<meta property=\"og:site_name\" content=\"Pachia\" \/>\n<meta property=\"article:publisher\" content=\"https:\/\/www.facebook.com\/pachia.shop\" \/>\n<meta property=\"article:modified_time\" content=\"2024-11-04T11:41:20+00:00\" \/>\n<meta property=\"og:image\" content=\"https:\/\/pachia.eu\/wp-content\/uploads\/2024\/09\/tento-60x60-1-1024x1024.png\" \/>\n\t<meta property=\"og:image:width\" content=\"1024\" \/>\n\t<meta property=\"og:image:height\" content=\"1024\" \/>\n\t<meta property=\"og:image:type\" content=\"image\/png\" \/>\n<meta name=\"twitter:card\" content=\"summary_large_image\" \/>\n<script type=\"application\/ld+json\" class=\"yoast-schema-graph\">{\"@context\":\"https:\\\/\\\/schema.org\",\"@graph\":[{\"@type\":\"WebPage\",\"@id\":\"https:\\\/\\\/pachia.eu\\\/sv\\\/premium-tento-60x60-cm\\\/\",\"url\":\"https:\\\/\\\/pachia.eu\\\/sv\\\/premium-tento-60x60-cm\\\/\",\"name\":\"Premium Tento 60x60 cm | Pendlar &amp; taklampor | - Pachia\",\"isPartOf\":{\"@id\":\"https:\\\/\\\/pachia.eu\\\/sv\\\/#website\"},\"primaryImageOfPage\":{\"@id\":\"https:\\\/\\\/pachia.eu\\\/sv\\\/premium-tento-60x60-cm\\\/#primaryimage\"},\"image\":{\"@id\":\"https:\\\/\\\/pachia.eu\\\/sv\\\/premium-tento-60x60-cm\\\/#primaryimage\"},\"thumbnailUrl\":\"https:\\\/\\\/pachia.eu\\\/wp-content\\\/uploads\\\/2024\\\/09\\\/tento-60x60-1.png\",\"datePublished\":\"2024-09-23T14:34:39+00:00\",\"dateModified\":\"2024-11-04T11:41:20+00:00\",\"breadcrumb\":{\"@id\":\"https:\\\/\\\/pachia.eu\\\/sv\\\/premium-tento-60x60-cm\\\/#breadcrumb\"},\"inLanguage\":\"sv-SE\",\"potentialAction\":[{\"@type\":\"ReadAction\",\"target\":[\"https:\\\/\\\/pachia.eu\\\/sv\\\/premium-tento-60x60-cm\\\/\"]}]},{\"@type\":\"ImageObject\",\"inLanguage\":\"sv-SE\",\"@id\":\"https:\\\/\\\/pachia.eu\\\/sv\\\/premium-tento-60x60-cm\\\/#primaryimage\",\"url\":\"https:\\\/\\\/pachia.eu\\\/wp-content\\\/uploads\\\/2024\\\/09\\\/tento-60x60-1.png\",\"contentUrl\":\"https:\\\/\\\/pachia.eu\\\/wp-content\\\/uploads\\\/2024\\\/09\\\/tento-60x60-1.png\",\"width\":2500,\"height\":2500},{\"@type\":\"BreadcrumbList\",\"@id\":\"https:\\\/\\\/pachia.eu\\\/sv\\\/premium-tento-60x60-cm\\\/#breadcrumb\",\"itemListElement\":[{\"@type\":\"ListItem\",\"position\":1,\"name\":\"Framsida\",\"item\":\"https:\\\/\\\/pachia.eu\\\/sv\\\/\"},{\"@type\":\"ListItem\",\"position\":2,\"name\":\"Butik\",\"item\":\"https:\\\/\\\/pachia.eu\\\/sv\\\/butik\\\/\"},{\"@type\":\"ListItem\",\"position\":3,\"name\":\"Premium Tento 60&#215;60 cm\"}]},{\"@type\":\"WebSite\",\"@id\":\"https:\\\/\\\/pachia.eu\\\/sv\\\/#website\",\"url\":\"https:\\\/\\\/pachia.eu\\\/sv\\\/\",\"name\":\"Pachia\",\"description\":\"\",\"publisher\":{\"@id\":\"https:\\\/\\\/pachia.eu\\\/sv\\\/#organization\"},\"potentialAction\":[{\"@type\":\"SearchAction\",\"target\":{\"@type\":\"EntryPoint\",\"urlTemplate\":\"https:\\\/\\\/pachia.eu\\\/sv\\\/?s={search_term_string}\"},\"query-input\":{\"@type\":\"PropertyValueSpecification\",\"valueRequired\":true,\"valueName\":\"search_term_string\"}}],\"inLanguage\":\"sv-SE\"},{\"@type\":\"Organization\",\"@id\":\"https:\\\/\\\/pachia.eu\\\/sv\\\/#organization\",\"name\":\"Pachia ApS\",\"url\":\"https:\\\/\\\/pachia.eu\\\/sv\\\/\",\"logo\":{\"@type\":\"ImageObject\",\"inLanguage\":\"sv-SE\",\"@id\":\"https:\\\/\\\/pachia.eu\\\/sv\\\/#\\\/schema\\\/logo\\\/image\\\/\",\"url\":\"https:\\\/\\\/jocaonline.dk\\\/wp-content\\\/uploads\\\/2020\\\/10\\\/decoration-logo-small.png\",\"contentUrl\":\"https:\\\/\\\/jocaonline.dk\\\/wp-content\\\/uploads\\\/2020\\\/10\\\/decoration-logo-small.png\",\"width\":301,\"height\":100,\"caption\":\"Pachia ApS\"},\"image\":{\"@id\":\"https:\\\/\\\/pachia.eu\\\/sv\\\/#\\\/schema\\\/logo\\\/image\\\/\"},\"sameAs\":[\"https:\\\/\\\/www.facebook.com\\\/pachia.shop\",\"https:\\\/\\\/www.instagram.com\\\/pachia.eu\"]}]}<\/script>\n<!-- \/ Yoast SEO plugin. -->","yoast_head_json":{"title":"Premium Tento 60x60 cm | Pendlar &amp; taklampor | - Pachia","robots":{"index":"index","follow":"follow","max-snippet":"max-snippet:-1","max-image-preview":"max-image-preview:large","max-video-preview":"max-video-preview:-1"},"canonical":"https:\/\/pachia.eu\/sv\/premium-tento-60x60-cm\/","og_locale":"sv_SE","og_type":"article","og_title":"Premium Tento 60x60 cm | Pendlar &amp; taklampor | - Pachia","og_description":"Beskrivning Tento kollektionen er blandning av premium papperslampor i olika faconer och storlekar med samma mjuka avrundningar. De kan kombineras i olika storlekar om man vill ha ett mix av designs \u00f6ver till exempel middagsbordet. Specifikationer: M\u00e5t: 60 cm i diameter, 59 cm i h\u00f6jden Tillverkad av rispapper och metall Kan anv\u00e4ndas tillsammans med alla [&hellip;]","og_url":"https:\/\/pachia.eu\/sv\/premium-tento-60x60-cm\/","og_site_name":"Pachia","article_publisher":"https:\/\/www.facebook.com\/pachia.shop","article_modified_time":"2024-11-04T11:41:20+00:00","og_image":[{"width":1024,"height":1024,"url":"https:\/\/pachia.eu\/wp-content\/uploads\/2024\/09\/tento-60x60-1-1024x1024.png","type":"image\/png"}],"twitter_card":"summary_large_image","schema":{"@context":"https:\/\/schema.org","@graph":[{"@type":"WebPage","@id":"https:\/\/pachia.eu\/sv\/premium-tento-60x60-cm\/","url":"https:\/\/pachia.eu\/sv\/premium-tento-60x60-cm\/","name":"Premium Tento 60x60 cm | Pendlar &amp; taklampor | - Pachia","isPartOf":{"@id":"https:\/\/pachia.eu\/sv\/#website"},"primaryImageOfPage":{"@id":"https:\/\/pachia.eu\/sv\/premium-tento-60x60-cm\/#primaryimage"},"image":{"@id":"https:\/\/pachia.eu\/sv\/premium-tento-60x60-cm\/#primaryimage"},"thumbnailUrl":"https:\/\/pachia.eu\/wp-content\/uploads\/2024\/09\/tento-60x60-1.png","datePublished":"2024-09-23T14:34:39+00:00","dateModified":"2024-11-04T11:41:20+00:00","breadcrumb":{"@id":"https:\/\/pachia.eu\/sv\/premium-tento-60x60-cm\/#breadcrumb"},"inLanguage":"sv-SE","potentialAction":[{"@type":"ReadAction","target":["https:\/\/pachia.eu\/sv\/premium-tento-60x60-cm\/"]}]},{"@type":"ImageObject","inLanguage":"sv-SE","@id":"https:\/\/pachia.eu\/sv\/premium-tento-60x60-cm\/#primaryimage","url":"https:\/\/pachia.eu\/wp-content\/uploads\/2024\/09\/tento-60x60-1.png","contentUrl":"https:\/\/pachia.eu\/wp-content\/uploads\/2024\/09\/tento-60x60-1.png","width":2500,"height":2500},{"@type":"BreadcrumbList","@id":"https:\/\/pachia.eu\/sv\/premium-tento-60x60-cm\/#breadcrumb","itemListElement":[{"@type":"ListItem","position":1,"name":"Framsida","item":"https:\/\/pachia.eu\/sv\/"},{"@type":"ListItem","position":2,"name":"Butik","item":"https:\/\/pachia.eu\/sv\/butik\/"},{"@type":"ListItem","position":3,"name":"Premium Tento 60&#215;60 cm"}]},{"@type":"WebSite","@id":"https:\/\/pachia.eu\/sv\/#website","url":"https:\/\/pachia.eu\/sv\/","name":"Pachia","description":"","publisher":{"@id":"https:\/\/pachia.eu\/sv\/#organization"},"potentialAction":[{"@type":"SearchAction","target":{"@type":"EntryPoint","urlTemplate":"https:\/\/pachia.eu\/sv\/?s={search_term_string}"},"query-input":{"@type":"PropertyValueSpecification","valueRequired":true,"valueName":"search_term_string"}}],"inLanguage":"sv-SE"},{"@type":"Organization","@id":"https:\/\/pachia.eu\/sv\/#organization","name":"Pachia ApS","url":"https:\/\/pachia.eu\/sv\/","logo":{"@type":"ImageObject","inLanguage":"sv-SE","@id":"https:\/\/pachia.eu\/sv\/#\/schema\/logo\/image\/","url":"https:\/\/jocaonline.dk\/wp-content\/uploads\/2020\/10\/decoration-logo-small.png","contentUrl":"https:\/\/jocaonline.dk\/wp-content\/uploads\/2020\/10\/decoration-logo-small.png","width":301,"height":100,"caption":"Pachia ApS"},"image":{"@id":"https:\/\/pachia.eu\/sv\/#\/schema\/logo\/image\/"},"sameAs":["https:\/\/www.facebook.com\/pachia.shop","https:\/\/www.instagram.com\/pachia.eu"]}]}},"_links":{"self":[{"href":"https:\/\/pachia.eu\/sv\/wp-json\/wp\/v2\/product\/226700","targetHints":{"allow":["GET"]}}],"collection":[{"href":"https:\/\/pachia.eu\/sv\/wp-json\/wp\/v2\/product"}],"about":[{"href":"https:\/\/pachia.eu\/sv\/wp-json\/wp\/v2\/types\/product"}],"version-history":[{"count":0,"href":"https:\/\/pachia.eu\/sv\/wp-json\/wp\/v2\/product\/226700\/revisions"}],"wp:featuredmedia":[{"embeddable":true,"href":"https:\/\/pachia.eu\/sv\/wp-json\/wp\/v2\/media\/226105"}],"wp:attachment":[{"href":"https:\/\/pachia.eu\/sv\/wp-json\/wp\/v2\/media?parent=226700"}],"wp:term":[{"taxonomy":"product_brand","embeddable":true,"href":"https:\/\/pachia.eu\/sv\/wp-json\/wp\/v2\/product_brand?post=226700"},{"taxonomy":"product_cat","embeddable":true,"href":"https:\/\/pachia.eu\/sv\/wp-json\/wp\/v2\/product_cat?post=226700"},{"taxonomy":"product_tag","embeddable":true,"href":"https:\/\/pachia.eu\/sv\/wp-json\/wp\/v2\/product_tag?post=226700"},{"taxonomy":"mersalg-tag","embeddable":true,"href":"https:\/\/pachia.eu\/sv\/wp-json\/wp\/v2\/mersalg-tag?post=226700"}],"curies":[{"name":"wp","href":"https:\/\/api.w.org\/{rel}","templated":true}]}}