{"id":225524,"date":"2024-07-15T14:08:11","date_gmt":"2024-07-15T12:08:11","guid":{"rendered":"https:\/\/pachia.eu\/svart-lamphaallarset-med-kontakt-och-stroembrytare\/"},"modified":"2025-09-08T12:44:59","modified_gmt":"2025-09-08T10:44:59","slug":"svart-lamphaallarset-med-kontakt-och-stroembrytare","status":"publish","type":"product","link":"https:\/\/pachia.eu\/sv\/svart-lamphaallarset-med-kontakt-och-stroembrytare\/","title":{"rendered":"Svart sockelsats med uttag och str\u00f6mbrytare"},"content":{"rendered":"<p>Svart uttagssats f\u00f6r uttag med str\u00f6mbrytare. S\u00e4rskilt l\u00e4mplig f\u00f6r golv- och bordslampor, d\u00e4r str\u00f6mbrytaren bland annat kan anv\u00e4ndas som fotkontroll. <\/p>\n<p><strong>Specifikationer:<\/strong><\/p>\n<ul>\n<li>Svart plastsn\u00f6re 180 cm l\u00e5ng<\/li>\n<li>Str\u00f6mbrytare i mitten av sladden<\/li>\n<li>L\u00e4mplig f\u00f6r E27-lampor<\/li>\n<\/ul>\n","protected":false},"excerpt":{"rendered":"<p>Svart uttagssats f\u00f6r uttag med str\u00f6mbrytare. S\u00e4rskilt l\u00e4mplig f\u00f6r golv- och bordslampor, d\u00e4r str\u00f6mbrytaren bland annat kan anv\u00e4ndas som fotkontroll. Specifikationer: Svart plastsn\u00f6re 180 cm l\u00e5ng Str\u00f6mbrytare i mitten av sladden L\u00e4mplig f\u00f6r E27-lampor<\/p>\n","protected":false},"featured_media":225522,"template":"","meta":{"_lmt_disableupdate":"","_lmt_disable":""},"product_brand":[],"product_cat":[146,147,161],"product_tag":[],"mersalg-tag":[],"class_list":{"0":"post-225524","1":"product","2":"type-product","3":"status-publish","4":"has-post-thumbnail","6":"product_cat-lamphallare-sladdar","7":"product_cat-produkter-sv","8":"product_cat-tillbehoer","10":"first","11":"instock","12":"taxable","13":"shipping-taxable","14":"purchasable","15":"product-type-simple"},"yoast_head":"<!-- This site is optimized with the Yoast SEO plugin v27.3 - https:\/\/yoast.com\/product\/yoast-seo-wordpress\/ -->\n<title>Svart sockelsats med uttag och str\u00f6mbrytare | Lamph\u00e5llare &amp; sladdar | - Pachia<\/title>\n<meta name=\"robots\" content=\"index, follow, max-snippet:-1, max-image-preview:large, max-video-preview:-1\" \/>\n<link rel=\"canonical\" href=\"https:\/\/pachia.eu\/sv\/svart-lamphaallarset-med-kontakt-och-stroembrytare\/\" \/>\n<meta property=\"og:locale\" content=\"sv_SE\" \/>\n<meta property=\"og:type\" content=\"article\" \/>\n<meta property=\"og:title\" content=\"Svart sockelsats med uttag och str\u00f6mbrytare | Lamph\u00e5llare &amp; sladdar | - Pachia\" \/>\n<meta property=\"og:description\" content=\"Svart uttagssats f\u00f6r uttag med str\u00f6mbrytare. S\u00e4rskilt l\u00e4mplig f\u00f6r golv- och bordslampor, d\u00e4r str\u00f6mbrytaren bland annat kan anv\u00e4ndas som fotkontroll. Specifikationer: Svart plastsn\u00f6re 180 cm l\u00e5ng Str\u00f6mbrytare i mitten av sladden L\u00e4mplig f\u00f6r E27-lampor\" \/>\n<meta property=\"og:url\" content=\"https:\/\/pachia.eu\/sv\/svart-lamphaallarset-med-kontakt-och-stroembrytare\/\" \/>\n<meta property=\"og:site_name\" content=\"Pachia\" \/>\n<meta property=\"article:publisher\" content=\"https:\/\/www.facebook.com\/pachia.shop\" \/>\n<meta property=\"article:modified_time\" content=\"2025-09-08T10:44:59+00:00\" \/>\n<meta property=\"og:image\" content=\"https:\/\/pachia.eu\/wp-content\/uploads\/2024\/07\/sort-fatningssaet-afbryder.jpg\" \/>\n\t<meta property=\"og:image:width\" content=\"2000\" \/>\n\t<meta property=\"og:image:height\" content=\"2000\" \/>\n\t<meta property=\"og:image:type\" content=\"image\/jpeg\" \/>\n<meta name=\"twitter:card\" content=\"summary_large_image\" \/>\n<script type=\"application\/ld+json\" class=\"yoast-schema-graph\">{\"@context\":\"https:\\\/\\\/schema.org\",\"@graph\":[{\"@type\":\"WebPage\",\"@id\":\"https:\\\/\\\/pachia.eu\\\/sv\\\/svart-lamphaallarset-med-kontakt-och-stroembrytare\\\/\",\"url\":\"https:\\\/\\\/pachia.eu\\\/sv\\\/svart-lamphaallarset-med-kontakt-och-stroembrytare\\\/\",\"name\":\"Svart sockelsats med uttag och str\u00f6mbrytare | Lamph\u00e5llare &amp; sladdar | - Pachia\",\"isPartOf\":{\"@id\":\"https:\\\/\\\/pachia.eu\\\/sv\\\/#website\"},\"primaryImageOfPage\":{\"@id\":\"https:\\\/\\\/pachia.eu\\\/sv\\\/svart-lamphaallarset-med-kontakt-och-stroembrytare\\\/#primaryimage\"},\"image\":{\"@id\":\"https:\\\/\\\/pachia.eu\\\/sv\\\/svart-lamphaallarset-med-kontakt-och-stroembrytare\\\/#primaryimage\"},\"thumbnailUrl\":\"https:\\\/\\\/pachia.eu\\\/wp-content\\\/uploads\\\/2024\\\/07\\\/sort-fatningssaet-afbryder.jpg\",\"datePublished\":\"2024-07-15T12:08:11+00:00\",\"dateModified\":\"2025-09-08T10:44:59+00:00\",\"breadcrumb\":{\"@id\":\"https:\\\/\\\/pachia.eu\\\/sv\\\/svart-lamphaallarset-med-kontakt-och-stroembrytare\\\/#breadcrumb\"},\"inLanguage\":\"sv-SE\",\"potentialAction\":[{\"@type\":\"ReadAction\",\"target\":[\"https:\\\/\\\/pachia.eu\\\/sv\\\/svart-lamphaallarset-med-kontakt-och-stroembrytare\\\/\"]}]},{\"@type\":\"ImageObject\",\"inLanguage\":\"sv-SE\",\"@id\":\"https:\\\/\\\/pachia.eu\\\/sv\\\/svart-lamphaallarset-med-kontakt-och-stroembrytare\\\/#primaryimage\",\"url\":\"https:\\\/\\\/pachia.eu\\\/wp-content\\\/uploads\\\/2024\\\/07\\\/sort-fatningssaet-afbryder.jpg\",\"contentUrl\":\"https:\\\/\\\/pachia.eu\\\/wp-content\\\/uploads\\\/2024\\\/07\\\/sort-fatningssaet-afbryder.jpg\",\"width\":2000,\"height\":2000},{\"@type\":\"BreadcrumbList\",\"@id\":\"https:\\\/\\\/pachia.eu\\\/sv\\\/svart-lamphaallarset-med-kontakt-och-stroembrytare\\\/#breadcrumb\",\"itemListElement\":[{\"@type\":\"ListItem\",\"position\":1,\"name\":\"Framsida\",\"item\":\"https:\\\/\\\/pachia.eu\\\/sv\\\/\"},{\"@type\":\"ListItem\",\"position\":2,\"name\":\"Butik\",\"item\":\"https:\\\/\\\/pachia.eu\\\/sv\\\/butik\\\/\"},{\"@type\":\"ListItem\",\"position\":3,\"name\":\"Svart sockelsats med uttag och str\u00f6mbrytare\"}]},{\"@type\":\"WebSite\",\"@id\":\"https:\\\/\\\/pachia.eu\\\/sv\\\/#website\",\"url\":\"https:\\\/\\\/pachia.eu\\\/sv\\\/\",\"name\":\"Pachia\",\"description\":\"\",\"publisher\":{\"@id\":\"https:\\\/\\\/pachia.eu\\\/sv\\\/#organization\"},\"potentialAction\":[{\"@type\":\"SearchAction\",\"target\":{\"@type\":\"EntryPoint\",\"urlTemplate\":\"https:\\\/\\\/pachia.eu\\\/sv\\\/?s={search_term_string}\"},\"query-input\":{\"@type\":\"PropertyValueSpecification\",\"valueRequired\":true,\"valueName\":\"search_term_string\"}}],\"inLanguage\":\"sv-SE\"},{\"@type\":\"Organization\",\"@id\":\"https:\\\/\\\/pachia.eu\\\/sv\\\/#organization\",\"name\":\"Pachia ApS\",\"url\":\"https:\\\/\\\/pachia.eu\\\/sv\\\/\",\"logo\":{\"@type\":\"ImageObject\",\"inLanguage\":\"sv-SE\",\"@id\":\"https:\\\/\\\/pachia.eu\\\/sv\\\/#\\\/schema\\\/logo\\\/image\\\/\",\"url\":\"https:\\\/\\\/jocaonline.dk\\\/wp-content\\\/uploads\\\/2020\\\/10\\\/decoration-logo-small.png\",\"contentUrl\":\"https:\\\/\\\/jocaonline.dk\\\/wp-content\\\/uploads\\\/2020\\\/10\\\/decoration-logo-small.png\",\"width\":301,\"height\":100,\"caption\":\"Pachia ApS\"},\"image\":{\"@id\":\"https:\\\/\\\/pachia.eu\\\/sv\\\/#\\\/schema\\\/logo\\\/image\\\/\"},\"sameAs\":[\"https:\\\/\\\/www.facebook.com\\\/pachia.shop\",\"https:\\\/\\\/www.instagram.com\\\/pachia.eu\"]}]}<\/script>\n<!-- \/ Yoast SEO plugin. -->","yoast_head_json":{"title":"Svart sockelsats med uttag och str\u00f6mbrytare | Lamph\u00e5llare &amp; sladdar | - Pachia","robots":{"index":"index","follow":"follow","max-snippet":"max-snippet:-1","max-image-preview":"max-image-preview:large","max-video-preview":"max-video-preview:-1"},"canonical":"https:\/\/pachia.eu\/sv\/svart-lamphaallarset-med-kontakt-och-stroembrytare\/","og_locale":"sv_SE","og_type":"article","og_title":"Svart sockelsats med uttag och str\u00f6mbrytare | Lamph\u00e5llare &amp; sladdar | - Pachia","og_description":"Svart uttagssats f\u00f6r uttag med str\u00f6mbrytare. S\u00e4rskilt l\u00e4mplig f\u00f6r golv- och bordslampor, d\u00e4r str\u00f6mbrytaren bland annat kan anv\u00e4ndas som fotkontroll. Specifikationer: Svart plastsn\u00f6re 180 cm l\u00e5ng Str\u00f6mbrytare i mitten av sladden L\u00e4mplig f\u00f6r E27-lampor","og_url":"https:\/\/pachia.eu\/sv\/svart-lamphaallarset-med-kontakt-och-stroembrytare\/","og_site_name":"Pachia","article_publisher":"https:\/\/www.facebook.com\/pachia.shop","article_modified_time":"2025-09-08T10:44:59+00:00","og_image":[{"width":2000,"height":2000,"url":"https:\/\/pachia.eu\/wp-content\/uploads\/2024\/07\/sort-fatningssaet-afbryder.jpg","type":"image\/jpeg"}],"twitter_card":"summary_large_image","schema":{"@context":"https:\/\/schema.org","@graph":[{"@type":"WebPage","@id":"https:\/\/pachia.eu\/sv\/svart-lamphaallarset-med-kontakt-och-stroembrytare\/","url":"https:\/\/pachia.eu\/sv\/svart-lamphaallarset-med-kontakt-och-stroembrytare\/","name":"Svart sockelsats med uttag och str\u00f6mbrytare | Lamph\u00e5llare &amp; sladdar | - Pachia","isPartOf":{"@id":"https:\/\/pachia.eu\/sv\/#website"},"primaryImageOfPage":{"@id":"https:\/\/pachia.eu\/sv\/svart-lamphaallarset-med-kontakt-och-stroembrytare\/#primaryimage"},"image":{"@id":"https:\/\/pachia.eu\/sv\/svart-lamphaallarset-med-kontakt-och-stroembrytare\/#primaryimage"},"thumbnailUrl":"https:\/\/pachia.eu\/wp-content\/uploads\/2024\/07\/sort-fatningssaet-afbryder.jpg","datePublished":"2024-07-15T12:08:11+00:00","dateModified":"2025-09-08T10:44:59+00:00","breadcrumb":{"@id":"https:\/\/pachia.eu\/sv\/svart-lamphaallarset-med-kontakt-och-stroembrytare\/#breadcrumb"},"inLanguage":"sv-SE","potentialAction":[{"@type":"ReadAction","target":["https:\/\/pachia.eu\/sv\/svart-lamphaallarset-med-kontakt-och-stroembrytare\/"]}]},{"@type":"ImageObject","inLanguage":"sv-SE","@id":"https:\/\/pachia.eu\/sv\/svart-lamphaallarset-med-kontakt-och-stroembrytare\/#primaryimage","url":"https:\/\/pachia.eu\/wp-content\/uploads\/2024\/07\/sort-fatningssaet-afbryder.jpg","contentUrl":"https:\/\/pachia.eu\/wp-content\/uploads\/2024\/07\/sort-fatningssaet-afbryder.jpg","width":2000,"height":2000},{"@type":"BreadcrumbList","@id":"https:\/\/pachia.eu\/sv\/svart-lamphaallarset-med-kontakt-och-stroembrytare\/#breadcrumb","itemListElement":[{"@type":"ListItem","position":1,"name":"Framsida","item":"https:\/\/pachia.eu\/sv\/"},{"@type":"ListItem","position":2,"name":"Butik","item":"https:\/\/pachia.eu\/sv\/butik\/"},{"@type":"ListItem","position":3,"name":"Svart sockelsats med uttag och str\u00f6mbrytare"}]},{"@type":"WebSite","@id":"https:\/\/pachia.eu\/sv\/#website","url":"https:\/\/pachia.eu\/sv\/","name":"Pachia","description":"","publisher":{"@id":"https:\/\/pachia.eu\/sv\/#organization"},"potentialAction":[{"@type":"SearchAction","target":{"@type":"EntryPoint","urlTemplate":"https:\/\/pachia.eu\/sv\/?s={search_term_string}"},"query-input":{"@type":"PropertyValueSpecification","valueRequired":true,"valueName":"search_term_string"}}],"inLanguage":"sv-SE"},{"@type":"Organization","@id":"https:\/\/pachia.eu\/sv\/#organization","name":"Pachia ApS","url":"https:\/\/pachia.eu\/sv\/","logo":{"@type":"ImageObject","inLanguage":"sv-SE","@id":"https:\/\/pachia.eu\/sv\/#\/schema\/logo\/image\/","url":"https:\/\/jocaonline.dk\/wp-content\/uploads\/2020\/10\/decoration-logo-small.png","contentUrl":"https:\/\/jocaonline.dk\/wp-content\/uploads\/2020\/10\/decoration-logo-small.png","width":301,"height":100,"caption":"Pachia ApS"},"image":{"@id":"https:\/\/pachia.eu\/sv\/#\/schema\/logo\/image\/"},"sameAs":["https:\/\/www.facebook.com\/pachia.shop","https:\/\/www.instagram.com\/pachia.eu"]}]}},"_links":{"self":[{"href":"https:\/\/pachia.eu\/sv\/wp-json\/wp\/v2\/product\/225524","targetHints":{"allow":["GET"]}}],"collection":[{"href":"https:\/\/pachia.eu\/sv\/wp-json\/wp\/v2\/product"}],"about":[{"href":"https:\/\/pachia.eu\/sv\/wp-json\/wp\/v2\/types\/product"}],"version-history":[{"count":0,"href":"https:\/\/pachia.eu\/sv\/wp-json\/wp\/v2\/product\/225524\/revisions"}],"wp:featuredmedia":[{"embeddable":true,"href":"https:\/\/pachia.eu\/sv\/wp-json\/wp\/v2\/media\/225522"}],"wp:attachment":[{"href":"https:\/\/pachia.eu\/sv\/wp-json\/wp\/v2\/media?parent=225524"}],"wp:term":[{"taxonomy":"product_brand","embeddable":true,"href":"https:\/\/pachia.eu\/sv\/wp-json\/wp\/v2\/product_brand?post=225524"},{"taxonomy":"product_cat","embeddable":true,"href":"https:\/\/pachia.eu\/sv\/wp-json\/wp\/v2\/product_cat?post=225524"},{"taxonomy":"product_tag","embeddable":true,"href":"https:\/\/pachia.eu\/sv\/wp-json\/wp\/v2\/product_tag?post=225524"},{"taxonomy":"mersalg-tag","embeddable":true,"href":"https:\/\/pachia.eu\/sv\/wp-json\/wp\/v2\/mersalg-tag?post=225524"}],"curies":[{"name":"wp","href":"https:\/\/api.w.org\/{rel}","templated":true}]}}