{"id":3607,"date":"2021-07-05T16:55:05","date_gmt":"2021-07-05T14:55:05","guid":{"rendered":"https:\/\/pachia.eu\/?page_id=3607"},"modified":"2021-07-05T17:06:44","modified_gmt":"2021-07-05T15:06:44","slug":"privatliv-cookies","status":"publish","type":"page","link":"https:\/\/pachia.eu\/sv\/privatliv-cookies\/","title":{"rendered":"Privatlivspolitik &#038; Cookies"},"content":{"rendered":"\n<h1 class=\"wp-block-heading\">Privatliv &amp; Cookies<\/h1>\n\n\n\n<p>Vi anv\u00e4nder cookies n\u00e4r du bes\u00f6ker v\u00e5r webbplats, men du kan anpassa dessa i dina webbl\u00e4sarinst\u00e4llningar. Du kan ta reda p\u00e5 hur du hanterar cookies p\u00e5 dina enheter nedan.<\/p>\n\n\n\n<h2 class=\"wp-block-heading\"><strong>Vad \u00e4r cookies?<\/strong><\/h2>\n\n\n\n<p>Cookies \u00e4r datafiler som kan inneh\u00e5lla en liten m\u00e4ngd information och som lagras p\u00e5 din enhet (dator, smartphone osv.) n\u00e4r du bes\u00f6ker en webbplats f\u00f6r f\u00f6rsta g\u00e5ngen.<\/p>\n\n\n\n<h2 class=\"wp-block-heading\"><strong>Hur anv\u00e4nder vi dem?<\/strong><\/h2>\n\n\n\n<p>Vi anv\u00e4nder cookies f\u00f6r:<\/p>\n\n\n\n<ul class=\"wp-block-list\"><li>n\u00f6dv\u00e4ndiga funktioner, som navigering p\u00e5 webbplatsen<\/li><li>att g\u00f6ra det m\u00f6jligt att l\u00e4gga till artiklar i din varukorg eller i dina Sparade artiklar<\/li><li>f\u00f6r att analysera bes\u00f6ksantal och beteenden, till exempel vilka sidor som ofta bes\u00f6ks<\/li><li>f\u00f6r att utv\u00e4rdera hur framg\u00e5ngsrika v\u00e5ra marknadsf\u00f6ringskampanjer, v\u00e5ra erbjudanden och v\u00e5r kommunikation har varit<\/li><li>f\u00f6r att anpassa reklambudskap till m\u00e5lgruppen<\/li><li>f\u00f6r att f\u00f6rst\u00e5 vilka samarbetspartner som har hj\u00e4lpt oss att n\u00e5 ut till nya kunder eller har marknadsf\u00f6rt v\u00e5ra produkter p\u00e5 sina webbplatser<\/li><\/ul>\n\n\n\n<h2 class=\"wp-block-heading\"><strong>Vilka typer av cookies anv\u00e4nder vi?<\/strong><\/h2>\n\n\n\n<p>Det finns fyra huvudsakliga typer.<\/p>\n\n\n\n<p>(1) Cookies som styr webbplatsens funktion \u2013 dessa g\u00f6r att du kan navigera p\u00e5 webbplatsen och anv\u00e4nda v\u00e5ra funktioner, till exempel \u201cL\u00e4gg till i varukorg\u201d och \u201cSpara till senare\u201d.<\/p>\n\n\n\n<p>(2) Cookies f\u00f6r webbplatsanalyser \u2013 dessa cookies g\u00f6r att vi kan m\u00e4ta och analysera hur kunder anv\u00e4nder webbplatsen, s\u00e5 att vi kan f\u00f6rb\u00e4ttra b\u00e5de webbplatsens funktion och din shoppingupplevelse.<\/p>\n\n\n\n<p>(3) Cookies \u2013 n\u00e4r du surfar runt eller shoppar hos Pachia.eu kommer dessa cookies ih\u00e5g dina inst\u00e4llningar (till exempel ditt spr\u00e5k eller din plats), s\u00e5 att vi kan g\u00f6ra din shoppingupplevelse s\u00e5 smidig som m\u00f6jligt och mer personlig f\u00f6r dig.<\/p>\n\n\n\n<p>(4) M\u00e5lgruppsanpassade cookies eller annonscookies \u2013 dessa anv\u00e4nds f\u00f6r att vi ska kunna visa annonser som \u00e4r relevanta f\u00f6r dig. De begr\u00e4nsar ocks\u00e5 antalet g\u00e5nger som du ser en annons och hj\u00e4lper oss att m\u00e4ta hur effektiva v\u00e5ra marknadsf\u00f6ringskampanjer \u00e4r.<\/p>\n\n\n\n<h2 class=\"wp-block-heading\"><strong>S\u00e5 h\u00e4r hanterar du cookies<\/strong><\/h2>\n\n\n\n<p>I de flesta webbl\u00e4sare kan du hantera cookies som har sparats p\u00e5 din enhet \u2013 du g\u00e5r bara till hj\u00e4lpavsnittet i din webbl\u00e4sare. Men gl\u00f6m inte att om du \u00e4ndrar dina inst\u00e4llningar s\u00e5 att alla cookies blockeras, s\u00e5 kan det h\u00e4nda att du inte kan komma \u00e5t vissa delar av v\u00e5r webbplats eller tj\u00e4nst.<\/p>\n","protected":false},"excerpt":{"rendered":"<p>Privatliv &amp; Cookies Vi anv\u00e4nder cookies n\u00e4r du bes\u00f6ker v\u00e5r webbplats, men du kan anpassa dessa i dina webbl\u00e4sarinst\u00e4llningar. Du kan ta reda p\u00e5 hur du hanterar cookies p\u00e5 dina enheter nedan. Vad \u00e4r cookies? Cookies \u00e4r datafiler som kan inneh\u00e5lla en liten m\u00e4ngd information och som lagras p\u00e5 din enhet (dator, smartphone osv.) n\u00e4r [&hellip;]<\/p>\n","protected":false},"author":1,"featured_media":0,"parent":0,"menu_order":0,"comment_status":"closed","ping_status":"closed","template":"","meta":{"_lmt_disableupdate":"no","_lmt_disable":"","footnotes":""},"class_list":["post-3607","page","type-page","status-publish","hentry"],"yoast_head":"<!-- This site is optimized with the Yoast SEO plugin v27.3 - https:\/\/yoast.com\/product\/yoast-seo-wordpress\/ -->\n<title>Privatlivspolitik &amp; Cookies - Pachia<\/title>\n<meta name=\"robots\" content=\"noindex, follow\" \/>\n<meta property=\"og:locale\" content=\"sv_SE\" \/>\n<meta property=\"og:type\" content=\"article\" \/>\n<meta property=\"og:title\" content=\"Privatlivspolitik &amp; Cookies - Pachia\" \/>\n<meta property=\"og:description\" content=\"Privatliv &amp; Cookies Vi anv\u00e4nder cookies n\u00e4r du bes\u00f6ker v\u00e5r webbplats, men du kan anpassa dessa i dina webbl\u00e4sarinst\u00e4llningar. Du kan ta reda p\u00e5 hur du hanterar cookies p\u00e5 dina enheter nedan. Vad \u00e4r cookies? Cookies \u00e4r datafiler som kan inneh\u00e5lla en liten m\u00e4ngd information och som lagras p\u00e5 din enhet (dator, smartphone osv.) n\u00e4r [&hellip;]\" \/>\n<meta property=\"og:url\" content=\"https:\/\/pachia.eu\/sv\/privatliv-cookies\/\" \/>\n<meta property=\"og:site_name\" content=\"Pachia\" \/>\n<meta property=\"article:publisher\" content=\"https:\/\/www.facebook.com\/pachia.shop\" \/>\n<meta property=\"article:modified_time\" content=\"2021-07-05T15:06:44+00:00\" \/>\n<meta name=\"twitter:card\" content=\"summary_large_image\" \/>\n<meta name=\"twitter:label1\" content=\"Ber\u00e4knad l\u00e4stid\" \/>\n\t<meta name=\"twitter:data1\" content=\"2 minuter\" \/>\n<script type=\"application\/ld+json\" class=\"yoast-schema-graph\">{\"@context\":\"https:\\\/\\\/schema.org\",\"@graph\":[{\"@type\":\"WebPage\",\"@id\":\"https:\\\/\\\/pachia.eu\\\/sv\\\/privatliv-cookies\\\/\",\"url\":\"https:\\\/\\\/pachia.eu\\\/sv\\\/privatliv-cookies\\\/\",\"name\":\"Privatlivspolitik & Cookies - Pachia\",\"isPartOf\":{\"@id\":\"https:\\\/\\\/pachia.eu\\\/sv\\\/#website\"},\"datePublished\":\"2021-07-05T14:55:05+00:00\",\"dateModified\":\"2021-07-05T15:06:44+00:00\",\"breadcrumb\":{\"@id\":\"https:\\\/\\\/pachia.eu\\\/sv\\\/privatliv-cookies\\\/#breadcrumb\"},\"inLanguage\":\"sv-SE\",\"potentialAction\":[{\"@type\":\"ReadAction\",\"target\":[\"https:\\\/\\\/pachia.eu\\\/sv\\\/privatliv-cookies\\\/\"]}]},{\"@type\":\"BreadcrumbList\",\"@id\":\"https:\\\/\\\/pachia.eu\\\/sv\\\/privatliv-cookies\\\/#breadcrumb\",\"itemListElement\":[{\"@type\":\"ListItem\",\"position\":1,\"name\":\"Framsida\",\"item\":\"https:\\\/\\\/pachia.eu\\\/sv\\\/\"},{\"@type\":\"ListItem\",\"position\":2,\"name\":\"Privatlivspolitik &#038; Cookies\"}]},{\"@type\":\"WebSite\",\"@id\":\"https:\\\/\\\/pachia.eu\\\/sv\\\/#website\",\"url\":\"https:\\\/\\\/pachia.eu\\\/sv\\\/\",\"name\":\"Pachia\",\"description\":\"\",\"publisher\":{\"@id\":\"https:\\\/\\\/pachia.eu\\\/sv\\\/#organization\"},\"potentialAction\":[{\"@type\":\"SearchAction\",\"target\":{\"@type\":\"EntryPoint\",\"urlTemplate\":\"https:\\\/\\\/pachia.eu\\\/sv\\\/?s={search_term_string}\"},\"query-input\":{\"@type\":\"PropertyValueSpecification\",\"valueRequired\":true,\"valueName\":\"search_term_string\"}}],\"inLanguage\":\"sv-SE\"},{\"@type\":\"Organization\",\"@id\":\"https:\\\/\\\/pachia.eu\\\/sv\\\/#organization\",\"name\":\"Pachia ApS\",\"url\":\"https:\\\/\\\/pachia.eu\\\/sv\\\/\",\"logo\":{\"@type\":\"ImageObject\",\"inLanguage\":\"sv-SE\",\"@id\":\"https:\\\/\\\/pachia.eu\\\/sv\\\/#\\\/schema\\\/logo\\\/image\\\/\",\"url\":\"https:\\\/\\\/jocaonline.dk\\\/wp-content\\\/uploads\\\/2020\\\/10\\\/decoration-logo-small.png\",\"contentUrl\":\"https:\\\/\\\/jocaonline.dk\\\/wp-content\\\/uploads\\\/2020\\\/10\\\/decoration-logo-small.png\",\"width\":301,\"height\":100,\"caption\":\"Pachia ApS\"},\"image\":{\"@id\":\"https:\\\/\\\/pachia.eu\\\/sv\\\/#\\\/schema\\\/logo\\\/image\\\/\"},\"sameAs\":[\"https:\\\/\\\/www.facebook.com\\\/pachia.shop\",\"https:\\\/\\\/www.instagram.com\\\/pachia.eu\"]}]}<\/script>\n<!-- \/ Yoast SEO plugin. -->","yoast_head_json":{"title":"Privatlivspolitik & Cookies - Pachia","robots":{"index":"noindex","follow":"follow"},"og_locale":"sv_SE","og_type":"article","og_title":"Privatlivspolitik & Cookies - Pachia","og_description":"Privatliv &amp; Cookies Vi anv\u00e4nder cookies n\u00e4r du bes\u00f6ker v\u00e5r webbplats, men du kan anpassa dessa i dina webbl\u00e4sarinst\u00e4llningar. Du kan ta reda p\u00e5 hur du hanterar cookies p\u00e5 dina enheter nedan. Vad \u00e4r cookies? Cookies \u00e4r datafiler som kan inneh\u00e5lla en liten m\u00e4ngd information och som lagras p\u00e5 din enhet (dator, smartphone osv.) n\u00e4r [&hellip;]","og_url":"https:\/\/pachia.eu\/sv\/privatliv-cookies\/","og_site_name":"Pachia","article_publisher":"https:\/\/www.facebook.com\/pachia.shop","article_modified_time":"2021-07-05T15:06:44+00:00","twitter_card":"summary_large_image","twitter_misc":{"Ber\u00e4knad l\u00e4stid":"2 minuter"},"schema":{"@context":"https:\/\/schema.org","@graph":[{"@type":"WebPage","@id":"https:\/\/pachia.eu\/sv\/privatliv-cookies\/","url":"https:\/\/pachia.eu\/sv\/privatliv-cookies\/","name":"Privatlivspolitik & Cookies - Pachia","isPartOf":{"@id":"https:\/\/pachia.eu\/sv\/#website"},"datePublished":"2021-07-05T14:55:05+00:00","dateModified":"2021-07-05T15:06:44+00:00","breadcrumb":{"@id":"https:\/\/pachia.eu\/sv\/privatliv-cookies\/#breadcrumb"},"inLanguage":"sv-SE","potentialAction":[{"@type":"ReadAction","target":["https:\/\/pachia.eu\/sv\/privatliv-cookies\/"]}]},{"@type":"BreadcrumbList","@id":"https:\/\/pachia.eu\/sv\/privatliv-cookies\/#breadcrumb","itemListElement":[{"@type":"ListItem","position":1,"name":"Framsida","item":"https:\/\/pachia.eu\/sv\/"},{"@type":"ListItem","position":2,"name":"Privatlivspolitik &#038; Cookies"}]},{"@type":"WebSite","@id":"https:\/\/pachia.eu\/sv\/#website","url":"https:\/\/pachia.eu\/sv\/","name":"Pachia","description":"","publisher":{"@id":"https:\/\/pachia.eu\/sv\/#organization"},"potentialAction":[{"@type":"SearchAction","target":{"@type":"EntryPoint","urlTemplate":"https:\/\/pachia.eu\/sv\/?s={search_term_string}"},"query-input":{"@type":"PropertyValueSpecification","valueRequired":true,"valueName":"search_term_string"}}],"inLanguage":"sv-SE"},{"@type":"Organization","@id":"https:\/\/pachia.eu\/sv\/#organization","name":"Pachia ApS","url":"https:\/\/pachia.eu\/sv\/","logo":{"@type":"ImageObject","inLanguage":"sv-SE","@id":"https:\/\/pachia.eu\/sv\/#\/schema\/logo\/image\/","url":"https:\/\/jocaonline.dk\/wp-content\/uploads\/2020\/10\/decoration-logo-small.png","contentUrl":"https:\/\/jocaonline.dk\/wp-content\/uploads\/2020\/10\/decoration-logo-small.png","width":301,"height":100,"caption":"Pachia ApS"},"image":{"@id":"https:\/\/pachia.eu\/sv\/#\/schema\/logo\/image\/"},"sameAs":["https:\/\/www.facebook.com\/pachia.shop","https:\/\/www.instagram.com\/pachia.eu"]}]}},"_links":{"self":[{"href":"https:\/\/pachia.eu\/sv\/wp-json\/wp\/v2\/pages\/3607","targetHints":{"allow":["GET"]}}],"collection":[{"href":"https:\/\/pachia.eu\/sv\/wp-json\/wp\/v2\/pages"}],"about":[{"href":"https:\/\/pachia.eu\/sv\/wp-json\/wp\/v2\/types\/page"}],"author":[{"embeddable":true,"href":"https:\/\/pachia.eu\/sv\/wp-json\/wp\/v2\/users\/1"}],"replies":[{"embeddable":true,"href":"https:\/\/pachia.eu\/sv\/wp-json\/wp\/v2\/comments?post=3607"}],"version-history":[{"count":0,"href":"https:\/\/pachia.eu\/sv\/wp-json\/wp\/v2\/pages\/3607\/revisions"}],"wp:attachment":[{"href":"https:\/\/pachia.eu\/sv\/wp-json\/wp\/v2\/media?parent=3607"}],"curies":[{"name":"wp","href":"https:\/\/api.w.org\/{rel}","templated":true}]}}