{"id":3800,"date":"2021-06-11T11:32:52","date_gmt":"2021-06-11T09:32:52","guid":{"rendered":"https:\/\/pachia.eu\/feuerhemmender-spray\/"},"modified":"2025-03-27T11:10:55","modified_gmt":"2025-03-27T10:10:55","slug":"feuerhemmender-spray","status":"publish","type":"product","link":"https:\/\/pachia.eu\/de\/feuerhemmender-spray\/","title":{"rendered":"BurnBlock Feuerhemmendes Spray"},"content":{"rendered":"<p>Umweltfreundliches organisches Flammschutzmittel ohne giftige Substanzen. Dieses Flammschutzmittel kann f\u00fcr alle unsere Papierlampen, sowohl farbige als auch ungef\u00e4rbte, verwendet werden, um sie zu impr\u00e4gnieren und so vor Flammenentz\u00fcndungen zu sch\u00fctzen. <\/p>\n<p>Die Lampen sind einfach zu installieren &#8211; sie m\u00fcssen nur ausgeklappt und gut mit der Kastration bespr\u00fcht werden. Es wird empfohlen, in die Lampe zu spr\u00fchen und nicht auf die Au\u00dfenseite, um zu vermeiden, dass das Papier Beschichtungen erh\u00e4lt. Die Lampe wird nass, trocknet aber relativ schnell wieder, da das Papier so d\u00fcnn ist, wie es ist. Sobald die Lampe trocken ist, kann sie aufgeh\u00e4ngt werden.   <\/p>\n<p>Die Spr\u00fchflasche fasst 500ml und reicht aus, um mehrere Lampen zu impr\u00e4gnieren.<\/p>\n<p><strong>Leistungsbeschreibung:<\/strong><\/p>\n<ul>\n<li>Gr\u00f6\u00dfe: 500ml<\/li>\n<li>Kann auf allen unseren Papierlampen und anderen saugf\u00e4higen Materialien (Holz, Textilien usw.) verwendet werden<\/li>\n<li>Biologisch und umweltfreundlich<\/li>\n<\/ul>\n","protected":false},"excerpt":{"rendered":"<p>Umweltfreundliches organisches Flammschutzmittel ohne giftige Substanzen. Dieses Flammschutzmittel kann f\u00fcr alle unsere Papierlampen, sowohl farbige als auch ungef\u00e4rbte, verwendet werden, um sie zu impr\u00e4gnieren und so vor Flammenentz\u00fcndungen zu sch\u00fctzen. Die Lampen sind einfach zu installieren &#8211; sie m\u00fcssen nur ausgeklappt und gut mit der Kastration bespr\u00fcht werden. Es wird empfohlen, in die Lampe zu [&hellip;]<\/p>\n","protected":false},"featured_media":797,"template":"","meta":{"_lmt_disableupdate":"","_lmt_disable":""},"product_brand":[],"product_cat":[165,170],"product_tag":[],"mersalg-tag":[],"class_list":{"0":"post-3800","1":"product","2":"type-product","3":"status-publish","4":"has-post-thumbnail","6":"product_cat-produkte","7":"product_cat-zubehoer","9":"first","10":"instock","11":"taxable","12":"shipping-taxable","13":"purchasable","14":"product-type-simple"},"yoast_head":"<!-- This site is optimized with the Yoast SEO plugin v27.3 - https:\/\/yoast.com\/product\/yoast-seo-wordpress\/ -->\n<title>BurnBlock Feuerhemmendes Spray | Zubeh\u00f6r | - Pachia<\/title>\n<meta name=\"robots\" content=\"index, follow, max-snippet:-1, max-image-preview:large, max-video-preview:-1\" \/>\n<link rel=\"canonical\" href=\"https:\/\/pachia.eu\/de\/feuerhemmender-spray\/\" \/>\n<meta property=\"og:locale\" content=\"de_DE\" \/>\n<meta property=\"og:type\" content=\"article\" \/>\n<meta property=\"og:title\" content=\"BurnBlock Feuerhemmendes Spray | Zubeh\u00f6r | - Pachia\" \/>\n<meta property=\"og:description\" content=\"Umweltfreundliches organisches Flammschutzmittel ohne giftige Substanzen. Dieses Flammschutzmittel kann f\u00fcr alle unsere Papierlampen, sowohl farbige als auch ungef\u00e4rbte, verwendet werden, um sie zu impr\u00e4gnieren und so vor Flammenentz\u00fcndungen zu sch\u00fctzen. Die Lampen sind einfach zu installieren &#8211; sie m\u00fcssen nur ausgeklappt und gut mit der Kastration bespr\u00fcht werden. Es wird empfohlen, in die Lampe zu [&hellip;]\" \/>\n<meta property=\"og:url\" content=\"https:\/\/pachia.eu\/de\/feuerhemmender-spray\/\" \/>\n<meta property=\"og:site_name\" content=\"Pachia\" \/>\n<meta property=\"article:publisher\" content=\"https:\/\/www.facebook.com\/pachia.shop\" \/>\n<meta property=\"article:modified_time\" content=\"2025-03-27T10:10:55+00:00\" \/>\n<meta property=\"og:image\" content=\"https:\/\/pachia.eu\/wp-content\/uploads\/2021\/06\/948B9D52-82E7-4EAC-B6F8-1888DA7C6F37.png\" \/>\n\t<meta property=\"og:image:width\" content=\"2000\" \/>\n\t<meta property=\"og:image:height\" content=\"2000\" \/>\n\t<meta property=\"og:image:type\" content=\"image\/png\" \/>\n<meta name=\"twitter:card\" content=\"summary_large_image\" \/>\n<meta name=\"twitter:label1\" content=\"Gesch\u00e4tzte Lesezeit\" \/>\n\t<meta name=\"twitter:data1\" content=\"1\u00a0Minute\" \/>\n<script type=\"application\/ld+json\" class=\"yoast-schema-graph\">{\"@context\":\"https:\\\/\\\/schema.org\",\"@graph\":[{\"@type\":\"WebPage\",\"@id\":\"https:\\\/\\\/pachia.eu\\\/de\\\/feuerhemmender-spray\\\/\",\"url\":\"https:\\\/\\\/pachia.eu\\\/de\\\/feuerhemmender-spray\\\/\",\"name\":\"BurnBlock Feuerhemmendes Spray | Zubeh\u00f6r | - Pachia\",\"isPartOf\":{\"@id\":\"https:\\\/\\\/pachia.eu\\\/de\\\/#website\"},\"primaryImageOfPage\":{\"@id\":\"https:\\\/\\\/pachia.eu\\\/de\\\/feuerhemmender-spray\\\/#primaryimage\"},\"image\":{\"@id\":\"https:\\\/\\\/pachia.eu\\\/de\\\/feuerhemmender-spray\\\/#primaryimage\"},\"thumbnailUrl\":\"https:\\\/\\\/pachia.eu\\\/wp-content\\\/uploads\\\/2021\\\/06\\\/948B9D52-82E7-4EAC-B6F8-1888DA7C6F37.png\",\"datePublished\":\"2021-06-11T09:32:52+00:00\",\"dateModified\":\"2025-03-27T10:10:55+00:00\",\"breadcrumb\":{\"@id\":\"https:\\\/\\\/pachia.eu\\\/de\\\/feuerhemmender-spray\\\/#breadcrumb\"},\"inLanguage\":\"de\",\"potentialAction\":[{\"@type\":\"ReadAction\",\"target\":[\"https:\\\/\\\/pachia.eu\\\/de\\\/feuerhemmender-spray\\\/\"]}]},{\"@type\":\"ImageObject\",\"inLanguage\":\"de\",\"@id\":\"https:\\\/\\\/pachia.eu\\\/de\\\/feuerhemmender-spray\\\/#primaryimage\",\"url\":\"https:\\\/\\\/pachia.eu\\\/wp-content\\\/uploads\\\/2021\\\/06\\\/948B9D52-82E7-4EAC-B6F8-1888DA7C6F37.png\",\"contentUrl\":\"https:\\\/\\\/pachia.eu\\\/wp-content\\\/uploads\\\/2021\\\/06\\\/948B9D52-82E7-4EAC-B6F8-1888DA7C6F37.png\",\"width\":2000,\"height\":2000},{\"@type\":\"BreadcrumbList\",\"@id\":\"https:\\\/\\\/pachia.eu\\\/de\\\/feuerhemmender-spray\\\/#breadcrumb\",\"itemListElement\":[{\"@type\":\"ListItem\",\"position\":1,\"name\":\"Titelseite\",\"item\":\"https:\\\/\\\/pachia.eu\\\/de\\\/\"},{\"@type\":\"ListItem\",\"position\":2,\"name\":\"Shop\",\"item\":\"https:\\\/\\\/pachia.eu\\\/de\\\/shop-2\\\/\"},{\"@type\":\"ListItem\",\"position\":3,\"name\":\"BurnBlock Feuerhemmendes Spray\"}]},{\"@type\":\"WebSite\",\"@id\":\"https:\\\/\\\/pachia.eu\\\/de\\\/#website\",\"url\":\"https:\\\/\\\/pachia.eu\\\/de\\\/\",\"name\":\"Pachia\",\"description\":\"\",\"publisher\":{\"@id\":\"https:\\\/\\\/pachia.eu\\\/de\\\/#organization\"},\"potentialAction\":[{\"@type\":\"SearchAction\",\"target\":{\"@type\":\"EntryPoint\",\"urlTemplate\":\"https:\\\/\\\/pachia.eu\\\/de\\\/?s={search_term_string}\"},\"query-input\":{\"@type\":\"PropertyValueSpecification\",\"valueRequired\":true,\"valueName\":\"search_term_string\"}}],\"inLanguage\":\"de\"},{\"@type\":\"Organization\",\"@id\":\"https:\\\/\\\/pachia.eu\\\/de\\\/#organization\",\"name\":\"Pachia ApS\",\"url\":\"https:\\\/\\\/pachia.eu\\\/de\\\/\",\"logo\":{\"@type\":\"ImageObject\",\"inLanguage\":\"de\",\"@id\":\"https:\\\/\\\/pachia.eu\\\/de\\\/#\\\/schema\\\/logo\\\/image\\\/\",\"url\":\"https:\\\/\\\/jocaonline.dk\\\/wp-content\\\/uploads\\\/2020\\\/10\\\/decoration-logo-small.png\",\"contentUrl\":\"https:\\\/\\\/jocaonline.dk\\\/wp-content\\\/uploads\\\/2020\\\/10\\\/decoration-logo-small.png\",\"width\":301,\"height\":100,\"caption\":\"Pachia ApS\"},\"image\":{\"@id\":\"https:\\\/\\\/pachia.eu\\\/de\\\/#\\\/schema\\\/logo\\\/image\\\/\"},\"sameAs\":[\"https:\\\/\\\/www.facebook.com\\\/pachia.shop\",\"https:\\\/\\\/www.instagram.com\\\/pachia.eu\"]}]}<\/script>\n<!-- \/ Yoast SEO plugin. -->","yoast_head_json":{"title":"BurnBlock Feuerhemmendes Spray | Zubeh\u00f6r | - Pachia","robots":{"index":"index","follow":"follow","max-snippet":"max-snippet:-1","max-image-preview":"max-image-preview:large","max-video-preview":"max-video-preview:-1"},"canonical":"https:\/\/pachia.eu\/de\/feuerhemmender-spray\/","og_locale":"de_DE","og_type":"article","og_title":"BurnBlock Feuerhemmendes Spray | Zubeh\u00f6r | - Pachia","og_description":"Umweltfreundliches organisches Flammschutzmittel ohne giftige Substanzen. Dieses Flammschutzmittel kann f\u00fcr alle unsere Papierlampen, sowohl farbige als auch ungef\u00e4rbte, verwendet werden, um sie zu impr\u00e4gnieren und so vor Flammenentz\u00fcndungen zu sch\u00fctzen. Die Lampen sind einfach zu installieren &#8211; sie m\u00fcssen nur ausgeklappt und gut mit der Kastration bespr\u00fcht werden. Es wird empfohlen, in die Lampe zu [&hellip;]","og_url":"https:\/\/pachia.eu\/de\/feuerhemmender-spray\/","og_site_name":"Pachia","article_publisher":"https:\/\/www.facebook.com\/pachia.shop","article_modified_time":"2025-03-27T10:10:55+00:00","og_image":[{"width":2000,"height":2000,"url":"https:\/\/pachia.eu\/wp-content\/uploads\/2021\/06\/948B9D52-82E7-4EAC-B6F8-1888DA7C6F37.png","type":"image\/png"}],"twitter_card":"summary_large_image","twitter_misc":{"Gesch\u00e4tzte Lesezeit":"1\u00a0Minute"},"schema":{"@context":"https:\/\/schema.org","@graph":[{"@type":"WebPage","@id":"https:\/\/pachia.eu\/de\/feuerhemmender-spray\/","url":"https:\/\/pachia.eu\/de\/feuerhemmender-spray\/","name":"BurnBlock Feuerhemmendes Spray | Zubeh\u00f6r | - Pachia","isPartOf":{"@id":"https:\/\/pachia.eu\/de\/#website"},"primaryImageOfPage":{"@id":"https:\/\/pachia.eu\/de\/feuerhemmender-spray\/#primaryimage"},"image":{"@id":"https:\/\/pachia.eu\/de\/feuerhemmender-spray\/#primaryimage"},"thumbnailUrl":"https:\/\/pachia.eu\/wp-content\/uploads\/2021\/06\/948B9D52-82E7-4EAC-B6F8-1888DA7C6F37.png","datePublished":"2021-06-11T09:32:52+00:00","dateModified":"2025-03-27T10:10:55+00:00","breadcrumb":{"@id":"https:\/\/pachia.eu\/de\/feuerhemmender-spray\/#breadcrumb"},"inLanguage":"de","potentialAction":[{"@type":"ReadAction","target":["https:\/\/pachia.eu\/de\/feuerhemmender-spray\/"]}]},{"@type":"ImageObject","inLanguage":"de","@id":"https:\/\/pachia.eu\/de\/feuerhemmender-spray\/#primaryimage","url":"https:\/\/pachia.eu\/wp-content\/uploads\/2021\/06\/948B9D52-82E7-4EAC-B6F8-1888DA7C6F37.png","contentUrl":"https:\/\/pachia.eu\/wp-content\/uploads\/2021\/06\/948B9D52-82E7-4EAC-B6F8-1888DA7C6F37.png","width":2000,"height":2000},{"@type":"BreadcrumbList","@id":"https:\/\/pachia.eu\/de\/feuerhemmender-spray\/#breadcrumb","itemListElement":[{"@type":"ListItem","position":1,"name":"Titelseite","item":"https:\/\/pachia.eu\/de\/"},{"@type":"ListItem","position":2,"name":"Shop","item":"https:\/\/pachia.eu\/de\/shop-2\/"},{"@type":"ListItem","position":3,"name":"BurnBlock Feuerhemmendes Spray"}]},{"@type":"WebSite","@id":"https:\/\/pachia.eu\/de\/#website","url":"https:\/\/pachia.eu\/de\/","name":"Pachia","description":"","publisher":{"@id":"https:\/\/pachia.eu\/de\/#organization"},"potentialAction":[{"@type":"SearchAction","target":{"@type":"EntryPoint","urlTemplate":"https:\/\/pachia.eu\/de\/?s={search_term_string}"},"query-input":{"@type":"PropertyValueSpecification","valueRequired":true,"valueName":"search_term_string"}}],"inLanguage":"de"},{"@type":"Organization","@id":"https:\/\/pachia.eu\/de\/#organization","name":"Pachia ApS","url":"https:\/\/pachia.eu\/de\/","logo":{"@type":"ImageObject","inLanguage":"de","@id":"https:\/\/pachia.eu\/de\/#\/schema\/logo\/image\/","url":"https:\/\/jocaonline.dk\/wp-content\/uploads\/2020\/10\/decoration-logo-small.png","contentUrl":"https:\/\/jocaonline.dk\/wp-content\/uploads\/2020\/10\/decoration-logo-small.png","width":301,"height":100,"caption":"Pachia ApS"},"image":{"@id":"https:\/\/pachia.eu\/de\/#\/schema\/logo\/image\/"},"sameAs":["https:\/\/www.facebook.com\/pachia.shop","https:\/\/www.instagram.com\/pachia.eu"]}]}},"_links":{"self":[{"href":"https:\/\/pachia.eu\/de\/wp-json\/wp\/v2\/product\/3800","targetHints":{"allow":["GET"]}}],"collection":[{"href":"https:\/\/pachia.eu\/de\/wp-json\/wp\/v2\/product"}],"about":[{"href":"https:\/\/pachia.eu\/de\/wp-json\/wp\/v2\/types\/product"}],"version-history":[{"count":0,"href":"https:\/\/pachia.eu\/de\/wp-json\/wp\/v2\/product\/3800\/revisions"}],"wp:featuredmedia":[{"embeddable":true,"href":"https:\/\/pachia.eu\/de\/wp-json\/wp\/v2\/media\/797"}],"wp:attachment":[{"href":"https:\/\/pachia.eu\/de\/wp-json\/wp\/v2\/media?parent=3800"}],"wp:term":[{"taxonomy":"product_brand","embeddable":true,"href":"https:\/\/pachia.eu\/de\/wp-json\/wp\/v2\/product_brand?post=3800"},{"taxonomy":"product_cat","embeddable":true,"href":"https:\/\/pachia.eu\/de\/wp-json\/wp\/v2\/product_cat?post=3800"},{"taxonomy":"product_tag","embeddable":true,"href":"https:\/\/pachia.eu\/de\/wp-json\/wp\/v2\/product_tag?post=3800"},{"taxonomy":"mersalg-tag","embeddable":true,"href":"https:\/\/pachia.eu\/de\/wp-json\/wp\/v2\/mersalg-tag?post=3800"}],"curies":[{"name":"wp","href":"https:\/\/api.w.org\/{rel}","templated":true}]}}