{"id":3742,"date":"2021-06-08T13:29:19","date_gmt":"2021-06-08T11:29:19","guid":{"rendered":"https:\/\/pachia.eu\/vintage-fassung-kupfer\/"},"modified":"2025-03-17T16:32:21","modified_gmt":"2025-03-17T15:32:21","slug":"vintage-fassung-kupfer","status":"publish","type":"product","link":"https:\/\/pachia.eu\/de\/vintage-fassung-kupfer\/","title":{"rendered":"Vintage Fassung Kupfer"},"content":{"rendered":"<p>Die Fassungen von unsere Vintagekollektion sind wundersch\u00f6n und perfekt im Hause, im Caf\u00e9 oder im Ladenfenster.<\/p>\n<p>&lt;p&gt;&lt;strong&gt;Spezifikationen:&lt;\/strong&gt;&lt;\/p&gt;<br \/>\n&lt;ul&gt;<br \/>\n&lt;li&gt;E27 fassung&lt;\/li&gt;<br \/>\n&lt;li&gt;1,5 meter lang Stoffkabel&lt;\/li&gt;<br \/>\n&lt;li&gt;Die Packung enth\u00e4lt: Fassung, Kabel, Baldachin, Schrauben und D\u00fcbel f\u00fcr Montage&lt;\/li&gt;<br \/>\n&lt;li&gt;Die Packung enth\u00e4lt nicht eine Birne&lt;\/li&gt;<br \/>\n&lt;\/ul&gt;<\/p>\n","protected":false},"excerpt":{"rendered":"<p>Die Fassungen von unsere Vintagekollektion sind wundersch\u00f6n und perfekt im Hause, im Caf\u00e9 oder im Ladenfenster. &lt;p&gt;&lt;strong&gt;Spezifikationen:&lt;\/strong&gt;&lt;\/p&gt; &lt;ul&gt; &lt;li&gt;E27 fassung&lt;\/li&gt; &lt;li&gt;1,5 meter lang Stoffkabel&lt;\/li&gt; &lt;li&gt;Die Packung enth\u00e4lt: Fassung, Kabel, Baldachin, Schrauben und D\u00fcbel f\u00fcr Montage&lt;\/li&gt; &lt;li&gt;Die Packung enth\u00e4lt nicht eine Birne&lt;\/li&gt; &lt;\/ul&gt;<\/p>\n","protected":false},"featured_media":689,"template":"","meta":{"_lmt_disableupdate":"","_lmt_disable":""},"product_brand":[],"product_cat":[171,165],"product_tag":[],"mersalg-tag":[117],"class_list":{"0":"post-3742","1":"product","2":"type-product","3":"status-publish","4":"has-post-thumbnail","6":"product_cat-fassungen-und-kabel","7":"product_cat-produkte","8":"mersalg-tag-fatning","10":"first","11":"instock","12":"taxable","13":"shipping-taxable","14":"purchasable","15":"product-type-simple"},"yoast_head":"<!-- This site is optimized with the Yoast SEO plugin v27.3 - https:\/\/yoast.com\/product\/yoast-seo-wordpress\/ -->\n<title>Vintage Fassung Kupfer | Fassungen und Kabel | - Pachia<\/title>\n<meta name=\"robots\" content=\"index, follow, max-snippet:-1, max-image-preview:large, max-video-preview:-1\" \/>\n<link rel=\"canonical\" href=\"https:\/\/pachia.eu\/de\/vintage-fassung-kupfer\/\" \/>\n<meta property=\"og:locale\" content=\"de_DE\" \/>\n<meta property=\"og:type\" content=\"article\" \/>\n<meta property=\"og:title\" content=\"Vintage Fassung Kupfer | Fassungen und Kabel | - Pachia\" \/>\n<meta property=\"og:description\" content=\"Die Fassungen von unsere Vintagekollektion sind wundersch\u00f6n und perfekt im Hause, im Caf\u00e9 oder im Ladenfenster. &lt;p&gt;&lt;strong&gt;Spezifikationen:&lt;\/strong&gt;&lt;\/p&gt; &lt;ul&gt; &lt;li&gt;E27 fassung&lt;\/li&gt; &lt;li&gt;1,5 meter lang Stoffkabel&lt;\/li&gt; &lt;li&gt;Die Packung enth\u00e4lt: Fassung, Kabel, Baldachin, Schrauben und D\u00fcbel f\u00fcr Montage&lt;\/li&gt; &lt;li&gt;Die Packung enth\u00e4lt nicht eine Birne&lt;\/li&gt; &lt;\/ul&gt;\" \/>\n<meta property=\"og:url\" content=\"https:\/\/pachia.eu\/de\/vintage-fassung-kupfer\/\" \/>\n<meta property=\"og:site_name\" content=\"Pachia\" \/>\n<meta property=\"article:publisher\" content=\"https:\/\/www.facebook.com\/pachia.shop\" \/>\n<meta property=\"article:modified_time\" content=\"2025-03-17T15:32:21+00:00\" \/>\n<meta property=\"og:image\" content=\"https:\/\/pachia.eu\/wp-content\/uploads\/2021\/06\/vintage-kobber.png\" \/>\n\t<meta property=\"og:image:width\" content=\"2500\" \/>\n\t<meta property=\"og:image:height\" content=\"2499\" \/>\n\t<meta property=\"og:image:type\" content=\"image\/png\" \/>\n<meta name=\"twitter:card\" content=\"summary_large_image\" \/>\n<script type=\"application\/ld+json\" class=\"yoast-schema-graph\">{\"@context\":\"https:\\\/\\\/schema.org\",\"@graph\":[{\"@type\":\"WebPage\",\"@id\":\"https:\\\/\\\/pachia.eu\\\/de\\\/vintage-fassung-kupfer\\\/\",\"url\":\"https:\\\/\\\/pachia.eu\\\/de\\\/vintage-fassung-kupfer\\\/\",\"name\":\"Vintage Fassung Kupfer | Fassungen und Kabel | - Pachia\",\"isPartOf\":{\"@id\":\"https:\\\/\\\/pachia.eu\\\/de\\\/#website\"},\"primaryImageOfPage\":{\"@id\":\"https:\\\/\\\/pachia.eu\\\/de\\\/vintage-fassung-kupfer\\\/#primaryimage\"},\"image\":{\"@id\":\"https:\\\/\\\/pachia.eu\\\/de\\\/vintage-fassung-kupfer\\\/#primaryimage\"},\"thumbnailUrl\":\"https:\\\/\\\/pachia.eu\\\/wp-content\\\/uploads\\\/2021\\\/06\\\/vintage-kobber.png\",\"datePublished\":\"2021-06-08T11:29:19+00:00\",\"dateModified\":\"2025-03-17T15:32:21+00:00\",\"breadcrumb\":{\"@id\":\"https:\\\/\\\/pachia.eu\\\/de\\\/vintage-fassung-kupfer\\\/#breadcrumb\"},\"inLanguage\":\"de\",\"potentialAction\":[{\"@type\":\"ReadAction\",\"target\":[\"https:\\\/\\\/pachia.eu\\\/de\\\/vintage-fassung-kupfer\\\/\"]}]},{\"@type\":\"ImageObject\",\"inLanguage\":\"de\",\"@id\":\"https:\\\/\\\/pachia.eu\\\/de\\\/vintage-fassung-kupfer\\\/#primaryimage\",\"url\":\"https:\\\/\\\/pachia.eu\\\/wp-content\\\/uploads\\\/2021\\\/06\\\/vintage-kobber.png\",\"contentUrl\":\"https:\\\/\\\/pachia.eu\\\/wp-content\\\/uploads\\\/2021\\\/06\\\/vintage-kobber.png\",\"width\":2500,\"height\":2499},{\"@type\":\"BreadcrumbList\",\"@id\":\"https:\\\/\\\/pachia.eu\\\/de\\\/vintage-fassung-kupfer\\\/#breadcrumb\",\"itemListElement\":[{\"@type\":\"ListItem\",\"position\":1,\"name\":\"Titelseite\",\"item\":\"https:\\\/\\\/pachia.eu\\\/de\\\/\"},{\"@type\":\"ListItem\",\"position\":2,\"name\":\"Shop\",\"item\":\"https:\\\/\\\/pachia.eu\\\/de\\\/shop-2\\\/\"},{\"@type\":\"ListItem\",\"position\":3,\"name\":\"Vintage Fassung Kupfer\"}]},{\"@type\":\"WebSite\",\"@id\":\"https:\\\/\\\/pachia.eu\\\/de\\\/#website\",\"url\":\"https:\\\/\\\/pachia.eu\\\/de\\\/\",\"name\":\"Pachia\",\"description\":\"\",\"publisher\":{\"@id\":\"https:\\\/\\\/pachia.eu\\\/de\\\/#organization\"},\"potentialAction\":[{\"@type\":\"SearchAction\",\"target\":{\"@type\":\"EntryPoint\",\"urlTemplate\":\"https:\\\/\\\/pachia.eu\\\/de\\\/?s={search_term_string}\"},\"query-input\":{\"@type\":\"PropertyValueSpecification\",\"valueRequired\":true,\"valueName\":\"search_term_string\"}}],\"inLanguage\":\"de\"},{\"@type\":\"Organization\",\"@id\":\"https:\\\/\\\/pachia.eu\\\/de\\\/#organization\",\"name\":\"Pachia ApS\",\"url\":\"https:\\\/\\\/pachia.eu\\\/de\\\/\",\"logo\":{\"@type\":\"ImageObject\",\"inLanguage\":\"de\",\"@id\":\"https:\\\/\\\/pachia.eu\\\/de\\\/#\\\/schema\\\/logo\\\/image\\\/\",\"url\":\"https:\\\/\\\/jocaonline.dk\\\/wp-content\\\/uploads\\\/2020\\\/10\\\/decoration-logo-small.png\",\"contentUrl\":\"https:\\\/\\\/jocaonline.dk\\\/wp-content\\\/uploads\\\/2020\\\/10\\\/decoration-logo-small.png\",\"width\":301,\"height\":100,\"caption\":\"Pachia ApS\"},\"image\":{\"@id\":\"https:\\\/\\\/pachia.eu\\\/de\\\/#\\\/schema\\\/logo\\\/image\\\/\"},\"sameAs\":[\"https:\\\/\\\/www.facebook.com\\\/pachia.shop\",\"https:\\\/\\\/www.instagram.com\\\/pachia.eu\"]}]}<\/script>\n<!-- \/ Yoast SEO plugin. -->","yoast_head_json":{"title":"Vintage Fassung Kupfer | Fassungen und Kabel | - Pachia","robots":{"index":"index","follow":"follow","max-snippet":"max-snippet:-1","max-image-preview":"max-image-preview:large","max-video-preview":"max-video-preview:-1"},"canonical":"https:\/\/pachia.eu\/de\/vintage-fassung-kupfer\/","og_locale":"de_DE","og_type":"article","og_title":"Vintage Fassung Kupfer | Fassungen und Kabel | - Pachia","og_description":"Die Fassungen von unsere Vintagekollektion sind wundersch\u00f6n und perfekt im Hause, im Caf\u00e9 oder im Ladenfenster. &lt;p&gt;&lt;strong&gt;Spezifikationen:&lt;\/strong&gt;&lt;\/p&gt; &lt;ul&gt; &lt;li&gt;E27 fassung&lt;\/li&gt; &lt;li&gt;1,5 meter lang Stoffkabel&lt;\/li&gt; &lt;li&gt;Die Packung enth\u00e4lt: Fassung, Kabel, Baldachin, Schrauben und D\u00fcbel f\u00fcr Montage&lt;\/li&gt; &lt;li&gt;Die Packung enth\u00e4lt nicht eine Birne&lt;\/li&gt; &lt;\/ul&gt;","og_url":"https:\/\/pachia.eu\/de\/vintage-fassung-kupfer\/","og_site_name":"Pachia","article_publisher":"https:\/\/www.facebook.com\/pachia.shop","article_modified_time":"2025-03-17T15:32:21+00:00","og_image":[{"width":2500,"height":2499,"url":"https:\/\/pachia.eu\/wp-content\/uploads\/2021\/06\/vintage-kobber.png","type":"image\/png"}],"twitter_card":"summary_large_image","schema":{"@context":"https:\/\/schema.org","@graph":[{"@type":"WebPage","@id":"https:\/\/pachia.eu\/de\/vintage-fassung-kupfer\/","url":"https:\/\/pachia.eu\/de\/vintage-fassung-kupfer\/","name":"Vintage Fassung Kupfer | Fassungen und Kabel | - Pachia","isPartOf":{"@id":"https:\/\/pachia.eu\/de\/#website"},"primaryImageOfPage":{"@id":"https:\/\/pachia.eu\/de\/vintage-fassung-kupfer\/#primaryimage"},"image":{"@id":"https:\/\/pachia.eu\/de\/vintage-fassung-kupfer\/#primaryimage"},"thumbnailUrl":"https:\/\/pachia.eu\/wp-content\/uploads\/2021\/06\/vintage-kobber.png","datePublished":"2021-06-08T11:29:19+00:00","dateModified":"2025-03-17T15:32:21+00:00","breadcrumb":{"@id":"https:\/\/pachia.eu\/de\/vintage-fassung-kupfer\/#breadcrumb"},"inLanguage":"de","potentialAction":[{"@type":"ReadAction","target":["https:\/\/pachia.eu\/de\/vintage-fassung-kupfer\/"]}]},{"@type":"ImageObject","inLanguage":"de","@id":"https:\/\/pachia.eu\/de\/vintage-fassung-kupfer\/#primaryimage","url":"https:\/\/pachia.eu\/wp-content\/uploads\/2021\/06\/vintage-kobber.png","contentUrl":"https:\/\/pachia.eu\/wp-content\/uploads\/2021\/06\/vintage-kobber.png","width":2500,"height":2499},{"@type":"BreadcrumbList","@id":"https:\/\/pachia.eu\/de\/vintage-fassung-kupfer\/#breadcrumb","itemListElement":[{"@type":"ListItem","position":1,"name":"Titelseite","item":"https:\/\/pachia.eu\/de\/"},{"@type":"ListItem","position":2,"name":"Shop","item":"https:\/\/pachia.eu\/de\/shop-2\/"},{"@type":"ListItem","position":3,"name":"Vintage Fassung Kupfer"}]},{"@type":"WebSite","@id":"https:\/\/pachia.eu\/de\/#website","url":"https:\/\/pachia.eu\/de\/","name":"Pachia","description":"","publisher":{"@id":"https:\/\/pachia.eu\/de\/#organization"},"potentialAction":[{"@type":"SearchAction","target":{"@type":"EntryPoint","urlTemplate":"https:\/\/pachia.eu\/de\/?s={search_term_string}"},"query-input":{"@type":"PropertyValueSpecification","valueRequired":true,"valueName":"search_term_string"}}],"inLanguage":"de"},{"@type":"Organization","@id":"https:\/\/pachia.eu\/de\/#organization","name":"Pachia ApS","url":"https:\/\/pachia.eu\/de\/","logo":{"@type":"ImageObject","inLanguage":"de","@id":"https:\/\/pachia.eu\/de\/#\/schema\/logo\/image\/","url":"https:\/\/jocaonline.dk\/wp-content\/uploads\/2020\/10\/decoration-logo-small.png","contentUrl":"https:\/\/jocaonline.dk\/wp-content\/uploads\/2020\/10\/decoration-logo-small.png","width":301,"height":100,"caption":"Pachia ApS"},"image":{"@id":"https:\/\/pachia.eu\/de\/#\/schema\/logo\/image\/"},"sameAs":["https:\/\/www.facebook.com\/pachia.shop","https:\/\/www.instagram.com\/pachia.eu"]}]}},"_links":{"self":[{"href":"https:\/\/pachia.eu\/de\/wp-json\/wp\/v2\/product\/3742","targetHints":{"allow":["GET"]}}],"collection":[{"href":"https:\/\/pachia.eu\/de\/wp-json\/wp\/v2\/product"}],"about":[{"href":"https:\/\/pachia.eu\/de\/wp-json\/wp\/v2\/types\/product"}],"version-history":[{"count":0,"href":"https:\/\/pachia.eu\/de\/wp-json\/wp\/v2\/product\/3742\/revisions"}],"wp:featuredmedia":[{"embeddable":true,"href":"https:\/\/pachia.eu\/de\/wp-json\/wp\/v2\/media\/689"}],"wp:attachment":[{"href":"https:\/\/pachia.eu\/de\/wp-json\/wp\/v2\/media?parent=3742"}],"wp:term":[{"taxonomy":"product_brand","embeddable":true,"href":"https:\/\/pachia.eu\/de\/wp-json\/wp\/v2\/product_brand?post=3742"},{"taxonomy":"product_cat","embeddable":true,"href":"https:\/\/pachia.eu\/de\/wp-json\/wp\/v2\/product_cat?post=3742"},{"taxonomy":"product_tag","embeddable":true,"href":"https:\/\/pachia.eu\/de\/wp-json\/wp\/v2\/product_tag?post=3742"},{"taxonomy":"mersalg-tag","embeddable":true,"href":"https:\/\/pachia.eu\/de\/wp-json\/wp\/v2\/mersalg-tag?post=3742"}],"curies":[{"name":"wp","href":"https:\/\/api.w.org\/{rel}","templated":true}]}}