{"id":3706,"date":"2021-06-15T10:38:45","date_gmt":"2021-06-15T08:38:45","guid":{"rendered":"https:\/\/pachia.eu\/weiss-irregulaer-papierlampen\/"},"modified":"2026-03-28T10:58:22","modified_gmt":"2026-03-28T09:58:22","slug":"weiss-irregulaer-papierlampen","status":"publish","type":"product","link":"https:\/\/pachia.eu\/de\/weiss-irregulaer-papierlampen\/","title":{"rendered":"Wei\u00df irregul\u00e4r Papierlampen"},"content":{"rendered":"<p>Unsere wei\u00dfe irregul\u00e4re Lampions eignen sich gut f\u00fcr die Einrichtung in Stuben und Zimmern, die einen Bedarf an angenehm gedimmten Licht haben. Die Papierlampen eignen sich gut f\u00fcr die Einrichtung, k\u00f6nnen aber auch f\u00fcr festliche Gegebenheiten gebraucht werden, wo Festzelte mit Beleuchtung geschm\u00fcckt werden. Die kleineren Gr\u00f6\u00dfen eignen sich f\u00fcr Partys und gem\u00fctlicher Beleuchtung, w\u00e4hrend die gro\u00dfen Lampions perfekt f\u00fcr hohe R\u00e4ume sind.<\/p>\n<p>Die Papierlampen\u00a0k\u00f6nnen mit unseren Fassungen oder LED-Leuchten kombiniert werden.<\/p>\n","protected":false},"excerpt":{"rendered":"<p>Unsere wei\u00dfe irregul\u00e4re Lampions eignen sich gut f\u00fcr die Einrichtung in Stuben und Zimmern, die einen Bedarf an angenehm gedimmten Licht haben. Die Papierlampen eignen sich gut f\u00fcr die Einrichtung, k\u00f6nnen aber auch f\u00fcr festliche Gegebenheiten gebraucht werden, wo Festzelte mit Beleuchtung geschm\u00fcckt werden. Die kleineren Gr\u00f6\u00dfen eignen sich f\u00fcr Partys und gem\u00fctlicher Beleuchtung, w\u00e4hrend [&hellip;]<\/p>\n","protected":false},"featured_media":1443,"template":"","meta":{"_lmt_disableupdate":"","_lmt_disable":""},"product_brand":[],"product_cat":[174,165,178],"product_tag":[],"mersalg-tag":[],"class_list":{"0":"post-3706","1":"product","2":"type-product","3":"status-publish","4":"has-post-thumbnail","6":"product_cat-papierlampen","7":"product_cat-produkte","8":"product_cat-traditionell","10":"first","11":"instock","12":"taxable","13":"shipping-taxable","14":"purchasable","15":"product-type-variable"},"yoast_head":"<!-- This site is optimized with the Yoast SEO plugin v27.3 - https:\/\/yoast.com\/product\/yoast-seo-wordpress\/ -->\n<title>Wei\u00df irregul\u00e4r Papierlampen | Papierlampen | - Pachia<\/title>\n<meta name=\"robots\" content=\"index, follow, max-snippet:-1, max-image-preview:large, max-video-preview:-1\" \/>\n<link rel=\"canonical\" href=\"https:\/\/pachia.eu\/de\/weiss-irregulaer-papierlampen\/\" \/>\n<meta property=\"og:locale\" content=\"de_DE\" \/>\n<meta property=\"og:type\" content=\"article\" \/>\n<meta property=\"og:title\" content=\"Wei\u00df irregul\u00e4r Papierlampen | Papierlampen | - Pachia\" \/>\n<meta property=\"og:description\" content=\"Unsere wei\u00dfe irregul\u00e4re Lampions eignen sich gut f\u00fcr die Einrichtung in Stuben und Zimmern, die einen Bedarf an angenehm gedimmten Licht haben. Die Papierlampen eignen sich gut f\u00fcr die Einrichtung, k\u00f6nnen aber auch f\u00fcr festliche Gegebenheiten gebraucht werden, wo Festzelte mit Beleuchtung geschm\u00fcckt werden. Die kleineren Gr\u00f6\u00dfen eignen sich f\u00fcr Partys und gem\u00fctlicher Beleuchtung, w\u00e4hrend [&hellip;]\" \/>\n<meta property=\"og:url\" content=\"https:\/\/pachia.eu\/de\/weiss-irregulaer-papierlampen\/\" \/>\n<meta property=\"og:site_name\" content=\"Pachia\" \/>\n<meta property=\"article:publisher\" content=\"https:\/\/www.facebook.com\/pachia.shop\" \/>\n<meta property=\"article:modified_time\" content=\"2026-03-28T09:58:22+00:00\" \/>\n<meta property=\"og:image\" content=\"https:\/\/pachia.eu\/wp-content\/uploads\/2021\/06\/irregulaer-hvid-rispapirlampe.jpg\" \/>\n\t<meta property=\"og:image:width\" content=\"2000\" \/>\n\t<meta property=\"og:image:height\" content=\"2000\" \/>\n\t<meta property=\"og:image:type\" content=\"image\/jpeg\" \/>\n<meta name=\"twitter:card\" content=\"summary_large_image\" \/>\n<script type=\"application\/ld+json\" class=\"yoast-schema-graph\">{\"@context\":\"https:\\\/\\\/schema.org\",\"@graph\":[{\"@type\":\"WebPage\",\"@id\":\"https:\\\/\\\/pachia.eu\\\/de\\\/weiss-irregulaer-papierlampen\\\/\",\"url\":\"https:\\\/\\\/pachia.eu\\\/de\\\/weiss-irregulaer-papierlampen\\\/\",\"name\":\"Wei\u00df irregul\u00e4r Papierlampen | Papierlampen | - Pachia\",\"isPartOf\":{\"@id\":\"https:\\\/\\\/pachia.eu\\\/de\\\/#website\"},\"primaryImageOfPage\":{\"@id\":\"https:\\\/\\\/pachia.eu\\\/de\\\/weiss-irregulaer-papierlampen\\\/#primaryimage\"},\"image\":{\"@id\":\"https:\\\/\\\/pachia.eu\\\/de\\\/weiss-irregulaer-papierlampen\\\/#primaryimage\"},\"thumbnailUrl\":\"https:\\\/\\\/pachia.eu\\\/wp-content\\\/uploads\\\/2021\\\/06\\\/irregulaer-hvid-rispapirlampe.jpg\",\"datePublished\":\"2021-06-15T08:38:45+00:00\",\"dateModified\":\"2026-03-28T09:58:22+00:00\",\"breadcrumb\":{\"@id\":\"https:\\\/\\\/pachia.eu\\\/de\\\/weiss-irregulaer-papierlampen\\\/#breadcrumb\"},\"inLanguage\":\"de\",\"potentialAction\":[{\"@type\":\"ReadAction\",\"target\":[\"https:\\\/\\\/pachia.eu\\\/de\\\/weiss-irregulaer-papierlampen\\\/\"]}]},{\"@type\":\"ImageObject\",\"inLanguage\":\"de\",\"@id\":\"https:\\\/\\\/pachia.eu\\\/de\\\/weiss-irregulaer-papierlampen\\\/#primaryimage\",\"url\":\"https:\\\/\\\/pachia.eu\\\/wp-content\\\/uploads\\\/2021\\\/06\\\/irregulaer-hvid-rispapirlampe.jpg\",\"contentUrl\":\"https:\\\/\\\/pachia.eu\\\/wp-content\\\/uploads\\\/2021\\\/06\\\/irregulaer-hvid-rispapirlampe.jpg\",\"width\":2000,\"height\":2000},{\"@type\":\"BreadcrumbList\",\"@id\":\"https:\\\/\\\/pachia.eu\\\/de\\\/weiss-irregulaer-papierlampen\\\/#breadcrumb\",\"itemListElement\":[{\"@type\":\"ListItem\",\"position\":1,\"name\":\"Titelseite\",\"item\":\"https:\\\/\\\/pachia.eu\\\/de\\\/\"},{\"@type\":\"ListItem\",\"position\":2,\"name\":\"Shop\",\"item\":\"https:\\\/\\\/pachia.eu\\\/de\\\/shop-2\\\/\"},{\"@type\":\"ListItem\",\"position\":3,\"name\":\"Wei\u00df irregul\u00e4r Papierlampen\"}]},{\"@type\":\"WebSite\",\"@id\":\"https:\\\/\\\/pachia.eu\\\/de\\\/#website\",\"url\":\"https:\\\/\\\/pachia.eu\\\/de\\\/\",\"name\":\"Pachia\",\"description\":\"\",\"publisher\":{\"@id\":\"https:\\\/\\\/pachia.eu\\\/de\\\/#organization\"},\"potentialAction\":[{\"@type\":\"SearchAction\",\"target\":{\"@type\":\"EntryPoint\",\"urlTemplate\":\"https:\\\/\\\/pachia.eu\\\/de\\\/?s={search_term_string}\"},\"query-input\":{\"@type\":\"PropertyValueSpecification\",\"valueRequired\":true,\"valueName\":\"search_term_string\"}}],\"inLanguage\":\"de\"},{\"@type\":\"Organization\",\"@id\":\"https:\\\/\\\/pachia.eu\\\/de\\\/#organization\",\"name\":\"Pachia ApS\",\"url\":\"https:\\\/\\\/pachia.eu\\\/de\\\/\",\"logo\":{\"@type\":\"ImageObject\",\"inLanguage\":\"de\",\"@id\":\"https:\\\/\\\/pachia.eu\\\/de\\\/#\\\/schema\\\/logo\\\/image\\\/\",\"url\":\"https:\\\/\\\/jocaonline.dk\\\/wp-content\\\/uploads\\\/2020\\\/10\\\/decoration-logo-small.png\",\"contentUrl\":\"https:\\\/\\\/jocaonline.dk\\\/wp-content\\\/uploads\\\/2020\\\/10\\\/decoration-logo-small.png\",\"width\":301,\"height\":100,\"caption\":\"Pachia ApS\"},\"image\":{\"@id\":\"https:\\\/\\\/pachia.eu\\\/de\\\/#\\\/schema\\\/logo\\\/image\\\/\"},\"sameAs\":[\"https:\\\/\\\/www.facebook.com\\\/pachia.shop\",\"https:\\\/\\\/www.instagram.com\\\/pachia.eu\"]}]}<\/script>\n<!-- \/ Yoast SEO plugin. -->","yoast_head_json":{"title":"Wei\u00df irregul\u00e4r Papierlampen | Papierlampen | - Pachia","robots":{"index":"index","follow":"follow","max-snippet":"max-snippet:-1","max-image-preview":"max-image-preview:large","max-video-preview":"max-video-preview:-1"},"canonical":"https:\/\/pachia.eu\/de\/weiss-irregulaer-papierlampen\/","og_locale":"de_DE","og_type":"article","og_title":"Wei\u00df irregul\u00e4r Papierlampen | Papierlampen | - Pachia","og_description":"Unsere wei\u00dfe irregul\u00e4re Lampions eignen sich gut f\u00fcr die Einrichtung in Stuben und Zimmern, die einen Bedarf an angenehm gedimmten Licht haben. Die Papierlampen eignen sich gut f\u00fcr die Einrichtung, k\u00f6nnen aber auch f\u00fcr festliche Gegebenheiten gebraucht werden, wo Festzelte mit Beleuchtung geschm\u00fcckt werden. Die kleineren Gr\u00f6\u00dfen eignen sich f\u00fcr Partys und gem\u00fctlicher Beleuchtung, w\u00e4hrend [&hellip;]","og_url":"https:\/\/pachia.eu\/de\/weiss-irregulaer-papierlampen\/","og_site_name":"Pachia","article_publisher":"https:\/\/www.facebook.com\/pachia.shop","article_modified_time":"2026-03-28T09:58:22+00:00","og_image":[{"width":2000,"height":2000,"url":"https:\/\/pachia.eu\/wp-content\/uploads\/2021\/06\/irregulaer-hvid-rispapirlampe.jpg","type":"image\/jpeg"}],"twitter_card":"summary_large_image","schema":{"@context":"https:\/\/schema.org","@graph":[{"@type":"WebPage","@id":"https:\/\/pachia.eu\/de\/weiss-irregulaer-papierlampen\/","url":"https:\/\/pachia.eu\/de\/weiss-irregulaer-papierlampen\/","name":"Wei\u00df irregul\u00e4r Papierlampen | Papierlampen | - Pachia","isPartOf":{"@id":"https:\/\/pachia.eu\/de\/#website"},"primaryImageOfPage":{"@id":"https:\/\/pachia.eu\/de\/weiss-irregulaer-papierlampen\/#primaryimage"},"image":{"@id":"https:\/\/pachia.eu\/de\/weiss-irregulaer-papierlampen\/#primaryimage"},"thumbnailUrl":"https:\/\/pachia.eu\/wp-content\/uploads\/2021\/06\/irregulaer-hvid-rispapirlampe.jpg","datePublished":"2021-06-15T08:38:45+00:00","dateModified":"2026-03-28T09:58:22+00:00","breadcrumb":{"@id":"https:\/\/pachia.eu\/de\/weiss-irregulaer-papierlampen\/#breadcrumb"},"inLanguage":"de","potentialAction":[{"@type":"ReadAction","target":["https:\/\/pachia.eu\/de\/weiss-irregulaer-papierlampen\/"]}]},{"@type":"ImageObject","inLanguage":"de","@id":"https:\/\/pachia.eu\/de\/weiss-irregulaer-papierlampen\/#primaryimage","url":"https:\/\/pachia.eu\/wp-content\/uploads\/2021\/06\/irregulaer-hvid-rispapirlampe.jpg","contentUrl":"https:\/\/pachia.eu\/wp-content\/uploads\/2021\/06\/irregulaer-hvid-rispapirlampe.jpg","width":2000,"height":2000},{"@type":"BreadcrumbList","@id":"https:\/\/pachia.eu\/de\/weiss-irregulaer-papierlampen\/#breadcrumb","itemListElement":[{"@type":"ListItem","position":1,"name":"Titelseite","item":"https:\/\/pachia.eu\/de\/"},{"@type":"ListItem","position":2,"name":"Shop","item":"https:\/\/pachia.eu\/de\/shop-2\/"},{"@type":"ListItem","position":3,"name":"Wei\u00df irregul\u00e4r Papierlampen"}]},{"@type":"WebSite","@id":"https:\/\/pachia.eu\/de\/#website","url":"https:\/\/pachia.eu\/de\/","name":"Pachia","description":"","publisher":{"@id":"https:\/\/pachia.eu\/de\/#organization"},"potentialAction":[{"@type":"SearchAction","target":{"@type":"EntryPoint","urlTemplate":"https:\/\/pachia.eu\/de\/?s={search_term_string}"},"query-input":{"@type":"PropertyValueSpecification","valueRequired":true,"valueName":"search_term_string"}}],"inLanguage":"de"},{"@type":"Organization","@id":"https:\/\/pachia.eu\/de\/#organization","name":"Pachia ApS","url":"https:\/\/pachia.eu\/de\/","logo":{"@type":"ImageObject","inLanguage":"de","@id":"https:\/\/pachia.eu\/de\/#\/schema\/logo\/image\/","url":"https:\/\/jocaonline.dk\/wp-content\/uploads\/2020\/10\/decoration-logo-small.png","contentUrl":"https:\/\/jocaonline.dk\/wp-content\/uploads\/2020\/10\/decoration-logo-small.png","width":301,"height":100,"caption":"Pachia ApS"},"image":{"@id":"https:\/\/pachia.eu\/de\/#\/schema\/logo\/image\/"},"sameAs":["https:\/\/www.facebook.com\/pachia.shop","https:\/\/www.instagram.com\/pachia.eu"]}]}},"_links":{"self":[{"href":"https:\/\/pachia.eu\/de\/wp-json\/wp\/v2\/product\/3706","targetHints":{"allow":["GET"]}}],"collection":[{"href":"https:\/\/pachia.eu\/de\/wp-json\/wp\/v2\/product"}],"about":[{"href":"https:\/\/pachia.eu\/de\/wp-json\/wp\/v2\/types\/product"}],"version-history":[{"count":0,"href":"https:\/\/pachia.eu\/de\/wp-json\/wp\/v2\/product\/3706\/revisions"}],"wp:featuredmedia":[{"embeddable":true,"href":"https:\/\/pachia.eu\/de\/wp-json\/wp\/v2\/media\/1443"}],"wp:attachment":[{"href":"https:\/\/pachia.eu\/de\/wp-json\/wp\/v2\/media?parent=3706"}],"wp:term":[{"taxonomy":"product_brand","embeddable":true,"href":"https:\/\/pachia.eu\/de\/wp-json\/wp\/v2\/product_brand?post=3706"},{"taxonomy":"product_cat","embeddable":true,"href":"https:\/\/pachia.eu\/de\/wp-json\/wp\/v2\/product_cat?post=3706"},{"taxonomy":"product_tag","embeddable":true,"href":"https:\/\/pachia.eu\/de\/wp-json\/wp\/v2\/product_tag?post=3706"},{"taxonomy":"mersalg-tag","embeddable":true,"href":"https:\/\/pachia.eu\/de\/wp-json\/wp\/v2\/mersalg-tag?post=3706"}],"curies":[{"name":"wp","href":"https:\/\/api.w.org\/{rel}","templated":true}]}}