{"id":3554,"date":"2021-06-15T11:02:09","date_gmt":"2021-06-15T09:02:09","guid":{"rendered":"https:\/\/pachia.eu\/hellgelb-lampion\/"},"modified":"2021-07-05T13:55:15","modified_gmt":"2021-07-05T11:55:15","slug":"hellgelb-lampion","status":"publish","type":"product","link":"https:\/\/pachia.eu\/de\/hellgelb-lampion\/","title":{"rendered":"Hellgelb Lampion"},"content":{"rendered":"<p>Wenn Sie auf der Suche nach einem Lampion mit einer w\u00e4rmeren Farbe sind, als von der Elfenbeinsfarbenen, dann ist die lichtgelbe Lampe eine gute Wahl. Der Lampion ist mit seiner warmen Glut eine sch\u00f6ne und angenehme Lichtquelle f\u00fcr Ihr Lichtquelle oder als festliche Farbe f\u00fcr die Gartenparty.\u00a0<a href=\"https:\/\/pachia.eu\/de\/lampions-papierlampen\">Der Lampion kann gut mit anderen Nuancen in Gelb kombiniert werden<\/a>.<\/p>\n","protected":false},"excerpt":{"rendered":"<p>Wenn Sie auf der Suche nach einem Lampion mit einer w\u00e4rmeren Farbe sind, als von der Elfenbeinsfarbenen, dann ist die lichtgelbe Lampe eine gute Wahl. Der Lampion ist mit seiner warmen Glut eine sch\u00f6ne und angenehme Lichtquelle f\u00fcr Ihr Lichtquelle oder als festliche Farbe f\u00fcr die Gartenparty.\u00a0Der Lampion kann gut mit anderen Nuancen in Gelb [&hellip;]<\/p>\n","protected":false},"featured_media":1463,"template":"","meta":{"_lmt_disableupdate":"no","_lmt_disable":""},"product_brand":[],"product_cat":[194,165,36],"product_tag":[],"mersalg-tag":[],"class_list":{"0":"post-3554","1":"product","2":"type-product","3":"status-publish","4":"has-post-thumbnail","6":"product_cat-kinderlampen","7":"product_cat-produkte","8":"product_cat-lampions-papierlampen","10":"first","11":"instock","12":"taxable","13":"shipping-taxable","14":"purchasable","15":"product-type-variable"},"yoast_head":"<!-- This site is optimized with the Yoast SEO plugin v27.3 - https:\/\/yoast.com\/product\/yoast-seo-wordpress\/ -->\n<title>Hellgelbes Lampion - Papierlampe f\u00fcr zu Hause oder dem Fest - Pachia<\/title>\n<meta name=\"description\" content=\"Unser hellgelber Lampion ist mit seiner sch\u00f6nen, gl\u00fchenden Farbe eine sch\u00f6ne, angenehme Lichtquelle f\u00fcr zu Hause oder als Beleuchtung f\u00fcr die Party. Erwerben Sie die Lampe hier.\" \/>\n<meta name=\"robots\" content=\"index, follow, max-snippet:-1, max-image-preview:large, max-video-preview:-1\" \/>\n<link rel=\"canonical\" href=\"https:\/\/pachia.eu\/de\/hellgelb-lampion\/\" \/>\n<meta property=\"og:locale\" content=\"de_DE\" \/>\n<meta property=\"og:type\" content=\"article\" \/>\n<meta property=\"og:title\" content=\"Hellgelbes Lampion - Papierlampe f\u00fcr zu Hause oder dem Fest - Pachia\" \/>\n<meta property=\"og:description\" content=\"Unser hellgelber Lampion ist mit seiner sch\u00f6nen, gl\u00fchenden Farbe eine sch\u00f6ne, angenehme Lichtquelle f\u00fcr zu Hause oder als Beleuchtung f\u00fcr die Party. Erwerben Sie die Lampe hier.\" \/>\n<meta property=\"og:url\" content=\"https:\/\/pachia.eu\/de\/hellgelb-lampion\/\" \/>\n<meta property=\"og:site_name\" content=\"Pachia\" \/>\n<meta property=\"article:publisher\" content=\"https:\/\/www.facebook.com\/pachia.shop\" \/>\n<meta property=\"article:modified_time\" content=\"2021-07-05T11:55:15+00:00\" \/>\n<meta property=\"og:image\" content=\"https:\/\/pachia.eu\/wp-content\/uploads\/2021\/06\/lys-gul-rispapirlampe.jpg\" \/>\n\t<meta property=\"og:image:width\" content=\"2000\" \/>\n\t<meta property=\"og:image:height\" content=\"2000\" \/>\n\t<meta property=\"og:image:type\" content=\"image\/jpeg\" \/>\n<meta name=\"twitter:card\" content=\"summary_large_image\" \/>\n<script type=\"application\/ld+json\" class=\"yoast-schema-graph\">{\"@context\":\"https:\\\/\\\/schema.org\",\"@graph\":[{\"@type\":\"WebPage\",\"@id\":\"https:\\\/\\\/pachia.eu\\\/de\\\/hellgelb-lampion\\\/\",\"url\":\"https:\\\/\\\/pachia.eu\\\/de\\\/hellgelb-lampion\\\/\",\"name\":\"Hellgelbes Lampion - Papierlampe f\u00fcr zu Hause oder dem Fest - Pachia\",\"isPartOf\":{\"@id\":\"https:\\\/\\\/pachia.eu\\\/de\\\/#website\"},\"primaryImageOfPage\":{\"@id\":\"https:\\\/\\\/pachia.eu\\\/de\\\/hellgelb-lampion\\\/#primaryimage\"},\"image\":{\"@id\":\"https:\\\/\\\/pachia.eu\\\/de\\\/hellgelb-lampion\\\/#primaryimage\"},\"thumbnailUrl\":\"https:\\\/\\\/pachia.eu\\\/wp-content\\\/uploads\\\/2021\\\/06\\\/lys-gul-rispapirlampe.jpg\",\"datePublished\":\"2021-06-15T09:02:09+00:00\",\"dateModified\":\"2021-07-05T11:55:15+00:00\",\"description\":\"Unser hellgelber Lampion ist mit seiner sch\u00f6nen, gl\u00fchenden Farbe eine sch\u00f6ne, angenehme Lichtquelle f\u00fcr zu Hause oder als Beleuchtung f\u00fcr die Party. Erwerben Sie die Lampe hier.\",\"breadcrumb\":{\"@id\":\"https:\\\/\\\/pachia.eu\\\/de\\\/hellgelb-lampion\\\/#breadcrumb\"},\"inLanguage\":\"de\",\"potentialAction\":[{\"@type\":\"ReadAction\",\"target\":[\"https:\\\/\\\/pachia.eu\\\/de\\\/hellgelb-lampion\\\/\"]}]},{\"@type\":\"ImageObject\",\"inLanguage\":\"de\",\"@id\":\"https:\\\/\\\/pachia.eu\\\/de\\\/hellgelb-lampion\\\/#primaryimage\",\"url\":\"https:\\\/\\\/pachia.eu\\\/wp-content\\\/uploads\\\/2021\\\/06\\\/lys-gul-rispapirlampe.jpg\",\"contentUrl\":\"https:\\\/\\\/pachia.eu\\\/wp-content\\\/uploads\\\/2021\\\/06\\\/lys-gul-rispapirlampe.jpg\",\"width\":2000,\"height\":2000},{\"@type\":\"BreadcrumbList\",\"@id\":\"https:\\\/\\\/pachia.eu\\\/de\\\/hellgelb-lampion\\\/#breadcrumb\",\"itemListElement\":[{\"@type\":\"ListItem\",\"position\":1,\"name\":\"Titelseite\",\"item\":\"https:\\\/\\\/pachia.eu\\\/de\\\/\"},{\"@type\":\"ListItem\",\"position\":2,\"name\":\"Shop\",\"item\":\"https:\\\/\\\/pachia.eu\\\/de\\\/shop-2\\\/\"},{\"@type\":\"ListItem\",\"position\":3,\"name\":\"Hellgelb Lampion\"}]},{\"@type\":\"WebSite\",\"@id\":\"https:\\\/\\\/pachia.eu\\\/de\\\/#website\",\"url\":\"https:\\\/\\\/pachia.eu\\\/de\\\/\",\"name\":\"Pachia\",\"description\":\"\",\"publisher\":{\"@id\":\"https:\\\/\\\/pachia.eu\\\/de\\\/#organization\"},\"potentialAction\":[{\"@type\":\"SearchAction\",\"target\":{\"@type\":\"EntryPoint\",\"urlTemplate\":\"https:\\\/\\\/pachia.eu\\\/de\\\/?s={search_term_string}\"},\"query-input\":{\"@type\":\"PropertyValueSpecification\",\"valueRequired\":true,\"valueName\":\"search_term_string\"}}],\"inLanguage\":\"de\"},{\"@type\":\"Organization\",\"@id\":\"https:\\\/\\\/pachia.eu\\\/de\\\/#organization\",\"name\":\"Pachia ApS\",\"url\":\"https:\\\/\\\/pachia.eu\\\/de\\\/\",\"logo\":{\"@type\":\"ImageObject\",\"inLanguage\":\"de\",\"@id\":\"https:\\\/\\\/pachia.eu\\\/de\\\/#\\\/schema\\\/logo\\\/image\\\/\",\"url\":\"https:\\\/\\\/jocaonline.dk\\\/wp-content\\\/uploads\\\/2020\\\/10\\\/decoration-logo-small.png\",\"contentUrl\":\"https:\\\/\\\/jocaonline.dk\\\/wp-content\\\/uploads\\\/2020\\\/10\\\/decoration-logo-small.png\",\"width\":301,\"height\":100,\"caption\":\"Pachia ApS\"},\"image\":{\"@id\":\"https:\\\/\\\/pachia.eu\\\/de\\\/#\\\/schema\\\/logo\\\/image\\\/\"},\"sameAs\":[\"https:\\\/\\\/www.facebook.com\\\/pachia.shop\",\"https:\\\/\\\/www.instagram.com\\\/pachia.eu\"]}]}<\/script>\n<!-- \/ Yoast SEO plugin. -->","yoast_head_json":{"title":"Hellgelbes Lampion - Papierlampe f\u00fcr zu Hause oder dem Fest - Pachia","description":"Unser hellgelber Lampion ist mit seiner sch\u00f6nen, gl\u00fchenden Farbe eine sch\u00f6ne, angenehme Lichtquelle f\u00fcr zu Hause oder als Beleuchtung f\u00fcr die Party. Erwerben Sie die Lampe hier.","robots":{"index":"index","follow":"follow","max-snippet":"max-snippet:-1","max-image-preview":"max-image-preview:large","max-video-preview":"max-video-preview:-1"},"canonical":"https:\/\/pachia.eu\/de\/hellgelb-lampion\/","og_locale":"de_DE","og_type":"article","og_title":"Hellgelbes Lampion - Papierlampe f\u00fcr zu Hause oder dem Fest - Pachia","og_description":"Unser hellgelber Lampion ist mit seiner sch\u00f6nen, gl\u00fchenden Farbe eine sch\u00f6ne, angenehme Lichtquelle f\u00fcr zu Hause oder als Beleuchtung f\u00fcr die Party. Erwerben Sie die Lampe hier.","og_url":"https:\/\/pachia.eu\/de\/hellgelb-lampion\/","og_site_name":"Pachia","article_publisher":"https:\/\/www.facebook.com\/pachia.shop","article_modified_time":"2021-07-05T11:55:15+00:00","og_image":[{"width":2000,"height":2000,"url":"https:\/\/pachia.eu\/wp-content\/uploads\/2021\/06\/lys-gul-rispapirlampe.jpg","type":"image\/jpeg"}],"twitter_card":"summary_large_image","schema":{"@context":"https:\/\/schema.org","@graph":[{"@type":"WebPage","@id":"https:\/\/pachia.eu\/de\/hellgelb-lampion\/","url":"https:\/\/pachia.eu\/de\/hellgelb-lampion\/","name":"Hellgelbes Lampion - Papierlampe f\u00fcr zu Hause oder dem Fest - Pachia","isPartOf":{"@id":"https:\/\/pachia.eu\/de\/#website"},"primaryImageOfPage":{"@id":"https:\/\/pachia.eu\/de\/hellgelb-lampion\/#primaryimage"},"image":{"@id":"https:\/\/pachia.eu\/de\/hellgelb-lampion\/#primaryimage"},"thumbnailUrl":"https:\/\/pachia.eu\/wp-content\/uploads\/2021\/06\/lys-gul-rispapirlampe.jpg","datePublished":"2021-06-15T09:02:09+00:00","dateModified":"2021-07-05T11:55:15+00:00","description":"Unser hellgelber Lampion ist mit seiner sch\u00f6nen, gl\u00fchenden Farbe eine sch\u00f6ne, angenehme Lichtquelle f\u00fcr zu Hause oder als Beleuchtung f\u00fcr die Party. Erwerben Sie die Lampe hier.","breadcrumb":{"@id":"https:\/\/pachia.eu\/de\/hellgelb-lampion\/#breadcrumb"},"inLanguage":"de","potentialAction":[{"@type":"ReadAction","target":["https:\/\/pachia.eu\/de\/hellgelb-lampion\/"]}]},{"@type":"ImageObject","inLanguage":"de","@id":"https:\/\/pachia.eu\/de\/hellgelb-lampion\/#primaryimage","url":"https:\/\/pachia.eu\/wp-content\/uploads\/2021\/06\/lys-gul-rispapirlampe.jpg","contentUrl":"https:\/\/pachia.eu\/wp-content\/uploads\/2021\/06\/lys-gul-rispapirlampe.jpg","width":2000,"height":2000},{"@type":"BreadcrumbList","@id":"https:\/\/pachia.eu\/de\/hellgelb-lampion\/#breadcrumb","itemListElement":[{"@type":"ListItem","position":1,"name":"Titelseite","item":"https:\/\/pachia.eu\/de\/"},{"@type":"ListItem","position":2,"name":"Shop","item":"https:\/\/pachia.eu\/de\/shop-2\/"},{"@type":"ListItem","position":3,"name":"Hellgelb Lampion"}]},{"@type":"WebSite","@id":"https:\/\/pachia.eu\/de\/#website","url":"https:\/\/pachia.eu\/de\/","name":"Pachia","description":"","publisher":{"@id":"https:\/\/pachia.eu\/de\/#organization"},"potentialAction":[{"@type":"SearchAction","target":{"@type":"EntryPoint","urlTemplate":"https:\/\/pachia.eu\/de\/?s={search_term_string}"},"query-input":{"@type":"PropertyValueSpecification","valueRequired":true,"valueName":"search_term_string"}}],"inLanguage":"de"},{"@type":"Organization","@id":"https:\/\/pachia.eu\/de\/#organization","name":"Pachia ApS","url":"https:\/\/pachia.eu\/de\/","logo":{"@type":"ImageObject","inLanguage":"de","@id":"https:\/\/pachia.eu\/de\/#\/schema\/logo\/image\/","url":"https:\/\/jocaonline.dk\/wp-content\/uploads\/2020\/10\/decoration-logo-small.png","contentUrl":"https:\/\/jocaonline.dk\/wp-content\/uploads\/2020\/10\/decoration-logo-small.png","width":301,"height":100,"caption":"Pachia ApS"},"image":{"@id":"https:\/\/pachia.eu\/de\/#\/schema\/logo\/image\/"},"sameAs":["https:\/\/www.facebook.com\/pachia.shop","https:\/\/www.instagram.com\/pachia.eu"]}]}},"_links":{"self":[{"href":"https:\/\/pachia.eu\/de\/wp-json\/wp\/v2\/product\/3554","targetHints":{"allow":["GET"]}}],"collection":[{"href":"https:\/\/pachia.eu\/de\/wp-json\/wp\/v2\/product"}],"about":[{"href":"https:\/\/pachia.eu\/de\/wp-json\/wp\/v2\/types\/product"}],"version-history":[{"count":0,"href":"https:\/\/pachia.eu\/de\/wp-json\/wp\/v2\/product\/3554\/revisions"}],"wp:featuredmedia":[{"embeddable":true,"href":"https:\/\/pachia.eu\/de\/wp-json\/wp\/v2\/media\/1463"}],"wp:attachment":[{"href":"https:\/\/pachia.eu\/de\/wp-json\/wp\/v2\/media?parent=3554"}],"wp:term":[{"taxonomy":"product_brand","embeddable":true,"href":"https:\/\/pachia.eu\/de\/wp-json\/wp\/v2\/product_brand?post=3554"},{"taxonomy":"product_cat","embeddable":true,"href":"https:\/\/pachia.eu\/de\/wp-json\/wp\/v2\/product_cat?post=3554"},{"taxonomy":"product_tag","embeddable":true,"href":"https:\/\/pachia.eu\/de\/wp-json\/wp\/v2\/product_tag?post=3554"},{"taxonomy":"mersalg-tag","embeddable":true,"href":"https:\/\/pachia.eu\/de\/wp-json\/wp\/v2\/mersalg-tag?post=3554"}],"curies":[{"name":"wp","href":"https:\/\/api.w.org\/{rel}","templated":true}]}}