{"id":3516,"date":"2021-06-15T11:54:23","date_gmt":"2021-06-15T09:54:23","guid":{"rendered":"https:\/\/pachia.eu\/rot-lampion-papierlampe\/"},"modified":"2021-07-05T13:51:57","modified_gmt":"2021-07-05T11:51:57","slug":"rot-lampion-papierlampe","status":"publish","type":"product","link":"https:\/\/pachia.eu\/de\/rot-lampion-papierlampe\/","title":{"rendered":"Rot Lampion"},"content":{"rendered":"<p>Dieser kr\u00e4ftige,\u00a0<a title=\"Rote Papierlampen\" href=\"https:\/\/pachia.eu\/de\/lampions-papierlampen\">rote Lampion<\/a>\u00a0spendet eine besonders sch\u00f6ne und romantische Farbe, die mit einem atmosph\u00e4rischen Licht eine sch\u00f6ne rote Farbe produziert. Das Lampion kann gut mit unseren anderen roten herzf\u00f6rmigen Lampions kombiniert werden, wenn man sich ein romantisches Thema f\u00fcr das Zimmer oder f\u00fcr die Hochzeit w\u00fcnscht.<\/p>\n<p>Kombinieren Sie gerne die Lampe mit unseren Fassungen mit Kabel, wenn Sie sie zu Hause aufh\u00e4ngen m\u00f6chten. Alternativ k\u00f6nnen Sie unser LED-Licht verwenden, wenn die Lampe nur zum Fest verwendet wird.<\/p>\n","protected":false},"excerpt":{"rendered":"<p>Dieser kr\u00e4ftige,\u00a0rote Lampion\u00a0spendet eine besonders sch\u00f6ne und romantische Farbe, die mit einem atmosph\u00e4rischen Licht eine sch\u00f6ne rote Farbe produziert. Das Lampion kann gut mit unseren anderen roten herzf\u00f6rmigen Lampions kombiniert werden, wenn man sich ein romantisches Thema f\u00fcr das Zimmer oder f\u00fcr die Hochzeit w\u00fcnscht. Kombinieren Sie gerne die Lampe mit unseren Fassungen mit Kabel, [&hellip;]<\/p>\n","protected":false},"featured_media":1487,"template":"","meta":{"_lmt_disableupdate":"no","_lmt_disable":""},"product_brand":[],"product_cat":[194,219,165,36],"product_tag":[],"mersalg-tag":[],"class_list":{"0":"post-3516","1":"product","2":"type-product","3":"status-publish","4":"has-post-thumbnail","6":"product_cat-kinderlampen","7":"product_cat-partys-deco","8":"product_cat-produkte","9":"product_cat-lampions-papierlampen","11":"first","12":"instock","13":"taxable","14":"shipping-taxable","15":"purchasable","16":"product-type-variable"},"yoast_head":"<!-- This site is optimized with the Yoast SEO plugin v27.3 - https:\/\/yoast.com\/product\/yoast-seo-wordpress\/ -->\n<title>Roter Lampion - Papierlampe in verschiedenen Gr\u00f6\u00dfen - Lampion in kr\u00e4ftigen Farben - Pachia<\/title>\n<meta name=\"description\" content=\"Sch\u00f6ner, roter Lampion in kr\u00e4ftiger Farbe. Seine durchdringende rote Farbe produziert eine besondere Stimmung f\u00fcr jedes Zimmer oder f\u00fcr die romantische Hochzeitsnacht.\" \/>\n<meta name=\"robots\" content=\"index, follow, max-snippet:-1, max-image-preview:large, max-video-preview:-1\" \/>\n<link rel=\"canonical\" href=\"https:\/\/pachia.eu\/de\/rot-lampion-papierlampe\/\" \/>\n<meta property=\"og:locale\" content=\"de_DE\" \/>\n<meta property=\"og:type\" content=\"article\" \/>\n<meta property=\"og:title\" content=\"Roter Lampion - Papierlampe in verschiedenen Gr\u00f6\u00dfen - Lampion in kr\u00e4ftigen Farben - Pachia\" \/>\n<meta property=\"og:description\" content=\"Sch\u00f6ner, roter Lampion in kr\u00e4ftiger Farbe. Seine durchdringende rote Farbe produziert eine besondere Stimmung f\u00fcr jedes Zimmer oder f\u00fcr die romantische Hochzeitsnacht.\" \/>\n<meta property=\"og:url\" content=\"https:\/\/pachia.eu\/de\/rot-lampion-papierlampe\/\" \/>\n<meta property=\"og:site_name\" content=\"Pachia\" \/>\n<meta property=\"article:publisher\" content=\"https:\/\/www.facebook.com\/pachia.shop\" \/>\n<meta property=\"article:modified_time\" content=\"2021-07-05T11:51:57+00:00\" \/>\n<meta property=\"og:image\" content=\"https:\/\/pachia.eu\/wp-content\/uploads\/2021\/06\/roed-rispapirlamper.jpg\" \/>\n\t<meta property=\"og:image:width\" content=\"2000\" \/>\n\t<meta property=\"og:image:height\" content=\"2000\" \/>\n\t<meta property=\"og:image:type\" content=\"image\/jpeg\" \/>\n<meta name=\"twitter:card\" content=\"summary_large_image\" \/>\n<script type=\"application\/ld+json\" class=\"yoast-schema-graph\">{\"@context\":\"https:\\\/\\\/schema.org\",\"@graph\":[{\"@type\":\"WebPage\",\"@id\":\"https:\\\/\\\/pachia.eu\\\/de\\\/rot-lampion-papierlampe\\\/\",\"url\":\"https:\\\/\\\/pachia.eu\\\/de\\\/rot-lampion-papierlampe\\\/\",\"name\":\"Roter Lampion - Papierlampe in verschiedenen Gr\u00f6\u00dfen - Lampion in kr\u00e4ftigen Farben - Pachia\",\"isPartOf\":{\"@id\":\"https:\\\/\\\/pachia.eu\\\/de\\\/#website\"},\"primaryImageOfPage\":{\"@id\":\"https:\\\/\\\/pachia.eu\\\/de\\\/rot-lampion-papierlampe\\\/#primaryimage\"},\"image\":{\"@id\":\"https:\\\/\\\/pachia.eu\\\/de\\\/rot-lampion-papierlampe\\\/#primaryimage\"},\"thumbnailUrl\":\"https:\\\/\\\/pachia.eu\\\/wp-content\\\/uploads\\\/2021\\\/06\\\/roed-rispapirlamper.jpg\",\"datePublished\":\"2021-06-15T09:54:23+00:00\",\"dateModified\":\"2021-07-05T11:51:57+00:00\",\"description\":\"Sch\u00f6ner, roter Lampion in kr\u00e4ftiger Farbe. Seine durchdringende rote Farbe produziert eine besondere Stimmung f\u00fcr jedes Zimmer oder f\u00fcr die romantische Hochzeitsnacht.\",\"breadcrumb\":{\"@id\":\"https:\\\/\\\/pachia.eu\\\/de\\\/rot-lampion-papierlampe\\\/#breadcrumb\"},\"inLanguage\":\"de\",\"potentialAction\":[{\"@type\":\"ReadAction\",\"target\":[\"https:\\\/\\\/pachia.eu\\\/de\\\/rot-lampion-papierlampe\\\/\"]}]},{\"@type\":\"ImageObject\",\"inLanguage\":\"de\",\"@id\":\"https:\\\/\\\/pachia.eu\\\/de\\\/rot-lampion-papierlampe\\\/#primaryimage\",\"url\":\"https:\\\/\\\/pachia.eu\\\/wp-content\\\/uploads\\\/2021\\\/06\\\/roed-rispapirlamper.jpg\",\"contentUrl\":\"https:\\\/\\\/pachia.eu\\\/wp-content\\\/uploads\\\/2021\\\/06\\\/roed-rispapirlamper.jpg\",\"width\":2000,\"height\":2000},{\"@type\":\"BreadcrumbList\",\"@id\":\"https:\\\/\\\/pachia.eu\\\/de\\\/rot-lampion-papierlampe\\\/#breadcrumb\",\"itemListElement\":[{\"@type\":\"ListItem\",\"position\":1,\"name\":\"Titelseite\",\"item\":\"https:\\\/\\\/pachia.eu\\\/de\\\/\"},{\"@type\":\"ListItem\",\"position\":2,\"name\":\"Shop\",\"item\":\"https:\\\/\\\/pachia.eu\\\/de\\\/shop-2\\\/\"},{\"@type\":\"ListItem\",\"position\":3,\"name\":\"Rot Lampion\"}]},{\"@type\":\"WebSite\",\"@id\":\"https:\\\/\\\/pachia.eu\\\/de\\\/#website\",\"url\":\"https:\\\/\\\/pachia.eu\\\/de\\\/\",\"name\":\"Pachia\",\"description\":\"\",\"publisher\":{\"@id\":\"https:\\\/\\\/pachia.eu\\\/de\\\/#organization\"},\"potentialAction\":[{\"@type\":\"SearchAction\",\"target\":{\"@type\":\"EntryPoint\",\"urlTemplate\":\"https:\\\/\\\/pachia.eu\\\/de\\\/?s={search_term_string}\"},\"query-input\":{\"@type\":\"PropertyValueSpecification\",\"valueRequired\":true,\"valueName\":\"search_term_string\"}}],\"inLanguage\":\"de\"},{\"@type\":\"Organization\",\"@id\":\"https:\\\/\\\/pachia.eu\\\/de\\\/#organization\",\"name\":\"Pachia ApS\",\"url\":\"https:\\\/\\\/pachia.eu\\\/de\\\/\",\"logo\":{\"@type\":\"ImageObject\",\"inLanguage\":\"de\",\"@id\":\"https:\\\/\\\/pachia.eu\\\/de\\\/#\\\/schema\\\/logo\\\/image\\\/\",\"url\":\"https:\\\/\\\/jocaonline.dk\\\/wp-content\\\/uploads\\\/2020\\\/10\\\/decoration-logo-small.png\",\"contentUrl\":\"https:\\\/\\\/jocaonline.dk\\\/wp-content\\\/uploads\\\/2020\\\/10\\\/decoration-logo-small.png\",\"width\":301,\"height\":100,\"caption\":\"Pachia ApS\"},\"image\":{\"@id\":\"https:\\\/\\\/pachia.eu\\\/de\\\/#\\\/schema\\\/logo\\\/image\\\/\"},\"sameAs\":[\"https:\\\/\\\/www.facebook.com\\\/pachia.shop\",\"https:\\\/\\\/www.instagram.com\\\/pachia.eu\"]}]}<\/script>\n<!-- \/ Yoast SEO plugin. -->","yoast_head_json":{"title":"Roter Lampion - Papierlampe in verschiedenen Gr\u00f6\u00dfen - Lampion in kr\u00e4ftigen Farben - Pachia","description":"Sch\u00f6ner, roter Lampion in kr\u00e4ftiger Farbe. Seine durchdringende rote Farbe produziert eine besondere Stimmung f\u00fcr jedes Zimmer oder f\u00fcr die romantische Hochzeitsnacht.","robots":{"index":"index","follow":"follow","max-snippet":"max-snippet:-1","max-image-preview":"max-image-preview:large","max-video-preview":"max-video-preview:-1"},"canonical":"https:\/\/pachia.eu\/de\/rot-lampion-papierlampe\/","og_locale":"de_DE","og_type":"article","og_title":"Roter Lampion - Papierlampe in verschiedenen Gr\u00f6\u00dfen - Lampion in kr\u00e4ftigen Farben - Pachia","og_description":"Sch\u00f6ner, roter Lampion in kr\u00e4ftiger Farbe. Seine durchdringende rote Farbe produziert eine besondere Stimmung f\u00fcr jedes Zimmer oder f\u00fcr die romantische Hochzeitsnacht.","og_url":"https:\/\/pachia.eu\/de\/rot-lampion-papierlampe\/","og_site_name":"Pachia","article_publisher":"https:\/\/www.facebook.com\/pachia.shop","article_modified_time":"2021-07-05T11:51:57+00:00","og_image":[{"width":2000,"height":2000,"url":"https:\/\/pachia.eu\/wp-content\/uploads\/2021\/06\/roed-rispapirlamper.jpg","type":"image\/jpeg"}],"twitter_card":"summary_large_image","schema":{"@context":"https:\/\/schema.org","@graph":[{"@type":"WebPage","@id":"https:\/\/pachia.eu\/de\/rot-lampion-papierlampe\/","url":"https:\/\/pachia.eu\/de\/rot-lampion-papierlampe\/","name":"Roter Lampion - Papierlampe in verschiedenen Gr\u00f6\u00dfen - Lampion in kr\u00e4ftigen Farben - Pachia","isPartOf":{"@id":"https:\/\/pachia.eu\/de\/#website"},"primaryImageOfPage":{"@id":"https:\/\/pachia.eu\/de\/rot-lampion-papierlampe\/#primaryimage"},"image":{"@id":"https:\/\/pachia.eu\/de\/rot-lampion-papierlampe\/#primaryimage"},"thumbnailUrl":"https:\/\/pachia.eu\/wp-content\/uploads\/2021\/06\/roed-rispapirlamper.jpg","datePublished":"2021-06-15T09:54:23+00:00","dateModified":"2021-07-05T11:51:57+00:00","description":"Sch\u00f6ner, roter Lampion in kr\u00e4ftiger Farbe. Seine durchdringende rote Farbe produziert eine besondere Stimmung f\u00fcr jedes Zimmer oder f\u00fcr die romantische Hochzeitsnacht.","breadcrumb":{"@id":"https:\/\/pachia.eu\/de\/rot-lampion-papierlampe\/#breadcrumb"},"inLanguage":"de","potentialAction":[{"@type":"ReadAction","target":["https:\/\/pachia.eu\/de\/rot-lampion-papierlampe\/"]}]},{"@type":"ImageObject","inLanguage":"de","@id":"https:\/\/pachia.eu\/de\/rot-lampion-papierlampe\/#primaryimage","url":"https:\/\/pachia.eu\/wp-content\/uploads\/2021\/06\/roed-rispapirlamper.jpg","contentUrl":"https:\/\/pachia.eu\/wp-content\/uploads\/2021\/06\/roed-rispapirlamper.jpg","width":2000,"height":2000},{"@type":"BreadcrumbList","@id":"https:\/\/pachia.eu\/de\/rot-lampion-papierlampe\/#breadcrumb","itemListElement":[{"@type":"ListItem","position":1,"name":"Titelseite","item":"https:\/\/pachia.eu\/de\/"},{"@type":"ListItem","position":2,"name":"Shop","item":"https:\/\/pachia.eu\/de\/shop-2\/"},{"@type":"ListItem","position":3,"name":"Rot Lampion"}]},{"@type":"WebSite","@id":"https:\/\/pachia.eu\/de\/#website","url":"https:\/\/pachia.eu\/de\/","name":"Pachia","description":"","publisher":{"@id":"https:\/\/pachia.eu\/de\/#organization"},"potentialAction":[{"@type":"SearchAction","target":{"@type":"EntryPoint","urlTemplate":"https:\/\/pachia.eu\/de\/?s={search_term_string}"},"query-input":{"@type":"PropertyValueSpecification","valueRequired":true,"valueName":"search_term_string"}}],"inLanguage":"de"},{"@type":"Organization","@id":"https:\/\/pachia.eu\/de\/#organization","name":"Pachia ApS","url":"https:\/\/pachia.eu\/de\/","logo":{"@type":"ImageObject","inLanguage":"de","@id":"https:\/\/pachia.eu\/de\/#\/schema\/logo\/image\/","url":"https:\/\/jocaonline.dk\/wp-content\/uploads\/2020\/10\/decoration-logo-small.png","contentUrl":"https:\/\/jocaonline.dk\/wp-content\/uploads\/2020\/10\/decoration-logo-small.png","width":301,"height":100,"caption":"Pachia ApS"},"image":{"@id":"https:\/\/pachia.eu\/de\/#\/schema\/logo\/image\/"},"sameAs":["https:\/\/www.facebook.com\/pachia.shop","https:\/\/www.instagram.com\/pachia.eu"]}]}},"_links":{"self":[{"href":"https:\/\/pachia.eu\/de\/wp-json\/wp\/v2\/product\/3516","targetHints":{"allow":["GET"]}}],"collection":[{"href":"https:\/\/pachia.eu\/de\/wp-json\/wp\/v2\/product"}],"about":[{"href":"https:\/\/pachia.eu\/de\/wp-json\/wp\/v2\/types\/product"}],"version-history":[{"count":0,"href":"https:\/\/pachia.eu\/de\/wp-json\/wp\/v2\/product\/3516\/revisions"}],"wp:featuredmedia":[{"embeddable":true,"href":"https:\/\/pachia.eu\/de\/wp-json\/wp\/v2\/media\/1487"}],"wp:attachment":[{"href":"https:\/\/pachia.eu\/de\/wp-json\/wp\/v2\/media?parent=3516"}],"wp:term":[{"taxonomy":"product_brand","embeddable":true,"href":"https:\/\/pachia.eu\/de\/wp-json\/wp\/v2\/product_brand?post=3516"},{"taxonomy":"product_cat","embeddable":true,"href":"https:\/\/pachia.eu\/de\/wp-json\/wp\/v2\/product_cat?post=3516"},{"taxonomy":"product_tag","embeddable":true,"href":"https:\/\/pachia.eu\/de\/wp-json\/wp\/v2\/product_tag?post=3516"},{"taxonomy":"mersalg-tag","embeddable":true,"href":"https:\/\/pachia.eu\/de\/wp-json\/wp\/v2\/mersalg-tag?post=3516"}],"curies":[{"name":"wp","href":"https:\/\/api.w.org\/{rel}","templated":true}]}}