{"id":3472,"date":"2021-06-15T14:01:12","date_gmt":"2021-06-15T12:01:12","guid":{"rendered":"https:\/\/pachia.eu\/pink-lampion-papierlampe\/"},"modified":"2021-07-05T13:46:59","modified_gmt":"2021-07-05T11:46:59","slug":"pink-lampion-papierlampe","status":"publish","type":"product","link":"https:\/\/pachia.eu\/de\/pink-lampion-papierlampe\/","title":{"rendered":"Pink Lampion"},"content":{"rendered":"<p>Unser pinkes Papierlampe hat eine einzigartig frische Farbe, die gut zu einem M\u00e4dchenzimmer, einem Kindergeburtstag oder zur Hochzeit passt. Das zarte Pink passt gut zur Party oder zur Einrichtung. Schm\u00fccken Sie das Prinzessenzimmer mit dieser sch\u00f6nen Lampe, die sowohl mit als auch ohne Licht verwendet werden kann. Mischen Sie es gerne auch mit unseren pinken Pompons, Laternen und Lichtt\u00fcten.<\/p>\n<p><a title=\"Dieses Lampion kann kombiniert werden\" href=\"https:\/\/pachia.eu\/de\/lampions-papierlampen\">Dieses Lampion kann gut mit mintgr\u00fcn, taubengrau oder wei\u00df kombiniert werden<\/a>, wenn man sich Variation im Festthema w\u00fcnscht.<\/p>\n","protected":false},"excerpt":{"rendered":"<p>Unser pinkes Papierlampe hat eine einzigartig frische Farbe, die gut zu einem M\u00e4dchenzimmer, einem Kindergeburtstag oder zur Hochzeit passt. Das zarte Pink passt gut zur Party oder zur Einrichtung. Schm\u00fccken Sie das Prinzessenzimmer mit dieser sch\u00f6nen Lampe, die sowohl mit als auch ohne Licht verwendet werden kann. Mischen Sie es gerne auch mit unseren pinken [&hellip;]<\/p>\n","protected":false},"featured_media":1515,"template":"","meta":{"_lmt_disableupdate":"no","_lmt_disable":""},"product_brand":[],"product_cat":[194,219,165,36],"product_tag":[],"mersalg-tag":[],"class_list":{"0":"post-3472","1":"product","2":"type-product","3":"status-publish","4":"has-post-thumbnail","6":"product_cat-kinderlampen","7":"product_cat-partys-deco","8":"product_cat-produkte","9":"product_cat-lampions-papierlampen","11":"first","12":"instock","13":"taxable","14":"shipping-taxable","15":"purchasable","16":"product-type-variable"},"yoast_head":"<!-- This site is optimized with the Yoast SEO plugin v27.3 - https:\/\/yoast.com\/product\/yoast-seo-wordpress\/ -->\n<title>Sch\u00f6nes, pinkes Lampion - Papierlampe f\u00fcr\u2019s Kinderzimmer oder der Hochzeit - Pachia<\/title>\n<meta name=\"description\" content=\"Unser pinkes Papierlampe ist handgemacht und in verschiedenen Gr\u00f6\u00dfen erh\u00e4ltlich. Das Lampion eignet sich gut als Beleuchtung zur Hochzeit, zum Kindergeburtstag oder zum Fest.\" \/>\n<meta name=\"robots\" content=\"index, follow, max-snippet:-1, max-image-preview:large, max-video-preview:-1\" \/>\n<link rel=\"canonical\" href=\"https:\/\/pachia.eu\/de\/pink-lampion-papierlampe\/\" \/>\n<meta property=\"og:locale\" content=\"de_DE\" \/>\n<meta property=\"og:type\" content=\"article\" \/>\n<meta property=\"og:title\" content=\"Sch\u00f6nes, pinkes Lampion - Papierlampe f\u00fcr\u2019s Kinderzimmer oder der Hochzeit - Pachia\" \/>\n<meta property=\"og:description\" content=\"Unser pinkes Papierlampe ist handgemacht und in verschiedenen Gr\u00f6\u00dfen erh\u00e4ltlich. Das Lampion eignet sich gut als Beleuchtung zur Hochzeit, zum Kindergeburtstag oder zum Fest.\" \/>\n<meta property=\"og:url\" content=\"https:\/\/pachia.eu\/de\/pink-lampion-papierlampe\/\" \/>\n<meta property=\"og:site_name\" content=\"Pachia\" \/>\n<meta property=\"article:publisher\" content=\"https:\/\/www.facebook.com\/pachia.shop\" \/>\n<meta property=\"article:modified_time\" content=\"2021-07-05T11:46:59+00:00\" \/>\n<meta property=\"og:image\" content=\"https:\/\/pachia.eu\/wp-content\/uploads\/2021\/06\/pink-rispapirlampe.jpg\" \/>\n\t<meta property=\"og:image:width\" content=\"2000\" \/>\n\t<meta property=\"og:image:height\" content=\"2000\" \/>\n\t<meta property=\"og:image:type\" content=\"image\/jpeg\" \/>\n<meta name=\"twitter:card\" content=\"summary_large_image\" \/>\n<script type=\"application\/ld+json\" class=\"yoast-schema-graph\">{\"@context\":\"https:\\\/\\\/schema.org\",\"@graph\":[{\"@type\":\"WebPage\",\"@id\":\"https:\\\/\\\/pachia.eu\\\/de\\\/pink-lampion-papierlampe\\\/\",\"url\":\"https:\\\/\\\/pachia.eu\\\/de\\\/pink-lampion-papierlampe\\\/\",\"name\":\"Sch\u00f6nes, pinkes Lampion - Papierlampe f\u00fcr\u2019s Kinderzimmer oder der Hochzeit - Pachia\",\"isPartOf\":{\"@id\":\"https:\\\/\\\/pachia.eu\\\/de\\\/#website\"},\"primaryImageOfPage\":{\"@id\":\"https:\\\/\\\/pachia.eu\\\/de\\\/pink-lampion-papierlampe\\\/#primaryimage\"},\"image\":{\"@id\":\"https:\\\/\\\/pachia.eu\\\/de\\\/pink-lampion-papierlampe\\\/#primaryimage\"},\"thumbnailUrl\":\"https:\\\/\\\/pachia.eu\\\/wp-content\\\/uploads\\\/2021\\\/06\\\/pink-rispapirlampe.jpg\",\"datePublished\":\"2021-06-15T12:01:12+00:00\",\"dateModified\":\"2021-07-05T11:46:59+00:00\",\"description\":\"Unser pinkes Papierlampe ist handgemacht und in verschiedenen Gr\u00f6\u00dfen erh\u00e4ltlich. Das Lampion eignet sich gut als Beleuchtung zur Hochzeit, zum Kindergeburtstag oder zum Fest.\",\"breadcrumb\":{\"@id\":\"https:\\\/\\\/pachia.eu\\\/de\\\/pink-lampion-papierlampe\\\/#breadcrumb\"},\"inLanguage\":\"de\",\"potentialAction\":[{\"@type\":\"ReadAction\",\"target\":[\"https:\\\/\\\/pachia.eu\\\/de\\\/pink-lampion-papierlampe\\\/\"]}]},{\"@type\":\"ImageObject\",\"inLanguage\":\"de\",\"@id\":\"https:\\\/\\\/pachia.eu\\\/de\\\/pink-lampion-papierlampe\\\/#primaryimage\",\"url\":\"https:\\\/\\\/pachia.eu\\\/wp-content\\\/uploads\\\/2021\\\/06\\\/pink-rispapirlampe.jpg\",\"contentUrl\":\"https:\\\/\\\/pachia.eu\\\/wp-content\\\/uploads\\\/2021\\\/06\\\/pink-rispapirlampe.jpg\",\"width\":2000,\"height\":2000},{\"@type\":\"BreadcrumbList\",\"@id\":\"https:\\\/\\\/pachia.eu\\\/de\\\/pink-lampion-papierlampe\\\/#breadcrumb\",\"itemListElement\":[{\"@type\":\"ListItem\",\"position\":1,\"name\":\"Titelseite\",\"item\":\"https:\\\/\\\/pachia.eu\\\/de\\\/\"},{\"@type\":\"ListItem\",\"position\":2,\"name\":\"Shop\",\"item\":\"https:\\\/\\\/pachia.eu\\\/de\\\/shop-2\\\/\"},{\"@type\":\"ListItem\",\"position\":3,\"name\":\"Pink Lampion\"}]},{\"@type\":\"WebSite\",\"@id\":\"https:\\\/\\\/pachia.eu\\\/de\\\/#website\",\"url\":\"https:\\\/\\\/pachia.eu\\\/de\\\/\",\"name\":\"Pachia\",\"description\":\"\",\"publisher\":{\"@id\":\"https:\\\/\\\/pachia.eu\\\/de\\\/#organization\"},\"potentialAction\":[{\"@type\":\"SearchAction\",\"target\":{\"@type\":\"EntryPoint\",\"urlTemplate\":\"https:\\\/\\\/pachia.eu\\\/de\\\/?s={search_term_string}\"},\"query-input\":{\"@type\":\"PropertyValueSpecification\",\"valueRequired\":true,\"valueName\":\"search_term_string\"}}],\"inLanguage\":\"de\"},{\"@type\":\"Organization\",\"@id\":\"https:\\\/\\\/pachia.eu\\\/de\\\/#organization\",\"name\":\"Pachia ApS\",\"url\":\"https:\\\/\\\/pachia.eu\\\/de\\\/\",\"logo\":{\"@type\":\"ImageObject\",\"inLanguage\":\"de\",\"@id\":\"https:\\\/\\\/pachia.eu\\\/de\\\/#\\\/schema\\\/logo\\\/image\\\/\",\"url\":\"https:\\\/\\\/jocaonline.dk\\\/wp-content\\\/uploads\\\/2020\\\/10\\\/decoration-logo-small.png\",\"contentUrl\":\"https:\\\/\\\/jocaonline.dk\\\/wp-content\\\/uploads\\\/2020\\\/10\\\/decoration-logo-small.png\",\"width\":301,\"height\":100,\"caption\":\"Pachia ApS\"},\"image\":{\"@id\":\"https:\\\/\\\/pachia.eu\\\/de\\\/#\\\/schema\\\/logo\\\/image\\\/\"},\"sameAs\":[\"https:\\\/\\\/www.facebook.com\\\/pachia.shop\",\"https:\\\/\\\/www.instagram.com\\\/pachia.eu\"]}]}<\/script>\n<!-- \/ Yoast SEO plugin. -->","yoast_head_json":{"title":"Sch\u00f6nes, pinkes Lampion - Papierlampe f\u00fcr\u2019s Kinderzimmer oder der Hochzeit - Pachia","description":"Unser pinkes Papierlampe ist handgemacht und in verschiedenen Gr\u00f6\u00dfen erh\u00e4ltlich. Das Lampion eignet sich gut als Beleuchtung zur Hochzeit, zum Kindergeburtstag oder zum Fest.","robots":{"index":"index","follow":"follow","max-snippet":"max-snippet:-1","max-image-preview":"max-image-preview:large","max-video-preview":"max-video-preview:-1"},"canonical":"https:\/\/pachia.eu\/de\/pink-lampion-papierlampe\/","og_locale":"de_DE","og_type":"article","og_title":"Sch\u00f6nes, pinkes Lampion - Papierlampe f\u00fcr\u2019s Kinderzimmer oder der Hochzeit - Pachia","og_description":"Unser pinkes Papierlampe ist handgemacht und in verschiedenen Gr\u00f6\u00dfen erh\u00e4ltlich. Das Lampion eignet sich gut als Beleuchtung zur Hochzeit, zum Kindergeburtstag oder zum Fest.","og_url":"https:\/\/pachia.eu\/de\/pink-lampion-papierlampe\/","og_site_name":"Pachia","article_publisher":"https:\/\/www.facebook.com\/pachia.shop","article_modified_time":"2021-07-05T11:46:59+00:00","og_image":[{"width":2000,"height":2000,"url":"https:\/\/pachia.eu\/wp-content\/uploads\/2021\/06\/pink-rispapirlampe.jpg","type":"image\/jpeg"}],"twitter_card":"summary_large_image","schema":{"@context":"https:\/\/schema.org","@graph":[{"@type":"WebPage","@id":"https:\/\/pachia.eu\/de\/pink-lampion-papierlampe\/","url":"https:\/\/pachia.eu\/de\/pink-lampion-papierlampe\/","name":"Sch\u00f6nes, pinkes Lampion - Papierlampe f\u00fcr\u2019s Kinderzimmer oder der Hochzeit - Pachia","isPartOf":{"@id":"https:\/\/pachia.eu\/de\/#website"},"primaryImageOfPage":{"@id":"https:\/\/pachia.eu\/de\/pink-lampion-papierlampe\/#primaryimage"},"image":{"@id":"https:\/\/pachia.eu\/de\/pink-lampion-papierlampe\/#primaryimage"},"thumbnailUrl":"https:\/\/pachia.eu\/wp-content\/uploads\/2021\/06\/pink-rispapirlampe.jpg","datePublished":"2021-06-15T12:01:12+00:00","dateModified":"2021-07-05T11:46:59+00:00","description":"Unser pinkes Papierlampe ist handgemacht und in verschiedenen Gr\u00f6\u00dfen erh\u00e4ltlich. Das Lampion eignet sich gut als Beleuchtung zur Hochzeit, zum Kindergeburtstag oder zum Fest.","breadcrumb":{"@id":"https:\/\/pachia.eu\/de\/pink-lampion-papierlampe\/#breadcrumb"},"inLanguage":"de","potentialAction":[{"@type":"ReadAction","target":["https:\/\/pachia.eu\/de\/pink-lampion-papierlampe\/"]}]},{"@type":"ImageObject","inLanguage":"de","@id":"https:\/\/pachia.eu\/de\/pink-lampion-papierlampe\/#primaryimage","url":"https:\/\/pachia.eu\/wp-content\/uploads\/2021\/06\/pink-rispapirlampe.jpg","contentUrl":"https:\/\/pachia.eu\/wp-content\/uploads\/2021\/06\/pink-rispapirlampe.jpg","width":2000,"height":2000},{"@type":"BreadcrumbList","@id":"https:\/\/pachia.eu\/de\/pink-lampion-papierlampe\/#breadcrumb","itemListElement":[{"@type":"ListItem","position":1,"name":"Titelseite","item":"https:\/\/pachia.eu\/de\/"},{"@type":"ListItem","position":2,"name":"Shop","item":"https:\/\/pachia.eu\/de\/shop-2\/"},{"@type":"ListItem","position":3,"name":"Pink Lampion"}]},{"@type":"WebSite","@id":"https:\/\/pachia.eu\/de\/#website","url":"https:\/\/pachia.eu\/de\/","name":"Pachia","description":"","publisher":{"@id":"https:\/\/pachia.eu\/de\/#organization"},"potentialAction":[{"@type":"SearchAction","target":{"@type":"EntryPoint","urlTemplate":"https:\/\/pachia.eu\/de\/?s={search_term_string}"},"query-input":{"@type":"PropertyValueSpecification","valueRequired":true,"valueName":"search_term_string"}}],"inLanguage":"de"},{"@type":"Organization","@id":"https:\/\/pachia.eu\/de\/#organization","name":"Pachia ApS","url":"https:\/\/pachia.eu\/de\/","logo":{"@type":"ImageObject","inLanguage":"de","@id":"https:\/\/pachia.eu\/de\/#\/schema\/logo\/image\/","url":"https:\/\/jocaonline.dk\/wp-content\/uploads\/2020\/10\/decoration-logo-small.png","contentUrl":"https:\/\/jocaonline.dk\/wp-content\/uploads\/2020\/10\/decoration-logo-small.png","width":301,"height":100,"caption":"Pachia ApS"},"image":{"@id":"https:\/\/pachia.eu\/de\/#\/schema\/logo\/image\/"},"sameAs":["https:\/\/www.facebook.com\/pachia.shop","https:\/\/www.instagram.com\/pachia.eu"]}]}},"_links":{"self":[{"href":"https:\/\/pachia.eu\/de\/wp-json\/wp\/v2\/product\/3472","targetHints":{"allow":["GET"]}}],"collection":[{"href":"https:\/\/pachia.eu\/de\/wp-json\/wp\/v2\/product"}],"about":[{"href":"https:\/\/pachia.eu\/de\/wp-json\/wp\/v2\/types\/product"}],"version-history":[{"count":0,"href":"https:\/\/pachia.eu\/de\/wp-json\/wp\/v2\/product\/3472\/revisions"}],"wp:featuredmedia":[{"embeddable":true,"href":"https:\/\/pachia.eu\/de\/wp-json\/wp\/v2\/media\/1515"}],"wp:attachment":[{"href":"https:\/\/pachia.eu\/de\/wp-json\/wp\/v2\/media?parent=3472"}],"wp:term":[{"taxonomy":"product_brand","embeddable":true,"href":"https:\/\/pachia.eu\/de\/wp-json\/wp\/v2\/product_brand?post=3472"},{"taxonomy":"product_cat","embeddable":true,"href":"https:\/\/pachia.eu\/de\/wp-json\/wp\/v2\/product_cat?post=3472"},{"taxonomy":"product_tag","embeddable":true,"href":"https:\/\/pachia.eu\/de\/wp-json\/wp\/v2\/product_tag?post=3472"},{"taxonomy":"mersalg-tag","embeddable":true,"href":"https:\/\/pachia.eu\/de\/wp-json\/wp\/v2\/mersalg-tag?post=3472"}],"curies":[{"name":"wp","href":"https:\/\/api.w.org\/{rel}","templated":true}]}}