{"id":3421,"date":"2021-06-15T14:53:04","date_gmt":"2021-06-15T12:53:04","guid":{"rendered":"https:\/\/pachia.eu\/ozeanblau-lampion\/"},"modified":"2021-07-05T13:40:49","modified_gmt":"2021-07-05T11:40:49","slug":"ozeanblau-lampion","status":"publish","type":"product","link":"https:\/\/pachia.eu\/de\/ozeanblau-lampion\/","title":{"rendered":"Ozeanblau Lampion"},"content":{"rendered":"<p>W\u00fcnschen Sie sich ein meerblaues Lampion, das ein weiches, blaues Licht spendet, dann ist diese Lampe genau die richtige f\u00fcr Sie. Das Lampion passt gut zu einem Zimmer, das einen Bedarf hat an einer sch\u00f6nen, komplement\u00e4ren Farbe. Das Lampion kann gut mit unseren wei\u00dfen Lampions kombiniert werden, wenn man auf der Suche nach einem\u00a0<a href=\"https:\/\/pachia.eu\/de\/lampions-papierlampen\">sch\u00f6nen Resultat mit mehreren verschiedenen Lampions ist<\/a>.<\/p>\n","protected":false},"excerpt":{"rendered":"<p>W\u00fcnschen Sie sich ein meerblaues Lampion, das ein weiches, blaues Licht spendet, dann ist diese Lampe genau die richtige f\u00fcr Sie. Das Lampion passt gut zu einem Zimmer, das einen Bedarf hat an einer sch\u00f6nen, komplement\u00e4ren Farbe. Das Lampion kann gut mit unseren wei\u00dfen Lampions kombiniert werden, wenn man auf der Suche nach einem\u00a0sch\u00f6nen Resultat [&hellip;]<\/p>\n","protected":false},"featured_media":1599,"template":"","meta":{"_lmt_disableupdate":"no","_lmt_disable":""},"product_brand":[],"product_cat":[194,219,165,36],"product_tag":[],"mersalg-tag":[],"class_list":{"0":"post-3421","1":"product","2":"type-product","3":"status-publish","4":"has-post-thumbnail","6":"product_cat-kinderlampen","7":"product_cat-partys-deco","8":"product_cat-produkte","9":"product_cat-lampions-papierlampen","11":"first","12":"instock","13":"taxable","14":"shipping-taxable","15":"purchasable","16":"product-type-variable"},"yoast_head":"<!-- This site is optimized with the Yoast SEO plugin v27.3 - https:\/\/yoast.com\/product\/yoast-seo-wordpress\/ -->\n<title>Meerblaues Lampion f\u00fcr das Gartenfest, der Hochzeit oder der Konfirmation - Pachia<\/title>\n<meta name=\"description\" content=\"Mischen Sie dieses meerblaue Lampion mit unseren anderen Lampions in den blauen Nuancen, um ein angenehmes Thema f\u00fcr Ihr Fest oder Ihre Hochzeit zu gestalten.\" \/>\n<meta name=\"robots\" content=\"index, follow, max-snippet:-1, max-image-preview:large, max-video-preview:-1\" \/>\n<link rel=\"canonical\" href=\"https:\/\/pachia.eu\/de\/ozeanblau-lampion\/\" \/>\n<meta property=\"og:locale\" content=\"de_DE\" \/>\n<meta property=\"og:type\" content=\"article\" \/>\n<meta property=\"og:title\" content=\"Meerblaues Lampion f\u00fcr das Gartenfest, der Hochzeit oder der Konfirmation - Pachia\" \/>\n<meta property=\"og:description\" content=\"Mischen Sie dieses meerblaue Lampion mit unseren anderen Lampions in den blauen Nuancen, um ein angenehmes Thema f\u00fcr Ihr Fest oder Ihre Hochzeit zu gestalten.\" \/>\n<meta property=\"og:url\" content=\"https:\/\/pachia.eu\/de\/ozeanblau-lampion\/\" \/>\n<meta property=\"og:site_name\" content=\"Pachia\" \/>\n<meta property=\"article:publisher\" content=\"https:\/\/www.facebook.com\/pachia.shop\" \/>\n<meta property=\"article:modified_time\" content=\"2021-07-05T11:40:49+00:00\" \/>\n<meta property=\"og:image\" content=\"https:\/\/pachia.eu\/wp-content\/uploads\/2021\/06\/havbla\u030a-rispapirlampe.jpg\" \/>\n\t<meta property=\"og:image:width\" content=\"2000\" \/>\n\t<meta property=\"og:image:height\" content=\"2000\" \/>\n\t<meta property=\"og:image:type\" content=\"image\/jpeg\" \/>\n<meta name=\"twitter:card\" content=\"summary_large_image\" \/>\n<script type=\"application\/ld+json\" class=\"yoast-schema-graph\">{\"@context\":\"https:\\\/\\\/schema.org\",\"@graph\":[{\"@type\":\"WebPage\",\"@id\":\"https:\\\/\\\/pachia.eu\\\/de\\\/ozeanblau-lampion\\\/\",\"url\":\"https:\\\/\\\/pachia.eu\\\/de\\\/ozeanblau-lampion\\\/\",\"name\":\"Meerblaues Lampion f\u00fcr das Gartenfest, der Hochzeit oder der Konfirmation - Pachia\",\"isPartOf\":{\"@id\":\"https:\\\/\\\/pachia.eu\\\/de\\\/#website\"},\"primaryImageOfPage\":{\"@id\":\"https:\\\/\\\/pachia.eu\\\/de\\\/ozeanblau-lampion\\\/#primaryimage\"},\"image\":{\"@id\":\"https:\\\/\\\/pachia.eu\\\/de\\\/ozeanblau-lampion\\\/#primaryimage\"},\"thumbnailUrl\":\"https:\\\/\\\/pachia.eu\\\/wp-content\\\/uploads\\\/2021\\\/06\\\/havbla\u030a-rispapirlampe.jpg\",\"datePublished\":\"2021-06-15T12:53:04+00:00\",\"dateModified\":\"2021-07-05T11:40:49+00:00\",\"description\":\"Mischen Sie dieses meerblaue Lampion mit unseren anderen Lampions in den blauen Nuancen, um ein angenehmes Thema f\u00fcr Ihr Fest oder Ihre Hochzeit zu gestalten.\",\"breadcrumb\":{\"@id\":\"https:\\\/\\\/pachia.eu\\\/de\\\/ozeanblau-lampion\\\/#breadcrumb\"},\"inLanguage\":\"de\",\"potentialAction\":[{\"@type\":\"ReadAction\",\"target\":[\"https:\\\/\\\/pachia.eu\\\/de\\\/ozeanblau-lampion\\\/\"]}]},{\"@type\":\"ImageObject\",\"inLanguage\":\"de\",\"@id\":\"https:\\\/\\\/pachia.eu\\\/de\\\/ozeanblau-lampion\\\/#primaryimage\",\"url\":\"https:\\\/\\\/pachia.eu\\\/wp-content\\\/uploads\\\/2021\\\/06\\\/havbla\u030a-rispapirlampe.jpg\",\"contentUrl\":\"https:\\\/\\\/pachia.eu\\\/wp-content\\\/uploads\\\/2021\\\/06\\\/havbla\u030a-rispapirlampe.jpg\",\"width\":2000,\"height\":2000},{\"@type\":\"BreadcrumbList\",\"@id\":\"https:\\\/\\\/pachia.eu\\\/de\\\/ozeanblau-lampion\\\/#breadcrumb\",\"itemListElement\":[{\"@type\":\"ListItem\",\"position\":1,\"name\":\"Titelseite\",\"item\":\"https:\\\/\\\/pachia.eu\\\/de\\\/\"},{\"@type\":\"ListItem\",\"position\":2,\"name\":\"Shop\",\"item\":\"https:\\\/\\\/pachia.eu\\\/de\\\/shop-2\\\/\"},{\"@type\":\"ListItem\",\"position\":3,\"name\":\"Ozeanblau Lampion\"}]},{\"@type\":\"WebSite\",\"@id\":\"https:\\\/\\\/pachia.eu\\\/de\\\/#website\",\"url\":\"https:\\\/\\\/pachia.eu\\\/de\\\/\",\"name\":\"Pachia\",\"description\":\"\",\"publisher\":{\"@id\":\"https:\\\/\\\/pachia.eu\\\/de\\\/#organization\"},\"potentialAction\":[{\"@type\":\"SearchAction\",\"target\":{\"@type\":\"EntryPoint\",\"urlTemplate\":\"https:\\\/\\\/pachia.eu\\\/de\\\/?s={search_term_string}\"},\"query-input\":{\"@type\":\"PropertyValueSpecification\",\"valueRequired\":true,\"valueName\":\"search_term_string\"}}],\"inLanguage\":\"de\"},{\"@type\":\"Organization\",\"@id\":\"https:\\\/\\\/pachia.eu\\\/de\\\/#organization\",\"name\":\"Pachia ApS\",\"url\":\"https:\\\/\\\/pachia.eu\\\/de\\\/\",\"logo\":{\"@type\":\"ImageObject\",\"inLanguage\":\"de\",\"@id\":\"https:\\\/\\\/pachia.eu\\\/de\\\/#\\\/schema\\\/logo\\\/image\\\/\",\"url\":\"https:\\\/\\\/jocaonline.dk\\\/wp-content\\\/uploads\\\/2020\\\/10\\\/decoration-logo-small.png\",\"contentUrl\":\"https:\\\/\\\/jocaonline.dk\\\/wp-content\\\/uploads\\\/2020\\\/10\\\/decoration-logo-small.png\",\"width\":301,\"height\":100,\"caption\":\"Pachia ApS\"},\"image\":{\"@id\":\"https:\\\/\\\/pachia.eu\\\/de\\\/#\\\/schema\\\/logo\\\/image\\\/\"},\"sameAs\":[\"https:\\\/\\\/www.facebook.com\\\/pachia.shop\",\"https:\\\/\\\/www.instagram.com\\\/pachia.eu\"]}]}<\/script>\n<!-- \/ Yoast SEO plugin. -->","yoast_head_json":{"title":"Meerblaues Lampion f\u00fcr das Gartenfest, der Hochzeit oder der Konfirmation - Pachia","description":"Mischen Sie dieses meerblaue Lampion mit unseren anderen Lampions in den blauen Nuancen, um ein angenehmes Thema f\u00fcr Ihr Fest oder Ihre Hochzeit zu gestalten.","robots":{"index":"index","follow":"follow","max-snippet":"max-snippet:-1","max-image-preview":"max-image-preview:large","max-video-preview":"max-video-preview:-1"},"canonical":"https:\/\/pachia.eu\/de\/ozeanblau-lampion\/","og_locale":"de_DE","og_type":"article","og_title":"Meerblaues Lampion f\u00fcr das Gartenfest, der Hochzeit oder der Konfirmation - Pachia","og_description":"Mischen Sie dieses meerblaue Lampion mit unseren anderen Lampions in den blauen Nuancen, um ein angenehmes Thema f\u00fcr Ihr Fest oder Ihre Hochzeit zu gestalten.","og_url":"https:\/\/pachia.eu\/de\/ozeanblau-lampion\/","og_site_name":"Pachia","article_publisher":"https:\/\/www.facebook.com\/pachia.shop","article_modified_time":"2021-07-05T11:40:49+00:00","og_image":[{"width":2000,"height":2000,"url":"https:\/\/pachia.eu\/wp-content\/uploads\/2021\/06\/havbla\u030a-rispapirlampe.jpg","type":"image\/jpeg"}],"twitter_card":"summary_large_image","schema":{"@context":"https:\/\/schema.org","@graph":[{"@type":"WebPage","@id":"https:\/\/pachia.eu\/de\/ozeanblau-lampion\/","url":"https:\/\/pachia.eu\/de\/ozeanblau-lampion\/","name":"Meerblaues Lampion f\u00fcr das Gartenfest, der Hochzeit oder der Konfirmation - Pachia","isPartOf":{"@id":"https:\/\/pachia.eu\/de\/#website"},"primaryImageOfPage":{"@id":"https:\/\/pachia.eu\/de\/ozeanblau-lampion\/#primaryimage"},"image":{"@id":"https:\/\/pachia.eu\/de\/ozeanblau-lampion\/#primaryimage"},"thumbnailUrl":"https:\/\/pachia.eu\/wp-content\/uploads\/2021\/06\/havbla\u030a-rispapirlampe.jpg","datePublished":"2021-06-15T12:53:04+00:00","dateModified":"2021-07-05T11:40:49+00:00","description":"Mischen Sie dieses meerblaue Lampion mit unseren anderen Lampions in den blauen Nuancen, um ein angenehmes Thema f\u00fcr Ihr Fest oder Ihre Hochzeit zu gestalten.","breadcrumb":{"@id":"https:\/\/pachia.eu\/de\/ozeanblau-lampion\/#breadcrumb"},"inLanguage":"de","potentialAction":[{"@type":"ReadAction","target":["https:\/\/pachia.eu\/de\/ozeanblau-lampion\/"]}]},{"@type":"ImageObject","inLanguage":"de","@id":"https:\/\/pachia.eu\/de\/ozeanblau-lampion\/#primaryimage","url":"https:\/\/pachia.eu\/wp-content\/uploads\/2021\/06\/havbla\u030a-rispapirlampe.jpg","contentUrl":"https:\/\/pachia.eu\/wp-content\/uploads\/2021\/06\/havbla\u030a-rispapirlampe.jpg","width":2000,"height":2000},{"@type":"BreadcrumbList","@id":"https:\/\/pachia.eu\/de\/ozeanblau-lampion\/#breadcrumb","itemListElement":[{"@type":"ListItem","position":1,"name":"Titelseite","item":"https:\/\/pachia.eu\/de\/"},{"@type":"ListItem","position":2,"name":"Shop","item":"https:\/\/pachia.eu\/de\/shop-2\/"},{"@type":"ListItem","position":3,"name":"Ozeanblau Lampion"}]},{"@type":"WebSite","@id":"https:\/\/pachia.eu\/de\/#website","url":"https:\/\/pachia.eu\/de\/","name":"Pachia","description":"","publisher":{"@id":"https:\/\/pachia.eu\/de\/#organization"},"potentialAction":[{"@type":"SearchAction","target":{"@type":"EntryPoint","urlTemplate":"https:\/\/pachia.eu\/de\/?s={search_term_string}"},"query-input":{"@type":"PropertyValueSpecification","valueRequired":true,"valueName":"search_term_string"}}],"inLanguage":"de"},{"@type":"Organization","@id":"https:\/\/pachia.eu\/de\/#organization","name":"Pachia ApS","url":"https:\/\/pachia.eu\/de\/","logo":{"@type":"ImageObject","inLanguage":"de","@id":"https:\/\/pachia.eu\/de\/#\/schema\/logo\/image\/","url":"https:\/\/jocaonline.dk\/wp-content\/uploads\/2020\/10\/decoration-logo-small.png","contentUrl":"https:\/\/jocaonline.dk\/wp-content\/uploads\/2020\/10\/decoration-logo-small.png","width":301,"height":100,"caption":"Pachia ApS"},"image":{"@id":"https:\/\/pachia.eu\/de\/#\/schema\/logo\/image\/"},"sameAs":["https:\/\/www.facebook.com\/pachia.shop","https:\/\/www.instagram.com\/pachia.eu"]}]}},"_links":{"self":[{"href":"https:\/\/pachia.eu\/de\/wp-json\/wp\/v2\/product\/3421","targetHints":{"allow":["GET"]}}],"collection":[{"href":"https:\/\/pachia.eu\/de\/wp-json\/wp\/v2\/product"}],"about":[{"href":"https:\/\/pachia.eu\/de\/wp-json\/wp\/v2\/types\/product"}],"version-history":[{"count":0,"href":"https:\/\/pachia.eu\/de\/wp-json\/wp\/v2\/product\/3421\/revisions"}],"wp:featuredmedia":[{"embeddable":true,"href":"https:\/\/pachia.eu\/de\/wp-json\/wp\/v2\/media\/1599"}],"wp:attachment":[{"href":"https:\/\/pachia.eu\/de\/wp-json\/wp\/v2\/media?parent=3421"}],"wp:term":[{"taxonomy":"product_brand","embeddable":true,"href":"https:\/\/pachia.eu\/de\/wp-json\/wp\/v2\/product_brand?post=3421"},{"taxonomy":"product_cat","embeddable":true,"href":"https:\/\/pachia.eu\/de\/wp-json\/wp\/v2\/product_cat?post=3421"},{"taxonomy":"product_tag","embeddable":true,"href":"https:\/\/pachia.eu\/de\/wp-json\/wp\/v2\/product_tag?post=3421"},{"taxonomy":"mersalg-tag","embeddable":true,"href":"https:\/\/pachia.eu\/de\/wp-json\/wp\/v2\/mersalg-tag?post=3421"}],"curies":[{"name":"wp","href":"https:\/\/api.w.org\/{rel}","templated":true}]}}