{"id":3384,"date":"2021-06-15T15:41:46","date_gmt":"2021-06-15T13:41:46","guid":{"rendered":"https:\/\/pachia.eu\/salbei-lampion-papierlampe\/"},"modified":"2021-07-05T13:35:35","modified_gmt":"2021-07-05T11:35:35","slug":"salbei-lampion-papierlampe","status":"publish","type":"product","link":"https:\/\/pachia.eu\/de\/salbei-lampion-papierlampe\/","title":{"rendered":"Salbei Lampion"},"content":{"rendered":"<p>Hier haben wir eine der neuen Farben bei unseren gr\u00fcnen Nuancen. Das Salbei-Lampion. Die Papierlampe spendet eine sch\u00f6ne gr\u00fcne Farbe in der Farbe Salbei. Sie passt gut zusammen mit unseren Pflaumen- und Olivenlampions und k\u00f6nnen mit unseren anderen gr\u00fcnlichen Nuancen kombiniert werden, wenn man lieber eine einzelne Nuance m\u00f6chte.<\/p>\n<p>Sehen Sie alle\u00a0<a title=\"Papierlampen kaufen\" href=\"https:\/\/pachia.eu\/de\/lampions-papierlampen\">unsere Papierlampen hier<\/a>.<\/p>\n","protected":false},"excerpt":{"rendered":"<p>Hier haben wir eine der neuen Farben bei unseren gr\u00fcnen Nuancen. Das Salbei-Lampion. Die Papierlampe spendet eine sch\u00f6ne gr\u00fcne Farbe in der Farbe Salbei. Sie passt gut zusammen mit unseren Pflaumen- und Olivenlampions und k\u00f6nnen mit unseren anderen gr\u00fcnlichen Nuancen kombiniert werden, wenn man lieber eine einzelne Nuance m\u00f6chte. Sehen Sie alle\u00a0unsere Papierlampen hier.<\/p>\n","protected":false},"featured_media":1727,"template":"","meta":{"_lmt_disableupdate":"no","_lmt_disable":""},"product_brand":[],"product_cat":[165,36],"product_tag":[],"mersalg-tag":[],"class_list":{"0":"post-3384","1":"product","2":"type-product","3":"status-publish","4":"has-post-thumbnail","6":"product_cat-produkte","7":"product_cat-lampions-papierlampen","9":"first","10":"instock","11":"taxable","12":"shipping-taxable","13":"purchasable","14":"product-type-variable"},"yoast_head":"<!-- This site is optimized with the Yoast SEO plugin v27.3 - https:\/\/yoast.com\/product\/yoast-seo-wordpress\/ -->\n<title>Salbei-Lampion - Papierlampe f\u00fcr die Einrichtung oder Dekoration - Pachia<\/title>\n<meta name=\"description\" content=\"Lampion in einer sch\u00f6nen Salbei-Farbe, die sch\u00f6n in der Stube, im Schlafzimmer oder beim Fest aussieht. Schaffen Sie sich ein eigenes Farbthema zum Fest und mischen Sie die Lampions in verschiedenen Farben und Gr\u00f6\u00dfen zusammen.\" \/>\n<meta name=\"robots\" content=\"index, follow, max-snippet:-1, max-image-preview:large, max-video-preview:-1\" \/>\n<link rel=\"canonical\" href=\"https:\/\/pachia.eu\/de\/salbei-lampion-papierlampe\/\" \/>\n<meta property=\"og:locale\" content=\"de_DE\" \/>\n<meta property=\"og:type\" content=\"article\" \/>\n<meta property=\"og:title\" content=\"Salbei-Lampion - Papierlampe f\u00fcr die Einrichtung oder Dekoration - Pachia\" \/>\n<meta property=\"og:description\" content=\"Lampion in einer sch\u00f6nen Salbei-Farbe, die sch\u00f6n in der Stube, im Schlafzimmer oder beim Fest aussieht. Schaffen Sie sich ein eigenes Farbthema zum Fest und mischen Sie die Lampions in verschiedenen Farben und Gr\u00f6\u00dfen zusammen.\" \/>\n<meta property=\"og:url\" content=\"https:\/\/pachia.eu\/de\/salbei-lampion-papierlampe\/\" \/>\n<meta property=\"og:site_name\" content=\"Pachia\" \/>\n<meta property=\"article:publisher\" content=\"https:\/\/www.facebook.com\/pachia.shop\" \/>\n<meta property=\"article:modified_time\" content=\"2021-07-05T11:35:35+00:00\" \/>\n<meta property=\"og:image\" content=\"https:\/\/pachia.eu\/wp-content\/uploads\/2021\/06\/salvie-rispapirlampe.jpg\" \/>\n\t<meta property=\"og:image:width\" content=\"2000\" \/>\n\t<meta property=\"og:image:height\" content=\"2000\" \/>\n\t<meta property=\"og:image:type\" content=\"image\/jpeg\" \/>\n<meta name=\"twitter:card\" content=\"summary_large_image\" \/>\n<script type=\"application\/ld+json\" class=\"yoast-schema-graph\">{\"@context\":\"https:\\\/\\\/schema.org\",\"@graph\":[{\"@type\":\"WebPage\",\"@id\":\"https:\\\/\\\/pachia.eu\\\/de\\\/salbei-lampion-papierlampe\\\/\",\"url\":\"https:\\\/\\\/pachia.eu\\\/de\\\/salbei-lampion-papierlampe\\\/\",\"name\":\"Salbei-Lampion - Papierlampe f\u00fcr die Einrichtung oder Dekoration - Pachia\",\"isPartOf\":{\"@id\":\"https:\\\/\\\/pachia.eu\\\/de\\\/#website\"},\"primaryImageOfPage\":{\"@id\":\"https:\\\/\\\/pachia.eu\\\/de\\\/salbei-lampion-papierlampe\\\/#primaryimage\"},\"image\":{\"@id\":\"https:\\\/\\\/pachia.eu\\\/de\\\/salbei-lampion-papierlampe\\\/#primaryimage\"},\"thumbnailUrl\":\"https:\\\/\\\/pachia.eu\\\/wp-content\\\/uploads\\\/2021\\\/06\\\/salvie-rispapirlampe.jpg\",\"datePublished\":\"2021-06-15T13:41:46+00:00\",\"dateModified\":\"2021-07-05T11:35:35+00:00\",\"description\":\"Lampion in einer sch\u00f6nen Salbei-Farbe, die sch\u00f6n in der Stube, im Schlafzimmer oder beim Fest aussieht. Schaffen Sie sich ein eigenes Farbthema zum Fest und mischen Sie die Lampions in verschiedenen Farben und Gr\u00f6\u00dfen zusammen.\",\"breadcrumb\":{\"@id\":\"https:\\\/\\\/pachia.eu\\\/de\\\/salbei-lampion-papierlampe\\\/#breadcrumb\"},\"inLanguage\":\"de\",\"potentialAction\":[{\"@type\":\"ReadAction\",\"target\":[\"https:\\\/\\\/pachia.eu\\\/de\\\/salbei-lampion-papierlampe\\\/\"]}]},{\"@type\":\"ImageObject\",\"inLanguage\":\"de\",\"@id\":\"https:\\\/\\\/pachia.eu\\\/de\\\/salbei-lampion-papierlampe\\\/#primaryimage\",\"url\":\"https:\\\/\\\/pachia.eu\\\/wp-content\\\/uploads\\\/2021\\\/06\\\/salvie-rispapirlampe.jpg\",\"contentUrl\":\"https:\\\/\\\/pachia.eu\\\/wp-content\\\/uploads\\\/2021\\\/06\\\/salvie-rispapirlampe.jpg\",\"width\":2000,\"height\":2000},{\"@type\":\"BreadcrumbList\",\"@id\":\"https:\\\/\\\/pachia.eu\\\/de\\\/salbei-lampion-papierlampe\\\/#breadcrumb\",\"itemListElement\":[{\"@type\":\"ListItem\",\"position\":1,\"name\":\"Titelseite\",\"item\":\"https:\\\/\\\/pachia.eu\\\/de\\\/\"},{\"@type\":\"ListItem\",\"position\":2,\"name\":\"Shop\",\"item\":\"https:\\\/\\\/pachia.eu\\\/de\\\/shop-2\\\/\"},{\"@type\":\"ListItem\",\"position\":3,\"name\":\"Salbei Lampion\"}]},{\"@type\":\"WebSite\",\"@id\":\"https:\\\/\\\/pachia.eu\\\/de\\\/#website\",\"url\":\"https:\\\/\\\/pachia.eu\\\/de\\\/\",\"name\":\"Pachia\",\"description\":\"\",\"publisher\":{\"@id\":\"https:\\\/\\\/pachia.eu\\\/de\\\/#organization\"},\"potentialAction\":[{\"@type\":\"SearchAction\",\"target\":{\"@type\":\"EntryPoint\",\"urlTemplate\":\"https:\\\/\\\/pachia.eu\\\/de\\\/?s={search_term_string}\"},\"query-input\":{\"@type\":\"PropertyValueSpecification\",\"valueRequired\":true,\"valueName\":\"search_term_string\"}}],\"inLanguage\":\"de\"},{\"@type\":\"Organization\",\"@id\":\"https:\\\/\\\/pachia.eu\\\/de\\\/#organization\",\"name\":\"Pachia ApS\",\"url\":\"https:\\\/\\\/pachia.eu\\\/de\\\/\",\"logo\":{\"@type\":\"ImageObject\",\"inLanguage\":\"de\",\"@id\":\"https:\\\/\\\/pachia.eu\\\/de\\\/#\\\/schema\\\/logo\\\/image\\\/\",\"url\":\"https:\\\/\\\/jocaonline.dk\\\/wp-content\\\/uploads\\\/2020\\\/10\\\/decoration-logo-small.png\",\"contentUrl\":\"https:\\\/\\\/jocaonline.dk\\\/wp-content\\\/uploads\\\/2020\\\/10\\\/decoration-logo-small.png\",\"width\":301,\"height\":100,\"caption\":\"Pachia ApS\"},\"image\":{\"@id\":\"https:\\\/\\\/pachia.eu\\\/de\\\/#\\\/schema\\\/logo\\\/image\\\/\"},\"sameAs\":[\"https:\\\/\\\/www.facebook.com\\\/pachia.shop\",\"https:\\\/\\\/www.instagram.com\\\/pachia.eu\"]}]}<\/script>\n<!-- \/ Yoast SEO plugin. -->","yoast_head_json":{"title":"Salbei-Lampion - Papierlampe f\u00fcr die Einrichtung oder Dekoration - Pachia","description":"Lampion in einer sch\u00f6nen Salbei-Farbe, die sch\u00f6n in der Stube, im Schlafzimmer oder beim Fest aussieht. Schaffen Sie sich ein eigenes Farbthema zum Fest und mischen Sie die Lampions in verschiedenen Farben und Gr\u00f6\u00dfen zusammen.","robots":{"index":"index","follow":"follow","max-snippet":"max-snippet:-1","max-image-preview":"max-image-preview:large","max-video-preview":"max-video-preview:-1"},"canonical":"https:\/\/pachia.eu\/de\/salbei-lampion-papierlampe\/","og_locale":"de_DE","og_type":"article","og_title":"Salbei-Lampion - Papierlampe f\u00fcr die Einrichtung oder Dekoration - Pachia","og_description":"Lampion in einer sch\u00f6nen Salbei-Farbe, die sch\u00f6n in der Stube, im Schlafzimmer oder beim Fest aussieht. Schaffen Sie sich ein eigenes Farbthema zum Fest und mischen Sie die Lampions in verschiedenen Farben und Gr\u00f6\u00dfen zusammen.","og_url":"https:\/\/pachia.eu\/de\/salbei-lampion-papierlampe\/","og_site_name":"Pachia","article_publisher":"https:\/\/www.facebook.com\/pachia.shop","article_modified_time":"2021-07-05T11:35:35+00:00","og_image":[{"width":2000,"height":2000,"url":"https:\/\/pachia.eu\/wp-content\/uploads\/2021\/06\/salvie-rispapirlampe.jpg","type":"image\/jpeg"}],"twitter_card":"summary_large_image","schema":{"@context":"https:\/\/schema.org","@graph":[{"@type":"WebPage","@id":"https:\/\/pachia.eu\/de\/salbei-lampion-papierlampe\/","url":"https:\/\/pachia.eu\/de\/salbei-lampion-papierlampe\/","name":"Salbei-Lampion - Papierlampe f\u00fcr die Einrichtung oder Dekoration - Pachia","isPartOf":{"@id":"https:\/\/pachia.eu\/de\/#website"},"primaryImageOfPage":{"@id":"https:\/\/pachia.eu\/de\/salbei-lampion-papierlampe\/#primaryimage"},"image":{"@id":"https:\/\/pachia.eu\/de\/salbei-lampion-papierlampe\/#primaryimage"},"thumbnailUrl":"https:\/\/pachia.eu\/wp-content\/uploads\/2021\/06\/salvie-rispapirlampe.jpg","datePublished":"2021-06-15T13:41:46+00:00","dateModified":"2021-07-05T11:35:35+00:00","description":"Lampion in einer sch\u00f6nen Salbei-Farbe, die sch\u00f6n in der Stube, im Schlafzimmer oder beim Fest aussieht. Schaffen Sie sich ein eigenes Farbthema zum Fest und mischen Sie die Lampions in verschiedenen Farben und Gr\u00f6\u00dfen zusammen.","breadcrumb":{"@id":"https:\/\/pachia.eu\/de\/salbei-lampion-papierlampe\/#breadcrumb"},"inLanguage":"de","potentialAction":[{"@type":"ReadAction","target":["https:\/\/pachia.eu\/de\/salbei-lampion-papierlampe\/"]}]},{"@type":"ImageObject","inLanguage":"de","@id":"https:\/\/pachia.eu\/de\/salbei-lampion-papierlampe\/#primaryimage","url":"https:\/\/pachia.eu\/wp-content\/uploads\/2021\/06\/salvie-rispapirlampe.jpg","contentUrl":"https:\/\/pachia.eu\/wp-content\/uploads\/2021\/06\/salvie-rispapirlampe.jpg","width":2000,"height":2000},{"@type":"BreadcrumbList","@id":"https:\/\/pachia.eu\/de\/salbei-lampion-papierlampe\/#breadcrumb","itemListElement":[{"@type":"ListItem","position":1,"name":"Titelseite","item":"https:\/\/pachia.eu\/de\/"},{"@type":"ListItem","position":2,"name":"Shop","item":"https:\/\/pachia.eu\/de\/shop-2\/"},{"@type":"ListItem","position":3,"name":"Salbei Lampion"}]},{"@type":"WebSite","@id":"https:\/\/pachia.eu\/de\/#website","url":"https:\/\/pachia.eu\/de\/","name":"Pachia","description":"","publisher":{"@id":"https:\/\/pachia.eu\/de\/#organization"},"potentialAction":[{"@type":"SearchAction","target":{"@type":"EntryPoint","urlTemplate":"https:\/\/pachia.eu\/de\/?s={search_term_string}"},"query-input":{"@type":"PropertyValueSpecification","valueRequired":true,"valueName":"search_term_string"}}],"inLanguage":"de"},{"@type":"Organization","@id":"https:\/\/pachia.eu\/de\/#organization","name":"Pachia ApS","url":"https:\/\/pachia.eu\/de\/","logo":{"@type":"ImageObject","inLanguage":"de","@id":"https:\/\/pachia.eu\/de\/#\/schema\/logo\/image\/","url":"https:\/\/jocaonline.dk\/wp-content\/uploads\/2020\/10\/decoration-logo-small.png","contentUrl":"https:\/\/jocaonline.dk\/wp-content\/uploads\/2020\/10\/decoration-logo-small.png","width":301,"height":100,"caption":"Pachia ApS"},"image":{"@id":"https:\/\/pachia.eu\/de\/#\/schema\/logo\/image\/"},"sameAs":["https:\/\/www.facebook.com\/pachia.shop","https:\/\/www.instagram.com\/pachia.eu"]}]}},"_links":{"self":[{"href":"https:\/\/pachia.eu\/de\/wp-json\/wp\/v2\/product\/3384","targetHints":{"allow":["GET"]}}],"collection":[{"href":"https:\/\/pachia.eu\/de\/wp-json\/wp\/v2\/product"}],"about":[{"href":"https:\/\/pachia.eu\/de\/wp-json\/wp\/v2\/types\/product"}],"version-history":[{"count":0,"href":"https:\/\/pachia.eu\/de\/wp-json\/wp\/v2\/product\/3384\/revisions"}],"wp:featuredmedia":[{"embeddable":true,"href":"https:\/\/pachia.eu\/de\/wp-json\/wp\/v2\/media\/1727"}],"wp:attachment":[{"href":"https:\/\/pachia.eu\/de\/wp-json\/wp\/v2\/media?parent=3384"}],"wp:term":[{"taxonomy":"product_brand","embeddable":true,"href":"https:\/\/pachia.eu\/de\/wp-json\/wp\/v2\/product_brand?post=3384"},{"taxonomy":"product_cat","embeddable":true,"href":"https:\/\/pachia.eu\/de\/wp-json\/wp\/v2\/product_cat?post=3384"},{"taxonomy":"product_tag","embeddable":true,"href":"https:\/\/pachia.eu\/de\/wp-json\/wp\/v2\/product_tag?post=3384"},{"taxonomy":"mersalg-tag","embeddable":true,"href":"https:\/\/pachia.eu\/de\/wp-json\/wp\/v2\/mersalg-tag?post=3384"}],"curies":[{"name":"wp","href":"https:\/\/api.w.org\/{rel}","templated":true}]}}