{"id":3368,"date":"2021-06-15T15:50:06","date_gmt":"2021-06-15T13:50:06","guid":{"rendered":"https:\/\/pachia.eu\/latte-lampion-papierlampe\/"},"modified":"2021-07-05T13:32:32","modified_gmt":"2021-07-05T11:32:32","slug":"latte-lampion-papierlampe","status":"publish","type":"product","link":"https:\/\/pachia.eu\/de\/latte-lampion-papierlampe\/","title":{"rendered":"Latte Lampion"},"content":{"rendered":"<p>Unser latt\u00e9-farbener Papierlampe gibt einen sch\u00f6nen und ged\u00e4mpften Eindruck zu Hause. Die cremebraune Farbe funktioniert gut als Einrichtungsbeleuchtung oder als Dekoration im Zimmer, zum Fest oder dergleichen. Dadurch, dass die Farbe eine neutrale Farbe hat, kann sie das ganze Jahr \u00fcber zu den verschiedenen Anl\u00e4ssen verwendet werden. Beleben Sie das Ganze ein wenig, indem Sie sie mit unseren wei\u00dfen, braunen oder pastellfarbenen Nuancen vermischen.<\/p>\n<p>Kombinieren Sie gerne das\u00a0<a href=\"https:\/\/pachia.eu\/de\/lampions-papierlampen\">Lampion mit unseren Fassungen und Kabeln<\/a>\u00a0oder unseren mobilen LED-Leuchten, die sich ganz besonders gut f\u00fcr Feste oder zwischenzeitliche Beleuchtungen eignen.<\/p>\n","protected":false},"excerpt":{"rendered":"<p>Unser latt\u00e9-farbener Papierlampe gibt einen sch\u00f6nen und ged\u00e4mpften Eindruck zu Hause. Die cremebraune Farbe funktioniert gut als Einrichtungsbeleuchtung oder als Dekoration im Zimmer, zum Fest oder dergleichen. Dadurch, dass die Farbe eine neutrale Farbe hat, kann sie das ganze Jahr \u00fcber zu den verschiedenen Anl\u00e4ssen verwendet werden. Beleben Sie das Ganze ein wenig, indem Sie [&hellip;]<\/p>\n","protected":false},"featured_media":1731,"template":"","meta":{"_lmt_disableupdate":"no","_lmt_disable":""},"product_brand":[],"product_cat":[165,36],"product_tag":[],"mersalg-tag":[],"class_list":{"0":"post-3368","1":"product","2":"type-product","3":"status-publish","4":"has-post-thumbnail","6":"product_cat-produkte","7":"product_cat-lampions-papierlampen","9":"first","10":"instock","11":"taxable","12":"shipping-taxable","13":"product-type-variable"},"yoast_head":"<!-- This site is optimized with the Yoast SEO plugin v27.3 - https:\/\/yoast.com\/product\/yoast-seo-wordpress\/ -->\n<title>Papierlampe in latt\u00e9-farben f\u00fcr das stilbewusste Heim - in mehreren Gr\u00f6\u00dfen erh\u00e4ltlich - Pachia<\/title>\n<meta name=\"description\" content=\"Dieses Papierlampe in latt\u00e9-farben verbreitet eine angenehme Stimmung in Ihrem zu Hause. Kombinieren Sie es mit unseren wei\u00dfen oder mintgr\u00fcnen Lampions, um ein modernes Resultat zu erreichen.\" \/>\n<meta name=\"robots\" content=\"index, follow, max-snippet:-1, max-image-preview:large, max-video-preview:-1\" \/>\n<link rel=\"canonical\" href=\"https:\/\/pachia.eu\/de\/latte-lampion-papierlampe\/\" \/>\n<meta property=\"og:locale\" content=\"de_DE\" \/>\n<meta property=\"og:type\" content=\"article\" \/>\n<meta property=\"og:title\" content=\"Papierlampe in latt\u00e9-farben f\u00fcr das stilbewusste Heim - in mehreren Gr\u00f6\u00dfen erh\u00e4ltlich - Pachia\" \/>\n<meta property=\"og:description\" content=\"Dieses Papierlampe in latt\u00e9-farben verbreitet eine angenehme Stimmung in Ihrem zu Hause. Kombinieren Sie es mit unseren wei\u00dfen oder mintgr\u00fcnen Lampions, um ein modernes Resultat zu erreichen.\" \/>\n<meta property=\"og:url\" content=\"https:\/\/pachia.eu\/de\/latte-lampion-papierlampe\/\" \/>\n<meta property=\"og:site_name\" content=\"Pachia\" \/>\n<meta property=\"article:publisher\" content=\"https:\/\/www.facebook.com\/pachia.shop\" \/>\n<meta property=\"article:modified_time\" content=\"2021-07-05T11:32:32+00:00\" \/>\n<meta property=\"og:image\" content=\"https:\/\/pachia.eu\/wp-content\/uploads\/2021\/06\/latte-rispapirlampe.jpg\" \/>\n\t<meta property=\"og:image:width\" content=\"2000\" \/>\n\t<meta property=\"og:image:height\" content=\"2000\" \/>\n\t<meta property=\"og:image:type\" content=\"image\/jpeg\" \/>\n<meta name=\"twitter:card\" content=\"summary_large_image\" \/>\n<script type=\"application\/ld+json\" class=\"yoast-schema-graph\">{\"@context\":\"https:\\\/\\\/schema.org\",\"@graph\":[{\"@type\":\"WebPage\",\"@id\":\"https:\\\/\\\/pachia.eu\\\/de\\\/latte-lampion-papierlampe\\\/\",\"url\":\"https:\\\/\\\/pachia.eu\\\/de\\\/latte-lampion-papierlampe\\\/\",\"name\":\"Papierlampe in latt\u00e9-farben f\u00fcr das stilbewusste Heim - in mehreren Gr\u00f6\u00dfen erh\u00e4ltlich - Pachia\",\"isPartOf\":{\"@id\":\"https:\\\/\\\/pachia.eu\\\/de\\\/#website\"},\"primaryImageOfPage\":{\"@id\":\"https:\\\/\\\/pachia.eu\\\/de\\\/latte-lampion-papierlampe\\\/#primaryimage\"},\"image\":{\"@id\":\"https:\\\/\\\/pachia.eu\\\/de\\\/latte-lampion-papierlampe\\\/#primaryimage\"},\"thumbnailUrl\":\"https:\\\/\\\/pachia.eu\\\/wp-content\\\/uploads\\\/2021\\\/06\\\/latte-rispapirlampe.jpg\",\"datePublished\":\"2021-06-15T13:50:06+00:00\",\"dateModified\":\"2021-07-05T11:32:32+00:00\",\"description\":\"Dieses Papierlampe in latt\u00e9-farben verbreitet eine angenehme Stimmung in Ihrem zu Hause. Kombinieren Sie es mit unseren wei\u00dfen oder mintgr\u00fcnen Lampions, um ein modernes Resultat zu erreichen.\",\"breadcrumb\":{\"@id\":\"https:\\\/\\\/pachia.eu\\\/de\\\/latte-lampion-papierlampe\\\/#breadcrumb\"},\"inLanguage\":\"de\",\"potentialAction\":[{\"@type\":\"ReadAction\",\"target\":[\"https:\\\/\\\/pachia.eu\\\/de\\\/latte-lampion-papierlampe\\\/\"]}]},{\"@type\":\"ImageObject\",\"inLanguage\":\"de\",\"@id\":\"https:\\\/\\\/pachia.eu\\\/de\\\/latte-lampion-papierlampe\\\/#primaryimage\",\"url\":\"https:\\\/\\\/pachia.eu\\\/wp-content\\\/uploads\\\/2021\\\/06\\\/latte-rispapirlampe.jpg\",\"contentUrl\":\"https:\\\/\\\/pachia.eu\\\/wp-content\\\/uploads\\\/2021\\\/06\\\/latte-rispapirlampe.jpg\",\"width\":2000,\"height\":2000},{\"@type\":\"BreadcrumbList\",\"@id\":\"https:\\\/\\\/pachia.eu\\\/de\\\/latte-lampion-papierlampe\\\/#breadcrumb\",\"itemListElement\":[{\"@type\":\"ListItem\",\"position\":1,\"name\":\"Titelseite\",\"item\":\"https:\\\/\\\/pachia.eu\\\/de\\\/\"},{\"@type\":\"ListItem\",\"position\":2,\"name\":\"Shop\",\"item\":\"https:\\\/\\\/pachia.eu\\\/de\\\/shop-2\\\/\"},{\"@type\":\"ListItem\",\"position\":3,\"name\":\"Latte Lampion\"}]},{\"@type\":\"WebSite\",\"@id\":\"https:\\\/\\\/pachia.eu\\\/de\\\/#website\",\"url\":\"https:\\\/\\\/pachia.eu\\\/de\\\/\",\"name\":\"Pachia\",\"description\":\"\",\"publisher\":{\"@id\":\"https:\\\/\\\/pachia.eu\\\/de\\\/#organization\"},\"potentialAction\":[{\"@type\":\"SearchAction\",\"target\":{\"@type\":\"EntryPoint\",\"urlTemplate\":\"https:\\\/\\\/pachia.eu\\\/de\\\/?s={search_term_string}\"},\"query-input\":{\"@type\":\"PropertyValueSpecification\",\"valueRequired\":true,\"valueName\":\"search_term_string\"}}],\"inLanguage\":\"de\"},{\"@type\":\"Organization\",\"@id\":\"https:\\\/\\\/pachia.eu\\\/de\\\/#organization\",\"name\":\"Pachia ApS\",\"url\":\"https:\\\/\\\/pachia.eu\\\/de\\\/\",\"logo\":{\"@type\":\"ImageObject\",\"inLanguage\":\"de\",\"@id\":\"https:\\\/\\\/pachia.eu\\\/de\\\/#\\\/schema\\\/logo\\\/image\\\/\",\"url\":\"https:\\\/\\\/jocaonline.dk\\\/wp-content\\\/uploads\\\/2020\\\/10\\\/decoration-logo-small.png\",\"contentUrl\":\"https:\\\/\\\/jocaonline.dk\\\/wp-content\\\/uploads\\\/2020\\\/10\\\/decoration-logo-small.png\",\"width\":301,\"height\":100,\"caption\":\"Pachia ApS\"},\"image\":{\"@id\":\"https:\\\/\\\/pachia.eu\\\/de\\\/#\\\/schema\\\/logo\\\/image\\\/\"},\"sameAs\":[\"https:\\\/\\\/www.facebook.com\\\/pachia.shop\",\"https:\\\/\\\/www.instagram.com\\\/pachia.eu\"]}]}<\/script>\n<!-- \/ Yoast SEO plugin. -->","yoast_head_json":{"title":"Papierlampe in latt\u00e9-farben f\u00fcr das stilbewusste Heim - in mehreren Gr\u00f6\u00dfen erh\u00e4ltlich - Pachia","description":"Dieses Papierlampe in latt\u00e9-farben verbreitet eine angenehme Stimmung in Ihrem zu Hause. Kombinieren Sie es mit unseren wei\u00dfen oder mintgr\u00fcnen Lampions, um ein modernes Resultat zu erreichen.","robots":{"index":"index","follow":"follow","max-snippet":"max-snippet:-1","max-image-preview":"max-image-preview:large","max-video-preview":"max-video-preview:-1"},"canonical":"https:\/\/pachia.eu\/de\/latte-lampion-papierlampe\/","og_locale":"de_DE","og_type":"article","og_title":"Papierlampe in latt\u00e9-farben f\u00fcr das stilbewusste Heim - in mehreren Gr\u00f6\u00dfen erh\u00e4ltlich - Pachia","og_description":"Dieses Papierlampe in latt\u00e9-farben verbreitet eine angenehme Stimmung in Ihrem zu Hause. Kombinieren Sie es mit unseren wei\u00dfen oder mintgr\u00fcnen Lampions, um ein modernes Resultat zu erreichen.","og_url":"https:\/\/pachia.eu\/de\/latte-lampion-papierlampe\/","og_site_name":"Pachia","article_publisher":"https:\/\/www.facebook.com\/pachia.shop","article_modified_time":"2021-07-05T11:32:32+00:00","og_image":[{"width":2000,"height":2000,"url":"https:\/\/pachia.eu\/wp-content\/uploads\/2021\/06\/latte-rispapirlampe.jpg","type":"image\/jpeg"}],"twitter_card":"summary_large_image","schema":{"@context":"https:\/\/schema.org","@graph":[{"@type":"WebPage","@id":"https:\/\/pachia.eu\/de\/latte-lampion-papierlampe\/","url":"https:\/\/pachia.eu\/de\/latte-lampion-papierlampe\/","name":"Papierlampe in latt\u00e9-farben f\u00fcr das stilbewusste Heim - in mehreren Gr\u00f6\u00dfen erh\u00e4ltlich - Pachia","isPartOf":{"@id":"https:\/\/pachia.eu\/de\/#website"},"primaryImageOfPage":{"@id":"https:\/\/pachia.eu\/de\/latte-lampion-papierlampe\/#primaryimage"},"image":{"@id":"https:\/\/pachia.eu\/de\/latte-lampion-papierlampe\/#primaryimage"},"thumbnailUrl":"https:\/\/pachia.eu\/wp-content\/uploads\/2021\/06\/latte-rispapirlampe.jpg","datePublished":"2021-06-15T13:50:06+00:00","dateModified":"2021-07-05T11:32:32+00:00","description":"Dieses Papierlampe in latt\u00e9-farben verbreitet eine angenehme Stimmung in Ihrem zu Hause. Kombinieren Sie es mit unseren wei\u00dfen oder mintgr\u00fcnen Lampions, um ein modernes Resultat zu erreichen.","breadcrumb":{"@id":"https:\/\/pachia.eu\/de\/latte-lampion-papierlampe\/#breadcrumb"},"inLanguage":"de","potentialAction":[{"@type":"ReadAction","target":["https:\/\/pachia.eu\/de\/latte-lampion-papierlampe\/"]}]},{"@type":"ImageObject","inLanguage":"de","@id":"https:\/\/pachia.eu\/de\/latte-lampion-papierlampe\/#primaryimage","url":"https:\/\/pachia.eu\/wp-content\/uploads\/2021\/06\/latte-rispapirlampe.jpg","contentUrl":"https:\/\/pachia.eu\/wp-content\/uploads\/2021\/06\/latte-rispapirlampe.jpg","width":2000,"height":2000},{"@type":"BreadcrumbList","@id":"https:\/\/pachia.eu\/de\/latte-lampion-papierlampe\/#breadcrumb","itemListElement":[{"@type":"ListItem","position":1,"name":"Titelseite","item":"https:\/\/pachia.eu\/de\/"},{"@type":"ListItem","position":2,"name":"Shop","item":"https:\/\/pachia.eu\/de\/shop-2\/"},{"@type":"ListItem","position":3,"name":"Latte Lampion"}]},{"@type":"WebSite","@id":"https:\/\/pachia.eu\/de\/#website","url":"https:\/\/pachia.eu\/de\/","name":"Pachia","description":"","publisher":{"@id":"https:\/\/pachia.eu\/de\/#organization"},"potentialAction":[{"@type":"SearchAction","target":{"@type":"EntryPoint","urlTemplate":"https:\/\/pachia.eu\/de\/?s={search_term_string}"},"query-input":{"@type":"PropertyValueSpecification","valueRequired":true,"valueName":"search_term_string"}}],"inLanguage":"de"},{"@type":"Organization","@id":"https:\/\/pachia.eu\/de\/#organization","name":"Pachia ApS","url":"https:\/\/pachia.eu\/de\/","logo":{"@type":"ImageObject","inLanguage":"de","@id":"https:\/\/pachia.eu\/de\/#\/schema\/logo\/image\/","url":"https:\/\/jocaonline.dk\/wp-content\/uploads\/2020\/10\/decoration-logo-small.png","contentUrl":"https:\/\/jocaonline.dk\/wp-content\/uploads\/2020\/10\/decoration-logo-small.png","width":301,"height":100,"caption":"Pachia ApS"},"image":{"@id":"https:\/\/pachia.eu\/de\/#\/schema\/logo\/image\/"},"sameAs":["https:\/\/www.facebook.com\/pachia.shop","https:\/\/www.instagram.com\/pachia.eu"]}]}},"_links":{"self":[{"href":"https:\/\/pachia.eu\/de\/wp-json\/wp\/v2\/product\/3368","targetHints":{"allow":["GET"]}}],"collection":[{"href":"https:\/\/pachia.eu\/de\/wp-json\/wp\/v2\/product"}],"about":[{"href":"https:\/\/pachia.eu\/de\/wp-json\/wp\/v2\/types\/product"}],"version-history":[{"count":0,"href":"https:\/\/pachia.eu\/de\/wp-json\/wp\/v2\/product\/3368\/revisions"}],"wp:featuredmedia":[{"embeddable":true,"href":"https:\/\/pachia.eu\/de\/wp-json\/wp\/v2\/media\/1731"}],"wp:attachment":[{"href":"https:\/\/pachia.eu\/de\/wp-json\/wp\/v2\/media?parent=3368"}],"wp:term":[{"taxonomy":"product_brand","embeddable":true,"href":"https:\/\/pachia.eu\/de\/wp-json\/wp\/v2\/product_brand?post=3368"},{"taxonomy":"product_cat","embeddable":true,"href":"https:\/\/pachia.eu\/de\/wp-json\/wp\/v2\/product_cat?post=3368"},{"taxonomy":"product_tag","embeddable":true,"href":"https:\/\/pachia.eu\/de\/wp-json\/wp\/v2\/product_tag?post=3368"},{"taxonomy":"mersalg-tag","embeddable":true,"href":"https:\/\/pachia.eu\/de\/wp-json\/wp\/v2\/mersalg-tag?post=3368"}],"curies":[{"name":"wp","href":"https:\/\/api.w.org\/{rel}","templated":true}]}}