{"id":3334,"date":"2021-02-24T13:18:12","date_gmt":"2021-02-24T12:18:12","guid":{"rendered":"https:\/\/pachia.eu\/sort-fatning-med-ledning\/"},"modified":"2024-09-04T15:53:42","modified_gmt":"2024-09-04T13:53:42","slug":"sort-fatning-med-ledning","status":"publish","type":"product","link":"https:\/\/pachia.eu\/de\/sort-fatning-med-ledning\/","title":{"rendered":"Schwarze Fassung mit Kabel"},"content":{"rendered":"<p>Sockel und Kabel, die in der Decke an einem Haken oder dergleichen aufgeh\u00e4ngt werden k\u00f6nnen. Der Beschlag eignet sich f\u00fcr alle unseren Reispapierlampen die 30cm im Durchmesser oder mehr sind.<br \/>\nDer Sockel ben\u00f6tigt einen Standard-E27 und hat eine maximale Leistung von 60W.<\/p>\n<p>Braune Fassung, die aus Silikon gemacht ist. Die Fassung kommt mit:<\/p>\n<p>&lt;p&gt;&lt;strong&gt;Spezifikationen:&lt;\/strong&gt;&lt;\/p&gt;<br \/>\n&lt;ul&gt;<br \/>\n&lt;li&gt;E27 Fassung&lt;\/li&gt;<br \/>\n&lt;li&gt;2 meter lang Stoffkabel&lt;\/li&gt;<br \/>\n&lt;li&gt;Silikon Baldachin&lt;\/li&gt;<br \/>\n&lt;li&gt;Haken und D\u00fcbel f\u00fcr Montage&lt;\/li&gt;<br \/>\n&lt;li&gt;Die Packung enth\u00e4lt nicht eine Birne&lt;\/li&gt;<br \/>\n&lt;\/ul&gt;<\/p>\n","protected":false},"excerpt":{"rendered":"<p>Sockel und Kabel, die in der Decke an einem Haken oder dergleichen aufgeh\u00e4ngt werden k\u00f6nnen. Der Beschlag eignet sich f\u00fcr alle unseren Reispapierlampen die 30cm im Durchmesser oder mehr sind. Der Sockel ben\u00f6tigt einen Standard-E27 und hat eine maximale Leistung von 60W. Braune Fassung, die aus Silikon gemacht ist. Die Fassung kommt mit: &lt;p&gt;&lt;strong&gt;Spezifikationen:&lt;\/strong&gt;&lt;\/p&gt; &lt;ul&gt; [&hellip;]<\/p>\n","protected":false},"featured_media":432,"template":"","meta":{"_lmt_disableupdate":"","_lmt_disable":""},"product_brand":[],"product_cat":[306,171,165],"product_tag":[],"mersalg-tag":[117],"class_list":{"0":"post-3334","1":"product","2":"type-product","3":"status-publish","4":"has-post-thumbnail","6":"product_cat-messe-de","7":"product_cat-fassungen-und-kabel","8":"product_cat-produkte","9":"mersalg-tag-fatning","11":"first","12":"instock","13":"taxable","14":"shipping-taxable","15":"purchasable","16":"product-type-variable","17":"has-default-attributes"},"yoast_head":"<!-- This site is optimized with the Yoast SEO plugin v27.3 - https:\/\/yoast.com\/product\/yoast-seo-wordpress\/ -->\n<title>Schwarze Fassung mit Kabel | Fassungen und Kabel | - Pachia<\/title>\n<meta name=\"robots\" content=\"index, follow, max-snippet:-1, max-image-preview:large, max-video-preview:-1\" \/>\n<link rel=\"canonical\" href=\"https:\/\/pachia.eu\/de\/sort-fatning-med-ledning\/\" \/>\n<meta property=\"og:locale\" content=\"de_DE\" \/>\n<meta property=\"og:type\" content=\"article\" \/>\n<meta property=\"og:title\" content=\"Schwarze Fassung mit Kabel | Fassungen und Kabel | - Pachia\" \/>\n<meta property=\"og:description\" content=\"Sockel und Kabel, die in der Decke an einem Haken oder dergleichen aufgeh\u00e4ngt werden k\u00f6nnen. Der Beschlag eignet sich f\u00fcr alle unseren Reispapierlampen die 30cm im Durchmesser oder mehr sind. Der Sockel ben\u00f6tigt einen Standard-E27 und hat eine maximale Leistung von 60W. Braune Fassung, die aus Silikon gemacht ist. Die Fassung kommt mit: &lt;p&gt;&lt;strong&gt;Spezifikationen:&lt;\/strong&gt;&lt;\/p&gt; &lt;ul&gt; [&hellip;]\" \/>\n<meta property=\"og:url\" content=\"https:\/\/pachia.eu\/de\/sort-fatning-med-ledning\/\" \/>\n<meta property=\"og:site_name\" content=\"Pachia\" \/>\n<meta property=\"article:publisher\" content=\"https:\/\/www.facebook.com\/pachia.shop\" \/>\n<meta property=\"article:modified_time\" content=\"2024-09-04T13:53:42+00:00\" \/>\n<meta property=\"og:image\" content=\"https:\/\/pachia.eu\/wp-content\/uploads\/2021\/02\/sort-fatning-ledning-closeup.png\" \/>\n\t<meta property=\"og:image:width\" content=\"2000\" \/>\n\t<meta property=\"og:image:height\" content=\"2000\" \/>\n\t<meta property=\"og:image:type\" content=\"image\/png\" \/>\n<meta name=\"twitter:card\" content=\"summary_large_image\" \/>\n<meta name=\"twitter:label1\" content=\"Gesch\u00e4tzte Lesezeit\" \/>\n\t<meta name=\"twitter:data1\" content=\"1\u00a0Minute\" \/>\n<script type=\"application\/ld+json\" class=\"yoast-schema-graph\">{\"@context\":\"https:\\\/\\\/schema.org\",\"@graph\":[{\"@type\":\"WebPage\",\"@id\":\"https:\\\/\\\/pachia.eu\\\/de\\\/sort-fatning-med-ledning\\\/\",\"url\":\"https:\\\/\\\/pachia.eu\\\/de\\\/sort-fatning-med-ledning\\\/\",\"name\":\"Schwarze Fassung mit Kabel | Fassungen und Kabel | - Pachia\",\"isPartOf\":{\"@id\":\"https:\\\/\\\/pachia.eu\\\/de\\\/#website\"},\"primaryImageOfPage\":{\"@id\":\"https:\\\/\\\/pachia.eu\\\/de\\\/sort-fatning-med-ledning\\\/#primaryimage\"},\"image\":{\"@id\":\"https:\\\/\\\/pachia.eu\\\/de\\\/sort-fatning-med-ledning\\\/#primaryimage\"},\"thumbnailUrl\":\"https:\\\/\\\/pachia.eu\\\/wp-content\\\/uploads\\\/2021\\\/02\\\/sort-fatning-ledning-closeup.png\",\"datePublished\":\"2021-02-24T12:18:12+00:00\",\"dateModified\":\"2024-09-04T13:53:42+00:00\",\"breadcrumb\":{\"@id\":\"https:\\\/\\\/pachia.eu\\\/de\\\/sort-fatning-med-ledning\\\/#breadcrumb\"},\"inLanguage\":\"de\",\"potentialAction\":[{\"@type\":\"ReadAction\",\"target\":[\"https:\\\/\\\/pachia.eu\\\/de\\\/sort-fatning-med-ledning\\\/\"]}]},{\"@type\":\"ImageObject\",\"inLanguage\":\"de\",\"@id\":\"https:\\\/\\\/pachia.eu\\\/de\\\/sort-fatning-med-ledning\\\/#primaryimage\",\"url\":\"https:\\\/\\\/pachia.eu\\\/wp-content\\\/uploads\\\/2021\\\/02\\\/sort-fatning-ledning-closeup.png\",\"contentUrl\":\"https:\\\/\\\/pachia.eu\\\/wp-content\\\/uploads\\\/2021\\\/02\\\/sort-fatning-ledning-closeup.png\",\"width\":2000,\"height\":2000},{\"@type\":\"BreadcrumbList\",\"@id\":\"https:\\\/\\\/pachia.eu\\\/de\\\/sort-fatning-med-ledning\\\/#breadcrumb\",\"itemListElement\":[{\"@type\":\"ListItem\",\"position\":1,\"name\":\"Titelseite\",\"item\":\"https:\\\/\\\/pachia.eu\\\/de\\\/\"},{\"@type\":\"ListItem\",\"position\":2,\"name\":\"Shop\",\"item\":\"https:\\\/\\\/pachia.eu\\\/de\\\/shop-2\\\/\"},{\"@type\":\"ListItem\",\"position\":3,\"name\":\"Schwarze Fassung mit Kabel\"}]},{\"@type\":\"WebSite\",\"@id\":\"https:\\\/\\\/pachia.eu\\\/de\\\/#website\",\"url\":\"https:\\\/\\\/pachia.eu\\\/de\\\/\",\"name\":\"Pachia\",\"description\":\"\",\"publisher\":{\"@id\":\"https:\\\/\\\/pachia.eu\\\/de\\\/#organization\"},\"potentialAction\":[{\"@type\":\"SearchAction\",\"target\":{\"@type\":\"EntryPoint\",\"urlTemplate\":\"https:\\\/\\\/pachia.eu\\\/de\\\/?s={search_term_string}\"},\"query-input\":{\"@type\":\"PropertyValueSpecification\",\"valueRequired\":true,\"valueName\":\"search_term_string\"}}],\"inLanguage\":\"de\"},{\"@type\":\"Organization\",\"@id\":\"https:\\\/\\\/pachia.eu\\\/de\\\/#organization\",\"name\":\"Pachia ApS\",\"url\":\"https:\\\/\\\/pachia.eu\\\/de\\\/\",\"logo\":{\"@type\":\"ImageObject\",\"inLanguage\":\"de\",\"@id\":\"https:\\\/\\\/pachia.eu\\\/de\\\/#\\\/schema\\\/logo\\\/image\\\/\",\"url\":\"https:\\\/\\\/jocaonline.dk\\\/wp-content\\\/uploads\\\/2020\\\/10\\\/decoration-logo-small.png\",\"contentUrl\":\"https:\\\/\\\/jocaonline.dk\\\/wp-content\\\/uploads\\\/2020\\\/10\\\/decoration-logo-small.png\",\"width\":301,\"height\":100,\"caption\":\"Pachia ApS\"},\"image\":{\"@id\":\"https:\\\/\\\/pachia.eu\\\/de\\\/#\\\/schema\\\/logo\\\/image\\\/\"},\"sameAs\":[\"https:\\\/\\\/www.facebook.com\\\/pachia.shop\",\"https:\\\/\\\/www.instagram.com\\\/pachia.eu\"]}]}<\/script>\n<!-- \/ Yoast SEO plugin. -->","yoast_head_json":{"title":"Schwarze Fassung mit Kabel | Fassungen und Kabel | - Pachia","robots":{"index":"index","follow":"follow","max-snippet":"max-snippet:-1","max-image-preview":"max-image-preview:large","max-video-preview":"max-video-preview:-1"},"canonical":"https:\/\/pachia.eu\/de\/sort-fatning-med-ledning\/","og_locale":"de_DE","og_type":"article","og_title":"Schwarze Fassung mit Kabel | Fassungen und Kabel | - Pachia","og_description":"Sockel und Kabel, die in der Decke an einem Haken oder dergleichen aufgeh\u00e4ngt werden k\u00f6nnen. Der Beschlag eignet sich f\u00fcr alle unseren Reispapierlampen die 30cm im Durchmesser oder mehr sind. Der Sockel ben\u00f6tigt einen Standard-E27 und hat eine maximale Leistung von 60W. Braune Fassung, die aus Silikon gemacht ist. Die Fassung kommt mit: &lt;p&gt;&lt;strong&gt;Spezifikationen:&lt;\/strong&gt;&lt;\/p&gt; &lt;ul&gt; [&hellip;]","og_url":"https:\/\/pachia.eu\/de\/sort-fatning-med-ledning\/","og_site_name":"Pachia","article_publisher":"https:\/\/www.facebook.com\/pachia.shop","article_modified_time":"2024-09-04T13:53:42+00:00","og_image":[{"width":2000,"height":2000,"url":"https:\/\/pachia.eu\/wp-content\/uploads\/2021\/02\/sort-fatning-ledning-closeup.png","type":"image\/png"}],"twitter_card":"summary_large_image","twitter_misc":{"Gesch\u00e4tzte Lesezeit":"1\u00a0Minute"},"schema":{"@context":"https:\/\/schema.org","@graph":[{"@type":"WebPage","@id":"https:\/\/pachia.eu\/de\/sort-fatning-med-ledning\/","url":"https:\/\/pachia.eu\/de\/sort-fatning-med-ledning\/","name":"Schwarze Fassung mit Kabel | Fassungen und Kabel | - Pachia","isPartOf":{"@id":"https:\/\/pachia.eu\/de\/#website"},"primaryImageOfPage":{"@id":"https:\/\/pachia.eu\/de\/sort-fatning-med-ledning\/#primaryimage"},"image":{"@id":"https:\/\/pachia.eu\/de\/sort-fatning-med-ledning\/#primaryimage"},"thumbnailUrl":"https:\/\/pachia.eu\/wp-content\/uploads\/2021\/02\/sort-fatning-ledning-closeup.png","datePublished":"2021-02-24T12:18:12+00:00","dateModified":"2024-09-04T13:53:42+00:00","breadcrumb":{"@id":"https:\/\/pachia.eu\/de\/sort-fatning-med-ledning\/#breadcrumb"},"inLanguage":"de","potentialAction":[{"@type":"ReadAction","target":["https:\/\/pachia.eu\/de\/sort-fatning-med-ledning\/"]}]},{"@type":"ImageObject","inLanguage":"de","@id":"https:\/\/pachia.eu\/de\/sort-fatning-med-ledning\/#primaryimage","url":"https:\/\/pachia.eu\/wp-content\/uploads\/2021\/02\/sort-fatning-ledning-closeup.png","contentUrl":"https:\/\/pachia.eu\/wp-content\/uploads\/2021\/02\/sort-fatning-ledning-closeup.png","width":2000,"height":2000},{"@type":"BreadcrumbList","@id":"https:\/\/pachia.eu\/de\/sort-fatning-med-ledning\/#breadcrumb","itemListElement":[{"@type":"ListItem","position":1,"name":"Titelseite","item":"https:\/\/pachia.eu\/de\/"},{"@type":"ListItem","position":2,"name":"Shop","item":"https:\/\/pachia.eu\/de\/shop-2\/"},{"@type":"ListItem","position":3,"name":"Schwarze Fassung mit Kabel"}]},{"@type":"WebSite","@id":"https:\/\/pachia.eu\/de\/#website","url":"https:\/\/pachia.eu\/de\/","name":"Pachia","description":"","publisher":{"@id":"https:\/\/pachia.eu\/de\/#organization"},"potentialAction":[{"@type":"SearchAction","target":{"@type":"EntryPoint","urlTemplate":"https:\/\/pachia.eu\/de\/?s={search_term_string}"},"query-input":{"@type":"PropertyValueSpecification","valueRequired":true,"valueName":"search_term_string"}}],"inLanguage":"de"},{"@type":"Organization","@id":"https:\/\/pachia.eu\/de\/#organization","name":"Pachia ApS","url":"https:\/\/pachia.eu\/de\/","logo":{"@type":"ImageObject","inLanguage":"de","@id":"https:\/\/pachia.eu\/de\/#\/schema\/logo\/image\/","url":"https:\/\/jocaonline.dk\/wp-content\/uploads\/2020\/10\/decoration-logo-small.png","contentUrl":"https:\/\/jocaonline.dk\/wp-content\/uploads\/2020\/10\/decoration-logo-small.png","width":301,"height":100,"caption":"Pachia ApS"},"image":{"@id":"https:\/\/pachia.eu\/de\/#\/schema\/logo\/image\/"},"sameAs":["https:\/\/www.facebook.com\/pachia.shop","https:\/\/www.instagram.com\/pachia.eu"]}]}},"_links":{"self":[{"href":"https:\/\/pachia.eu\/de\/wp-json\/wp\/v2\/product\/3334","targetHints":{"allow":["GET"]}}],"collection":[{"href":"https:\/\/pachia.eu\/de\/wp-json\/wp\/v2\/product"}],"about":[{"href":"https:\/\/pachia.eu\/de\/wp-json\/wp\/v2\/types\/product"}],"version-history":[{"count":0,"href":"https:\/\/pachia.eu\/de\/wp-json\/wp\/v2\/product\/3334\/revisions"}],"wp:featuredmedia":[{"embeddable":true,"href":"https:\/\/pachia.eu\/de\/wp-json\/wp\/v2\/media\/432"}],"wp:attachment":[{"href":"https:\/\/pachia.eu\/de\/wp-json\/wp\/v2\/media?parent=3334"}],"wp:term":[{"taxonomy":"product_brand","embeddable":true,"href":"https:\/\/pachia.eu\/de\/wp-json\/wp\/v2\/product_brand?post=3334"},{"taxonomy":"product_cat","embeddable":true,"href":"https:\/\/pachia.eu\/de\/wp-json\/wp\/v2\/product_cat?post=3334"},{"taxonomy":"product_tag","embeddable":true,"href":"https:\/\/pachia.eu\/de\/wp-json\/wp\/v2\/product_tag?post=3334"},{"taxonomy":"mersalg-tag","embeddable":true,"href":"https:\/\/pachia.eu\/de\/wp-json\/wp\/v2\/mersalg-tag?post=3334"}],"curies":[{"name":"wp","href":"https:\/\/api.w.org\/{rel}","templated":true}]}}