{"id":2896,"date":"2021-06-16T18:45:54","date_gmt":"2021-06-16T16:45:54","guid":{"rendered":"https:\/\/pachia.eu\/kleine-salbei-lampions\/"},"modified":"2025-03-27T11:10:00","modified_gmt":"2025-03-27T10:10:00","slug":"kleine-salbei-lampions","status":"publish","type":"product","link":"https:\/\/pachia.eu\/de\/kleine-salbei-lampions\/","title":{"rendered":"Kleine Salbei-Reispapier-Lampen"},"content":{"rendered":"<p>Sch\u00f6ne Lichterketten mit kleinen salbeifarbenen Reispapierlampen. Verwenden Sie es im Haushalt, in der Dekoration oder als stilvolle, dezente Dekoration f\u00fcr die Party. Die kleinen Reispapierlampen sind handgefertigt und bestehen aus d\u00fcnnem, aber starkem Reispapier, das das Licht mit der sch\u00f6nen Salbeifarbe leicht durchscheinen l\u00e4sst. Da die Farbe ged\u00e4mpft ist, passt sie in die meisten skandinavischen Haushalte und kann leicht mit anderen gedeckten Farben gemischt werden. Dazu geh\u00f6ren Wei\u00df, Elfenbein, Hellgelb, Babyblau oder Pfirsich. Lassen Sie Ihrer Kreativit\u00e4t freien Lauf und gestalten Sie Ihre pers\u00f6nliche Lichterkette.     <\/p>\n<p>Gr\u00f6\u00dfe: 9,5cm Durchmesser<br \/>\nKombinierbar mit unseren Lichterketten<\/p>\n","protected":false},"excerpt":{"rendered":"<p>Sch\u00f6ne Lichterketten mit kleinen salbeifarbenen Reispapierlampen. Verwenden Sie es im Haushalt, in der Dekoration oder als stilvolle, dezente Dekoration f\u00fcr die Party. Die kleinen Reispapierlampen sind handgefertigt und bestehen aus d\u00fcnnem, aber starkem Reispapier, das das Licht mit der sch\u00f6nen Salbeifarbe leicht durchscheinen l\u00e4sst. Da die Farbe ged\u00e4mpft ist, passt sie in die meisten skandinavischen [&hellip;]<\/p>\n","protected":false},"featured_media":4447,"template":"","meta":{"_lmt_disableupdate":"","_lmt_disable":""},"product_brand":[],"product_cat":[169,219,165],"product_tag":[],"mersalg-tag":[],"class_list":{"0":"post-2896","1":"product","2":"type-product","3":"status-publish","4":"has-post-thumbnail","6":"product_cat-lichterketten-kleine-lampions","7":"product_cat-partys-deco","8":"product_cat-produkte","10":"first","11":"instock","12":"taxable","13":"shipping-taxable","14":"purchasable","15":"product-type-simple"},"yoast_head":"<!-- This site is optimized with the Yoast SEO plugin v27.3 - https:\/\/yoast.com\/product\/yoast-seo-wordpress\/ -->\n<title>Kleine Salbei-Reispapier-Lampen | Lichterketten &amp; Kleine Lampions | - Pachia<\/title>\n<meta name=\"robots\" content=\"index, follow, max-snippet:-1, max-image-preview:large, max-video-preview:-1\" \/>\n<link rel=\"canonical\" href=\"https:\/\/pachia.eu\/de\/kleine-salbei-lampions\/\" \/>\n<meta property=\"og:locale\" content=\"de_DE\" \/>\n<meta property=\"og:type\" content=\"article\" \/>\n<meta property=\"og:title\" content=\"Kleine Salbei-Reispapier-Lampen | Lichterketten &amp; Kleine Lampions | - Pachia\" \/>\n<meta property=\"og:description\" content=\"Sch\u00f6ne Lichterketten mit kleinen salbeifarbenen Reispapierlampen. Verwenden Sie es im Haushalt, in der Dekoration oder als stilvolle, dezente Dekoration f\u00fcr die Party. Die kleinen Reispapierlampen sind handgefertigt und bestehen aus d\u00fcnnem, aber starkem Reispapier, das das Licht mit der sch\u00f6nen Salbeifarbe leicht durchscheinen l\u00e4sst. Da die Farbe ged\u00e4mpft ist, passt sie in die meisten skandinavischen [&hellip;]\" \/>\n<meta property=\"og:url\" content=\"https:\/\/pachia.eu\/de\/kleine-salbei-lampions\/\" \/>\n<meta property=\"og:site_name\" content=\"Pachia\" \/>\n<meta property=\"article:publisher\" content=\"https:\/\/www.facebook.com\/pachia.shop\" \/>\n<meta property=\"article:modified_time\" content=\"2025-03-27T10:10:00+00:00\" \/>\n<meta property=\"og:image\" content=\"https:\/\/pachia.eu\/wp-content\/uploads\/2021\/06\/smaa-salvie.png\" \/>\n\t<meta property=\"og:image:width\" content=\"2000\" \/>\n\t<meta property=\"og:image:height\" content=\"2000\" \/>\n\t<meta property=\"og:image:type\" content=\"image\/png\" \/>\n<meta name=\"twitter:card\" content=\"summary_large_image\" \/>\n<meta name=\"twitter:label1\" content=\"Gesch\u00e4tzte Lesezeit\" \/>\n\t<meta name=\"twitter:data1\" content=\"1\u00a0Minute\" \/>\n<script type=\"application\/ld+json\" class=\"yoast-schema-graph\">{\"@context\":\"https:\\\/\\\/schema.org\",\"@graph\":[{\"@type\":\"WebPage\",\"@id\":\"https:\\\/\\\/pachia.eu\\\/de\\\/kleine-salbei-lampions\\\/\",\"url\":\"https:\\\/\\\/pachia.eu\\\/de\\\/kleine-salbei-lampions\\\/\",\"name\":\"Kleine Salbei-Reispapier-Lampen | Lichterketten &amp; Kleine Lampions | - Pachia\",\"isPartOf\":{\"@id\":\"https:\\\/\\\/pachia.eu\\\/de\\\/#website\"},\"primaryImageOfPage\":{\"@id\":\"https:\\\/\\\/pachia.eu\\\/de\\\/kleine-salbei-lampions\\\/#primaryimage\"},\"image\":{\"@id\":\"https:\\\/\\\/pachia.eu\\\/de\\\/kleine-salbei-lampions\\\/#primaryimage\"},\"thumbnailUrl\":\"https:\\\/\\\/pachia.eu\\\/wp-content\\\/uploads\\\/2021\\\/06\\\/smaa-salvie.png\",\"datePublished\":\"2021-06-16T16:45:54+00:00\",\"dateModified\":\"2025-03-27T10:10:00+00:00\",\"breadcrumb\":{\"@id\":\"https:\\\/\\\/pachia.eu\\\/de\\\/kleine-salbei-lampions\\\/#breadcrumb\"},\"inLanguage\":\"de\",\"potentialAction\":[{\"@type\":\"ReadAction\",\"target\":[\"https:\\\/\\\/pachia.eu\\\/de\\\/kleine-salbei-lampions\\\/\"]}]},{\"@type\":\"ImageObject\",\"inLanguage\":\"de\",\"@id\":\"https:\\\/\\\/pachia.eu\\\/de\\\/kleine-salbei-lampions\\\/#primaryimage\",\"url\":\"https:\\\/\\\/pachia.eu\\\/wp-content\\\/uploads\\\/2021\\\/06\\\/smaa-salvie.png\",\"contentUrl\":\"https:\\\/\\\/pachia.eu\\\/wp-content\\\/uploads\\\/2021\\\/06\\\/smaa-salvie.png\",\"width\":2000,\"height\":2000},{\"@type\":\"BreadcrumbList\",\"@id\":\"https:\\\/\\\/pachia.eu\\\/de\\\/kleine-salbei-lampions\\\/#breadcrumb\",\"itemListElement\":[{\"@type\":\"ListItem\",\"position\":1,\"name\":\"Titelseite\",\"item\":\"https:\\\/\\\/pachia.eu\\\/de\\\/\"},{\"@type\":\"ListItem\",\"position\":2,\"name\":\"Shop\",\"item\":\"https:\\\/\\\/pachia.eu\\\/de\\\/shop-2\\\/\"},{\"@type\":\"ListItem\",\"position\":3,\"name\":\"Kleine Salbei-Reispapier-Lampen\"}]},{\"@type\":\"WebSite\",\"@id\":\"https:\\\/\\\/pachia.eu\\\/de\\\/#website\",\"url\":\"https:\\\/\\\/pachia.eu\\\/de\\\/\",\"name\":\"Pachia\",\"description\":\"\",\"publisher\":{\"@id\":\"https:\\\/\\\/pachia.eu\\\/de\\\/#organization\"},\"potentialAction\":[{\"@type\":\"SearchAction\",\"target\":{\"@type\":\"EntryPoint\",\"urlTemplate\":\"https:\\\/\\\/pachia.eu\\\/de\\\/?s={search_term_string}\"},\"query-input\":{\"@type\":\"PropertyValueSpecification\",\"valueRequired\":true,\"valueName\":\"search_term_string\"}}],\"inLanguage\":\"de\"},{\"@type\":\"Organization\",\"@id\":\"https:\\\/\\\/pachia.eu\\\/de\\\/#organization\",\"name\":\"Pachia ApS\",\"url\":\"https:\\\/\\\/pachia.eu\\\/de\\\/\",\"logo\":{\"@type\":\"ImageObject\",\"inLanguage\":\"de\",\"@id\":\"https:\\\/\\\/pachia.eu\\\/de\\\/#\\\/schema\\\/logo\\\/image\\\/\",\"url\":\"https:\\\/\\\/jocaonline.dk\\\/wp-content\\\/uploads\\\/2020\\\/10\\\/decoration-logo-small.png\",\"contentUrl\":\"https:\\\/\\\/jocaonline.dk\\\/wp-content\\\/uploads\\\/2020\\\/10\\\/decoration-logo-small.png\",\"width\":301,\"height\":100,\"caption\":\"Pachia ApS\"},\"image\":{\"@id\":\"https:\\\/\\\/pachia.eu\\\/de\\\/#\\\/schema\\\/logo\\\/image\\\/\"},\"sameAs\":[\"https:\\\/\\\/www.facebook.com\\\/pachia.shop\",\"https:\\\/\\\/www.instagram.com\\\/pachia.eu\"]}]}<\/script>\n<!-- \/ Yoast SEO plugin. -->","yoast_head_json":{"title":"Kleine Salbei-Reispapier-Lampen | Lichterketten &amp; Kleine Lampions | - Pachia","robots":{"index":"index","follow":"follow","max-snippet":"max-snippet:-1","max-image-preview":"max-image-preview:large","max-video-preview":"max-video-preview:-1"},"canonical":"https:\/\/pachia.eu\/de\/kleine-salbei-lampions\/","og_locale":"de_DE","og_type":"article","og_title":"Kleine Salbei-Reispapier-Lampen | Lichterketten &amp; Kleine Lampions | - Pachia","og_description":"Sch\u00f6ne Lichterketten mit kleinen salbeifarbenen Reispapierlampen. Verwenden Sie es im Haushalt, in der Dekoration oder als stilvolle, dezente Dekoration f\u00fcr die Party. Die kleinen Reispapierlampen sind handgefertigt und bestehen aus d\u00fcnnem, aber starkem Reispapier, das das Licht mit der sch\u00f6nen Salbeifarbe leicht durchscheinen l\u00e4sst. Da die Farbe ged\u00e4mpft ist, passt sie in die meisten skandinavischen [&hellip;]","og_url":"https:\/\/pachia.eu\/de\/kleine-salbei-lampions\/","og_site_name":"Pachia","article_publisher":"https:\/\/www.facebook.com\/pachia.shop","article_modified_time":"2025-03-27T10:10:00+00:00","og_image":[{"width":2000,"height":2000,"url":"https:\/\/pachia.eu\/wp-content\/uploads\/2021\/06\/smaa-salvie.png","type":"image\/png"}],"twitter_card":"summary_large_image","twitter_misc":{"Gesch\u00e4tzte Lesezeit":"1\u00a0Minute"},"schema":{"@context":"https:\/\/schema.org","@graph":[{"@type":"WebPage","@id":"https:\/\/pachia.eu\/de\/kleine-salbei-lampions\/","url":"https:\/\/pachia.eu\/de\/kleine-salbei-lampions\/","name":"Kleine Salbei-Reispapier-Lampen | Lichterketten &amp; Kleine Lampions | - Pachia","isPartOf":{"@id":"https:\/\/pachia.eu\/de\/#website"},"primaryImageOfPage":{"@id":"https:\/\/pachia.eu\/de\/kleine-salbei-lampions\/#primaryimage"},"image":{"@id":"https:\/\/pachia.eu\/de\/kleine-salbei-lampions\/#primaryimage"},"thumbnailUrl":"https:\/\/pachia.eu\/wp-content\/uploads\/2021\/06\/smaa-salvie.png","datePublished":"2021-06-16T16:45:54+00:00","dateModified":"2025-03-27T10:10:00+00:00","breadcrumb":{"@id":"https:\/\/pachia.eu\/de\/kleine-salbei-lampions\/#breadcrumb"},"inLanguage":"de","potentialAction":[{"@type":"ReadAction","target":["https:\/\/pachia.eu\/de\/kleine-salbei-lampions\/"]}]},{"@type":"ImageObject","inLanguage":"de","@id":"https:\/\/pachia.eu\/de\/kleine-salbei-lampions\/#primaryimage","url":"https:\/\/pachia.eu\/wp-content\/uploads\/2021\/06\/smaa-salvie.png","contentUrl":"https:\/\/pachia.eu\/wp-content\/uploads\/2021\/06\/smaa-salvie.png","width":2000,"height":2000},{"@type":"BreadcrumbList","@id":"https:\/\/pachia.eu\/de\/kleine-salbei-lampions\/#breadcrumb","itemListElement":[{"@type":"ListItem","position":1,"name":"Titelseite","item":"https:\/\/pachia.eu\/de\/"},{"@type":"ListItem","position":2,"name":"Shop","item":"https:\/\/pachia.eu\/de\/shop-2\/"},{"@type":"ListItem","position":3,"name":"Kleine Salbei-Reispapier-Lampen"}]},{"@type":"WebSite","@id":"https:\/\/pachia.eu\/de\/#website","url":"https:\/\/pachia.eu\/de\/","name":"Pachia","description":"","publisher":{"@id":"https:\/\/pachia.eu\/de\/#organization"},"potentialAction":[{"@type":"SearchAction","target":{"@type":"EntryPoint","urlTemplate":"https:\/\/pachia.eu\/de\/?s={search_term_string}"},"query-input":{"@type":"PropertyValueSpecification","valueRequired":true,"valueName":"search_term_string"}}],"inLanguage":"de"},{"@type":"Organization","@id":"https:\/\/pachia.eu\/de\/#organization","name":"Pachia ApS","url":"https:\/\/pachia.eu\/de\/","logo":{"@type":"ImageObject","inLanguage":"de","@id":"https:\/\/pachia.eu\/de\/#\/schema\/logo\/image\/","url":"https:\/\/jocaonline.dk\/wp-content\/uploads\/2020\/10\/decoration-logo-small.png","contentUrl":"https:\/\/jocaonline.dk\/wp-content\/uploads\/2020\/10\/decoration-logo-small.png","width":301,"height":100,"caption":"Pachia ApS"},"image":{"@id":"https:\/\/pachia.eu\/de\/#\/schema\/logo\/image\/"},"sameAs":["https:\/\/www.facebook.com\/pachia.shop","https:\/\/www.instagram.com\/pachia.eu"]}]}},"_links":{"self":[{"href":"https:\/\/pachia.eu\/de\/wp-json\/wp\/v2\/product\/2896","targetHints":{"allow":["GET"]}}],"collection":[{"href":"https:\/\/pachia.eu\/de\/wp-json\/wp\/v2\/product"}],"about":[{"href":"https:\/\/pachia.eu\/de\/wp-json\/wp\/v2\/types\/product"}],"version-history":[{"count":0,"href":"https:\/\/pachia.eu\/de\/wp-json\/wp\/v2\/product\/2896\/revisions"}],"wp:featuredmedia":[{"embeddable":true,"href":"https:\/\/pachia.eu\/de\/wp-json\/wp\/v2\/media\/4447"}],"wp:attachment":[{"href":"https:\/\/pachia.eu\/de\/wp-json\/wp\/v2\/media?parent=2896"}],"wp:term":[{"taxonomy":"product_brand","embeddable":true,"href":"https:\/\/pachia.eu\/de\/wp-json\/wp\/v2\/product_brand?post=2896"},{"taxonomy":"product_cat","embeddable":true,"href":"https:\/\/pachia.eu\/de\/wp-json\/wp\/v2\/product_cat?post=2896"},{"taxonomy":"product_tag","embeddable":true,"href":"https:\/\/pachia.eu\/de\/wp-json\/wp\/v2\/product_tag?post=2896"},{"taxonomy":"mersalg-tag","embeddable":true,"href":"https:\/\/pachia.eu\/de\/wp-json\/wp\/v2\/mersalg-tag?post=2896"}],"curies":[{"name":"wp","href":"https:\/\/api.w.org\/{rel}","templated":true}]}}