{"id":2748,"date":"2021-06-18T14:16:55","date_gmt":"2021-06-18T12:16:55","guid":{"rendered":"https:\/\/pachia.eu\/salbei-quadratische-papierlampen\/"},"modified":"2025-03-27T11:09:15","modified_gmt":"2025-03-27T10:09:15","slug":"salbei-quadratische-papierlampen","status":"publish","type":"product","link":"https:\/\/pachia.eu\/de\/salbei-quadratische-papierlampen\/","title":{"rendered":"Sage Square Lampe"},"content":{"rendered":"<p>Dekorative salbeifarbene Lampe aus Reispapier. Die Lampe ist perfekt f\u00fcr das Zuhause, das mit seiner staubigen Salbeifarbe in den meisten H\u00e4usern gut aussieht. Die Farbe und die scharfen Kanten ergeben zusammen mit den Bambusschn\u00fcren im Inneren der Leuchte eine tolle Kombination. Es verleiht einen sch\u00f6nen organischen Look, der in jedem Raum vom Wohnzimmer bis zum Kinderzimmer verwendet werden kann. Es ist eine gute Idee, mehrere Lampen auf verschiedenen Ebenen zusammen aufzuh\u00e4ngen, um Tiefe und Spiel in Ihrer Einrichtung zu schaffen. Die Lampe ist die perfekte Wahl, wenn Sie auf der Suche nach einer g\u00fcnstigen Lampe sind, die ein sch\u00f6nes klassisches Design hat.     <\/p>\n<p>Die Leuchte kann mit allen unseren Fassungen und LED-Leuchtmitteln kombiniert werden.<\/p>\n<p>Gr\u00f6\u00dfe: 25x25cm<\/p>\n","protected":false},"excerpt":{"rendered":"<p>Dekorative salbeifarbene Lampe aus Reispapier. Die Lampe ist perfekt f\u00fcr das Zuhause, das mit seiner staubigen Salbeifarbe in den meisten H\u00e4usern gut aussieht. Die Farbe und die scharfen Kanten ergeben zusammen mit den Bambusschn\u00fcren im Inneren der Leuchte eine tolle Kombination. Es verleiht einen sch\u00f6nen organischen Look, der in jedem Raum vom Wohnzimmer bis zum [&hellip;]<\/p>\n","protected":false},"featured_media":2156,"template":"","meta":{"_lmt_disableupdate":"","_lmt_disable":""},"product_brand":[],"product_cat":[174,219,165],"product_tag":[],"mersalg-tag":[],"class_list":{"0":"post-2748","1":"product","2":"type-product","3":"status-publish","4":"has-post-thumbnail","6":"product_cat-papierlampen","7":"product_cat-partys-deco","8":"product_cat-produkte","10":"first","11":"instock","12":"taxable","13":"shipping-taxable","14":"purchasable","15":"product-type-simple"},"yoast_head":"<!-- This site is optimized with the Yoast SEO plugin v27.3 - https:\/\/yoast.com\/product\/yoast-seo-wordpress\/ -->\n<title>Sage Square Lampe | Produkte | - Pachia<\/title>\n<meta name=\"robots\" content=\"index, follow, max-snippet:-1, max-image-preview:large, max-video-preview:-1\" \/>\n<link rel=\"canonical\" href=\"https:\/\/pachia.eu\/de\/salbei-quadratische-papierlampen\/\" \/>\n<meta property=\"og:locale\" content=\"de_DE\" \/>\n<meta property=\"og:type\" content=\"article\" \/>\n<meta property=\"og:title\" content=\"Sage Square Lampe | Produkte | - Pachia\" \/>\n<meta property=\"og:description\" content=\"Dekorative salbeifarbene Lampe aus Reispapier. Die Lampe ist perfekt f\u00fcr das Zuhause, das mit seiner staubigen Salbeifarbe in den meisten H\u00e4usern gut aussieht. Die Farbe und die scharfen Kanten ergeben zusammen mit den Bambusschn\u00fcren im Inneren der Leuchte eine tolle Kombination. Es verleiht einen sch\u00f6nen organischen Look, der in jedem Raum vom Wohnzimmer bis zum [&hellip;]\" \/>\n<meta property=\"og:url\" content=\"https:\/\/pachia.eu\/de\/salbei-quadratische-papierlampen\/\" \/>\n<meta property=\"og:site_name\" content=\"Pachia\" \/>\n<meta property=\"article:publisher\" content=\"https:\/\/www.facebook.com\/pachia.shop\" \/>\n<meta property=\"article:modified_time\" content=\"2025-03-27T10:09:15+00:00\" \/>\n<meta property=\"og:image\" content=\"https:\/\/pachia.eu\/wp-content\/uploads\/2021\/06\/salvie-firkantet-1.png\" \/>\n\t<meta property=\"og:image:width\" content=\"2000\" \/>\n\t<meta property=\"og:image:height\" content=\"2000\" \/>\n\t<meta property=\"og:image:type\" content=\"image\/png\" \/>\n<meta name=\"twitter:card\" content=\"summary_large_image\" \/>\n<meta name=\"twitter:label1\" content=\"Gesch\u00e4tzte Lesezeit\" \/>\n\t<meta name=\"twitter:data1\" content=\"1\u00a0Minute\" \/>\n<script type=\"application\/ld+json\" class=\"yoast-schema-graph\">{\"@context\":\"https:\\\/\\\/schema.org\",\"@graph\":[{\"@type\":\"WebPage\",\"@id\":\"https:\\\/\\\/pachia.eu\\\/de\\\/salbei-quadratische-papierlampen\\\/\",\"url\":\"https:\\\/\\\/pachia.eu\\\/de\\\/salbei-quadratische-papierlampen\\\/\",\"name\":\"Sage Square Lampe | Produkte | - Pachia\",\"isPartOf\":{\"@id\":\"https:\\\/\\\/pachia.eu\\\/de\\\/#website\"},\"primaryImageOfPage\":{\"@id\":\"https:\\\/\\\/pachia.eu\\\/de\\\/salbei-quadratische-papierlampen\\\/#primaryimage\"},\"image\":{\"@id\":\"https:\\\/\\\/pachia.eu\\\/de\\\/salbei-quadratische-papierlampen\\\/#primaryimage\"},\"thumbnailUrl\":\"https:\\\/\\\/pachia.eu\\\/wp-content\\\/uploads\\\/2021\\\/06\\\/salvie-firkantet-1.png\",\"datePublished\":\"2021-06-18T12:16:55+00:00\",\"dateModified\":\"2025-03-27T10:09:15+00:00\",\"breadcrumb\":{\"@id\":\"https:\\\/\\\/pachia.eu\\\/de\\\/salbei-quadratische-papierlampen\\\/#breadcrumb\"},\"inLanguage\":\"de\",\"potentialAction\":[{\"@type\":\"ReadAction\",\"target\":[\"https:\\\/\\\/pachia.eu\\\/de\\\/salbei-quadratische-papierlampen\\\/\"]}]},{\"@type\":\"ImageObject\",\"inLanguage\":\"de\",\"@id\":\"https:\\\/\\\/pachia.eu\\\/de\\\/salbei-quadratische-papierlampen\\\/#primaryimage\",\"url\":\"https:\\\/\\\/pachia.eu\\\/wp-content\\\/uploads\\\/2021\\\/06\\\/salvie-firkantet-1.png\",\"contentUrl\":\"https:\\\/\\\/pachia.eu\\\/wp-content\\\/uploads\\\/2021\\\/06\\\/salvie-firkantet-1.png\",\"width\":2000,\"height\":2000},{\"@type\":\"BreadcrumbList\",\"@id\":\"https:\\\/\\\/pachia.eu\\\/de\\\/salbei-quadratische-papierlampen\\\/#breadcrumb\",\"itemListElement\":[{\"@type\":\"ListItem\",\"position\":1,\"name\":\"Titelseite\",\"item\":\"https:\\\/\\\/pachia.eu\\\/de\\\/\"},{\"@type\":\"ListItem\",\"position\":2,\"name\":\"Shop\",\"item\":\"https:\\\/\\\/pachia.eu\\\/de\\\/shop-2\\\/\"},{\"@type\":\"ListItem\",\"position\":3,\"name\":\"Sage Square Lampe\"}]},{\"@type\":\"WebSite\",\"@id\":\"https:\\\/\\\/pachia.eu\\\/de\\\/#website\",\"url\":\"https:\\\/\\\/pachia.eu\\\/de\\\/\",\"name\":\"Pachia\",\"description\":\"\",\"publisher\":{\"@id\":\"https:\\\/\\\/pachia.eu\\\/de\\\/#organization\"},\"potentialAction\":[{\"@type\":\"SearchAction\",\"target\":{\"@type\":\"EntryPoint\",\"urlTemplate\":\"https:\\\/\\\/pachia.eu\\\/de\\\/?s={search_term_string}\"},\"query-input\":{\"@type\":\"PropertyValueSpecification\",\"valueRequired\":true,\"valueName\":\"search_term_string\"}}],\"inLanguage\":\"de\"},{\"@type\":\"Organization\",\"@id\":\"https:\\\/\\\/pachia.eu\\\/de\\\/#organization\",\"name\":\"Pachia ApS\",\"url\":\"https:\\\/\\\/pachia.eu\\\/de\\\/\",\"logo\":{\"@type\":\"ImageObject\",\"inLanguage\":\"de\",\"@id\":\"https:\\\/\\\/pachia.eu\\\/de\\\/#\\\/schema\\\/logo\\\/image\\\/\",\"url\":\"https:\\\/\\\/jocaonline.dk\\\/wp-content\\\/uploads\\\/2020\\\/10\\\/decoration-logo-small.png\",\"contentUrl\":\"https:\\\/\\\/jocaonline.dk\\\/wp-content\\\/uploads\\\/2020\\\/10\\\/decoration-logo-small.png\",\"width\":301,\"height\":100,\"caption\":\"Pachia ApS\"},\"image\":{\"@id\":\"https:\\\/\\\/pachia.eu\\\/de\\\/#\\\/schema\\\/logo\\\/image\\\/\"},\"sameAs\":[\"https:\\\/\\\/www.facebook.com\\\/pachia.shop\",\"https:\\\/\\\/www.instagram.com\\\/pachia.eu\"]}]}<\/script>\n<!-- \/ Yoast SEO plugin. -->","yoast_head_json":{"title":"Sage Square Lampe | Produkte | - Pachia","robots":{"index":"index","follow":"follow","max-snippet":"max-snippet:-1","max-image-preview":"max-image-preview:large","max-video-preview":"max-video-preview:-1"},"canonical":"https:\/\/pachia.eu\/de\/salbei-quadratische-papierlampen\/","og_locale":"de_DE","og_type":"article","og_title":"Sage Square Lampe | Produkte | - Pachia","og_description":"Dekorative salbeifarbene Lampe aus Reispapier. Die Lampe ist perfekt f\u00fcr das Zuhause, das mit seiner staubigen Salbeifarbe in den meisten H\u00e4usern gut aussieht. Die Farbe und die scharfen Kanten ergeben zusammen mit den Bambusschn\u00fcren im Inneren der Leuchte eine tolle Kombination. Es verleiht einen sch\u00f6nen organischen Look, der in jedem Raum vom Wohnzimmer bis zum [&hellip;]","og_url":"https:\/\/pachia.eu\/de\/salbei-quadratische-papierlampen\/","og_site_name":"Pachia","article_publisher":"https:\/\/www.facebook.com\/pachia.shop","article_modified_time":"2025-03-27T10:09:15+00:00","og_image":[{"width":2000,"height":2000,"url":"https:\/\/pachia.eu\/wp-content\/uploads\/2021\/06\/salvie-firkantet-1.png","type":"image\/png"}],"twitter_card":"summary_large_image","twitter_misc":{"Gesch\u00e4tzte Lesezeit":"1\u00a0Minute"},"schema":{"@context":"https:\/\/schema.org","@graph":[{"@type":"WebPage","@id":"https:\/\/pachia.eu\/de\/salbei-quadratische-papierlampen\/","url":"https:\/\/pachia.eu\/de\/salbei-quadratische-papierlampen\/","name":"Sage Square Lampe | Produkte | - Pachia","isPartOf":{"@id":"https:\/\/pachia.eu\/de\/#website"},"primaryImageOfPage":{"@id":"https:\/\/pachia.eu\/de\/salbei-quadratische-papierlampen\/#primaryimage"},"image":{"@id":"https:\/\/pachia.eu\/de\/salbei-quadratische-papierlampen\/#primaryimage"},"thumbnailUrl":"https:\/\/pachia.eu\/wp-content\/uploads\/2021\/06\/salvie-firkantet-1.png","datePublished":"2021-06-18T12:16:55+00:00","dateModified":"2025-03-27T10:09:15+00:00","breadcrumb":{"@id":"https:\/\/pachia.eu\/de\/salbei-quadratische-papierlampen\/#breadcrumb"},"inLanguage":"de","potentialAction":[{"@type":"ReadAction","target":["https:\/\/pachia.eu\/de\/salbei-quadratische-papierlampen\/"]}]},{"@type":"ImageObject","inLanguage":"de","@id":"https:\/\/pachia.eu\/de\/salbei-quadratische-papierlampen\/#primaryimage","url":"https:\/\/pachia.eu\/wp-content\/uploads\/2021\/06\/salvie-firkantet-1.png","contentUrl":"https:\/\/pachia.eu\/wp-content\/uploads\/2021\/06\/salvie-firkantet-1.png","width":2000,"height":2000},{"@type":"BreadcrumbList","@id":"https:\/\/pachia.eu\/de\/salbei-quadratische-papierlampen\/#breadcrumb","itemListElement":[{"@type":"ListItem","position":1,"name":"Titelseite","item":"https:\/\/pachia.eu\/de\/"},{"@type":"ListItem","position":2,"name":"Shop","item":"https:\/\/pachia.eu\/de\/shop-2\/"},{"@type":"ListItem","position":3,"name":"Sage Square Lampe"}]},{"@type":"WebSite","@id":"https:\/\/pachia.eu\/de\/#website","url":"https:\/\/pachia.eu\/de\/","name":"Pachia","description":"","publisher":{"@id":"https:\/\/pachia.eu\/de\/#organization"},"potentialAction":[{"@type":"SearchAction","target":{"@type":"EntryPoint","urlTemplate":"https:\/\/pachia.eu\/de\/?s={search_term_string}"},"query-input":{"@type":"PropertyValueSpecification","valueRequired":true,"valueName":"search_term_string"}}],"inLanguage":"de"},{"@type":"Organization","@id":"https:\/\/pachia.eu\/de\/#organization","name":"Pachia ApS","url":"https:\/\/pachia.eu\/de\/","logo":{"@type":"ImageObject","inLanguage":"de","@id":"https:\/\/pachia.eu\/de\/#\/schema\/logo\/image\/","url":"https:\/\/jocaonline.dk\/wp-content\/uploads\/2020\/10\/decoration-logo-small.png","contentUrl":"https:\/\/jocaonline.dk\/wp-content\/uploads\/2020\/10\/decoration-logo-small.png","width":301,"height":100,"caption":"Pachia ApS"},"image":{"@id":"https:\/\/pachia.eu\/de\/#\/schema\/logo\/image\/"},"sameAs":["https:\/\/www.facebook.com\/pachia.shop","https:\/\/www.instagram.com\/pachia.eu"]}]}},"_links":{"self":[{"href":"https:\/\/pachia.eu\/de\/wp-json\/wp\/v2\/product\/2748","targetHints":{"allow":["GET"]}}],"collection":[{"href":"https:\/\/pachia.eu\/de\/wp-json\/wp\/v2\/product"}],"about":[{"href":"https:\/\/pachia.eu\/de\/wp-json\/wp\/v2\/types\/product"}],"version-history":[{"count":0,"href":"https:\/\/pachia.eu\/de\/wp-json\/wp\/v2\/product\/2748\/revisions"}],"wp:featuredmedia":[{"embeddable":true,"href":"https:\/\/pachia.eu\/de\/wp-json\/wp\/v2\/media\/2156"}],"wp:attachment":[{"href":"https:\/\/pachia.eu\/de\/wp-json\/wp\/v2\/media?parent=2748"}],"wp:term":[{"taxonomy":"product_brand","embeddable":true,"href":"https:\/\/pachia.eu\/de\/wp-json\/wp\/v2\/product_brand?post=2748"},{"taxonomy":"product_cat","embeddable":true,"href":"https:\/\/pachia.eu\/de\/wp-json\/wp\/v2\/product_cat?post=2748"},{"taxonomy":"product_tag","embeddable":true,"href":"https:\/\/pachia.eu\/de\/wp-json\/wp\/v2\/product_tag?post=2748"},{"taxonomy":"mersalg-tag","embeddable":true,"href":"https:\/\/pachia.eu\/de\/wp-json\/wp\/v2\/mersalg-tag?post=2748"}],"curies":[{"name":"wp","href":"https:\/\/api.w.org\/{rel}","templated":true}]}}