{"id":229115,"date":"2022-03-21T14:08:41","date_gmt":"2022-03-21T13:08:41","guid":{"rendered":"https:\/\/pachia.eu\/rauch-led-lampe-flasche-37-cm\/"},"modified":"2025-03-27T11:12:35","modified_gmt":"2025-03-27T10:12:35","slug":"rauch-led-lampe-flasche-37-cm","status":"publish","type":"product","link":"https:\/\/pachia.eu\/de\/rauch-led-lampe-flasche-37-cm\/","title":{"rendered":"Rauch LED-Lampe &#8211; Flasche 37 cm"},"content":{"rendered":"<p>Smoke LED-Lampe in einzigartiger Form mit einer L\u00e4nge von vollen 36 cm und einer Standardfassung E27. Die Gl\u00fchbirne sorgt f\u00fcr ein wunderbar warmes Licht, das sich perfekt als dekorative, gem\u00fctliche Beleuchtung im Haus eignet. <\/p>\n<p><strong>Leistungsbeschreibung:<\/strong><\/p>\n<ul>\n<li>Ma\u00dfe: 37 x 9 cm<\/li>\n<li>Lichttemperatur: warm (2200 K)<\/li>\n<li>Sockel: E27<\/li>\n<li>Glasfarbe: smoke<\/li>\n<li>Leistung: 4 Watt<\/li>\n<\/ul>\n","protected":false},"excerpt":{"rendered":"<p>Smoke LED-Lampe in einzigartiger Form mit einer L\u00e4nge von vollen 36 cm und einer Standardfassung E27. Die Gl\u00fchbirne sorgt f\u00fcr ein wunderbar warmes Licht, das sich perfekt als dekorative, gem\u00fctliche Beleuchtung im Haus eignet. Leistungsbeschreibung: Ma\u00dfe: 37 x 9 cm Lichttemperatur: warm (2200 K) Sockel: E27 Glasfarbe: smoke Leistung: 4 Watt<\/p>\n","protected":false},"featured_media":217398,"template":"","meta":{"_lmt_disableupdate":"","_lmt_disable":""},"product_brand":[],"product_cat":[172,165,170],"product_tag":[],"mersalg-tag":[],"class_list":{"0":"post-229115","1":"product","2":"type-product","3":"status-publish","4":"has-post-thumbnail","6":"product_cat-led-licht","7":"product_cat-produkte","8":"product_cat-zubehoer","10":"first","11":"instock","12":"taxable","13":"shipping-taxable","14":"purchasable","15":"product-type-simple"},"yoast_head":"<!-- This site is optimized with the Yoast SEO plugin v27.3 - https:\/\/yoast.com\/product\/yoast-seo-wordpress\/ -->\n<title>Rauch LED-Lampe - Flasche 37 cm | LED licht | - Pachia<\/title>\n<meta name=\"robots\" content=\"index, follow, max-snippet:-1, max-image-preview:large, max-video-preview:-1\" \/>\n<link rel=\"canonical\" href=\"https:\/\/pachia.eu\/de\/rauch-led-lampe-flasche-37-cm\/\" \/>\n<meta property=\"og:locale\" content=\"de_DE\" \/>\n<meta property=\"og:type\" content=\"article\" \/>\n<meta property=\"og:title\" content=\"Rauch LED-Lampe - Flasche 37 cm | LED licht | - Pachia\" \/>\n<meta property=\"og:description\" content=\"Smoke LED-Lampe in einzigartiger Form mit einer L\u00e4nge von vollen 36 cm und einer Standardfassung E27. Die Gl\u00fchbirne sorgt f\u00fcr ein wunderbar warmes Licht, das sich perfekt als dekorative, gem\u00fctliche Beleuchtung im Haus eignet. Leistungsbeschreibung: Ma\u00dfe: 37 x 9 cm Lichttemperatur: warm (2200 K) Sockel: E27 Glasfarbe: smoke Leistung: 4 Watt\" \/>\n<meta property=\"og:url\" content=\"https:\/\/pachia.eu\/de\/rauch-led-lampe-flasche-37-cm\/\" \/>\n<meta property=\"og:site_name\" content=\"Pachia\" \/>\n<meta property=\"article:publisher\" content=\"https:\/\/www.facebook.com\/pachia.shop\" \/>\n<meta property=\"article:modified_time\" content=\"2025-03-27T10:12:35+00:00\" \/>\n<meta property=\"og:image\" content=\"https:\/\/pachia.eu\/wp-content\/uploads\/2022\/03\/bottle-paere-e27-3-1024x1024.png\" \/>\n\t<meta property=\"og:image:width\" content=\"1024\" \/>\n\t<meta property=\"og:image:height\" content=\"1024\" \/>\n\t<meta property=\"og:image:type\" content=\"image\/png\" \/>\n<meta name=\"twitter:card\" content=\"summary_large_image\" \/>\n<script type=\"application\/ld+json\" class=\"yoast-schema-graph\">{\"@context\":\"https:\\\/\\\/schema.org\",\"@graph\":[{\"@type\":\"WebPage\",\"@id\":\"https:\\\/\\\/pachia.eu\\\/de\\\/rauch-led-lampe-flasche-37-cm\\\/\",\"url\":\"https:\\\/\\\/pachia.eu\\\/de\\\/rauch-led-lampe-flasche-37-cm\\\/\",\"name\":\"Rauch LED-Lampe - Flasche 37 cm | LED licht | - Pachia\",\"isPartOf\":{\"@id\":\"https:\\\/\\\/pachia.eu\\\/de\\\/#website\"},\"primaryImageOfPage\":{\"@id\":\"https:\\\/\\\/pachia.eu\\\/de\\\/rauch-led-lampe-flasche-37-cm\\\/#primaryimage\"},\"image\":{\"@id\":\"https:\\\/\\\/pachia.eu\\\/de\\\/rauch-led-lampe-flasche-37-cm\\\/#primaryimage\"},\"thumbnailUrl\":\"https:\\\/\\\/pachia.eu\\\/wp-content\\\/uploads\\\/2022\\\/03\\\/bottle-paere-e27-3.png\",\"datePublished\":\"2022-03-21T13:08:41+00:00\",\"dateModified\":\"2025-03-27T10:12:35+00:00\",\"breadcrumb\":{\"@id\":\"https:\\\/\\\/pachia.eu\\\/de\\\/rauch-led-lampe-flasche-37-cm\\\/#breadcrumb\"},\"inLanguage\":\"de\",\"potentialAction\":[{\"@type\":\"ReadAction\",\"target\":[\"https:\\\/\\\/pachia.eu\\\/de\\\/rauch-led-lampe-flasche-37-cm\\\/\"]}]},{\"@type\":\"ImageObject\",\"inLanguage\":\"de\",\"@id\":\"https:\\\/\\\/pachia.eu\\\/de\\\/rauch-led-lampe-flasche-37-cm\\\/#primaryimage\",\"url\":\"https:\\\/\\\/pachia.eu\\\/wp-content\\\/uploads\\\/2022\\\/03\\\/bottle-paere-e27-3.png\",\"contentUrl\":\"https:\\\/\\\/pachia.eu\\\/wp-content\\\/uploads\\\/2022\\\/03\\\/bottle-paere-e27-3.png\",\"width\":2000,\"height\":2000},{\"@type\":\"BreadcrumbList\",\"@id\":\"https:\\\/\\\/pachia.eu\\\/de\\\/rauch-led-lampe-flasche-37-cm\\\/#breadcrumb\",\"itemListElement\":[{\"@type\":\"ListItem\",\"position\":1,\"name\":\"Titelseite\",\"item\":\"https:\\\/\\\/pachia.eu\\\/de\\\/\"},{\"@type\":\"ListItem\",\"position\":2,\"name\":\"Shop\",\"item\":\"https:\\\/\\\/pachia.eu\\\/de\\\/shop-2\\\/\"},{\"@type\":\"ListItem\",\"position\":3,\"name\":\"Rauch LED-Lampe &#8211; Flasche 37 cm\"}]},{\"@type\":\"WebSite\",\"@id\":\"https:\\\/\\\/pachia.eu\\\/de\\\/#website\",\"url\":\"https:\\\/\\\/pachia.eu\\\/de\\\/\",\"name\":\"Pachia\",\"description\":\"\",\"publisher\":{\"@id\":\"https:\\\/\\\/pachia.eu\\\/de\\\/#organization\"},\"potentialAction\":[{\"@type\":\"SearchAction\",\"target\":{\"@type\":\"EntryPoint\",\"urlTemplate\":\"https:\\\/\\\/pachia.eu\\\/de\\\/?s={search_term_string}\"},\"query-input\":{\"@type\":\"PropertyValueSpecification\",\"valueRequired\":true,\"valueName\":\"search_term_string\"}}],\"inLanguage\":\"de\"},{\"@type\":\"Organization\",\"@id\":\"https:\\\/\\\/pachia.eu\\\/de\\\/#organization\",\"name\":\"Pachia ApS\",\"url\":\"https:\\\/\\\/pachia.eu\\\/de\\\/\",\"logo\":{\"@type\":\"ImageObject\",\"inLanguage\":\"de\",\"@id\":\"https:\\\/\\\/pachia.eu\\\/de\\\/#\\\/schema\\\/logo\\\/image\\\/\",\"url\":\"https:\\\/\\\/jocaonline.dk\\\/wp-content\\\/uploads\\\/2020\\\/10\\\/decoration-logo-small.png\",\"contentUrl\":\"https:\\\/\\\/jocaonline.dk\\\/wp-content\\\/uploads\\\/2020\\\/10\\\/decoration-logo-small.png\",\"width\":301,\"height\":100,\"caption\":\"Pachia ApS\"},\"image\":{\"@id\":\"https:\\\/\\\/pachia.eu\\\/de\\\/#\\\/schema\\\/logo\\\/image\\\/\"},\"sameAs\":[\"https:\\\/\\\/www.facebook.com\\\/pachia.shop\",\"https:\\\/\\\/www.instagram.com\\\/pachia.eu\"]}]}<\/script>\n<!-- \/ Yoast SEO plugin. -->","yoast_head_json":{"title":"Rauch LED-Lampe - Flasche 37 cm | LED licht | - Pachia","robots":{"index":"index","follow":"follow","max-snippet":"max-snippet:-1","max-image-preview":"max-image-preview:large","max-video-preview":"max-video-preview:-1"},"canonical":"https:\/\/pachia.eu\/de\/rauch-led-lampe-flasche-37-cm\/","og_locale":"de_DE","og_type":"article","og_title":"Rauch LED-Lampe - Flasche 37 cm | LED licht | - Pachia","og_description":"Smoke LED-Lampe in einzigartiger Form mit einer L\u00e4nge von vollen 36 cm und einer Standardfassung E27. Die Gl\u00fchbirne sorgt f\u00fcr ein wunderbar warmes Licht, das sich perfekt als dekorative, gem\u00fctliche Beleuchtung im Haus eignet. Leistungsbeschreibung: Ma\u00dfe: 37 x 9 cm Lichttemperatur: warm (2200 K) Sockel: E27 Glasfarbe: smoke Leistung: 4 Watt","og_url":"https:\/\/pachia.eu\/de\/rauch-led-lampe-flasche-37-cm\/","og_site_name":"Pachia","article_publisher":"https:\/\/www.facebook.com\/pachia.shop","article_modified_time":"2025-03-27T10:12:35+00:00","og_image":[{"width":1024,"height":1024,"url":"https:\/\/pachia.eu\/wp-content\/uploads\/2022\/03\/bottle-paere-e27-3-1024x1024.png","type":"image\/png"}],"twitter_card":"summary_large_image","schema":{"@context":"https:\/\/schema.org","@graph":[{"@type":"WebPage","@id":"https:\/\/pachia.eu\/de\/rauch-led-lampe-flasche-37-cm\/","url":"https:\/\/pachia.eu\/de\/rauch-led-lampe-flasche-37-cm\/","name":"Rauch LED-Lampe - Flasche 37 cm | LED licht | - Pachia","isPartOf":{"@id":"https:\/\/pachia.eu\/de\/#website"},"primaryImageOfPage":{"@id":"https:\/\/pachia.eu\/de\/rauch-led-lampe-flasche-37-cm\/#primaryimage"},"image":{"@id":"https:\/\/pachia.eu\/de\/rauch-led-lampe-flasche-37-cm\/#primaryimage"},"thumbnailUrl":"https:\/\/pachia.eu\/wp-content\/uploads\/2022\/03\/bottle-paere-e27-3.png","datePublished":"2022-03-21T13:08:41+00:00","dateModified":"2025-03-27T10:12:35+00:00","breadcrumb":{"@id":"https:\/\/pachia.eu\/de\/rauch-led-lampe-flasche-37-cm\/#breadcrumb"},"inLanguage":"de","potentialAction":[{"@type":"ReadAction","target":["https:\/\/pachia.eu\/de\/rauch-led-lampe-flasche-37-cm\/"]}]},{"@type":"ImageObject","inLanguage":"de","@id":"https:\/\/pachia.eu\/de\/rauch-led-lampe-flasche-37-cm\/#primaryimage","url":"https:\/\/pachia.eu\/wp-content\/uploads\/2022\/03\/bottle-paere-e27-3.png","contentUrl":"https:\/\/pachia.eu\/wp-content\/uploads\/2022\/03\/bottle-paere-e27-3.png","width":2000,"height":2000},{"@type":"BreadcrumbList","@id":"https:\/\/pachia.eu\/de\/rauch-led-lampe-flasche-37-cm\/#breadcrumb","itemListElement":[{"@type":"ListItem","position":1,"name":"Titelseite","item":"https:\/\/pachia.eu\/de\/"},{"@type":"ListItem","position":2,"name":"Shop","item":"https:\/\/pachia.eu\/de\/shop-2\/"},{"@type":"ListItem","position":3,"name":"Rauch LED-Lampe &#8211; Flasche 37 cm"}]},{"@type":"WebSite","@id":"https:\/\/pachia.eu\/de\/#website","url":"https:\/\/pachia.eu\/de\/","name":"Pachia","description":"","publisher":{"@id":"https:\/\/pachia.eu\/de\/#organization"},"potentialAction":[{"@type":"SearchAction","target":{"@type":"EntryPoint","urlTemplate":"https:\/\/pachia.eu\/de\/?s={search_term_string}"},"query-input":{"@type":"PropertyValueSpecification","valueRequired":true,"valueName":"search_term_string"}}],"inLanguage":"de"},{"@type":"Organization","@id":"https:\/\/pachia.eu\/de\/#organization","name":"Pachia ApS","url":"https:\/\/pachia.eu\/de\/","logo":{"@type":"ImageObject","inLanguage":"de","@id":"https:\/\/pachia.eu\/de\/#\/schema\/logo\/image\/","url":"https:\/\/jocaonline.dk\/wp-content\/uploads\/2020\/10\/decoration-logo-small.png","contentUrl":"https:\/\/jocaonline.dk\/wp-content\/uploads\/2020\/10\/decoration-logo-small.png","width":301,"height":100,"caption":"Pachia ApS"},"image":{"@id":"https:\/\/pachia.eu\/de\/#\/schema\/logo\/image\/"},"sameAs":["https:\/\/www.facebook.com\/pachia.shop","https:\/\/www.instagram.com\/pachia.eu"]}]}},"_links":{"self":[{"href":"https:\/\/pachia.eu\/de\/wp-json\/wp\/v2\/product\/229115","targetHints":{"allow":["GET"]}}],"collection":[{"href":"https:\/\/pachia.eu\/de\/wp-json\/wp\/v2\/product"}],"about":[{"href":"https:\/\/pachia.eu\/de\/wp-json\/wp\/v2\/types\/product"}],"version-history":[{"count":0,"href":"https:\/\/pachia.eu\/de\/wp-json\/wp\/v2\/product\/229115\/revisions"}],"wp:featuredmedia":[{"embeddable":true,"href":"https:\/\/pachia.eu\/de\/wp-json\/wp\/v2\/media\/217398"}],"wp:attachment":[{"href":"https:\/\/pachia.eu\/de\/wp-json\/wp\/v2\/media?parent=229115"}],"wp:term":[{"taxonomy":"product_brand","embeddable":true,"href":"https:\/\/pachia.eu\/de\/wp-json\/wp\/v2\/product_brand?post=229115"},{"taxonomy":"product_cat","embeddable":true,"href":"https:\/\/pachia.eu\/de\/wp-json\/wp\/v2\/product_cat?post=229115"},{"taxonomy":"product_tag","embeddable":true,"href":"https:\/\/pachia.eu\/de\/wp-json\/wp\/v2\/product_tag?post=229115"},{"taxonomy":"mersalg-tag","embeddable":true,"href":"https:\/\/pachia.eu\/de\/wp-json\/wp\/v2\/mersalg-tag?post=229115"}],"curies":[{"name":"wp","href":"https:\/\/api.w.org\/{rel}","templated":true}]}}