{"id":229080,"date":"2022-03-30T16:31:03","date_gmt":"2022-03-30T14:31:03","guid":{"rendered":"https:\/\/pachia.eu\/vase-led-gluehbirne-frost-13-cm\/"},"modified":"2025-03-27T11:12:09","modified_gmt":"2025-03-27T10:12:09","slug":"vase-led-gluehbirne-frost-13-cm","status":"publish","type":"product","link":"https:\/\/pachia.eu\/de\/vase-led-gluehbirne-frost-13-cm\/","title":{"rendered":"Vase LED-Gl\u00fchbirne &#8211; Frost 13 cm"},"content":{"rendered":"<p>Sch\u00f6ne mattwei\u00dfe LED-Lampe in einer einzigartigen Form. Das milchig-wei\u00dfe Glas sorgt f\u00fcr eine perfekte Lichtverteilung, sodass Sie nicht geblendet oder zu viel Licht ausgesetzt sind. Die Gl\u00fchbirne hat eine gute Leistung von 6,5 Watt, was sie zum Beispiel gut f\u00fcr die Beleuchtung \u00fcber einem Schreibtisch, einer Ecke oder in der K\u00fcche macht. Sie k\u00f6nnen vorteilhafterweise mehrere in einer Gruppe aufh\u00e4ngen, wenn sie \u00fcber einem Esstisch h\u00e4ngen sollen.   <\/p>\n<p><strong>Leistungsbeschreibung:<\/strong><\/p>\n<ul>\n<li>Ma\u00dfe: 13 x 18 cm<\/li>\n<li>Lichttemperatur: warmwei\u00df (2700 K)<\/li>\n<li>Dimmbar: ja<\/li>\n<li>Sockel: E27<\/li>\n<li>Glasfarbe: milchig-wei\u00df<\/li>\n<li>Leistung: 6,5 Watt<\/li>\n<\/ul>\n","protected":false},"excerpt":{"rendered":"<p>Sch\u00f6ne mattwei\u00dfe LED-Lampe in einer einzigartigen Form. Das milchig-wei\u00dfe Glas sorgt f\u00fcr eine perfekte Lichtverteilung, sodass Sie nicht geblendet oder zu viel Licht ausgesetzt sind. Die Gl\u00fchbirne hat eine gute Leistung von 6,5 Watt, was sie zum Beispiel gut f\u00fcr die Beleuchtung \u00fcber einem Schreibtisch, einer Ecke oder in der K\u00fcche macht. Sie k\u00f6nnen vorteilhafterweise [&hellip;]<\/p>\n","protected":false},"featured_media":217524,"template":"","meta":{"_lmt_disableupdate":"","_lmt_disable":""},"product_brand":[],"product_cat":[172,165,170],"product_tag":[],"mersalg-tag":[118],"class_list":{"0":"post-229080","1":"product","2":"type-product","3":"status-publish","4":"has-post-thumbnail","6":"product_cat-led-licht","7":"product_cat-produkte","8":"product_cat-zubehoer","9":"mersalg-tag-paere","11":"first","12":"instock","13":"taxable","14":"shipping-taxable","15":"purchasable","16":"product-type-simple"},"yoast_head":"<!-- This site is optimized with the Yoast SEO plugin v27.3 - https:\/\/yoast.com\/product\/yoast-seo-wordpress\/ -->\n<title>Vase LED-Gl\u00fchbirne - Frost 13 cm | LED licht | - Pachia<\/title>\n<meta name=\"robots\" content=\"index, follow, max-snippet:-1, max-image-preview:large, max-video-preview:-1\" \/>\n<link rel=\"canonical\" href=\"https:\/\/pachia.eu\/de\/vase-led-gluehbirne-frost-13-cm\/\" \/>\n<meta property=\"og:locale\" content=\"de_DE\" \/>\n<meta property=\"og:type\" content=\"article\" \/>\n<meta property=\"og:title\" content=\"Vase LED-Gl\u00fchbirne - Frost 13 cm | LED licht | - Pachia\" \/>\n<meta property=\"og:description\" content=\"Sch\u00f6ne mattwei\u00dfe LED-Lampe in einer einzigartigen Form. Das milchig-wei\u00dfe Glas sorgt f\u00fcr eine perfekte Lichtverteilung, sodass Sie nicht geblendet oder zu viel Licht ausgesetzt sind. Die Gl\u00fchbirne hat eine gute Leistung von 6,5 Watt, was sie zum Beispiel gut f\u00fcr die Beleuchtung \u00fcber einem Schreibtisch, einer Ecke oder in der K\u00fcche macht. Sie k\u00f6nnen vorteilhafterweise [&hellip;]\" \/>\n<meta property=\"og:url\" content=\"https:\/\/pachia.eu\/de\/vase-led-gluehbirne-frost-13-cm\/\" \/>\n<meta property=\"og:site_name\" content=\"Pachia\" \/>\n<meta property=\"article:publisher\" content=\"https:\/\/www.facebook.com\/pachia.shop\" \/>\n<meta property=\"article:modified_time\" content=\"2025-03-27T10:12:09+00:00\" \/>\n<meta property=\"og:image\" content=\"https:\/\/pachia.eu\/wp-content\/uploads\/2022\/03\/hvid-facon-paere-e27-1024x1024.png\" \/>\n\t<meta property=\"og:image:width\" content=\"1024\" \/>\n\t<meta property=\"og:image:height\" content=\"1024\" \/>\n\t<meta property=\"og:image:type\" content=\"image\/png\" \/>\n<meta name=\"twitter:card\" content=\"summary_large_image\" \/>\n<script type=\"application\/ld+json\" class=\"yoast-schema-graph\">{\"@context\":\"https:\\\/\\\/schema.org\",\"@graph\":[{\"@type\":\"WebPage\",\"@id\":\"https:\\\/\\\/pachia.eu\\\/de\\\/vase-led-gluehbirne-frost-13-cm\\\/\",\"url\":\"https:\\\/\\\/pachia.eu\\\/de\\\/vase-led-gluehbirne-frost-13-cm\\\/\",\"name\":\"Vase LED-Gl\u00fchbirne - Frost 13 cm | LED licht | - Pachia\",\"isPartOf\":{\"@id\":\"https:\\\/\\\/pachia.eu\\\/de\\\/#website\"},\"primaryImageOfPage\":{\"@id\":\"https:\\\/\\\/pachia.eu\\\/de\\\/vase-led-gluehbirne-frost-13-cm\\\/#primaryimage\"},\"image\":{\"@id\":\"https:\\\/\\\/pachia.eu\\\/de\\\/vase-led-gluehbirne-frost-13-cm\\\/#primaryimage\"},\"thumbnailUrl\":\"https:\\\/\\\/pachia.eu\\\/wp-content\\\/uploads\\\/2022\\\/03\\\/hvid-facon-paere-e27.png\",\"datePublished\":\"2022-03-30T14:31:03+00:00\",\"dateModified\":\"2025-03-27T10:12:09+00:00\",\"breadcrumb\":{\"@id\":\"https:\\\/\\\/pachia.eu\\\/de\\\/vase-led-gluehbirne-frost-13-cm\\\/#breadcrumb\"},\"inLanguage\":\"de\",\"potentialAction\":[{\"@type\":\"ReadAction\",\"target\":[\"https:\\\/\\\/pachia.eu\\\/de\\\/vase-led-gluehbirne-frost-13-cm\\\/\"]}]},{\"@type\":\"ImageObject\",\"inLanguage\":\"de\",\"@id\":\"https:\\\/\\\/pachia.eu\\\/de\\\/vase-led-gluehbirne-frost-13-cm\\\/#primaryimage\",\"url\":\"https:\\\/\\\/pachia.eu\\\/wp-content\\\/uploads\\\/2022\\\/03\\\/hvid-facon-paere-e27.png\",\"contentUrl\":\"https:\\\/\\\/pachia.eu\\\/wp-content\\\/uploads\\\/2022\\\/03\\\/hvid-facon-paere-e27.png\",\"width\":2000,\"height\":2000},{\"@type\":\"BreadcrumbList\",\"@id\":\"https:\\\/\\\/pachia.eu\\\/de\\\/vase-led-gluehbirne-frost-13-cm\\\/#breadcrumb\",\"itemListElement\":[{\"@type\":\"ListItem\",\"position\":1,\"name\":\"Titelseite\",\"item\":\"https:\\\/\\\/pachia.eu\\\/de\\\/\"},{\"@type\":\"ListItem\",\"position\":2,\"name\":\"Shop\",\"item\":\"https:\\\/\\\/pachia.eu\\\/de\\\/shop-2\\\/\"},{\"@type\":\"ListItem\",\"position\":3,\"name\":\"Vase LED-Gl\u00fchbirne &#8211; Frost 13 cm\"}]},{\"@type\":\"WebSite\",\"@id\":\"https:\\\/\\\/pachia.eu\\\/de\\\/#website\",\"url\":\"https:\\\/\\\/pachia.eu\\\/de\\\/\",\"name\":\"Pachia\",\"description\":\"\",\"publisher\":{\"@id\":\"https:\\\/\\\/pachia.eu\\\/de\\\/#organization\"},\"potentialAction\":[{\"@type\":\"SearchAction\",\"target\":{\"@type\":\"EntryPoint\",\"urlTemplate\":\"https:\\\/\\\/pachia.eu\\\/de\\\/?s={search_term_string}\"},\"query-input\":{\"@type\":\"PropertyValueSpecification\",\"valueRequired\":true,\"valueName\":\"search_term_string\"}}],\"inLanguage\":\"de\"},{\"@type\":\"Organization\",\"@id\":\"https:\\\/\\\/pachia.eu\\\/de\\\/#organization\",\"name\":\"Pachia ApS\",\"url\":\"https:\\\/\\\/pachia.eu\\\/de\\\/\",\"logo\":{\"@type\":\"ImageObject\",\"inLanguage\":\"de\",\"@id\":\"https:\\\/\\\/pachia.eu\\\/de\\\/#\\\/schema\\\/logo\\\/image\\\/\",\"url\":\"https:\\\/\\\/jocaonline.dk\\\/wp-content\\\/uploads\\\/2020\\\/10\\\/decoration-logo-small.png\",\"contentUrl\":\"https:\\\/\\\/jocaonline.dk\\\/wp-content\\\/uploads\\\/2020\\\/10\\\/decoration-logo-small.png\",\"width\":301,\"height\":100,\"caption\":\"Pachia ApS\"},\"image\":{\"@id\":\"https:\\\/\\\/pachia.eu\\\/de\\\/#\\\/schema\\\/logo\\\/image\\\/\"},\"sameAs\":[\"https:\\\/\\\/www.facebook.com\\\/pachia.shop\",\"https:\\\/\\\/www.instagram.com\\\/pachia.eu\"]}]}<\/script>\n<!-- \/ Yoast SEO plugin. -->","yoast_head_json":{"title":"Vase LED-Gl\u00fchbirne - Frost 13 cm | LED licht | - Pachia","robots":{"index":"index","follow":"follow","max-snippet":"max-snippet:-1","max-image-preview":"max-image-preview:large","max-video-preview":"max-video-preview:-1"},"canonical":"https:\/\/pachia.eu\/de\/vase-led-gluehbirne-frost-13-cm\/","og_locale":"de_DE","og_type":"article","og_title":"Vase LED-Gl\u00fchbirne - Frost 13 cm | LED licht | - Pachia","og_description":"Sch\u00f6ne mattwei\u00dfe LED-Lampe in einer einzigartigen Form. Das milchig-wei\u00dfe Glas sorgt f\u00fcr eine perfekte Lichtverteilung, sodass Sie nicht geblendet oder zu viel Licht ausgesetzt sind. Die Gl\u00fchbirne hat eine gute Leistung von 6,5 Watt, was sie zum Beispiel gut f\u00fcr die Beleuchtung \u00fcber einem Schreibtisch, einer Ecke oder in der K\u00fcche macht. Sie k\u00f6nnen vorteilhafterweise [&hellip;]","og_url":"https:\/\/pachia.eu\/de\/vase-led-gluehbirne-frost-13-cm\/","og_site_name":"Pachia","article_publisher":"https:\/\/www.facebook.com\/pachia.shop","article_modified_time":"2025-03-27T10:12:09+00:00","og_image":[{"width":1024,"height":1024,"url":"https:\/\/pachia.eu\/wp-content\/uploads\/2022\/03\/hvid-facon-paere-e27-1024x1024.png","type":"image\/png"}],"twitter_card":"summary_large_image","schema":{"@context":"https:\/\/schema.org","@graph":[{"@type":"WebPage","@id":"https:\/\/pachia.eu\/de\/vase-led-gluehbirne-frost-13-cm\/","url":"https:\/\/pachia.eu\/de\/vase-led-gluehbirne-frost-13-cm\/","name":"Vase LED-Gl\u00fchbirne - Frost 13 cm | LED licht | - Pachia","isPartOf":{"@id":"https:\/\/pachia.eu\/de\/#website"},"primaryImageOfPage":{"@id":"https:\/\/pachia.eu\/de\/vase-led-gluehbirne-frost-13-cm\/#primaryimage"},"image":{"@id":"https:\/\/pachia.eu\/de\/vase-led-gluehbirne-frost-13-cm\/#primaryimage"},"thumbnailUrl":"https:\/\/pachia.eu\/wp-content\/uploads\/2022\/03\/hvid-facon-paere-e27.png","datePublished":"2022-03-30T14:31:03+00:00","dateModified":"2025-03-27T10:12:09+00:00","breadcrumb":{"@id":"https:\/\/pachia.eu\/de\/vase-led-gluehbirne-frost-13-cm\/#breadcrumb"},"inLanguage":"de","potentialAction":[{"@type":"ReadAction","target":["https:\/\/pachia.eu\/de\/vase-led-gluehbirne-frost-13-cm\/"]}]},{"@type":"ImageObject","inLanguage":"de","@id":"https:\/\/pachia.eu\/de\/vase-led-gluehbirne-frost-13-cm\/#primaryimage","url":"https:\/\/pachia.eu\/wp-content\/uploads\/2022\/03\/hvid-facon-paere-e27.png","contentUrl":"https:\/\/pachia.eu\/wp-content\/uploads\/2022\/03\/hvid-facon-paere-e27.png","width":2000,"height":2000},{"@type":"BreadcrumbList","@id":"https:\/\/pachia.eu\/de\/vase-led-gluehbirne-frost-13-cm\/#breadcrumb","itemListElement":[{"@type":"ListItem","position":1,"name":"Titelseite","item":"https:\/\/pachia.eu\/de\/"},{"@type":"ListItem","position":2,"name":"Shop","item":"https:\/\/pachia.eu\/de\/shop-2\/"},{"@type":"ListItem","position":3,"name":"Vase LED-Gl\u00fchbirne &#8211; Frost 13 cm"}]},{"@type":"WebSite","@id":"https:\/\/pachia.eu\/de\/#website","url":"https:\/\/pachia.eu\/de\/","name":"Pachia","description":"","publisher":{"@id":"https:\/\/pachia.eu\/de\/#organization"},"potentialAction":[{"@type":"SearchAction","target":{"@type":"EntryPoint","urlTemplate":"https:\/\/pachia.eu\/de\/?s={search_term_string}"},"query-input":{"@type":"PropertyValueSpecification","valueRequired":true,"valueName":"search_term_string"}}],"inLanguage":"de"},{"@type":"Organization","@id":"https:\/\/pachia.eu\/de\/#organization","name":"Pachia ApS","url":"https:\/\/pachia.eu\/de\/","logo":{"@type":"ImageObject","inLanguage":"de","@id":"https:\/\/pachia.eu\/de\/#\/schema\/logo\/image\/","url":"https:\/\/jocaonline.dk\/wp-content\/uploads\/2020\/10\/decoration-logo-small.png","contentUrl":"https:\/\/jocaonline.dk\/wp-content\/uploads\/2020\/10\/decoration-logo-small.png","width":301,"height":100,"caption":"Pachia ApS"},"image":{"@id":"https:\/\/pachia.eu\/de\/#\/schema\/logo\/image\/"},"sameAs":["https:\/\/www.facebook.com\/pachia.shop","https:\/\/www.instagram.com\/pachia.eu"]}]}},"_links":{"self":[{"href":"https:\/\/pachia.eu\/de\/wp-json\/wp\/v2\/product\/229080","targetHints":{"allow":["GET"]}}],"collection":[{"href":"https:\/\/pachia.eu\/de\/wp-json\/wp\/v2\/product"}],"about":[{"href":"https:\/\/pachia.eu\/de\/wp-json\/wp\/v2\/types\/product"}],"version-history":[{"count":0,"href":"https:\/\/pachia.eu\/de\/wp-json\/wp\/v2\/product\/229080\/revisions"}],"wp:featuredmedia":[{"embeddable":true,"href":"https:\/\/pachia.eu\/de\/wp-json\/wp\/v2\/media\/217524"}],"wp:attachment":[{"href":"https:\/\/pachia.eu\/de\/wp-json\/wp\/v2\/media?parent=229080"}],"wp:term":[{"taxonomy":"product_brand","embeddable":true,"href":"https:\/\/pachia.eu\/de\/wp-json\/wp\/v2\/product_brand?post=229080"},{"taxonomy":"product_cat","embeddable":true,"href":"https:\/\/pachia.eu\/de\/wp-json\/wp\/v2\/product_cat?post=229080"},{"taxonomy":"product_tag","embeddable":true,"href":"https:\/\/pachia.eu\/de\/wp-json\/wp\/v2\/product_tag?post=229080"},{"taxonomy":"mersalg-tag","embeddable":true,"href":"https:\/\/pachia.eu\/de\/wp-json\/wp\/v2\/mersalg-tag?post=229080"}],"curies":[{"name":"wp","href":"https:\/\/api.w.org\/{rel}","templated":true}]}}